{"id":12275,"date":"2026-04-21T22:47:29","date_gmt":"2026-04-22T01:47:29","guid":{"rendered":"https:\/\/floripaquilt.com.br\/2026\/?post_type=product&#038;p=12275"},"modified":"2026-04-21T22:47:29","modified_gmt":"2026-04-22T01:47:29","slug":"25-04-workshop-de-cabelos-de-boneca-atelier-coracao-de-pano-turma-tarde","status":"publish","type":"product","link":"https:\/\/floripaquilt.com.br\/2026\/produto\/25-04-workshop-de-cabelos-de-boneca-atelier-coracao-de-pano-turma-tarde\/","title":{"rendered":"25\/04 &#8211; WORKSHOP DE CABELOS DE BONECA (ATELIER CORA\u00c7\u00c3O DE PANO) &#8211; TURMA TARDE"},"content":{"rendered":"<p><strong>R$ 180,00<\/strong><\/p>\n<p><strong>Por:<\/strong> <strong>Atelier Cora\u00e7\u00e3o de Pano, S\u00e3o Paulo\/Brasil.<\/strong><\/p>\n<p><strong>Data:\u202f<\/strong>25 de abril \u2013 s\u00e1bado<\/p>\n<p><strong>Carga hor\u00e1ria<\/strong>: 14 h \u00e0s 17h \u2013 3h\/a<\/p>\n<p><strong>Descritivo:<\/strong> Que tal mergulhar no universo encantador das bonecas de pano e aprender a criar cabelos cheios de estilo e personalidade? \ud83e\uddf5\ud83d\udc9b<\/p>\n<p>Neste workshop especial, voc\u00ea vai confeccionar 2 bonecas lindas, escolhidas entre os modelos propostos, e explorar diferentes t\u00e9cnicas para criar penteados variados e criativos.<\/p>\n<p>\ud83c\udf80 Durante a aula, voc\u00ea ir\u00e1 desenvolver 2 tipos de cabelinhos, podendo escolher entre 4 modelos dispon\u00edveis, experimentando diferentes estilos e acabamentos.<\/p>\n<p>\ud83e\uddf6 Material incluso:<\/p>\n<p>Voc\u00ea receber\u00e1 o material para confeccionar 2 bonecas (corpos) e 2 tipos de cabelinhos, conforme suas escolhas entre os modelos dispon\u00edveis.<\/p>\n<p>\ud83d\udc9d B\u00f4nus especial:<\/p>\n<p>Voc\u00ea sai do workshop com 2 bonecas prontas, feitas por voc\u00ea, cheias de charme e personalidade!<\/p>\n<p>\ud83d\udc96 Realiza\u00e7\u00e3o: Atelier Cora\u00e7\u00e3o de Pano<\/p>\n<p>Uma experi\u00eancia pr\u00e1tica, criativa e inspiradora para quem ama bonecas e arte t\u00eaxtil!<\/p>\n<p><strong>Pr\u00e9-requisitos<\/strong>: Gostar de costurar e do fazer \u00e0 m\u00e3o.<\/p>\n<p><strong>Material necess\u00e1rio: <\/strong>Enchedor de boneca, agulha de boneca, tesoura e agulha de m\u00e3o.<\/p>\n<p><strong>Observa\u00e7\u00f5es:\u00a0<\/strong><\/p>\n<p>O\u00a0material solicitado \u00e9 imprescind\u00edvel para participa\u00e7\u00e3o no curso\/oficina.<\/p>\n<p>Atente-se para n\u00e3o comprar cursos\/oficinas no mesmo dia e hor\u00e1rio.<\/p>\n<p>Ap\u00f3s o pagamento, a sua matr\u00edcula \u00e9 automaticamente confirmada no curso\/oficina escolhido, portanto\u00a0<strong>n\u00e3o h\u00e1 possibilidade de reembolso dos valores.<\/strong><\/p>\n<p>Em caso de desist\u00eancia, sua inscri\u00e7\u00e3o poder\u00e1 ser transferida para outra pessoa por indica\u00e7\u00e3o enviando os dados da compra e da pessoa que vir\u00e1 no seu lugar para o email: <a href=\"mailto:fqcursos@gmail.com\">fqcursos@gmail.com<\/a><\/p>\n","protected":false},"excerpt":{"rendered":"<p><strong>R$ 180,00<\/strong><\/p>\n<p><strong>Por:<\/strong> <strong>Atelier Cora\u00e7\u00e3o de Pano, S\u00e3o Paulo\/Brasil.<\/strong><\/p>\n<p><strong>Data:\u202f<\/strong>25 de abril \u2013 s\u00e1bado<\/p>\n<p><strong>Carga hor\u00e1ria<\/strong>: 14 h \u00e0s 17h \u2013 3h\/a<\/p>\n<p><strong>Descritivo:<\/strong> Que tal mergulhar no universo encantador das bonecas de pano e aprender a criar cabelos cheios de estilo e personalidade? \ud83e\uddf5\ud83d\udc9b<\/p>\n<p>Neste workshop especial, voc\u00ea vai confeccionar 2 bonecas lindas, escolhidas entre os modelos propostos, e explorar diferentes t\u00e9cnicas para criar penteados variados e criativos.<\/p>\n<p>\ud83c\udf80 Durante a aula, voc\u00ea ir\u00e1 desenvolver 2 tipos de cabelinhos, podendo escolher entre 4 modelos dispon\u00edveis, experimentando diferentes estilos e acabamentos.<\/p>\n<p>\ud83e\uddf6 Material incluso:<\/p>\n<p>Voc\u00ea receber\u00e1 o material para confeccionar 2 bonecas (corpos) e 2 tipos de cabelinhos, conforme suas escolhas entre os modelos dispon\u00edveis.<\/p>\n<p>\ud83d\udc9d B\u00f4nus especial:<\/p>\n<p>Voc\u00ea sai do workshop com 2 bonecas prontas, feitas por voc\u00ea, cheias de charme e personalidade!<\/p>\n<p>\ud83d\udc96 Realiza\u00e7\u00e3o: Atelier Cora\u00e7\u00e3o de Pano<\/p>\n<p>Uma experi\u00eancia pr\u00e1tica, criativa e inspiradora para quem ama bonecas e arte t\u00eaxtil!<\/p>\n<p><strong>Pr\u00e9-requisitos<\/strong>: Gostar de costurar e do fazer \u00e0 m\u00e3o.<\/p>\n<p><strong>Material necess\u00e1rio: <\/strong>Enchedor de boneca, agulha de boneca, tesoura e agulha de m\u00e3o.<\/p>\n<p><strong>Observa\u00e7\u00f5es:\u00a0<\/strong><\/p>\n<p>O\u00a0material solicitado \u00e9 imprescind\u00edvel para participa\u00e7\u00e3o no curso\/oficina.<\/p>\n<p>Atente-se para n\u00e3o comprar cursos\/oficinas no mesmo dia e hor\u00e1rio.<\/p>\n<p>Ap\u00f3s o pagamento, a sua matr\u00edcula \u00e9 automaticamente confirmada no curso\/oficina escolhido, portanto\u00a0<strong>n\u00e3o h\u00e1 possibilidade de reembolso dos valores.<\/strong><\/p>\n<p>Em caso de desist\u00eancia, sua inscri\u00e7\u00e3o poder\u00e1 ser transferida para outra pessoa por indica\u00e7\u00e3o enviando os dados da compra e da pessoa que vir\u00e1 no seu lugar para o email: <a href=\"mailto:fqcursos@gmail.com\">fqcursos@gmail.com<\/a><\/p>\n","protected":false},"featured_media":12199,"comment_status":"closed","ping_status":"closed","template":"","meta":{"_monsterinsights_skip_tracking":false,"_monsterinsights_sitenote_active":false,"_monsterinsights_sitenote_note":"","_monsterinsights_sitenote_category":0,"_uf_show_specific_survey":0,"_uf_disable_surveys":false},"product_brand":[],"product_cat":[191],"product_tag":[],"class_list":{"0":"post-12275","1":"product","2":"type-product","3":"status-publish","4":"has-post-thumbnail","6":"product_cat-cursos-oficinas-2026","8":"first","9":"instock","10":"shipping-taxable","11":"purchasable","12":"product-type-simple"},"acf":[],"yoast_head":"<!-- This site is optimized with the Yoast SEO plugin v27.4 - https:\/\/yoast.com\/product\/yoast-seo-wordpress\/ -->\n<title>25\/04 - WORKSHOP DE CABELOS DE BONECA (ATELIER CORA\u00c7\u00c3O DE PANO) - TURMA TARDE - Floripa Quilt<\/title>\n<meta name=\"robots\" content=\"index, follow, max-snippet:-1, max-image-preview:large, max-video-preview:-1\" \/>\n<link rel=\"canonical\" href=\"https:\/\/floripaquilt.com.br\/2026\/produto\/25-04-workshop-de-cabelos-de-boneca-atelier-coracao-de-pano-turma-tarde\/\" \/>\n<meta property=\"og:locale\" content=\"pt_BR\" \/>\n<meta property=\"og:type\" content=\"article\" \/>\n<meta property=\"og:title\" content=\"25\/04 - WORKSHOP DE CABELOS DE BONECA (ATELIER CORA\u00c7\u00c3O DE PANO) - TURMA TARDE - Floripa Quilt\" \/>\n<meta property=\"og:description\" content=\"R$ 180,00  Por: Atelier Cora\u00e7\u00e3o de Pano, S\u00e3o Paulo\/Brasil.  Data:\u202f25 de abril \u2013 s\u00e1bado  Carga hor\u00e1ria: 14 h \u00e0s 17h \u2013 3h\/a  Descritivo: Que tal mergulhar no universo encantador das bonecas de pano e aprender a criar cabelos cheios de estilo e personalidade? \ud83e\uddf5\ud83d\udc9b  Neste workshop especial, voc\u00ea vai confeccionar 2 bonecas lindas, escolhidas entre os modelos propostos, e explorar diferentes t\u00e9cnicas para criar penteados variados e criativos.  \ud83c\udf80 Durante a aula, voc\u00ea ir\u00e1 desenvolver 2 tipos de cabelinhos, podendo escolher entre 4 modelos dispon\u00edveis, experimentando diferentes estilos e acabamentos.  \ud83e\uddf6 Material incluso:  Voc\u00ea receber\u00e1 o material para confeccionar 2 bonecas (corpos) e 2 tipos de cabelinhos, conforme suas escolhas entre os modelos dispon\u00edveis.  \ud83d\udc9d B\u00f4nus especial:  Voc\u00ea sai do workshop com 2 bonecas prontas, feitas por voc\u00ea, cheias de charme e personalidade!  \ud83d\udc96 Realiza\u00e7\u00e3o: Atelier Cora\u00e7\u00e3o de Pano  Uma experi\u00eancia pr\u00e1tica, criativa e inspiradora para quem ama bonecas e arte t\u00eaxtil!  Pr\u00e9-requisitos: Gostar de costurar e do fazer \u00e0 m\u00e3o.  Material necess\u00e1rio: Enchedor de boneca, agulha de boneca, tesoura e agulha de m\u00e3o.  Observa\u00e7\u00f5es:\u00a0  O\u00a0material solicitado \u00e9 imprescind\u00edvel para participa\u00e7\u00e3o no curso\/oficina.  Atente-se para n\u00e3o comprar cursos\/oficinas no mesmo dia e hor\u00e1rio.  Ap\u00f3s o pagamento, a sua matr\u00edcula \u00e9 automaticamente confirmada no curso\/oficina escolhido, portanto\u00a0n\u00e3o h\u00e1 possibilidade de reembolso dos valores.  Em caso de desist\u00eancia, sua inscri\u00e7\u00e3o poder\u00e1 ser transferida para outra pessoa por indica\u00e7\u00e3o enviando os dados da compra e da pessoa que vir\u00e1 no seu lugar para o email: fqcursos@gmail.com\" \/>\n<meta property=\"og:url\" content=\"https:\/\/floripaquilt.com.br\/2026\/produto\/25-04-workshop-de-cabelos-de-boneca-atelier-coracao-de-pano-turma-tarde\/\" \/>\n<meta property=\"og:site_name\" content=\"Floripa Quilt\" \/>\n<meta property=\"og:image\" content=\"https:\/\/floripaquilt.com.br\/2026\/wp-content\/uploads\/2026\/04\/WhatsApp-Image-2026-04-15-at-15.00.02.jpeg\" \/>\n\t<meta property=\"og:image:width\" content=\"1200\" \/>\n\t<meta property=\"og:image:height\" content=\"1600\" \/>\n\t<meta property=\"og:image:type\" content=\"image\/jpeg\" \/>\n<meta name=\"twitter:card\" content=\"summary_large_image\" \/>\n<meta name=\"twitter:label1\" content=\"Est. tempo de leitura\" \/>\n\t<meta name=\"twitter:data1\" content=\"2 minutos\" \/>\n<script type=\"application\/ld+json\" class=\"yoast-schema-graph\">{\"@context\":\"https:\\\/\\\/schema.org\",\"@graph\":[{\"@type\":\"WebPage\",\"@id\":\"https:\\\/\\\/floripaquilt.com.br\\\/2026\\\/produto\\\/25-04-workshop-de-cabelos-de-boneca-atelier-coracao-de-pano-turma-tarde\\\/\",\"url\":\"https:\\\/\\\/floripaquilt.com.br\\\/2026\\\/produto\\\/25-04-workshop-de-cabelos-de-boneca-atelier-coracao-de-pano-turma-tarde\\\/\",\"name\":\"25\\\/04 - WORKSHOP DE CABELOS DE BONECA (ATELIER CORA\u00c7\u00c3O DE PANO) - TURMA TARDE - Floripa Quilt\",\"isPartOf\":{\"@id\":\"https:\\\/\\\/floripaquilt.com.br\\\/2026\\\/#website\"},\"primaryImageOfPage\":{\"@id\":\"https:\\\/\\\/floripaquilt.com.br\\\/2026\\\/produto\\\/25-04-workshop-de-cabelos-de-boneca-atelier-coracao-de-pano-turma-tarde\\\/#primaryimage\"},\"image\":{\"@id\":\"https:\\\/\\\/floripaquilt.com.br\\\/2026\\\/produto\\\/25-04-workshop-de-cabelos-de-boneca-atelier-coracao-de-pano-turma-tarde\\\/#primaryimage\"},\"thumbnailUrl\":\"https:\\\/\\\/floripaquilt.com.br\\\/2026\\\/wp-content\\\/uploads\\\/2026\\\/04\\\/WhatsApp-Image-2026-04-15-at-15.00.02.jpeg\",\"datePublished\":\"2026-04-22T01:47:29+00:00\",\"breadcrumb\":{\"@id\":\"https:\\\/\\\/floripaquilt.com.br\\\/2026\\\/produto\\\/25-04-workshop-de-cabelos-de-boneca-atelier-coracao-de-pano-turma-tarde\\\/#breadcrumb\"},\"inLanguage\":\"pt-BR\",\"potentialAction\":[{\"@type\":\"ReadAction\",\"target\":[\"https:\\\/\\\/floripaquilt.com.br\\\/2026\\\/produto\\\/25-04-workshop-de-cabelos-de-boneca-atelier-coracao-de-pano-turma-tarde\\\/\"]}]},{\"@type\":\"ImageObject\",\"inLanguage\":\"pt-BR\",\"@id\":\"https:\\\/\\\/floripaquilt.com.br\\\/2026\\\/produto\\\/25-04-workshop-de-cabelos-de-boneca-atelier-coracao-de-pano-turma-tarde\\\/#primaryimage\",\"url\":\"https:\\\/\\\/floripaquilt.com.br\\\/2026\\\/wp-content\\\/uploads\\\/2026\\\/04\\\/WhatsApp-Image-2026-04-15-at-15.00.02.jpeg\",\"contentUrl\":\"https:\\\/\\\/floripaquilt.com.br\\\/2026\\\/wp-content\\\/uploads\\\/2026\\\/04\\\/WhatsApp-Image-2026-04-15-at-15.00.02.jpeg\",\"width\":1200,\"height\":1600},{\"@type\":\"BreadcrumbList\",\"@id\":\"https:\\\/\\\/floripaquilt.com.br\\\/2026\\\/produto\\\/25-04-workshop-de-cabelos-de-boneca-atelier-coracao-de-pano-turma-tarde\\\/#breadcrumb\",\"itemListElement\":[{\"@type\":\"ListItem\",\"position\":1,\"name\":\"In\u00edcio\",\"item\":\"https:\\\/\\\/floripaquilt.com.br\\\/2026\\\/\"},{\"@type\":\"ListItem\",\"position\":2,\"name\":\"25\\\/04 &#8211; WORKSHOP DE CABELOS DE BONECA (ATELIER CORA\u00c7\u00c3O DE PANO) &#8211; TURMA TARDE\"}]},{\"@type\":\"WebSite\",\"@id\":\"https:\\\/\\\/floripaquilt.com.br\\\/2026\\\/#website\",\"url\":\"https:\\\/\\\/floripaquilt.com.br\\\/2026\\\/\",\"name\":\"Floripa Quilt\",\"description\":\"Floripa Quilt 2026 - 13\u00ba Festival de Patchwork, Arte T\u00eaxtil &amp; Boneca de Pano\",\"publisher\":{\"@id\":\"https:\\\/\\\/floripaquilt.com.br\\\/2026\\\/#organization\"},\"potentialAction\":[{\"@type\":\"SearchAction\",\"target\":{\"@type\":\"EntryPoint\",\"urlTemplate\":\"https:\\\/\\\/floripaquilt.com.br\\\/2026\\\/?s={search_term_string}\"},\"query-input\":{\"@type\":\"PropertyValueSpecification\",\"valueRequired\":true,\"valueName\":\"search_term_string\"}}],\"inLanguage\":\"pt-BR\"},{\"@type\":\"Organization\",\"@id\":\"https:\\\/\\\/floripaquilt.com.br\\\/2026\\\/#organization\",\"name\":\"Floripa Quilt\",\"url\":\"https:\\\/\\\/floripaquilt.com.br\\\/2026\\\/\",\"logo\":{\"@type\":\"ImageObject\",\"inLanguage\":\"pt-BR\",\"@id\":\"https:\\\/\\\/floripaquilt.com.br\\\/2026\\\/#\\\/schema\\\/logo\\\/image\\\/\",\"url\":\"https:\\\/\\\/floripaquilt.com.br\\\/2026\\\/wp-content\\\/uploads\\\/2025\\\/08\\\/Sem-titulo-2-scaled.jpg\",\"contentUrl\":\"https:\\\/\\\/floripaquilt.com.br\\\/2026\\\/wp-content\\\/uploads\\\/2025\\\/08\\\/Sem-titulo-2-scaled.jpg\",\"width\":2560,\"height\":369,\"caption\":\"Floripa Quilt\"},\"image\":{\"@id\":\"https:\\\/\\\/floripaquilt.com.br\\\/2026\\\/#\\\/schema\\\/logo\\\/image\\\/\"}}]}<\/script>\n<!-- \/ Yoast SEO plugin. -->","yoast_head_json":{"title":"25\/04 - WORKSHOP DE CABELOS DE BONECA (ATELIER CORA\u00c7\u00c3O DE PANO) - TURMA TARDE - Floripa Quilt","robots":{"index":"index","follow":"follow","max-snippet":"max-snippet:-1","max-image-preview":"max-image-preview:large","max-video-preview":"max-video-preview:-1"},"canonical":"https:\/\/floripaquilt.com.br\/2026\/produto\/25-04-workshop-de-cabelos-de-boneca-atelier-coracao-de-pano-turma-tarde\/","og_locale":"pt_BR","og_type":"article","og_title":"25\/04 - WORKSHOP DE CABELOS DE BONECA (ATELIER CORA\u00c7\u00c3O DE PANO) - TURMA TARDE - Floripa Quilt","og_description":"R$ 180,00  Por: Atelier Cora\u00e7\u00e3o de Pano, S\u00e3o Paulo\/Brasil.  Data:\u202f25 de abril \u2013 s\u00e1bado  Carga hor\u00e1ria: 14 h \u00e0s 17h \u2013 3h\/a  Descritivo: Que tal mergulhar no universo encantador das bonecas de pano e aprender a criar cabelos cheios de estilo e personalidade? \ud83e\uddf5\ud83d\udc9b  Neste workshop especial, voc\u00ea vai confeccionar 2 bonecas lindas, escolhidas entre os modelos propostos, e explorar diferentes t\u00e9cnicas para criar penteados variados e criativos.  \ud83c\udf80 Durante a aula, voc\u00ea ir\u00e1 desenvolver 2 tipos de cabelinhos, podendo escolher entre 4 modelos dispon\u00edveis, experimentando diferentes estilos e acabamentos.  \ud83e\uddf6 Material incluso:  Voc\u00ea receber\u00e1 o material para confeccionar 2 bonecas (corpos) e 2 tipos de cabelinhos, conforme suas escolhas entre os modelos dispon\u00edveis.  \ud83d\udc9d B\u00f4nus especial:  Voc\u00ea sai do workshop com 2 bonecas prontas, feitas por voc\u00ea, cheias de charme e personalidade!  \ud83d\udc96 Realiza\u00e7\u00e3o: Atelier Cora\u00e7\u00e3o de Pano  Uma experi\u00eancia pr\u00e1tica, criativa e inspiradora para quem ama bonecas e arte t\u00eaxtil!  Pr\u00e9-requisitos: Gostar de costurar e do fazer \u00e0 m\u00e3o.  Material necess\u00e1rio: Enchedor de boneca, agulha de boneca, tesoura e agulha de m\u00e3o.  Observa\u00e7\u00f5es:\u00a0  O\u00a0material solicitado \u00e9 imprescind\u00edvel para participa\u00e7\u00e3o no curso\/oficina.  Atente-se para n\u00e3o comprar cursos\/oficinas no mesmo dia e hor\u00e1rio.  Ap\u00f3s o pagamento, a sua matr\u00edcula \u00e9 automaticamente confirmada no curso\/oficina escolhido, portanto\u00a0n\u00e3o h\u00e1 possibilidade de reembolso dos valores.  Em caso de desist\u00eancia, sua inscri\u00e7\u00e3o poder\u00e1 ser transferida para outra pessoa por indica\u00e7\u00e3o enviando os dados da compra e da pessoa que vir\u00e1 no seu lugar para o email: fqcursos@gmail.com","og_url":"https:\/\/floripaquilt.com.br\/2026\/produto\/25-04-workshop-de-cabelos-de-boneca-atelier-coracao-de-pano-turma-tarde\/","og_site_name":"Floripa Quilt","og_image":[{"width":1200,"height":1600,"url":"https:\/\/floripaquilt.com.br\/2026\/wp-content\/uploads\/2026\/04\/WhatsApp-Image-2026-04-15-at-15.00.02.jpeg","type":"image\/jpeg"}],"twitter_card":"summary_large_image","twitter_misc":{"Est. tempo de leitura":"2 minutos"},"schema":{"@context":"https:\/\/schema.org","@graph":[{"@type":"WebPage","@id":"https:\/\/floripaquilt.com.br\/2026\/produto\/25-04-workshop-de-cabelos-de-boneca-atelier-coracao-de-pano-turma-tarde\/","url":"https:\/\/floripaquilt.com.br\/2026\/produto\/25-04-workshop-de-cabelos-de-boneca-atelier-coracao-de-pano-turma-tarde\/","name":"25\/04 - WORKSHOP DE CABELOS DE BONECA (ATELIER CORA\u00c7\u00c3O DE PANO) - TURMA TARDE - Floripa Quilt","isPartOf":{"@id":"https:\/\/floripaquilt.com.br\/2026\/#website"},"primaryImageOfPage":{"@id":"https:\/\/floripaquilt.com.br\/2026\/produto\/25-04-workshop-de-cabelos-de-boneca-atelier-coracao-de-pano-turma-tarde\/#primaryimage"},"image":{"@id":"https:\/\/floripaquilt.com.br\/2026\/produto\/25-04-workshop-de-cabelos-de-boneca-atelier-coracao-de-pano-turma-tarde\/#primaryimage"},"thumbnailUrl":"https:\/\/floripaquilt.com.br\/2026\/wp-content\/uploads\/2026\/04\/WhatsApp-Image-2026-04-15-at-15.00.02.jpeg","datePublished":"2026-04-22T01:47:29+00:00","breadcrumb":{"@id":"https:\/\/floripaquilt.com.br\/2026\/produto\/25-04-workshop-de-cabelos-de-boneca-atelier-coracao-de-pano-turma-tarde\/#breadcrumb"},"inLanguage":"pt-BR","potentialAction":[{"@type":"ReadAction","target":["https:\/\/floripaquilt.com.br\/2026\/produto\/25-04-workshop-de-cabelos-de-boneca-atelier-coracao-de-pano-turma-tarde\/"]}]},{"@type":"ImageObject","inLanguage":"pt-BR","@id":"https:\/\/floripaquilt.com.br\/2026\/produto\/25-04-workshop-de-cabelos-de-boneca-atelier-coracao-de-pano-turma-tarde\/#primaryimage","url":"https:\/\/floripaquilt.com.br\/2026\/wp-content\/uploads\/2026\/04\/WhatsApp-Image-2026-04-15-at-15.00.02.jpeg","contentUrl":"https:\/\/floripaquilt.com.br\/2026\/wp-content\/uploads\/2026\/04\/WhatsApp-Image-2026-04-15-at-15.00.02.jpeg","width":1200,"height":1600},{"@type":"BreadcrumbList","@id":"https:\/\/floripaquilt.com.br\/2026\/produto\/25-04-workshop-de-cabelos-de-boneca-atelier-coracao-de-pano-turma-tarde\/#breadcrumb","itemListElement":[{"@type":"ListItem","position":1,"name":"In\u00edcio","item":"https:\/\/floripaquilt.com.br\/2026\/"},{"@type":"ListItem","position":2,"name":"25\/04 &#8211; WORKSHOP DE CABELOS DE BONECA (ATELIER CORA\u00c7\u00c3O DE PANO) &#8211; TURMA TARDE"}]},{"@type":"WebSite","@id":"https:\/\/floripaquilt.com.br\/2026\/#website","url":"https:\/\/floripaquilt.com.br\/2026\/","name":"Floripa Quilt","description":"Floripa Quilt 2026 - 13\u00ba Festival de Patchwork, Arte T\u00eaxtil &amp; Boneca de Pano","publisher":{"@id":"https:\/\/floripaquilt.com.br\/2026\/#organization"},"potentialAction":[{"@type":"SearchAction","target":{"@type":"EntryPoint","urlTemplate":"https:\/\/floripaquilt.com.br\/2026\/?s={search_term_string}"},"query-input":{"@type":"PropertyValueSpecification","valueRequired":true,"valueName":"search_term_string"}}],"inLanguage":"pt-BR"},{"@type":"Organization","@id":"https:\/\/floripaquilt.com.br\/2026\/#organization","name":"Floripa Quilt","url":"https:\/\/floripaquilt.com.br\/2026\/","logo":{"@type":"ImageObject","inLanguage":"pt-BR","@id":"https:\/\/floripaquilt.com.br\/2026\/#\/schema\/logo\/image\/","url":"https:\/\/floripaquilt.com.br\/2026\/wp-content\/uploads\/2025\/08\/Sem-titulo-2-scaled.jpg","contentUrl":"https:\/\/floripaquilt.com.br\/2026\/wp-content\/uploads\/2025\/08\/Sem-titulo-2-scaled.jpg","width":2560,"height":369,"caption":"Floripa Quilt"},"image":{"@id":"https:\/\/floripaquilt.com.br\/2026\/#\/schema\/logo\/image\/"}}]}},"jetpack_sharing_enabled":true,"_links":{"self":[{"href":"https:\/\/floripaquilt.com.br\/2026\/wp-json\/wp\/v2\/product\/12275","targetHints":{"allow":["GET"]}}],"collection":[{"href":"https:\/\/floripaquilt.com.br\/2026\/wp-json\/wp\/v2\/product"}],"about":[{"href":"https:\/\/floripaquilt.com.br\/2026\/wp-json\/wp\/v2\/types\/product"}],"replies":[{"embeddable":true,"href":"https:\/\/floripaquilt.com.br\/2026\/wp-json\/wp\/v2\/comments?post=12275"}],"wp:featuredmedia":[{"embeddable":true,"href":"https:\/\/floripaquilt.com.br\/2026\/wp-json\/wp\/v2\/media\/12199"}],"wp:attachment":[{"href":"https:\/\/floripaquilt.com.br\/2026\/wp-json\/wp\/v2\/media?parent=12275"}],"wp:term":[{"taxonomy":"product_brand","embeddable":true,"href":"https:\/\/floripaquilt.com.br\/2026\/wp-json\/wp\/v2\/product_brand?post=12275"},{"taxonomy":"product_cat","embeddable":true,"href":"https:\/\/floripaquilt.com.br\/2026\/wp-json\/wp\/v2\/product_cat?post=12275"},{"taxonomy":"product_tag","embeddable":true,"href":"https:\/\/floripaquilt.com.br\/2026\/wp-json\/wp\/v2\/product_tag?post=12275"}],"curies":[{"name":"wp","href":"https:\/\/api.w.org\/{rel}","templated":true}]}}