{"id":12058,"date":"2026-04-08T15:08:54","date_gmt":"2026-04-08T18:08:54","guid":{"rendered":"https:\/\/floripaquilt.com.br\/2026\/?post_type=product&#038;p=12058"},"modified":"2026-04-22T21:46:48","modified_gmt":"2026-04-23T00:46:48","slug":"23-04-jantar-de-confraternizacao","status":"publish","type":"product","link":"https:\/\/floripaquilt.com.br\/2026\/produto\/23-04-jantar-de-confraternizacao\/","title":{"rendered":"23\/04 &#8211; JANTAR DE CONFRATERNIZA\u00c7\u00c3O"},"content":{"rendered":"<p><strong>R$ 149,00<\/strong><\/p>\n<p>Data: 23 de abril &#8211; quinta-feira<\/p>\n<p>Hor\u00e1rio: 19 horas<\/p>\n<p>O Floripa Quilt promove um encontro especial para celebrar a arte t\u00eaxtil e as manualidades!<\/p>\n<p>Ser\u00e1 uma noite pensada com carinho para reunir quem ama o fazer manual em um clima leve e descontra\u00eddo: um momento para confraternizar, fortalecer amizades, dar boas risadas e aproveitar a companhia de pessoas que compartilham essa mesma paix\u00e3o.<br \/>\nUm encontro criado para reunir apaixonados e apaixonadas em um ambiente acolhedor, agrad\u00e1vel e cheio de boas energias.<\/p>\n<p>E para tornar essa experi\u00eancia ainda mais especial, teremos um delicioso jantar de confraterniza\u00e7\u00e3o, preparado com todo o cuidado \ud83c\udf77\u2728<\/p>\n<p>\ud83d\udcac Venha viver essa noite especial, relaxar, conversar e simplesmente aproveitar bons momentos em \u00f3tima companhia.<\/p>\n<p>&nbsp;<\/p>\n<p>Card\u00e1pio do Jantar<\/p>\n<p>\ud83c\udf7d\ufe0f Entradas<br \/>\n\u2022 Bolinho de peixe<br \/>\n\u2022 Mini past\u00e9is de camar\u00e3o<br \/>\n\u2022 Aipim frito<br \/>\n\u2022 Antepasto de salm\u00e3o e berinjela<\/p>\n<p>\ud83e\udd57 Acompanhamentos<br \/>\n\u2022 Saladas<br \/>\n\u2022 Arroz<br \/>\n\u2022 Arroz \u00e0 grega<br \/>\n\u2022 Batata ao forno com alecrim<br \/>\n\u2022 Pir\u00e3o com molho de camar\u00e3o<br \/>\n\u2022 Farofa de dend\u00ea<\/p>\n<p>\ud83c\udf64 Pratos Principais<br \/>\n\u2022 Fil\u00e9 de peixe espada ao molho de camar\u00e3o<br \/>\n\u2022 Risoto de frutos do mar<br \/>\n\u2022 Alcatra \u00e0 parmegiana<\/p>\n<p>\ud83c\udf70 Sobremesas<br \/>\n\u2022 Mousse de maracuj\u00e1<br \/>\n\u2022 Gelado de abacaxi<\/p>\n<p>\ud83e\udd64 Bebidas<br \/>\n\u2022 N\u00e3o inclusas<\/p>\n<p>&nbsp;<\/p>\n<p>\u2728 Um momento especial para celebrar, relaxar e aproveitar uma noite deliciosa em boa companhia!<\/p>\n<p>&nbsp;<\/p>\n","protected":false},"excerpt":{"rendered":"<p><strong>R$ 149,00<\/strong><\/p>\n<p>Data: 23 de abril &#8211; quinta-feira<\/p>\n<p>Hor\u00e1rio: 19 horas<\/p>\n<p>O Floripa Quilt promove um encontro especial para celebrar a arte t\u00eaxtil e as manualidades!<\/p>\n<p>Ser\u00e1 uma noite pensada com carinho para reunir quem ama o fazer manual em um clima leve e descontra\u00eddo: um momento para confraternizar, fortalecer amizades, dar boas risadas e aproveitar a companhia de pessoas que compartilham essa mesma paix\u00e3o.<br \/>\nUm encontro criado para reunir apaixonados e apaixonadas em um ambiente acolhedor, agrad\u00e1vel e cheio de boas energias.<\/p>\n<p>E para tornar essa experi\u00eancia ainda mais especial, teremos um delicioso jantar de confraterniza\u00e7\u00e3o, preparado com todo o cuidado \ud83c\udf77\u2728<\/p>\n<p>\ud83d\udcac Venha viver essa noite especial, relaxar, conversar e simplesmente aproveitar bons momentos em \u00f3tima companhia.<\/p>\n<p>&nbsp;<\/p>\n<p>Card\u00e1pio do Jantar<\/p>\n<p>\ud83c\udf7d\ufe0f Entradas<br \/>\n\u2022 Bolinho de peixe<br \/>\n\u2022 Mini past\u00e9is de camar\u00e3o<br \/>\n\u2022 Aipim frito<br \/>\n\u2022 Antepasto de salm\u00e3o e berinjela<\/p>\n<p>\ud83e\udd57 Acompanhamentos<br \/>\n\u2022 Saladas<br \/>\n\u2022 Arroz<br \/>\n\u2022 Arroz \u00e0 grega<br \/>\n\u2022 Batata ao forno com alecrim<br \/>\n\u2022 Pir\u00e3o com molho de camar\u00e3o<br \/>\n\u2022 Farofa de dend\u00ea<\/p>\n<p>\ud83c\udf64 Pratos Principais<br \/>\n\u2022 Fil\u00e9 de peixe espada ao molho de camar\u00e3o<br \/>\n\u2022 Risoto de frutos do mar<br \/>\n\u2022 Alcatra \u00e0 parmegiana<\/p>\n<p>\ud83c\udf70 Sobremesas<br \/>\n\u2022 Mousse de maracuj\u00e1<br \/>\n\u2022 Gelado de abacaxi<\/p>\n<p>\ud83e\udd64 Bebidas<br \/>\n\u2022 N\u00e3o inclusas<\/p>\n<p>&nbsp;<\/p>\n<p>\u2728 Um momento especial para celebrar, relaxar e aproveitar uma noite deliciosa em boa companhia!<\/p>\n","protected":false},"featured_media":12059,"comment_status":"closed","ping_status":"closed","template":"","meta":{"_monsterinsights_skip_tracking":false,"_monsterinsights_sitenote_active":false,"_monsterinsights_sitenote_note":"","_monsterinsights_sitenote_category":0,"_uf_show_specific_survey":0,"_uf_disable_surveys":false},"product_brand":[],"product_cat":[161],"product_tag":[],"class_list":{"0":"post-12058","1":"product","2":"type-product","3":"status-publish","4":"has-post-thumbnail","6":"product_cat-lojinha","8":"first","9":"instock","10":"shipping-taxable","11":"purchasable","12":"product-type-simple"},"acf":[],"yoast_head":"<!-- This site is optimized with the Yoast SEO plugin v27.4 - https:\/\/yoast.com\/product\/yoast-seo-wordpress\/ -->\n<title>23\/04 - JANTAR DE CONFRATERNIZA\u00c7\u00c3O - Floripa Quilt<\/title>\n<meta name=\"robots\" content=\"index, follow, max-snippet:-1, max-image-preview:large, max-video-preview:-1\" \/>\n<link rel=\"canonical\" href=\"https:\/\/floripaquilt.com.br\/2026\/produto\/23-04-jantar-de-confraternizacao\/\" \/>\n<meta property=\"og:locale\" content=\"pt_BR\" \/>\n<meta property=\"og:type\" content=\"article\" \/>\n<meta property=\"og:title\" content=\"23\/04 - JANTAR DE CONFRATERNIZA\u00c7\u00c3O - Floripa Quilt\" \/>\n<meta property=\"og:description\" content=\"R$ 149,00  Data: 23 de abril - quinta-feira  Hor\u00e1rio: 19 horas  O Floripa Quilt promove um encontro especial para celebrar a arte t\u00eaxtil e as manualidades!  Ser\u00e1 uma noite pensada com carinho para reunir quem ama o fazer manual em um clima leve e descontra\u00eddo: um momento para confraternizar, fortalecer amizades, dar boas risadas e aproveitar a companhia de pessoas que compartilham essa mesma paix\u00e3o. Um encontro criado para reunir apaixonados e apaixonadas em um ambiente acolhedor, agrad\u00e1vel e cheio de boas energias.  E para tornar essa experi\u00eancia ainda mais especial, teremos um delicioso jantar de confraterniza\u00e7\u00e3o, preparado com todo o cuidado \ud83c\udf77\u2728  \ud83d\udcac Venha viver essa noite especial, relaxar, conversar e simplesmente aproveitar bons momentos em \u00f3tima companhia.  &nbsp;  Card\u00e1pio do Jantar  \ud83c\udf7d\ufe0f Entradas \u2022 Bolinho de peixe \u2022 Mini past\u00e9is de camar\u00e3o \u2022 Aipim frito \u2022 Antepasto de salm\u00e3o e berinjela  \ud83e\udd57 Acompanhamentos \u2022 Saladas \u2022 Arroz \u2022 Arroz \u00e0 grega \u2022 Batata ao forno com alecrim \u2022 Pir\u00e3o com molho de camar\u00e3o \u2022 Farofa de dend\u00ea  \ud83c\udf64 Pratos Principais \u2022 Fil\u00e9 de peixe espada ao molho de camar\u00e3o \u2022 Risoto de frutos do mar \u2022 Alcatra \u00e0 parmegiana  \ud83c\udf70 Sobremesas \u2022 Mousse de maracuj\u00e1 \u2022 Gelado de abacaxi  \ud83e\udd64 Bebidas \u2022 N\u00e3o inclusas  &nbsp;  \u2728 Um momento especial para celebrar, relaxar e aproveitar uma noite deliciosa em boa companhia!\" \/>\n<meta property=\"og:url\" content=\"https:\/\/floripaquilt.com.br\/2026\/produto\/23-04-jantar-de-confraternizacao\/\" \/>\n<meta property=\"og:site_name\" content=\"Floripa Quilt\" \/>\n<meta property=\"article:modified_time\" content=\"2026-04-23T00:46:48+00:00\" \/>\n<meta property=\"og:image\" content=\"https:\/\/floripaquilt.com.br\/2026\/wp-content\/uploads\/2026\/04\/j1-scaled.jpg\" \/>\n\t<meta property=\"og:image:width\" content=\"2048\" \/>\n\t<meta property=\"og:image:height\" content=\"2560\" \/>\n\t<meta property=\"og:image:type\" content=\"image\/jpeg\" \/>\n<meta name=\"twitter:card\" content=\"summary_large_image\" \/>\n<meta name=\"twitter:label1\" content=\"Est. tempo de leitura\" \/>\n\t<meta name=\"twitter:data1\" content=\"2 minutos\" \/>\n<script type=\"application\/ld+json\" class=\"yoast-schema-graph\">{\"@context\":\"https:\\\/\\\/schema.org\",\"@graph\":[{\"@type\":\"WebPage\",\"@id\":\"https:\\\/\\\/floripaquilt.com.br\\\/2026\\\/produto\\\/23-04-jantar-de-confraternizacao\\\/\",\"url\":\"https:\\\/\\\/floripaquilt.com.br\\\/2026\\\/produto\\\/23-04-jantar-de-confraternizacao\\\/\",\"name\":\"23\\\/04 - JANTAR DE CONFRATERNIZA\u00c7\u00c3O - Floripa Quilt\",\"isPartOf\":{\"@id\":\"https:\\\/\\\/floripaquilt.com.br\\\/2026\\\/#website\"},\"primaryImageOfPage\":{\"@id\":\"https:\\\/\\\/floripaquilt.com.br\\\/2026\\\/produto\\\/23-04-jantar-de-confraternizacao\\\/#primaryimage\"},\"image\":{\"@id\":\"https:\\\/\\\/floripaquilt.com.br\\\/2026\\\/produto\\\/23-04-jantar-de-confraternizacao\\\/#primaryimage\"},\"thumbnailUrl\":\"https:\\\/\\\/floripaquilt.com.br\\\/2026\\\/wp-content\\\/uploads\\\/2026\\\/04\\\/j1-scaled.jpg\",\"datePublished\":\"2026-04-08T18:08:54+00:00\",\"dateModified\":\"2026-04-23T00:46:48+00:00\",\"breadcrumb\":{\"@id\":\"https:\\\/\\\/floripaquilt.com.br\\\/2026\\\/produto\\\/23-04-jantar-de-confraternizacao\\\/#breadcrumb\"},\"inLanguage\":\"pt-BR\",\"potentialAction\":[{\"@type\":\"ReadAction\",\"target\":[\"https:\\\/\\\/floripaquilt.com.br\\\/2026\\\/produto\\\/23-04-jantar-de-confraternizacao\\\/\"]}]},{\"@type\":\"ImageObject\",\"inLanguage\":\"pt-BR\",\"@id\":\"https:\\\/\\\/floripaquilt.com.br\\\/2026\\\/produto\\\/23-04-jantar-de-confraternizacao\\\/#primaryimage\",\"url\":\"https:\\\/\\\/floripaquilt.com.br\\\/2026\\\/wp-content\\\/uploads\\\/2026\\\/04\\\/j1-scaled.jpg\",\"contentUrl\":\"https:\\\/\\\/floripaquilt.com.br\\\/2026\\\/wp-content\\\/uploads\\\/2026\\\/04\\\/j1-scaled.jpg\",\"width\":2048,\"height\":2560},{\"@type\":\"BreadcrumbList\",\"@id\":\"https:\\\/\\\/floripaquilt.com.br\\\/2026\\\/produto\\\/23-04-jantar-de-confraternizacao\\\/#breadcrumb\",\"itemListElement\":[{\"@type\":\"ListItem\",\"position\":1,\"name\":\"In\u00edcio\",\"item\":\"https:\\\/\\\/floripaquilt.com.br\\\/2026\\\/\"},{\"@type\":\"ListItem\",\"position\":2,\"name\":\"23\\\/04 &#8211; JANTAR DE CONFRATERNIZA\u00c7\u00c3O\"}]},{\"@type\":\"WebSite\",\"@id\":\"https:\\\/\\\/floripaquilt.com.br\\\/2026\\\/#website\",\"url\":\"https:\\\/\\\/floripaquilt.com.br\\\/2026\\\/\",\"name\":\"Floripa Quilt\",\"description\":\"Floripa Quilt 2026 - 13\u00ba Festival de Patchwork, Arte T\u00eaxtil &amp; Boneca de Pano\",\"publisher\":{\"@id\":\"https:\\\/\\\/floripaquilt.com.br\\\/2026\\\/#organization\"},\"potentialAction\":[{\"@type\":\"SearchAction\",\"target\":{\"@type\":\"EntryPoint\",\"urlTemplate\":\"https:\\\/\\\/floripaquilt.com.br\\\/2026\\\/?s={search_term_string}\"},\"query-input\":{\"@type\":\"PropertyValueSpecification\",\"valueRequired\":true,\"valueName\":\"search_term_string\"}}],\"inLanguage\":\"pt-BR\"},{\"@type\":\"Organization\",\"@id\":\"https:\\\/\\\/floripaquilt.com.br\\\/2026\\\/#organization\",\"name\":\"Floripa Quilt\",\"url\":\"https:\\\/\\\/floripaquilt.com.br\\\/2026\\\/\",\"logo\":{\"@type\":\"ImageObject\",\"inLanguage\":\"pt-BR\",\"@id\":\"https:\\\/\\\/floripaquilt.com.br\\\/2026\\\/#\\\/schema\\\/logo\\\/image\\\/\",\"url\":\"https:\\\/\\\/floripaquilt.com.br\\\/2026\\\/wp-content\\\/uploads\\\/2025\\\/08\\\/Sem-titulo-2-scaled.jpg\",\"contentUrl\":\"https:\\\/\\\/floripaquilt.com.br\\\/2026\\\/wp-content\\\/uploads\\\/2025\\\/08\\\/Sem-titulo-2-scaled.jpg\",\"width\":2560,\"height\":369,\"caption\":\"Floripa Quilt\"},\"image\":{\"@id\":\"https:\\\/\\\/floripaquilt.com.br\\\/2026\\\/#\\\/schema\\\/logo\\\/image\\\/\"}}]}<\/script>\n<!-- \/ Yoast SEO plugin. -->","yoast_head_json":{"title":"23\/04 - JANTAR DE CONFRATERNIZA\u00c7\u00c3O - Floripa Quilt","robots":{"index":"index","follow":"follow","max-snippet":"max-snippet:-1","max-image-preview":"max-image-preview:large","max-video-preview":"max-video-preview:-1"},"canonical":"https:\/\/floripaquilt.com.br\/2026\/produto\/23-04-jantar-de-confraternizacao\/","og_locale":"pt_BR","og_type":"article","og_title":"23\/04 - JANTAR DE CONFRATERNIZA\u00c7\u00c3O - Floripa Quilt","og_description":"R$ 149,00  Data: 23 de abril - quinta-feira  Hor\u00e1rio: 19 horas  O Floripa Quilt promove um encontro especial para celebrar a arte t\u00eaxtil e as manualidades!  Ser\u00e1 uma noite pensada com carinho para reunir quem ama o fazer manual em um clima leve e descontra\u00eddo: um momento para confraternizar, fortalecer amizades, dar boas risadas e aproveitar a companhia de pessoas que compartilham essa mesma paix\u00e3o. Um encontro criado para reunir apaixonados e apaixonadas em um ambiente acolhedor, agrad\u00e1vel e cheio de boas energias.  E para tornar essa experi\u00eancia ainda mais especial, teremos um delicioso jantar de confraterniza\u00e7\u00e3o, preparado com todo o cuidado \ud83c\udf77\u2728  \ud83d\udcac Venha viver essa noite especial, relaxar, conversar e simplesmente aproveitar bons momentos em \u00f3tima companhia.  &nbsp;  Card\u00e1pio do Jantar  \ud83c\udf7d\ufe0f Entradas \u2022 Bolinho de peixe \u2022 Mini past\u00e9is de camar\u00e3o \u2022 Aipim frito \u2022 Antepasto de salm\u00e3o e berinjela  \ud83e\udd57 Acompanhamentos \u2022 Saladas \u2022 Arroz \u2022 Arroz \u00e0 grega \u2022 Batata ao forno com alecrim \u2022 Pir\u00e3o com molho de camar\u00e3o \u2022 Farofa de dend\u00ea  \ud83c\udf64 Pratos Principais \u2022 Fil\u00e9 de peixe espada ao molho de camar\u00e3o \u2022 Risoto de frutos do mar \u2022 Alcatra \u00e0 parmegiana  \ud83c\udf70 Sobremesas \u2022 Mousse de maracuj\u00e1 \u2022 Gelado de abacaxi  \ud83e\udd64 Bebidas \u2022 N\u00e3o inclusas  &nbsp;  \u2728 Um momento especial para celebrar, relaxar e aproveitar uma noite deliciosa em boa companhia!","og_url":"https:\/\/floripaquilt.com.br\/2026\/produto\/23-04-jantar-de-confraternizacao\/","og_site_name":"Floripa Quilt","article_modified_time":"2026-04-23T00:46:48+00:00","og_image":[{"width":2048,"height":2560,"url":"https:\/\/floripaquilt.com.br\/2026\/wp-content\/uploads\/2026\/04\/j1-scaled.jpg","type":"image\/jpeg"}],"twitter_card":"summary_large_image","twitter_misc":{"Est. tempo de leitura":"2 minutos"},"schema":{"@context":"https:\/\/schema.org","@graph":[{"@type":"WebPage","@id":"https:\/\/floripaquilt.com.br\/2026\/produto\/23-04-jantar-de-confraternizacao\/","url":"https:\/\/floripaquilt.com.br\/2026\/produto\/23-04-jantar-de-confraternizacao\/","name":"23\/04 - JANTAR DE CONFRATERNIZA\u00c7\u00c3O - Floripa Quilt","isPartOf":{"@id":"https:\/\/floripaquilt.com.br\/2026\/#website"},"primaryImageOfPage":{"@id":"https:\/\/floripaquilt.com.br\/2026\/produto\/23-04-jantar-de-confraternizacao\/#primaryimage"},"image":{"@id":"https:\/\/floripaquilt.com.br\/2026\/produto\/23-04-jantar-de-confraternizacao\/#primaryimage"},"thumbnailUrl":"https:\/\/floripaquilt.com.br\/2026\/wp-content\/uploads\/2026\/04\/j1-scaled.jpg","datePublished":"2026-04-08T18:08:54+00:00","dateModified":"2026-04-23T00:46:48+00:00","breadcrumb":{"@id":"https:\/\/floripaquilt.com.br\/2026\/produto\/23-04-jantar-de-confraternizacao\/#breadcrumb"},"inLanguage":"pt-BR","potentialAction":[{"@type":"ReadAction","target":["https:\/\/floripaquilt.com.br\/2026\/produto\/23-04-jantar-de-confraternizacao\/"]}]},{"@type":"ImageObject","inLanguage":"pt-BR","@id":"https:\/\/floripaquilt.com.br\/2026\/produto\/23-04-jantar-de-confraternizacao\/#primaryimage","url":"https:\/\/floripaquilt.com.br\/2026\/wp-content\/uploads\/2026\/04\/j1-scaled.jpg","contentUrl":"https:\/\/floripaquilt.com.br\/2026\/wp-content\/uploads\/2026\/04\/j1-scaled.jpg","width":2048,"height":2560},{"@type":"BreadcrumbList","@id":"https:\/\/floripaquilt.com.br\/2026\/produto\/23-04-jantar-de-confraternizacao\/#breadcrumb","itemListElement":[{"@type":"ListItem","position":1,"name":"In\u00edcio","item":"https:\/\/floripaquilt.com.br\/2026\/"},{"@type":"ListItem","position":2,"name":"23\/04 &#8211; JANTAR DE CONFRATERNIZA\u00c7\u00c3O"}]},{"@type":"WebSite","@id":"https:\/\/floripaquilt.com.br\/2026\/#website","url":"https:\/\/floripaquilt.com.br\/2026\/","name":"Floripa Quilt","description":"Floripa Quilt 2026 - 13\u00ba Festival de Patchwork, Arte T\u00eaxtil &amp; Boneca de Pano","publisher":{"@id":"https:\/\/floripaquilt.com.br\/2026\/#organization"},"potentialAction":[{"@type":"SearchAction","target":{"@type":"EntryPoint","urlTemplate":"https:\/\/floripaquilt.com.br\/2026\/?s={search_term_string}"},"query-input":{"@type":"PropertyValueSpecification","valueRequired":true,"valueName":"search_term_string"}}],"inLanguage":"pt-BR"},{"@type":"Organization","@id":"https:\/\/floripaquilt.com.br\/2026\/#organization","name":"Floripa Quilt","url":"https:\/\/floripaquilt.com.br\/2026\/","logo":{"@type":"ImageObject","inLanguage":"pt-BR","@id":"https:\/\/floripaquilt.com.br\/2026\/#\/schema\/logo\/image\/","url":"https:\/\/floripaquilt.com.br\/2026\/wp-content\/uploads\/2025\/08\/Sem-titulo-2-scaled.jpg","contentUrl":"https:\/\/floripaquilt.com.br\/2026\/wp-content\/uploads\/2025\/08\/Sem-titulo-2-scaled.jpg","width":2560,"height":369,"caption":"Floripa Quilt"},"image":{"@id":"https:\/\/floripaquilt.com.br\/2026\/#\/schema\/logo\/image\/"}}]}},"jetpack_sharing_enabled":true,"_links":{"self":[{"href":"https:\/\/floripaquilt.com.br\/2026\/wp-json\/wp\/v2\/product\/12058","targetHints":{"allow":["GET"]}}],"collection":[{"href":"https:\/\/floripaquilt.com.br\/2026\/wp-json\/wp\/v2\/product"}],"about":[{"href":"https:\/\/floripaquilt.com.br\/2026\/wp-json\/wp\/v2\/types\/product"}],"replies":[{"embeddable":true,"href":"https:\/\/floripaquilt.com.br\/2026\/wp-json\/wp\/v2\/comments?post=12058"}],"wp:featuredmedia":[{"embeddable":true,"href":"https:\/\/floripaquilt.com.br\/2026\/wp-json\/wp\/v2\/media\/12059"}],"wp:attachment":[{"href":"https:\/\/floripaquilt.com.br\/2026\/wp-json\/wp\/v2\/media?parent=12058"}],"wp:term":[{"taxonomy":"product_brand","embeddable":true,"href":"https:\/\/floripaquilt.com.br\/2026\/wp-json\/wp\/v2\/product_brand?post=12058"},{"taxonomy":"product_cat","embeddable":true,"href":"https:\/\/floripaquilt.com.br\/2026\/wp-json\/wp\/v2\/product_cat?post=12058"},{"taxonomy":"product_tag","embeddable":true,"href":"https:\/\/floripaquilt.com.br\/2026\/wp-json\/wp\/v2\/product_tag?post=12058"}],"curies":[{"name":"wp","href":"https:\/\/api.w.org\/{rel}","templated":true}]}}