{"id":11894,"date":"2026-03-13T17:17:26","date_gmt":"2026-03-13T20:17:26","guid":{"rendered":"https:\/\/floripaquilt.com.br\/2026\/?post_type=product&#038;p=11894"},"modified":"2026-04-21T16:55:28","modified_gmt":"2026-04-21T19:55:28","slug":"21-04-encontro-das-patchworkistas","status":"publish","type":"product","link":"https:\/\/floripaquilt.com.br\/2026\/produto\/21-04-encontro-das-patchworkistas\/","title":{"rendered":"21\/04 &#8211; ENCONTRO DAS PATCHWORKISTAS"},"content":{"rendered":"<p><strong>R$ 65,00<\/strong><\/p>\n<p><strong>Data<\/strong>: 21 de abril &#8211; ter\u00e7a-feira<\/p>\n<p><strong>Hor\u00e1rio<\/strong>: 17 horas<\/p>\n<p data-start=\"293\" data-end=\"377\">O Floripa Quilt inova mais uma vez e promove um encontro especial de patchworkistas!<\/p>\n<p data-start=\"379\" data-end=\"653\">Ser\u00e1 uma tarde pensada para quem ama patchwork: um momento para trocar ideias, compartilhar experi\u00eancias, fazer novas amizades e costurar sonhos em comum.<br data-start=\"533\" data-end=\"536\" \/>Um encontro criado para reunir apaixonadas pela arte t\u00eaxtil em um ambiente acolhedor, criativo e cheio de inspira\u00e7\u00e3o.<\/p>\n<p data-start=\"655\" data-end=\"790\">E para tornar esse momento ainda mais gostoso, teremos um delicioso <strong data-start=\"723\" data-end=\"786\">coffee break preparado com todo o carinho pela Dal\u00ea Doceria<\/strong> \u2615\ud83c\udf70<\/p>\n<p data-start=\"792\" data-end=\"903\">\ud83d\udcac Venha viver essa experi\u00eancia, conversar sobre projetos, t\u00e9cnicas e tudo que envolve o universo do patchwork.<\/p>\n<p data-start=\"905\" data-end=\"933\"><strong data-start=\"905\" data-end=\"933\">Card\u00e1pio do Coffee Break<\/strong><\/p>\n<p data-start=\"935\" data-end=\"1003\">\u2615 <strong data-start=\"937\" data-end=\"948\">Bebidas<\/strong><br data-start=\"948\" data-end=\"951\" \/>\u2022 Caf\u00e9<br data-start=\"957\" data-end=\"960\" \/>\u2022 Leite<br data-start=\"967\" data-end=\"970\" \/>\u2022 Ch\u00e1<br data-start=\"975\" data-end=\"978\" \/>\u2022 Suco<br data-start=\"984\" data-end=\"987\" \/>\u2022 Refrigerante<\/p>\n<p data-start=\"1005\" data-end=\"1065\">\ud83c\udf69 <strong data-start=\"1008\" data-end=\"1017\">Doces<\/strong><br data-start=\"1017\" data-end=\"1020\" \/>\u2022 Brownie<br data-start=\"1029\" data-end=\"1032\" \/>\u2022 Churros<br data-start=\"1041\" data-end=\"1044\" \/>\u2022 Folhado de banana<\/p>\n<p data-start=\"1067\" data-end=\"1180\">\ud83c\udf70 <strong data-start=\"1070\" data-end=\"1087\">Bolos de Casa<\/strong><br data-start=\"1087\" data-end=\"1090\" \/>\u2022 Bolo seco de fub\u00e1<br data-start=\"1109\" data-end=\"1112\" \/>\u2022 Bolo seco de laranja<br data-start=\"1134\" data-end=\"1137\" \/>\u2022 Bolo seco de milho<br data-start=\"1157\" data-end=\"1160\" \/>\u2022 Cuca de goiabada<\/p>\n<p data-start=\"1182\" data-end=\"1299\">\ud83e\udd50 <strong data-start=\"1185\" data-end=\"1197\">Salgados<\/strong><br data-start=\"1197\" data-end=\"1200\" \/>\u2022 P\u00e3o de queijo<br data-start=\"1215\" data-end=\"1218\" \/>\u2022 Sandu\u00edche de queijo e presunto<br data-start=\"1250\" data-end=\"1253\" \/>\u2022 Croissant de frango<br data-start=\"1274\" data-end=\"1277\" \/>\u2022 Empad\u00e3o de camar\u00e3o<\/p>\n<p data-start=\"1301\" data-end=\"1351\">\ud83c\udf53 <strong data-start=\"1304\" data-end=\"1318\">Op\u00e7\u00e3o Leve<\/strong><br data-start=\"1318\" data-end=\"1321\" \/>\u2022 Pote de frutas com iogurte<\/p>\n<p data-start=\"1353\" data-end=\"1448\">\u2728 Um momento delicioso para relaxar, conversar e celebrar a arte do patchwork em boa companhia!<\/p>\n","protected":false},"excerpt":{"rendered":"<p><strong>R$ 65,00<\/strong><\/p>\n<p><strong>Data<\/strong>: 21 de abril &#8211; ter\u00e7a-feira<\/p>\n<p><strong>Hor\u00e1rio<\/strong>: 17 horas<\/p>\n<p data-start=\"293\" data-end=\"377\">O Floripa Quilt inova mais uma vez e promove um encontro especial de patchworkistas!<\/p>\n<p data-start=\"379\" data-end=\"653\">Ser\u00e1 uma tarde pensada para quem ama patchwork: um momento para trocar ideias, compartilhar experi\u00eancias, fazer novas amizades e costurar sonhos em comum.<br data-start=\"533\" data-end=\"536\" \/>Um encontro criado para reunir apaixonadas pela arte t\u00eaxtil em um ambiente acolhedor, criativo e cheio de inspira\u00e7\u00e3o.<\/p>\n<p data-start=\"655\" data-end=\"790\">E para tornar esse momento ainda mais gostoso, teremos um delicioso <strong data-start=\"723\" data-end=\"786\">coffee break preparado com todo o carinho pela Dal\u00ea Doceria<\/strong> \u2615\ud83c\udf70<\/p>\n<p data-start=\"792\" data-end=\"903\">\ud83d\udcac Venha viver essa experi\u00eancia, conversar sobre projetos, t\u00e9cnicas e tudo que envolve o universo do patchwork.<\/p>\n<p data-start=\"905\" data-end=\"933\"><strong data-start=\"905\" data-end=\"933\">Card\u00e1pio do Coffee Break<\/strong><\/p>\n<p data-start=\"935\" data-end=\"1003\">\u2615 <strong data-start=\"937\" data-end=\"948\">Bebidas<\/strong><br data-start=\"948\" data-end=\"951\" \/>\u2022 Caf\u00e9<br data-start=\"957\" data-end=\"960\" \/>\u2022 Leite<br data-start=\"967\" data-end=\"970\" \/>\u2022 Ch\u00e1<br data-start=\"975\" data-end=\"978\" \/>\u2022 Suco<br data-start=\"984\" data-end=\"987\" \/>\u2022 Refrigerante<\/p>\n<p data-start=\"1005\" data-end=\"1065\">\ud83c\udf69 <strong data-start=\"1008\" data-end=\"1017\">Doces<\/strong><br data-start=\"1017\" data-end=\"1020\" \/>\u2022 Brownie<br data-start=\"1029\" data-end=\"1032\" \/>\u2022 Churros<br data-start=\"1041\" data-end=\"1044\" \/>\u2022 Folhado de banana<\/p>\n<p data-start=\"1067\" data-end=\"1180\">\ud83c\udf70 <strong data-start=\"1070\" data-end=\"1087\">Bolos de Casa<\/strong><br data-start=\"1087\" data-end=\"1090\" \/>\u2022 Bolo seco de fub\u00e1<br data-start=\"1109\" data-end=\"1112\" \/>\u2022 Bolo seco de laranja<br data-start=\"1134\" data-end=\"1137\" \/>\u2022 Bolo seco de milho<br data-start=\"1157\" data-end=\"1160\" \/>\u2022 Cuca de goiabada<\/p>\n<p data-start=\"1182\" data-end=\"1299\">\ud83e\udd50 <strong data-start=\"1185\" data-end=\"1197\">Salgados<\/strong><br data-start=\"1197\" data-end=\"1200\" \/>\u2022 P\u00e3o de queijo<br data-start=\"1215\" data-end=\"1218\" \/>\u2022 Sandu\u00edche de queijo e presunto<br data-start=\"1250\" data-end=\"1253\" \/>\u2022 Croissant de frango<br data-start=\"1274\" data-end=\"1277\" \/>\u2022 Empad\u00e3o de camar\u00e3o<\/p>\n<p data-start=\"1301\" data-end=\"1351\">\ud83c\udf53 <strong data-start=\"1304\" data-end=\"1318\">Op\u00e7\u00e3o Leve<\/strong><br data-start=\"1318\" data-end=\"1321\" \/>\u2022 Pote de frutas com iogurte<\/p>\n<p data-start=\"1353\" data-end=\"1448\">\u2728 Um momento delicioso para relaxar, conversar e celebrar a arte do patchwork em boa companhia!<\/p>\n","protected":false},"featured_media":11895,"comment_status":"closed","ping_status":"closed","template":"","meta":{"_monsterinsights_skip_tracking":false,"_monsterinsights_sitenote_active":false,"_monsterinsights_sitenote_note":"","_monsterinsights_sitenote_category":0,"_uf_show_specific_survey":0,"_uf_disable_surveys":false},"product_brand":[],"product_cat":[161],"product_tag":[],"class_list":{"0":"post-11894","1":"product","2":"type-product","3":"status-publish","4":"has-post-thumbnail","6":"product_cat-lojinha","8":"first","9":"outofstock","10":"shipping-taxable","11":"purchasable","12":"product-type-simple"},"acf":[],"yoast_head":"<!-- This site is optimized with the Yoast SEO plugin v27.4 - https:\/\/yoast.com\/product\/yoast-seo-wordpress\/ -->\n<title>21\/04 - ENCONTRO DAS PATCHWORKISTAS - Floripa Quilt<\/title>\n<meta name=\"description\" content=\"R$ 65,00Data: 21 de abril - ter\u00e7a-feiraHor\u00e1rio: 17 horasO Floripa Quilt inova mais uma vez e promove um encontro especial de patchworkistas!Ser\u00e1 uma tarde pensada para quem ama patchwork: um momento para trocar ideias, compartilhar experi\u00eancias, fazer novas amizades e costurar sonhos em comum.Um encontro criado para reunir apaixonadas pela arte t\u00eaxtil em um ambiente acolhedor, criativo e cheio de inspira\u00e7\u00e3o.E para tornar esse momento ainda mais gostoso, teremos um delicioso coffee break preparado com todo o carinho pela Dal\u00ea Doceria \u2615\ud83c\udf70\ud83d\udcac Venha viver essa experi\u00eancia, conversar sobre projetos, t\u00e9cnicas e tudo que envolve o universo do patchwork.Card\u00e1pio do Coffee Break\u2615 Bebidas\u2022 Caf\u00e9\u2022 Leite\u2022 Ch\u00e1\u2022 Suco\u2022 Refrigerante\ud83c\udf69 Doces\u2022 Brownie\u2022 Churros\u2022 Folhado de banana\ud83c\udf70 Bolos de Casa\u2022 Bolo seco de fub\u00e1\u2022 Bolo seco de laranja\u2022 Bolo seco de milho\u2022 Cuca de goiabada\ud83e\udd50 Salgados\u2022 P\u00e3o de queijo\u2022 Sandu\u00edche de queijo e presunto\u2022 Croissant de frango\u2022 Empad\u00e3o de camar\u00e3o\ud83c\udf53 Op\u00e7\u00e3o Leve\u2022 Pote de frutas com iogurte\u2728 Um momento delicioso para relaxar, conversar e celebrar a arte do patchwork em boa companhia!\" \/>\n<meta name=\"robots\" content=\"index, follow, max-snippet:-1, max-image-preview:large, max-video-preview:-1\" \/>\n<link rel=\"canonical\" href=\"https:\/\/floripaquilt.com.br\/2026\/produto\/21-04-encontro-das-patchworkistas\/\" \/>\n<meta property=\"og:locale\" content=\"pt_BR\" \/>\n<meta property=\"og:type\" content=\"article\" \/>\n<meta property=\"og:title\" content=\"21\/04 - ENCONTRO DAS PATCHWORKISTAS - Floripa Quilt\" \/>\n<meta property=\"og:description\" content=\"R$ 65,00Data: 21 de abril - ter\u00e7a-feiraHor\u00e1rio: 17 horasO Floripa Quilt inova mais uma vez e promove um encontro especial de patchworkistas!Ser\u00e1 uma tarde pensada para quem ama patchwork: um momento para trocar ideias, compartilhar experi\u00eancias, fazer novas amizades e costurar sonhos em comum.Um encontro criado para reunir apaixonadas pela arte t\u00eaxtil em um ambiente acolhedor, criativo e cheio de inspira\u00e7\u00e3o.E para tornar esse momento ainda mais gostoso, teremos um delicioso coffee break preparado com todo o carinho pela Dal\u00ea Doceria \u2615\ud83c\udf70\ud83d\udcac Venha viver essa experi\u00eancia, conversar sobre projetos, t\u00e9cnicas e tudo que envolve o universo do patchwork.Card\u00e1pio do Coffee Break\u2615 Bebidas\u2022 Caf\u00e9\u2022 Leite\u2022 Ch\u00e1\u2022 Suco\u2022 Refrigerante\ud83c\udf69 Doces\u2022 Brownie\u2022 Churros\u2022 Folhado de banana\ud83c\udf70 Bolos de Casa\u2022 Bolo seco de fub\u00e1\u2022 Bolo seco de laranja\u2022 Bolo seco de milho\u2022 Cuca de goiabada\ud83e\udd50 Salgados\u2022 P\u00e3o de queijo\u2022 Sandu\u00edche de queijo e presunto\u2022 Croissant de frango\u2022 Empad\u00e3o de camar\u00e3o\ud83c\udf53 Op\u00e7\u00e3o Leve\u2022 Pote de frutas com iogurte\u2728 Um momento delicioso para relaxar, conversar e celebrar a arte do patchwork em boa companhia!\" \/>\n<meta property=\"og:url\" content=\"https:\/\/floripaquilt.com.br\/2026\/produto\/21-04-encontro-das-patchworkistas\/\" \/>\n<meta property=\"og:site_name\" content=\"Floripa Quilt\" \/>\n<meta property=\"article:modified_time\" content=\"2026-04-21T19:55:28+00:00\" \/>\n<meta property=\"og:image\" content=\"https:\/\/floripaquilt.com.br\/2026\/wp-content\/uploads\/2026\/03\/ENCONTRO-PATCHWORKISTAS-scaled.jpg\" \/>\n\t<meta property=\"og:image:width\" content=\"2048\" \/>\n\t<meta property=\"og:image:height\" content=\"2560\" \/>\n\t<meta property=\"og:image:type\" content=\"image\/jpeg\" \/>\n<meta name=\"twitter:card\" content=\"summary_large_image\" \/>\n<meta name=\"twitter:label1\" content=\"Est. tempo de leitura\" \/>\n\t<meta name=\"twitter:data1\" content=\"2 minutos\" \/>\n<script type=\"application\/ld+json\" class=\"yoast-schema-graph\">{\"@context\":\"https:\\\/\\\/schema.org\",\"@graph\":[{\"@type\":\"WebPage\",\"@id\":\"https:\\\/\\\/floripaquilt.com.br\\\/2026\\\/produto\\\/21-04-encontro-das-patchworkistas\\\/\",\"url\":\"https:\\\/\\\/floripaquilt.com.br\\\/2026\\\/produto\\\/21-04-encontro-das-patchworkistas\\\/\",\"name\":\"21\\\/04 - ENCONTRO DAS PATCHWORKISTAS - Floripa Quilt\",\"isPartOf\":{\"@id\":\"https:\\\/\\\/floripaquilt.com.br\\\/2026\\\/#website\"},\"primaryImageOfPage\":{\"@id\":\"https:\\\/\\\/floripaquilt.com.br\\\/2026\\\/produto\\\/21-04-encontro-das-patchworkistas\\\/#primaryimage\"},\"image\":{\"@id\":\"https:\\\/\\\/floripaquilt.com.br\\\/2026\\\/produto\\\/21-04-encontro-das-patchworkistas\\\/#primaryimage\"},\"thumbnailUrl\":\"https:\\\/\\\/floripaquilt.com.br\\\/2026\\\/wp-content\\\/uploads\\\/2026\\\/03\\\/ENCONTRO-PATCHWORKISTAS-scaled.jpg\",\"datePublished\":\"2026-03-13T20:17:26+00:00\",\"dateModified\":\"2026-04-21T19:55:28+00:00\",\"description\":\"R$ 65,00Data: 21 de abril - ter\u00e7a-feiraHor\u00e1rio: 17 horasO Floripa Quilt inova mais uma vez e promove um encontro especial de patchworkistas!Ser\u00e1 uma tarde pensada para quem ama patchwork: um momento para trocar ideias, compartilhar experi\u00eancias, fazer novas amizades e costurar sonhos em comum.Um encontro criado para reunir apaixonadas pela arte t\u00eaxtil em um ambiente acolhedor, criativo e cheio de inspira\u00e7\u00e3o.E para tornar esse momento ainda mais gostoso, teremos um delicioso coffee break preparado com todo o carinho pela Dal\u00ea Doceria \u2615\ud83c\udf70\ud83d\udcac Venha viver essa experi\u00eancia, conversar sobre projetos, t\u00e9cnicas e tudo que envolve o universo do patchwork.Card\u00e1pio do Coffee Break\u2615 Bebidas\u2022 Caf\u00e9\u2022 Leite\u2022 Ch\u00e1\u2022 Suco\u2022 Refrigerante\ud83c\udf69 Doces\u2022 Brownie\u2022 Churros\u2022 Folhado de banana\ud83c\udf70 Bolos de Casa\u2022 Bolo seco de fub\u00e1\u2022 Bolo seco de laranja\u2022 Bolo seco de milho\u2022 Cuca de goiabada\ud83e\udd50 Salgados\u2022 P\u00e3o de queijo\u2022 Sandu\u00edche de queijo e presunto\u2022 Croissant de frango\u2022 Empad\u00e3o de camar\u00e3o\ud83c\udf53 Op\u00e7\u00e3o Leve\u2022 Pote de frutas com iogurte\u2728 Um momento delicioso para relaxar, conversar e celebrar a arte do patchwork em boa companhia!\",\"breadcrumb\":{\"@id\":\"https:\\\/\\\/floripaquilt.com.br\\\/2026\\\/produto\\\/21-04-encontro-das-patchworkistas\\\/#breadcrumb\"},\"inLanguage\":\"pt-BR\",\"potentialAction\":[{\"@type\":\"ReadAction\",\"target\":[\"https:\\\/\\\/floripaquilt.com.br\\\/2026\\\/produto\\\/21-04-encontro-das-patchworkistas\\\/\"]}]},{\"@type\":\"ImageObject\",\"inLanguage\":\"pt-BR\",\"@id\":\"https:\\\/\\\/floripaquilt.com.br\\\/2026\\\/produto\\\/21-04-encontro-das-patchworkistas\\\/#primaryimage\",\"url\":\"https:\\\/\\\/floripaquilt.com.br\\\/2026\\\/wp-content\\\/uploads\\\/2026\\\/03\\\/ENCONTRO-PATCHWORKISTAS-scaled.jpg\",\"contentUrl\":\"https:\\\/\\\/floripaquilt.com.br\\\/2026\\\/wp-content\\\/uploads\\\/2026\\\/03\\\/ENCONTRO-PATCHWORKISTAS-scaled.jpg\",\"width\":2048,\"height\":2560},{\"@type\":\"BreadcrumbList\",\"@id\":\"https:\\\/\\\/floripaquilt.com.br\\\/2026\\\/produto\\\/21-04-encontro-das-patchworkistas\\\/#breadcrumb\",\"itemListElement\":[{\"@type\":\"ListItem\",\"position\":1,\"name\":\"In\u00edcio\",\"item\":\"https:\\\/\\\/floripaquilt.com.br\\\/2026\\\/\"},{\"@type\":\"ListItem\",\"position\":2,\"name\":\"21\\\/04 &#8211; ENCONTRO DAS PATCHWORKISTAS\"}]},{\"@type\":\"WebSite\",\"@id\":\"https:\\\/\\\/floripaquilt.com.br\\\/2026\\\/#website\",\"url\":\"https:\\\/\\\/floripaquilt.com.br\\\/2026\\\/\",\"name\":\"Floripa Quilt\",\"description\":\"Floripa Quilt 2026 - 13\u00ba Festival de Patchwork, Arte T\u00eaxtil &amp; Boneca de Pano\",\"publisher\":{\"@id\":\"https:\\\/\\\/floripaquilt.com.br\\\/2026\\\/#organization\"},\"potentialAction\":[{\"@type\":\"SearchAction\",\"target\":{\"@type\":\"EntryPoint\",\"urlTemplate\":\"https:\\\/\\\/floripaquilt.com.br\\\/2026\\\/?s={search_term_string}\"},\"query-input\":{\"@type\":\"PropertyValueSpecification\",\"valueRequired\":true,\"valueName\":\"search_term_string\"}}],\"inLanguage\":\"pt-BR\"},{\"@type\":\"Organization\",\"@id\":\"https:\\\/\\\/floripaquilt.com.br\\\/2026\\\/#organization\",\"name\":\"Floripa Quilt\",\"url\":\"https:\\\/\\\/floripaquilt.com.br\\\/2026\\\/\",\"logo\":{\"@type\":\"ImageObject\",\"inLanguage\":\"pt-BR\",\"@id\":\"https:\\\/\\\/floripaquilt.com.br\\\/2026\\\/#\\\/schema\\\/logo\\\/image\\\/\",\"url\":\"https:\\\/\\\/floripaquilt.com.br\\\/2026\\\/wp-content\\\/uploads\\\/2025\\\/08\\\/Sem-titulo-2-scaled.jpg\",\"contentUrl\":\"https:\\\/\\\/floripaquilt.com.br\\\/2026\\\/wp-content\\\/uploads\\\/2025\\\/08\\\/Sem-titulo-2-scaled.jpg\",\"width\":2560,\"height\":369,\"caption\":\"Floripa Quilt\"},\"image\":{\"@id\":\"https:\\\/\\\/floripaquilt.com.br\\\/2026\\\/#\\\/schema\\\/logo\\\/image\\\/\"}}]}<\/script>\n<!-- \/ Yoast SEO plugin. -->","yoast_head_json":{"title":"21\/04 - ENCONTRO DAS PATCHWORKISTAS - Floripa Quilt","description":"R$ 65,00Data: 21 de abril - ter\u00e7a-feiraHor\u00e1rio: 17 horasO Floripa Quilt inova mais uma vez e promove um encontro especial de patchworkistas!Ser\u00e1 uma tarde pensada para quem ama patchwork: um momento para trocar ideias, compartilhar experi\u00eancias, fazer novas amizades e costurar sonhos em comum.Um encontro criado para reunir apaixonadas pela arte t\u00eaxtil em um ambiente acolhedor, criativo e cheio de inspira\u00e7\u00e3o.E para tornar esse momento ainda mais gostoso, teremos um delicioso coffee break preparado com todo o carinho pela Dal\u00ea Doceria \u2615\ud83c\udf70\ud83d\udcac Venha viver essa experi\u00eancia, conversar sobre projetos, t\u00e9cnicas e tudo que envolve o universo do patchwork.Card\u00e1pio do Coffee Break\u2615 Bebidas\u2022 Caf\u00e9\u2022 Leite\u2022 Ch\u00e1\u2022 Suco\u2022 Refrigerante\ud83c\udf69 Doces\u2022 Brownie\u2022 Churros\u2022 Folhado de banana\ud83c\udf70 Bolos de Casa\u2022 Bolo seco de fub\u00e1\u2022 Bolo seco de laranja\u2022 Bolo seco de milho\u2022 Cuca de goiabada\ud83e\udd50 Salgados\u2022 P\u00e3o de queijo\u2022 Sandu\u00edche de queijo e presunto\u2022 Croissant de frango\u2022 Empad\u00e3o de camar\u00e3o\ud83c\udf53 Op\u00e7\u00e3o Leve\u2022 Pote de frutas com iogurte\u2728 Um momento delicioso para relaxar, conversar e celebrar a arte do patchwork em boa companhia!","robots":{"index":"index","follow":"follow","max-snippet":"max-snippet:-1","max-image-preview":"max-image-preview:large","max-video-preview":"max-video-preview:-1"},"canonical":"https:\/\/floripaquilt.com.br\/2026\/produto\/21-04-encontro-das-patchworkistas\/","og_locale":"pt_BR","og_type":"article","og_title":"21\/04 - ENCONTRO DAS PATCHWORKISTAS - Floripa Quilt","og_description":"R$ 65,00Data: 21 de abril - ter\u00e7a-feiraHor\u00e1rio: 17 horasO Floripa Quilt inova mais uma vez e promove um encontro especial de patchworkistas!Ser\u00e1 uma tarde pensada para quem ama patchwork: um momento para trocar ideias, compartilhar experi\u00eancias, fazer novas amizades e costurar sonhos em comum.Um encontro criado para reunir apaixonadas pela arte t\u00eaxtil em um ambiente acolhedor, criativo e cheio de inspira\u00e7\u00e3o.E para tornar esse momento ainda mais gostoso, teremos um delicioso coffee break preparado com todo o carinho pela Dal\u00ea Doceria \u2615\ud83c\udf70\ud83d\udcac Venha viver essa experi\u00eancia, conversar sobre projetos, t\u00e9cnicas e tudo que envolve o universo do patchwork.Card\u00e1pio do Coffee Break\u2615 Bebidas\u2022 Caf\u00e9\u2022 Leite\u2022 Ch\u00e1\u2022 Suco\u2022 Refrigerante\ud83c\udf69 Doces\u2022 Brownie\u2022 Churros\u2022 Folhado de banana\ud83c\udf70 Bolos de Casa\u2022 Bolo seco de fub\u00e1\u2022 Bolo seco de laranja\u2022 Bolo seco de milho\u2022 Cuca de goiabada\ud83e\udd50 Salgados\u2022 P\u00e3o de queijo\u2022 Sandu\u00edche de queijo e presunto\u2022 Croissant de frango\u2022 Empad\u00e3o de camar\u00e3o\ud83c\udf53 Op\u00e7\u00e3o Leve\u2022 Pote de frutas com iogurte\u2728 Um momento delicioso para relaxar, conversar e celebrar a arte do patchwork em boa companhia!","og_url":"https:\/\/floripaquilt.com.br\/2026\/produto\/21-04-encontro-das-patchworkistas\/","og_site_name":"Floripa Quilt","article_modified_time":"2026-04-21T19:55:28+00:00","og_image":[{"width":2048,"height":2560,"url":"https:\/\/floripaquilt.com.br\/2026\/wp-content\/uploads\/2026\/03\/ENCONTRO-PATCHWORKISTAS-scaled.jpg","type":"image\/jpeg"}],"twitter_card":"summary_large_image","twitter_misc":{"Est. tempo de leitura":"2 minutos"},"schema":{"@context":"https:\/\/schema.org","@graph":[{"@type":"WebPage","@id":"https:\/\/floripaquilt.com.br\/2026\/produto\/21-04-encontro-das-patchworkistas\/","url":"https:\/\/floripaquilt.com.br\/2026\/produto\/21-04-encontro-das-patchworkistas\/","name":"21\/04 - ENCONTRO DAS PATCHWORKISTAS - Floripa Quilt","isPartOf":{"@id":"https:\/\/floripaquilt.com.br\/2026\/#website"},"primaryImageOfPage":{"@id":"https:\/\/floripaquilt.com.br\/2026\/produto\/21-04-encontro-das-patchworkistas\/#primaryimage"},"image":{"@id":"https:\/\/floripaquilt.com.br\/2026\/produto\/21-04-encontro-das-patchworkistas\/#primaryimage"},"thumbnailUrl":"https:\/\/floripaquilt.com.br\/2026\/wp-content\/uploads\/2026\/03\/ENCONTRO-PATCHWORKISTAS-scaled.jpg","datePublished":"2026-03-13T20:17:26+00:00","dateModified":"2026-04-21T19:55:28+00:00","description":"R$ 65,00Data: 21 de abril - ter\u00e7a-feiraHor\u00e1rio: 17 horasO Floripa Quilt inova mais uma vez e promove um encontro especial de patchworkistas!Ser\u00e1 uma tarde pensada para quem ama patchwork: um momento para trocar ideias, compartilhar experi\u00eancias, fazer novas amizades e costurar sonhos em comum.Um encontro criado para reunir apaixonadas pela arte t\u00eaxtil em um ambiente acolhedor, criativo e cheio de inspira\u00e7\u00e3o.E para tornar esse momento ainda mais gostoso, teremos um delicioso coffee break preparado com todo o carinho pela Dal\u00ea Doceria \u2615\ud83c\udf70\ud83d\udcac Venha viver essa experi\u00eancia, conversar sobre projetos, t\u00e9cnicas e tudo que envolve o universo do patchwork.Card\u00e1pio do Coffee Break\u2615 Bebidas\u2022 Caf\u00e9\u2022 Leite\u2022 Ch\u00e1\u2022 Suco\u2022 Refrigerante\ud83c\udf69 Doces\u2022 Brownie\u2022 Churros\u2022 Folhado de banana\ud83c\udf70 Bolos de Casa\u2022 Bolo seco de fub\u00e1\u2022 Bolo seco de laranja\u2022 Bolo seco de milho\u2022 Cuca de goiabada\ud83e\udd50 Salgados\u2022 P\u00e3o de queijo\u2022 Sandu\u00edche de queijo e presunto\u2022 Croissant de frango\u2022 Empad\u00e3o de camar\u00e3o\ud83c\udf53 Op\u00e7\u00e3o Leve\u2022 Pote de frutas com iogurte\u2728 Um momento delicioso para relaxar, conversar e celebrar a arte do patchwork em boa companhia!","breadcrumb":{"@id":"https:\/\/floripaquilt.com.br\/2026\/produto\/21-04-encontro-das-patchworkistas\/#breadcrumb"},"inLanguage":"pt-BR","potentialAction":[{"@type":"ReadAction","target":["https:\/\/floripaquilt.com.br\/2026\/produto\/21-04-encontro-das-patchworkistas\/"]}]},{"@type":"ImageObject","inLanguage":"pt-BR","@id":"https:\/\/floripaquilt.com.br\/2026\/produto\/21-04-encontro-das-patchworkistas\/#primaryimage","url":"https:\/\/floripaquilt.com.br\/2026\/wp-content\/uploads\/2026\/03\/ENCONTRO-PATCHWORKISTAS-scaled.jpg","contentUrl":"https:\/\/floripaquilt.com.br\/2026\/wp-content\/uploads\/2026\/03\/ENCONTRO-PATCHWORKISTAS-scaled.jpg","width":2048,"height":2560},{"@type":"BreadcrumbList","@id":"https:\/\/floripaquilt.com.br\/2026\/produto\/21-04-encontro-das-patchworkistas\/#breadcrumb","itemListElement":[{"@type":"ListItem","position":1,"name":"In\u00edcio","item":"https:\/\/floripaquilt.com.br\/2026\/"},{"@type":"ListItem","position":2,"name":"21\/04 &#8211; ENCONTRO DAS PATCHWORKISTAS"}]},{"@type":"WebSite","@id":"https:\/\/floripaquilt.com.br\/2026\/#website","url":"https:\/\/floripaquilt.com.br\/2026\/","name":"Floripa Quilt","description":"Floripa Quilt 2026 - 13\u00ba Festival de Patchwork, Arte T\u00eaxtil &amp; Boneca de Pano","publisher":{"@id":"https:\/\/floripaquilt.com.br\/2026\/#organization"},"potentialAction":[{"@type":"SearchAction","target":{"@type":"EntryPoint","urlTemplate":"https:\/\/floripaquilt.com.br\/2026\/?s={search_term_string}"},"query-input":{"@type":"PropertyValueSpecification","valueRequired":true,"valueName":"search_term_string"}}],"inLanguage":"pt-BR"},{"@type":"Organization","@id":"https:\/\/floripaquilt.com.br\/2026\/#organization","name":"Floripa Quilt","url":"https:\/\/floripaquilt.com.br\/2026\/","logo":{"@type":"ImageObject","inLanguage":"pt-BR","@id":"https:\/\/floripaquilt.com.br\/2026\/#\/schema\/logo\/image\/","url":"https:\/\/floripaquilt.com.br\/2026\/wp-content\/uploads\/2025\/08\/Sem-titulo-2-scaled.jpg","contentUrl":"https:\/\/floripaquilt.com.br\/2026\/wp-content\/uploads\/2025\/08\/Sem-titulo-2-scaled.jpg","width":2560,"height":369,"caption":"Floripa Quilt"},"image":{"@id":"https:\/\/floripaquilt.com.br\/2026\/#\/schema\/logo\/image\/"}}]}},"jetpack_sharing_enabled":true,"_links":{"self":[{"href":"https:\/\/floripaquilt.com.br\/2026\/wp-json\/wp\/v2\/product\/11894","targetHints":{"allow":["GET"]}}],"collection":[{"href":"https:\/\/floripaquilt.com.br\/2026\/wp-json\/wp\/v2\/product"}],"about":[{"href":"https:\/\/floripaquilt.com.br\/2026\/wp-json\/wp\/v2\/types\/product"}],"replies":[{"embeddable":true,"href":"https:\/\/floripaquilt.com.br\/2026\/wp-json\/wp\/v2\/comments?post=11894"}],"wp:featuredmedia":[{"embeddable":true,"href":"https:\/\/floripaquilt.com.br\/2026\/wp-json\/wp\/v2\/media\/11895"}],"wp:attachment":[{"href":"https:\/\/floripaquilt.com.br\/2026\/wp-json\/wp\/v2\/media?parent=11894"}],"wp:term":[{"taxonomy":"product_brand","embeddable":true,"href":"https:\/\/floripaquilt.com.br\/2026\/wp-json\/wp\/v2\/product_brand?post=11894"},{"taxonomy":"product_cat","embeddable":true,"href":"https:\/\/floripaquilt.com.br\/2026\/wp-json\/wp\/v2\/product_cat?post=11894"},{"taxonomy":"product_tag","embeddable":true,"href":"https:\/\/floripaquilt.com.br\/2026\/wp-json\/wp\/v2\/product_tag?post=11894"}],"curies":[{"name":"wp","href":"https:\/\/api.w.org\/{rel}","templated":true}]}}