{"id":11839,"date":"2026-03-04T13:06:36","date_gmt":"2026-03-04T16:06:36","guid":{"rendered":"https:\/\/floripaquilt.com.br\/2026\/?post_type=product&#038;p=11839"},"modified":"2026-04-22T15:25:08","modified_gmt":"2026-04-22T18:25:08","slug":"meus-bichinhos-marine-heil","status":"publish","type":"product","link":"https:\/\/floripaquilt.com.br\/2026\/produto\/meus-bichinhos-marine-heil\/","title":{"rendered":"23\/04 &#8211; MEUS BICHINHOS (MARINE HEIL)"},"content":{"rendered":"<p><strong>R$ 195,00<\/strong><\/p>\n<p><strong>Por:<\/strong> <strong>Marine Heil, SC\/Brasil.<\/strong><\/p>\n<p><strong>Data:\u202f<\/strong>23 de abril \u2013 quinta-feira<\/p>\n<p><strong>Carga hor\u00e1ria<\/strong>: 15 h \u00e0s 18h \u2013 3h\/a<\/p>\n<p><strong>Descritivo:<\/strong> Um curso encantador de costura criativa onde cada aluna poder\u00e1 escolher qual bichinho deseja confeccionar durante a aula \u2014 respeitando seu estilo, n\u00edvel e prefer\u00eancia.<\/p>\n<p>Durante a oficina, voc\u00ea aprender\u00e1 t\u00e9cnicas de montagem, propor\u00e7\u00e3o e acabamento que fazem toda a diferen\u00e7a no resultado final.<\/p>\n<p>Com 20 anos de experi\u00eancia no mercado artesanal, Marine Heil ensina de forma clara, leve e acolhedora, compartilhando t\u00e9cnicas que transformam tecido em pe\u00e7as delicadas, autorais e com alto valor agregado.<\/p>\n<p>\ud83d\udc9b O que voc\u00ea vai aprender:<\/p>\n<p>* Estrutura e montagem do bichinho<\/p>\n<p>* T\u00e9cnicas de costura e enchimento correto<\/p>\n<p>* Aplica\u00e7\u00e3o de detalhes e express\u00f5es<\/p>\n<p>* Acabamentos que elevam o padr\u00e3o da pe\u00e7a<\/p>\n<p>* Dicas de propor\u00e7\u00e3o e harmonia<\/p>\n<p>* Orienta\u00e7\u00f5es para valoriza\u00e7\u00e3o e venda<\/p>\n<p><strong>Pr\u00e9-requisitos<\/strong>: Gostar de costura e do fazer \u00e0 m\u00e3o.<\/p>\n<p><strong>Material necess\u00e1rio: <\/strong>Agulha de m\u00e3o, tesoura para tecido, alfinetes e caneta para marca\u00e7\u00e3o de tecido.<\/p>\n<p><strong>Observa\u00e7\u00f5es:\u00a0<\/strong><\/p>\n<p>O\u00a0material solicitado \u00e9 imprescind\u00edvel para participa\u00e7\u00e3o no curso\/oficina.<\/p>\n<p>Atente-se para n\u00e3o comprar cursos\/oficinas no mesmo dia e hor\u00e1rio.<\/p>\n<p>Ap\u00f3s o pagamento, a sua matr\u00edcula \u00e9 automaticamente confirmada no curso\/oficina escolhido, portanto\u00a0<strong>n\u00e3o h\u00e1 possibilidade de reembolso dos valores.<\/strong><\/p>\n<p>Em caso de desist\u00eancia, sua inscri\u00e7\u00e3o poder\u00e1 ser transferida para outra pessoa por indica\u00e7\u00e3o enviando os dados da compra e da pessoa que vir\u00e1 no seu lugar para o email: <a href=\"mailto:fqcursos@gmail.com\">fqcursos@gmail.com<\/a><\/p>\n","protected":false},"excerpt":{"rendered":"<p><strong>R$ 195,00<\/strong><\/p>\n<p><strong>Por:<\/strong> <strong>Marine Heil, SC\/Brasil.<\/strong><\/p>\n<p><strong>Data:\u202f<\/strong>23 de abril \u2013 quinta-feira<\/p>\n<p><strong>Carga hor\u00e1ria<\/strong>: 15 h \u00e0s 18h \u2013 3h\/a<\/p>\n<p><strong>Descritivo:<\/strong> Um curso encantador de costura criativa onde cada aluna poder\u00e1 escolher qual bichinho deseja confeccionar durante a aula \u2014 respeitando seu estilo, n\u00edvel e prefer\u00eancia.<\/p>\n<p>Durante a oficina, voc\u00ea aprender\u00e1 t\u00e9cnicas de montagem, propor\u00e7\u00e3o e acabamento que fazem toda a diferen\u00e7a no resultado final.<\/p>\n<p>Com 20 anos de experi\u00eancia no mercado artesanal, Marine Heil ensina de forma clara, leve e acolhedora, compartilhando t\u00e9cnicas que transformam tecido em pe\u00e7as delicadas, autorais e com alto valor agregado.<\/p>\n<p>\ud83d\udc9b O que voc\u00ea vai aprender:<\/p>\n<p>* Estrutura e montagem do bichinho<\/p>\n<p>* T\u00e9cnicas de costura e enchimento correto<\/p>\n<p>* Aplica\u00e7\u00e3o de detalhes e express\u00f5es<\/p>\n<p>* Acabamentos que elevam o padr\u00e3o da pe\u00e7a<\/p>\n<p>* Dicas de propor\u00e7\u00e3o e harmonia<\/p>\n<p>* Orienta\u00e7\u00f5es para valoriza\u00e7\u00e3o e venda<\/p>\n<p><strong>Pr\u00e9-requisitos<\/strong>: Gostar de costura e do fazer \u00e0 m\u00e3o.<\/p>\n<p><strong>Material necess\u00e1rio: <\/strong>Agulha de m\u00e3o, tesoura para tecido, alfinetes e caneta para marca\u00e7\u00e3o de tecido.<\/p>\n<p><strong>Observa\u00e7\u00f5es:\u00a0<\/strong><\/p>\n<p>O\u00a0material solicitado \u00e9 imprescind\u00edvel para participa\u00e7\u00e3o no curso\/oficina.<\/p>\n<p>Atente-se para n\u00e3o comprar cursos\/oficinas no mesmo dia e hor\u00e1rio.<\/p>\n<p>Ap\u00f3s o pagamento, a sua matr\u00edcula \u00e9 automaticamente confirmada no curso\/oficina escolhido, portanto\u00a0<strong>n\u00e3o h\u00e1 possibilidade de reembolso dos valores.<\/strong><\/p>\n<p>Em caso de desist\u00eancia, sua inscri\u00e7\u00e3o poder\u00e1 ser transferida para outra pessoa por indica\u00e7\u00e3o enviando os dados da compra e da pessoa que vir\u00e1 no seu lugar para o email: <a href=\"mailto:fqcursos@gmail.com\">fqcursos@gmail.com<\/a><\/p>\n","protected":false},"featured_media":11824,"comment_status":"closed","ping_status":"closed","template":"","meta":{"_monsterinsights_skip_tracking":false,"_monsterinsights_sitenote_active":false,"_monsterinsights_sitenote_note":"","_monsterinsights_sitenote_category":0,"_uf_show_specific_survey":0,"_uf_disable_surveys":false},"product_brand":[],"product_cat":[191],"product_tag":[],"class_list":{"0":"post-11839","1":"product","2":"type-product","3":"status-publish","4":"has-post-thumbnail","6":"product_cat-cursos-oficinas-2026","8":"first","9":"instock","10":"shipping-taxable","11":"purchasable","12":"product-type-simple"},"acf":[],"yoast_head":"<!-- This site is optimized with the Yoast SEO plugin v27.4 - https:\/\/yoast.com\/product\/yoast-seo-wordpress\/ -->\n<title>23\/04 - MEUS BICHINHOS (MARINE HEIL) - Floripa Quilt<\/title>\n<meta name=\"description\" content=\"R$ 195,00Por: Marine Heil, SC\/Brasil.Data:\u202f23 de abril \u2013 quinta-feiraCarga hor\u00e1ria: 15 h \u00e0s 18h \u2013 3h\/a\u00a0Descritivo: Um curso encantador de costura criativa onde cada aluna poder\u00e1 escolher qual bichinho deseja confeccionar durante a aula \u2014 respeitando seu estilo, n\u00edvel e prefer\u00eancia.Durante a oficina, voc\u00ea aprender\u00e1 t\u00e9cnicas de montagem, propor\u00e7\u00e3o e acabamento que fazem toda a diferen\u00e7a no resultado final.Com 20 anos de experi\u00eancia no mercado artesanal, Marine Heil ensina de forma clara, leve e acolhedora, compartilhando t\u00e9cnicas que transformam tecido em pe\u00e7as delicadas, autorais e com alto valor agregado.\ud83d\udc9b O que voc\u00ea vai aprender:* Estrutura e montagem do bichinho* T\u00e9cnicas de costura e enchimento correto* Aplica\u00e7\u00e3o de detalhes e express\u00f5es* Acabamentos que elevam o padr\u00e3o da pe\u00e7a* Dicas de propor\u00e7\u00e3o e harmonia* Orienta\u00e7\u00f5es para valoriza\u00e7\u00e3o e vendaPr\u00e9-requisitos: Gostar de costura e do fazer \u00e0 m\u00e3o.Material necess\u00e1rio: Agulha de m\u00e3o, tesoura para tecido, alfinetes e caneta para marca\u00e7\u00e3o de tecido.Observa\u00e7\u00f5es:\u00a0O\u00a0material solicitado \u00e9 imprescind\u00edvel para participa\u00e7\u00e3o no curso\/oficina.Atente-se para n\u00e3o comprar cursos\/oficinas no mesmo dia e hor\u00e1rio.Ap\u00f3s o pagamento, a sua matr\u00edcula \u00e9 automaticamente confirmada no curso\/oficina escolhido, portanto\u00a0n\u00e3o h\u00e1 possibilidade de reembolso dos valores.Em caso de desist\u00eancia, sua inscri\u00e7\u00e3o poder\u00e1 ser transferida para outra pessoa por indica\u00e7\u00e3o enviando os dados da compra e da pessoa que vir\u00e1 no seu lugar para o email: fqcursos@gmail.com\" \/>\n<meta name=\"robots\" content=\"index, follow, max-snippet:-1, max-image-preview:large, max-video-preview:-1\" \/>\n<link rel=\"canonical\" href=\"https:\/\/floripaquilt.com.br\/2026\/produto\/meus-bichinhos-marine-heil\/\" \/>\n<meta property=\"og:locale\" content=\"pt_BR\" \/>\n<meta property=\"og:type\" content=\"article\" \/>\n<meta property=\"og:title\" content=\"23\/04 - MEUS BICHINHOS (MARINE HEIL) - Floripa Quilt\" \/>\n<meta property=\"og:description\" content=\"R$ 195,00Por: Marine Heil, SC\/Brasil.Data:\u202f23 de abril \u2013 quinta-feiraCarga hor\u00e1ria: 15 h \u00e0s 18h \u2013 3h\/a\u00a0Descritivo: Um curso encantador de costura criativa onde cada aluna poder\u00e1 escolher qual bichinho deseja confeccionar durante a aula \u2014 respeitando seu estilo, n\u00edvel e prefer\u00eancia.Durante a oficina, voc\u00ea aprender\u00e1 t\u00e9cnicas de montagem, propor\u00e7\u00e3o e acabamento que fazem toda a diferen\u00e7a no resultado final.Com 20 anos de experi\u00eancia no mercado artesanal, Marine Heil ensina de forma clara, leve e acolhedora, compartilhando t\u00e9cnicas que transformam tecido em pe\u00e7as delicadas, autorais e com alto valor agregado.\ud83d\udc9b O que voc\u00ea vai aprender:* Estrutura e montagem do bichinho* T\u00e9cnicas de costura e enchimento correto* Aplica\u00e7\u00e3o de detalhes e express\u00f5es* Acabamentos que elevam o padr\u00e3o da pe\u00e7a* Dicas de propor\u00e7\u00e3o e harmonia* Orienta\u00e7\u00f5es para valoriza\u00e7\u00e3o e vendaPr\u00e9-requisitos: Gostar de costura e do fazer \u00e0 m\u00e3o.Material necess\u00e1rio: Agulha de m\u00e3o, tesoura para tecido, alfinetes e caneta para marca\u00e7\u00e3o de tecido.Observa\u00e7\u00f5es:\u00a0O\u00a0material solicitado \u00e9 imprescind\u00edvel para participa\u00e7\u00e3o no curso\/oficina.Atente-se para n\u00e3o comprar cursos\/oficinas no mesmo dia e hor\u00e1rio.Ap\u00f3s o pagamento, a sua matr\u00edcula \u00e9 automaticamente confirmada no curso\/oficina escolhido, portanto\u00a0n\u00e3o h\u00e1 possibilidade de reembolso dos valores.Em caso de desist\u00eancia, sua inscri\u00e7\u00e3o poder\u00e1 ser transferida para outra pessoa por indica\u00e7\u00e3o enviando os dados da compra e da pessoa que vir\u00e1 no seu lugar para o email: fqcursos@gmail.com\" \/>\n<meta property=\"og:url\" content=\"https:\/\/floripaquilt.com.br\/2026\/produto\/meus-bichinhos-marine-heil\/\" \/>\n<meta property=\"og:site_name\" content=\"Floripa Quilt\" \/>\n<meta property=\"article:modified_time\" content=\"2026-04-22T18:25:08+00:00\" \/>\n<meta property=\"og:image\" content=\"https:\/\/floripaquilt.com.br\/2026\/wp-content\/uploads\/2026\/02\/WhatsApp-Image-2026-02-28-at-07.05.14.jpeg\" \/>\n\t<meta property=\"og:image:width\" content=\"1024\" \/>\n\t<meta property=\"og:image:height\" content=\"1536\" \/>\n\t<meta property=\"og:image:type\" content=\"image\/jpeg\" \/>\n<meta name=\"twitter:card\" content=\"summary_large_image\" \/>\n<meta name=\"twitter:label1\" content=\"Est. tempo de leitura\" \/>\n\t<meta name=\"twitter:data1\" content=\"2 minutos\" \/>\n<script type=\"application\/ld+json\" class=\"yoast-schema-graph\">{\"@context\":\"https:\\\/\\\/schema.org\",\"@graph\":[{\"@type\":\"WebPage\",\"@id\":\"https:\\\/\\\/floripaquilt.com.br\\\/2026\\\/produto\\\/meus-bichinhos-marine-heil\\\/\",\"url\":\"https:\\\/\\\/floripaquilt.com.br\\\/2026\\\/produto\\\/meus-bichinhos-marine-heil\\\/\",\"name\":\"23\\\/04 - MEUS BICHINHOS (MARINE HEIL) - Floripa Quilt\",\"isPartOf\":{\"@id\":\"https:\\\/\\\/floripaquilt.com.br\\\/2026\\\/#website\"},\"primaryImageOfPage\":{\"@id\":\"https:\\\/\\\/floripaquilt.com.br\\\/2026\\\/produto\\\/meus-bichinhos-marine-heil\\\/#primaryimage\"},\"image\":{\"@id\":\"https:\\\/\\\/floripaquilt.com.br\\\/2026\\\/produto\\\/meus-bichinhos-marine-heil\\\/#primaryimage\"},\"thumbnailUrl\":\"https:\\\/\\\/floripaquilt.com.br\\\/2026\\\/wp-content\\\/uploads\\\/2026\\\/02\\\/WhatsApp-Image-2026-02-28-at-07.05.14.jpeg\",\"datePublished\":\"2026-03-04T16:06:36+00:00\",\"dateModified\":\"2026-04-22T18:25:08+00:00\",\"description\":\"R$ 195,00Por: Marine Heil, SC\\\/Brasil.Data:\u202f23 de abril \u2013 quinta-feiraCarga hor\u00e1ria: 15 h \u00e0s 18h \u2013 3h\\\/a\u00a0Descritivo: Um curso encantador de costura criativa onde cada aluna poder\u00e1 escolher qual bichinho deseja confeccionar durante a aula \u2014 respeitando seu estilo, n\u00edvel e prefer\u00eancia.Durante a oficina, voc\u00ea aprender\u00e1 t\u00e9cnicas de montagem, propor\u00e7\u00e3o e acabamento que fazem toda a diferen\u00e7a no resultado final.Com 20 anos de experi\u00eancia no mercado artesanal, Marine Heil ensina de forma clara, leve e acolhedora, compartilhando t\u00e9cnicas que transformam tecido em pe\u00e7as delicadas, autorais e com alto valor agregado.\ud83d\udc9b O que voc\u00ea vai aprender:* Estrutura e montagem do bichinho* T\u00e9cnicas de costura e enchimento correto* Aplica\u00e7\u00e3o de detalhes e express\u00f5es* Acabamentos que elevam o padr\u00e3o da pe\u00e7a* Dicas de propor\u00e7\u00e3o e harmonia* Orienta\u00e7\u00f5es para valoriza\u00e7\u00e3o e vendaPr\u00e9-requisitos: Gostar de costura e do fazer \u00e0 m\u00e3o.Material necess\u00e1rio: Agulha de m\u00e3o, tesoura para tecido, alfinetes e caneta para marca\u00e7\u00e3o de tecido.Observa\u00e7\u00f5es:\u00a0O\u00a0material solicitado \u00e9 imprescind\u00edvel para participa\u00e7\u00e3o no curso\\\/oficina.Atente-se para n\u00e3o comprar cursos\\\/oficinas no mesmo dia e hor\u00e1rio.Ap\u00f3s o pagamento, a sua matr\u00edcula \u00e9 automaticamente confirmada no curso\\\/oficina escolhido, portanto\u00a0n\u00e3o h\u00e1 possibilidade de reembolso dos valores.Em caso de desist\u00eancia, sua inscri\u00e7\u00e3o poder\u00e1 ser transferida para outra pessoa por indica\u00e7\u00e3o enviando os dados da compra e da pessoa que vir\u00e1 no seu lugar para o email: fqcursos@gmail.com\",\"breadcrumb\":{\"@id\":\"https:\\\/\\\/floripaquilt.com.br\\\/2026\\\/produto\\\/meus-bichinhos-marine-heil\\\/#breadcrumb\"},\"inLanguage\":\"pt-BR\",\"potentialAction\":[{\"@type\":\"ReadAction\",\"target\":[\"https:\\\/\\\/floripaquilt.com.br\\\/2026\\\/produto\\\/meus-bichinhos-marine-heil\\\/\"]}]},{\"@type\":\"ImageObject\",\"inLanguage\":\"pt-BR\",\"@id\":\"https:\\\/\\\/floripaquilt.com.br\\\/2026\\\/produto\\\/meus-bichinhos-marine-heil\\\/#primaryimage\",\"url\":\"https:\\\/\\\/floripaquilt.com.br\\\/2026\\\/wp-content\\\/uploads\\\/2026\\\/02\\\/WhatsApp-Image-2026-02-28-at-07.05.14.jpeg\",\"contentUrl\":\"https:\\\/\\\/floripaquilt.com.br\\\/2026\\\/wp-content\\\/uploads\\\/2026\\\/02\\\/WhatsApp-Image-2026-02-28-at-07.05.14.jpeg\",\"width\":1024,\"height\":1536},{\"@type\":\"BreadcrumbList\",\"@id\":\"https:\\\/\\\/floripaquilt.com.br\\\/2026\\\/produto\\\/meus-bichinhos-marine-heil\\\/#breadcrumb\",\"itemListElement\":[{\"@type\":\"ListItem\",\"position\":1,\"name\":\"In\u00edcio\",\"item\":\"https:\\\/\\\/floripaquilt.com.br\\\/2026\\\/\"},{\"@type\":\"ListItem\",\"position\":2,\"name\":\"23\\\/04 &#8211; MEUS BICHINHOS (MARINE HEIL)\"}]},{\"@type\":\"WebSite\",\"@id\":\"https:\\\/\\\/floripaquilt.com.br\\\/2026\\\/#website\",\"url\":\"https:\\\/\\\/floripaquilt.com.br\\\/2026\\\/\",\"name\":\"Floripa Quilt\",\"description\":\"Floripa Quilt 2026 - 13\u00ba Festival de Patchwork, Arte T\u00eaxtil &amp; Boneca de Pano\",\"publisher\":{\"@id\":\"https:\\\/\\\/floripaquilt.com.br\\\/2026\\\/#organization\"},\"potentialAction\":[{\"@type\":\"SearchAction\",\"target\":{\"@type\":\"EntryPoint\",\"urlTemplate\":\"https:\\\/\\\/floripaquilt.com.br\\\/2026\\\/?s={search_term_string}\"},\"query-input\":{\"@type\":\"PropertyValueSpecification\",\"valueRequired\":true,\"valueName\":\"search_term_string\"}}],\"inLanguage\":\"pt-BR\"},{\"@type\":\"Organization\",\"@id\":\"https:\\\/\\\/floripaquilt.com.br\\\/2026\\\/#organization\",\"name\":\"Floripa Quilt\",\"url\":\"https:\\\/\\\/floripaquilt.com.br\\\/2026\\\/\",\"logo\":{\"@type\":\"ImageObject\",\"inLanguage\":\"pt-BR\",\"@id\":\"https:\\\/\\\/floripaquilt.com.br\\\/2026\\\/#\\\/schema\\\/logo\\\/image\\\/\",\"url\":\"https:\\\/\\\/floripaquilt.com.br\\\/2026\\\/wp-content\\\/uploads\\\/2025\\\/08\\\/Sem-titulo-2-scaled.jpg\",\"contentUrl\":\"https:\\\/\\\/floripaquilt.com.br\\\/2026\\\/wp-content\\\/uploads\\\/2025\\\/08\\\/Sem-titulo-2-scaled.jpg\",\"width\":2560,\"height\":369,\"caption\":\"Floripa Quilt\"},\"image\":{\"@id\":\"https:\\\/\\\/floripaquilt.com.br\\\/2026\\\/#\\\/schema\\\/logo\\\/image\\\/\"}}]}<\/script>\n<!-- \/ Yoast SEO plugin. -->","yoast_head_json":{"title":"23\/04 - MEUS BICHINHOS (MARINE HEIL) - Floripa Quilt","description":"R$ 195,00Por: Marine Heil, SC\/Brasil.Data:\u202f23 de abril \u2013 quinta-feiraCarga hor\u00e1ria: 15 h \u00e0s 18h \u2013 3h\/a\u00a0Descritivo: Um curso encantador de costura criativa onde cada aluna poder\u00e1 escolher qual bichinho deseja confeccionar durante a aula \u2014 respeitando seu estilo, n\u00edvel e prefer\u00eancia.Durante a oficina, voc\u00ea aprender\u00e1 t\u00e9cnicas de montagem, propor\u00e7\u00e3o e acabamento que fazem toda a diferen\u00e7a no resultado final.Com 20 anos de experi\u00eancia no mercado artesanal, Marine Heil ensina de forma clara, leve e acolhedora, compartilhando t\u00e9cnicas que transformam tecido em pe\u00e7as delicadas, autorais e com alto valor agregado.\ud83d\udc9b O que voc\u00ea vai aprender:* Estrutura e montagem do bichinho* T\u00e9cnicas de costura e enchimento correto* Aplica\u00e7\u00e3o de detalhes e express\u00f5es* Acabamentos que elevam o padr\u00e3o da pe\u00e7a* Dicas de propor\u00e7\u00e3o e harmonia* Orienta\u00e7\u00f5es para valoriza\u00e7\u00e3o e vendaPr\u00e9-requisitos: Gostar de costura e do fazer \u00e0 m\u00e3o.Material necess\u00e1rio: Agulha de m\u00e3o, tesoura para tecido, alfinetes e caneta para marca\u00e7\u00e3o de tecido.Observa\u00e7\u00f5es:\u00a0O\u00a0material solicitado \u00e9 imprescind\u00edvel para participa\u00e7\u00e3o no curso\/oficina.Atente-se para n\u00e3o comprar cursos\/oficinas no mesmo dia e hor\u00e1rio.Ap\u00f3s o pagamento, a sua matr\u00edcula \u00e9 automaticamente confirmada no curso\/oficina escolhido, portanto\u00a0n\u00e3o h\u00e1 possibilidade de reembolso dos valores.Em caso de desist\u00eancia, sua inscri\u00e7\u00e3o poder\u00e1 ser transferida para outra pessoa por indica\u00e7\u00e3o enviando os dados da compra e da pessoa que vir\u00e1 no seu lugar para o email: fqcursos@gmail.com","robots":{"index":"index","follow":"follow","max-snippet":"max-snippet:-1","max-image-preview":"max-image-preview:large","max-video-preview":"max-video-preview:-1"},"canonical":"https:\/\/floripaquilt.com.br\/2026\/produto\/meus-bichinhos-marine-heil\/","og_locale":"pt_BR","og_type":"article","og_title":"23\/04 - MEUS BICHINHOS (MARINE HEIL) - Floripa Quilt","og_description":"R$ 195,00Por: Marine Heil, SC\/Brasil.Data:\u202f23 de abril \u2013 quinta-feiraCarga hor\u00e1ria: 15 h \u00e0s 18h \u2013 3h\/a\u00a0Descritivo: Um curso encantador de costura criativa onde cada aluna poder\u00e1 escolher qual bichinho deseja confeccionar durante a aula \u2014 respeitando seu estilo, n\u00edvel e prefer\u00eancia.Durante a oficina, voc\u00ea aprender\u00e1 t\u00e9cnicas de montagem, propor\u00e7\u00e3o e acabamento que fazem toda a diferen\u00e7a no resultado final.Com 20 anos de experi\u00eancia no mercado artesanal, Marine Heil ensina de forma clara, leve e acolhedora, compartilhando t\u00e9cnicas que transformam tecido em pe\u00e7as delicadas, autorais e com alto valor agregado.\ud83d\udc9b O que voc\u00ea vai aprender:* Estrutura e montagem do bichinho* T\u00e9cnicas de costura e enchimento correto* Aplica\u00e7\u00e3o de detalhes e express\u00f5es* Acabamentos que elevam o padr\u00e3o da pe\u00e7a* Dicas de propor\u00e7\u00e3o e harmonia* Orienta\u00e7\u00f5es para valoriza\u00e7\u00e3o e vendaPr\u00e9-requisitos: Gostar de costura e do fazer \u00e0 m\u00e3o.Material necess\u00e1rio: Agulha de m\u00e3o, tesoura para tecido, alfinetes e caneta para marca\u00e7\u00e3o de tecido.Observa\u00e7\u00f5es:\u00a0O\u00a0material solicitado \u00e9 imprescind\u00edvel para participa\u00e7\u00e3o no curso\/oficina.Atente-se para n\u00e3o comprar cursos\/oficinas no mesmo dia e hor\u00e1rio.Ap\u00f3s o pagamento, a sua matr\u00edcula \u00e9 automaticamente confirmada no curso\/oficina escolhido, portanto\u00a0n\u00e3o h\u00e1 possibilidade de reembolso dos valores.Em caso de desist\u00eancia, sua inscri\u00e7\u00e3o poder\u00e1 ser transferida para outra pessoa por indica\u00e7\u00e3o enviando os dados da compra e da pessoa que vir\u00e1 no seu lugar para o email: fqcursos@gmail.com","og_url":"https:\/\/floripaquilt.com.br\/2026\/produto\/meus-bichinhos-marine-heil\/","og_site_name":"Floripa Quilt","article_modified_time":"2026-04-22T18:25:08+00:00","og_image":[{"width":1024,"height":1536,"url":"https:\/\/floripaquilt.com.br\/2026\/wp-content\/uploads\/2026\/02\/WhatsApp-Image-2026-02-28-at-07.05.14.jpeg","type":"image\/jpeg"}],"twitter_card":"summary_large_image","twitter_misc":{"Est. tempo de leitura":"2 minutos"},"schema":{"@context":"https:\/\/schema.org","@graph":[{"@type":"WebPage","@id":"https:\/\/floripaquilt.com.br\/2026\/produto\/meus-bichinhos-marine-heil\/","url":"https:\/\/floripaquilt.com.br\/2026\/produto\/meus-bichinhos-marine-heil\/","name":"23\/04 - MEUS BICHINHOS (MARINE HEIL) - Floripa Quilt","isPartOf":{"@id":"https:\/\/floripaquilt.com.br\/2026\/#website"},"primaryImageOfPage":{"@id":"https:\/\/floripaquilt.com.br\/2026\/produto\/meus-bichinhos-marine-heil\/#primaryimage"},"image":{"@id":"https:\/\/floripaquilt.com.br\/2026\/produto\/meus-bichinhos-marine-heil\/#primaryimage"},"thumbnailUrl":"https:\/\/floripaquilt.com.br\/2026\/wp-content\/uploads\/2026\/02\/WhatsApp-Image-2026-02-28-at-07.05.14.jpeg","datePublished":"2026-03-04T16:06:36+00:00","dateModified":"2026-04-22T18:25:08+00:00","description":"R$ 195,00Por: Marine Heil, SC\/Brasil.Data:\u202f23 de abril \u2013 quinta-feiraCarga hor\u00e1ria: 15 h \u00e0s 18h \u2013 3h\/a\u00a0Descritivo: Um curso encantador de costura criativa onde cada aluna poder\u00e1 escolher qual bichinho deseja confeccionar durante a aula \u2014 respeitando seu estilo, n\u00edvel e prefer\u00eancia.Durante a oficina, voc\u00ea aprender\u00e1 t\u00e9cnicas de montagem, propor\u00e7\u00e3o e acabamento que fazem toda a diferen\u00e7a no resultado final.Com 20 anos de experi\u00eancia no mercado artesanal, Marine Heil ensina de forma clara, leve e acolhedora, compartilhando t\u00e9cnicas que transformam tecido em pe\u00e7as delicadas, autorais e com alto valor agregado.\ud83d\udc9b O que voc\u00ea vai aprender:* Estrutura e montagem do bichinho* T\u00e9cnicas de costura e enchimento correto* Aplica\u00e7\u00e3o de detalhes e express\u00f5es* Acabamentos que elevam o padr\u00e3o da pe\u00e7a* Dicas de propor\u00e7\u00e3o e harmonia* Orienta\u00e7\u00f5es para valoriza\u00e7\u00e3o e vendaPr\u00e9-requisitos: Gostar de costura e do fazer \u00e0 m\u00e3o.Material necess\u00e1rio: Agulha de m\u00e3o, tesoura para tecido, alfinetes e caneta para marca\u00e7\u00e3o de tecido.Observa\u00e7\u00f5es:\u00a0O\u00a0material solicitado \u00e9 imprescind\u00edvel para participa\u00e7\u00e3o no curso\/oficina.Atente-se para n\u00e3o comprar cursos\/oficinas no mesmo dia e hor\u00e1rio.Ap\u00f3s o pagamento, a sua matr\u00edcula \u00e9 automaticamente confirmada no curso\/oficina escolhido, portanto\u00a0n\u00e3o h\u00e1 possibilidade de reembolso dos valores.Em caso de desist\u00eancia, sua inscri\u00e7\u00e3o poder\u00e1 ser transferida para outra pessoa por indica\u00e7\u00e3o enviando os dados da compra e da pessoa que vir\u00e1 no seu lugar para o email: fqcursos@gmail.com","breadcrumb":{"@id":"https:\/\/floripaquilt.com.br\/2026\/produto\/meus-bichinhos-marine-heil\/#breadcrumb"},"inLanguage":"pt-BR","potentialAction":[{"@type":"ReadAction","target":["https:\/\/floripaquilt.com.br\/2026\/produto\/meus-bichinhos-marine-heil\/"]}]},{"@type":"ImageObject","inLanguage":"pt-BR","@id":"https:\/\/floripaquilt.com.br\/2026\/produto\/meus-bichinhos-marine-heil\/#primaryimage","url":"https:\/\/floripaquilt.com.br\/2026\/wp-content\/uploads\/2026\/02\/WhatsApp-Image-2026-02-28-at-07.05.14.jpeg","contentUrl":"https:\/\/floripaquilt.com.br\/2026\/wp-content\/uploads\/2026\/02\/WhatsApp-Image-2026-02-28-at-07.05.14.jpeg","width":1024,"height":1536},{"@type":"BreadcrumbList","@id":"https:\/\/floripaquilt.com.br\/2026\/produto\/meus-bichinhos-marine-heil\/#breadcrumb","itemListElement":[{"@type":"ListItem","position":1,"name":"In\u00edcio","item":"https:\/\/floripaquilt.com.br\/2026\/"},{"@type":"ListItem","position":2,"name":"23\/04 &#8211; MEUS BICHINHOS (MARINE HEIL)"}]},{"@type":"WebSite","@id":"https:\/\/floripaquilt.com.br\/2026\/#website","url":"https:\/\/floripaquilt.com.br\/2026\/","name":"Floripa Quilt","description":"Floripa Quilt 2026 - 13\u00ba Festival de Patchwork, Arte T\u00eaxtil &amp; Boneca de Pano","publisher":{"@id":"https:\/\/floripaquilt.com.br\/2026\/#organization"},"potentialAction":[{"@type":"SearchAction","target":{"@type":"EntryPoint","urlTemplate":"https:\/\/floripaquilt.com.br\/2026\/?s={search_term_string}"},"query-input":{"@type":"PropertyValueSpecification","valueRequired":true,"valueName":"search_term_string"}}],"inLanguage":"pt-BR"},{"@type":"Organization","@id":"https:\/\/floripaquilt.com.br\/2026\/#organization","name":"Floripa Quilt","url":"https:\/\/floripaquilt.com.br\/2026\/","logo":{"@type":"ImageObject","inLanguage":"pt-BR","@id":"https:\/\/floripaquilt.com.br\/2026\/#\/schema\/logo\/image\/","url":"https:\/\/floripaquilt.com.br\/2026\/wp-content\/uploads\/2025\/08\/Sem-titulo-2-scaled.jpg","contentUrl":"https:\/\/floripaquilt.com.br\/2026\/wp-content\/uploads\/2025\/08\/Sem-titulo-2-scaled.jpg","width":2560,"height":369,"caption":"Floripa Quilt"},"image":{"@id":"https:\/\/floripaquilt.com.br\/2026\/#\/schema\/logo\/image\/"}}]}},"jetpack_sharing_enabled":true,"_links":{"self":[{"href":"https:\/\/floripaquilt.com.br\/2026\/wp-json\/wp\/v2\/product\/11839","targetHints":{"allow":["GET"]}}],"collection":[{"href":"https:\/\/floripaquilt.com.br\/2026\/wp-json\/wp\/v2\/product"}],"about":[{"href":"https:\/\/floripaquilt.com.br\/2026\/wp-json\/wp\/v2\/types\/product"}],"replies":[{"embeddable":true,"href":"https:\/\/floripaquilt.com.br\/2026\/wp-json\/wp\/v2\/comments?post=11839"}],"wp:featuredmedia":[{"embeddable":true,"href":"https:\/\/floripaquilt.com.br\/2026\/wp-json\/wp\/v2\/media\/11824"}],"wp:attachment":[{"href":"https:\/\/floripaquilt.com.br\/2026\/wp-json\/wp\/v2\/media?parent=11839"}],"wp:term":[{"taxonomy":"product_brand","embeddable":true,"href":"https:\/\/floripaquilt.com.br\/2026\/wp-json\/wp\/v2\/product_brand?post=11839"},{"taxonomy":"product_cat","embeddable":true,"href":"https:\/\/floripaquilt.com.br\/2026\/wp-json\/wp\/v2\/product_cat?post=11839"},{"taxonomy":"product_tag","embeddable":true,"href":"https:\/\/floripaquilt.com.br\/2026\/wp-json\/wp\/v2\/product_tag?post=11839"}],"curies":[{"name":"wp","href":"https:\/\/api.w.org\/{rel}","templated":true}]}}