{"id":11603,"date":"2026-02-07T11:23:02","date_gmt":"2026-02-07T14:23:02","guid":{"rendered":"https:\/\/floripaquilt.com.br\/2026\/?post_type=product&#038;p=11603"},"modified":"2026-04-22T16:38:19","modified_gmt":"2026-04-22T19:38:19","slug":"25-04-dalia-elis-marina-sehnem-engels","status":"publish","type":"product","link":"https:\/\/floripaquilt.com.br\/2026\/produto\/25-04-dalia-elis-marina-sehnem-engels\/","title":{"rendered":"25\/04 \u2013 D\u00c1LIA (ELIS MARINA SEHNEM ENGELS)"},"content":{"rendered":"<p><strong><div class=\"gtranslate_wrapper\" id=\"gt-wrapper-24275315\"><\/div><\/strong><\/p>\n<p>&nbsp;<\/p>\n<p><strong>R$ 260,00 kit R$ 125,00<\/strong><\/p>\n<p><strong>Por:<\/strong> <strong>Elis Marina Sehnem Engels, SC\/Brasil.<\/strong><\/p>\n<p><strong>Data:\u202f<\/strong>25 de abril \u2013 s\u00e1bado<\/p>\n<p><strong>Carga hor\u00e1ria<\/strong>: 9h \u00e0s 16h \u2013 6h\/a (1 hora de intervalo)<\/p>\n<p><strong>Descritivo:<\/strong> Nesta aula, os participantes ir\u00e3o aprofundar conhecimentos em patchwork tradicional por meio da constru\u00e7\u00e3o de um projeto no formato 70 x 70 cm, explorando t\u00e9cnicas de n\u00edvel m\u00e9dio\/alto que exigem precis\u00e3o, planejamento e qualidade de acabamento.<\/p>\n<p>Ser\u00e3o trabalhados processos de escolha e combina\u00e7\u00e3o de tecidos, organiza\u00e7\u00e3o de blocos, montagem estrutural e ajustes de costura, visando um resultado harmonioso e tecnicamente refinado.<\/p>\n<p>Durante o desenvolvimento do projeto, os participantes ir\u00e3o aprimorar controle de medidas, alinhamento e composi\u00e7\u00e3o, compreendendo como esses fatores influenciam diretamente na qualidade final da pe\u00e7a.<\/p>\n<p>A aula \u00e9 indicada para quem j\u00e1 possui alguma experi\u00eancia em patchwork e deseja elevar seu n\u00edvel t\u00e9cnico, ganhar seguran\u00e7a na execu\u00e7\u00e3o e produzir trabalhos com padr\u00e3o profissional.<\/p>\n<p><strong>Pr\u00e9-requisitos<\/strong>: Conhecimentos b\u00e1sicos de patchwork e boa vontade de aprender.<\/p>\n<p><strong>Material necess\u00e1rio: <\/strong>R\u00e9gua em polegadas, tesoura, cortador circular, alfinetes finos, linha para costurar em tom de cinza m\u00e9dio + 2 bobinas j\u00e1 carregadas com a mesma cor, lapiseira 0.7 e caneta fantasma.<\/p>\n<p><strong>Observa\u00e7\u00f5es:\u00a0<\/strong><\/p>\n<p>O\u00a0material solicitado \u00e9 imprescind\u00edvel para participa\u00e7\u00e3o no curso\/oficina.<\/p>\n<p>Atente-se para n\u00e3o comprar cursos\/oficinas no mesmo dia e hor\u00e1rio.<\/p>\n<p>Ap\u00f3s o pagamento, a sua matr\u00edcula \u00e9 automaticamente confirmada no curso\/oficina escolhido, portanto\u00a0<strong>n\u00e3o h\u00e1 possibilidade de reembolso dos valores.<\/strong><\/p>\n<p>Em caso de desist\u00eancia, sua inscri\u00e7\u00e3o poder\u00e1 ser transferida para outra pessoa por indica\u00e7\u00e3o enviando os dados da compra e da pessoa que vir\u00e1 no seu lugar para o email: <a href=\"mailto:fqcursos@gmail.com\">fqcursos@gmail.com<\/a><\/p>\n","protected":false},"excerpt":{"rendered":"<p><strong>[gtranslate]<\/strong><\/p>\n<p>&nbsp;<\/p>\n<p><strong>R$ 260,00 kit R$ 125,00<\/strong><\/p>\n<p><strong>Por:<\/strong> <strong>Elis Marina Sehnem Engels, SC\/Brasil.<\/strong><\/p>\n<p><strong>Data:\u202f<\/strong>25 de abril \u2013 s\u00e1bado<\/p>\n<p><strong>Carga hor\u00e1ria<\/strong>: 9h \u00e0s 16h \u2013 6h\/a (1 hora de intervalo)<\/p>\n<p><strong>Descritivo:<\/strong> Nesta aula, os participantes ir\u00e3o aprofundar conhecimentos em patchwork tradicional por meio da constru\u00e7\u00e3o de um projeto no formato 70 x 70 cm, explorando t\u00e9cnicas de n\u00edvel m\u00e9dio\/alto que exigem precis\u00e3o, planejamento e qualidade de acabamento.<\/p>\n<p>Ser\u00e3o trabalhados processos de escolha e combina\u00e7\u00e3o de tecidos, organiza\u00e7\u00e3o de blocos, montagem estrutural e ajustes de costura, visando um resultado harmonioso e tecnicamente refinado.<\/p>\n<p>Durante o desenvolvimento do projeto, os participantes ir\u00e3o aprimorar controle de medidas, alinhamento e composi\u00e7\u00e3o, compreendendo como esses fatores influenciam diretamente na qualidade final da pe\u00e7a.<\/p>\n<p>A aula \u00e9 indicada para quem j\u00e1 possui alguma experi\u00eancia em patchwork e deseja elevar seu n\u00edvel t\u00e9cnico, ganhar seguran\u00e7a na execu\u00e7\u00e3o e produzir trabalhos com padr\u00e3o profissional.<\/p>\n<p><strong>Pr\u00e9-requisitos<\/strong>: Conhecimentos b\u00e1sicos de patchwork e boa vontade de aprender.<\/p>\n<p><strong>Material necess\u00e1rio: <\/strong>R\u00e9gua em polegadas, tesoura, cortador circular, alfinetes finos, linha para costurar em tom de cinza m\u00e9dio + 2 bobinas j\u00e1 carregadas com a mesma cor, lapiseira 0.7 e caneta fantasma.<\/p>\n<p><strong>Observa\u00e7\u00f5es:\u00a0<\/strong><\/p>\n<p>O\u00a0material solicitado \u00e9 imprescind\u00edvel para participa\u00e7\u00e3o no curso\/oficina.<\/p>\n<p>Atente-se para n\u00e3o comprar cursos\/oficinas no mesmo dia e hor\u00e1rio.<\/p>\n<p>Ap\u00f3s o pagamento, a sua matr\u00edcula \u00e9 automaticamente confirmada no curso\/oficina escolhido, portanto\u00a0<strong>n\u00e3o h\u00e1 possibilidade de reembolso dos valores.<\/strong><\/p>\n<p>Em caso de desist\u00eancia, sua inscri\u00e7\u00e3o poder\u00e1 ser transferida para outra pessoa por indica\u00e7\u00e3o enviando os dados da compra e da pessoa que vir\u00e1 no seu lugar para o email: <a href=\"mailto:fqcursos@gmail.com\">fqcursos@gmail.com<\/a><\/p>\n","protected":false},"featured_media":11663,"comment_status":"closed","ping_status":"closed","template":"","meta":{"_monsterinsights_skip_tracking":false,"_monsterinsights_sitenote_active":false,"_monsterinsights_sitenote_note":"","_monsterinsights_sitenote_category":0,"_uf_show_specific_survey":0,"_uf_disable_surveys":false},"product_brand":[],"product_cat":[191],"product_tag":[],"class_list":{"0":"post-11603","1":"product","2":"type-product","3":"status-publish","4":"has-post-thumbnail","6":"product_cat-cursos-oficinas-2026","8":"first","9":"instock","10":"shipping-taxable","11":"purchasable","12":"product-type-simple"},"acf":[],"yoast_head":"<!-- This site is optimized with the Yoast SEO plugin v27.4 - https:\/\/yoast.com\/product\/yoast-seo-wordpress\/ -->\n<title>25\/04 \u2013 D\u00c1LIA (ELIS MARINA SEHNEM ENGELS) - Floripa Quilt<\/title>\n<meta name=\"description\" content=\"Floripa Quilt 25\/04 \u2013 D\u00c1LIA (ELIS MARINA SEHNEM ENGELS) -\" \/>\n<meta name=\"robots\" content=\"index, follow, max-snippet:-1, max-image-preview:large, max-video-preview:-1\" \/>\n<link rel=\"canonical\" href=\"https:\/\/floripaquilt.com.br\/2026\/produto\/25-04-dalia-elis-marina-sehnem-engels\/\" \/>\n<meta property=\"og:locale\" content=\"pt_BR\" \/>\n<meta property=\"og:type\" content=\"article\" \/>\n<meta property=\"og:title\" content=\"25\/04 \u2013 D\u00c1LIA (ELIS MARINA SEHNEM ENGELS) - Floripa Quilt\" \/>\n<meta property=\"og:description\" content=\"Floripa Quilt 25\/04 \u2013 D\u00c1LIA (ELIS MARINA SEHNEM ENGELS) -\" \/>\n<meta property=\"og:url\" content=\"https:\/\/floripaquilt.com.br\/2026\/produto\/25-04-dalia-elis-marina-sehnem-engels\/\" \/>\n<meta property=\"og:site_name\" content=\"Floripa Quilt\" \/>\n<meta property=\"article:modified_time\" content=\"2026-04-22T19:38:19+00:00\" \/>\n<meta property=\"og:image\" content=\"https:\/\/floripaquilt.com.br\/2026\/wp-content\/uploads\/2026\/02\/Sem-titulo-1-2.jpg\" \/>\n\t<meta property=\"og:image:width\" content=\"1368\" \/>\n\t<meta property=\"og:image:height\" content=\"1368\" \/>\n\t<meta property=\"og:image:type\" content=\"image\/jpeg\" \/>\n<meta name=\"twitter:card\" content=\"summary_large_image\" \/>\n<meta name=\"twitter:label1\" content=\"Est. tempo de leitura\" \/>\n\t<meta name=\"twitter:data1\" content=\"2 minutos\" \/>\n<script type=\"application\/ld+json\" class=\"yoast-schema-graph\">{\"@context\":\"https:\\\/\\\/schema.org\",\"@graph\":[{\"@type\":\"WebPage\",\"@id\":\"https:\\\/\\\/floripaquilt.com.br\\\/2026\\\/produto\\\/25-04-dalia-elis-marina-sehnem-engels\\\/\",\"url\":\"https:\\\/\\\/floripaquilt.com.br\\\/2026\\\/produto\\\/25-04-dalia-elis-marina-sehnem-engels\\\/\",\"name\":\"25\\\/04 \u2013 D\u00c1LIA (ELIS MARINA SEHNEM ENGELS) - Floripa Quilt\",\"isPartOf\":{\"@id\":\"https:\\\/\\\/floripaquilt.com.br\\\/2026\\\/#website\"},\"primaryImageOfPage\":{\"@id\":\"https:\\\/\\\/floripaquilt.com.br\\\/2026\\\/produto\\\/25-04-dalia-elis-marina-sehnem-engels\\\/#primaryimage\"},\"image\":{\"@id\":\"https:\\\/\\\/floripaquilt.com.br\\\/2026\\\/produto\\\/25-04-dalia-elis-marina-sehnem-engels\\\/#primaryimage\"},\"thumbnailUrl\":\"https:\\\/\\\/floripaquilt.com.br\\\/2026\\\/wp-content\\\/uploads\\\/2026\\\/02\\\/Sem-titulo-1-2.jpg\",\"datePublished\":\"2026-02-07T14:23:02+00:00\",\"dateModified\":\"2026-04-22T19:38:19+00:00\",\"description\":\"Floripa Quilt 25\\\/04 \u2013 D\u00c1LIA (ELIS MARINA SEHNEM ENGELS) -\",\"breadcrumb\":{\"@id\":\"https:\\\/\\\/floripaquilt.com.br\\\/2026\\\/produto\\\/25-04-dalia-elis-marina-sehnem-engels\\\/#breadcrumb\"},\"inLanguage\":\"pt-BR\",\"potentialAction\":[{\"@type\":\"ReadAction\",\"target\":[\"https:\\\/\\\/floripaquilt.com.br\\\/2026\\\/produto\\\/25-04-dalia-elis-marina-sehnem-engels\\\/\"]}]},{\"@type\":\"ImageObject\",\"inLanguage\":\"pt-BR\",\"@id\":\"https:\\\/\\\/floripaquilt.com.br\\\/2026\\\/produto\\\/25-04-dalia-elis-marina-sehnem-engels\\\/#primaryimage\",\"url\":\"https:\\\/\\\/floripaquilt.com.br\\\/2026\\\/wp-content\\\/uploads\\\/2026\\\/02\\\/Sem-titulo-1-2.jpg\",\"contentUrl\":\"https:\\\/\\\/floripaquilt.com.br\\\/2026\\\/wp-content\\\/uploads\\\/2026\\\/02\\\/Sem-titulo-1-2.jpg\",\"width\":1368,\"height\":1368},{\"@type\":\"BreadcrumbList\",\"@id\":\"https:\\\/\\\/floripaquilt.com.br\\\/2026\\\/produto\\\/25-04-dalia-elis-marina-sehnem-engels\\\/#breadcrumb\",\"itemListElement\":[{\"@type\":\"ListItem\",\"position\":1,\"name\":\"In\u00edcio\",\"item\":\"https:\\\/\\\/floripaquilt.com.br\\\/2026\\\/\"},{\"@type\":\"ListItem\",\"position\":2,\"name\":\"25\\\/04 \u2013 D\u00c1LIA (ELIS MARINA SEHNEM ENGELS)\"}]},{\"@type\":\"WebSite\",\"@id\":\"https:\\\/\\\/floripaquilt.com.br\\\/2026\\\/#website\",\"url\":\"https:\\\/\\\/floripaquilt.com.br\\\/2026\\\/\",\"name\":\"Floripa Quilt\",\"description\":\"Floripa Quilt 2026 - 13\u00ba Festival de Patchwork, Arte T\u00eaxtil &amp; Boneca de Pano\",\"publisher\":{\"@id\":\"https:\\\/\\\/floripaquilt.com.br\\\/2026\\\/#organization\"},\"potentialAction\":[{\"@type\":\"SearchAction\",\"target\":{\"@type\":\"EntryPoint\",\"urlTemplate\":\"https:\\\/\\\/floripaquilt.com.br\\\/2026\\\/?s={search_term_string}\"},\"query-input\":{\"@type\":\"PropertyValueSpecification\",\"valueRequired\":true,\"valueName\":\"search_term_string\"}}],\"inLanguage\":\"pt-BR\"},{\"@type\":\"Organization\",\"@id\":\"https:\\\/\\\/floripaquilt.com.br\\\/2026\\\/#organization\",\"name\":\"Floripa Quilt\",\"url\":\"https:\\\/\\\/floripaquilt.com.br\\\/2026\\\/\",\"logo\":{\"@type\":\"ImageObject\",\"inLanguage\":\"pt-BR\",\"@id\":\"https:\\\/\\\/floripaquilt.com.br\\\/2026\\\/#\\\/schema\\\/logo\\\/image\\\/\",\"url\":\"https:\\\/\\\/floripaquilt.com.br\\\/2026\\\/wp-content\\\/uploads\\\/2025\\\/08\\\/Sem-titulo-2-scaled.jpg\",\"contentUrl\":\"https:\\\/\\\/floripaquilt.com.br\\\/2026\\\/wp-content\\\/uploads\\\/2025\\\/08\\\/Sem-titulo-2-scaled.jpg\",\"width\":2560,\"height\":369,\"caption\":\"Floripa Quilt\"},\"image\":{\"@id\":\"https:\\\/\\\/floripaquilt.com.br\\\/2026\\\/#\\\/schema\\\/logo\\\/image\\\/\"}}]}<\/script>\n<!-- \/ Yoast SEO plugin. -->","yoast_head_json":{"title":"25\/04 \u2013 D\u00c1LIA (ELIS MARINA SEHNEM ENGELS) - Floripa Quilt","description":"Floripa Quilt 25\/04 \u2013 D\u00c1LIA (ELIS MARINA SEHNEM ENGELS) -","robots":{"index":"index","follow":"follow","max-snippet":"max-snippet:-1","max-image-preview":"max-image-preview:large","max-video-preview":"max-video-preview:-1"},"canonical":"https:\/\/floripaquilt.com.br\/2026\/produto\/25-04-dalia-elis-marina-sehnem-engels\/","og_locale":"pt_BR","og_type":"article","og_title":"25\/04 \u2013 D\u00c1LIA (ELIS MARINA SEHNEM ENGELS) - Floripa Quilt","og_description":"Floripa Quilt 25\/04 \u2013 D\u00c1LIA (ELIS MARINA SEHNEM ENGELS) -","og_url":"https:\/\/floripaquilt.com.br\/2026\/produto\/25-04-dalia-elis-marina-sehnem-engels\/","og_site_name":"Floripa Quilt","article_modified_time":"2026-04-22T19:38:19+00:00","og_image":[{"width":1368,"height":1368,"url":"https:\/\/floripaquilt.com.br\/2026\/wp-content\/uploads\/2026\/02\/Sem-titulo-1-2.jpg","type":"image\/jpeg"}],"twitter_card":"summary_large_image","twitter_misc":{"Est. tempo de leitura":"2 minutos"},"schema":{"@context":"https:\/\/schema.org","@graph":[{"@type":"WebPage","@id":"https:\/\/floripaquilt.com.br\/2026\/produto\/25-04-dalia-elis-marina-sehnem-engels\/","url":"https:\/\/floripaquilt.com.br\/2026\/produto\/25-04-dalia-elis-marina-sehnem-engels\/","name":"25\/04 \u2013 D\u00c1LIA (ELIS MARINA SEHNEM ENGELS) - Floripa Quilt","isPartOf":{"@id":"https:\/\/floripaquilt.com.br\/2026\/#website"},"primaryImageOfPage":{"@id":"https:\/\/floripaquilt.com.br\/2026\/produto\/25-04-dalia-elis-marina-sehnem-engels\/#primaryimage"},"image":{"@id":"https:\/\/floripaquilt.com.br\/2026\/produto\/25-04-dalia-elis-marina-sehnem-engels\/#primaryimage"},"thumbnailUrl":"https:\/\/floripaquilt.com.br\/2026\/wp-content\/uploads\/2026\/02\/Sem-titulo-1-2.jpg","datePublished":"2026-02-07T14:23:02+00:00","dateModified":"2026-04-22T19:38:19+00:00","description":"Floripa Quilt 25\/04 \u2013 D\u00c1LIA (ELIS MARINA SEHNEM ENGELS) -","breadcrumb":{"@id":"https:\/\/floripaquilt.com.br\/2026\/produto\/25-04-dalia-elis-marina-sehnem-engels\/#breadcrumb"},"inLanguage":"pt-BR","potentialAction":[{"@type":"ReadAction","target":["https:\/\/floripaquilt.com.br\/2026\/produto\/25-04-dalia-elis-marina-sehnem-engels\/"]}]},{"@type":"ImageObject","inLanguage":"pt-BR","@id":"https:\/\/floripaquilt.com.br\/2026\/produto\/25-04-dalia-elis-marina-sehnem-engels\/#primaryimage","url":"https:\/\/floripaquilt.com.br\/2026\/wp-content\/uploads\/2026\/02\/Sem-titulo-1-2.jpg","contentUrl":"https:\/\/floripaquilt.com.br\/2026\/wp-content\/uploads\/2026\/02\/Sem-titulo-1-2.jpg","width":1368,"height":1368},{"@type":"BreadcrumbList","@id":"https:\/\/floripaquilt.com.br\/2026\/produto\/25-04-dalia-elis-marina-sehnem-engels\/#breadcrumb","itemListElement":[{"@type":"ListItem","position":1,"name":"In\u00edcio","item":"https:\/\/floripaquilt.com.br\/2026\/"},{"@type":"ListItem","position":2,"name":"25\/04 \u2013 D\u00c1LIA (ELIS MARINA SEHNEM ENGELS)"}]},{"@type":"WebSite","@id":"https:\/\/floripaquilt.com.br\/2026\/#website","url":"https:\/\/floripaquilt.com.br\/2026\/","name":"Floripa Quilt","description":"Floripa Quilt 2026 - 13\u00ba Festival de Patchwork, Arte T\u00eaxtil &amp; Boneca de Pano","publisher":{"@id":"https:\/\/floripaquilt.com.br\/2026\/#organization"},"potentialAction":[{"@type":"SearchAction","target":{"@type":"EntryPoint","urlTemplate":"https:\/\/floripaquilt.com.br\/2026\/?s={search_term_string}"},"query-input":{"@type":"PropertyValueSpecification","valueRequired":true,"valueName":"search_term_string"}}],"inLanguage":"pt-BR"},{"@type":"Organization","@id":"https:\/\/floripaquilt.com.br\/2026\/#organization","name":"Floripa Quilt","url":"https:\/\/floripaquilt.com.br\/2026\/","logo":{"@type":"ImageObject","inLanguage":"pt-BR","@id":"https:\/\/floripaquilt.com.br\/2026\/#\/schema\/logo\/image\/","url":"https:\/\/floripaquilt.com.br\/2026\/wp-content\/uploads\/2025\/08\/Sem-titulo-2-scaled.jpg","contentUrl":"https:\/\/floripaquilt.com.br\/2026\/wp-content\/uploads\/2025\/08\/Sem-titulo-2-scaled.jpg","width":2560,"height":369,"caption":"Floripa Quilt"},"image":{"@id":"https:\/\/floripaquilt.com.br\/2026\/#\/schema\/logo\/image\/"}}]}},"jetpack_sharing_enabled":true,"_links":{"self":[{"href":"https:\/\/floripaquilt.com.br\/2026\/wp-json\/wp\/v2\/product\/11603","targetHints":{"allow":["GET"]}}],"collection":[{"href":"https:\/\/floripaquilt.com.br\/2026\/wp-json\/wp\/v2\/product"}],"about":[{"href":"https:\/\/floripaquilt.com.br\/2026\/wp-json\/wp\/v2\/types\/product"}],"replies":[{"embeddable":true,"href":"https:\/\/floripaquilt.com.br\/2026\/wp-json\/wp\/v2\/comments?post=11603"}],"wp:featuredmedia":[{"embeddable":true,"href":"https:\/\/floripaquilt.com.br\/2026\/wp-json\/wp\/v2\/media\/11663"}],"wp:attachment":[{"href":"https:\/\/floripaquilt.com.br\/2026\/wp-json\/wp\/v2\/media?parent=11603"}],"wp:term":[{"taxonomy":"product_brand","embeddable":true,"href":"https:\/\/floripaquilt.com.br\/2026\/wp-json\/wp\/v2\/product_brand?post=11603"},{"taxonomy":"product_cat","embeddable":true,"href":"https:\/\/floripaquilt.com.br\/2026\/wp-json\/wp\/v2\/product_cat?post=11603"},{"taxonomy":"product_tag","embeddable":true,"href":"https:\/\/floripaquilt.com.br\/2026\/wp-json\/wp\/v2\/product_tag?post=11603"}],"curies":[{"name":"wp","href":"https:\/\/api.w.org\/{rel}","templated":true}]}}