{"id":11600,"date":"2026-02-07T11:24:52","date_gmt":"2026-02-07T14:24:52","guid":{"rendered":"https:\/\/floripaquilt.com.br\/2026\/?post_type=product&#038;p=11600"},"modified":"2026-04-16T12:24:50","modified_gmt":"2026-04-16T15:24:50","slug":"24-04-canto-da-ilha-aplicacao-baltimore-bloco-no-estilo-baltimore-patricia-garcia-uriburu","status":"publish","type":"product","link":"https:\/\/floripaquilt.com.br\/2026\/produto\/24-04-canto-da-ilha-aplicacao-baltimore-bloco-no-estilo-baltimore-patricia-garcia-uriburu\/","title":{"rendered":"24\/04 \u2013 \u201cCANTO DA ILHA\u201d &#8211; APLICA\u00c7\u00c3O BALTIMORE \/ BLOCO NO ESTILO BALTIMORE (PATRICIA GARC\u00cdA URIBURU)"},"content":{"rendered":"<p><strong><div class=\"gtranslate_wrapper\" id=\"gt-wrapper-34900720\"><\/div><\/strong><\/p>\n<p>&nbsp;<\/p>\n<p><strong>R$ 210,00 kit R$ 105,00<\/strong><\/p>\n<p><strong>Por:<\/strong> <strong>Patr\u00edcia Garc\u00eda Uriburu, CABA\/Argentina.<\/strong><\/p>\n<p><strong>Data:\u202f<\/strong>24 de abril \u2013 sexta feira<\/p>\n<p><strong>Carga hor\u00e1ria<\/strong>: 9h \u00e0s 16h \u2013 6h\/a \u00a0(1 hora de intervalo)<\/p>\n<p><strong>Descritivo:<\/strong> Nesta aula, os participantes ir\u00e3o desenvolver um <strong>bloco no estilo Baltimore<\/strong>, explorando t\u00e9cnicas cl\u00e1ssicas de aplica\u00e7\u00e3o manual a partir do tema <strong>\u201cCanto da Ilha\u201d<\/strong>.<\/p>\n<p>No in\u00edcio da aula, ser\u00e1 fornecido um <strong>PDF com informa\u00e7\u00f5es de apoio<\/strong>, seguido da <strong>apresenta\u00e7\u00e3o do tema<\/strong>, exibi\u00e7\u00e3o de <strong>exemplos de colchas Baltimore em pain\u00e9is ilustrativos<\/strong> e um <strong>breve panorama hist\u00f3rico<\/strong> sobre esse estilo tradicional do patchwork. Essa introdu\u00e7\u00e3o tem dura\u00e7\u00e3o aproximada de <strong>15 minutos<\/strong>.<\/p>\n<p>Em seguida, tem in\u00edcio o <strong>processo pr\u00e1tico<\/strong>, com a entrega do <strong>kit individual<\/strong>, contendo <strong>moldes e tecido de fundo j\u00e1 desenhado<\/strong>, al\u00e9m dos tecidos necess\u00e1rios. Durante as instru\u00e7\u00f5es, os participantes ir\u00e3o executar um exemplar de cada elemento: <strong>c\u00edrculo, folha simples, folha dupla, ioi\u00f4, bot\u00e3o enrugado, galho, p\u00e9tala e cesta<\/strong>.<\/p>\n<p>Ao longo da aula, ser\u00e3o ensinadas t\u00e9cnicas como <strong>dobra com agulha (needle turn)<\/strong>, <strong>uso de papel congelador<\/strong>, <strong>apliques<\/strong> e <strong>prepara\u00e7\u00e3o de bordas<\/strong>, com <strong>orienta\u00e7\u00f5es individuais, consultas e testes de processos<\/strong> para cada participante.<\/p>\n<p>Ap\u00f3s uma <strong>pausa de 15 minutos<\/strong>, a aula segue com <strong>mais 3 horas de trabalho cont\u00ednuo<\/strong>, permitindo o avan\u00e7o consistente do bloco e o aprofundamento das t\u00e9cnicas apresentadas.<\/p>\n<p>Esta aula \u00e9 indicada para quem deseja <strong>conhecer ou aprofundar o estilo Baltimore<\/strong>, aprimorar aplica\u00e7\u00f5es manuais e enriquecer seus projetos de patchwork com t\u00e9cnicas tradicionais e acabamento refinado.<\/p>\n<p><strong>Pr\u00e9-requisitos<\/strong>: O principal pr\u00e9-requisito para participar desta aula \u00e9 a <strong>boa vontade de aprender<\/strong>. A atividade \u00e9 aberta a participantes de diferentes n\u00edveis de experi\u00eancia, e ningu\u00e9m ficar\u00e1 de fora por falta de conhecimento pr\u00e9vio.<\/p>\n<p>Para quem est\u00e1 <strong>iniciando no aplique<\/strong>, ser\u00e1 disponibilizado um <strong>modelo simples<\/strong>, adequado ao n\u00edvel b\u00e1sico.<br \/>\nJ\u00e1 os alunos com experi\u00eancia <strong>intermedi\u00e1ria ou avan\u00e7ada em aplica\u00e7\u00e3o<\/strong> desenvolver\u00e3o o <strong>bloco em tamanho maior<\/strong>, com maior complexidade t\u00e9cnica.<\/p>\n<p><strong>Material necess\u00e1rio: <\/strong>Kit b\u00e1sico de costura (<strong>Obs:<\/strong> alfinetes curtos 3,8cm e 1,3cm, tesoura pequena e afiada para apliques), caneta para tecido azul ou preta, termocolante ou sol\u00favel em \u00e1gua.<\/p>\n<p><strong>Observa\u00e7\u00f5es:\u00a0<\/strong><\/p>\n<p>O\u00a0material solicitado \u00e9 imprescind\u00edvel para participa\u00e7\u00e3o no curso\/oficina.<\/p>\n<p>Atente-se para n\u00e3o comprar cursos\/oficinas no mesmo dia e hor\u00e1rio.<\/p>\n<p>Ap\u00f3s o pagamento, a sua matr\u00edcula \u00e9 automaticamente confirmada no curso\/oficina escolhido, portanto\u00a0<strong>n\u00e3o h\u00e1 possibilidade de reembolso dos valores.<\/strong><\/p>\n<p>Em caso de desist\u00eancia, sua inscri\u00e7\u00e3o poder\u00e1 ser transferida para outra pessoa por indica\u00e7\u00e3o enviando os dados da compra e da pessoa que vir\u00e1 no seu lugar para o email: <a href=\"mailto:fqcursos@gmail.com\">fqcursos@gmail.com<\/a><\/p>\n","protected":false},"excerpt":{"rendered":"<p><strong>[gtranslate]<\/strong><\/p>\n<p>&nbsp;<\/p>\n<p><strong>R$ 210,00 kit R$ 105,00<\/strong><\/p>\n<p><strong>Por:<\/strong> <strong>Patr\u00edcia Garc\u00eda Uriburu, CABA\/Argentina.<\/strong><\/p>\n<p><strong>Data:\u202f<\/strong>24 de abril \u2013 sexta feira<\/p>\n<p><strong>Carga hor\u00e1ria<\/strong>: 9h \u00e0s 16h \u2013 6h\/a \u00a0(1 hora de intervalo)<\/p>\n<p><strong>Descritivo:<\/strong> Nesta aula, os participantes ir\u00e3o desenvolver um <strong>bloco no estilo Baltimore<\/strong>, explorando t\u00e9cnicas cl\u00e1ssicas de aplica\u00e7\u00e3o manual a partir do tema <strong>\u201cCanto da Ilha\u201d<\/strong>.<\/p>\n<p>No in\u00edcio da aula, ser\u00e1 fornecido um <strong>PDF com informa\u00e7\u00f5es de apoio<\/strong>, seguido da <strong>apresenta\u00e7\u00e3o do tema<\/strong>, exibi\u00e7\u00e3o de <strong>exemplos de colchas Baltimore em pain\u00e9is ilustrativos<\/strong> e um <strong>breve panorama hist\u00f3rico<\/strong> sobre esse estilo tradicional do patchwork. Essa introdu\u00e7\u00e3o tem dura\u00e7\u00e3o aproximada de <strong>15 minutos<\/strong>.<\/p>\n<p>Em seguida, tem in\u00edcio o <strong>processo pr\u00e1tico<\/strong>, com a entrega do <strong>kit individual<\/strong>, contendo <strong>moldes e tecido de fundo j\u00e1 desenhado<\/strong>, al\u00e9m dos tecidos necess\u00e1rios. Durante as instru\u00e7\u00f5es, os participantes ir\u00e3o executar um exemplar de cada elemento: <strong>c\u00edrculo, folha simples, folha dupla, ioi\u00f4, bot\u00e3o enrugado, galho, p\u00e9tala e cesta<\/strong>.<\/p>\n<p>Ao longo da aula, ser\u00e3o ensinadas t\u00e9cnicas como <strong>dobra com agulha (needle turn)<\/strong>, <strong>uso de papel congelador<\/strong>, <strong>apliques<\/strong> e <strong>prepara\u00e7\u00e3o de bordas<\/strong>, com <strong>orienta\u00e7\u00f5es individuais, consultas e testes de processos<\/strong> para cada participante.<\/p>\n<p>Ap\u00f3s uma <strong>pausa de 15 minutos<\/strong>, a aula segue com <strong>mais 3 horas de trabalho cont\u00ednuo<\/strong>, permitindo o avan\u00e7o consistente do bloco e o aprofundamento das t\u00e9cnicas apresentadas.<\/p>\n<p>Esta aula \u00e9 indicada para quem deseja <strong>conhecer ou aprofundar o estilo Baltimore<\/strong>, aprimorar aplica\u00e7\u00f5es manuais e enriquecer seus projetos de patchwork com t\u00e9cnicas tradicionais e acabamento refinado.<\/p>\n<p><strong>Pr\u00e9-requisitos<\/strong>: O principal pr\u00e9-requisito para participar desta aula \u00e9 a <strong>boa vontade de aprender<\/strong>. A atividade \u00e9 aberta a participantes de diferentes n\u00edveis de experi\u00eancia, e ningu\u00e9m ficar\u00e1 de fora por falta de conhecimento pr\u00e9vio.<\/p>\n<p>Para quem est\u00e1 <strong>iniciando no aplique<\/strong>, ser\u00e1 disponibilizado um <strong>modelo simples<\/strong>, adequado ao n\u00edvel b\u00e1sico.<br \/>\nJ\u00e1 os alunos com experi\u00eancia <strong>intermedi\u00e1ria ou avan\u00e7ada em aplica\u00e7\u00e3o<\/strong> desenvolver\u00e3o o <strong>bloco em tamanho maior<\/strong>, com maior complexidade t\u00e9cnica.<\/p>\n<p><strong>Material necess\u00e1rio: <\/strong>Kit b\u00e1sico de costura (<strong>Obs:<\/strong> alfinetes curtos 3,8cm e 1,3cm, tesoura pequena e afiada para apliques), caneta para tecido azul ou preta, termocolante ou sol\u00favel em \u00e1gua.<\/p>\n<p><strong>Observa\u00e7\u00f5es:\u00a0<\/strong><\/p>\n<p>O\u00a0material solicitado \u00e9 imprescind\u00edvel para participa\u00e7\u00e3o no curso\/oficina.<\/p>\n<p>Atente-se para n\u00e3o comprar cursos\/oficinas no mesmo dia e hor\u00e1rio.<\/p>\n<p>Ap\u00f3s o pagamento, a sua matr\u00edcula \u00e9 automaticamente confirmada no curso\/oficina escolhido, portanto\u00a0<strong>n\u00e3o h\u00e1 possibilidade de reembolso dos valores.<\/strong><\/p>\n<p>Em caso de desist\u00eancia, sua inscri\u00e7\u00e3o poder\u00e1 ser transferida para outra pessoa por indica\u00e7\u00e3o enviando os dados da compra e da pessoa que vir\u00e1 no seu lugar para o email: <a href=\"mailto:fqcursos@gmail.com\">fqcursos@gmail.com<\/a><\/p>\n","protected":false},"featured_media":11611,"comment_status":"closed","ping_status":"closed","template":"","meta":{"_monsterinsights_skip_tracking":false,"_monsterinsights_sitenote_active":false,"_monsterinsights_sitenote_note":"","_monsterinsights_sitenote_category":0,"_uf_show_specific_survey":0,"_uf_disable_surveys":false},"product_brand":[],"product_cat":[191],"product_tag":[],"class_list":{"0":"post-11600","1":"product","2":"type-product","3":"status-publish","4":"has-post-thumbnail","6":"product_cat-cursos-oficinas-2026","8":"first","9":"instock","10":"shipping-taxable","11":"purchasable","12":"product-type-simple"},"acf":[],"yoast_head":"<!-- This site is optimized with the Yoast SEO plugin v27.4 - https:\/\/yoast.com\/product\/yoast-seo-wordpress\/ -->\n<title>24\/04 \u2013 \u201cCANTO DA ILHA\u201d - APLICA\u00c7\u00c3O BALTIMORE \/ BLOCO NO ESTILO BALTIMORE (PATRICIA GARC\u00cdA URIBURU) - Floripa Quilt<\/title>\n<meta name=\"description\" content=\"Floripa Quilt 24\/04 \u2013 \u201cCANTO DA ILHA\u201d - APLICA\u00c7\u00c3O BALTIMORE \/ BLOCO NO ESTILO BALTIMORE (PATRICIA GARC\u00cdA URIBURU) -\" \/>\n<meta name=\"robots\" content=\"index, follow, max-snippet:-1, max-image-preview:large, max-video-preview:-1\" \/>\n<link rel=\"canonical\" href=\"https:\/\/floripaquilt.com.br\/2026\/produto\/24-04-canto-da-ilha-aplicacao-baltimore-bloco-no-estilo-baltimore-patricia-garcia-uriburu\/\" \/>\n<meta property=\"og:locale\" content=\"pt_BR\" \/>\n<meta property=\"og:type\" content=\"article\" \/>\n<meta property=\"og:title\" content=\"24\/04 \u2013 \u201cCANTO DA ILHA\u201d - APLICA\u00c7\u00c3O BALTIMORE \/ BLOCO NO ESTILO BALTIMORE (PATRICIA GARC\u00cdA URIBURU) - Floripa Quilt\" \/>\n<meta property=\"og:description\" content=\"Floripa Quilt 24\/04 \u2013 \u201cCANTO DA ILHA\u201d - APLICA\u00c7\u00c3O BALTIMORE \/ BLOCO NO ESTILO BALTIMORE (PATRICIA GARC\u00cdA URIBURU) -\" \/>\n<meta property=\"og:url\" content=\"https:\/\/floripaquilt.com.br\/2026\/produto\/24-04-canto-da-ilha-aplicacao-baltimore-bloco-no-estilo-baltimore-patricia-garcia-uriburu\/\" \/>\n<meta property=\"og:site_name\" content=\"Floripa Quilt\" \/>\n<meta property=\"article:modified_time\" content=\"2026-04-16T15:24:50+00:00\" \/>\n<meta property=\"og:image\" content=\"https:\/\/floripaquilt.com.br\/2026\/wp-content\/uploads\/2026\/02\/WhatsApp-Image-2026-02-06-at-16.46.41.jpeg\" \/>\n\t<meta property=\"og:image:width\" content=\"1115\" \/>\n\t<meta property=\"og:image:height\" content=\"1179\" \/>\n\t<meta property=\"og:image:type\" content=\"image\/jpeg\" \/>\n<meta name=\"twitter:card\" content=\"summary_large_image\" \/>\n<meta name=\"twitter:label1\" content=\"Est. tempo de leitura\" \/>\n\t<meta name=\"twitter:data1\" content=\"3 minutos\" \/>\n<script type=\"application\/ld+json\" class=\"yoast-schema-graph\">{\"@context\":\"https:\\\/\\\/schema.org\",\"@graph\":[{\"@type\":\"WebPage\",\"@id\":\"https:\\\/\\\/floripaquilt.com.br\\\/2026\\\/produto\\\/24-04-canto-da-ilha-aplicacao-baltimore-bloco-no-estilo-baltimore-patricia-garcia-uriburu\\\/\",\"url\":\"https:\\\/\\\/floripaquilt.com.br\\\/2026\\\/produto\\\/24-04-canto-da-ilha-aplicacao-baltimore-bloco-no-estilo-baltimore-patricia-garcia-uriburu\\\/\",\"name\":\"24\\\/04 \u2013 \u201cCANTO DA ILHA\u201d - APLICA\u00c7\u00c3O BALTIMORE \\\/ BLOCO NO ESTILO BALTIMORE (PATRICIA GARC\u00cdA URIBURU) - Floripa Quilt\",\"isPartOf\":{\"@id\":\"https:\\\/\\\/floripaquilt.com.br\\\/2026\\\/#website\"},\"primaryImageOfPage\":{\"@id\":\"https:\\\/\\\/floripaquilt.com.br\\\/2026\\\/produto\\\/24-04-canto-da-ilha-aplicacao-baltimore-bloco-no-estilo-baltimore-patricia-garcia-uriburu\\\/#primaryimage\"},\"image\":{\"@id\":\"https:\\\/\\\/floripaquilt.com.br\\\/2026\\\/produto\\\/24-04-canto-da-ilha-aplicacao-baltimore-bloco-no-estilo-baltimore-patricia-garcia-uriburu\\\/#primaryimage\"},\"thumbnailUrl\":\"https:\\\/\\\/floripaquilt.com.br\\\/2026\\\/wp-content\\\/uploads\\\/2026\\\/02\\\/WhatsApp-Image-2026-02-06-at-16.46.41.jpeg\",\"datePublished\":\"2026-02-07T14:24:52+00:00\",\"dateModified\":\"2026-04-16T15:24:50+00:00\",\"description\":\"Floripa Quilt 24\\\/04 \u2013 \u201cCANTO DA ILHA\u201d - APLICA\u00c7\u00c3O BALTIMORE \\\/ BLOCO NO ESTILO BALTIMORE (PATRICIA GARC\u00cdA URIBURU) -\",\"breadcrumb\":{\"@id\":\"https:\\\/\\\/floripaquilt.com.br\\\/2026\\\/produto\\\/24-04-canto-da-ilha-aplicacao-baltimore-bloco-no-estilo-baltimore-patricia-garcia-uriburu\\\/#breadcrumb\"},\"inLanguage\":\"pt-BR\",\"potentialAction\":[{\"@type\":\"ReadAction\",\"target\":[\"https:\\\/\\\/floripaquilt.com.br\\\/2026\\\/produto\\\/24-04-canto-da-ilha-aplicacao-baltimore-bloco-no-estilo-baltimore-patricia-garcia-uriburu\\\/\"]}]},{\"@type\":\"ImageObject\",\"inLanguage\":\"pt-BR\",\"@id\":\"https:\\\/\\\/floripaquilt.com.br\\\/2026\\\/produto\\\/24-04-canto-da-ilha-aplicacao-baltimore-bloco-no-estilo-baltimore-patricia-garcia-uriburu\\\/#primaryimage\",\"url\":\"https:\\\/\\\/floripaquilt.com.br\\\/2026\\\/wp-content\\\/uploads\\\/2026\\\/02\\\/WhatsApp-Image-2026-02-06-at-16.46.41.jpeg\",\"contentUrl\":\"https:\\\/\\\/floripaquilt.com.br\\\/2026\\\/wp-content\\\/uploads\\\/2026\\\/02\\\/WhatsApp-Image-2026-02-06-at-16.46.41.jpeg\",\"width\":1115,\"height\":1179},{\"@type\":\"BreadcrumbList\",\"@id\":\"https:\\\/\\\/floripaquilt.com.br\\\/2026\\\/produto\\\/24-04-canto-da-ilha-aplicacao-baltimore-bloco-no-estilo-baltimore-patricia-garcia-uriburu\\\/#breadcrumb\",\"itemListElement\":[{\"@type\":\"ListItem\",\"position\":1,\"name\":\"In\u00edcio\",\"item\":\"https:\\\/\\\/floripaquilt.com.br\\\/2026\\\/\"},{\"@type\":\"ListItem\",\"position\":2,\"name\":\"24\\\/04 \u2013 \u201cCANTO DA ILHA\u201d &#8211; APLICA\u00c7\u00c3O BALTIMORE \\\/ BLOCO NO ESTILO BALTIMORE (PATRICIA GARC\u00cdA URIBURU)\"}]},{\"@type\":\"WebSite\",\"@id\":\"https:\\\/\\\/floripaquilt.com.br\\\/2026\\\/#website\",\"url\":\"https:\\\/\\\/floripaquilt.com.br\\\/2026\\\/\",\"name\":\"Floripa Quilt\",\"description\":\"Floripa Quilt 2026 - 13\u00ba Festival de Patchwork, Arte T\u00eaxtil &amp; Boneca de Pano\",\"publisher\":{\"@id\":\"https:\\\/\\\/floripaquilt.com.br\\\/2026\\\/#organization\"},\"potentialAction\":[{\"@type\":\"SearchAction\",\"target\":{\"@type\":\"EntryPoint\",\"urlTemplate\":\"https:\\\/\\\/floripaquilt.com.br\\\/2026\\\/?s={search_term_string}\"},\"query-input\":{\"@type\":\"PropertyValueSpecification\",\"valueRequired\":true,\"valueName\":\"search_term_string\"}}],\"inLanguage\":\"pt-BR\"},{\"@type\":\"Organization\",\"@id\":\"https:\\\/\\\/floripaquilt.com.br\\\/2026\\\/#organization\",\"name\":\"Floripa Quilt\",\"url\":\"https:\\\/\\\/floripaquilt.com.br\\\/2026\\\/\",\"logo\":{\"@type\":\"ImageObject\",\"inLanguage\":\"pt-BR\",\"@id\":\"https:\\\/\\\/floripaquilt.com.br\\\/2026\\\/#\\\/schema\\\/logo\\\/image\\\/\",\"url\":\"https:\\\/\\\/floripaquilt.com.br\\\/2026\\\/wp-content\\\/uploads\\\/2025\\\/08\\\/Sem-titulo-2-scaled.jpg\",\"contentUrl\":\"https:\\\/\\\/floripaquilt.com.br\\\/2026\\\/wp-content\\\/uploads\\\/2025\\\/08\\\/Sem-titulo-2-scaled.jpg\",\"width\":2560,\"height\":369,\"caption\":\"Floripa Quilt\"},\"image\":{\"@id\":\"https:\\\/\\\/floripaquilt.com.br\\\/2026\\\/#\\\/schema\\\/logo\\\/image\\\/\"}}]}<\/script>\n<!-- \/ Yoast SEO plugin. -->","yoast_head_json":{"title":"24\/04 \u2013 \u201cCANTO DA ILHA\u201d - APLICA\u00c7\u00c3O BALTIMORE \/ BLOCO NO ESTILO BALTIMORE (PATRICIA GARC\u00cdA URIBURU) - Floripa Quilt","description":"Floripa Quilt 24\/04 \u2013 \u201cCANTO DA ILHA\u201d - APLICA\u00c7\u00c3O BALTIMORE \/ BLOCO NO ESTILO BALTIMORE (PATRICIA GARC\u00cdA URIBURU) -","robots":{"index":"index","follow":"follow","max-snippet":"max-snippet:-1","max-image-preview":"max-image-preview:large","max-video-preview":"max-video-preview:-1"},"canonical":"https:\/\/floripaquilt.com.br\/2026\/produto\/24-04-canto-da-ilha-aplicacao-baltimore-bloco-no-estilo-baltimore-patricia-garcia-uriburu\/","og_locale":"pt_BR","og_type":"article","og_title":"24\/04 \u2013 \u201cCANTO DA ILHA\u201d - APLICA\u00c7\u00c3O BALTIMORE \/ BLOCO NO ESTILO BALTIMORE (PATRICIA GARC\u00cdA URIBURU) - Floripa Quilt","og_description":"Floripa Quilt 24\/04 \u2013 \u201cCANTO DA ILHA\u201d - APLICA\u00c7\u00c3O BALTIMORE \/ BLOCO NO ESTILO BALTIMORE (PATRICIA GARC\u00cdA URIBURU) -","og_url":"https:\/\/floripaquilt.com.br\/2026\/produto\/24-04-canto-da-ilha-aplicacao-baltimore-bloco-no-estilo-baltimore-patricia-garcia-uriburu\/","og_site_name":"Floripa Quilt","article_modified_time":"2026-04-16T15:24:50+00:00","og_image":[{"width":1115,"height":1179,"url":"https:\/\/floripaquilt.com.br\/2026\/wp-content\/uploads\/2026\/02\/WhatsApp-Image-2026-02-06-at-16.46.41.jpeg","type":"image\/jpeg"}],"twitter_card":"summary_large_image","twitter_misc":{"Est. tempo de leitura":"3 minutos"},"schema":{"@context":"https:\/\/schema.org","@graph":[{"@type":"WebPage","@id":"https:\/\/floripaquilt.com.br\/2026\/produto\/24-04-canto-da-ilha-aplicacao-baltimore-bloco-no-estilo-baltimore-patricia-garcia-uriburu\/","url":"https:\/\/floripaquilt.com.br\/2026\/produto\/24-04-canto-da-ilha-aplicacao-baltimore-bloco-no-estilo-baltimore-patricia-garcia-uriburu\/","name":"24\/04 \u2013 \u201cCANTO DA ILHA\u201d - APLICA\u00c7\u00c3O BALTIMORE \/ BLOCO NO ESTILO BALTIMORE (PATRICIA GARC\u00cdA URIBURU) - Floripa Quilt","isPartOf":{"@id":"https:\/\/floripaquilt.com.br\/2026\/#website"},"primaryImageOfPage":{"@id":"https:\/\/floripaquilt.com.br\/2026\/produto\/24-04-canto-da-ilha-aplicacao-baltimore-bloco-no-estilo-baltimore-patricia-garcia-uriburu\/#primaryimage"},"image":{"@id":"https:\/\/floripaquilt.com.br\/2026\/produto\/24-04-canto-da-ilha-aplicacao-baltimore-bloco-no-estilo-baltimore-patricia-garcia-uriburu\/#primaryimage"},"thumbnailUrl":"https:\/\/floripaquilt.com.br\/2026\/wp-content\/uploads\/2026\/02\/WhatsApp-Image-2026-02-06-at-16.46.41.jpeg","datePublished":"2026-02-07T14:24:52+00:00","dateModified":"2026-04-16T15:24:50+00:00","description":"Floripa Quilt 24\/04 \u2013 \u201cCANTO DA ILHA\u201d - APLICA\u00c7\u00c3O BALTIMORE \/ BLOCO NO ESTILO BALTIMORE (PATRICIA GARC\u00cdA URIBURU) -","breadcrumb":{"@id":"https:\/\/floripaquilt.com.br\/2026\/produto\/24-04-canto-da-ilha-aplicacao-baltimore-bloco-no-estilo-baltimore-patricia-garcia-uriburu\/#breadcrumb"},"inLanguage":"pt-BR","potentialAction":[{"@type":"ReadAction","target":["https:\/\/floripaquilt.com.br\/2026\/produto\/24-04-canto-da-ilha-aplicacao-baltimore-bloco-no-estilo-baltimore-patricia-garcia-uriburu\/"]}]},{"@type":"ImageObject","inLanguage":"pt-BR","@id":"https:\/\/floripaquilt.com.br\/2026\/produto\/24-04-canto-da-ilha-aplicacao-baltimore-bloco-no-estilo-baltimore-patricia-garcia-uriburu\/#primaryimage","url":"https:\/\/floripaquilt.com.br\/2026\/wp-content\/uploads\/2026\/02\/WhatsApp-Image-2026-02-06-at-16.46.41.jpeg","contentUrl":"https:\/\/floripaquilt.com.br\/2026\/wp-content\/uploads\/2026\/02\/WhatsApp-Image-2026-02-06-at-16.46.41.jpeg","width":1115,"height":1179},{"@type":"BreadcrumbList","@id":"https:\/\/floripaquilt.com.br\/2026\/produto\/24-04-canto-da-ilha-aplicacao-baltimore-bloco-no-estilo-baltimore-patricia-garcia-uriburu\/#breadcrumb","itemListElement":[{"@type":"ListItem","position":1,"name":"In\u00edcio","item":"https:\/\/floripaquilt.com.br\/2026\/"},{"@type":"ListItem","position":2,"name":"24\/04 \u2013 \u201cCANTO DA ILHA\u201d &#8211; APLICA\u00c7\u00c3O BALTIMORE \/ BLOCO NO ESTILO BALTIMORE (PATRICIA GARC\u00cdA URIBURU)"}]},{"@type":"WebSite","@id":"https:\/\/floripaquilt.com.br\/2026\/#website","url":"https:\/\/floripaquilt.com.br\/2026\/","name":"Floripa Quilt","description":"Floripa Quilt 2026 - 13\u00ba Festival de Patchwork, Arte T\u00eaxtil &amp; Boneca de Pano","publisher":{"@id":"https:\/\/floripaquilt.com.br\/2026\/#organization"},"potentialAction":[{"@type":"SearchAction","target":{"@type":"EntryPoint","urlTemplate":"https:\/\/floripaquilt.com.br\/2026\/?s={search_term_string}"},"query-input":{"@type":"PropertyValueSpecification","valueRequired":true,"valueName":"search_term_string"}}],"inLanguage":"pt-BR"},{"@type":"Organization","@id":"https:\/\/floripaquilt.com.br\/2026\/#organization","name":"Floripa Quilt","url":"https:\/\/floripaquilt.com.br\/2026\/","logo":{"@type":"ImageObject","inLanguage":"pt-BR","@id":"https:\/\/floripaquilt.com.br\/2026\/#\/schema\/logo\/image\/","url":"https:\/\/floripaquilt.com.br\/2026\/wp-content\/uploads\/2025\/08\/Sem-titulo-2-scaled.jpg","contentUrl":"https:\/\/floripaquilt.com.br\/2026\/wp-content\/uploads\/2025\/08\/Sem-titulo-2-scaled.jpg","width":2560,"height":369,"caption":"Floripa Quilt"},"image":{"@id":"https:\/\/floripaquilt.com.br\/2026\/#\/schema\/logo\/image\/"}}]}},"jetpack_sharing_enabled":true,"_links":{"self":[{"href":"https:\/\/floripaquilt.com.br\/2026\/wp-json\/wp\/v2\/product\/11600","targetHints":{"allow":["GET"]}}],"collection":[{"href":"https:\/\/floripaquilt.com.br\/2026\/wp-json\/wp\/v2\/product"}],"about":[{"href":"https:\/\/floripaquilt.com.br\/2026\/wp-json\/wp\/v2\/types\/product"}],"replies":[{"embeddable":true,"href":"https:\/\/floripaquilt.com.br\/2026\/wp-json\/wp\/v2\/comments?post=11600"}],"wp:featuredmedia":[{"embeddable":true,"href":"https:\/\/floripaquilt.com.br\/2026\/wp-json\/wp\/v2\/media\/11611"}],"wp:attachment":[{"href":"https:\/\/floripaquilt.com.br\/2026\/wp-json\/wp\/v2\/media?parent=11600"}],"wp:term":[{"taxonomy":"product_brand","embeddable":true,"href":"https:\/\/floripaquilt.com.br\/2026\/wp-json\/wp\/v2\/product_brand?post=11600"},{"taxonomy":"product_cat","embeddable":true,"href":"https:\/\/floripaquilt.com.br\/2026\/wp-json\/wp\/v2\/product_cat?post=11600"},{"taxonomy":"product_tag","embeddable":true,"href":"https:\/\/floripaquilt.com.br\/2026\/wp-json\/wp\/v2\/product_tag?post=11600"}],"curies":[{"name":"wp","href":"https:\/\/api.w.org\/{rel}","templated":true}]}}