{"id":11598,"date":"2026-02-07T11:18:13","date_gmt":"2026-02-07T14:18:13","guid":{"rendered":"https:\/\/floripaquilt.com.br\/2026\/?post_type=product&#038;p=11598"},"modified":"2026-04-07T18:29:01","modified_gmt":"2026-04-07T21:29:01","slug":"24-04-lenco-echarpe-em-feltro-nuno-virginia-dalto-oberti","status":"publish","type":"product","link":"https:\/\/floripaquilt.com.br\/2026\/produto\/24-04-lenco-echarpe-em-feltro-nuno-virginia-dalto-oberti\/","title":{"rendered":"25\/04 \u2013 LEN\u00c7O \/ ECHARPE EM FELTRO NUNO (VIRG\u00cdNIA D\u2019ALTO OBERTI)"},"content":{"rendered":"<p><strong><div class=\"gtranslate_wrapper\" id=\"gt-wrapper-10433416\"><\/div><\/strong><\/p>\n<p>&nbsp;<\/p>\n<p><strong>R$ 190,00 kit R$ 105,00<\/strong><\/p>\n<p><strong>Por:<\/strong> <strong>Virg\u00ednia D\u2019Alto Oberti, MVD\/Uruguai.<\/strong><\/p>\n<p><strong>Data:\u202f<\/strong>25 de abril \u2013 s\u00e1bado<\/p>\n<p><strong>Carga hor\u00e1ria<\/strong>: 13h \u00e0s 17h \u2013 4h\/a<\/p>\n<p><strong>Descritivo:<\/strong> Nesta oficina, os participantes ir\u00e3o confeccionar um <strong>len\u00e7o\/echarpe utilizando a t\u00e9cnica do Feltro Nuno<\/strong>, um processo t\u00eaxtil que combina l\u00e3 e tecido leve, resultando em pe\u00e7as delicadas, fluidas e cheias de textura.<\/p>\n<p>A professora apresentar\u00e1 o <strong>passo a passo da feltragem sobre gaze de algod\u00e3o<\/strong>, abordando a escolha dos materiais, a prepara\u00e7\u00e3o da base, a disposi\u00e7\u00e3o das fibras e o processo de afieltramento at\u00e9 a finaliza\u00e7\u00e3o da pe\u00e7a.<\/p>\n<p>Al\u00e9m da confec\u00e7\u00e3o do len\u00e7o, ser\u00e3o compartilhados <strong>conhecimentos t\u00e9cnicos e possibilidades criativas<\/strong> da t\u00e9cnica do Feltro Nuno, mostrando como ela pode ser aplicada em <strong>diversos projetos de arte t\u00eaxtil<\/strong>, como vestu\u00e1rio, acess\u00f3rios e superf\u00edcies art\u00edsticas.<\/p>\n<p>A oficina \u00e9 indicada tanto para quem deseja <strong>conhecer a t\u00e9cnica<\/strong> quanto para quem busca <strong>ampliar seu repert\u00f3rio t\u00eaxtil<\/strong>, explorando novas combina\u00e7\u00f5es de materiais e efeitos visuais.<\/p>\n<p><strong>Pr\u00e9-requisitos<\/strong>: Gostar do fazer \u00e0 m\u00e3o.<\/p>\n<p><strong>Material necess\u00e1rio: <\/strong>Tesoura, 1 toalha de banho e 1 toalha pequena (rosto).<\/p>\n<p><strong>Observa\u00e7\u00f5es:\u00a0<\/strong><\/p>\n<p>O\u00a0material solicitado \u00e9 imprescind\u00edvel para participa\u00e7\u00e3o no curso\/oficina.<\/p>\n<p>Atente-se para n\u00e3o comprar cursos\/oficinas no mesmo dia e hor\u00e1rio.<\/p>\n<p>Ap\u00f3s o pagamento, a sua matr\u00edcula \u00e9 automaticamente confirmada no curso\/oficina escolhido, portanto\u00a0<strong>n\u00e3o h\u00e1 possibilidade de reembolso dos valores.<\/strong><\/p>\n<p>Em caso de desist\u00eancia, sua inscri\u00e7\u00e3o poder\u00e1 ser transferida para outra pessoa por indica\u00e7\u00e3o enviando os dados da compra e da pessoa que vir\u00e1 no seu lugar para o email: <a href=\"mailto:fqcursos@gmail.com\">fqcursos@gmail.com<\/a><\/p>\n","protected":false},"excerpt":{"rendered":"<p><strong>[gtranslate]<\/strong><\/p>\n<p>&nbsp;<\/p>\n<p><strong>R$ 190,00 kit R$ 105,00<\/strong><\/p>\n<p><strong>Por:<\/strong> <strong>Virg\u00ednia D\u2019Alto Oberti, MVD\/Uruguai.<\/strong><\/p>\n<p><strong>Data:\u202f<\/strong>25 de abril \u2013 s\u00e1bado<\/p>\n<p><strong>Carga hor\u00e1ria<\/strong>: 13h \u00e0s 17h \u2013 4h\/a<\/p>\n<p><strong>Descritivo:<\/strong> Nesta oficina, os participantes ir\u00e3o confeccionar um <strong>len\u00e7o\/echarpe utilizando a t\u00e9cnica do Feltro Nuno<\/strong>, um processo t\u00eaxtil que combina l\u00e3 e tecido leve, resultando em pe\u00e7as delicadas, fluidas e cheias de textura.<\/p>\n<p>A professora apresentar\u00e1 o <strong>passo a passo da feltragem sobre gaze de algod\u00e3o<\/strong>, abordando a escolha dos materiais, a prepara\u00e7\u00e3o da base, a disposi\u00e7\u00e3o das fibras e o processo de afieltramento at\u00e9 a finaliza\u00e7\u00e3o da pe\u00e7a.<\/p>\n<p>Al\u00e9m da confec\u00e7\u00e3o do len\u00e7o, ser\u00e3o compartilhados <strong>conhecimentos t\u00e9cnicos e possibilidades criativas<\/strong> da t\u00e9cnica do Feltro Nuno, mostrando como ela pode ser aplicada em <strong>diversos projetos de arte t\u00eaxtil<\/strong>, como vestu\u00e1rio, acess\u00f3rios e superf\u00edcies art\u00edsticas.<\/p>\n<p>A oficina \u00e9 indicada tanto para quem deseja <strong>conhecer a t\u00e9cnica<\/strong> quanto para quem busca <strong>ampliar seu repert\u00f3rio t\u00eaxtil<\/strong>, explorando novas combina\u00e7\u00f5es de materiais e efeitos visuais.<\/p>\n<p><strong>Pr\u00e9-requisitos<\/strong>: Gostar do fazer \u00e0 m\u00e3o.<\/p>\n<p><strong>Material necess\u00e1rio: <\/strong>Tesoura, 1 toalha de banho e 1 toalha pequena (rosto).<\/p>\n<p><strong>Observa\u00e7\u00f5es:\u00a0<\/strong><\/p>\n<p>O\u00a0material solicitado \u00e9 imprescind\u00edvel para participa\u00e7\u00e3o no curso\/oficina.<\/p>\n<p>Atente-se para n\u00e3o comprar cursos\/oficinas no mesmo dia e hor\u00e1rio.<\/p>\n<p>Ap\u00f3s o pagamento, a sua matr\u00edcula \u00e9 automaticamente confirmada no curso\/oficina escolhido, portanto\u00a0<strong>n\u00e3o h\u00e1 possibilidade de reembolso dos valores.<\/strong><\/p>\n<p>Em caso de desist\u00eancia, sua inscri\u00e7\u00e3o poder\u00e1 ser transferida para outra pessoa por indica\u00e7\u00e3o enviando os dados da compra e da pessoa que vir\u00e1 no seu lugar para o email: <a href=\"mailto:fqcursos@gmail.com\">fqcursos@gmail.com<\/a><\/p>\n","protected":false},"featured_media":11624,"comment_status":"closed","ping_status":"closed","template":"","meta":{"_monsterinsights_skip_tracking":false,"_monsterinsights_sitenote_active":false,"_monsterinsights_sitenote_note":"","_monsterinsights_sitenote_category":0,"_uf_show_specific_survey":0,"_uf_disable_surveys":false},"product_brand":[],"product_cat":[191],"product_tag":[],"class_list":{"0":"post-11598","1":"product","2":"type-product","3":"status-publish","4":"has-post-thumbnail","6":"product_cat-cursos-oficinas-2026","8":"first","9":"instock","10":"shipping-taxable","11":"purchasable","12":"product-type-simple"},"acf":[],"yoast_head":"<!-- This site is optimized with the Yoast SEO plugin v27.4 - https:\/\/yoast.com\/product\/yoast-seo-wordpress\/ -->\n<title>25\/04 \u2013 LEN\u00c7O \/ ECHARPE EM FELTRO NUNO (VIRG\u00cdNIA D\u2019ALTO OBERTI) - Floripa Quilt<\/title>\n<meta name=\"description\" content=\"Floripa Quilt 25\/04 \u2013 LEN\u00c7O \/ ECHARPE EM FELTRO NUNO (VIRG\u00cdNIA D\u2019ALTO OBERTI) -\" \/>\n<meta name=\"robots\" content=\"index, follow, max-snippet:-1, max-image-preview:large, max-video-preview:-1\" \/>\n<link rel=\"canonical\" href=\"https:\/\/floripaquilt.com.br\/2026\/produto\/24-04-lenco-echarpe-em-feltro-nuno-virginia-dalto-oberti\/\" \/>\n<meta property=\"og:locale\" content=\"pt_BR\" \/>\n<meta property=\"og:type\" content=\"article\" \/>\n<meta property=\"og:title\" content=\"25\/04 \u2013 LEN\u00c7O \/ ECHARPE EM FELTRO NUNO (VIRG\u00cdNIA D\u2019ALTO OBERTI) - Floripa Quilt\" \/>\n<meta property=\"og:description\" content=\"Floripa Quilt 25\/04 \u2013 LEN\u00c7O \/ ECHARPE EM FELTRO NUNO (VIRG\u00cdNIA D\u2019ALTO OBERTI) -\" \/>\n<meta property=\"og:url\" content=\"https:\/\/floripaquilt.com.br\/2026\/produto\/24-04-lenco-echarpe-em-feltro-nuno-virginia-dalto-oberti\/\" \/>\n<meta property=\"og:site_name\" content=\"Floripa Quilt\" \/>\n<meta property=\"article:modified_time\" content=\"2026-04-07T21:29:01+00:00\" \/>\n<meta property=\"og:image\" content=\"https:\/\/floripaquilt.com.br\/2026\/wp-content\/uploads\/2026\/02\/IMG_1988-Virginia-DAlto.jpeg\" \/>\n\t<meta property=\"og:image:width\" content=\"1200\" \/>\n\t<meta property=\"og:image:height\" content=\"1600\" \/>\n\t<meta property=\"og:image:type\" content=\"image\/jpeg\" \/>\n<meta name=\"twitter:card\" content=\"summary_large_image\" \/>\n<meta name=\"twitter:label1\" content=\"Est. tempo de leitura\" \/>\n\t<meta name=\"twitter:data1\" content=\"2 minutos\" \/>\n<script type=\"application\/ld+json\" class=\"yoast-schema-graph\">{\"@context\":\"https:\\\/\\\/schema.org\",\"@graph\":[{\"@type\":\"WebPage\",\"@id\":\"https:\\\/\\\/floripaquilt.com.br\\\/2026\\\/produto\\\/24-04-lenco-echarpe-em-feltro-nuno-virginia-dalto-oberti\\\/\",\"url\":\"https:\\\/\\\/floripaquilt.com.br\\\/2026\\\/produto\\\/24-04-lenco-echarpe-em-feltro-nuno-virginia-dalto-oberti\\\/\",\"name\":\"25\\\/04 \u2013 LEN\u00c7O \\\/ ECHARPE EM FELTRO NUNO (VIRG\u00cdNIA D\u2019ALTO OBERTI) - Floripa Quilt\",\"isPartOf\":{\"@id\":\"https:\\\/\\\/floripaquilt.com.br\\\/2026\\\/#website\"},\"primaryImageOfPage\":{\"@id\":\"https:\\\/\\\/floripaquilt.com.br\\\/2026\\\/produto\\\/24-04-lenco-echarpe-em-feltro-nuno-virginia-dalto-oberti\\\/#primaryimage\"},\"image\":{\"@id\":\"https:\\\/\\\/floripaquilt.com.br\\\/2026\\\/produto\\\/24-04-lenco-echarpe-em-feltro-nuno-virginia-dalto-oberti\\\/#primaryimage\"},\"thumbnailUrl\":\"https:\\\/\\\/floripaquilt.com.br\\\/2026\\\/wp-content\\\/uploads\\\/2026\\\/02\\\/IMG_1988-Virginia-DAlto.jpeg\",\"datePublished\":\"2026-02-07T14:18:13+00:00\",\"dateModified\":\"2026-04-07T21:29:01+00:00\",\"description\":\"Floripa Quilt 25\\\/04 \u2013 LEN\u00c7O \\\/ ECHARPE EM FELTRO NUNO (VIRG\u00cdNIA D\u2019ALTO OBERTI) -\",\"breadcrumb\":{\"@id\":\"https:\\\/\\\/floripaquilt.com.br\\\/2026\\\/produto\\\/24-04-lenco-echarpe-em-feltro-nuno-virginia-dalto-oberti\\\/#breadcrumb\"},\"inLanguage\":\"pt-BR\",\"potentialAction\":[{\"@type\":\"ReadAction\",\"target\":[\"https:\\\/\\\/floripaquilt.com.br\\\/2026\\\/produto\\\/24-04-lenco-echarpe-em-feltro-nuno-virginia-dalto-oberti\\\/\"]}]},{\"@type\":\"ImageObject\",\"inLanguage\":\"pt-BR\",\"@id\":\"https:\\\/\\\/floripaquilt.com.br\\\/2026\\\/produto\\\/24-04-lenco-echarpe-em-feltro-nuno-virginia-dalto-oberti\\\/#primaryimage\",\"url\":\"https:\\\/\\\/floripaquilt.com.br\\\/2026\\\/wp-content\\\/uploads\\\/2026\\\/02\\\/IMG_1988-Virginia-DAlto.jpeg\",\"contentUrl\":\"https:\\\/\\\/floripaquilt.com.br\\\/2026\\\/wp-content\\\/uploads\\\/2026\\\/02\\\/IMG_1988-Virginia-DAlto.jpeg\",\"width\":1200,\"height\":1600},{\"@type\":\"BreadcrumbList\",\"@id\":\"https:\\\/\\\/floripaquilt.com.br\\\/2026\\\/produto\\\/24-04-lenco-echarpe-em-feltro-nuno-virginia-dalto-oberti\\\/#breadcrumb\",\"itemListElement\":[{\"@type\":\"ListItem\",\"position\":1,\"name\":\"In\u00edcio\",\"item\":\"https:\\\/\\\/floripaquilt.com.br\\\/2026\\\/\"},{\"@type\":\"ListItem\",\"position\":2,\"name\":\"25\\\/04 \u2013 LEN\u00c7O \\\/ ECHARPE EM FELTRO NUNO (VIRG\u00cdNIA D\u2019ALTO OBERTI)\"}]},{\"@type\":\"WebSite\",\"@id\":\"https:\\\/\\\/floripaquilt.com.br\\\/2026\\\/#website\",\"url\":\"https:\\\/\\\/floripaquilt.com.br\\\/2026\\\/\",\"name\":\"Floripa Quilt\",\"description\":\"Floripa Quilt 2026 - 13\u00ba Festival de Patchwork, Arte T\u00eaxtil &amp; Boneca de Pano\",\"publisher\":{\"@id\":\"https:\\\/\\\/floripaquilt.com.br\\\/2026\\\/#organization\"},\"potentialAction\":[{\"@type\":\"SearchAction\",\"target\":{\"@type\":\"EntryPoint\",\"urlTemplate\":\"https:\\\/\\\/floripaquilt.com.br\\\/2026\\\/?s={search_term_string}\"},\"query-input\":{\"@type\":\"PropertyValueSpecification\",\"valueRequired\":true,\"valueName\":\"search_term_string\"}}],\"inLanguage\":\"pt-BR\"},{\"@type\":\"Organization\",\"@id\":\"https:\\\/\\\/floripaquilt.com.br\\\/2026\\\/#organization\",\"name\":\"Floripa Quilt\",\"url\":\"https:\\\/\\\/floripaquilt.com.br\\\/2026\\\/\",\"logo\":{\"@type\":\"ImageObject\",\"inLanguage\":\"pt-BR\",\"@id\":\"https:\\\/\\\/floripaquilt.com.br\\\/2026\\\/#\\\/schema\\\/logo\\\/image\\\/\",\"url\":\"https:\\\/\\\/floripaquilt.com.br\\\/2026\\\/wp-content\\\/uploads\\\/2025\\\/08\\\/Sem-titulo-2-scaled.jpg\",\"contentUrl\":\"https:\\\/\\\/floripaquilt.com.br\\\/2026\\\/wp-content\\\/uploads\\\/2025\\\/08\\\/Sem-titulo-2-scaled.jpg\",\"width\":2560,\"height\":369,\"caption\":\"Floripa Quilt\"},\"image\":{\"@id\":\"https:\\\/\\\/floripaquilt.com.br\\\/2026\\\/#\\\/schema\\\/logo\\\/image\\\/\"}}]}<\/script>\n<!-- \/ Yoast SEO plugin. -->","yoast_head_json":{"title":"25\/04 \u2013 LEN\u00c7O \/ ECHARPE EM FELTRO NUNO (VIRG\u00cdNIA D\u2019ALTO OBERTI) - Floripa Quilt","description":"Floripa Quilt 25\/04 \u2013 LEN\u00c7O \/ ECHARPE EM FELTRO NUNO (VIRG\u00cdNIA D\u2019ALTO OBERTI) -","robots":{"index":"index","follow":"follow","max-snippet":"max-snippet:-1","max-image-preview":"max-image-preview:large","max-video-preview":"max-video-preview:-1"},"canonical":"https:\/\/floripaquilt.com.br\/2026\/produto\/24-04-lenco-echarpe-em-feltro-nuno-virginia-dalto-oberti\/","og_locale":"pt_BR","og_type":"article","og_title":"25\/04 \u2013 LEN\u00c7O \/ ECHARPE EM FELTRO NUNO (VIRG\u00cdNIA D\u2019ALTO OBERTI) - Floripa Quilt","og_description":"Floripa Quilt 25\/04 \u2013 LEN\u00c7O \/ ECHARPE EM FELTRO NUNO (VIRG\u00cdNIA D\u2019ALTO OBERTI) -","og_url":"https:\/\/floripaquilt.com.br\/2026\/produto\/24-04-lenco-echarpe-em-feltro-nuno-virginia-dalto-oberti\/","og_site_name":"Floripa Quilt","article_modified_time":"2026-04-07T21:29:01+00:00","og_image":[{"width":1200,"height":1600,"url":"https:\/\/floripaquilt.com.br\/2026\/wp-content\/uploads\/2026\/02\/IMG_1988-Virginia-DAlto.jpeg","type":"image\/jpeg"}],"twitter_card":"summary_large_image","twitter_misc":{"Est. tempo de leitura":"2 minutos"},"schema":{"@context":"https:\/\/schema.org","@graph":[{"@type":"WebPage","@id":"https:\/\/floripaquilt.com.br\/2026\/produto\/24-04-lenco-echarpe-em-feltro-nuno-virginia-dalto-oberti\/","url":"https:\/\/floripaquilt.com.br\/2026\/produto\/24-04-lenco-echarpe-em-feltro-nuno-virginia-dalto-oberti\/","name":"25\/04 \u2013 LEN\u00c7O \/ ECHARPE EM FELTRO NUNO (VIRG\u00cdNIA D\u2019ALTO OBERTI) - Floripa Quilt","isPartOf":{"@id":"https:\/\/floripaquilt.com.br\/2026\/#website"},"primaryImageOfPage":{"@id":"https:\/\/floripaquilt.com.br\/2026\/produto\/24-04-lenco-echarpe-em-feltro-nuno-virginia-dalto-oberti\/#primaryimage"},"image":{"@id":"https:\/\/floripaquilt.com.br\/2026\/produto\/24-04-lenco-echarpe-em-feltro-nuno-virginia-dalto-oberti\/#primaryimage"},"thumbnailUrl":"https:\/\/floripaquilt.com.br\/2026\/wp-content\/uploads\/2026\/02\/IMG_1988-Virginia-DAlto.jpeg","datePublished":"2026-02-07T14:18:13+00:00","dateModified":"2026-04-07T21:29:01+00:00","description":"Floripa Quilt 25\/04 \u2013 LEN\u00c7O \/ ECHARPE EM FELTRO NUNO (VIRG\u00cdNIA D\u2019ALTO OBERTI) -","breadcrumb":{"@id":"https:\/\/floripaquilt.com.br\/2026\/produto\/24-04-lenco-echarpe-em-feltro-nuno-virginia-dalto-oberti\/#breadcrumb"},"inLanguage":"pt-BR","potentialAction":[{"@type":"ReadAction","target":["https:\/\/floripaquilt.com.br\/2026\/produto\/24-04-lenco-echarpe-em-feltro-nuno-virginia-dalto-oberti\/"]}]},{"@type":"ImageObject","inLanguage":"pt-BR","@id":"https:\/\/floripaquilt.com.br\/2026\/produto\/24-04-lenco-echarpe-em-feltro-nuno-virginia-dalto-oberti\/#primaryimage","url":"https:\/\/floripaquilt.com.br\/2026\/wp-content\/uploads\/2026\/02\/IMG_1988-Virginia-DAlto.jpeg","contentUrl":"https:\/\/floripaquilt.com.br\/2026\/wp-content\/uploads\/2026\/02\/IMG_1988-Virginia-DAlto.jpeg","width":1200,"height":1600},{"@type":"BreadcrumbList","@id":"https:\/\/floripaquilt.com.br\/2026\/produto\/24-04-lenco-echarpe-em-feltro-nuno-virginia-dalto-oberti\/#breadcrumb","itemListElement":[{"@type":"ListItem","position":1,"name":"In\u00edcio","item":"https:\/\/floripaquilt.com.br\/2026\/"},{"@type":"ListItem","position":2,"name":"25\/04 \u2013 LEN\u00c7O \/ ECHARPE EM FELTRO NUNO (VIRG\u00cdNIA D\u2019ALTO OBERTI)"}]},{"@type":"WebSite","@id":"https:\/\/floripaquilt.com.br\/2026\/#website","url":"https:\/\/floripaquilt.com.br\/2026\/","name":"Floripa Quilt","description":"Floripa Quilt 2026 - 13\u00ba Festival de Patchwork, Arte T\u00eaxtil &amp; Boneca de Pano","publisher":{"@id":"https:\/\/floripaquilt.com.br\/2026\/#organization"},"potentialAction":[{"@type":"SearchAction","target":{"@type":"EntryPoint","urlTemplate":"https:\/\/floripaquilt.com.br\/2026\/?s={search_term_string}"},"query-input":{"@type":"PropertyValueSpecification","valueRequired":true,"valueName":"search_term_string"}}],"inLanguage":"pt-BR"},{"@type":"Organization","@id":"https:\/\/floripaquilt.com.br\/2026\/#organization","name":"Floripa Quilt","url":"https:\/\/floripaquilt.com.br\/2026\/","logo":{"@type":"ImageObject","inLanguage":"pt-BR","@id":"https:\/\/floripaquilt.com.br\/2026\/#\/schema\/logo\/image\/","url":"https:\/\/floripaquilt.com.br\/2026\/wp-content\/uploads\/2025\/08\/Sem-titulo-2-scaled.jpg","contentUrl":"https:\/\/floripaquilt.com.br\/2026\/wp-content\/uploads\/2025\/08\/Sem-titulo-2-scaled.jpg","width":2560,"height":369,"caption":"Floripa Quilt"},"image":{"@id":"https:\/\/floripaquilt.com.br\/2026\/#\/schema\/logo\/image\/"}}]}},"jetpack_sharing_enabled":true,"_links":{"self":[{"href":"https:\/\/floripaquilt.com.br\/2026\/wp-json\/wp\/v2\/product\/11598","targetHints":{"allow":["GET"]}}],"collection":[{"href":"https:\/\/floripaquilt.com.br\/2026\/wp-json\/wp\/v2\/product"}],"about":[{"href":"https:\/\/floripaquilt.com.br\/2026\/wp-json\/wp\/v2\/types\/product"}],"replies":[{"embeddable":true,"href":"https:\/\/floripaquilt.com.br\/2026\/wp-json\/wp\/v2\/comments?post=11598"}],"wp:featuredmedia":[{"embeddable":true,"href":"https:\/\/floripaquilt.com.br\/2026\/wp-json\/wp\/v2\/media\/11624"}],"wp:attachment":[{"href":"https:\/\/floripaquilt.com.br\/2026\/wp-json\/wp\/v2\/media?parent=11598"}],"wp:term":[{"taxonomy":"product_brand","embeddable":true,"href":"https:\/\/floripaquilt.com.br\/2026\/wp-json\/wp\/v2\/product_brand?post=11598"},{"taxonomy":"product_cat","embeddable":true,"href":"https:\/\/floripaquilt.com.br\/2026\/wp-json\/wp\/v2\/product_cat?post=11598"},{"taxonomy":"product_tag","embeddable":true,"href":"https:\/\/floripaquilt.com.br\/2026\/wp-json\/wp\/v2\/product_tag?post=11598"}],"curies":[{"name":"wp","href":"https:\/\/api.w.org\/{rel}","templated":true}]}}