{"id":11597,"date":"2026-02-07T11:40:14","date_gmt":"2026-02-07T14:40:14","guid":{"rendered":"https:\/\/floripaquilt.com.br\/2026\/?post_type=product&#038;p=11597"},"modified":"2026-04-22T11:27:20","modified_gmt":"2026-04-22T14:27:20","slug":"23-04-direitos-autorais-em-arte-textil-montserrat-duran","status":"publish","type":"product","link":"https:\/\/floripaquilt.com.br\/2026\/produto\/23-04-direitos-autorais-em-arte-textil-montserrat-duran\/","title":{"rendered":"23\/04 \u2013 DIREITOS AUTORAIS EM ARTE T\u00caXTIL (MONTSERRAT DURAN)"},"content":{"rendered":"<p><strong><div class=\"gtranslate_wrapper\" id=\"gt-wrapper-77613194\"><\/div><\/strong><\/p>\n<p>&nbsp;<\/p>\n<p><strong>R$ 135,00 <\/strong><\/p>\n<p><strong>Por:<\/strong> <strong>Montserrat Duran, SJO\/Costa Rica.<\/strong><\/p>\n<p><strong>Data:\u202f<\/strong>23 de abril \u2013 quinta-feira<\/p>\n<p><strong>Carga hor\u00e1ria<\/strong>: 16:30h \u00e0s 18:30h \u2013 2 horas<\/p>\n<p><strong>Descritivo:<\/strong> Nesta aula, os participantes ir\u00e3o compreender, de forma clara e pr\u00e1tica, os fundamentos do direito autoral aplicados ao quilt e \u00e0 arte t\u00eaxtil, com base na Lei Brasileira de Direitos Autorais (Lei n\u00ba 9.610\/1998).<\/p>\n<p>Ser\u00e3o abordadas situa\u00e7\u00f5es reais do dia a dia, como cria\u00e7\u00e3o autoral, uso de patterns, inspira\u00e7\u00e3o versus c\u00f3pia, quilts coletivos, fotografia de obras, exposi\u00e7\u00f5es, vendas e utiliza\u00e7\u00e3o de personagens conhecidos, esclarecendo limites, responsabilidades e boas pr\u00e1ticas.<\/p>\n<p>Durante o processo, os participantes analisar\u00e3o exemplos concretos para entender quais direitos possuem como autoras, como evitar infra\u00e7\u00f5es involunt\u00e1rias e de que forma podem proteger suas obras em contextos nacionais e internacionais.<\/p>\n<p>A aula \u00e9 indicada para quiltistas, artistas t\u00eaxteis e instrutoras que desejam atuar com mais seguran\u00e7a jur\u00eddica, compreendendo a diferen\u00e7a entre ensinar t\u00e9cnicas e reproduzir designs, al\u00e9m de conhecer o registro de obras como ferramenta de prote\u00e7\u00e3o.<\/p>\n<p><strong>Pr\u00e9-requisitos<\/strong>: N\u00e3o h\u00e1 pr\u00e9-requisitos. Aula aberta a todos os n\u00edveis de conhecimento.<\/p>\n<p><strong>Material necess\u00e1rio: <\/strong>Nenhum material espec\u00edfico. Apenas interesse em aprender e boa vontade.<\/p>\n<p><strong>Observa\u00e7\u00f5es:\u00a0<\/strong><\/p>\n<p>O\u00a0material solicitado \u00e9 imprescind\u00edvel para participa\u00e7\u00e3o no curso\/oficina.<\/p>\n<p>Atente-se para n\u00e3o comprar cursos\/oficinas no mesmo dia e hor\u00e1rio.<\/p>\n<p>Ap\u00f3s o pagamento, a sua matr\u00edcula \u00e9 automaticamente confirmada no curso\/oficina escolhido, portanto\u00a0<strong>n\u00e3o h\u00e1 possibilidade de reembolso dos valores.<\/strong><\/p>\n<p>Em caso de desist\u00eancia, sua inscri\u00e7\u00e3o poder\u00e1 ser transferida para outra pessoa por indica\u00e7\u00e3o enviando os dados da compra e da pessoa que vir\u00e1 no seu lugar para o email: <a href=\"mailto:fqcursos@gmail.com\">fqcursos@gmail.com<\/a><\/p>\n","protected":false},"excerpt":{"rendered":"<p><strong>[gtranslate]<\/strong><\/p>\n<p>&nbsp;<\/p>\n<p><strong>R$ 135,00 <\/strong><\/p>\n<p><strong>Por:<\/strong> <strong>Montserrat Duran, SJO\/Costa Rica.<\/strong><\/p>\n<p><strong>Data:\u202f<\/strong>23 de abril \u2013 quinta-feira<\/p>\n<p><strong>Carga hor\u00e1ria<\/strong>: 16:30h \u00e0s 18:30h \u2013 2 horas<\/p>\n<p><strong>Descritivo:<\/strong> Nesta aula, os participantes ir\u00e3o compreender, de forma clara e pr\u00e1tica, os fundamentos do direito autoral aplicados ao quilt e \u00e0 arte t\u00eaxtil, com base na Lei Brasileira de Direitos Autorais (Lei n\u00ba 9.610\/1998).<\/p>\n<p>Ser\u00e3o abordadas situa\u00e7\u00f5es reais do dia a dia, como cria\u00e7\u00e3o autoral, uso de patterns, inspira\u00e7\u00e3o versus c\u00f3pia, quilts coletivos, fotografia de obras, exposi\u00e7\u00f5es, vendas e utiliza\u00e7\u00e3o de personagens conhecidos, esclarecendo limites, responsabilidades e boas pr\u00e1ticas.<\/p>\n<p>Durante o processo, os participantes analisar\u00e3o exemplos concretos para entender quais direitos possuem como autoras, como evitar infra\u00e7\u00f5es involunt\u00e1rias e de que forma podem proteger suas obras em contextos nacionais e internacionais.<\/p>\n<p>A aula \u00e9 indicada para quiltistas, artistas t\u00eaxteis e instrutoras que desejam atuar com mais seguran\u00e7a jur\u00eddica, compreendendo a diferen\u00e7a entre ensinar t\u00e9cnicas e reproduzir designs, al\u00e9m de conhecer o registro de obras como ferramenta de prote\u00e7\u00e3o.<\/p>\n<p><strong>Pr\u00e9-requisitos<\/strong>: N\u00e3o h\u00e1 pr\u00e9-requisitos. Aula aberta a todos os n\u00edveis de conhecimento.<\/p>\n<p><strong>Material necess\u00e1rio: <\/strong>Nenhum material espec\u00edfico. Apenas interesse em aprender e boa vontade.<\/p>\n<p><strong>Observa\u00e7\u00f5es:\u00a0<\/strong><\/p>\n<p>O\u00a0material solicitado \u00e9 imprescind\u00edvel para participa\u00e7\u00e3o no curso\/oficina.<\/p>\n<p>Atente-se para n\u00e3o comprar cursos\/oficinas no mesmo dia e hor\u00e1rio.<\/p>\n<p>Ap\u00f3s o pagamento, a sua matr\u00edcula \u00e9 automaticamente confirmada no curso\/oficina escolhido, portanto\u00a0<strong>n\u00e3o h\u00e1 possibilidade de reembolso dos valores.<\/strong><\/p>\n<p>Em caso de desist\u00eancia, sua inscri\u00e7\u00e3o poder\u00e1 ser transferida para outra pessoa por indica\u00e7\u00e3o enviando os dados da compra e da pessoa que vir\u00e1 no seu lugar para o email: <a href=\"mailto:fqcursos@gmail.com\">fqcursos@gmail.com<\/a><\/p>\n","protected":false},"featured_media":11646,"comment_status":"closed","ping_status":"closed","template":"","meta":{"_monsterinsights_skip_tracking":false,"_monsterinsights_sitenote_active":false,"_monsterinsights_sitenote_note":"","_monsterinsights_sitenote_category":0,"_uf_show_specific_survey":0,"_uf_disable_surveys":false},"product_brand":[],"product_cat":[191],"product_tag":[],"class_list":{"0":"post-11597","1":"product","2":"type-product","3":"status-publish","4":"has-post-thumbnail","6":"product_cat-cursos-oficinas-2026","8":"first","9":"instock","10":"shipping-taxable","11":"purchasable","12":"product-type-simple"},"acf":[],"yoast_head":"<!-- This site is optimized with the Yoast SEO plugin v27.4 - https:\/\/yoast.com\/product\/yoast-seo-wordpress\/ -->\n<title>23\/04 \u2013 DIREITOS AUTORAIS EM ARTE T\u00caXTIL (MONTSERRAT DURAN) - Floripa Quilt<\/title>\n<meta name=\"description\" content=\"Floripa Quilt 23\/04 \u2013 DIREITOS AUTORAIS EM ARTE T\u00caXTIL (MONTSERRAT DURAN) -\" \/>\n<meta name=\"robots\" content=\"index, follow, max-snippet:-1, max-image-preview:large, max-video-preview:-1\" \/>\n<link rel=\"canonical\" href=\"https:\/\/floripaquilt.com.br\/2026\/produto\/23-04-direitos-autorais-em-arte-textil-montserrat-duran\/\" \/>\n<meta property=\"og:locale\" content=\"pt_BR\" \/>\n<meta property=\"og:type\" content=\"article\" \/>\n<meta property=\"og:title\" content=\"23\/04 \u2013 DIREITOS AUTORAIS EM ARTE T\u00caXTIL (MONTSERRAT DURAN) - Floripa Quilt\" \/>\n<meta property=\"og:description\" content=\"Floripa Quilt 23\/04 \u2013 DIREITOS AUTORAIS EM ARTE T\u00caXTIL (MONTSERRAT DURAN) -\" \/>\n<meta property=\"og:url\" content=\"https:\/\/floripaquilt.com.br\/2026\/produto\/23-04-direitos-autorais-em-arte-textil-montserrat-duran\/\" \/>\n<meta property=\"og:site_name\" content=\"Floripa Quilt\" \/>\n<meta property=\"article:modified_time\" content=\"2026-04-22T14:27:20+00:00\" \/>\n<meta property=\"og:image\" content=\"https:\/\/floripaquilt.com.br\/2026\/wp-content\/uploads\/2026\/02\/ChatGPT-Image-7-de-fev.-de-2026-11_29_45.jpg\" \/>\n\t<meta property=\"og:image:width\" content=\"1024\" \/>\n\t<meta property=\"og:image:height\" content=\"1024\" \/>\n\t<meta property=\"og:image:type\" content=\"image\/jpeg\" \/>\n<meta name=\"twitter:card\" content=\"summary_large_image\" \/>\n<meta name=\"twitter:label1\" content=\"Est. tempo de leitura\" \/>\n\t<meta name=\"twitter:data1\" content=\"2 minutos\" \/>\n<script type=\"application\/ld+json\" class=\"yoast-schema-graph\">{\"@context\":\"https:\\\/\\\/schema.org\",\"@graph\":[{\"@type\":\"WebPage\",\"@id\":\"https:\\\/\\\/floripaquilt.com.br\\\/2026\\\/produto\\\/23-04-direitos-autorais-em-arte-textil-montserrat-duran\\\/\",\"url\":\"https:\\\/\\\/floripaquilt.com.br\\\/2026\\\/produto\\\/23-04-direitos-autorais-em-arte-textil-montserrat-duran\\\/\",\"name\":\"23\\\/04 \u2013 DIREITOS AUTORAIS EM ARTE T\u00caXTIL (MONTSERRAT DURAN) - Floripa Quilt\",\"isPartOf\":{\"@id\":\"https:\\\/\\\/floripaquilt.com.br\\\/2026\\\/#website\"},\"primaryImageOfPage\":{\"@id\":\"https:\\\/\\\/floripaquilt.com.br\\\/2026\\\/produto\\\/23-04-direitos-autorais-em-arte-textil-montserrat-duran\\\/#primaryimage\"},\"image\":{\"@id\":\"https:\\\/\\\/floripaquilt.com.br\\\/2026\\\/produto\\\/23-04-direitos-autorais-em-arte-textil-montserrat-duran\\\/#primaryimage\"},\"thumbnailUrl\":\"https:\\\/\\\/floripaquilt.com.br\\\/2026\\\/wp-content\\\/uploads\\\/2026\\\/02\\\/ChatGPT-Image-7-de-fev.-de-2026-11_29_45.jpg\",\"datePublished\":\"2026-02-07T14:40:14+00:00\",\"dateModified\":\"2026-04-22T14:27:20+00:00\",\"description\":\"Floripa Quilt 23\\\/04 \u2013 DIREITOS AUTORAIS EM ARTE T\u00caXTIL (MONTSERRAT DURAN) -\",\"breadcrumb\":{\"@id\":\"https:\\\/\\\/floripaquilt.com.br\\\/2026\\\/produto\\\/23-04-direitos-autorais-em-arte-textil-montserrat-duran\\\/#breadcrumb\"},\"inLanguage\":\"pt-BR\",\"potentialAction\":[{\"@type\":\"ReadAction\",\"target\":[\"https:\\\/\\\/floripaquilt.com.br\\\/2026\\\/produto\\\/23-04-direitos-autorais-em-arte-textil-montserrat-duran\\\/\"]}]},{\"@type\":\"ImageObject\",\"inLanguage\":\"pt-BR\",\"@id\":\"https:\\\/\\\/floripaquilt.com.br\\\/2026\\\/produto\\\/23-04-direitos-autorais-em-arte-textil-montserrat-duran\\\/#primaryimage\",\"url\":\"https:\\\/\\\/floripaquilt.com.br\\\/2026\\\/wp-content\\\/uploads\\\/2026\\\/02\\\/ChatGPT-Image-7-de-fev.-de-2026-11_29_45.jpg\",\"contentUrl\":\"https:\\\/\\\/floripaquilt.com.br\\\/2026\\\/wp-content\\\/uploads\\\/2026\\\/02\\\/ChatGPT-Image-7-de-fev.-de-2026-11_29_45.jpg\",\"width\":1024,\"height\":1024},{\"@type\":\"BreadcrumbList\",\"@id\":\"https:\\\/\\\/floripaquilt.com.br\\\/2026\\\/produto\\\/23-04-direitos-autorais-em-arte-textil-montserrat-duran\\\/#breadcrumb\",\"itemListElement\":[{\"@type\":\"ListItem\",\"position\":1,\"name\":\"In\u00edcio\",\"item\":\"https:\\\/\\\/floripaquilt.com.br\\\/2026\\\/\"},{\"@type\":\"ListItem\",\"position\":2,\"name\":\"23\\\/04 \u2013 DIREITOS AUTORAIS EM ARTE T\u00caXTIL (MONTSERRAT DURAN)\"}]},{\"@type\":\"WebSite\",\"@id\":\"https:\\\/\\\/floripaquilt.com.br\\\/2026\\\/#website\",\"url\":\"https:\\\/\\\/floripaquilt.com.br\\\/2026\\\/\",\"name\":\"Floripa Quilt\",\"description\":\"Floripa Quilt 2026 - 13\u00ba Festival de Patchwork, Arte T\u00eaxtil &amp; Boneca de Pano\",\"publisher\":{\"@id\":\"https:\\\/\\\/floripaquilt.com.br\\\/2026\\\/#organization\"},\"potentialAction\":[{\"@type\":\"SearchAction\",\"target\":{\"@type\":\"EntryPoint\",\"urlTemplate\":\"https:\\\/\\\/floripaquilt.com.br\\\/2026\\\/?s={search_term_string}\"},\"query-input\":{\"@type\":\"PropertyValueSpecification\",\"valueRequired\":true,\"valueName\":\"search_term_string\"}}],\"inLanguage\":\"pt-BR\"},{\"@type\":\"Organization\",\"@id\":\"https:\\\/\\\/floripaquilt.com.br\\\/2026\\\/#organization\",\"name\":\"Floripa Quilt\",\"url\":\"https:\\\/\\\/floripaquilt.com.br\\\/2026\\\/\",\"logo\":{\"@type\":\"ImageObject\",\"inLanguage\":\"pt-BR\",\"@id\":\"https:\\\/\\\/floripaquilt.com.br\\\/2026\\\/#\\\/schema\\\/logo\\\/image\\\/\",\"url\":\"https:\\\/\\\/floripaquilt.com.br\\\/2026\\\/wp-content\\\/uploads\\\/2025\\\/08\\\/Sem-titulo-2-scaled.jpg\",\"contentUrl\":\"https:\\\/\\\/floripaquilt.com.br\\\/2026\\\/wp-content\\\/uploads\\\/2025\\\/08\\\/Sem-titulo-2-scaled.jpg\",\"width\":2560,\"height\":369,\"caption\":\"Floripa Quilt\"},\"image\":{\"@id\":\"https:\\\/\\\/floripaquilt.com.br\\\/2026\\\/#\\\/schema\\\/logo\\\/image\\\/\"}}]}<\/script>\n<!-- \/ Yoast SEO plugin. -->","yoast_head_json":{"title":"23\/04 \u2013 DIREITOS AUTORAIS EM ARTE T\u00caXTIL (MONTSERRAT DURAN) - Floripa Quilt","description":"Floripa Quilt 23\/04 \u2013 DIREITOS AUTORAIS EM ARTE T\u00caXTIL (MONTSERRAT DURAN) -","robots":{"index":"index","follow":"follow","max-snippet":"max-snippet:-1","max-image-preview":"max-image-preview:large","max-video-preview":"max-video-preview:-1"},"canonical":"https:\/\/floripaquilt.com.br\/2026\/produto\/23-04-direitos-autorais-em-arte-textil-montserrat-duran\/","og_locale":"pt_BR","og_type":"article","og_title":"23\/04 \u2013 DIREITOS AUTORAIS EM ARTE T\u00caXTIL (MONTSERRAT DURAN) - Floripa Quilt","og_description":"Floripa Quilt 23\/04 \u2013 DIREITOS AUTORAIS EM ARTE T\u00caXTIL (MONTSERRAT DURAN) -","og_url":"https:\/\/floripaquilt.com.br\/2026\/produto\/23-04-direitos-autorais-em-arte-textil-montserrat-duran\/","og_site_name":"Floripa Quilt","article_modified_time":"2026-04-22T14:27:20+00:00","og_image":[{"width":1024,"height":1024,"url":"https:\/\/floripaquilt.com.br\/2026\/wp-content\/uploads\/2026\/02\/ChatGPT-Image-7-de-fev.-de-2026-11_29_45.jpg","type":"image\/jpeg"}],"twitter_card":"summary_large_image","twitter_misc":{"Est. tempo de leitura":"2 minutos"},"schema":{"@context":"https:\/\/schema.org","@graph":[{"@type":"WebPage","@id":"https:\/\/floripaquilt.com.br\/2026\/produto\/23-04-direitos-autorais-em-arte-textil-montserrat-duran\/","url":"https:\/\/floripaquilt.com.br\/2026\/produto\/23-04-direitos-autorais-em-arte-textil-montserrat-duran\/","name":"23\/04 \u2013 DIREITOS AUTORAIS EM ARTE T\u00caXTIL (MONTSERRAT DURAN) - Floripa Quilt","isPartOf":{"@id":"https:\/\/floripaquilt.com.br\/2026\/#website"},"primaryImageOfPage":{"@id":"https:\/\/floripaquilt.com.br\/2026\/produto\/23-04-direitos-autorais-em-arte-textil-montserrat-duran\/#primaryimage"},"image":{"@id":"https:\/\/floripaquilt.com.br\/2026\/produto\/23-04-direitos-autorais-em-arte-textil-montserrat-duran\/#primaryimage"},"thumbnailUrl":"https:\/\/floripaquilt.com.br\/2026\/wp-content\/uploads\/2026\/02\/ChatGPT-Image-7-de-fev.-de-2026-11_29_45.jpg","datePublished":"2026-02-07T14:40:14+00:00","dateModified":"2026-04-22T14:27:20+00:00","description":"Floripa Quilt 23\/04 \u2013 DIREITOS AUTORAIS EM ARTE T\u00caXTIL (MONTSERRAT DURAN) -","breadcrumb":{"@id":"https:\/\/floripaquilt.com.br\/2026\/produto\/23-04-direitos-autorais-em-arte-textil-montserrat-duran\/#breadcrumb"},"inLanguage":"pt-BR","potentialAction":[{"@type":"ReadAction","target":["https:\/\/floripaquilt.com.br\/2026\/produto\/23-04-direitos-autorais-em-arte-textil-montserrat-duran\/"]}]},{"@type":"ImageObject","inLanguage":"pt-BR","@id":"https:\/\/floripaquilt.com.br\/2026\/produto\/23-04-direitos-autorais-em-arte-textil-montserrat-duran\/#primaryimage","url":"https:\/\/floripaquilt.com.br\/2026\/wp-content\/uploads\/2026\/02\/ChatGPT-Image-7-de-fev.-de-2026-11_29_45.jpg","contentUrl":"https:\/\/floripaquilt.com.br\/2026\/wp-content\/uploads\/2026\/02\/ChatGPT-Image-7-de-fev.-de-2026-11_29_45.jpg","width":1024,"height":1024},{"@type":"BreadcrumbList","@id":"https:\/\/floripaquilt.com.br\/2026\/produto\/23-04-direitos-autorais-em-arte-textil-montserrat-duran\/#breadcrumb","itemListElement":[{"@type":"ListItem","position":1,"name":"In\u00edcio","item":"https:\/\/floripaquilt.com.br\/2026\/"},{"@type":"ListItem","position":2,"name":"23\/04 \u2013 DIREITOS AUTORAIS EM ARTE T\u00caXTIL (MONTSERRAT DURAN)"}]},{"@type":"WebSite","@id":"https:\/\/floripaquilt.com.br\/2026\/#website","url":"https:\/\/floripaquilt.com.br\/2026\/","name":"Floripa Quilt","description":"Floripa Quilt 2026 - 13\u00ba Festival de Patchwork, Arte T\u00eaxtil &amp; Boneca de Pano","publisher":{"@id":"https:\/\/floripaquilt.com.br\/2026\/#organization"},"potentialAction":[{"@type":"SearchAction","target":{"@type":"EntryPoint","urlTemplate":"https:\/\/floripaquilt.com.br\/2026\/?s={search_term_string}"},"query-input":{"@type":"PropertyValueSpecification","valueRequired":true,"valueName":"search_term_string"}}],"inLanguage":"pt-BR"},{"@type":"Organization","@id":"https:\/\/floripaquilt.com.br\/2026\/#organization","name":"Floripa Quilt","url":"https:\/\/floripaquilt.com.br\/2026\/","logo":{"@type":"ImageObject","inLanguage":"pt-BR","@id":"https:\/\/floripaquilt.com.br\/2026\/#\/schema\/logo\/image\/","url":"https:\/\/floripaquilt.com.br\/2026\/wp-content\/uploads\/2025\/08\/Sem-titulo-2-scaled.jpg","contentUrl":"https:\/\/floripaquilt.com.br\/2026\/wp-content\/uploads\/2025\/08\/Sem-titulo-2-scaled.jpg","width":2560,"height":369,"caption":"Floripa Quilt"},"image":{"@id":"https:\/\/floripaquilt.com.br\/2026\/#\/schema\/logo\/image\/"}}]}},"jetpack_sharing_enabled":true,"_links":{"self":[{"href":"https:\/\/floripaquilt.com.br\/2026\/wp-json\/wp\/v2\/product\/11597","targetHints":{"allow":["GET"]}}],"collection":[{"href":"https:\/\/floripaquilt.com.br\/2026\/wp-json\/wp\/v2\/product"}],"about":[{"href":"https:\/\/floripaquilt.com.br\/2026\/wp-json\/wp\/v2\/types\/product"}],"replies":[{"embeddable":true,"href":"https:\/\/floripaquilt.com.br\/2026\/wp-json\/wp\/v2\/comments?post=11597"}],"wp:featuredmedia":[{"embeddable":true,"href":"https:\/\/floripaquilt.com.br\/2026\/wp-json\/wp\/v2\/media\/11646"}],"wp:attachment":[{"href":"https:\/\/floripaquilt.com.br\/2026\/wp-json\/wp\/v2\/media?parent=11597"}],"wp:term":[{"taxonomy":"product_brand","embeddable":true,"href":"https:\/\/floripaquilt.com.br\/2026\/wp-json\/wp\/v2\/product_brand?post=11597"},{"taxonomy":"product_cat","embeddable":true,"href":"https:\/\/floripaquilt.com.br\/2026\/wp-json\/wp\/v2\/product_cat?post=11597"},{"taxonomy":"product_tag","embeddable":true,"href":"https:\/\/floripaquilt.com.br\/2026\/wp-json\/wp\/v2\/product_tag?post=11597"}],"curies":[{"name":"wp","href":"https:\/\/api.w.org\/{rel}","templated":true}]}}