{"id":11596,"date":"2026-02-07T11:15:58","date_gmt":"2026-02-07T14:15:58","guid":{"rendered":"https:\/\/floripaquilt.com.br\/2026\/?post_type=product&#038;p=11596"},"modified":"2026-04-16T12:23:01","modified_gmt":"2026-04-16T15:23:01","slug":"23-04-pintura-em-tecidos-com-corante-marcio-lima","status":"publish","type":"product","link":"https:\/\/floripaquilt.com.br\/2026\/produto\/23-04-pintura-em-tecidos-com-corante-marcio-lima\/","title":{"rendered":"23\/04 \u2013 PINTURA EM TECIDOS COM CORANTE (M\u00c1RCIO LIMA)"},"content":{"rendered":"<p><strong><span dir=\"auto\" style=\"vertical-align: inherit;\"><span dir=\"auto\" style=\"vertical-align: inherit;\"><div class=\"gtranslate_wrapper\" id=\"gt-wrapper-32834924\"><\/div><\/span><\/span><\/strong><\/p>\n<p>&nbsp;<\/p>\n<p><strong><span dir=\"auto\" style=\"vertical-align: inherit;\"><span dir=\"auto\" style=\"vertical-align: inherit;\">R$ 210,00 Kit R$ 70,00<\/span><\/span><\/strong><\/p>\n<p><strong>Por:<\/strong> <strong>M\u00e1rcio Lima, SP\/Brasil.<\/strong><\/p>\n<p><strong>Data:\u202f<\/strong>23 de abril &#8211; quinta-feira<\/p>\n<p><strong>Carga hor\u00e1ria<\/strong>: 9h \u00e0s 15h \u2013 5h\/a (1 hora de intervalo)<\/p>\n<p><strong>Descritivo:<\/strong> Nesta aula, os participantes ir\u00e3o explorar a <strong>pintura em tecido com corantes<\/strong>, aprendendo a aplicar cores diretamente sobre a superf\u00edcie t\u00eaxtil para criar <strong>efeitos de profundidade, transpar\u00eancia e movimento<\/strong>.<\/p>\n<p>Ser\u00e3o abordados os <strong>tipos de corantes<\/strong>, a prepara\u00e7\u00e3o do tecido, as formas de aplica\u00e7\u00e3o e controle da cor, al\u00e9m de t\u00e9cnicas para <strong>mistura de tons, cria\u00e7\u00e3o de nuances e varia\u00e7\u00f5es crom\u00e1ticas<\/strong>.<\/p>\n<p>Durante o processo, os participantes experimentar\u00e3o diferentes abordagens de pintura, compreendendo como a cor interage com o tecido e como esse recurso pode ser aplicado em <strong>quilts art\u00edsticos, pain\u00e9is t\u00eaxteis e composi\u00e7\u00f5es autorais<\/strong>.<\/p>\n<p>A aula \u00e9 indicada para quem deseja <strong>ampliar o repert\u00f3rio t\u00e9cnico<\/strong>, experimentar a pintura como linguagem t\u00eaxtil e incorporar o uso de corantes em seus projetos criativos.<\/p>\n<p><strong>Pr\u00e9-requisitos<\/strong>: N\u00e3o \u00e9 necess\u00e1rio conhecimento pr\u00e9vio. A aula \u00e9 voltada para <strong>iniciantes<\/strong> e abordar\u00e1, de forma acess\u00edvel, <strong>os conceitos b\u00e1sicos da pintura em tecido com corantes<\/strong>.<\/p>\n<p><strong>Material necess\u00e1rio: <\/strong>N\u00e3o h\u00e1 necessidade de trazer materiais. <strong>Todo o material ser\u00e1 fornecido por meio do kit, adquirido no momento da inscri\u00e7\u00e3o.<\/strong><\/p>\n<p><strong>Observa\u00e7\u00f5es:\u00a0<\/strong><\/p>\n<p>O\u00a0material solicitado \u00e9 imprescind\u00edvel para participa\u00e7\u00e3o no curso\/oficina.<\/p>\n<p>Atente-se para n\u00e3o comprar cursos\/oficinas no mesmo dia e hor\u00e1rio.<\/p>\n<p>Ap\u00f3s o pagamento, a sua matr\u00edcula \u00e9 automaticamente confirmada no curso\/oficina escolhido, portanto\u00a0<strong>n\u00e3o h\u00e1 possibilidade de reembolso dos valores.<\/strong><\/p>\n<p>Em caso de desist\u00eancia, sua inscri\u00e7\u00e3o poder\u00e1 ser transferida para outra pessoa por indica\u00e7\u00e3o enviando os dados da compra e da pessoa que vir\u00e1 no seu lugar para o email: <a href=\"mailto:fqcursos@gmail.com\">fqcursos@gmail.com<\/a><\/p>\n","protected":false},"excerpt":{"rendered":"<p><strong><span dir=\"auto\" style=\"vertical-align: inherit;\"><span dir=\"auto\" style=\"vertical-align: inherit;\">[gtranslate]<\/span><\/span><\/strong><\/p>\n<p>&nbsp;<\/p>\n<p><strong><span dir=\"auto\" style=\"vertical-align: inherit;\"><span dir=\"auto\" style=\"vertical-align: inherit;\">R$ 210,00 Kit R$ 70,00<\/span><\/span><\/strong><\/p>\n<p><strong>Por:<\/strong> <strong>M\u00e1rcio Lima, SP\/Brasil.<\/strong><\/p>\n<p><strong>Data:\u202f<\/strong>23 de abril &#8211; quinta-feira<\/p>\n<p><strong>Carga hor\u00e1ria<\/strong>: 9h \u00e0s 15h \u2013 5h\/a (1 hora de intervalo)<\/p>\n<p><strong>Descritivo:<\/strong> Nesta aula, os participantes ir\u00e3o explorar a <strong>pintura em tecido com corantes<\/strong>, aprendendo a aplicar cores diretamente sobre a superf\u00edcie t\u00eaxtil para criar <strong>efeitos de profundidade, transpar\u00eancia e movimento<\/strong>.<\/p>\n<p>Ser\u00e3o abordados os <strong>tipos de corantes<\/strong>, a prepara\u00e7\u00e3o do tecido, as formas de aplica\u00e7\u00e3o e controle da cor, al\u00e9m de t\u00e9cnicas para <strong>mistura de tons, cria\u00e7\u00e3o de nuances e varia\u00e7\u00f5es crom\u00e1ticas<\/strong>.<\/p>\n<p><span dir=\"auto\" style=\"vertical-align: inherit;\"><span dir=\"auto\" style=\"vertical-align: inherit;\">Durante o processo, os participantes experimentar\u00e3o diferentes abordagens de pintura, compreendendo como a cor interage com o tecido e como esse recurso pode ser aplicado em <\/span><\/span><strong><span dir=\"auto\" style=\"vertical-align: inherit;\"><span dir=\"auto\" style=\"vertical-align: inherit;\">quilts art\u00edsticos, pain\u00e9is t\u00eaxteis e composi\u00e7\u00f5es autorais<\/span><\/span><\/strong><span dir=\"auto\" style=\"vertical-align: inherit;\"><span dir=\"auto\" style=\"vertical-align: inherit;\">.<\/span><\/span><\/p>\n<p><span dir=\"auto\" style=\"vertical-align: inherit;\"><span dir=\"auto\" style=\"vertical-align: inherit;\">A aula \u00e9 indicada para quem deseja <\/span><\/span><strong><span dir=\"auto\" style=\"vertical-align: inherit;\"><span dir=\"auto\" style=\"vertical-align: inherit;\">ampliar o repert\u00f3rio t\u00e9cnico<\/span><\/span><\/strong><span dir=\"auto\" style=\"vertical-align: inherit;\"><span dir=\"auto\" style=\"vertical-align: inherit;\">, experimentar a pintura como linguagem t\u00eaxtil e incorporar o uso de corantes em seus projetos criativos.<\/span><\/span><\/p>\n<p><strong><span dir=\"auto\" style=\"vertical-align: inherit;\"><span dir=\"auto\" style=\"vertical-align: inherit;\">Pr\u00e9-requisitos<\/span><\/span><\/strong><span dir=\"auto\" style=\"vertical-align: inherit;\"><span dir=\"auto\" style=\"vertical-align: inherit;\">: N\u00e3o \u00e9 necess\u00e1rio conhecimento pr\u00e9vio. A aula \u00e9 voltada para <\/span><\/span><strong><span dir=\"auto\" style=\"vertical-align: inherit;\"><span dir=\"auto\" style=\"vertical-align: inherit;\">iniciantes<\/span><\/span><\/strong><span dir=\"auto\" style=\"vertical-align: inherit;\"><span dir=\"auto\" style=\"vertical-align: inherit;\"> e abordar\u00e1, de forma acess\u00edvel, <\/span><\/span><strong><span dir=\"auto\" style=\"vertical-align: inherit;\"><span dir=\"auto\" style=\"vertical-align: inherit;\">os conceitos b\u00e1sicos da pintura em tecido com corantes<\/span><\/span><\/strong><span dir=\"auto\" style=\"vertical-align: inherit;\"><span dir=\"auto\" style=\"vertical-align: inherit;\">.<\/span><\/span><\/p>\n<p><strong><span dir=\"auto\" style=\"vertical-align: inherit;\"><span dir=\"auto\" style=\"vertical-align: inherit;\">Material necess\u00e1rio: <\/span><\/span><\/strong><span dir=\"auto\" style=\"vertical-align: inherit;\"><span dir=\"auto\" style=\"vertical-align: inherit;\">N\u00e3o h\u00e1 necessidade de trazer materiais. <\/span><\/span><strong><span dir=\"auto\" style=\"vertical-align: inherit;\"><span dir=\"auto\" style=\"vertical-align: inherit;\">Todo o material ser\u00e1 fornecido por meio do kit, adquirido no momento da inscri\u00e7\u00e3o.<\/span><\/span><\/strong><\/p>\n<p><strong><span dir=\"auto\" style=\"vertical-align: inherit;\"><span dir=\"auto\" style=\"vertical-align: inherit;\">Observa\u00e7\u00f5es:\u00a0<\/span><\/span><\/strong><\/p>\n<p><span dir=\"auto\" style=\"vertical-align: inherit;\"><span dir=\"auto\" style=\"vertical-align: inherit;\">O\u00a0material solicitado \u00e9 imprescind\u00edvel para participa\u00e7\u00e3o no curso\/oficina.<\/span><\/span><\/p>\n<p><span dir=\"auto\" style=\"vertical-align: inherit;\"><span dir=\"auto\" style=\"vertical-align: inherit;\">Atente-se para n\u00e3o comprar cursos\/oficinas no mesmo dia e hor\u00e1rio.<\/span><\/span><\/p>\n<p><span dir=\"auto\" style=\"vertical-align: inherit;\"><span dir=\"auto\" style=\"vertical-align: inherit;\">Ap\u00f3s o pagamento, a sua matr\u00edcula \u00e9 automaticamente confirmada no curso\/oficina escolhido, portanto\u00a0<\/span><\/span><strong><span dir=\"auto\" style=\"vertical-align: inherit;\"><span dir=\"auto\" style=\"vertical-align: inherit;\">n\u00e3o h\u00e1 possibilidade de reembolso dos valores.<\/span><\/span><\/strong><\/p>\n<p><span dir=\"auto\" style=\"vertical-align: inherit;\"><span dir=\"auto\" style=\"vertical-align: inherit;\">Em caso de desist\u00eancia, sua inscri\u00e7\u00e3o poder\u00e1 ser transferida para outra pessoa por indica\u00e7\u00e3o enviando os dados da compra e da pessoa que vir\u00e1 no seu lugar para o email: <\/span><\/span><a href=\"mailto:fqcursos@gmail.com\"><span dir=\"auto\" style=\"vertical-align: inherit;\"><span dir=\"auto\" style=\"vertical-align: inherit;\">fqcursos@gmail.com<\/span><\/span><\/a><\/p>\n","protected":false},"featured_media":11665,"comment_status":"closed","ping_status":"closed","template":"","meta":{"_monsterinsights_skip_tracking":false,"_monsterinsights_sitenote_active":false,"_monsterinsights_sitenote_note":"","_monsterinsights_sitenote_category":0,"_uf_show_specific_survey":0,"_uf_disable_surveys":false},"product_brand":[],"product_cat":[191],"product_tag":[],"class_list":{"0":"post-11596","1":"product","2":"type-product","3":"status-publish","4":"has-post-thumbnail","6":"product_cat-cursos-oficinas-2026","8":"first","9":"outofstock","10":"shipping-taxable","11":"purchasable","12":"product-type-simple"},"acf":[],"yoast_head":"<!-- This site is optimized with the Yoast SEO plugin v27.4 - https:\/\/yoast.com\/product\/yoast-seo-wordpress\/ -->\n<title>23\/04 \u2013 PINTURA EM TECIDOS COM CORANTE (M\u00c1RCIO LIMA) - Floripa Quilt<\/title>\n<meta name=\"description\" content=\"Floripa Quilt 23\/04 \u2013 PINTURA EM TECIDOS COM CORANTE (M\u00c1RCIO LIMA) -\" \/>\n<meta name=\"robots\" content=\"index, follow, max-snippet:-1, max-image-preview:large, max-video-preview:-1\" \/>\n<link rel=\"canonical\" href=\"https:\/\/floripaquilt.com.br\/2026\/produto\/23-04-pintura-em-tecidos-com-corante-marcio-lima\/\" \/>\n<meta property=\"og:locale\" content=\"pt_BR\" \/>\n<meta property=\"og:type\" content=\"article\" \/>\n<meta property=\"og:title\" content=\"23\/04 \u2013 PINTURA EM TECIDOS COM CORANTE (M\u00c1RCIO LIMA) - Floripa Quilt\" \/>\n<meta property=\"og:description\" content=\"Floripa Quilt 23\/04 \u2013 PINTURA EM TECIDOS COM CORANTE (M\u00c1RCIO LIMA) -\" \/>\n<meta property=\"og:url\" content=\"https:\/\/floripaquilt.com.br\/2026\/produto\/23-04-pintura-em-tecidos-com-corante-marcio-lima\/\" \/>\n<meta property=\"og:site_name\" content=\"Floripa Quilt\" \/>\n<meta property=\"article:modified_time\" content=\"2026-04-16T15:23:01+00:00\" \/>\n<meta property=\"og:image\" content=\"https:\/\/floripaquilt.com.br\/2026\/wp-content\/uploads\/2026\/02\/MARCIO.jpg\" \/>\n\t<meta property=\"og:image:width\" content=\"1366\" \/>\n\t<meta property=\"og:image:height\" content=\"1298\" \/>\n\t<meta property=\"og:image:type\" content=\"image\/jpeg\" \/>\n<meta name=\"twitter:card\" content=\"summary_large_image\" \/>\n<meta name=\"twitter:label1\" content=\"Est. tempo de leitura\" \/>\n\t<meta name=\"twitter:data1\" content=\"2 minutos\" \/>\n<script type=\"application\/ld+json\" class=\"yoast-schema-graph\">{\"@context\":\"https:\\\/\\\/schema.org\",\"@graph\":[{\"@type\":\"WebPage\",\"@id\":\"https:\\\/\\\/floripaquilt.com.br\\\/2026\\\/produto\\\/23-04-pintura-em-tecidos-com-corante-marcio-lima\\\/\",\"url\":\"https:\\\/\\\/floripaquilt.com.br\\\/2026\\\/produto\\\/23-04-pintura-em-tecidos-com-corante-marcio-lima\\\/\",\"name\":\"23\\\/04 \u2013 PINTURA EM TECIDOS COM CORANTE (M\u00c1RCIO LIMA) - Floripa Quilt\",\"isPartOf\":{\"@id\":\"https:\\\/\\\/floripaquilt.com.br\\\/2026\\\/#website\"},\"primaryImageOfPage\":{\"@id\":\"https:\\\/\\\/floripaquilt.com.br\\\/2026\\\/produto\\\/23-04-pintura-em-tecidos-com-corante-marcio-lima\\\/#primaryimage\"},\"image\":{\"@id\":\"https:\\\/\\\/floripaquilt.com.br\\\/2026\\\/produto\\\/23-04-pintura-em-tecidos-com-corante-marcio-lima\\\/#primaryimage\"},\"thumbnailUrl\":\"https:\\\/\\\/floripaquilt.com.br\\\/2026\\\/wp-content\\\/uploads\\\/2026\\\/02\\\/MARCIO.jpg\",\"datePublished\":\"2026-02-07T14:15:58+00:00\",\"dateModified\":\"2026-04-16T15:23:01+00:00\",\"description\":\"Floripa Quilt 23\\\/04 \u2013 PINTURA EM TECIDOS COM CORANTE (M\u00c1RCIO LIMA) -\",\"breadcrumb\":{\"@id\":\"https:\\\/\\\/floripaquilt.com.br\\\/2026\\\/produto\\\/23-04-pintura-em-tecidos-com-corante-marcio-lima\\\/#breadcrumb\"},\"inLanguage\":\"pt-BR\",\"potentialAction\":[{\"@type\":\"ReadAction\",\"target\":[\"https:\\\/\\\/floripaquilt.com.br\\\/2026\\\/produto\\\/23-04-pintura-em-tecidos-com-corante-marcio-lima\\\/\"]}]},{\"@type\":\"ImageObject\",\"inLanguage\":\"pt-BR\",\"@id\":\"https:\\\/\\\/floripaquilt.com.br\\\/2026\\\/produto\\\/23-04-pintura-em-tecidos-com-corante-marcio-lima\\\/#primaryimage\",\"url\":\"https:\\\/\\\/floripaquilt.com.br\\\/2026\\\/wp-content\\\/uploads\\\/2026\\\/02\\\/MARCIO.jpg\",\"contentUrl\":\"https:\\\/\\\/floripaquilt.com.br\\\/2026\\\/wp-content\\\/uploads\\\/2026\\\/02\\\/MARCIO.jpg\",\"width\":1366,\"height\":1298},{\"@type\":\"BreadcrumbList\",\"@id\":\"https:\\\/\\\/floripaquilt.com.br\\\/2026\\\/produto\\\/23-04-pintura-em-tecidos-com-corante-marcio-lima\\\/#breadcrumb\",\"itemListElement\":[{\"@type\":\"ListItem\",\"position\":1,\"name\":\"In\u00edcio\",\"item\":\"https:\\\/\\\/floripaquilt.com.br\\\/2026\\\/\"},{\"@type\":\"ListItem\",\"position\":2,\"name\":\"23\\\/04 \u2013 PINTURA EM TECIDOS COM CORANTE (M\u00c1RCIO LIMA)\"}]},{\"@type\":\"WebSite\",\"@id\":\"https:\\\/\\\/floripaquilt.com.br\\\/2026\\\/#website\",\"url\":\"https:\\\/\\\/floripaquilt.com.br\\\/2026\\\/\",\"name\":\"Floripa Quilt\",\"description\":\"Floripa Quilt 2026 - 13\u00ba Festival de Patchwork, Arte T\u00eaxtil &amp; Boneca de Pano\",\"publisher\":{\"@id\":\"https:\\\/\\\/floripaquilt.com.br\\\/2026\\\/#organization\"},\"potentialAction\":[{\"@type\":\"SearchAction\",\"target\":{\"@type\":\"EntryPoint\",\"urlTemplate\":\"https:\\\/\\\/floripaquilt.com.br\\\/2026\\\/?s={search_term_string}\"},\"query-input\":{\"@type\":\"PropertyValueSpecification\",\"valueRequired\":true,\"valueName\":\"search_term_string\"}}],\"inLanguage\":\"pt-BR\"},{\"@type\":\"Organization\",\"@id\":\"https:\\\/\\\/floripaquilt.com.br\\\/2026\\\/#organization\",\"name\":\"Floripa Quilt\",\"url\":\"https:\\\/\\\/floripaquilt.com.br\\\/2026\\\/\",\"logo\":{\"@type\":\"ImageObject\",\"inLanguage\":\"pt-BR\",\"@id\":\"https:\\\/\\\/floripaquilt.com.br\\\/2026\\\/#\\\/schema\\\/logo\\\/image\\\/\",\"url\":\"https:\\\/\\\/floripaquilt.com.br\\\/2026\\\/wp-content\\\/uploads\\\/2025\\\/08\\\/Sem-titulo-2-scaled.jpg\",\"contentUrl\":\"https:\\\/\\\/floripaquilt.com.br\\\/2026\\\/wp-content\\\/uploads\\\/2025\\\/08\\\/Sem-titulo-2-scaled.jpg\",\"width\":2560,\"height\":369,\"caption\":\"Floripa Quilt\"},\"image\":{\"@id\":\"https:\\\/\\\/floripaquilt.com.br\\\/2026\\\/#\\\/schema\\\/logo\\\/image\\\/\"}}]}<\/script>\n<!-- \/ Yoast SEO plugin. -->","yoast_head_json":{"title":"23\/04 \u2013 PINTURA EM TECIDOS COM CORANTE (M\u00c1RCIO LIMA) - Floripa Quilt","description":"Floripa Quilt 23\/04 \u2013 PINTURA EM TECIDOS COM CORANTE (M\u00c1RCIO LIMA) -","robots":{"index":"index","follow":"follow","max-snippet":"max-snippet:-1","max-image-preview":"max-image-preview:large","max-video-preview":"max-video-preview:-1"},"canonical":"https:\/\/floripaquilt.com.br\/2026\/produto\/23-04-pintura-em-tecidos-com-corante-marcio-lima\/","og_locale":"pt_BR","og_type":"article","og_title":"23\/04 \u2013 PINTURA EM TECIDOS COM CORANTE (M\u00c1RCIO LIMA) - Floripa Quilt","og_description":"Floripa Quilt 23\/04 \u2013 PINTURA EM TECIDOS COM CORANTE (M\u00c1RCIO LIMA) -","og_url":"https:\/\/floripaquilt.com.br\/2026\/produto\/23-04-pintura-em-tecidos-com-corante-marcio-lima\/","og_site_name":"Floripa Quilt","article_modified_time":"2026-04-16T15:23:01+00:00","og_image":[{"width":1366,"height":1298,"url":"https:\/\/floripaquilt.com.br\/2026\/wp-content\/uploads\/2026\/02\/MARCIO.jpg","type":"image\/jpeg"}],"twitter_card":"summary_large_image","twitter_misc":{"Est. tempo de leitura":"2 minutos"},"schema":{"@context":"https:\/\/schema.org","@graph":[{"@type":"WebPage","@id":"https:\/\/floripaquilt.com.br\/2026\/produto\/23-04-pintura-em-tecidos-com-corante-marcio-lima\/","url":"https:\/\/floripaquilt.com.br\/2026\/produto\/23-04-pintura-em-tecidos-com-corante-marcio-lima\/","name":"23\/04 \u2013 PINTURA EM TECIDOS COM CORANTE (M\u00c1RCIO LIMA) - Floripa Quilt","isPartOf":{"@id":"https:\/\/floripaquilt.com.br\/2026\/#website"},"primaryImageOfPage":{"@id":"https:\/\/floripaquilt.com.br\/2026\/produto\/23-04-pintura-em-tecidos-com-corante-marcio-lima\/#primaryimage"},"image":{"@id":"https:\/\/floripaquilt.com.br\/2026\/produto\/23-04-pintura-em-tecidos-com-corante-marcio-lima\/#primaryimage"},"thumbnailUrl":"https:\/\/floripaquilt.com.br\/2026\/wp-content\/uploads\/2026\/02\/MARCIO.jpg","datePublished":"2026-02-07T14:15:58+00:00","dateModified":"2026-04-16T15:23:01+00:00","description":"Floripa Quilt 23\/04 \u2013 PINTURA EM TECIDOS COM CORANTE (M\u00c1RCIO LIMA) -","breadcrumb":{"@id":"https:\/\/floripaquilt.com.br\/2026\/produto\/23-04-pintura-em-tecidos-com-corante-marcio-lima\/#breadcrumb"},"inLanguage":"pt-BR","potentialAction":[{"@type":"ReadAction","target":["https:\/\/floripaquilt.com.br\/2026\/produto\/23-04-pintura-em-tecidos-com-corante-marcio-lima\/"]}]},{"@type":"ImageObject","inLanguage":"pt-BR","@id":"https:\/\/floripaquilt.com.br\/2026\/produto\/23-04-pintura-em-tecidos-com-corante-marcio-lima\/#primaryimage","url":"https:\/\/floripaquilt.com.br\/2026\/wp-content\/uploads\/2026\/02\/MARCIO.jpg","contentUrl":"https:\/\/floripaquilt.com.br\/2026\/wp-content\/uploads\/2026\/02\/MARCIO.jpg","width":1366,"height":1298},{"@type":"BreadcrumbList","@id":"https:\/\/floripaquilt.com.br\/2026\/produto\/23-04-pintura-em-tecidos-com-corante-marcio-lima\/#breadcrumb","itemListElement":[{"@type":"ListItem","position":1,"name":"In\u00edcio","item":"https:\/\/floripaquilt.com.br\/2026\/"},{"@type":"ListItem","position":2,"name":"23\/04 \u2013 PINTURA EM TECIDOS COM CORANTE (M\u00c1RCIO LIMA)"}]},{"@type":"WebSite","@id":"https:\/\/floripaquilt.com.br\/2026\/#website","url":"https:\/\/floripaquilt.com.br\/2026\/","name":"Floripa Quilt","description":"Floripa Quilt 2026 - 13\u00ba Festival de Patchwork, Arte T\u00eaxtil &amp; Boneca de Pano","publisher":{"@id":"https:\/\/floripaquilt.com.br\/2026\/#organization"},"potentialAction":[{"@type":"SearchAction","target":{"@type":"EntryPoint","urlTemplate":"https:\/\/floripaquilt.com.br\/2026\/?s={search_term_string}"},"query-input":{"@type":"PropertyValueSpecification","valueRequired":true,"valueName":"search_term_string"}}],"inLanguage":"pt-BR"},{"@type":"Organization","@id":"https:\/\/floripaquilt.com.br\/2026\/#organization","name":"Floripa Quilt","url":"https:\/\/floripaquilt.com.br\/2026\/","logo":{"@type":"ImageObject","inLanguage":"pt-BR","@id":"https:\/\/floripaquilt.com.br\/2026\/#\/schema\/logo\/image\/","url":"https:\/\/floripaquilt.com.br\/2026\/wp-content\/uploads\/2025\/08\/Sem-titulo-2-scaled.jpg","contentUrl":"https:\/\/floripaquilt.com.br\/2026\/wp-content\/uploads\/2025\/08\/Sem-titulo-2-scaled.jpg","width":2560,"height":369,"caption":"Floripa Quilt"},"image":{"@id":"https:\/\/floripaquilt.com.br\/2026\/#\/schema\/logo\/image\/"}}]}},"jetpack_sharing_enabled":true,"_links":{"self":[{"href":"https:\/\/floripaquilt.com.br\/2026\/wp-json\/wp\/v2\/product\/11596","targetHints":{"allow":["GET"]}}],"collection":[{"href":"https:\/\/floripaquilt.com.br\/2026\/wp-json\/wp\/v2\/product"}],"about":[{"href":"https:\/\/floripaquilt.com.br\/2026\/wp-json\/wp\/v2\/types\/product"}],"replies":[{"embeddable":true,"href":"https:\/\/floripaquilt.com.br\/2026\/wp-json\/wp\/v2\/comments?post=11596"}],"wp:featuredmedia":[{"embeddable":true,"href":"https:\/\/floripaquilt.com.br\/2026\/wp-json\/wp\/v2\/media\/11665"}],"wp:attachment":[{"href":"https:\/\/floripaquilt.com.br\/2026\/wp-json\/wp\/v2\/media?parent=11596"}],"wp:term":[{"taxonomy":"product_brand","embeddable":true,"href":"https:\/\/floripaquilt.com.br\/2026\/wp-json\/wp\/v2\/product_brand?post=11596"},{"taxonomy":"product_cat","embeddable":true,"href":"https:\/\/floripaquilt.com.br\/2026\/wp-json\/wp\/v2\/product_cat?post=11596"},{"taxonomy":"product_tag","embeddable":true,"href":"https:\/\/floripaquilt.com.br\/2026\/wp-json\/wp\/v2\/product_tag?post=11596"}],"curies":[{"name":"wp","href":"https:\/\/api.w.org\/{rel}","templated":true}]}}