{"id":11593,"date":"2026-02-07T11:06:46","date_gmt":"2026-02-07T14:06:46","guid":{"rendered":"https:\/\/floripaquilt.com.br\/2026\/?post_type=product&#038;p=11593"},"modified":"2026-04-21T21:49:33","modified_gmt":"2026-04-22T00:49:33","slug":"22-04-quilt-decorativo-valeria-cervetto","status":"publish","type":"product","link":"https:\/\/floripaquilt.com.br\/2026\/produto\/22-04-quilt-decorativo-valeria-cervetto\/","title":{"rendered":"22\/04 \u2013 QUILT DECORATIVO (VAL\u00c9RIA CERVETTO)"},"content":{"rendered":"<p><strong><span dir=\"auto\" style=\"vertical-align: inherit;\"><span dir=\"auto\" style=\"vertical-align: inherit;\"><div class=\"gtranslate_wrapper\" id=\"gt-wrapper-36139913\"><\/div><\/span><\/span><\/strong><\/p>\n<p>&nbsp;<\/p>\n<p><strong><span dir=\"auto\" style=\"vertical-align: inherit;\"><span dir=\"auto\" style=\"vertical-align: inherit;\">R$ 210,00 Kit R$ 55,00<\/span><\/span><\/strong><\/p>\n<p><strong>Por:<\/strong> <strong>Val\u00e9ria Cervetto, SP\/Brasil.<\/strong><\/p>\n<p><strong>Data:\u202f<\/strong>22 de abril \u2013 quarta feira<\/p>\n<p><strong>Carga hor\u00e1ria<\/strong>: 9h \u00e0s 16h \u2013 6h\/a (1 hora de intervalo)<\/p>\n<p><strong>Descritivo:<\/strong> Nesta aula, os participantes ir\u00e3o <strong>quiltar uma flor utilizando linha matizada<\/strong>, explorando a varia\u00e7\u00e3o de cores e texturas ao longo do trabalho. Cada <strong>p\u00e9tala receber\u00e1 um motivo de quilting diferente<\/strong>, permitindo experimentar desenhos diversos e compreender como eles influenciam o resultado final da pe\u00e7a.<\/p>\n<p>Durante a aula, a professora ir\u00e1 orientar a <strong>escolha dos motivos<\/strong>, o planejamento do quilting e a execu\u00e7\u00e3o dos desenhos, auxiliando os participantes a desenvolver maior controle, ritmo e regularidade dos pontos.<\/p>\n<p>Ap\u00f3s o processo de quilting, ser\u00e1 ensinada a <strong>t\u00e9cnica de coloriza\u00e7\u00e3o da pe\u00e7a<\/strong>, demonstrando como real\u00e7ar volumes, detalhes e contrastes, ampliando as possibilidades expressivas do trabalho final.<\/p>\n<p>Esta aula \u00e9 indicada para quem deseja <strong>aprofundar o quilting decorativo<\/strong>, explorar o uso de <strong>linhas matizadas<\/strong> e experimentar a combina\u00e7\u00e3o entre quilting e pintura como recurso criativo no patchwork e na arte t\u00eaxtil.<\/p>\n<p><strong>Pr\u00e9-requisitos<\/strong>: Dom\u00ednio de m\u00e1quina de costura com p\u00e9 de quilting livre.<\/p>\n<p><strong>Material necess\u00e1rio: <\/strong>Tesoura, desmanchador de costura, caneta fantasma, linha branca de poli\u00e9ster.<\/p>\n<p><strong>Observa\u00e7\u00f5es:\u00a0<\/strong><\/p>\n<p>O\u00a0material solicitado \u00e9 imprescind\u00edvel para participa\u00e7\u00e3o no curso\/oficina.<\/p>\n<p>Atente-se para n\u00e3o comprar cursos\/oficinas no mesmo dia e hor\u00e1rio.<\/p>\n<p>Ap\u00f3s o pagamento, a sua matr\u00edcula \u00e9 automaticamente confirmada no curso\/oficina escolhido, portanto\u00a0<strong>n\u00e3o h\u00e1 possibilidade de reembolso dos valores.<\/strong><\/p>\n<p>Em caso de desist\u00eancia, sua inscri\u00e7\u00e3o poder\u00e1 ser transferida para outra pessoa por indica\u00e7\u00e3o enviando os dados da compra e da pessoa que vir\u00e1 no seu lugar para o email: <a href=\"mailto:fqcursos@gmail.com\">fqcursos@gmail.com<\/a><\/p>\n","protected":false},"excerpt":{"rendered":"<p><strong><span dir=\"auto\" style=\"vertical-align: inherit;\"><span dir=\"auto\" style=\"vertical-align: inherit;\">[gtranslate]<\/span><\/span><\/strong><\/p>\n<p>&nbsp;<\/p>\n<p><strong><span dir=\"auto\" style=\"vertical-align: inherit;\"><span dir=\"auto\" style=\"vertical-align: inherit;\">R$ 210,00 Kit R$ 55,00<\/span><\/span><\/strong><\/p>\n<p><strong>Por:<\/strong> <strong>Val\u00e9ria Cervetto, SP\/Brasil.<\/strong><\/p>\n<p><strong>Data:\u202f<\/strong>22 de abril \u2013 quarta feira<\/p>\n<p><strong>Carga hor\u00e1ria<\/strong>: 9h \u00e0s 16h \u2013 6h\/a (1 hora de intervalo)<\/p>\n<p><strong>Descritivo:<\/strong> Nesta aula, os participantes ir\u00e3o <strong>quiltar uma flor utilizando linha matizada<\/strong>, explorando a varia\u00e7\u00e3o de cores e texturas ao longo do trabalho. Cada <strong>p\u00e9tala receber\u00e1 um motivo de quilting diferente<\/strong>, permitindo experimentar desenhos diversos e compreender como eles influenciam o resultado final da pe\u00e7a.<\/p>\n<p>Durante a aula, a professora ir\u00e1 orientar a <strong>escolha dos motivos<\/strong>, o planejamento do quilting e a execu\u00e7\u00e3o dos desenhos, auxiliando os participantes a desenvolver maior controle, ritmo e regularidade dos pontos.<\/p>\n<p><span dir=\"auto\" style=\"vertical-align: inherit;\"><span dir=\"auto\" style=\"vertical-align: inherit;\">Ap\u00f3s o processo de quilting, ser\u00e1 ensinada a <\/span><\/span><strong><span dir=\"auto\" style=\"vertical-align: inherit;\"><span dir=\"auto\" style=\"vertical-align: inherit;\">t\u00e9cnica de coloriza\u00e7\u00e3o da pe\u00e7a<\/span><\/span><\/strong><span dir=\"auto\" style=\"vertical-align: inherit;\"><span dir=\"auto\" style=\"vertical-align: inherit;\">, demonstrando como real\u00e7ar volumes, detalhes e contrastes, ampliando as possibilidades expressivas do trabalho final.<\/span><\/span><\/p>\n<p><span dir=\"auto\" style=\"vertical-align: inherit;\"><span dir=\"auto\" style=\"vertical-align: inherit;\">Esta aula \u00e9 indicada para quem deseja <\/span><\/span><strong><span dir=\"auto\" style=\"vertical-align: inherit;\"><span dir=\"auto\" style=\"vertical-align: inherit;\">aprofundar o quilting decorativo<\/span><\/span><\/strong><span dir=\"auto\" style=\"vertical-align: inherit;\"><span dir=\"auto\" style=\"vertical-align: inherit;\">, explorar o uso de <\/span><\/span><strong><span dir=\"auto\" style=\"vertical-align: inherit;\"><span dir=\"auto\" style=\"vertical-align: inherit;\">linhas matizadas<\/span><\/span><\/strong><span dir=\"auto\" style=\"vertical-align: inherit;\"><span dir=\"auto\" style=\"vertical-align: inherit;\"> e experimentar a combina\u00e7\u00e3o entre quilting e pintura como recurso criativo no patchwork e na arte t\u00eaxtil.<\/span><\/span><\/p>\n<p><strong><span dir=\"auto\" style=\"vertical-align: inherit;\"><span dir=\"auto\" style=\"vertical-align: inherit;\">Pr\u00e9-requisitos<\/span><\/span><\/strong><span dir=\"auto\" style=\"vertical-align: inherit;\"><span dir=\"auto\" style=\"vertical-align: inherit;\">: Dom\u00ednio de m\u00e1quina de costura com p\u00e9 de quilting livre.<\/span><\/span><\/p>\n<p><strong><span dir=\"auto\" style=\"vertical-align: inherit;\"><span dir=\"auto\" style=\"vertical-align: inherit;\">Material necess\u00e1rio: <\/span><\/span><\/strong><span dir=\"auto\" style=\"vertical-align: inherit;\"><span dir=\"auto\" style=\"vertical-align: inherit;\">Tesoura, desmanchador de costura, caneta fantasma, linha branca de poli\u00e9ster.<\/span><\/span><\/p>\n<p><strong><span dir=\"auto\" style=\"vertical-align: inherit;\"><span dir=\"auto\" style=\"vertical-align: inherit;\">Observa\u00e7\u00f5es:\u00a0<\/span><\/span><\/strong><\/p>\n<p><span dir=\"auto\" style=\"vertical-align: inherit;\"><span dir=\"auto\" style=\"vertical-align: inherit;\">O\u00a0material solicitado \u00e9 imprescind\u00edvel para participa\u00e7\u00e3o no curso\/oficina.<\/span><\/span><\/p>\n<p><span dir=\"auto\" style=\"vertical-align: inherit;\"><span dir=\"auto\" style=\"vertical-align: inherit;\">Atente-se para n\u00e3o comprar cursos\/oficinas no mesmo dia e hor\u00e1rio.<\/span><\/span><\/p>\n<p><span dir=\"auto\" style=\"vertical-align: inherit;\"><span dir=\"auto\" style=\"vertical-align: inherit;\">Ap\u00f3s o pagamento, a sua matr\u00edcula \u00e9 automaticamente confirmada no curso\/oficina escolhido, portanto\u00a0<\/span><\/span><strong><span dir=\"auto\" style=\"vertical-align: inherit;\"><span dir=\"auto\" style=\"vertical-align: inherit;\">n\u00e3o h\u00e1 possibilidade de reembolso dos valores.<\/span><\/span><\/strong><\/p>\n<p><span dir=\"auto\" style=\"vertical-align: inherit;\"><span dir=\"auto\" style=\"vertical-align: inherit;\">Em caso de desist\u00eancia, sua inscri\u00e7\u00e3o poder\u00e1 ser transferida para outra pessoa por indica\u00e7\u00e3o enviando os dados da compra e da pessoa que vir\u00e1 no seu lugar para o email: <\/span><\/span><a href=\"mailto:fqcursos@gmail.com\"><span dir=\"auto\" style=\"vertical-align: inherit;\"><span dir=\"auto\" style=\"vertical-align: inherit;\">fqcursos@gmail.com<\/span><\/span><\/a><\/p>\n","protected":false},"featured_media":11742,"comment_status":"closed","ping_status":"closed","template":"","meta":{"_monsterinsights_skip_tracking":false,"_monsterinsights_sitenote_active":false,"_monsterinsights_sitenote_note":"","_monsterinsights_sitenote_category":0,"_uf_show_specific_survey":0,"_uf_disable_surveys":false},"product_brand":[],"product_cat":[191],"product_tag":[],"class_list":{"0":"post-11593","1":"product","2":"type-product","3":"status-publish","4":"has-post-thumbnail","6":"product_cat-cursos-oficinas-2026","8":"first","9":"outofstock","10":"shipping-taxable","11":"purchasable","12":"product-type-simple"},"acf":[],"yoast_head":"<!-- This site is optimized with the Yoast SEO plugin v27.4 - https:\/\/yoast.com\/product\/yoast-seo-wordpress\/ -->\n<title>22\/04 \u2013 QUILT DECORATIVO (VAL\u00c9RIA CERVETTO) - Floripa Quilt<\/title>\n<meta name=\"description\" content=\"Floripa Quilt 22\/04 \u2013 QUILT DECORATIVO (VAL\u00c9RIA CERVETTO) -\" \/>\n<meta name=\"robots\" content=\"index, follow, max-snippet:-1, max-image-preview:large, max-video-preview:-1\" \/>\n<link rel=\"canonical\" href=\"https:\/\/floripaquilt.com.br\/2026\/produto\/22-04-quilt-decorativo-valeria-cervetto\/\" \/>\n<meta property=\"og:locale\" content=\"pt_BR\" \/>\n<meta property=\"og:type\" content=\"article\" \/>\n<meta property=\"og:title\" content=\"22\/04 \u2013 QUILT DECORATIVO (VAL\u00c9RIA CERVETTO) - Floripa Quilt\" \/>\n<meta property=\"og:description\" content=\"Floripa Quilt 22\/04 \u2013 QUILT DECORATIVO (VAL\u00c9RIA CERVETTO) -\" \/>\n<meta property=\"og:url\" content=\"https:\/\/floripaquilt.com.br\/2026\/produto\/22-04-quilt-decorativo-valeria-cervetto\/\" \/>\n<meta property=\"og:site_name\" content=\"Floripa Quilt\" \/>\n<meta property=\"article:modified_time\" content=\"2026-04-22T00:49:33+00:00\" \/>\n<meta property=\"og:image\" content=\"https:\/\/floripaquilt.com.br\/2026\/wp-content\/uploads\/2026\/02\/WhatsApp-Image-2026-02-10-at-18.55.53.jpeg\" \/>\n\t<meta property=\"og:image:width\" content=\"1600\" \/>\n\t<meta property=\"og:image:height\" content=\"1441\" \/>\n\t<meta property=\"og:image:type\" content=\"image\/jpeg\" \/>\n<meta name=\"twitter:card\" content=\"summary_large_image\" \/>\n<meta name=\"twitter:label1\" content=\"Est. tempo de leitura\" \/>\n\t<meta name=\"twitter:data1\" content=\"2 minutos\" \/>\n<script type=\"application\/ld+json\" class=\"yoast-schema-graph\">{\"@context\":\"https:\\\/\\\/schema.org\",\"@graph\":[{\"@type\":\"WebPage\",\"@id\":\"https:\\\/\\\/floripaquilt.com.br\\\/2026\\\/produto\\\/22-04-quilt-decorativo-valeria-cervetto\\\/\",\"url\":\"https:\\\/\\\/floripaquilt.com.br\\\/2026\\\/produto\\\/22-04-quilt-decorativo-valeria-cervetto\\\/\",\"name\":\"22\\\/04 \u2013 QUILT DECORATIVO (VAL\u00c9RIA CERVETTO) - Floripa Quilt\",\"isPartOf\":{\"@id\":\"https:\\\/\\\/floripaquilt.com.br\\\/2026\\\/#website\"},\"primaryImageOfPage\":{\"@id\":\"https:\\\/\\\/floripaquilt.com.br\\\/2026\\\/produto\\\/22-04-quilt-decorativo-valeria-cervetto\\\/#primaryimage\"},\"image\":{\"@id\":\"https:\\\/\\\/floripaquilt.com.br\\\/2026\\\/produto\\\/22-04-quilt-decorativo-valeria-cervetto\\\/#primaryimage\"},\"thumbnailUrl\":\"https:\\\/\\\/floripaquilt.com.br\\\/2026\\\/wp-content\\\/uploads\\\/2026\\\/02\\\/WhatsApp-Image-2026-02-10-at-18.55.53.jpeg\",\"datePublished\":\"2026-02-07T14:06:46+00:00\",\"dateModified\":\"2026-04-22T00:49:33+00:00\",\"description\":\"Floripa Quilt 22\\\/04 \u2013 QUILT DECORATIVO (VAL\u00c9RIA CERVETTO) -\",\"breadcrumb\":{\"@id\":\"https:\\\/\\\/floripaquilt.com.br\\\/2026\\\/produto\\\/22-04-quilt-decorativo-valeria-cervetto\\\/#breadcrumb\"},\"inLanguage\":\"pt-BR\",\"potentialAction\":[{\"@type\":\"ReadAction\",\"target\":[\"https:\\\/\\\/floripaquilt.com.br\\\/2026\\\/produto\\\/22-04-quilt-decorativo-valeria-cervetto\\\/\"]}]},{\"@type\":\"ImageObject\",\"inLanguage\":\"pt-BR\",\"@id\":\"https:\\\/\\\/floripaquilt.com.br\\\/2026\\\/produto\\\/22-04-quilt-decorativo-valeria-cervetto\\\/#primaryimage\",\"url\":\"https:\\\/\\\/floripaquilt.com.br\\\/2026\\\/wp-content\\\/uploads\\\/2026\\\/02\\\/WhatsApp-Image-2026-02-10-at-18.55.53.jpeg\",\"contentUrl\":\"https:\\\/\\\/floripaquilt.com.br\\\/2026\\\/wp-content\\\/uploads\\\/2026\\\/02\\\/WhatsApp-Image-2026-02-10-at-18.55.53.jpeg\",\"width\":1600,\"height\":1441},{\"@type\":\"BreadcrumbList\",\"@id\":\"https:\\\/\\\/floripaquilt.com.br\\\/2026\\\/produto\\\/22-04-quilt-decorativo-valeria-cervetto\\\/#breadcrumb\",\"itemListElement\":[{\"@type\":\"ListItem\",\"position\":1,\"name\":\"In\u00edcio\",\"item\":\"https:\\\/\\\/floripaquilt.com.br\\\/2026\\\/\"},{\"@type\":\"ListItem\",\"position\":2,\"name\":\"22\\\/04 \u2013 QUILT DECORATIVO (VAL\u00c9RIA CERVETTO)\"}]},{\"@type\":\"WebSite\",\"@id\":\"https:\\\/\\\/floripaquilt.com.br\\\/2026\\\/#website\",\"url\":\"https:\\\/\\\/floripaquilt.com.br\\\/2026\\\/\",\"name\":\"Floripa Quilt\",\"description\":\"Floripa Quilt 2026 - 13\u00ba Festival de Patchwork, Arte T\u00eaxtil &amp; Boneca de Pano\",\"publisher\":{\"@id\":\"https:\\\/\\\/floripaquilt.com.br\\\/2026\\\/#organization\"},\"potentialAction\":[{\"@type\":\"SearchAction\",\"target\":{\"@type\":\"EntryPoint\",\"urlTemplate\":\"https:\\\/\\\/floripaquilt.com.br\\\/2026\\\/?s={search_term_string}\"},\"query-input\":{\"@type\":\"PropertyValueSpecification\",\"valueRequired\":true,\"valueName\":\"search_term_string\"}}],\"inLanguage\":\"pt-BR\"},{\"@type\":\"Organization\",\"@id\":\"https:\\\/\\\/floripaquilt.com.br\\\/2026\\\/#organization\",\"name\":\"Floripa Quilt\",\"url\":\"https:\\\/\\\/floripaquilt.com.br\\\/2026\\\/\",\"logo\":{\"@type\":\"ImageObject\",\"inLanguage\":\"pt-BR\",\"@id\":\"https:\\\/\\\/floripaquilt.com.br\\\/2026\\\/#\\\/schema\\\/logo\\\/image\\\/\",\"url\":\"https:\\\/\\\/floripaquilt.com.br\\\/2026\\\/wp-content\\\/uploads\\\/2025\\\/08\\\/Sem-titulo-2-scaled.jpg\",\"contentUrl\":\"https:\\\/\\\/floripaquilt.com.br\\\/2026\\\/wp-content\\\/uploads\\\/2025\\\/08\\\/Sem-titulo-2-scaled.jpg\",\"width\":2560,\"height\":369,\"caption\":\"Floripa Quilt\"},\"image\":{\"@id\":\"https:\\\/\\\/floripaquilt.com.br\\\/2026\\\/#\\\/schema\\\/logo\\\/image\\\/\"}}]}<\/script>\n<!-- \/ Yoast SEO plugin. -->","yoast_head_json":{"title":"22\/04 \u2013 QUILT DECORATIVO (VAL\u00c9RIA CERVETTO) - Floripa Quilt","description":"Floripa Quilt 22\/04 \u2013 QUILT DECORATIVO (VAL\u00c9RIA CERVETTO) -","robots":{"index":"index","follow":"follow","max-snippet":"max-snippet:-1","max-image-preview":"max-image-preview:large","max-video-preview":"max-video-preview:-1"},"canonical":"https:\/\/floripaquilt.com.br\/2026\/produto\/22-04-quilt-decorativo-valeria-cervetto\/","og_locale":"pt_BR","og_type":"article","og_title":"22\/04 \u2013 QUILT DECORATIVO (VAL\u00c9RIA CERVETTO) - Floripa Quilt","og_description":"Floripa Quilt 22\/04 \u2013 QUILT DECORATIVO (VAL\u00c9RIA CERVETTO) -","og_url":"https:\/\/floripaquilt.com.br\/2026\/produto\/22-04-quilt-decorativo-valeria-cervetto\/","og_site_name":"Floripa Quilt","article_modified_time":"2026-04-22T00:49:33+00:00","og_image":[{"width":1600,"height":1441,"url":"https:\/\/floripaquilt.com.br\/2026\/wp-content\/uploads\/2026\/02\/WhatsApp-Image-2026-02-10-at-18.55.53.jpeg","type":"image\/jpeg"}],"twitter_card":"summary_large_image","twitter_misc":{"Est. tempo de leitura":"2 minutos"},"schema":{"@context":"https:\/\/schema.org","@graph":[{"@type":"WebPage","@id":"https:\/\/floripaquilt.com.br\/2026\/produto\/22-04-quilt-decorativo-valeria-cervetto\/","url":"https:\/\/floripaquilt.com.br\/2026\/produto\/22-04-quilt-decorativo-valeria-cervetto\/","name":"22\/04 \u2013 QUILT DECORATIVO (VAL\u00c9RIA CERVETTO) - Floripa Quilt","isPartOf":{"@id":"https:\/\/floripaquilt.com.br\/2026\/#website"},"primaryImageOfPage":{"@id":"https:\/\/floripaquilt.com.br\/2026\/produto\/22-04-quilt-decorativo-valeria-cervetto\/#primaryimage"},"image":{"@id":"https:\/\/floripaquilt.com.br\/2026\/produto\/22-04-quilt-decorativo-valeria-cervetto\/#primaryimage"},"thumbnailUrl":"https:\/\/floripaquilt.com.br\/2026\/wp-content\/uploads\/2026\/02\/WhatsApp-Image-2026-02-10-at-18.55.53.jpeg","datePublished":"2026-02-07T14:06:46+00:00","dateModified":"2026-04-22T00:49:33+00:00","description":"Floripa Quilt 22\/04 \u2013 QUILT DECORATIVO (VAL\u00c9RIA CERVETTO) -","breadcrumb":{"@id":"https:\/\/floripaquilt.com.br\/2026\/produto\/22-04-quilt-decorativo-valeria-cervetto\/#breadcrumb"},"inLanguage":"pt-BR","potentialAction":[{"@type":"ReadAction","target":["https:\/\/floripaquilt.com.br\/2026\/produto\/22-04-quilt-decorativo-valeria-cervetto\/"]}]},{"@type":"ImageObject","inLanguage":"pt-BR","@id":"https:\/\/floripaquilt.com.br\/2026\/produto\/22-04-quilt-decorativo-valeria-cervetto\/#primaryimage","url":"https:\/\/floripaquilt.com.br\/2026\/wp-content\/uploads\/2026\/02\/WhatsApp-Image-2026-02-10-at-18.55.53.jpeg","contentUrl":"https:\/\/floripaquilt.com.br\/2026\/wp-content\/uploads\/2026\/02\/WhatsApp-Image-2026-02-10-at-18.55.53.jpeg","width":1600,"height":1441},{"@type":"BreadcrumbList","@id":"https:\/\/floripaquilt.com.br\/2026\/produto\/22-04-quilt-decorativo-valeria-cervetto\/#breadcrumb","itemListElement":[{"@type":"ListItem","position":1,"name":"In\u00edcio","item":"https:\/\/floripaquilt.com.br\/2026\/"},{"@type":"ListItem","position":2,"name":"22\/04 \u2013 QUILT DECORATIVO (VAL\u00c9RIA CERVETTO)"}]},{"@type":"WebSite","@id":"https:\/\/floripaquilt.com.br\/2026\/#website","url":"https:\/\/floripaquilt.com.br\/2026\/","name":"Floripa Quilt","description":"Floripa Quilt 2026 - 13\u00ba Festival de Patchwork, Arte T\u00eaxtil &amp; Boneca de Pano","publisher":{"@id":"https:\/\/floripaquilt.com.br\/2026\/#organization"},"potentialAction":[{"@type":"SearchAction","target":{"@type":"EntryPoint","urlTemplate":"https:\/\/floripaquilt.com.br\/2026\/?s={search_term_string}"},"query-input":{"@type":"PropertyValueSpecification","valueRequired":true,"valueName":"search_term_string"}}],"inLanguage":"pt-BR"},{"@type":"Organization","@id":"https:\/\/floripaquilt.com.br\/2026\/#organization","name":"Floripa Quilt","url":"https:\/\/floripaquilt.com.br\/2026\/","logo":{"@type":"ImageObject","inLanguage":"pt-BR","@id":"https:\/\/floripaquilt.com.br\/2026\/#\/schema\/logo\/image\/","url":"https:\/\/floripaquilt.com.br\/2026\/wp-content\/uploads\/2025\/08\/Sem-titulo-2-scaled.jpg","contentUrl":"https:\/\/floripaquilt.com.br\/2026\/wp-content\/uploads\/2025\/08\/Sem-titulo-2-scaled.jpg","width":2560,"height":369,"caption":"Floripa Quilt"},"image":{"@id":"https:\/\/floripaquilt.com.br\/2026\/#\/schema\/logo\/image\/"}}]}},"jetpack_sharing_enabled":true,"_links":{"self":[{"href":"https:\/\/floripaquilt.com.br\/2026\/wp-json\/wp\/v2\/product\/11593","targetHints":{"allow":["GET"]}}],"collection":[{"href":"https:\/\/floripaquilt.com.br\/2026\/wp-json\/wp\/v2\/product"}],"about":[{"href":"https:\/\/floripaquilt.com.br\/2026\/wp-json\/wp\/v2\/types\/product"}],"replies":[{"embeddable":true,"href":"https:\/\/floripaquilt.com.br\/2026\/wp-json\/wp\/v2\/comments?post=11593"}],"wp:featuredmedia":[{"embeddable":true,"href":"https:\/\/floripaquilt.com.br\/2026\/wp-json\/wp\/v2\/media\/11742"}],"wp:attachment":[{"href":"https:\/\/floripaquilt.com.br\/2026\/wp-json\/wp\/v2\/media?parent=11593"}],"wp:term":[{"taxonomy":"product_brand","embeddable":true,"href":"https:\/\/floripaquilt.com.br\/2026\/wp-json\/wp\/v2\/product_brand?post=11593"},{"taxonomy":"product_cat","embeddable":true,"href":"https:\/\/floripaquilt.com.br\/2026\/wp-json\/wp\/v2\/product_cat?post=11593"},{"taxonomy":"product_tag","embeddable":true,"href":"https:\/\/floripaquilt.com.br\/2026\/wp-json\/wp\/v2\/product_tag?post=11593"}],"curies":[{"name":"wp","href":"https:\/\/api.w.org\/{rel}","templated":true}]}}