{"id":12234,"date":"2026-04-18T18:45:02","date_gmt":"2026-04-18T21:45:02","guid":{"rendered":"https:\/\/floripaquilt.com.br\/2026\/?page_id=12234"},"modified":"2026-04-18T18:46:26","modified_gmt":"2026-04-18T21:46:26","slug":"exposicao-moda-udesc","status":"publish","type":"page","link":"https:\/\/floripaquilt.com.br\/2026\/exposicao-moda-udesc\/","title":{"rendered":"EXPOSI\u00c7\u00c3O MODA UDESC"},"content":{"rendered":"<div class=\"gtranslate_wrapper\" id=\"gt-wrapper-24495014\"><\/div>\n\n\n\n<div style=\"height:48px\" aria-hidden=\"true\" class=\"wp-block-spacer\"><\/div>\n\n\n\n<p class=\"has-black-color has-text-color has-link-color wp-elements-655bc92ae494b9149c8c6c5cfce0be58\">A Exposi\u00e7\u00e3o <strong>MODA UDESC<\/strong> integra a programa\u00e7\u00e3o do <strong>13\u00ba Floripa Quilt \u2013 Festival de Patchwork, Arte T\u00eaxtil &amp; Boneca de Pano<\/strong>, trazendo ao p\u00fablico um panorama da produ\u00e7\u00e3o contempor\u00e2nea no campo do t\u00eaxtil e da moda. Com apoio da <strong>@tecitecaudesc,<\/strong> a mostra re\u00fane diferentes propostas desenvolvidas por artistas, pesquisadores e estudantes da universidade.<\/p>\n\n\n\n<p class=\"has-black-color has-text-color has-link-color wp-elements-16d63f6b76fe83dc145ecd639a6fdfbf\">A exposi\u00e7\u00e3o \u00e9 composta por tr\u00eas subexposi\u00e7\u00f5es: <strong>\u201cDesign T\u00eaxtil Criativo para Moda\u201d<\/strong>, apresentada pela Teciteca; <strong>\u201cTrama Viva do Territ\u00f3rio\u201d<\/strong>, de Monica Alencar; e <strong>\u201cEsculturas e Bandeiras T\u00eaxteis\u201d<\/strong>, desenvolvida por estudantes da 6\u00aa fase do curso de Moda, sob coordena\u00e7\u00e3o das professoras Fabiana Ludwig e Gabriela Kuhnen.<\/p>\n\n\n\n<p class=\"has-black-color has-text-color has-link-color wp-elements-3295636a55ac55feafb86a2cce4c4c65\">Reunindo diferentes linguagens, processos e olhares, a exposi\u00e7\u00e3o convida o p\u00fablico a conhecer a diversidade da produ\u00e7\u00e3o t\u00eaxtil contempor\u00e2nea, evidenciando o di\u00e1logo entre cria\u00e7\u00e3o, pesquisa e ensino.<\/p>\n\n\n\n<p class=\"has-black-color has-text-color has-link-color wp-elements-ae191ca791928a4f0a8ab96d74f4592d\">A visita\u00e7\u00e3o acontece de 22 a 25 de abril, das 11h \u00e0s 18h.<\/p>\n","protected":false},"excerpt":{"rendered":"<p>A Exposi\u00e7\u00e3o MODA UDESC integra a programa\u00e7\u00e3o do 13\u00ba Floripa Quilt \u2013 Festival de Patchwork, Arte T\u00eaxtil &amp; Boneca de Pano, trazendo ao p\u00fablico um panorama da produ\u00e7\u00e3o contempor\u00e2nea no campo do t\u00eaxtil e da moda. Com apoio da @tecitecaudesc, a mostra re\u00fane diferentes propostas desenvolvidas por artistas, pesquisadores e estudantes da universidade. A exposi\u00e7\u00e3o \u00e9 composta por tr\u00eas subexposi\u00e7\u00f5es: \u201cDesign T\u00eaxtil Criativo para Moda\u201d, apresentada pela Teciteca; \u201cTrama Viva do Territ\u00f3rio\u201d, de Monica Alencar; e \u201cEsculturas e Bandeiras T\u00eaxteis\u201d, desenvolvida por estudantes da 6\u00aa fase do curso de Moda, sob coordena\u00e7\u00e3o das professoras Fabiana Ludwig e Gabriela Kuhnen. Reunindo diferentes linguagens, processos e olhares, a exposi\u00e7\u00e3o convida o p\u00fablico a conhecer a diversidade da produ\u00e7\u00e3o t\u00eaxtil contempor\u00e2nea, evidenciando o di\u00e1logo entre cria\u00e7\u00e3o, pesquisa e ensino. A visita\u00e7\u00e3o acontece de 22 a 25 de abril, das 11h \u00e0s 18h.<\/p>\n","protected":false},"author":29,"featured_media":0,"parent":0,"menu_order":0,"comment_status":"closed","ping_status":"closed","template":"","meta":{"_monsterinsights_skip_tracking":false,"_monsterinsights_sitenote_active":false,"_monsterinsights_sitenote_note":"","_monsterinsights_sitenote_category":0,"_uf_show_specific_survey":0,"_uf_disable_surveys":false,"footnotes":""},"class_list":["post-12234","page","type-page","status-publish","hentry"],"acf":[],"yoast_head":"<!-- This site is optimized with the Yoast SEO plugin v27.4 - https:\/\/yoast.com\/product\/yoast-seo-wordpress\/ -->\n<title>EXPOSI\u00c7\u00c3O MODA UDESC - Floripa Quilt<\/title>\n<meta name=\"robots\" content=\"index, follow, max-snippet:-1, max-image-preview:large, max-video-preview:-1\" \/>\n<link rel=\"canonical\" href=\"https:\/\/floripaquilt.com.br\/2026\/exposicao-moda-udesc\/\" \/>\n<meta property=\"og:locale\" content=\"pt_BR\" \/>\n<meta property=\"og:type\" content=\"article\" \/>\n<meta property=\"og:title\" content=\"EXPOSI\u00c7\u00c3O MODA UDESC - Floripa Quilt\" \/>\n<meta property=\"og:description\" content=\"A Exposi\u00e7\u00e3o MODA UDESC integra a programa\u00e7\u00e3o do 13\u00ba Floripa Quilt \u2013 Festival de Patchwork, Arte T\u00eaxtil &amp; Boneca de Pano, trazendo ao p\u00fablico um panorama da produ\u00e7\u00e3o contempor\u00e2nea no campo do t\u00eaxtil e da moda. Com apoio da @tecitecaudesc, a mostra re\u00fane diferentes propostas desenvolvidas por artistas, pesquisadores e estudantes da universidade. A exposi\u00e7\u00e3o \u00e9 composta por tr\u00eas subexposi\u00e7\u00f5es: \u201cDesign T\u00eaxtil Criativo para Moda\u201d, apresentada pela Teciteca; \u201cTrama Viva do Territ\u00f3rio\u201d, de Monica Alencar; e \u201cEsculturas e Bandeiras T\u00eaxteis\u201d, desenvolvida por estudantes da 6\u00aa fase do curso de Moda, sob coordena\u00e7\u00e3o das professoras Fabiana Ludwig e Gabriela Kuhnen. Reunindo diferentes linguagens, processos e olhares, a exposi\u00e7\u00e3o convida o p\u00fablico a conhecer a diversidade da produ\u00e7\u00e3o t\u00eaxtil contempor\u00e2nea, evidenciando o di\u00e1logo entre cria\u00e7\u00e3o, pesquisa e ensino. A visita\u00e7\u00e3o acontece de 22 a 25 de abril, das 11h \u00e0s 18h.\" \/>\n<meta property=\"og:url\" content=\"https:\/\/floripaquilt.com.br\/2026\/exposicao-moda-udesc\/\" \/>\n<meta property=\"og:site_name\" content=\"Floripa Quilt\" \/>\n<meta property=\"article:modified_time\" content=\"2026-04-18T21:46:26+00:00\" \/>\n<meta name=\"twitter:card\" content=\"summary_large_image\" \/>\n<meta name=\"twitter:label1\" content=\"Est. tempo de leitura\" \/>\n\t<meta name=\"twitter:data1\" content=\"1 minuto\" \/>\n<script type=\"application\/ld+json\" class=\"yoast-schema-graph\">{\"@context\":\"https:\\\/\\\/schema.org\",\"@graph\":[{\"@type\":\"WebPage\",\"@id\":\"https:\\\/\\\/floripaquilt.com.br\\\/2026\\\/exposicao-moda-udesc\\\/\",\"url\":\"https:\\\/\\\/floripaquilt.com.br\\\/2026\\\/exposicao-moda-udesc\\\/\",\"name\":\"EXPOSI\u00c7\u00c3O MODA UDESC - Floripa Quilt\",\"isPartOf\":{\"@id\":\"https:\\\/\\\/floripaquilt.com.br\\\/2026\\\/#website\"},\"datePublished\":\"2026-04-18T21:45:02+00:00\",\"dateModified\":\"2026-04-18T21:46:26+00:00\",\"breadcrumb\":{\"@id\":\"https:\\\/\\\/floripaquilt.com.br\\\/2026\\\/exposicao-moda-udesc\\\/#breadcrumb\"},\"inLanguage\":\"pt-BR\",\"potentialAction\":[{\"@type\":\"ReadAction\",\"target\":[\"https:\\\/\\\/floripaquilt.com.br\\\/2026\\\/exposicao-moda-udesc\\\/\"]}]},{\"@type\":\"BreadcrumbList\",\"@id\":\"https:\\\/\\\/floripaquilt.com.br\\\/2026\\\/exposicao-moda-udesc\\\/#breadcrumb\",\"itemListElement\":[{\"@type\":\"ListItem\",\"position\":1,\"name\":\"In\u00edcio\",\"item\":\"https:\\\/\\\/floripaquilt.com.br\\\/2026\\\/\"},{\"@type\":\"ListItem\",\"position\":2,\"name\":\"EXPOSI\u00c7\u00c3O MODA UDESC\"}]},{\"@type\":\"WebSite\",\"@id\":\"https:\\\/\\\/floripaquilt.com.br\\\/2026\\\/#website\",\"url\":\"https:\\\/\\\/floripaquilt.com.br\\\/2026\\\/\",\"name\":\"Floripa Quilt\",\"description\":\"Floripa Quilt 2026 - 13\u00ba Festival de Patchwork, Arte T\u00eaxtil &amp; Boneca de Pano\",\"publisher\":{\"@id\":\"https:\\\/\\\/floripaquilt.com.br\\\/2026\\\/#organization\"},\"potentialAction\":[{\"@type\":\"SearchAction\",\"target\":{\"@type\":\"EntryPoint\",\"urlTemplate\":\"https:\\\/\\\/floripaquilt.com.br\\\/2026\\\/?s={search_term_string}\"},\"query-input\":{\"@type\":\"PropertyValueSpecification\",\"valueRequired\":true,\"valueName\":\"search_term_string\"}}],\"inLanguage\":\"pt-BR\"},{\"@type\":\"Organization\",\"@id\":\"https:\\\/\\\/floripaquilt.com.br\\\/2026\\\/#organization\",\"name\":\"Floripa Quilt\",\"url\":\"https:\\\/\\\/floripaquilt.com.br\\\/2026\\\/\",\"logo\":{\"@type\":\"ImageObject\",\"inLanguage\":\"pt-BR\",\"@id\":\"https:\\\/\\\/floripaquilt.com.br\\\/2026\\\/#\\\/schema\\\/logo\\\/image\\\/\",\"url\":\"https:\\\/\\\/floripaquilt.com.br\\\/2026\\\/wp-content\\\/uploads\\\/2025\\\/08\\\/Sem-titulo-2-scaled.jpg\",\"contentUrl\":\"https:\\\/\\\/floripaquilt.com.br\\\/2026\\\/wp-content\\\/uploads\\\/2025\\\/08\\\/Sem-titulo-2-scaled.jpg\",\"width\":2560,\"height\":369,\"caption\":\"Floripa Quilt\"},\"image\":{\"@id\":\"https:\\\/\\\/floripaquilt.com.br\\\/2026\\\/#\\\/schema\\\/logo\\\/image\\\/\"}}]}<\/script>\n<!-- \/ Yoast SEO plugin. -->","yoast_head_json":{"title":"EXPOSI\u00c7\u00c3O MODA UDESC - Floripa Quilt","robots":{"index":"index","follow":"follow","max-snippet":"max-snippet:-1","max-image-preview":"max-image-preview:large","max-video-preview":"max-video-preview:-1"},"canonical":"https:\/\/floripaquilt.com.br\/2026\/exposicao-moda-udesc\/","og_locale":"pt_BR","og_type":"article","og_title":"EXPOSI\u00c7\u00c3O MODA UDESC - Floripa Quilt","og_description":"A Exposi\u00e7\u00e3o MODA UDESC integra a programa\u00e7\u00e3o do 13\u00ba Floripa Quilt \u2013 Festival de Patchwork, Arte T\u00eaxtil &amp; Boneca de Pano, trazendo ao p\u00fablico um panorama da produ\u00e7\u00e3o contempor\u00e2nea no campo do t\u00eaxtil e da moda. Com apoio da @tecitecaudesc, a mostra re\u00fane diferentes propostas desenvolvidas por artistas, pesquisadores e estudantes da universidade. A exposi\u00e7\u00e3o \u00e9 composta por tr\u00eas subexposi\u00e7\u00f5es: \u201cDesign T\u00eaxtil Criativo para Moda\u201d, apresentada pela Teciteca; \u201cTrama Viva do Territ\u00f3rio\u201d, de Monica Alencar; e \u201cEsculturas e Bandeiras T\u00eaxteis\u201d, desenvolvida por estudantes da 6\u00aa fase do curso de Moda, sob coordena\u00e7\u00e3o das professoras Fabiana Ludwig e Gabriela Kuhnen. Reunindo diferentes linguagens, processos e olhares, a exposi\u00e7\u00e3o convida o p\u00fablico a conhecer a diversidade da produ\u00e7\u00e3o t\u00eaxtil contempor\u00e2nea, evidenciando o di\u00e1logo entre cria\u00e7\u00e3o, pesquisa e ensino. A visita\u00e7\u00e3o acontece de 22 a 25 de abril, das 11h \u00e0s 18h.","og_url":"https:\/\/floripaquilt.com.br\/2026\/exposicao-moda-udesc\/","og_site_name":"Floripa Quilt","article_modified_time":"2026-04-18T21:46:26+00:00","twitter_card":"summary_large_image","twitter_misc":{"Est. tempo de leitura":"1 minuto"},"schema":{"@context":"https:\/\/schema.org","@graph":[{"@type":"WebPage","@id":"https:\/\/floripaquilt.com.br\/2026\/exposicao-moda-udesc\/","url":"https:\/\/floripaquilt.com.br\/2026\/exposicao-moda-udesc\/","name":"EXPOSI\u00c7\u00c3O MODA UDESC - Floripa Quilt","isPartOf":{"@id":"https:\/\/floripaquilt.com.br\/2026\/#website"},"datePublished":"2026-04-18T21:45:02+00:00","dateModified":"2026-04-18T21:46:26+00:00","breadcrumb":{"@id":"https:\/\/floripaquilt.com.br\/2026\/exposicao-moda-udesc\/#breadcrumb"},"inLanguage":"pt-BR","potentialAction":[{"@type":"ReadAction","target":["https:\/\/floripaquilt.com.br\/2026\/exposicao-moda-udesc\/"]}]},{"@type":"BreadcrumbList","@id":"https:\/\/floripaquilt.com.br\/2026\/exposicao-moda-udesc\/#breadcrumb","itemListElement":[{"@type":"ListItem","position":1,"name":"In\u00edcio","item":"https:\/\/floripaquilt.com.br\/2026\/"},{"@type":"ListItem","position":2,"name":"EXPOSI\u00c7\u00c3O MODA UDESC"}]},{"@type":"WebSite","@id":"https:\/\/floripaquilt.com.br\/2026\/#website","url":"https:\/\/floripaquilt.com.br\/2026\/","name":"Floripa Quilt","description":"Floripa Quilt 2026 - 13\u00ba Festival de Patchwork, Arte T\u00eaxtil &amp; Boneca de Pano","publisher":{"@id":"https:\/\/floripaquilt.com.br\/2026\/#organization"},"potentialAction":[{"@type":"SearchAction","target":{"@type":"EntryPoint","urlTemplate":"https:\/\/floripaquilt.com.br\/2026\/?s={search_term_string}"},"query-input":{"@type":"PropertyValueSpecification","valueRequired":true,"valueName":"search_term_string"}}],"inLanguage":"pt-BR"},{"@type":"Organization","@id":"https:\/\/floripaquilt.com.br\/2026\/#organization","name":"Floripa Quilt","url":"https:\/\/floripaquilt.com.br\/2026\/","logo":{"@type":"ImageObject","inLanguage":"pt-BR","@id":"https:\/\/floripaquilt.com.br\/2026\/#\/schema\/logo\/image\/","url":"https:\/\/floripaquilt.com.br\/2026\/wp-content\/uploads\/2025\/08\/Sem-titulo-2-scaled.jpg","contentUrl":"https:\/\/floripaquilt.com.br\/2026\/wp-content\/uploads\/2025\/08\/Sem-titulo-2-scaled.jpg","width":2560,"height":369,"caption":"Floripa Quilt"},"image":{"@id":"https:\/\/floripaquilt.com.br\/2026\/#\/schema\/logo\/image\/"}}]}},"jetpack_sharing_enabled":true,"_links":{"self":[{"href":"https:\/\/floripaquilt.com.br\/2026\/wp-json\/wp\/v2\/pages\/12234","targetHints":{"allow":["GET"]}}],"collection":[{"href":"https:\/\/floripaquilt.com.br\/2026\/wp-json\/wp\/v2\/pages"}],"about":[{"href":"https:\/\/floripaquilt.com.br\/2026\/wp-json\/wp\/v2\/types\/page"}],"author":[{"embeddable":true,"href":"https:\/\/floripaquilt.com.br\/2026\/wp-json\/wp\/v2\/users\/29"}],"replies":[{"embeddable":true,"href":"https:\/\/floripaquilt.com.br\/2026\/wp-json\/wp\/v2\/comments?post=12234"}],"version-history":[{"count":3,"href":"https:\/\/floripaquilt.com.br\/2026\/wp-json\/wp\/v2\/pages\/12234\/revisions"}],"predecessor-version":[{"id":12237,"href":"https:\/\/floripaquilt.com.br\/2026\/wp-json\/wp\/v2\/pages\/12234\/revisions\/12237"}],"wp:attachment":[{"href":"https:\/\/floripaquilt.com.br\/2026\/wp-json\/wp\/v2\/media?parent=12234"}],"curies":[{"name":"wp","href":"https:\/\/api.w.org\/{rel}","templated":true}]}}