{"id":12039,"date":"2026-04-05T07:46:48","date_gmt":"2026-04-05T10:46:48","guid":{"rendered":"https:\/\/floripaquilt.com.br\/2026\/?page_id=12039"},"modified":"2026-04-05T07:46:49","modified_gmt":"2026-04-05T10:46:49","slug":"kit-basico-de-costura-e-kit-basico-de-quilt-e-patchwork","status":"publish","type":"page","link":"https:\/\/floripaquilt.com.br\/2026\/kit-basico-de-costura-e-kit-basico-de-quilt-e-patchwork\/","title":{"rendered":"KIT B\u00c1SICO DE COSTURA E KIT B\u00c1SICO DE QUILT E PATCHWORK"},"content":{"rendered":"<div class=\"gtranslate_wrapper\" id=\"gt-wrapper-21427983\"><\/div>\n\n\n\n<div style=\"height:50px\" aria-hidden=\"true\" class=\"wp-block-spacer\"><\/div>\n\n\n\n<p><mark style=\"background-color:rgba(0, 0, 0, 0)\" class=\"has-inline-color has-black-color\">Quando falamos de Kit, pensamos em muitas coisinhas juntas&#8230;.e quando falamos de Kit de Costura e de Patchwork, a\u00ed nossa cabe\u00e7a come\u00e7a a entrar em ebuli\u00e7\u00e3o&#8230; pensamentos afloram e ficamos \u201cencasquetadas\u201d com o que levar para o Festival de Patchwork, Arte T\u00eaxtil &amp; Boneca de Pano de Florian\u00f3polis, onde faremos muitos cursos e oficinas.<\/mark><\/p>\n\n\n\n<p><mark style=\"background-color:rgba(0, 0, 0, 0)\" class=\"has-inline-color has-black-color\">Para facilitar, n\u00f3s preparamos para voc\u00eas o que \u00e9 preciso levar nas oficinas e cursos do <strong>Floripa Quilt 2026<\/strong>.<\/mark><\/p>\n\n\n\n<p><mark style=\"background-color:rgba(0, 0, 0, 0)\" class=\"has-inline-color has-black-color\">Quando for solicitado o <strong>kit b\u00e1sico de Costura<\/strong>, voc\u00ea dever\u00e1 trazer: tesoura de arremate (prefer\u00eancia ponta fina), tesoura de papel e de tecido; alfinetes finos e um alfinete grande (conhecido como sexto dedo), bobinas de m\u00e1quinas; agulhas de m\u00e1quina e de m\u00e3o (as agulhas de m\u00e3o devem ser finas e compat\u00edveis com as linhas de algod\u00e3o); linha de algod\u00e3o nas cores dos tecidos que voc\u00ea vai usar no seu projeto ou cinza(a mais indicada para usar em tecidos coloridos(as linhas de algod\u00e3o s\u00e3o para quem faz t\u00e9cnicas a m\u00e3o; linha costura crua, preta e cinza; fita crepe; cola branca; caneta remov\u00edvel para tecido ou caneta gel; l\u00e1pis 4B ou lapiseira 0,5 com grafite 4b (\u00f3tima para marcar tecidos); apontador; borracha; caderno para anota\u00e7\u00f5es; cola bast\u00e3o; desmanchador de costura e dedal;<\/mark><\/p>\n\n\n\n<p><mark style=\"background-color:rgba(0, 0, 0, 0)\" class=\"has-inline-color has-black-color\">Quando for solicitado o <strong>kit b\u00e1sico de Quilt e Patchwork<\/strong>, voc\u00ea dever\u00e1 trazer: base de corte; cortador circular com l\u00e2mina em bom estado (as vezes vale a pena trazer uma reserva); r\u00e9gua para corte e r\u00e9gua de margem e linhas para quilting.<\/mark><\/p>\n\n\n\n<p><mark style=\"background-color:rgba(0, 0, 0, 0)\" class=\"has-inline-color has-black-color\">Tiramos suas d\u00favidas?<\/mark><\/p>\n\n\n\n<p><mark style=\"background-color:rgba(0, 0, 0, 0)\" class=\"has-inline-color has-black-color\">Se precisarem de ajuda, estamos \u00e0 disposi\u00e7\u00e3o!<\/mark><\/p>\n","protected":false},"excerpt":{"rendered":"<p>Quando falamos de Kit, pensamos em muitas coisinhas juntas&#8230;.e quando falamos de Kit de Costura e de Patchwork, a\u00ed nossa cabe\u00e7a come\u00e7a a entrar em ebuli\u00e7\u00e3o&#8230; pensamentos afloram e ficamos \u201cencasquetadas\u201d com o que levar para o Festival de Patchwork, Arte T\u00eaxtil &amp; Boneca de Pano de Florian\u00f3polis, onde faremos muitos cursos e oficinas. Para facilitar, n\u00f3s preparamos para voc\u00eas o que \u00e9 preciso levar nas oficinas e cursos do Floripa Quilt 2026. Quando for solicitado o kit b\u00e1sico de Costura, voc\u00ea dever\u00e1 trazer: tesoura de arremate (prefer\u00eancia ponta fina), tesoura de papel e de tecido; alfinetes finos e um alfinete grande (conhecido como sexto dedo), bobinas de m\u00e1quinas; agulhas de m\u00e1quina e de m\u00e3o (as agulhas de m\u00e3o devem ser finas e compat\u00edveis com as linhas de algod\u00e3o); linha de algod\u00e3o nas cores dos tecidos que voc\u00ea vai usar no seu projeto ou cinza(a mais indicada para usar em tecidos coloridos(as linhas de algod\u00e3o s\u00e3o para quem faz t\u00e9cnicas a m\u00e3o; linha costura crua, preta e cinza; fita crepe; cola branca; caneta remov\u00edvel para tecido ou caneta gel; l\u00e1pis 4B ou lapiseira 0,5 com grafite 4b (\u00f3tima para marcar tecidos); apontador; borracha; caderno para anota\u00e7\u00f5es; cola bast\u00e3o; desmanchador de costura e dedal; Quando for solicitado o kit b\u00e1sico de Quilt e Patchwork, voc\u00ea dever\u00e1 trazer: base de corte; cortador circular com l\u00e2mina em bom estado (as vezes vale a pena trazer uma reserva); r\u00e9gua para corte e r\u00e9gua de margem e linhas para quilting. Tiramos suas d\u00favidas? Se precisarem de ajuda, estamos \u00e0 disposi\u00e7\u00e3o!<\/p>\n","protected":false},"author":29,"featured_media":0,"parent":0,"menu_order":0,"comment_status":"closed","ping_status":"closed","template":"","meta":{"_monsterinsights_skip_tracking":false,"_monsterinsights_sitenote_active":false,"_monsterinsights_sitenote_note":"","_monsterinsights_sitenote_category":0,"_uf_show_specific_survey":0,"_uf_disable_surveys":false,"footnotes":""},"class_list":["post-12039","page","type-page","status-publish","hentry"],"acf":[],"yoast_head":"<!-- This site is optimized with the Yoast SEO plugin v27.4 - https:\/\/yoast.com\/product\/yoast-seo-wordpress\/ -->\n<title>KIT B\u00c1SICO DE COSTURA E KIT B\u00c1SICO DE QUILT E PATCHWORK - Floripa Quilt<\/title>\n<meta name=\"robots\" content=\"index, follow, max-snippet:-1, max-image-preview:large, max-video-preview:-1\" \/>\n<link rel=\"canonical\" href=\"https:\/\/floripaquilt.com.br\/2026\/kit-basico-de-costura-e-kit-basico-de-quilt-e-patchwork\/\" \/>\n<meta property=\"og:locale\" content=\"pt_BR\" \/>\n<meta property=\"og:type\" content=\"article\" \/>\n<meta property=\"og:title\" content=\"KIT B\u00c1SICO DE COSTURA E KIT B\u00c1SICO DE QUILT E PATCHWORK - Floripa Quilt\" \/>\n<meta property=\"og:description\" content=\"Quando falamos de Kit, pensamos em muitas coisinhas juntas&#8230;.e quando falamos de Kit de Costura e de Patchwork, a\u00ed nossa cabe\u00e7a come\u00e7a a entrar em ebuli\u00e7\u00e3o&#8230; pensamentos afloram e ficamos \u201cencasquetadas\u201d com o que levar para o Festival de Patchwork, Arte T\u00eaxtil &amp; Boneca de Pano de Florian\u00f3polis, onde faremos muitos cursos e oficinas. Para facilitar, n\u00f3s preparamos para voc\u00eas o que \u00e9 preciso levar nas oficinas e cursos do Floripa Quilt 2026. Quando for solicitado o kit b\u00e1sico de Costura, voc\u00ea dever\u00e1 trazer: tesoura de arremate (prefer\u00eancia ponta fina), tesoura de papel e de tecido; alfinetes finos e um alfinete grande (conhecido como sexto dedo), bobinas de m\u00e1quinas; agulhas de m\u00e1quina e de m\u00e3o (as agulhas de m\u00e3o devem ser finas e compat\u00edveis com as linhas de algod\u00e3o); linha de algod\u00e3o nas cores dos tecidos que voc\u00ea vai usar no seu projeto ou cinza(a mais indicada para usar em tecidos coloridos(as linhas de algod\u00e3o s\u00e3o para quem faz t\u00e9cnicas a m\u00e3o; linha costura crua, preta e cinza; fita crepe; cola branca; caneta remov\u00edvel para tecido ou caneta gel; l\u00e1pis 4B ou lapiseira 0,5 com grafite 4b (\u00f3tima para marcar tecidos); apontador; borracha; caderno para anota\u00e7\u00f5es; cola bast\u00e3o; desmanchador de costura e dedal; Quando for solicitado o kit b\u00e1sico de Quilt e Patchwork, voc\u00ea dever\u00e1 trazer: base de corte; cortador circular com l\u00e2mina em bom estado (as vezes vale a pena trazer uma reserva); r\u00e9gua para corte e r\u00e9gua de margem e linhas para quilting. Tiramos suas d\u00favidas? Se precisarem de ajuda, estamos \u00e0 disposi\u00e7\u00e3o!\" \/>\n<meta property=\"og:url\" content=\"https:\/\/floripaquilt.com.br\/2026\/kit-basico-de-costura-e-kit-basico-de-quilt-e-patchwork\/\" \/>\n<meta property=\"og:site_name\" content=\"Floripa Quilt\" \/>\n<meta property=\"article:modified_time\" content=\"2026-04-05T10:46:49+00:00\" \/>\n<meta name=\"twitter:card\" content=\"summary_large_image\" \/>\n<meta name=\"twitter:label1\" content=\"Est. tempo de leitura\" \/>\n\t<meta name=\"twitter:data1\" content=\"2 minutos\" \/>\n<script type=\"application\/ld+json\" class=\"yoast-schema-graph\">{\"@context\":\"https:\\\/\\\/schema.org\",\"@graph\":[{\"@type\":\"WebPage\",\"@id\":\"https:\\\/\\\/floripaquilt.com.br\\\/2026\\\/kit-basico-de-costura-e-kit-basico-de-quilt-e-patchwork\\\/\",\"url\":\"https:\\\/\\\/floripaquilt.com.br\\\/2026\\\/kit-basico-de-costura-e-kit-basico-de-quilt-e-patchwork\\\/\",\"name\":\"KIT B\u00c1SICO DE COSTURA E KIT B\u00c1SICO DE QUILT E PATCHWORK - Floripa Quilt\",\"isPartOf\":{\"@id\":\"https:\\\/\\\/floripaquilt.com.br\\\/2026\\\/#website\"},\"datePublished\":\"2026-04-05T10:46:48+00:00\",\"dateModified\":\"2026-04-05T10:46:49+00:00\",\"breadcrumb\":{\"@id\":\"https:\\\/\\\/floripaquilt.com.br\\\/2026\\\/kit-basico-de-costura-e-kit-basico-de-quilt-e-patchwork\\\/#breadcrumb\"},\"inLanguage\":\"pt-BR\",\"potentialAction\":[{\"@type\":\"ReadAction\",\"target\":[\"https:\\\/\\\/floripaquilt.com.br\\\/2026\\\/kit-basico-de-costura-e-kit-basico-de-quilt-e-patchwork\\\/\"]}]},{\"@type\":\"BreadcrumbList\",\"@id\":\"https:\\\/\\\/floripaquilt.com.br\\\/2026\\\/kit-basico-de-costura-e-kit-basico-de-quilt-e-patchwork\\\/#breadcrumb\",\"itemListElement\":[{\"@type\":\"ListItem\",\"position\":1,\"name\":\"In\u00edcio\",\"item\":\"https:\\\/\\\/floripaquilt.com.br\\\/2026\\\/\"},{\"@type\":\"ListItem\",\"position\":2,\"name\":\"KIT B\u00c1SICO DE COSTURA E KIT B\u00c1SICO DE QUILT E PATCHWORK\"}]},{\"@type\":\"WebSite\",\"@id\":\"https:\\\/\\\/floripaquilt.com.br\\\/2026\\\/#website\",\"url\":\"https:\\\/\\\/floripaquilt.com.br\\\/2026\\\/\",\"name\":\"Floripa Quilt\",\"description\":\"Floripa Quilt 2026 - 13\u00ba Festival de Patchwork, Arte T\u00eaxtil &amp; Boneca de Pano\",\"publisher\":{\"@id\":\"https:\\\/\\\/floripaquilt.com.br\\\/2026\\\/#organization\"},\"potentialAction\":[{\"@type\":\"SearchAction\",\"target\":{\"@type\":\"EntryPoint\",\"urlTemplate\":\"https:\\\/\\\/floripaquilt.com.br\\\/2026\\\/?s={search_term_string}\"},\"query-input\":{\"@type\":\"PropertyValueSpecification\",\"valueRequired\":true,\"valueName\":\"search_term_string\"}}],\"inLanguage\":\"pt-BR\"},{\"@type\":\"Organization\",\"@id\":\"https:\\\/\\\/floripaquilt.com.br\\\/2026\\\/#organization\",\"name\":\"Floripa Quilt\",\"url\":\"https:\\\/\\\/floripaquilt.com.br\\\/2026\\\/\",\"logo\":{\"@type\":\"ImageObject\",\"inLanguage\":\"pt-BR\",\"@id\":\"https:\\\/\\\/floripaquilt.com.br\\\/2026\\\/#\\\/schema\\\/logo\\\/image\\\/\",\"url\":\"https:\\\/\\\/floripaquilt.com.br\\\/2026\\\/wp-content\\\/uploads\\\/2025\\\/08\\\/Sem-titulo-2-scaled.jpg\",\"contentUrl\":\"https:\\\/\\\/floripaquilt.com.br\\\/2026\\\/wp-content\\\/uploads\\\/2025\\\/08\\\/Sem-titulo-2-scaled.jpg\",\"width\":2560,\"height\":369,\"caption\":\"Floripa Quilt\"},\"image\":{\"@id\":\"https:\\\/\\\/floripaquilt.com.br\\\/2026\\\/#\\\/schema\\\/logo\\\/image\\\/\"}}]}<\/script>\n<!-- \/ Yoast SEO plugin. -->","yoast_head_json":{"title":"KIT B\u00c1SICO DE COSTURA E KIT B\u00c1SICO DE QUILT E PATCHWORK - Floripa Quilt","robots":{"index":"index","follow":"follow","max-snippet":"max-snippet:-1","max-image-preview":"max-image-preview:large","max-video-preview":"max-video-preview:-1"},"canonical":"https:\/\/floripaquilt.com.br\/2026\/kit-basico-de-costura-e-kit-basico-de-quilt-e-patchwork\/","og_locale":"pt_BR","og_type":"article","og_title":"KIT B\u00c1SICO DE COSTURA E KIT B\u00c1SICO DE QUILT E PATCHWORK - Floripa Quilt","og_description":"Quando falamos de Kit, pensamos em muitas coisinhas juntas&#8230;.e quando falamos de Kit de Costura e de Patchwork, a\u00ed nossa cabe\u00e7a come\u00e7a a entrar em ebuli\u00e7\u00e3o&#8230; pensamentos afloram e ficamos \u201cencasquetadas\u201d com o que levar para o Festival de Patchwork, Arte T\u00eaxtil &amp; Boneca de Pano de Florian\u00f3polis, onde faremos muitos cursos e oficinas. Para facilitar, n\u00f3s preparamos para voc\u00eas o que \u00e9 preciso levar nas oficinas e cursos do Floripa Quilt 2026. Quando for solicitado o kit b\u00e1sico de Costura, voc\u00ea dever\u00e1 trazer: tesoura de arremate (prefer\u00eancia ponta fina), tesoura de papel e de tecido; alfinetes finos e um alfinete grande (conhecido como sexto dedo), bobinas de m\u00e1quinas; agulhas de m\u00e1quina e de m\u00e3o (as agulhas de m\u00e3o devem ser finas e compat\u00edveis com as linhas de algod\u00e3o); linha de algod\u00e3o nas cores dos tecidos que voc\u00ea vai usar no seu projeto ou cinza(a mais indicada para usar em tecidos coloridos(as linhas de algod\u00e3o s\u00e3o para quem faz t\u00e9cnicas a m\u00e3o; linha costura crua, preta e cinza; fita crepe; cola branca; caneta remov\u00edvel para tecido ou caneta gel; l\u00e1pis 4B ou lapiseira 0,5 com grafite 4b (\u00f3tima para marcar tecidos); apontador; borracha; caderno para anota\u00e7\u00f5es; cola bast\u00e3o; desmanchador de costura e dedal; Quando for solicitado o kit b\u00e1sico de Quilt e Patchwork, voc\u00ea dever\u00e1 trazer: base de corte; cortador circular com l\u00e2mina em bom estado (as vezes vale a pena trazer uma reserva); r\u00e9gua para corte e r\u00e9gua de margem e linhas para quilting. Tiramos suas d\u00favidas? Se precisarem de ajuda, estamos \u00e0 disposi\u00e7\u00e3o!","og_url":"https:\/\/floripaquilt.com.br\/2026\/kit-basico-de-costura-e-kit-basico-de-quilt-e-patchwork\/","og_site_name":"Floripa Quilt","article_modified_time":"2026-04-05T10:46:49+00:00","twitter_card":"summary_large_image","twitter_misc":{"Est. tempo de leitura":"2 minutos"},"schema":{"@context":"https:\/\/schema.org","@graph":[{"@type":"WebPage","@id":"https:\/\/floripaquilt.com.br\/2026\/kit-basico-de-costura-e-kit-basico-de-quilt-e-patchwork\/","url":"https:\/\/floripaquilt.com.br\/2026\/kit-basico-de-costura-e-kit-basico-de-quilt-e-patchwork\/","name":"KIT B\u00c1SICO DE COSTURA E KIT B\u00c1SICO DE QUILT E PATCHWORK - Floripa Quilt","isPartOf":{"@id":"https:\/\/floripaquilt.com.br\/2026\/#website"},"datePublished":"2026-04-05T10:46:48+00:00","dateModified":"2026-04-05T10:46:49+00:00","breadcrumb":{"@id":"https:\/\/floripaquilt.com.br\/2026\/kit-basico-de-costura-e-kit-basico-de-quilt-e-patchwork\/#breadcrumb"},"inLanguage":"pt-BR","potentialAction":[{"@type":"ReadAction","target":["https:\/\/floripaquilt.com.br\/2026\/kit-basico-de-costura-e-kit-basico-de-quilt-e-patchwork\/"]}]},{"@type":"BreadcrumbList","@id":"https:\/\/floripaquilt.com.br\/2026\/kit-basico-de-costura-e-kit-basico-de-quilt-e-patchwork\/#breadcrumb","itemListElement":[{"@type":"ListItem","position":1,"name":"In\u00edcio","item":"https:\/\/floripaquilt.com.br\/2026\/"},{"@type":"ListItem","position":2,"name":"KIT B\u00c1SICO DE COSTURA E KIT B\u00c1SICO DE QUILT E PATCHWORK"}]},{"@type":"WebSite","@id":"https:\/\/floripaquilt.com.br\/2026\/#website","url":"https:\/\/floripaquilt.com.br\/2026\/","name":"Floripa Quilt","description":"Floripa Quilt 2026 - 13\u00ba Festival de Patchwork, Arte T\u00eaxtil &amp; Boneca de Pano","publisher":{"@id":"https:\/\/floripaquilt.com.br\/2026\/#organization"},"potentialAction":[{"@type":"SearchAction","target":{"@type":"EntryPoint","urlTemplate":"https:\/\/floripaquilt.com.br\/2026\/?s={search_term_string}"},"query-input":{"@type":"PropertyValueSpecification","valueRequired":true,"valueName":"search_term_string"}}],"inLanguage":"pt-BR"},{"@type":"Organization","@id":"https:\/\/floripaquilt.com.br\/2026\/#organization","name":"Floripa Quilt","url":"https:\/\/floripaquilt.com.br\/2026\/","logo":{"@type":"ImageObject","inLanguage":"pt-BR","@id":"https:\/\/floripaquilt.com.br\/2026\/#\/schema\/logo\/image\/","url":"https:\/\/floripaquilt.com.br\/2026\/wp-content\/uploads\/2025\/08\/Sem-titulo-2-scaled.jpg","contentUrl":"https:\/\/floripaquilt.com.br\/2026\/wp-content\/uploads\/2025\/08\/Sem-titulo-2-scaled.jpg","width":2560,"height":369,"caption":"Floripa Quilt"},"image":{"@id":"https:\/\/floripaquilt.com.br\/2026\/#\/schema\/logo\/image\/"}}]}},"jetpack_sharing_enabled":true,"_links":{"self":[{"href":"https:\/\/floripaquilt.com.br\/2026\/wp-json\/wp\/v2\/pages\/12039","targetHints":{"allow":["GET"]}}],"collection":[{"href":"https:\/\/floripaquilt.com.br\/2026\/wp-json\/wp\/v2\/pages"}],"about":[{"href":"https:\/\/floripaquilt.com.br\/2026\/wp-json\/wp\/v2\/types\/page"}],"author":[{"embeddable":true,"href":"https:\/\/floripaquilt.com.br\/2026\/wp-json\/wp\/v2\/users\/29"}],"replies":[{"embeddable":true,"href":"https:\/\/floripaquilt.com.br\/2026\/wp-json\/wp\/v2\/comments?post=12039"}],"version-history":[{"count":1,"href":"https:\/\/floripaquilt.com.br\/2026\/wp-json\/wp\/v2\/pages\/12039\/revisions"}],"predecessor-version":[{"id":12040,"href":"https:\/\/floripaquilt.com.br\/2026\/wp-json\/wp\/v2\/pages\/12039\/revisions\/12040"}],"wp:attachment":[{"href":"https:\/\/floripaquilt.com.br\/2026\/wp-json\/wp\/v2\/media?parent=12039"}],"curies":[{"name":"wp","href":"https:\/\/api.w.org\/{rel}","templated":true}]}}