{"id":11458,"date":"2025-11-21T14:37:15","date_gmt":"2025-11-21T17:37:15","guid":{"rendered":"https:\/\/floripaquilt.com.br\/2026\/?page_id=11458"},"modified":"2025-12-05T09:41:48","modified_gmt":"2025-12-05T12:41:48","slug":"hospedagem","status":"publish","type":"page","link":"https:\/\/floripaquilt.com.br\/2026\/hospedagem\/","title":{"rendered":"HOSPEDAGEM"},"content":{"rendered":"<div class=\"gtranslate_wrapper\" id=\"gt-wrapper-31559153\"><\/div>\n\n\n\n<p><\/p>\n\n\n\n<h2 class=\"wp-block-heading has-black-color has-text-color has-link-color wp-elements-7bfc7a9f947955b4cfb1dbe4de922f6d\"><em><strong>Conforto, praticidade e op\u00e7\u00f5es selecionadas para a sua experi\u00eancia em Florian\u00f3polis<\/strong><\/em><\/h2>\n\n\n\n<p class=\"has-black-color has-text-color has-link-color wp-elements-d3922eace2e0f6067445693c03164d0f\">Para tornar sua participa\u00e7\u00e3o no <strong>Floripa Quilt \u2013 Festival de Patchwork, Arte T\u00eaxtil &amp; Boneca de Pano<\/strong> ainda mais agrad\u00e1vel, reunimos <strong>hot\u00e9is localizados no Centro da cidade e em regi\u00f5es pr\u00f3ximas ao evento<\/strong>.<br>Cada hospedagem oferece estrutura confort\u00e1vel, f\u00e1cil acesso e diferentes propostas para a sua viagem.<\/p>\n\n\n\n<h2 class=\"wp-block-heading has-black-color has-text-color has-link-color wp-elements-bb864baca135b2cd0297705765376a42\"><strong>Hospedagem na regi\u00e3o central<\/strong><\/h2>\n\n\n\n<p><\/p>\n\n\n\n<p class=\"has-black-color has-text-color has-link-color has-medium-font-size wp-elements-359ecd0752b6f2e720c90b7f740339a6\"><strong>Ibis Florian\u00f3polis<\/strong><\/p>\n\n\n\n<p class=\"has-black-color has-text-color has-link-color wp-elements-30e716d75845b35cb5ac346f24f99c63\">Localizado no Centro da cidade, o Ibis Florian\u00f3polis \u00e9 uma alternativa pr\u00e1tica e de \u00f3timo custo-benef\u00edcio. Embora esteja mais distante do local do festival, oferece mobilidade, proximidade com restaurantes, com\u00e9rcio e o Centro Hist\u00f3rico.<\/p>\n\n\n\n<p class=\"has-black-color has-text-color has-link-color wp-elements-2673d5be17092772d2075b0c13a2ef10\">\ud83d\udc49 <strong>As tarifas e reservas devem ser realizadas diretamente no site do hotel:<\/strong><br>\ud83d\udd17 <a href=\"https:\/\/all.accor.com\/hotel\/5224\/index.pt.shtml\" target=\"_blank\" rel=\"noreferrer noopener\">https:\/\/all.accor.com\/hotel\/5224\/index.pt.shtml<\/a><\/p>\n\n\n\n<p class=\"has-black-color has-text-color has-link-color wp-elements-9ac00cf961d1ea846fe5a532228b76c6\"><\/p>\n\n\n\n<h2 class=\"wp-block-heading has-black-color has-text-color has-link-color wp-elements-1e8cbfa8d74c5665c025c77af9454c93\"><strong>Hospedagens pr\u00f3ximas ao festival<\/strong><\/h2>\n\n\n\n<p><\/p>\n\n\n\n<p class=\"has-black-color has-text-color has-link-color has-medium-font-size wp-elements-60d9e11a26ffe61311c4cf3caa2ab298\"><strong>SESC Cacup\u00e9 \u2013 Hotel Sesc Cacup\u00e9<\/strong><\/p>\n\n\n\n<p class=\"has-black-color has-text-color has-link-color wp-elements-f8f180a47203a3a8ae35c414e44e667d\">Uma das op\u00e7\u00f5es mais pr\u00f3ximas ao Festival Floripa Quilt, o SESC Cacup\u00e9 \u00e9 conhecido pela tranquilidade, amplas \u00e1reas verdes e estrutura completa. Ideal para quem busca descanso, natureza e deslocamento r\u00e1pido at\u00e9 o festival.<\/p>\n\n\n\n<p class=\"has-black-color has-text-color has-link-color wp-elements-54b33e5651ec3151fe4937b6681c7948\">\ud83d\udc49 <strong>A negocia\u00e7\u00e3o de valores, disponibilidade e reservas \u00e9 feita exclusivamente no site oficial do hotel:<\/strong><br>\ud83d\udd17 <a href=\"https:\/\/www.sesc-sc.com.br\/hotelsesccacupe\/\" target=\"_blank\" rel=\"noreferrer noopener\">https:\/\/www.sesc-sc.com.br\/hotelsesccacupe\/<\/a><\/p>\n\n\n\n<p><\/p>\n\n\n\n<p class=\"has-black-color has-text-color has-link-color has-medium-font-size wp-elements-212241893cd0e259112093f783c1faa6\"><strong>Intercity Portofino Florian\u00f3polis<\/strong><\/p>\n\n\n\n<p class=\"has-black-color has-text-color has-link-color wp-elements-e60a21ccaa2cb21383580206d9e7eb60\">Localizado no acesso ao Norte da Ilha, bem pr\u00f3ximo ao Festival Floripa Quilt, o Intercity Portofino combina conforto moderno, boa gastronomia, praticidade e excelente estrutura. \u00c9 uma das melhores op\u00e7\u00f5es para quem deseja ficar perto do evento e das principais praias da regi\u00e3o.<\/p>\n\n\n\n<p class=\"has-black-color has-text-color has-link-color wp-elements-3b72bcac9d706880d7056de7a3058f91\"><strong>Parceria oficial com o Floripa Quilt 2026<\/strong><br>Participantes do festival contam com <strong>di\u00e1rias diferenciadas (10% de desconto)<\/strong> durante o per\u00edodo do evento.<\/p>\n\n\n\n<p class=\"has-black-color has-text-color has-link-color wp-elements-1b60a6e5d27f64a9228dc0c019b1198f\">\ud83d\udc49<strong>Como reservar com o desconto especial<\/strong><br>As reservas devem ser realizadas <strong>exclusivamente<\/strong> pelos canais abaixo, informando no contato que a hospedagem \u00e9 para o <strong>Floripa Quilt \u2013 Festival de Patchwork, Arte T\u00eaxtil &amp; Boneca de Pano<\/strong>:<\/p>\n\n\n\n<p class=\"has-black-color has-text-color has-link-color wp-elements-50e339c5563fc261e6a26620e6539c75\"><strong>E-mail:<\/strong> <a href=\"mailto:reservas.portofino@intercityhoteis.com.br\" target=\"_blank\" rel=\"noreferrer noopener\">reservas.portofino@intercityhoteis.com.br<\/a><\/p>\n\n\n\n<p class=\"has-black-color has-text-color has-link-color wp-elements-6e87ec1aa8af4fc478f7b7c757cdda37\"><strong>WhatsApp para grupos:<\/strong> (48) 99959-1086 \u2014 <em>Patr\u00edcia<\/em><\/p>\n\n\n\n<p class=\"has-black-color has-text-color has-link-color wp-elements-8d1e57222a577378c73398f0d7a6b92b\">\ud83d\udd17 <strong>Site do hotel:<\/strong> <a href=\"https:\/\/www.intercityhoteis.com.br\/hotel-florianopolis\/hotel-intercity-portofino-florianopolis#hotel\" target=\"_blank\" rel=\"noreferrer noopener\">https:\/\/www.intercityhoteis.com.br\/hotel-florianopolis\/hotel-intercity-portofino-florianopolis#hotel<\/a><\/p>\n\n\n\n<p class=\"has-black-color has-text-color has-link-color wp-elements-9ac00cf961d1ea846fe5a532228b76c6\"><\/p>\n\n\n\n<p class=\"has-black-color has-text-color has-link-color wp-elements-d199aa43b214b60ed0aafaf4ecd0db98\"><strong>Mercure Florian\u00f3polis (Itacorubi)<\/strong><\/p>\n\n\n\n<p class=\"has-black-color has-text-color has-link-color wp-elements-21a9d2e6fa1d6e20240f0a9677aae72e\">Localizado no bairro Itacorubi, o Mercure Florian\u00f3polis est\u00e1 a poucos minutos do local do evento e oferece uma \u00f3tima combina\u00e7\u00e3o de conforto, mobilidade e infraestrutura completa.<br>\u00c9 uma excelente op\u00e7\u00e3o para quem busca praticidade, bons servi\u00e7os e f\u00e1cil acesso \u00e0s principais regi\u00f5es da cidade.<\/p>\n\n\n\n<p class=\"has-black-color has-text-color has-link-color wp-elements-7068cfc6422251f7ac27380e6a755398\">\ud83d\udc49<strong>As reservas devem ser feitas diretamente no site oficial do hotel:<\/strong><br>\ud83d\udd17 <a href=\"https:\/\/all.accor.com\/hotel\/5693\/index.pt-br.shtml\" target=\"_blank\" rel=\"noreferrer noopener\">https:\/\/all.accor.com\/hotel\/5693\/index.pt-br.shtml<\/a><\/p>\n\n\n\n<p class=\"has-black-color has-text-color has-link-color wp-elements-9ac00cf961d1ea846fe5a532228b76c6\"><\/p>\n\n\n\n<h2 class=\"wp-block-heading has-black-color has-text-color has-link-color wp-elements-9fd5a66fb3f7fdb7ada09289debd8008\"><strong>Informa\u00e7\u00f5es importantes<\/strong><\/h2>\n\n\n\n<p class=\"has-black-color has-text-color has-link-color wp-elements-e9cee5f3f41c62e274ffa80318dc82a8\">O Floripa Quilt <strong>n\u00e3o realiza reservas<\/strong>; apenas indica op\u00e7\u00f5es de hospedagem que oferecem boa estrutura ao p\u00fablico do evento.<\/p>\n\n\n\n<p class=\"has-black-color has-text-color has-link-color wp-elements-8a9281cab34ca8c48602b819eeec0501\">Tarifas, pol\u00edtica de cancelamento e disponibilidade s\u00e3o definidas diretamente por cada hotel.<\/p>\n\n\n\n<p class=\"has-black-color has-text-color has-link-color wp-elements-84ded90cbeb1753c3f1462aa593184e3\"><strong>Recomendamos fazer a reserva com anteced\u00eancia<\/strong> \u2014 abril \u00e9 um m\u00eas de alta movimenta\u00e7\u00e3o na regi\u00e3o.<\/p>\n\n\n\n<p><\/p>\n","protected":false},"excerpt":{"rendered":"<p>Conforto, praticidade e op\u00e7\u00f5es selecionadas para a sua experi\u00eancia em Florian\u00f3polis Para tornar sua participa\u00e7\u00e3o no Floripa Quilt \u2013 Festival de Patchwork, Arte T\u00eaxtil &amp; Boneca de Pano ainda mais agrad\u00e1vel, reunimos hot\u00e9is localizados no Centro da cidade e em regi\u00f5es pr\u00f3ximas ao evento.Cada hospedagem oferece estrutura confort\u00e1vel, f\u00e1cil acesso e diferentes propostas para a sua viagem. Hospedagem na regi\u00e3o central Ibis Florian\u00f3polis Localizado no Centro da cidade, o Ibis Florian\u00f3polis \u00e9 uma alternativa pr\u00e1tica e de \u00f3timo custo-benef\u00edcio. Embora esteja mais distante do local do festival, oferece mobilidade, proximidade com restaurantes, com\u00e9rcio e o Centro Hist\u00f3rico. \ud83d\udc49 As tarifas e reservas devem ser realizadas diretamente no site do hotel:\ud83d\udd17 https:\/\/all.accor.com\/hotel\/5224\/index.pt.shtml Hospedagens pr\u00f3ximas ao festival SESC Cacup\u00e9 \u2013 Hotel Sesc Cacup\u00e9 Uma das op\u00e7\u00f5es mais pr\u00f3ximas ao Festival Floripa Quilt, o SESC Cacup\u00e9 \u00e9 conhecido pela tranquilidade, amplas \u00e1reas verdes e estrutura completa. Ideal para quem busca descanso, natureza e deslocamento r\u00e1pido at\u00e9 o festival. \ud83d\udc49 A negocia\u00e7\u00e3o de valores, disponibilidade e reservas \u00e9 feita exclusivamente no site oficial do hotel:\ud83d\udd17 https:\/\/www.sesc-sc.com.br\/hotelsesccacupe\/ Intercity Portofino Florian\u00f3polis Localizado no acesso ao Norte da Ilha, bem pr\u00f3ximo ao Festival Floripa Quilt, o Intercity Portofino combina conforto moderno, boa gastronomia, praticidade e excelente estrutura. \u00c9 uma das melhores op\u00e7\u00f5es para quem deseja ficar perto do evento e das principais praias da regi\u00e3o. Parceria oficial com o Floripa Quilt 2026Participantes do festival contam com di\u00e1rias diferenciadas (10% de desconto) durante o per\u00edodo do evento. \ud83d\udc49Como reservar com o desconto especialAs reservas devem ser realizadas exclusivamente pelos canais abaixo, informando no contato que a hospedagem \u00e9 para o Floripa Quilt \u2013 Festival de Patchwork, Arte T\u00eaxtil &amp; Boneca de Pano: E-mail: reservas.portofino@intercityhoteis.com.br WhatsApp para grupos: (48) 99959-1086 \u2014 Patr\u00edcia \ud83d\udd17 Site do hotel: https:\/\/www.intercityhoteis.com.br\/hotel-florianopolis\/hotel-intercity-portofino-florianopolis#hotel Mercure Florian\u00f3polis (Itacorubi) Localizado no bairro Itacorubi, o Mercure Florian\u00f3polis est\u00e1 a poucos minutos do local do evento e oferece uma \u00f3tima combina\u00e7\u00e3o de conforto, mobilidade e infraestrutura completa.\u00c9 uma excelente op\u00e7\u00e3o para quem busca praticidade, bons servi\u00e7os e f\u00e1cil acesso \u00e0s principais regi\u00f5es da cidade. \ud83d\udc49As reservas devem ser feitas diretamente no site oficial do hotel:\ud83d\udd17 https:\/\/all.accor.com\/hotel\/5693\/index.pt-br.shtml Informa\u00e7\u00f5es importantes O Floripa Quilt n\u00e3o realiza reservas; apenas indica op\u00e7\u00f5es de hospedagem que oferecem boa estrutura ao p\u00fablico do evento. Tarifas, pol\u00edtica de cancelamento e disponibilidade s\u00e3o definidas diretamente por cada hotel. Recomendamos fazer a reserva com anteced\u00eancia \u2014 abril \u00e9 um m\u00eas de alta movimenta\u00e7\u00e3o na regi\u00e3o.<\/p>\n","protected":false},"author":29,"featured_media":0,"parent":0,"menu_order":0,"comment_status":"closed","ping_status":"closed","template":"","meta":{"_monsterinsights_skip_tracking":false,"_monsterinsights_sitenote_active":false,"_monsterinsights_sitenote_note":"","_monsterinsights_sitenote_category":0,"_uf_show_specific_survey":0,"_uf_disable_surveys":false,"footnotes":""},"class_list":["post-11458","page","type-page","status-publish","hentry"],"acf":[],"yoast_head":"<!-- This site is optimized with the Yoast SEO plugin v27.4 - https:\/\/yoast.com\/product\/yoast-seo-wordpress\/ -->\n<title>HOSPEDAGEM - Floripa Quilt<\/title>\n<meta name=\"robots\" content=\"index, follow, max-snippet:-1, max-image-preview:large, max-video-preview:-1\" \/>\n<link rel=\"canonical\" href=\"https:\/\/floripaquilt.com.br\/2026\/hospedagem\/\" \/>\n<meta property=\"og:locale\" content=\"pt_BR\" \/>\n<meta property=\"og:type\" content=\"article\" \/>\n<meta property=\"og:title\" content=\"HOSPEDAGEM - Floripa Quilt\" \/>\n<meta property=\"og:description\" content=\"Conforto, praticidade e op\u00e7\u00f5es selecionadas para a sua experi\u00eancia em Florian\u00f3polis Para tornar sua participa\u00e7\u00e3o no Floripa Quilt \u2013 Festival de Patchwork, Arte T\u00eaxtil &amp; Boneca de Pano ainda mais agrad\u00e1vel, reunimos hot\u00e9is localizados no Centro da cidade e em regi\u00f5es pr\u00f3ximas ao evento.Cada hospedagem oferece estrutura confort\u00e1vel, f\u00e1cil acesso e diferentes propostas para a sua viagem. Hospedagem na regi\u00e3o central Ibis Florian\u00f3polis Localizado no Centro da cidade, o Ibis Florian\u00f3polis \u00e9 uma alternativa pr\u00e1tica e de \u00f3timo custo-benef\u00edcio. Embora esteja mais distante do local do festival, oferece mobilidade, proximidade com restaurantes, com\u00e9rcio e o Centro Hist\u00f3rico. \ud83d\udc49 As tarifas e reservas devem ser realizadas diretamente no site do hotel:\ud83d\udd17 https:\/\/all.accor.com\/hotel\/5224\/index.pt.shtml Hospedagens pr\u00f3ximas ao festival SESC Cacup\u00e9 \u2013 Hotel Sesc Cacup\u00e9 Uma das op\u00e7\u00f5es mais pr\u00f3ximas ao Festival Floripa Quilt, o SESC Cacup\u00e9 \u00e9 conhecido pela tranquilidade, amplas \u00e1reas verdes e estrutura completa. Ideal para quem busca descanso, natureza e deslocamento r\u00e1pido at\u00e9 o festival. \ud83d\udc49 A negocia\u00e7\u00e3o de valores, disponibilidade e reservas \u00e9 feita exclusivamente no site oficial do hotel:\ud83d\udd17 https:\/\/www.sesc-sc.com.br\/hotelsesccacupe\/ Intercity Portofino Florian\u00f3polis Localizado no acesso ao Norte da Ilha, bem pr\u00f3ximo ao Festival Floripa Quilt, o Intercity Portofino combina conforto moderno, boa gastronomia, praticidade e excelente estrutura. \u00c9 uma das melhores op\u00e7\u00f5es para quem deseja ficar perto do evento e das principais praias da regi\u00e3o. Parceria oficial com o Floripa Quilt 2026Participantes do festival contam com di\u00e1rias diferenciadas (10% de desconto) durante o per\u00edodo do evento. \ud83d\udc49Como reservar com o desconto especialAs reservas devem ser realizadas exclusivamente pelos canais abaixo, informando no contato que a hospedagem \u00e9 para o Floripa Quilt \u2013 Festival de Patchwork, Arte T\u00eaxtil &amp; Boneca de Pano: E-mail: reservas.portofino@intercityhoteis.com.br WhatsApp para grupos: (48) 99959-1086 \u2014 Patr\u00edcia \ud83d\udd17 Site do hotel: https:\/\/www.intercityhoteis.com.br\/hotel-florianopolis\/hotel-intercity-portofino-florianopolis#hotel Mercure Florian\u00f3polis (Itacorubi) Localizado no bairro Itacorubi, o Mercure Florian\u00f3polis est\u00e1 a poucos minutos do local do evento e oferece uma \u00f3tima combina\u00e7\u00e3o de conforto, mobilidade e infraestrutura completa.\u00c9 uma excelente op\u00e7\u00e3o para quem busca praticidade, bons servi\u00e7os e f\u00e1cil acesso \u00e0s principais regi\u00f5es da cidade. \ud83d\udc49As reservas devem ser feitas diretamente no site oficial do hotel:\ud83d\udd17 https:\/\/all.accor.com\/hotel\/5693\/index.pt-br.shtml Informa\u00e7\u00f5es importantes O Floripa Quilt n\u00e3o realiza reservas; apenas indica op\u00e7\u00f5es de hospedagem que oferecem boa estrutura ao p\u00fablico do evento. Tarifas, pol\u00edtica de cancelamento e disponibilidade s\u00e3o definidas diretamente por cada hotel. Recomendamos fazer a reserva com anteced\u00eancia \u2014 abril \u00e9 um m\u00eas de alta movimenta\u00e7\u00e3o na regi\u00e3o.\" \/>\n<meta property=\"og:url\" content=\"https:\/\/floripaquilt.com.br\/2026\/hospedagem\/\" \/>\n<meta property=\"og:site_name\" content=\"Floripa Quilt\" \/>\n<meta property=\"article:modified_time\" content=\"2025-12-05T12:41:48+00:00\" \/>\n<meta name=\"twitter:card\" content=\"summary_large_image\" \/>\n<meta name=\"twitter:label1\" content=\"Est. tempo de leitura\" \/>\n\t<meta name=\"twitter:data1\" content=\"3 minutos\" \/>\n<script type=\"application\/ld+json\" class=\"yoast-schema-graph\">{\"@context\":\"https:\\\/\\\/schema.org\",\"@graph\":[{\"@type\":\"WebPage\",\"@id\":\"https:\\\/\\\/floripaquilt.com.br\\\/2026\\\/hospedagem\\\/\",\"url\":\"https:\\\/\\\/floripaquilt.com.br\\\/2026\\\/hospedagem\\\/\",\"name\":\"HOSPEDAGEM - Floripa Quilt\",\"isPartOf\":{\"@id\":\"https:\\\/\\\/floripaquilt.com.br\\\/2026\\\/#website\"},\"datePublished\":\"2025-11-21T17:37:15+00:00\",\"dateModified\":\"2025-12-05T12:41:48+00:00\",\"breadcrumb\":{\"@id\":\"https:\\\/\\\/floripaquilt.com.br\\\/2026\\\/hospedagem\\\/#breadcrumb\"},\"inLanguage\":\"pt-BR\",\"potentialAction\":[{\"@type\":\"ReadAction\",\"target\":[\"https:\\\/\\\/floripaquilt.com.br\\\/2026\\\/hospedagem\\\/\"]}]},{\"@type\":\"BreadcrumbList\",\"@id\":\"https:\\\/\\\/floripaquilt.com.br\\\/2026\\\/hospedagem\\\/#breadcrumb\",\"itemListElement\":[{\"@type\":\"ListItem\",\"position\":1,\"name\":\"In\u00edcio\",\"item\":\"https:\\\/\\\/floripaquilt.com.br\\\/2026\\\/\"},{\"@type\":\"ListItem\",\"position\":2,\"name\":\"HOSPEDAGEM\"}]},{\"@type\":\"WebSite\",\"@id\":\"https:\\\/\\\/floripaquilt.com.br\\\/2026\\\/#website\",\"url\":\"https:\\\/\\\/floripaquilt.com.br\\\/2026\\\/\",\"name\":\"Floripa Quilt\",\"description\":\"Floripa Quilt 2026 - 13\u00ba Festival de Patchwork, Arte T\u00eaxtil &amp; Boneca de Pano\",\"publisher\":{\"@id\":\"https:\\\/\\\/floripaquilt.com.br\\\/2026\\\/#organization\"},\"potentialAction\":[{\"@type\":\"SearchAction\",\"target\":{\"@type\":\"EntryPoint\",\"urlTemplate\":\"https:\\\/\\\/floripaquilt.com.br\\\/2026\\\/?s={search_term_string}\"},\"query-input\":{\"@type\":\"PropertyValueSpecification\",\"valueRequired\":true,\"valueName\":\"search_term_string\"}}],\"inLanguage\":\"pt-BR\"},{\"@type\":\"Organization\",\"@id\":\"https:\\\/\\\/floripaquilt.com.br\\\/2026\\\/#organization\",\"name\":\"Floripa Quilt\",\"url\":\"https:\\\/\\\/floripaquilt.com.br\\\/2026\\\/\",\"logo\":{\"@type\":\"ImageObject\",\"inLanguage\":\"pt-BR\",\"@id\":\"https:\\\/\\\/floripaquilt.com.br\\\/2026\\\/#\\\/schema\\\/logo\\\/image\\\/\",\"url\":\"https:\\\/\\\/floripaquilt.com.br\\\/2026\\\/wp-content\\\/uploads\\\/2025\\\/08\\\/Sem-titulo-2-scaled.jpg\",\"contentUrl\":\"https:\\\/\\\/floripaquilt.com.br\\\/2026\\\/wp-content\\\/uploads\\\/2025\\\/08\\\/Sem-titulo-2-scaled.jpg\",\"width\":2560,\"height\":369,\"caption\":\"Floripa Quilt\"},\"image\":{\"@id\":\"https:\\\/\\\/floripaquilt.com.br\\\/2026\\\/#\\\/schema\\\/logo\\\/image\\\/\"}}]}<\/script>\n<!-- \/ Yoast SEO plugin. -->","yoast_head_json":{"title":"HOSPEDAGEM - Floripa Quilt","robots":{"index":"index","follow":"follow","max-snippet":"max-snippet:-1","max-image-preview":"max-image-preview:large","max-video-preview":"max-video-preview:-1"},"canonical":"https:\/\/floripaquilt.com.br\/2026\/hospedagem\/","og_locale":"pt_BR","og_type":"article","og_title":"HOSPEDAGEM - Floripa Quilt","og_description":"Conforto, praticidade e op\u00e7\u00f5es selecionadas para a sua experi\u00eancia em Florian\u00f3polis Para tornar sua participa\u00e7\u00e3o no Floripa Quilt \u2013 Festival de Patchwork, Arte T\u00eaxtil &amp; Boneca de Pano ainda mais agrad\u00e1vel, reunimos hot\u00e9is localizados no Centro da cidade e em regi\u00f5es pr\u00f3ximas ao evento.Cada hospedagem oferece estrutura confort\u00e1vel, f\u00e1cil acesso e diferentes propostas para a sua viagem. Hospedagem na regi\u00e3o central Ibis Florian\u00f3polis Localizado no Centro da cidade, o Ibis Florian\u00f3polis \u00e9 uma alternativa pr\u00e1tica e de \u00f3timo custo-benef\u00edcio. Embora esteja mais distante do local do festival, oferece mobilidade, proximidade com restaurantes, com\u00e9rcio e o Centro Hist\u00f3rico. \ud83d\udc49 As tarifas e reservas devem ser realizadas diretamente no site do hotel:\ud83d\udd17 https:\/\/all.accor.com\/hotel\/5224\/index.pt.shtml Hospedagens pr\u00f3ximas ao festival SESC Cacup\u00e9 \u2013 Hotel Sesc Cacup\u00e9 Uma das op\u00e7\u00f5es mais pr\u00f3ximas ao Festival Floripa Quilt, o SESC Cacup\u00e9 \u00e9 conhecido pela tranquilidade, amplas \u00e1reas verdes e estrutura completa. Ideal para quem busca descanso, natureza e deslocamento r\u00e1pido at\u00e9 o festival. \ud83d\udc49 A negocia\u00e7\u00e3o de valores, disponibilidade e reservas \u00e9 feita exclusivamente no site oficial do hotel:\ud83d\udd17 https:\/\/www.sesc-sc.com.br\/hotelsesccacupe\/ Intercity Portofino Florian\u00f3polis Localizado no acesso ao Norte da Ilha, bem pr\u00f3ximo ao Festival Floripa Quilt, o Intercity Portofino combina conforto moderno, boa gastronomia, praticidade e excelente estrutura. \u00c9 uma das melhores op\u00e7\u00f5es para quem deseja ficar perto do evento e das principais praias da regi\u00e3o. Parceria oficial com o Floripa Quilt 2026Participantes do festival contam com di\u00e1rias diferenciadas (10% de desconto) durante o per\u00edodo do evento. \ud83d\udc49Como reservar com o desconto especialAs reservas devem ser realizadas exclusivamente pelos canais abaixo, informando no contato que a hospedagem \u00e9 para o Floripa Quilt \u2013 Festival de Patchwork, Arte T\u00eaxtil &amp; Boneca de Pano: E-mail: reservas.portofino@intercityhoteis.com.br WhatsApp para grupos: (48) 99959-1086 \u2014 Patr\u00edcia \ud83d\udd17 Site do hotel: https:\/\/www.intercityhoteis.com.br\/hotel-florianopolis\/hotel-intercity-portofino-florianopolis#hotel Mercure Florian\u00f3polis (Itacorubi) Localizado no bairro Itacorubi, o Mercure Florian\u00f3polis est\u00e1 a poucos minutos do local do evento e oferece uma \u00f3tima combina\u00e7\u00e3o de conforto, mobilidade e infraestrutura completa.\u00c9 uma excelente op\u00e7\u00e3o para quem busca praticidade, bons servi\u00e7os e f\u00e1cil acesso \u00e0s principais regi\u00f5es da cidade. \ud83d\udc49As reservas devem ser feitas diretamente no site oficial do hotel:\ud83d\udd17 https:\/\/all.accor.com\/hotel\/5693\/index.pt-br.shtml Informa\u00e7\u00f5es importantes O Floripa Quilt n\u00e3o realiza reservas; apenas indica op\u00e7\u00f5es de hospedagem que oferecem boa estrutura ao p\u00fablico do evento. Tarifas, pol\u00edtica de cancelamento e disponibilidade s\u00e3o definidas diretamente por cada hotel. Recomendamos fazer a reserva com anteced\u00eancia \u2014 abril \u00e9 um m\u00eas de alta movimenta\u00e7\u00e3o na regi\u00e3o.","og_url":"https:\/\/floripaquilt.com.br\/2026\/hospedagem\/","og_site_name":"Floripa Quilt","article_modified_time":"2025-12-05T12:41:48+00:00","twitter_card":"summary_large_image","twitter_misc":{"Est. tempo de leitura":"3 minutos"},"schema":{"@context":"https:\/\/schema.org","@graph":[{"@type":"WebPage","@id":"https:\/\/floripaquilt.com.br\/2026\/hospedagem\/","url":"https:\/\/floripaquilt.com.br\/2026\/hospedagem\/","name":"HOSPEDAGEM - Floripa Quilt","isPartOf":{"@id":"https:\/\/floripaquilt.com.br\/2026\/#website"},"datePublished":"2025-11-21T17:37:15+00:00","dateModified":"2025-12-05T12:41:48+00:00","breadcrumb":{"@id":"https:\/\/floripaquilt.com.br\/2026\/hospedagem\/#breadcrumb"},"inLanguage":"pt-BR","potentialAction":[{"@type":"ReadAction","target":["https:\/\/floripaquilt.com.br\/2026\/hospedagem\/"]}]},{"@type":"BreadcrumbList","@id":"https:\/\/floripaquilt.com.br\/2026\/hospedagem\/#breadcrumb","itemListElement":[{"@type":"ListItem","position":1,"name":"In\u00edcio","item":"https:\/\/floripaquilt.com.br\/2026\/"},{"@type":"ListItem","position":2,"name":"HOSPEDAGEM"}]},{"@type":"WebSite","@id":"https:\/\/floripaquilt.com.br\/2026\/#website","url":"https:\/\/floripaquilt.com.br\/2026\/","name":"Floripa Quilt","description":"Floripa Quilt 2026 - 13\u00ba Festival de Patchwork, Arte T\u00eaxtil &amp; Boneca de Pano","publisher":{"@id":"https:\/\/floripaquilt.com.br\/2026\/#organization"},"potentialAction":[{"@type":"SearchAction","target":{"@type":"EntryPoint","urlTemplate":"https:\/\/floripaquilt.com.br\/2026\/?s={search_term_string}"},"query-input":{"@type":"PropertyValueSpecification","valueRequired":true,"valueName":"search_term_string"}}],"inLanguage":"pt-BR"},{"@type":"Organization","@id":"https:\/\/floripaquilt.com.br\/2026\/#organization","name":"Floripa Quilt","url":"https:\/\/floripaquilt.com.br\/2026\/","logo":{"@type":"ImageObject","inLanguage":"pt-BR","@id":"https:\/\/floripaquilt.com.br\/2026\/#\/schema\/logo\/image\/","url":"https:\/\/floripaquilt.com.br\/2026\/wp-content\/uploads\/2025\/08\/Sem-titulo-2-scaled.jpg","contentUrl":"https:\/\/floripaquilt.com.br\/2026\/wp-content\/uploads\/2025\/08\/Sem-titulo-2-scaled.jpg","width":2560,"height":369,"caption":"Floripa Quilt"},"image":{"@id":"https:\/\/floripaquilt.com.br\/2026\/#\/schema\/logo\/image\/"}}]}},"jetpack_sharing_enabled":true,"_links":{"self":[{"href":"https:\/\/floripaquilt.com.br\/2026\/wp-json\/wp\/v2\/pages\/11458","targetHints":{"allow":["GET"]}}],"collection":[{"href":"https:\/\/floripaquilt.com.br\/2026\/wp-json\/wp\/v2\/pages"}],"about":[{"href":"https:\/\/floripaquilt.com.br\/2026\/wp-json\/wp\/v2\/types\/page"}],"author":[{"embeddable":true,"href":"https:\/\/floripaquilt.com.br\/2026\/wp-json\/wp\/v2\/users\/29"}],"replies":[{"embeddable":true,"href":"https:\/\/floripaquilt.com.br\/2026\/wp-json\/wp\/v2\/comments?post=11458"}],"version-history":[{"count":31,"href":"https:\/\/floripaquilt.com.br\/2026\/wp-json\/wp\/v2\/pages\/11458\/revisions"}],"predecessor-version":[{"id":11509,"href":"https:\/\/floripaquilt.com.br\/2026\/wp-json\/wp\/v2\/pages\/11458\/revisions\/11509"}],"wp:attachment":[{"href":"https:\/\/floripaquilt.com.br\/2026\/wp-json\/wp\/v2\/media?parent=11458"}],"curies":[{"name":"wp","href":"https:\/\/api.w.org\/{rel}","templated":true}]}}