{"id":11448,"date":"2025-10-29T16:49:14","date_gmt":"2025-10-29T19:49:14","guid":{"rendered":"https:\/\/floripaquilt.com.br\/2026\/?page_id=11448"},"modified":"2025-10-29T16:49:16","modified_gmt":"2025-10-29T19:49:16","slug":"descubra-a-ilha-pelo-floripa-quilt","status":"publish","type":"page","link":"https:\/\/floripaquilt.com.br\/2026\/descubra-a-ilha-pelo-floripa-quilt\/","title":{"rendered":"DESCUBRA A ILHA PELO FLORIPA QUILT"},"content":{"rendered":"<div class=\"gtranslate_wrapper\" id=\"gt-wrapper-31204861\"><\/div>\n\n\n\n<p><\/p>\n\n\n\n<p class=\"has-black-color has-text-color has-link-color wp-elements-ec1dfb29b9ca6f7105e2100c541fb517\">Mais do que um festival, o <strong>Floripa Quilt<\/strong> \u00e9 um convite para viver a ess\u00eancia de Florian\u00f3polis \u2014 uma ilha onde arte, natureza e hospitalidade se encontram.<\/p>\n\n\n\n<p class=\"has-black-color has-text-color has-link-color wp-elements-6678271a4004f722553bc82cdc6e85ee\">No cora\u00e7\u00e3o da Ilha de Santa Catarina, em meio \u00e0 paisagem verde e ao mar que abra\u00e7a a cidade, est\u00e1 o Centro de Eventos da Associa\u00e7\u00e3o Catarinense de Medicina \u2014 o palco do Floripa Quilt 2026.<\/p>\n\n\n\n<p class=\"has-black-color has-text-color has-link-color wp-elements-38e13f8641e3b3f8432e40e1be2431b3\">Com localiza\u00e7\u00e3o privilegiada, pr\u00f3xima a shoppings, hot\u00e9is, mirantes e belas praias, o Centro de Eventos da ACM oferece conforto, acessibilidade e uma estrutura ideal para receber visitantes de todo o Brasil e de v\u00e1rios pa\u00edses.<\/p>\n\n\n\n<p class=\"has-black-color has-text-color has-link-color wp-elements-5d97af0ec3971d62df50aea8ef02318a\">Aqui, cada detalhe convida \u00e0 criatividade: cursos, oficinas, exposi\u00e7\u00f5es e encontros que celebram o patchwork, a arte t\u00eaxtil, a bonecaria e o feito \u00e0 m\u00e3o \u2014 express\u00f5es que unem culturas e contam hist\u00f3rias por meio das cores e dos tecidos.<\/p>\n\n\n\n<p class=\"has-black-color has-text-color has-link-color wp-elements-58a98fcf84539c75755ef9a2712f9649\"><strong>De 22 a 25 de abril de 2026, venha descobrir a Ilha pelo Floripa Quilt <\/strong>\u2014 e leve consigo a inspira\u00e7\u00e3o, a beleza e o encanto de Florian\u00f3polis.<\/p>\n\n\n\n<p class=\"has-black-color has-text-color has-link-color wp-elements-cf85b8bc1ef70b2e327bb04774eedab9\">\ud83d\udccd <strong>ACESSE O MAPA INTERATIVO CLICANDO NA IMAGEM ABAIXO<\/strong> e conhe\u00e7a cada ponto dessa experi\u00eancia \u00fanica, com informa\u00e7\u00f5es precisas sobre hospedagem, trajetos e lugares imperd\u00edveis.<\/p>\n\n\n\n<figure class=\"wp-block-image size-full\"><a href=\"https:\/\/www.google.com\/maps\/d\/viewer?mid=16XjRsFfZm9rneRQyveBIPtUMuKb9mfs&amp;ll=-27.573511858819156%2C-48.51159995&amp;z=11\" target=\"_blank\" rel=\" noreferrer noopener\"><img decoding=\"async\" src=\"https:\/\/floripaquilt.com.br\/2026\/wp-content\/uploads\/2025\/10\/site.jpg\" alt=\"\" class=\"wp-image-11452\"\/><\/a><\/figure>\n","protected":false},"excerpt":{"rendered":"<p>Mais do que um festival, o Floripa Quilt \u00e9 um convite para viver a ess\u00eancia de Florian\u00f3polis \u2014 uma ilha onde arte, natureza e hospitalidade se encontram. No cora\u00e7\u00e3o da Ilha de Santa Catarina, em meio \u00e0 paisagem verde e ao mar que abra\u00e7a a cidade, est\u00e1 o Centro de Eventos da Associa\u00e7\u00e3o Catarinense de Medicina \u2014 o palco do Floripa Quilt 2026. Com localiza\u00e7\u00e3o privilegiada, pr\u00f3xima a shoppings, hot\u00e9is, mirantes e belas praias, o Centro de Eventos da ACM oferece conforto, acessibilidade e uma estrutura ideal para receber visitantes de todo o Brasil e de v\u00e1rios pa\u00edses. Aqui, cada detalhe convida \u00e0 criatividade: cursos, oficinas, exposi\u00e7\u00f5es e encontros que celebram o patchwork, a arte t\u00eaxtil, a bonecaria e o feito \u00e0 m\u00e3o \u2014 express\u00f5es que unem culturas e contam hist\u00f3rias por meio das cores e dos tecidos. De 22 a 25 de abril de 2026, venha descobrir a Ilha pelo Floripa Quilt \u2014 e leve consigo a inspira\u00e7\u00e3o, a beleza e o encanto de Florian\u00f3polis. \ud83d\udccd ACESSE O MAPA INTERATIVO CLICANDO NA IMAGEM ABAIXO e conhe\u00e7a cada ponto dessa experi\u00eancia \u00fanica, com informa\u00e7\u00f5es precisas sobre hospedagem, trajetos e lugares imperd\u00edveis.<\/p>\n","protected":false},"author":29,"featured_media":0,"parent":0,"menu_order":0,"comment_status":"closed","ping_status":"closed","template":"","meta":{"_monsterinsights_skip_tracking":false,"_monsterinsights_sitenote_active":false,"_monsterinsights_sitenote_note":"","_monsterinsights_sitenote_category":0,"_uf_show_specific_survey":0,"_uf_disable_surveys":false,"footnotes":""},"class_list":["post-11448","page","type-page","status-publish","hentry"],"acf":[],"yoast_head":"<!-- This site is optimized with the Yoast SEO plugin v27.4 - https:\/\/yoast.com\/product\/yoast-seo-wordpress\/ -->\n<title>DESCUBRA A ILHA PELO FLORIPA QUILT - Floripa Quilt<\/title>\n<meta name=\"robots\" content=\"index, follow, max-snippet:-1, max-image-preview:large, max-video-preview:-1\" \/>\n<link rel=\"canonical\" href=\"https:\/\/floripaquilt.com.br\/2026\/descubra-a-ilha-pelo-floripa-quilt\/\" \/>\n<meta property=\"og:locale\" content=\"pt_BR\" \/>\n<meta property=\"og:type\" content=\"article\" \/>\n<meta property=\"og:title\" content=\"DESCUBRA A ILHA PELO FLORIPA QUILT - Floripa Quilt\" \/>\n<meta property=\"og:description\" content=\"Mais do que um festival, o Floripa Quilt \u00e9 um convite para viver a ess\u00eancia de Florian\u00f3polis \u2014 uma ilha onde arte, natureza e hospitalidade se encontram. No cora\u00e7\u00e3o da Ilha de Santa Catarina, em meio \u00e0 paisagem verde e ao mar que abra\u00e7a a cidade, est\u00e1 o Centro de Eventos da Associa\u00e7\u00e3o Catarinense de Medicina \u2014 o palco do Floripa Quilt 2026. Com localiza\u00e7\u00e3o privilegiada, pr\u00f3xima a shoppings, hot\u00e9is, mirantes e belas praias, o Centro de Eventos da ACM oferece conforto, acessibilidade e uma estrutura ideal para receber visitantes de todo o Brasil e de v\u00e1rios pa\u00edses. Aqui, cada detalhe convida \u00e0 criatividade: cursos, oficinas, exposi\u00e7\u00f5es e encontros que celebram o patchwork, a arte t\u00eaxtil, a bonecaria e o feito \u00e0 m\u00e3o \u2014 express\u00f5es que unem culturas e contam hist\u00f3rias por meio das cores e dos tecidos. De 22 a 25 de abril de 2026, venha descobrir a Ilha pelo Floripa Quilt \u2014 e leve consigo a inspira\u00e7\u00e3o, a beleza e o encanto de Florian\u00f3polis. \ud83d\udccd ACESSE O MAPA INTERATIVO CLICANDO NA IMAGEM ABAIXO e conhe\u00e7a cada ponto dessa experi\u00eancia \u00fanica, com informa\u00e7\u00f5es precisas sobre hospedagem, trajetos e lugares imperd\u00edveis.\" \/>\n<meta property=\"og:url\" content=\"https:\/\/floripaquilt.com.br\/2026\/descubra-a-ilha-pelo-floripa-quilt\/\" \/>\n<meta property=\"og:site_name\" content=\"Floripa Quilt\" \/>\n<meta property=\"article:modified_time\" content=\"2025-10-29T19:49:16+00:00\" \/>\n<meta property=\"og:image\" content=\"https:\/\/floripaquilt.com.br\/2026\/wp-content\/uploads\/2025\/10\/site.jpg\" \/>\n<meta name=\"twitter:card\" content=\"summary_large_image\" \/>\n<meta name=\"twitter:label1\" content=\"Est. tempo de leitura\" \/>\n\t<meta name=\"twitter:data1\" content=\"2 minutos\" \/>\n<script type=\"application\/ld+json\" class=\"yoast-schema-graph\">{\"@context\":\"https:\\\/\\\/schema.org\",\"@graph\":[{\"@type\":\"WebPage\",\"@id\":\"https:\\\/\\\/floripaquilt.com.br\\\/2026\\\/descubra-a-ilha-pelo-floripa-quilt\\\/\",\"url\":\"https:\\\/\\\/floripaquilt.com.br\\\/2026\\\/descubra-a-ilha-pelo-floripa-quilt\\\/\",\"name\":\"DESCUBRA A ILHA PELO FLORIPA QUILT - Floripa Quilt\",\"isPartOf\":{\"@id\":\"https:\\\/\\\/floripaquilt.com.br\\\/2026\\\/#website\"},\"primaryImageOfPage\":{\"@id\":\"https:\\\/\\\/floripaquilt.com.br\\\/2026\\\/descubra-a-ilha-pelo-floripa-quilt\\\/#primaryimage\"},\"image\":{\"@id\":\"https:\\\/\\\/floripaquilt.com.br\\\/2026\\\/descubra-a-ilha-pelo-floripa-quilt\\\/#primaryimage\"},\"thumbnailUrl\":\"https:\\\/\\\/floripaquilt.com.br\\\/2026\\\/wp-content\\\/uploads\\\/2025\\\/10\\\/site.jpg\",\"datePublished\":\"2025-10-29T19:49:14+00:00\",\"dateModified\":\"2025-10-29T19:49:16+00:00\",\"breadcrumb\":{\"@id\":\"https:\\\/\\\/floripaquilt.com.br\\\/2026\\\/descubra-a-ilha-pelo-floripa-quilt\\\/#breadcrumb\"},\"inLanguage\":\"pt-BR\",\"potentialAction\":[{\"@type\":\"ReadAction\",\"target\":[\"https:\\\/\\\/floripaquilt.com.br\\\/2026\\\/descubra-a-ilha-pelo-floripa-quilt\\\/\"]}]},{\"@type\":\"ImageObject\",\"inLanguage\":\"pt-BR\",\"@id\":\"https:\\\/\\\/floripaquilt.com.br\\\/2026\\\/descubra-a-ilha-pelo-floripa-quilt\\\/#primaryimage\",\"url\":\"https:\\\/\\\/floripaquilt.com.br\\\/2026\\\/wp-content\\\/uploads\\\/2025\\\/10\\\/site.jpg\",\"contentUrl\":\"https:\\\/\\\/floripaquilt.com.br\\\/2026\\\/wp-content\\\/uploads\\\/2025\\\/10\\\/site.jpg\"},{\"@type\":\"BreadcrumbList\",\"@id\":\"https:\\\/\\\/floripaquilt.com.br\\\/2026\\\/descubra-a-ilha-pelo-floripa-quilt\\\/#breadcrumb\",\"itemListElement\":[{\"@type\":\"ListItem\",\"position\":1,\"name\":\"In\u00edcio\",\"item\":\"https:\\\/\\\/floripaquilt.com.br\\\/2026\\\/\"},{\"@type\":\"ListItem\",\"position\":2,\"name\":\"DESCUBRA A ILHA PELO FLORIPA QUILT\"}]},{\"@type\":\"WebSite\",\"@id\":\"https:\\\/\\\/floripaquilt.com.br\\\/2026\\\/#website\",\"url\":\"https:\\\/\\\/floripaquilt.com.br\\\/2026\\\/\",\"name\":\"Floripa Quilt\",\"description\":\"Floripa Quilt 2026 - 13\u00ba Festival de Patchwork, Arte T\u00eaxtil &amp; Boneca de Pano\",\"publisher\":{\"@id\":\"https:\\\/\\\/floripaquilt.com.br\\\/2026\\\/#organization\"},\"potentialAction\":[{\"@type\":\"SearchAction\",\"target\":{\"@type\":\"EntryPoint\",\"urlTemplate\":\"https:\\\/\\\/floripaquilt.com.br\\\/2026\\\/?s={search_term_string}\"},\"query-input\":{\"@type\":\"PropertyValueSpecification\",\"valueRequired\":true,\"valueName\":\"search_term_string\"}}],\"inLanguage\":\"pt-BR\"},{\"@type\":\"Organization\",\"@id\":\"https:\\\/\\\/floripaquilt.com.br\\\/2026\\\/#organization\",\"name\":\"Floripa Quilt\",\"url\":\"https:\\\/\\\/floripaquilt.com.br\\\/2026\\\/\",\"logo\":{\"@type\":\"ImageObject\",\"inLanguage\":\"pt-BR\",\"@id\":\"https:\\\/\\\/floripaquilt.com.br\\\/2026\\\/#\\\/schema\\\/logo\\\/image\\\/\",\"url\":\"https:\\\/\\\/floripaquilt.com.br\\\/2026\\\/wp-content\\\/uploads\\\/2025\\\/08\\\/Sem-titulo-2-scaled.jpg\",\"contentUrl\":\"https:\\\/\\\/floripaquilt.com.br\\\/2026\\\/wp-content\\\/uploads\\\/2025\\\/08\\\/Sem-titulo-2-scaled.jpg\",\"width\":2560,\"height\":369,\"caption\":\"Floripa Quilt\"},\"image\":{\"@id\":\"https:\\\/\\\/floripaquilt.com.br\\\/2026\\\/#\\\/schema\\\/logo\\\/image\\\/\"}}]}<\/script>\n<!-- \/ Yoast SEO plugin. -->","yoast_head_json":{"title":"DESCUBRA A ILHA PELO FLORIPA QUILT - Floripa Quilt","robots":{"index":"index","follow":"follow","max-snippet":"max-snippet:-1","max-image-preview":"max-image-preview:large","max-video-preview":"max-video-preview:-1"},"canonical":"https:\/\/floripaquilt.com.br\/2026\/descubra-a-ilha-pelo-floripa-quilt\/","og_locale":"pt_BR","og_type":"article","og_title":"DESCUBRA A ILHA PELO FLORIPA QUILT - Floripa Quilt","og_description":"Mais do que um festival, o Floripa Quilt \u00e9 um convite para viver a ess\u00eancia de Florian\u00f3polis \u2014 uma ilha onde arte, natureza e hospitalidade se encontram. No cora\u00e7\u00e3o da Ilha de Santa Catarina, em meio \u00e0 paisagem verde e ao mar que abra\u00e7a a cidade, est\u00e1 o Centro de Eventos da Associa\u00e7\u00e3o Catarinense de Medicina \u2014 o palco do Floripa Quilt 2026. Com localiza\u00e7\u00e3o privilegiada, pr\u00f3xima a shoppings, hot\u00e9is, mirantes e belas praias, o Centro de Eventos da ACM oferece conforto, acessibilidade e uma estrutura ideal para receber visitantes de todo o Brasil e de v\u00e1rios pa\u00edses. Aqui, cada detalhe convida \u00e0 criatividade: cursos, oficinas, exposi\u00e7\u00f5es e encontros que celebram o patchwork, a arte t\u00eaxtil, a bonecaria e o feito \u00e0 m\u00e3o \u2014 express\u00f5es que unem culturas e contam hist\u00f3rias por meio das cores e dos tecidos. De 22 a 25 de abril de 2026, venha descobrir a Ilha pelo Floripa Quilt \u2014 e leve consigo a inspira\u00e7\u00e3o, a beleza e o encanto de Florian\u00f3polis. \ud83d\udccd ACESSE O MAPA INTERATIVO CLICANDO NA IMAGEM ABAIXO e conhe\u00e7a cada ponto dessa experi\u00eancia \u00fanica, com informa\u00e7\u00f5es precisas sobre hospedagem, trajetos e lugares imperd\u00edveis.","og_url":"https:\/\/floripaquilt.com.br\/2026\/descubra-a-ilha-pelo-floripa-quilt\/","og_site_name":"Floripa Quilt","article_modified_time":"2025-10-29T19:49:16+00:00","og_image":[{"url":"https:\/\/floripaquilt.com.br\/2026\/wp-content\/uploads\/2025\/10\/site.jpg","type":"","width":"","height":""}],"twitter_card":"summary_large_image","twitter_misc":{"Est. tempo de leitura":"2 minutos"},"schema":{"@context":"https:\/\/schema.org","@graph":[{"@type":"WebPage","@id":"https:\/\/floripaquilt.com.br\/2026\/descubra-a-ilha-pelo-floripa-quilt\/","url":"https:\/\/floripaquilt.com.br\/2026\/descubra-a-ilha-pelo-floripa-quilt\/","name":"DESCUBRA A ILHA PELO FLORIPA QUILT - Floripa Quilt","isPartOf":{"@id":"https:\/\/floripaquilt.com.br\/2026\/#website"},"primaryImageOfPage":{"@id":"https:\/\/floripaquilt.com.br\/2026\/descubra-a-ilha-pelo-floripa-quilt\/#primaryimage"},"image":{"@id":"https:\/\/floripaquilt.com.br\/2026\/descubra-a-ilha-pelo-floripa-quilt\/#primaryimage"},"thumbnailUrl":"https:\/\/floripaquilt.com.br\/2026\/wp-content\/uploads\/2025\/10\/site.jpg","datePublished":"2025-10-29T19:49:14+00:00","dateModified":"2025-10-29T19:49:16+00:00","breadcrumb":{"@id":"https:\/\/floripaquilt.com.br\/2026\/descubra-a-ilha-pelo-floripa-quilt\/#breadcrumb"},"inLanguage":"pt-BR","potentialAction":[{"@type":"ReadAction","target":["https:\/\/floripaquilt.com.br\/2026\/descubra-a-ilha-pelo-floripa-quilt\/"]}]},{"@type":"ImageObject","inLanguage":"pt-BR","@id":"https:\/\/floripaquilt.com.br\/2026\/descubra-a-ilha-pelo-floripa-quilt\/#primaryimage","url":"https:\/\/floripaquilt.com.br\/2026\/wp-content\/uploads\/2025\/10\/site.jpg","contentUrl":"https:\/\/floripaquilt.com.br\/2026\/wp-content\/uploads\/2025\/10\/site.jpg"},{"@type":"BreadcrumbList","@id":"https:\/\/floripaquilt.com.br\/2026\/descubra-a-ilha-pelo-floripa-quilt\/#breadcrumb","itemListElement":[{"@type":"ListItem","position":1,"name":"In\u00edcio","item":"https:\/\/floripaquilt.com.br\/2026\/"},{"@type":"ListItem","position":2,"name":"DESCUBRA A ILHA PELO FLORIPA QUILT"}]},{"@type":"WebSite","@id":"https:\/\/floripaquilt.com.br\/2026\/#website","url":"https:\/\/floripaquilt.com.br\/2026\/","name":"Floripa Quilt","description":"Floripa Quilt 2026 - 13\u00ba Festival de Patchwork, Arte T\u00eaxtil &amp; Boneca de Pano","publisher":{"@id":"https:\/\/floripaquilt.com.br\/2026\/#organization"},"potentialAction":[{"@type":"SearchAction","target":{"@type":"EntryPoint","urlTemplate":"https:\/\/floripaquilt.com.br\/2026\/?s={search_term_string}"},"query-input":{"@type":"PropertyValueSpecification","valueRequired":true,"valueName":"search_term_string"}}],"inLanguage":"pt-BR"},{"@type":"Organization","@id":"https:\/\/floripaquilt.com.br\/2026\/#organization","name":"Floripa Quilt","url":"https:\/\/floripaquilt.com.br\/2026\/","logo":{"@type":"ImageObject","inLanguage":"pt-BR","@id":"https:\/\/floripaquilt.com.br\/2026\/#\/schema\/logo\/image\/","url":"https:\/\/floripaquilt.com.br\/2026\/wp-content\/uploads\/2025\/08\/Sem-titulo-2-scaled.jpg","contentUrl":"https:\/\/floripaquilt.com.br\/2026\/wp-content\/uploads\/2025\/08\/Sem-titulo-2-scaled.jpg","width":2560,"height":369,"caption":"Floripa Quilt"},"image":{"@id":"https:\/\/floripaquilt.com.br\/2026\/#\/schema\/logo\/image\/"}}]}},"jetpack_sharing_enabled":true,"_links":{"self":[{"href":"https:\/\/floripaquilt.com.br\/2026\/wp-json\/wp\/v2\/pages\/11448","targetHints":{"allow":["GET"]}}],"collection":[{"href":"https:\/\/floripaquilt.com.br\/2026\/wp-json\/wp\/v2\/pages"}],"about":[{"href":"https:\/\/floripaquilt.com.br\/2026\/wp-json\/wp\/v2\/types\/page"}],"author":[{"embeddable":true,"href":"https:\/\/floripaquilt.com.br\/2026\/wp-json\/wp\/v2\/users\/29"}],"replies":[{"embeddable":true,"href":"https:\/\/floripaquilt.com.br\/2026\/wp-json\/wp\/v2\/comments?post=11448"}],"version-history":[{"count":6,"href":"https:\/\/floripaquilt.com.br\/2026\/wp-json\/wp\/v2\/pages\/11448\/revisions"}],"predecessor-version":[{"id":11455,"href":"https:\/\/floripaquilt.com.br\/2026\/wp-json\/wp\/v2\/pages\/11448\/revisions\/11455"}],"wp:attachment":[{"href":"https:\/\/floripaquilt.com.br\/2026\/wp-json\/wp\/v2\/media?parent=11448"}],"curies":[{"name":"wp","href":"https:\/\/api.w.org\/{rel}","templated":true}]}}