{"id":11374,"date":"2025-09-26T20:46:39","date_gmt":"2025-09-26T23:46:39","guid":{"rendered":"https:\/\/floripaquilt.com.br\/2026\/?page_id=11374"},"modified":"2025-09-27T07:01:10","modified_gmt":"2025-09-27T10:01:10","slug":"concursos-editais-2026","status":"publish","type":"page","link":"https:\/\/floripaquilt.com.br\/2026\/concursos-editais-2026\/","title":{"rendered":"CONCURSOS 2026"},"content":{"rendered":"<div class=\"gtranslate_wrapper\" id=\"gt-wrapper-70484027\"><\/div>\n\n\n\n<figure class=\"wp-block-gallery has-nested-images columns-default is-cropped wp-block-gallery-1 is-layout-flex wp-block-gallery-is-layout-flex\">\n<figure class=\"wp-block-image size-large\"><img loading=\"lazy\" decoding=\"async\" width=\"1024\" height=\"683\" data-id=\"11226\" src=\"https:\/\/floripaquilt.com.br\/2026\/wp-content\/uploads\/2025\/08\/DSCF5767-1024x683.jpg\" alt=\"\" class=\"wp-image-11226\" srcset=\"https:\/\/floripaquilt.com.br\/2026\/wp-content\/uploads\/2025\/08\/DSCF5767-1024x683.jpg 1024w, https:\/\/floripaquilt.com.br\/2026\/wp-content\/uploads\/2025\/08\/DSCF5767-300x200.jpg 300w, https:\/\/floripaquilt.com.br\/2026\/wp-content\/uploads\/2025\/08\/DSCF5767-768x512.jpg 768w, https:\/\/floripaquilt.com.br\/2026\/wp-content\/uploads\/2025\/08\/DSCF5767-1536x1024.jpg 1536w\" sizes=\"auto, (max-width: 1024px) 100vw, 1024px\" \/><\/figure>\n\n\n\n<figure class=\"wp-block-image size-large\"><img loading=\"lazy\" decoding=\"async\" width=\"1024\" height=\"683\" data-id=\"11221\" src=\"https:\/\/floripaquilt.com.br\/2026\/wp-content\/uploads\/2025\/08\/DSCF5769-1-1024x683.jpg\" alt=\"\" class=\"wp-image-11221\" srcset=\"https:\/\/floripaquilt.com.br\/2026\/wp-content\/uploads\/2025\/08\/DSCF5769-1-1024x683.jpg 1024w, https:\/\/floripaquilt.com.br\/2026\/wp-content\/uploads\/2025\/08\/DSCF5769-1-300x200.jpg 300w, https:\/\/floripaquilt.com.br\/2026\/wp-content\/uploads\/2025\/08\/DSCF5769-1-768x512.jpg 768w, https:\/\/floripaquilt.com.br\/2026\/wp-content\/uploads\/2025\/08\/DSCF5769-1-1536x1024.jpg 1536w\" sizes=\"auto, (max-width: 1024px) 100vw, 1024px\" \/><\/figure>\n\n\n\n<figure class=\"wp-block-image size-large\"><img loading=\"lazy\" decoding=\"async\" width=\"1024\" height=\"683\" data-id=\"11223\" src=\"https:\/\/floripaquilt.com.br\/2026\/wp-content\/uploads\/2025\/08\/DSCF5768-1-1024x683.jpg\" alt=\"\" class=\"wp-image-11223\" srcset=\"https:\/\/floripaquilt.com.br\/2026\/wp-content\/uploads\/2025\/08\/DSCF5768-1-1024x683.jpg 1024w, https:\/\/floripaquilt.com.br\/2026\/wp-content\/uploads\/2025\/08\/DSCF5768-1-300x200.jpg 300w, https:\/\/floripaquilt.com.br\/2026\/wp-content\/uploads\/2025\/08\/DSCF5768-1-768x512.jpg 768w, https:\/\/floripaquilt.com.br\/2026\/wp-content\/uploads\/2025\/08\/DSCF5768-1-1536x1024.jpg 1536w\" sizes=\"auto, (max-width: 1024px) 100vw, 1024px\" \/><\/figure>\n\n\n\n<figure class=\"wp-block-image size-large\"><img loading=\"lazy\" decoding=\"async\" width=\"1024\" height=\"683\" data-id=\"11224\" src=\"https:\/\/floripaquilt.com.br\/2026\/wp-content\/uploads\/2025\/08\/DSCF5871-1-1024x683.jpg\" alt=\"\" class=\"wp-image-11224\" srcset=\"https:\/\/floripaquilt.com.br\/2026\/wp-content\/uploads\/2025\/08\/DSCF5871-1-1024x683.jpg 1024w, https:\/\/floripaquilt.com.br\/2026\/wp-content\/uploads\/2025\/08\/DSCF5871-1-300x200.jpg 300w, https:\/\/floripaquilt.com.br\/2026\/wp-content\/uploads\/2025\/08\/DSCF5871-1-768x512.jpg 768w, https:\/\/floripaquilt.com.br\/2026\/wp-content\/uploads\/2025\/08\/DSCF5871-1-1536x1024.jpg 1536w, https:\/\/floripaquilt.com.br\/2026\/wp-content\/uploads\/2025\/08\/DSCF5871-1-2048x1365.jpg 2048w, https:\/\/floripaquilt.com.br\/2026\/wp-content\/uploads\/2025\/08\/DSCF5871-1-600x400.jpg 600w\" sizes=\"auto, (max-width: 1024px) 100vw, 1024px\" \/><\/figure>\n\n\n\n<figure class=\"wp-block-image size-large\"><img loading=\"lazy\" decoding=\"async\" width=\"1024\" height=\"683\" data-id=\"11222\" src=\"https:\/\/floripaquilt.com.br\/2026\/wp-content\/uploads\/2025\/08\/DSCF5778-1024x683.jpg\" alt=\"\" class=\"wp-image-11222\" srcset=\"https:\/\/floripaquilt.com.br\/2026\/wp-content\/uploads\/2025\/08\/DSCF5778-1024x683.jpg 1024w, https:\/\/floripaquilt.com.br\/2026\/wp-content\/uploads\/2025\/08\/DSCF5778-300x200.jpg 300w, https:\/\/floripaquilt.com.br\/2026\/wp-content\/uploads\/2025\/08\/DSCF5778-768x512.jpg 768w, https:\/\/floripaquilt.com.br\/2026\/wp-content\/uploads\/2025\/08\/DSCF5778-1536x1024.jpg 1536w\" sizes=\"auto, (max-width: 1024px) 100vw, 1024px\" \/><\/figure>\n\n\n\n<figure class=\"wp-block-image size-large\"><img loading=\"lazy\" decoding=\"async\" width=\"683\" height=\"1024\" data-id=\"11225\" src=\"https:\/\/floripaquilt.com.br\/2026\/wp-content\/uploads\/2025\/08\/DSCF5851-683x1024.jpg\" alt=\"\" class=\"wp-image-11225\" srcset=\"https:\/\/floripaquilt.com.br\/2026\/wp-content\/uploads\/2025\/08\/DSCF5851-683x1024.jpg 683w, https:\/\/floripaquilt.com.br\/2026\/wp-content\/uploads\/2025\/08\/DSCF5851-200x300.jpg 200w, https:\/\/floripaquilt.com.br\/2026\/wp-content\/uploads\/2025\/08\/DSCF5851-768x1152.jpg 768w, https:\/\/floripaquilt.com.br\/2026\/wp-content\/uploads\/2025\/08\/DSCF5851-1024x1536.jpg 1024w, https:\/\/floripaquilt.com.br\/2026\/wp-content\/uploads\/2025\/08\/DSCF5851-scaled.jpg 1707w\" sizes=\"auto, (max-width: 683px) 100vw, 683px\" \/><\/figure>\n<\/figure>\n\n\n\n<h2 class=\"wp-block-heading has-black-color has-text-color has-link-color wp-elements-697a8d1471bea229ee177fa6b0a3cf90\">Participe dos Concursos do Floripa Quilt 2026!<\/h2>\n\n\n\n<p><\/p>\n\n\n\n<p class=\"has-black-color has-text-color has-link-color wp-elements-86d57780588ebf19a7b21b7480bb9da4\"><strong>Mostre seu talento, conquiste reconhecimento e leve pr\u00eamios para casa!<\/strong><\/p>\n\n\n\n<p class=\"has-black-color has-text-color has-link-color wp-elements-9ac00cf961d1ea846fe5a532228b76c6\"><\/p>\n\n\n\n<p class=\"has-black-color has-text-color has-link-color wp-elements-afc7eb872768375cfbf671793e09e409\">Todos os concursos acontecem em duas etapas:<\/p>\n\n\n\n<ul class=\"wp-block-list has-black-color has-text-color has-link-color wp-elements-a65ba17f54d4ca4cdc47f10904277040\">\n<li class=\"has-black-color has-text-color has-link-color wp-elements-b94df0ea4542e07ccfb6655d6981ee3f\"><strong>Etapa Seletiva (online)<\/strong> \u2013 inscri\u00e7\u00f5es gratuitas.<\/li>\n\n\n\n<li class=\"has-black-color has-text-color has-link-color wp-elements-b240fcfec22e50d826138ec5b35af130\"><strong>Etapa Final (presencial)<\/strong> \u2013 para os trabalhos selecionados na primeira fase, com taxa de servi\u00e7o para participa\u00e7\u00e3o.<\/li>\n\n\n\n<li class=\"has-black-color has-text-color has-link-color wp-elements-fa558a46320ade59973f35982d8b9bf1\"><strong>Per\u00edodo de Inscri\u00e7\u00f5es: <\/strong>de 15 de novembro de 2025 a 20 de mar\u00e7o de 2026.<\/li>\n<\/ul>\n\n\n\n<p class=\"has-black-color has-text-color has-link-color wp-elements-310ef49eefeee8a592147eb066b47761\">Nesta 13\u00aa edi\u00e7\u00e3o do Festival, os <strong>editais j\u00e1 est\u00e3o dispon\u00edveis<\/strong>.<br>N\u00e3o perca a chance de participar dessa grande vitrine do universo do feito \u00e0 m\u00e3o!<\/p>\n\n\n\n<h2 class=\"wp-block-heading has-black-color has-text-color has-link-color wp-elements-a613579cb091cbd014962527fbe03ddf\"><strong>Voc\u00ea pode conferir os regulamentos e se inscrever clicando nos bot\u00f5es abaixo.<\/strong><\/h2>\n\n\n\n<p><\/p>\n\n\n\n<div class=\"wp-block-buttons is-content-justification-center is-layout-flex wp-container-core-buttons-is-layout-16018d1d wp-block-buttons-is-layout-flex\">\n<div class=\"wp-block-button has-custom-width wp-block-button__width-50\"><a class=\"wp-block-button__link has-white-color has-text-color has-background has-link-color wp-element-button\" href=\"https:\/\/floripaquilt.com.br\/2026\/edital-do-13o-concurso-de-quilts\/\" style=\"background-color:#760d66\" target=\"_blank\" rel=\"noreferrer noopener\">Clique Aqui &#8211; Edital Concurso de Quilts 2026<\/a><\/div>\n<\/div>\n\n\n\n<p><\/p>\n\n\n\n<p><\/p>\n\n\n\n<div class=\"wp-block-buttons is-content-justification-center is-layout-flex wp-container-core-buttons-is-layout-16018d1d wp-block-buttons-is-layout-flex\">\n<div class=\"wp-block-button has-custom-width wp-block-button__width-50\"><a class=\"wp-block-button__link has-text-color has-background has-link-color wp-element-button\" href=\"https:\/\/floripaquilt.com.br\/2026\/edital-do-4o-concurso-de-bonecasos-de-pano\/\" style=\"color:#760d66;background-color:#f8c538\" target=\"_blank\" rel=\"noreferrer noopener\">Clique Aqui &#8211; Edital Concurso de Bonecas(os) de Pano 2026<\/a><\/div>\n<\/div>\n\n\n\n<p><\/p>\n\n\n\n<p><\/p>\n\n\n\n<div class=\"wp-block-buttons is-content-justification-center is-layout-flex wp-container-core-buttons-is-layout-16018d1d wp-block-buttons-is-layout-flex\">\n<div class=\"wp-block-button has-custom-width wp-block-button__width-50\"><a class=\"wp-block-button__link has-white-color has-text-color has-background has-link-color wp-element-button\" href=\"https:\/\/floripaquilt.com.br\/2026\/edital-do-3o-concurso-de-arte-textil\/\" style=\"background-color:#69b269\" target=\"_blank\" rel=\"noreferrer noopener\">Clique Aqui &#8211; Concurso de Arte T\u00eaxtil 2026<\/a><\/div>\n<\/div>\n\n\n\n<p><\/p>\n\n\n\n<p><\/p>\n\n\n\n<div class=\"wp-block-buttons is-content-justification-center is-layout-flex wp-container-core-buttons-is-layout-16018d1d wp-block-buttons-is-layout-flex\">\n<div class=\"wp-block-button has-custom-width wp-block-button__width-50\"><a class=\"wp-block-button__link has-white-color has-text-color has-background has-link-color wp-element-button\" href=\"https:\/\/floripaquilt.com.br\/2026\/edital-do-1o-concurso-de-quilts-para-iniciantes\/\" style=\"background-color:#e049a0\" target=\"_blank\" rel=\"noreferrer noopener\">Clique Aqui &#8211; Concurso de Quilts Para Iniciantes 2026<\/a><\/div>\n<\/div>\n\n\n\n<p><\/p>\n\n\n\n<p class=\"has-black-color has-text-color has-link-color wp-elements-bc5e41d613d9f483b1e44483d2fa31f8\"><strong>Em caso de d\u00favidas, fale com a nossa equipe pelo WhatsApp dispon\u00edvel no site.<\/strong><\/p>\n\n\n\n<p><\/p>\n","protected":false},"excerpt":{"rendered":"<p>Participe dos Concursos do Floripa Quilt 2026! Mostre seu talento, conquiste reconhecimento e leve pr\u00eamios para casa! Todos os concursos acontecem em duas etapas: Nesta 13\u00aa edi\u00e7\u00e3o do Festival, os editais j\u00e1 est\u00e3o dispon\u00edveis.N\u00e3o perca a chance de participar dessa grande vitrine do universo do feito \u00e0 m\u00e3o! Voc\u00ea pode conferir os regulamentos e se inscrever clicando nos bot\u00f5es abaixo. Em caso de d\u00favidas, fale com a nossa equipe pelo WhatsApp dispon\u00edvel no site.<\/p>\n","protected":false},"author":29,"featured_media":0,"parent":0,"menu_order":0,"comment_status":"closed","ping_status":"closed","template":"","meta":{"_monsterinsights_skip_tracking":false,"_monsterinsights_sitenote_active":false,"_monsterinsights_sitenote_note":"","_monsterinsights_sitenote_category":0,"_uf_show_specific_survey":0,"_uf_disable_surveys":false,"footnotes":""},"class_list":["post-11374","page","type-page","status-publish","hentry"],"acf":[],"yoast_head":"<!-- This site is optimized with the Yoast SEO plugin v27.4 - https:\/\/yoast.com\/product\/yoast-seo-wordpress\/ -->\n<title>CONCURSOS 2026 - Floripa Quilt<\/title>\n<meta name=\"robots\" content=\"index, follow, max-snippet:-1, max-image-preview:large, max-video-preview:-1\" \/>\n<link rel=\"canonical\" href=\"https:\/\/floripaquilt.com.br\/2026\/concursos-editais-2026\/\" \/>\n<meta property=\"og:locale\" content=\"pt_BR\" \/>\n<meta property=\"og:type\" content=\"article\" \/>\n<meta property=\"og:title\" content=\"CONCURSOS 2026 - Floripa Quilt\" \/>\n<meta property=\"og:description\" content=\"Participe dos Concursos do Floripa Quilt 2026! Mostre seu talento, conquiste reconhecimento e leve pr\u00eamios para casa! Todos os concursos acontecem em duas etapas: Nesta 13\u00aa edi\u00e7\u00e3o do Festival, os editais j\u00e1 est\u00e3o dispon\u00edveis.N\u00e3o perca a chance de participar dessa grande vitrine do universo do feito \u00e0 m\u00e3o! Voc\u00ea pode conferir os regulamentos e se inscrever clicando nos bot\u00f5es abaixo. Em caso de d\u00favidas, fale com a nossa equipe pelo WhatsApp dispon\u00edvel no site.\" \/>\n<meta property=\"og:url\" content=\"https:\/\/floripaquilt.com.br\/2026\/concursos-editais-2026\/\" \/>\n<meta property=\"og:site_name\" content=\"Floripa Quilt\" \/>\n<meta property=\"article:modified_time\" content=\"2025-09-27T10:01:10+00:00\" \/>\n<meta property=\"og:image\" content=\"https:\/\/floripaquilt.com.br\/2026\/wp-content\/uploads\/2025\/08\/DSCF5767-1024x683.jpg\" \/>\n<meta name=\"twitter:card\" content=\"summary_large_image\" \/>\n<meta name=\"twitter:label1\" content=\"Est. tempo de leitura\" \/>\n\t<meta name=\"twitter:data1\" content=\"2 minutos\" \/>\n<script type=\"application\/ld+json\" class=\"yoast-schema-graph\">{\"@context\":\"https:\\\/\\\/schema.org\",\"@graph\":[{\"@type\":\"WebPage\",\"@id\":\"https:\\\/\\\/floripaquilt.com.br\\\/2026\\\/concursos-editais-2026\\\/\",\"url\":\"https:\\\/\\\/floripaquilt.com.br\\\/2026\\\/concursos-editais-2026\\\/\",\"name\":\"CONCURSOS 2026 - Floripa Quilt\",\"isPartOf\":{\"@id\":\"https:\\\/\\\/floripaquilt.com.br\\\/2026\\\/#website\"},\"primaryImageOfPage\":{\"@id\":\"https:\\\/\\\/floripaquilt.com.br\\\/2026\\\/concursos-editais-2026\\\/#primaryimage\"},\"image\":{\"@id\":\"https:\\\/\\\/floripaquilt.com.br\\\/2026\\\/concursos-editais-2026\\\/#primaryimage\"},\"thumbnailUrl\":\"https:\\\/\\\/floripaquilt.com.br\\\/2026\\\/wp-content\\\/uploads\\\/2025\\\/08\\\/DSCF5767-1024x683.jpg\",\"datePublished\":\"2025-09-26T23:46:39+00:00\",\"dateModified\":\"2025-09-27T10:01:10+00:00\",\"breadcrumb\":{\"@id\":\"https:\\\/\\\/floripaquilt.com.br\\\/2026\\\/concursos-editais-2026\\\/#breadcrumb\"},\"inLanguage\":\"pt-BR\",\"potentialAction\":[{\"@type\":\"ReadAction\",\"target\":[\"https:\\\/\\\/floripaquilt.com.br\\\/2026\\\/concursos-editais-2026\\\/\"]}]},{\"@type\":\"ImageObject\",\"inLanguage\":\"pt-BR\",\"@id\":\"https:\\\/\\\/floripaquilt.com.br\\\/2026\\\/concursos-editais-2026\\\/#primaryimage\",\"url\":\"https:\\\/\\\/floripaquilt.com.br\\\/2026\\\/wp-content\\\/uploads\\\/2025\\\/08\\\/DSCF5767-scaled.jpg\",\"contentUrl\":\"https:\\\/\\\/floripaquilt.com.br\\\/2026\\\/wp-content\\\/uploads\\\/2025\\\/08\\\/DSCF5767-scaled.jpg\",\"width\":2560,\"height\":1707},{\"@type\":\"BreadcrumbList\",\"@id\":\"https:\\\/\\\/floripaquilt.com.br\\\/2026\\\/concursos-editais-2026\\\/#breadcrumb\",\"itemListElement\":[{\"@type\":\"ListItem\",\"position\":1,\"name\":\"In\u00edcio\",\"item\":\"https:\\\/\\\/floripaquilt.com.br\\\/2026\\\/\"},{\"@type\":\"ListItem\",\"position\":2,\"name\":\"CONCURSOS 2026\"}]},{\"@type\":\"WebSite\",\"@id\":\"https:\\\/\\\/floripaquilt.com.br\\\/2026\\\/#website\",\"url\":\"https:\\\/\\\/floripaquilt.com.br\\\/2026\\\/\",\"name\":\"Floripa Quilt\",\"description\":\"Floripa Quilt 2026 - 13\u00ba Festival de Patchwork, Arte T\u00eaxtil &amp; Boneca de Pano\",\"publisher\":{\"@id\":\"https:\\\/\\\/floripaquilt.com.br\\\/2026\\\/#organization\"},\"potentialAction\":[{\"@type\":\"SearchAction\",\"target\":{\"@type\":\"EntryPoint\",\"urlTemplate\":\"https:\\\/\\\/floripaquilt.com.br\\\/2026\\\/?s={search_term_string}\"},\"query-input\":{\"@type\":\"PropertyValueSpecification\",\"valueRequired\":true,\"valueName\":\"search_term_string\"}}],\"inLanguage\":\"pt-BR\"},{\"@type\":\"Organization\",\"@id\":\"https:\\\/\\\/floripaquilt.com.br\\\/2026\\\/#organization\",\"name\":\"Floripa Quilt\",\"url\":\"https:\\\/\\\/floripaquilt.com.br\\\/2026\\\/\",\"logo\":{\"@type\":\"ImageObject\",\"inLanguage\":\"pt-BR\",\"@id\":\"https:\\\/\\\/floripaquilt.com.br\\\/2026\\\/#\\\/schema\\\/logo\\\/image\\\/\",\"url\":\"https:\\\/\\\/floripaquilt.com.br\\\/2026\\\/wp-content\\\/uploads\\\/2025\\\/08\\\/Sem-titulo-2-scaled.jpg\",\"contentUrl\":\"https:\\\/\\\/floripaquilt.com.br\\\/2026\\\/wp-content\\\/uploads\\\/2025\\\/08\\\/Sem-titulo-2-scaled.jpg\",\"width\":2560,\"height\":369,\"caption\":\"Floripa Quilt\"},\"image\":{\"@id\":\"https:\\\/\\\/floripaquilt.com.br\\\/2026\\\/#\\\/schema\\\/logo\\\/image\\\/\"}}]}<\/script>\n<!-- \/ Yoast SEO plugin. -->","yoast_head_json":{"title":"CONCURSOS 2026 - Floripa Quilt","robots":{"index":"index","follow":"follow","max-snippet":"max-snippet:-1","max-image-preview":"max-image-preview:large","max-video-preview":"max-video-preview:-1"},"canonical":"https:\/\/floripaquilt.com.br\/2026\/concursos-editais-2026\/","og_locale":"pt_BR","og_type":"article","og_title":"CONCURSOS 2026 - Floripa Quilt","og_description":"Participe dos Concursos do Floripa Quilt 2026! Mostre seu talento, conquiste reconhecimento e leve pr\u00eamios para casa! Todos os concursos acontecem em duas etapas: Nesta 13\u00aa edi\u00e7\u00e3o do Festival, os editais j\u00e1 est\u00e3o dispon\u00edveis.N\u00e3o perca a chance de participar dessa grande vitrine do universo do feito \u00e0 m\u00e3o! Voc\u00ea pode conferir os regulamentos e se inscrever clicando nos bot\u00f5es abaixo. Em caso de d\u00favidas, fale com a nossa equipe pelo WhatsApp dispon\u00edvel no site.","og_url":"https:\/\/floripaquilt.com.br\/2026\/concursos-editais-2026\/","og_site_name":"Floripa Quilt","article_modified_time":"2025-09-27T10:01:10+00:00","og_image":[{"url":"https:\/\/floripaquilt.com.br\/2026\/wp-content\/uploads\/2025\/08\/DSCF5767-1024x683.jpg","type":"","width":"","height":""}],"twitter_card":"summary_large_image","twitter_misc":{"Est. tempo de leitura":"2 minutos"},"schema":{"@context":"https:\/\/schema.org","@graph":[{"@type":"WebPage","@id":"https:\/\/floripaquilt.com.br\/2026\/concursos-editais-2026\/","url":"https:\/\/floripaquilt.com.br\/2026\/concursos-editais-2026\/","name":"CONCURSOS 2026 - Floripa Quilt","isPartOf":{"@id":"https:\/\/floripaquilt.com.br\/2026\/#website"},"primaryImageOfPage":{"@id":"https:\/\/floripaquilt.com.br\/2026\/concursos-editais-2026\/#primaryimage"},"image":{"@id":"https:\/\/floripaquilt.com.br\/2026\/concursos-editais-2026\/#primaryimage"},"thumbnailUrl":"https:\/\/floripaquilt.com.br\/2026\/wp-content\/uploads\/2025\/08\/DSCF5767-1024x683.jpg","datePublished":"2025-09-26T23:46:39+00:00","dateModified":"2025-09-27T10:01:10+00:00","breadcrumb":{"@id":"https:\/\/floripaquilt.com.br\/2026\/concursos-editais-2026\/#breadcrumb"},"inLanguage":"pt-BR","potentialAction":[{"@type":"ReadAction","target":["https:\/\/floripaquilt.com.br\/2026\/concursos-editais-2026\/"]}]},{"@type":"ImageObject","inLanguage":"pt-BR","@id":"https:\/\/floripaquilt.com.br\/2026\/concursos-editais-2026\/#primaryimage","url":"https:\/\/floripaquilt.com.br\/2026\/wp-content\/uploads\/2025\/08\/DSCF5767-scaled.jpg","contentUrl":"https:\/\/floripaquilt.com.br\/2026\/wp-content\/uploads\/2025\/08\/DSCF5767-scaled.jpg","width":2560,"height":1707},{"@type":"BreadcrumbList","@id":"https:\/\/floripaquilt.com.br\/2026\/concursos-editais-2026\/#breadcrumb","itemListElement":[{"@type":"ListItem","position":1,"name":"In\u00edcio","item":"https:\/\/floripaquilt.com.br\/2026\/"},{"@type":"ListItem","position":2,"name":"CONCURSOS 2026"}]},{"@type":"WebSite","@id":"https:\/\/floripaquilt.com.br\/2026\/#website","url":"https:\/\/floripaquilt.com.br\/2026\/","name":"Floripa Quilt","description":"Floripa Quilt 2026 - 13\u00ba Festival de Patchwork, Arte T\u00eaxtil &amp; Boneca de Pano","publisher":{"@id":"https:\/\/floripaquilt.com.br\/2026\/#organization"},"potentialAction":[{"@type":"SearchAction","target":{"@type":"EntryPoint","urlTemplate":"https:\/\/floripaquilt.com.br\/2026\/?s={search_term_string}"},"query-input":{"@type":"PropertyValueSpecification","valueRequired":true,"valueName":"search_term_string"}}],"inLanguage":"pt-BR"},{"@type":"Organization","@id":"https:\/\/floripaquilt.com.br\/2026\/#organization","name":"Floripa Quilt","url":"https:\/\/floripaquilt.com.br\/2026\/","logo":{"@type":"ImageObject","inLanguage":"pt-BR","@id":"https:\/\/floripaquilt.com.br\/2026\/#\/schema\/logo\/image\/","url":"https:\/\/floripaquilt.com.br\/2026\/wp-content\/uploads\/2025\/08\/Sem-titulo-2-scaled.jpg","contentUrl":"https:\/\/floripaquilt.com.br\/2026\/wp-content\/uploads\/2025\/08\/Sem-titulo-2-scaled.jpg","width":2560,"height":369,"caption":"Floripa Quilt"},"image":{"@id":"https:\/\/floripaquilt.com.br\/2026\/#\/schema\/logo\/image\/"}}]}},"jetpack_sharing_enabled":true,"_links":{"self":[{"href":"https:\/\/floripaquilt.com.br\/2026\/wp-json\/wp\/v2\/pages\/11374","targetHints":{"allow":["GET"]}}],"collection":[{"href":"https:\/\/floripaquilt.com.br\/2026\/wp-json\/wp\/v2\/pages"}],"about":[{"href":"https:\/\/floripaquilt.com.br\/2026\/wp-json\/wp\/v2\/types\/page"}],"author":[{"embeddable":true,"href":"https:\/\/floripaquilt.com.br\/2026\/wp-json\/wp\/v2\/users\/29"}],"replies":[{"embeddable":true,"href":"https:\/\/floripaquilt.com.br\/2026\/wp-json\/wp\/v2\/comments?post=11374"}],"version-history":[{"count":18,"href":"https:\/\/floripaquilt.com.br\/2026\/wp-json\/wp\/v2\/pages\/11374\/revisions"}],"predecessor-version":[{"id":11401,"href":"https:\/\/floripaquilt.com.br\/2026\/wp-json\/wp\/v2\/pages\/11374\/revisions\/11401"}],"wp:attachment":[{"href":"https:\/\/floripaquilt.com.br\/2026\/wp-json\/wp\/v2\/media?parent=11374"}],"curies":[{"name":"wp","href":"https:\/\/api.w.org\/{rel}","templated":true}]}}