{"id":11274,"date":"2025-09-24T19:42:27","date_gmt":"2025-09-24T22:42:27","guid":{"rendered":"https:\/\/floripaquilt.com.br\/2026\/?page_id=11274"},"modified":"2025-09-24T19:42:30","modified_gmt":"2025-09-24T22:42:30","slug":"rodas-de-conversa","status":"publish","type":"page","link":"https:\/\/floripaquilt.com.br\/2026\/rodas-de-conversa\/","title":{"rendered":"RODAS DE CONVERSA"},"content":{"rendered":"<div class=\"gtranslate_wrapper\" id=\"gt-wrapper-40505353\"><\/div>\n\n\n\n<p><\/p>\n\n\n\n<figure class=\"wp-block-gallery has-nested-images columns-default is-cropped wp-block-gallery-1 is-layout-flex wp-block-gallery-is-layout-flex\">\n<figure class=\"wp-block-image size-large\"><img loading=\"lazy\" decoding=\"async\" width=\"1024\" height=\"768\" data-id=\"11305\" src=\"https:\/\/floripaquilt.com.br\/2026\/wp-content\/uploads\/2025\/09\/DSCN4006-1024x768.jpg\" alt=\"\" class=\"wp-image-11305\" srcset=\"https:\/\/floripaquilt.com.br\/2026\/wp-content\/uploads\/2025\/09\/DSCN4006-1024x768.jpg 1024w, https:\/\/floripaquilt.com.br\/2026\/wp-content\/uploads\/2025\/09\/DSCN4006-300x225.jpg 300w, https:\/\/floripaquilt.com.br\/2026\/wp-content\/uploads\/2025\/09\/DSCN4006-768x576.jpg 768w, https:\/\/floripaquilt.com.br\/2026\/wp-content\/uploads\/2025\/09\/DSCN4006-1536x1152.jpg 1536w, https:\/\/floripaquilt.com.br\/2026\/wp-content\/uploads\/2025\/09\/DSCN4006-2048x1536.jpg 2048w, https:\/\/floripaquilt.com.br\/2026\/wp-content\/uploads\/2025\/09\/DSCN4006-600x450.jpg 600w\" sizes=\"auto, (max-width: 1024px) 100vw, 1024px\" \/><\/figure>\n\n\n\n<figure class=\"wp-block-image size-large\"><img loading=\"lazy\" decoding=\"async\" width=\"1024\" height=\"683\" data-id=\"11296\" src=\"https:\/\/floripaquilt.com.br\/2026\/wp-content\/uploads\/2025\/09\/DSCF2280-1024x683.jpg\" alt=\"\" class=\"wp-image-11296\" srcset=\"https:\/\/floripaquilt.com.br\/2026\/wp-content\/uploads\/2025\/09\/DSCF2280-1024x683.jpg 1024w, https:\/\/floripaquilt.com.br\/2026\/wp-content\/uploads\/2025\/09\/DSCF2280-300x200.jpg 300w, https:\/\/floripaquilt.com.br\/2026\/wp-content\/uploads\/2025\/09\/DSCF2280-768x512.jpg 768w, https:\/\/floripaquilt.com.br\/2026\/wp-content\/uploads\/2025\/09\/DSCF2280-1536x1024.jpg 1536w, https:\/\/floripaquilt.com.br\/2026\/wp-content\/uploads\/2025\/09\/DSCF2280-2048x1365.jpg 2048w, https:\/\/floripaquilt.com.br\/2026\/wp-content\/uploads\/2025\/09\/DSCF2280-600x400.jpg 600w\" sizes=\"auto, (max-width: 1024px) 100vw, 1024px\" \/><\/figure>\n\n\n\n<figure class=\"wp-block-image size-large\"><img loading=\"lazy\" decoding=\"async\" width=\"1024\" height=\"794\" data-id=\"11303\" src=\"https:\/\/floripaquilt.com.br\/2026\/wp-content\/uploads\/2025\/09\/DSCN3728-1024x794.jpg\" alt=\"\" class=\"wp-image-11303\" srcset=\"https:\/\/floripaquilt.com.br\/2026\/wp-content\/uploads\/2025\/09\/DSCN3728-1024x794.jpg 1024w, https:\/\/floripaquilt.com.br\/2026\/wp-content\/uploads\/2025\/09\/DSCN3728-300x233.jpg 300w, https:\/\/floripaquilt.com.br\/2026\/wp-content\/uploads\/2025\/09\/DSCN3728-768x596.jpg 768w, https:\/\/floripaquilt.com.br\/2026\/wp-content\/uploads\/2025\/09\/DSCN3728-1536x1192.jpg 1536w, https:\/\/floripaquilt.com.br\/2026\/wp-content\/uploads\/2025\/09\/DSCN3728-2048x1589.jpg 2048w, https:\/\/floripaquilt.com.br\/2026\/wp-content\/uploads\/2025\/09\/DSCN3728-600x465.jpg 600w\" sizes=\"auto, (max-width: 1024px) 100vw, 1024px\" \/><\/figure>\n<\/figure>\n\n\n\n<p class=\"has-black-color has-text-color has-link-color wp-elements-86c01a1445f8e2afab830a708788d1dd\">As <strong>Rodas de Conversa<\/strong> s\u00e3o espa\u00e7os de di\u00e1logo, troca de ideias e constru\u00e7\u00e3o coletiva de conhecimento.<br>Seu objetivo \u00e9 aproximar p\u00fablico, artistas e estudiosos, estimulando reflex\u00f5es e novas vis\u00f5es sobre patchwork, arte t\u00eaxtil, bonecaria e manualidades.<br>No <strong>Floripa Quilt \u2013 Festival de Patchwork, Arte T\u00eaxtil &amp; Boneca de Pano<\/strong>, as <strong>Rodas de Conversa s\u00e3o totalmente gratuitas<\/strong> e buscam formar p\u00fablico, promover encontros e dar voz a diferentes contextos e experi\u00eancias.<br>Estamos preparando a programa\u00e7\u00e3o com os mediadores, bem como os dias e hor\u00e1rios de realiza\u00e7\u00e3o.<br><strong>Em breve, maiores informa\u00e7\u00f5es. Aguarde!<\/strong><\/p>\n\n\n\n<p><\/p>\n","protected":false},"excerpt":{"rendered":"<p>As Rodas de Conversa s\u00e3o espa\u00e7os de di\u00e1logo, troca de ideias e constru\u00e7\u00e3o coletiva de conhecimento.Seu objetivo \u00e9 aproximar p\u00fablico, artistas e estudiosos, estimulando reflex\u00f5es e novas vis\u00f5es sobre patchwork, arte t\u00eaxtil, bonecaria e manualidades.No Floripa Quilt \u2013 Festival de Patchwork, Arte T\u00eaxtil &amp; Boneca de Pano, as Rodas de Conversa s\u00e3o totalmente gratuitas e buscam formar p\u00fablico, promover encontros e dar voz a diferentes contextos e experi\u00eancias.Estamos preparando a programa\u00e7\u00e3o com os mediadores, bem como os dias e hor\u00e1rios de realiza\u00e7\u00e3o.Em breve, maiores informa\u00e7\u00f5es. Aguarde!<\/p>\n","protected":false},"author":29,"featured_media":0,"parent":0,"menu_order":0,"comment_status":"closed","ping_status":"closed","template":"","meta":{"_monsterinsights_skip_tracking":false,"_monsterinsights_sitenote_active":false,"_monsterinsights_sitenote_note":"","_monsterinsights_sitenote_category":0,"_uf_show_specific_survey":0,"_uf_disable_surveys":false,"footnotes":""},"class_list":["post-11274","page","type-page","status-publish","hentry"],"acf":[],"yoast_head":"<!-- This site is optimized with the Yoast SEO plugin v27.4 - https:\/\/yoast.com\/product\/yoast-seo-wordpress\/ -->\n<title>RODAS DE CONVERSA - Floripa Quilt<\/title>\n<meta name=\"robots\" content=\"index, follow, max-snippet:-1, max-image-preview:large, max-video-preview:-1\" \/>\n<link rel=\"canonical\" href=\"https:\/\/floripaquilt.com.br\/2026\/rodas-de-conversa\/\" \/>\n<meta property=\"og:locale\" content=\"pt_BR\" \/>\n<meta property=\"og:type\" content=\"article\" \/>\n<meta property=\"og:title\" content=\"RODAS DE CONVERSA - Floripa Quilt\" \/>\n<meta property=\"og:description\" content=\"As Rodas de Conversa s\u00e3o espa\u00e7os de di\u00e1logo, troca de ideias e constru\u00e7\u00e3o coletiva de conhecimento.Seu objetivo \u00e9 aproximar p\u00fablico, artistas e estudiosos, estimulando reflex\u00f5es e novas vis\u00f5es sobre patchwork, arte t\u00eaxtil, bonecaria e manualidades.No Floripa Quilt \u2013 Festival de Patchwork, Arte T\u00eaxtil &amp; Boneca de Pano, as Rodas de Conversa s\u00e3o totalmente gratuitas e buscam formar p\u00fablico, promover encontros e dar voz a diferentes contextos e experi\u00eancias.Estamos preparando a programa\u00e7\u00e3o com os mediadores, bem como os dias e hor\u00e1rios de realiza\u00e7\u00e3o.Em breve, maiores informa\u00e7\u00f5es. Aguarde!\" \/>\n<meta property=\"og:url\" content=\"https:\/\/floripaquilt.com.br\/2026\/rodas-de-conversa\/\" \/>\n<meta property=\"og:site_name\" content=\"Floripa Quilt\" \/>\n<meta property=\"article:modified_time\" content=\"2025-09-24T22:42:30+00:00\" \/>\n<meta property=\"og:image\" content=\"https:\/\/floripaquilt.com.br\/2026\/wp-content\/uploads\/2025\/09\/DSCN4006-1024x768.jpg\" \/>\n<meta name=\"twitter:card\" content=\"summary_large_image\" \/>\n<meta name=\"twitter:label1\" content=\"Est. tempo de leitura\" \/>\n\t<meta name=\"twitter:data1\" content=\"2 minutos\" \/>\n<script type=\"application\/ld+json\" class=\"yoast-schema-graph\">{\"@context\":\"https:\\\/\\\/schema.org\",\"@graph\":[{\"@type\":\"WebPage\",\"@id\":\"https:\\\/\\\/floripaquilt.com.br\\\/2026\\\/rodas-de-conversa\\\/\",\"url\":\"https:\\\/\\\/floripaquilt.com.br\\\/2026\\\/rodas-de-conversa\\\/\",\"name\":\"RODAS DE CONVERSA - Floripa Quilt\",\"isPartOf\":{\"@id\":\"https:\\\/\\\/floripaquilt.com.br\\\/2026\\\/#website\"},\"primaryImageOfPage\":{\"@id\":\"https:\\\/\\\/floripaquilt.com.br\\\/2026\\\/rodas-de-conversa\\\/#primaryimage\"},\"image\":{\"@id\":\"https:\\\/\\\/floripaquilt.com.br\\\/2026\\\/rodas-de-conversa\\\/#primaryimage\"},\"thumbnailUrl\":\"https:\\\/\\\/floripaquilt.com.br\\\/2026\\\/wp-content\\\/uploads\\\/2025\\\/09\\\/DSCN4006-1024x768.jpg\",\"datePublished\":\"2025-09-24T22:42:27+00:00\",\"dateModified\":\"2025-09-24T22:42:30+00:00\",\"breadcrumb\":{\"@id\":\"https:\\\/\\\/floripaquilt.com.br\\\/2026\\\/rodas-de-conversa\\\/#breadcrumb\"},\"inLanguage\":\"pt-BR\",\"potentialAction\":[{\"@type\":\"ReadAction\",\"target\":[\"https:\\\/\\\/floripaquilt.com.br\\\/2026\\\/rodas-de-conversa\\\/\"]}]},{\"@type\":\"ImageObject\",\"inLanguage\":\"pt-BR\",\"@id\":\"https:\\\/\\\/floripaquilt.com.br\\\/2026\\\/rodas-de-conversa\\\/#primaryimage\",\"url\":\"https:\\\/\\\/floripaquilt.com.br\\\/2026\\\/wp-content\\\/uploads\\\/2025\\\/09\\\/DSCN4006-scaled.jpg\",\"contentUrl\":\"https:\\\/\\\/floripaquilt.com.br\\\/2026\\\/wp-content\\\/uploads\\\/2025\\\/09\\\/DSCN4006-scaled.jpg\",\"width\":2560,\"height\":1920},{\"@type\":\"BreadcrumbList\",\"@id\":\"https:\\\/\\\/floripaquilt.com.br\\\/2026\\\/rodas-de-conversa\\\/#breadcrumb\",\"itemListElement\":[{\"@type\":\"ListItem\",\"position\":1,\"name\":\"In\u00edcio\",\"item\":\"https:\\\/\\\/floripaquilt.com.br\\\/2026\\\/\"},{\"@type\":\"ListItem\",\"position\":2,\"name\":\"RODAS DE CONVERSA\"}]},{\"@type\":\"WebSite\",\"@id\":\"https:\\\/\\\/floripaquilt.com.br\\\/2026\\\/#website\",\"url\":\"https:\\\/\\\/floripaquilt.com.br\\\/2026\\\/\",\"name\":\"Floripa Quilt\",\"description\":\"Floripa Quilt 2026 - 13\u00ba Festival de Patchwork, Arte T\u00eaxtil &amp; Boneca de Pano\",\"publisher\":{\"@id\":\"https:\\\/\\\/floripaquilt.com.br\\\/2026\\\/#organization\"},\"potentialAction\":[{\"@type\":\"SearchAction\",\"target\":{\"@type\":\"EntryPoint\",\"urlTemplate\":\"https:\\\/\\\/floripaquilt.com.br\\\/2026\\\/?s={search_term_string}\"},\"query-input\":{\"@type\":\"PropertyValueSpecification\",\"valueRequired\":true,\"valueName\":\"search_term_string\"}}],\"inLanguage\":\"pt-BR\"},{\"@type\":\"Organization\",\"@id\":\"https:\\\/\\\/floripaquilt.com.br\\\/2026\\\/#organization\",\"name\":\"Floripa Quilt\",\"url\":\"https:\\\/\\\/floripaquilt.com.br\\\/2026\\\/\",\"logo\":{\"@type\":\"ImageObject\",\"inLanguage\":\"pt-BR\",\"@id\":\"https:\\\/\\\/floripaquilt.com.br\\\/2026\\\/#\\\/schema\\\/logo\\\/image\\\/\",\"url\":\"https:\\\/\\\/floripaquilt.com.br\\\/2026\\\/wp-content\\\/uploads\\\/2025\\\/08\\\/Sem-titulo-2-scaled.jpg\",\"contentUrl\":\"https:\\\/\\\/floripaquilt.com.br\\\/2026\\\/wp-content\\\/uploads\\\/2025\\\/08\\\/Sem-titulo-2-scaled.jpg\",\"width\":2560,\"height\":369,\"caption\":\"Floripa Quilt\"},\"image\":{\"@id\":\"https:\\\/\\\/floripaquilt.com.br\\\/2026\\\/#\\\/schema\\\/logo\\\/image\\\/\"}}]}<\/script>\n<!-- \/ Yoast SEO plugin. -->","yoast_head_json":{"title":"RODAS DE CONVERSA - Floripa Quilt","robots":{"index":"index","follow":"follow","max-snippet":"max-snippet:-1","max-image-preview":"max-image-preview:large","max-video-preview":"max-video-preview:-1"},"canonical":"https:\/\/floripaquilt.com.br\/2026\/rodas-de-conversa\/","og_locale":"pt_BR","og_type":"article","og_title":"RODAS DE CONVERSA - Floripa Quilt","og_description":"As Rodas de Conversa s\u00e3o espa\u00e7os de di\u00e1logo, troca de ideias e constru\u00e7\u00e3o coletiva de conhecimento.Seu objetivo \u00e9 aproximar p\u00fablico, artistas e estudiosos, estimulando reflex\u00f5es e novas vis\u00f5es sobre patchwork, arte t\u00eaxtil, bonecaria e manualidades.No Floripa Quilt \u2013 Festival de Patchwork, Arte T\u00eaxtil &amp; Boneca de Pano, as Rodas de Conversa s\u00e3o totalmente gratuitas e buscam formar p\u00fablico, promover encontros e dar voz a diferentes contextos e experi\u00eancias.Estamos preparando a programa\u00e7\u00e3o com os mediadores, bem como os dias e hor\u00e1rios de realiza\u00e7\u00e3o.Em breve, maiores informa\u00e7\u00f5es. Aguarde!","og_url":"https:\/\/floripaquilt.com.br\/2026\/rodas-de-conversa\/","og_site_name":"Floripa Quilt","article_modified_time":"2025-09-24T22:42:30+00:00","og_image":[{"url":"https:\/\/floripaquilt.com.br\/2026\/wp-content\/uploads\/2025\/09\/DSCN4006-1024x768.jpg","type":"","width":"","height":""}],"twitter_card":"summary_large_image","twitter_misc":{"Est. tempo de leitura":"2 minutos"},"schema":{"@context":"https:\/\/schema.org","@graph":[{"@type":"WebPage","@id":"https:\/\/floripaquilt.com.br\/2026\/rodas-de-conversa\/","url":"https:\/\/floripaquilt.com.br\/2026\/rodas-de-conversa\/","name":"RODAS DE CONVERSA - Floripa Quilt","isPartOf":{"@id":"https:\/\/floripaquilt.com.br\/2026\/#website"},"primaryImageOfPage":{"@id":"https:\/\/floripaquilt.com.br\/2026\/rodas-de-conversa\/#primaryimage"},"image":{"@id":"https:\/\/floripaquilt.com.br\/2026\/rodas-de-conversa\/#primaryimage"},"thumbnailUrl":"https:\/\/floripaquilt.com.br\/2026\/wp-content\/uploads\/2025\/09\/DSCN4006-1024x768.jpg","datePublished":"2025-09-24T22:42:27+00:00","dateModified":"2025-09-24T22:42:30+00:00","breadcrumb":{"@id":"https:\/\/floripaquilt.com.br\/2026\/rodas-de-conversa\/#breadcrumb"},"inLanguage":"pt-BR","potentialAction":[{"@type":"ReadAction","target":["https:\/\/floripaquilt.com.br\/2026\/rodas-de-conversa\/"]}]},{"@type":"ImageObject","inLanguage":"pt-BR","@id":"https:\/\/floripaquilt.com.br\/2026\/rodas-de-conversa\/#primaryimage","url":"https:\/\/floripaquilt.com.br\/2026\/wp-content\/uploads\/2025\/09\/DSCN4006-scaled.jpg","contentUrl":"https:\/\/floripaquilt.com.br\/2026\/wp-content\/uploads\/2025\/09\/DSCN4006-scaled.jpg","width":2560,"height":1920},{"@type":"BreadcrumbList","@id":"https:\/\/floripaquilt.com.br\/2026\/rodas-de-conversa\/#breadcrumb","itemListElement":[{"@type":"ListItem","position":1,"name":"In\u00edcio","item":"https:\/\/floripaquilt.com.br\/2026\/"},{"@type":"ListItem","position":2,"name":"RODAS DE CONVERSA"}]},{"@type":"WebSite","@id":"https:\/\/floripaquilt.com.br\/2026\/#website","url":"https:\/\/floripaquilt.com.br\/2026\/","name":"Floripa Quilt","description":"Floripa Quilt 2026 - 13\u00ba Festival de Patchwork, Arte T\u00eaxtil &amp; Boneca de Pano","publisher":{"@id":"https:\/\/floripaquilt.com.br\/2026\/#organization"},"potentialAction":[{"@type":"SearchAction","target":{"@type":"EntryPoint","urlTemplate":"https:\/\/floripaquilt.com.br\/2026\/?s={search_term_string}"},"query-input":{"@type":"PropertyValueSpecification","valueRequired":true,"valueName":"search_term_string"}}],"inLanguage":"pt-BR"},{"@type":"Organization","@id":"https:\/\/floripaquilt.com.br\/2026\/#organization","name":"Floripa Quilt","url":"https:\/\/floripaquilt.com.br\/2026\/","logo":{"@type":"ImageObject","inLanguage":"pt-BR","@id":"https:\/\/floripaquilt.com.br\/2026\/#\/schema\/logo\/image\/","url":"https:\/\/floripaquilt.com.br\/2026\/wp-content\/uploads\/2025\/08\/Sem-titulo-2-scaled.jpg","contentUrl":"https:\/\/floripaquilt.com.br\/2026\/wp-content\/uploads\/2025\/08\/Sem-titulo-2-scaled.jpg","width":2560,"height":369,"caption":"Floripa Quilt"},"image":{"@id":"https:\/\/floripaquilt.com.br\/2026\/#\/schema\/logo\/image\/"}}]}},"jetpack_sharing_enabled":true,"_links":{"self":[{"href":"https:\/\/floripaquilt.com.br\/2026\/wp-json\/wp\/v2\/pages\/11274","targetHints":{"allow":["GET"]}}],"collection":[{"href":"https:\/\/floripaquilt.com.br\/2026\/wp-json\/wp\/v2\/pages"}],"about":[{"href":"https:\/\/floripaquilt.com.br\/2026\/wp-json\/wp\/v2\/types\/page"}],"author":[{"embeddable":true,"href":"https:\/\/floripaquilt.com.br\/2026\/wp-json\/wp\/v2\/users\/29"}],"replies":[{"embeddable":true,"href":"https:\/\/floripaquilt.com.br\/2026\/wp-json\/wp\/v2\/comments?post=11274"}],"version-history":[{"count":5,"href":"https:\/\/floripaquilt.com.br\/2026\/wp-json\/wp\/v2\/pages\/11274\/revisions"}],"predecessor-version":[{"id":11310,"href":"https:\/\/floripaquilt.com.br\/2026\/wp-json\/wp\/v2\/pages\/11274\/revisions\/11310"}],"wp:attachment":[{"href":"https:\/\/floripaquilt.com.br\/2026\/wp-json\/wp\/v2\/media?parent=11274"}],"curies":[{"name":"wp","href":"https:\/\/api.w.org\/{rel}","templated":true}]}}