{"id":11262,"date":"2025-09-03T11:38:34","date_gmt":"2025-09-03T14:38:34","guid":{"rendered":"https:\/\/floripaquilt.com.br\/2026\/?page_id=11262"},"modified":"2026-04-18T18:36:08","modified_gmt":"2026-04-18T21:36:08","slug":"exposicoes-paralelas","status":"publish","type":"page","link":"https:\/\/floripaquilt.com.br\/2026\/exposicoes-paralelas\/","title":{"rendered":"EXPOSI\u00c7\u00d5ES PARALELAS"},"content":{"rendered":"<div class=\"gtranslate_wrapper\" id=\"gt-wrapper-32668864\"><\/div>\n\n\n\n<p><\/p>\n\n\n\n<p class=\"has-cod-gray-color has-text-color has-link-color wp-elements-b4685d296506da699858fdb6077b5307\"><strong>Arte, tradi\u00e7\u00e3o e inova\u00e7\u00e3o lado a lado<\/strong><\/p>\n\n\n\n<p class=\"has-black-color has-text-color has-link-color wp-elements-1739a117afa43297a34546b7ef2be6ac\">O <strong>Floripa Quilt \u2013 Festival de Patchwork, Arte T\u00eaxtil &amp; Boneca de Pano<\/strong> vai muito al\u00e9m de uma feira ou mostra de produtos. \u00c9 um espa\u00e7o vivo de <strong>Viv\u00eancias Criativas<\/strong>, onde a arte t\u00eaxtil se encontra com cultura, hist\u00f3ria e experimenta\u00e7\u00e3o.<\/p>\n\n\n\n<p class=\"has-black-color has-text-color has-link-color wp-elements-efd1e40ab2f7879a56235cabd2a643be\"><strong>Al\u00e9m de concursos, cursos, oficinas, rodas de conversa e exposi\u00e7\u00f5es tradicionais no pavilh\u00e3o do evento, o festival promove tamb\u00e9m Exposi\u00e7\u00f5es Paralelas Especiais \u2014 mostras que saem do espa\u00e7o expositivo principal e ocupam diferentes pontos da cidade, oferecendo experi\u00eancias \u00fanicas que aproximam o p\u00fablico da for\u00e7a po\u00e9tica do patchwork e da arte t\u00eaxtil contempor\u00e2nea.<\/strong><\/p>\n\n\n\n<p class=\"has-black-color has-text-color has-link-color wp-elements-adecb9b4373e5ed12770c7fde3cba15d\">Em 2025, dois editais j\u00e1 lan\u00e7aram convites para mostras de destaque:<\/p>\n\n\n\n<p class=\"has-cod-gray-color has-text-color has-link-color wp-elements-68bac2319da93174f468dab91bc9d2ca\"><strong><u>Exposi\u00e7\u00e3o \u201cLas Balconadas \u2013 Paz no Mundo\u201d<\/u><\/strong><\/p>\n\n\n\n<p class=\"has-black-color has-text-color has-link-color wp-elements-9033401bbfb03a4c060ac54a2bdb27f5\"><strong>Mostra Internacional de Arte T\u00eaxtil em Grande Formato<\/strong><br>Inspirada no costume de <strong>pendurar obras em sacadas, fachadas e \u00e1rvores<\/strong>, esta exposi\u00e7\u00e3o transforma a cidade em galeria a c\u00e9u aberto.<\/p>\n\n\n\n<ul class=\"wp-block-list\">\n<li class=\"has-black-color has-text-color has-link-color wp-elements-ebb62a0dc0fc2d13752d1decc8f681f2\"><strong>Tema: \u201cPaz no Mundo\u201d<\/strong> \u2014 um convite \u00e0 reflex\u00e3o e ao di\u00e1logo entre culturas por meio da arte.<\/li>\n\n\n\n<li class=\"has-text-color has-link-color wp-elements-8493e9a0f5e0c05c9cc2b4f306ef2a7e\" style=\"color:#760d66\"><a href=\"https:\/\/floripaquilt.com.br\/2026\/b\/\" target=\"_blank\" rel=\"noreferrer noopener\"><strong>CLIQUE AQUI <\/strong>e acesse o Edital de Convite <\/a><\/li>\n\n\n\n<li class=\"has-black-color has-text-color has-link-color wp-elements-0bca55ba7568323c9b18a6880a3d319f\"><strong>Quando e onde?<\/strong> As obras ocupar\u00e3o espa\u00e7os ao ar livre <strong>durante o 13\u00ba Floripa Quilt, de 22 a 25 de abril de 2026.<\/strong><\/li>\n<\/ul>\n\n\n\n<p class=\"has-black-color has-text-color has-link-color wp-elements-4c67d5a30fdf67c6d02ffadd0bfc122f\"><strong><u>Exposi\u00e7\u00e3o \u201cNavegando com o Cortejo\u201d<\/u><\/strong><\/p>\n\n\n\n<p class=\"has-black-color has-text-color has-link-color wp-elements-98cc98b5877787f8ca97d90cb1258834\"><strong>Mostra Nacional Itinerante de Quilt em Pequeno Formato<\/strong><br>Inspirada na devo\u00e7\u00e3o a <strong>Nossa Senhora dos Navegantes<\/strong> e em sua rela\u00e7\u00e3o com o mar, esta mostra celebra o quilt como express\u00e3o cultural e po\u00e9tica brasileira.<\/p>\n\n\n\n<ul class=\"wp-block-list\">\n<li class=\"has-black-color has-text-color has-link-color wp-elements-44317a625a3d76b55872aec9f7ea9f71\"><strong>Quando e onde?<\/strong> Centro Integrado de Cultura (Avenida Gov. Irineu Bornhausen, 5600 &#8211; Agron\u00f4mica &#8211; Florian\u00f3polis\/SC) de 16\/04 a 31\/05\/2026, diariamente das 10 \u00e0s 21 horas.<\/li>\n\n\n\n<li class=\"has-black-color has-text-color has-link-color wp-elements-3b68d1a0cf118823263c470a3e2c52dc\"><strong>Acesso:<\/strong> <strong>Entrada gratuita<\/strong> para todos os p\u00fablicos.<\/li>\n<\/ul>\n\n\n\n<p class=\"has-black-color has-text-color has-link-color wp-elements-5e5d37dd25f4d774c9a898456970c375\"><strong>Viva o festival al\u00e9m das paredes!<\/strong><br><br>As exposi\u00e7\u00f5es paralelas ampliam a experi\u00eancia do <strong>Floripa Quilt<\/strong>, conectando tradi\u00e7\u00e3o e inova\u00e7\u00e3o, arte e cidade, p\u00fablico e artistas do Brasil e do mundo.<\/p>\n\n\n\n<p class=\"has-black-color has-text-color has-link-color wp-elements-3bbf7eaabc85a57c4fc7c18452eccac0\"><strong>Quer saber mais?<\/strong><\/p>\n\n\n\n<p class=\"has-black-color has-text-color has-link-color wp-elements-607f3e9484243171f3e5c2693a340e03\">Entre em contato diretamente pelo <strong>WhatsApp do evento<\/strong> \u2014 o \u00edcone est\u00e1 no canto inferior direito da p\u00e1gina.<\/p>\n","protected":false},"excerpt":{"rendered":"<p>Arte, tradi\u00e7\u00e3o e inova\u00e7\u00e3o lado a lado O Floripa Quilt \u2013 Festival de Patchwork, Arte T\u00eaxtil &amp; Boneca de Pano vai muito al\u00e9m de uma feira ou mostra de produtos. \u00c9 um espa\u00e7o vivo de Viv\u00eancias Criativas, onde a arte t\u00eaxtil se encontra com cultura, hist\u00f3ria e experimenta\u00e7\u00e3o. Al\u00e9m de concursos, cursos, oficinas, rodas de conversa e exposi\u00e7\u00f5es tradicionais no pavilh\u00e3o do evento, o festival promove tamb\u00e9m Exposi\u00e7\u00f5es Paralelas Especiais \u2014 mostras que saem do espa\u00e7o expositivo principal e ocupam diferentes pontos da cidade, oferecendo experi\u00eancias \u00fanicas que aproximam o p\u00fablico da for\u00e7a po\u00e9tica do patchwork e da arte t\u00eaxtil contempor\u00e2nea. Em 2025, dois editais j\u00e1 lan\u00e7aram convites para mostras de destaque: Exposi\u00e7\u00e3o \u201cLas Balconadas \u2013 Paz no Mundo\u201d Mostra Internacional de Arte T\u00eaxtil em Grande FormatoInspirada no costume de pendurar obras em sacadas, fachadas e \u00e1rvores, esta exposi\u00e7\u00e3o transforma a cidade em galeria a c\u00e9u aberto. Exposi\u00e7\u00e3o \u201cNavegando com o Cortejo\u201d Mostra Nacional Itinerante de Quilt em Pequeno FormatoInspirada na devo\u00e7\u00e3o a Nossa Senhora dos Navegantes e em sua rela\u00e7\u00e3o com o mar, esta mostra celebra o quilt como express\u00e3o cultural e po\u00e9tica brasileira. Viva o festival al\u00e9m das paredes! As exposi\u00e7\u00f5es paralelas ampliam a experi\u00eancia do Floripa Quilt, conectando tradi\u00e7\u00e3o e inova\u00e7\u00e3o, arte e cidade, p\u00fablico e artistas do Brasil e do mundo. Quer saber mais? Entre em contato diretamente pelo WhatsApp do evento \u2014 o \u00edcone est\u00e1 no canto inferior direito da p\u00e1gina.<\/p>\n","protected":false},"author":29,"featured_media":0,"parent":0,"menu_order":0,"comment_status":"closed","ping_status":"closed","template":"","meta":{"_monsterinsights_skip_tracking":false,"_monsterinsights_sitenote_active":false,"_monsterinsights_sitenote_note":"","_monsterinsights_sitenote_category":0,"_uf_show_specific_survey":0,"_uf_disable_surveys":false,"footnotes":""},"class_list":["post-11262","page","type-page","status-publish","hentry"],"acf":[],"yoast_head":"<!-- This site is optimized with the Yoast SEO plugin v27.4 - https:\/\/yoast.com\/product\/yoast-seo-wordpress\/ -->\n<title>EXPOSI\u00c7\u00d5ES PARALELAS - Floripa Quilt<\/title>\n<meta name=\"robots\" content=\"index, follow, max-snippet:-1, max-image-preview:large, max-video-preview:-1\" \/>\n<link rel=\"canonical\" href=\"https:\/\/floripaquilt.com.br\/2026\/exposicoes-paralelas\/\" \/>\n<meta property=\"og:locale\" content=\"pt_BR\" \/>\n<meta property=\"og:type\" content=\"article\" \/>\n<meta property=\"og:title\" content=\"EXPOSI\u00c7\u00d5ES PARALELAS - Floripa Quilt\" \/>\n<meta property=\"og:description\" content=\"Arte, tradi\u00e7\u00e3o e inova\u00e7\u00e3o lado a lado O Floripa Quilt \u2013 Festival de Patchwork, Arte T\u00eaxtil &amp; Boneca de Pano vai muito al\u00e9m de uma feira ou mostra de produtos. \u00c9 um espa\u00e7o vivo de Viv\u00eancias Criativas, onde a arte t\u00eaxtil se encontra com cultura, hist\u00f3ria e experimenta\u00e7\u00e3o. Al\u00e9m de concursos, cursos, oficinas, rodas de conversa e exposi\u00e7\u00f5es tradicionais no pavilh\u00e3o do evento, o festival promove tamb\u00e9m Exposi\u00e7\u00f5es Paralelas Especiais \u2014 mostras que saem do espa\u00e7o expositivo principal e ocupam diferentes pontos da cidade, oferecendo experi\u00eancias \u00fanicas que aproximam o p\u00fablico da for\u00e7a po\u00e9tica do patchwork e da arte t\u00eaxtil contempor\u00e2nea. Em 2025, dois editais j\u00e1 lan\u00e7aram convites para mostras de destaque: Exposi\u00e7\u00e3o \u201cLas Balconadas \u2013 Paz no Mundo\u201d Mostra Internacional de Arte T\u00eaxtil em Grande FormatoInspirada no costume de pendurar obras em sacadas, fachadas e \u00e1rvores, esta exposi\u00e7\u00e3o transforma a cidade em galeria a c\u00e9u aberto. Exposi\u00e7\u00e3o \u201cNavegando com o Cortejo\u201d Mostra Nacional Itinerante de Quilt em Pequeno FormatoInspirada na devo\u00e7\u00e3o a Nossa Senhora dos Navegantes e em sua rela\u00e7\u00e3o com o mar, esta mostra celebra o quilt como express\u00e3o cultural e po\u00e9tica brasileira. Viva o festival al\u00e9m das paredes! As exposi\u00e7\u00f5es paralelas ampliam a experi\u00eancia do Floripa Quilt, conectando tradi\u00e7\u00e3o e inova\u00e7\u00e3o, arte e cidade, p\u00fablico e artistas do Brasil e do mundo. Quer saber mais? Entre em contato diretamente pelo WhatsApp do evento \u2014 o \u00edcone est\u00e1 no canto inferior direito da p\u00e1gina.\" \/>\n<meta property=\"og:url\" content=\"https:\/\/floripaquilt.com.br\/2026\/exposicoes-paralelas\/\" \/>\n<meta property=\"og:site_name\" content=\"Floripa Quilt\" \/>\n<meta property=\"article:modified_time\" content=\"2026-04-18T21:36:08+00:00\" \/>\n<meta name=\"twitter:card\" content=\"summary_large_image\" \/>\n<meta name=\"twitter:label1\" content=\"Est. tempo de leitura\" \/>\n\t<meta name=\"twitter:data1\" content=\"2 minutos\" \/>\n<script type=\"application\/ld+json\" class=\"yoast-schema-graph\">{\"@context\":\"https:\\\/\\\/schema.org\",\"@graph\":[{\"@type\":\"WebPage\",\"@id\":\"https:\\\/\\\/floripaquilt.com.br\\\/2026\\\/exposicoes-paralelas\\\/\",\"url\":\"https:\\\/\\\/floripaquilt.com.br\\\/2026\\\/exposicoes-paralelas\\\/\",\"name\":\"EXPOSI\u00c7\u00d5ES PARALELAS - Floripa Quilt\",\"isPartOf\":{\"@id\":\"https:\\\/\\\/floripaquilt.com.br\\\/2026\\\/#website\"},\"datePublished\":\"2025-09-03T14:38:34+00:00\",\"dateModified\":\"2026-04-18T21:36:08+00:00\",\"breadcrumb\":{\"@id\":\"https:\\\/\\\/floripaquilt.com.br\\\/2026\\\/exposicoes-paralelas\\\/#breadcrumb\"},\"inLanguage\":\"pt-BR\",\"potentialAction\":[{\"@type\":\"ReadAction\",\"target\":[\"https:\\\/\\\/floripaquilt.com.br\\\/2026\\\/exposicoes-paralelas\\\/\"]}]},{\"@type\":\"BreadcrumbList\",\"@id\":\"https:\\\/\\\/floripaquilt.com.br\\\/2026\\\/exposicoes-paralelas\\\/#breadcrumb\",\"itemListElement\":[{\"@type\":\"ListItem\",\"position\":1,\"name\":\"In\u00edcio\",\"item\":\"https:\\\/\\\/floripaquilt.com.br\\\/2026\\\/\"},{\"@type\":\"ListItem\",\"position\":2,\"name\":\"EXPOSI\u00c7\u00d5ES PARALELAS\"}]},{\"@type\":\"WebSite\",\"@id\":\"https:\\\/\\\/floripaquilt.com.br\\\/2026\\\/#website\",\"url\":\"https:\\\/\\\/floripaquilt.com.br\\\/2026\\\/\",\"name\":\"Floripa Quilt\",\"description\":\"Floripa Quilt 2026 - 13\u00ba Festival de Patchwork, Arte T\u00eaxtil &amp; Boneca de Pano\",\"publisher\":{\"@id\":\"https:\\\/\\\/floripaquilt.com.br\\\/2026\\\/#organization\"},\"potentialAction\":[{\"@type\":\"SearchAction\",\"target\":{\"@type\":\"EntryPoint\",\"urlTemplate\":\"https:\\\/\\\/floripaquilt.com.br\\\/2026\\\/?s={search_term_string}\"},\"query-input\":{\"@type\":\"PropertyValueSpecification\",\"valueRequired\":true,\"valueName\":\"search_term_string\"}}],\"inLanguage\":\"pt-BR\"},{\"@type\":\"Organization\",\"@id\":\"https:\\\/\\\/floripaquilt.com.br\\\/2026\\\/#organization\",\"name\":\"Floripa Quilt\",\"url\":\"https:\\\/\\\/floripaquilt.com.br\\\/2026\\\/\",\"logo\":{\"@type\":\"ImageObject\",\"inLanguage\":\"pt-BR\",\"@id\":\"https:\\\/\\\/floripaquilt.com.br\\\/2026\\\/#\\\/schema\\\/logo\\\/image\\\/\",\"url\":\"https:\\\/\\\/floripaquilt.com.br\\\/2026\\\/wp-content\\\/uploads\\\/2025\\\/08\\\/Sem-titulo-2-scaled.jpg\",\"contentUrl\":\"https:\\\/\\\/floripaquilt.com.br\\\/2026\\\/wp-content\\\/uploads\\\/2025\\\/08\\\/Sem-titulo-2-scaled.jpg\",\"width\":2560,\"height\":369,\"caption\":\"Floripa Quilt\"},\"image\":{\"@id\":\"https:\\\/\\\/floripaquilt.com.br\\\/2026\\\/#\\\/schema\\\/logo\\\/image\\\/\"}}]}<\/script>\n<!-- \/ Yoast SEO plugin. -->","yoast_head_json":{"title":"EXPOSI\u00c7\u00d5ES PARALELAS - Floripa Quilt","robots":{"index":"index","follow":"follow","max-snippet":"max-snippet:-1","max-image-preview":"max-image-preview:large","max-video-preview":"max-video-preview:-1"},"canonical":"https:\/\/floripaquilt.com.br\/2026\/exposicoes-paralelas\/","og_locale":"pt_BR","og_type":"article","og_title":"EXPOSI\u00c7\u00d5ES PARALELAS - Floripa Quilt","og_description":"Arte, tradi\u00e7\u00e3o e inova\u00e7\u00e3o lado a lado O Floripa Quilt \u2013 Festival de Patchwork, Arte T\u00eaxtil &amp; Boneca de Pano vai muito al\u00e9m de uma feira ou mostra de produtos. \u00c9 um espa\u00e7o vivo de Viv\u00eancias Criativas, onde a arte t\u00eaxtil se encontra com cultura, hist\u00f3ria e experimenta\u00e7\u00e3o. Al\u00e9m de concursos, cursos, oficinas, rodas de conversa e exposi\u00e7\u00f5es tradicionais no pavilh\u00e3o do evento, o festival promove tamb\u00e9m Exposi\u00e7\u00f5es Paralelas Especiais \u2014 mostras que saem do espa\u00e7o expositivo principal e ocupam diferentes pontos da cidade, oferecendo experi\u00eancias \u00fanicas que aproximam o p\u00fablico da for\u00e7a po\u00e9tica do patchwork e da arte t\u00eaxtil contempor\u00e2nea. Em 2025, dois editais j\u00e1 lan\u00e7aram convites para mostras de destaque: Exposi\u00e7\u00e3o \u201cLas Balconadas \u2013 Paz no Mundo\u201d Mostra Internacional de Arte T\u00eaxtil em Grande FormatoInspirada no costume de pendurar obras em sacadas, fachadas e \u00e1rvores, esta exposi\u00e7\u00e3o transforma a cidade em galeria a c\u00e9u aberto. Exposi\u00e7\u00e3o \u201cNavegando com o Cortejo\u201d Mostra Nacional Itinerante de Quilt em Pequeno FormatoInspirada na devo\u00e7\u00e3o a Nossa Senhora dos Navegantes e em sua rela\u00e7\u00e3o com o mar, esta mostra celebra o quilt como express\u00e3o cultural e po\u00e9tica brasileira. Viva o festival al\u00e9m das paredes! As exposi\u00e7\u00f5es paralelas ampliam a experi\u00eancia do Floripa Quilt, conectando tradi\u00e7\u00e3o e inova\u00e7\u00e3o, arte e cidade, p\u00fablico e artistas do Brasil e do mundo. Quer saber mais? Entre em contato diretamente pelo WhatsApp do evento \u2014 o \u00edcone est\u00e1 no canto inferior direito da p\u00e1gina.","og_url":"https:\/\/floripaquilt.com.br\/2026\/exposicoes-paralelas\/","og_site_name":"Floripa Quilt","article_modified_time":"2026-04-18T21:36:08+00:00","twitter_card":"summary_large_image","twitter_misc":{"Est. tempo de leitura":"2 minutos"},"schema":{"@context":"https:\/\/schema.org","@graph":[{"@type":"WebPage","@id":"https:\/\/floripaquilt.com.br\/2026\/exposicoes-paralelas\/","url":"https:\/\/floripaquilt.com.br\/2026\/exposicoes-paralelas\/","name":"EXPOSI\u00c7\u00d5ES PARALELAS - Floripa Quilt","isPartOf":{"@id":"https:\/\/floripaquilt.com.br\/2026\/#website"},"datePublished":"2025-09-03T14:38:34+00:00","dateModified":"2026-04-18T21:36:08+00:00","breadcrumb":{"@id":"https:\/\/floripaquilt.com.br\/2026\/exposicoes-paralelas\/#breadcrumb"},"inLanguage":"pt-BR","potentialAction":[{"@type":"ReadAction","target":["https:\/\/floripaquilt.com.br\/2026\/exposicoes-paralelas\/"]}]},{"@type":"BreadcrumbList","@id":"https:\/\/floripaquilt.com.br\/2026\/exposicoes-paralelas\/#breadcrumb","itemListElement":[{"@type":"ListItem","position":1,"name":"In\u00edcio","item":"https:\/\/floripaquilt.com.br\/2026\/"},{"@type":"ListItem","position":2,"name":"EXPOSI\u00c7\u00d5ES PARALELAS"}]},{"@type":"WebSite","@id":"https:\/\/floripaquilt.com.br\/2026\/#website","url":"https:\/\/floripaquilt.com.br\/2026\/","name":"Floripa Quilt","description":"Floripa Quilt 2026 - 13\u00ba Festival de Patchwork, Arte T\u00eaxtil &amp; Boneca de Pano","publisher":{"@id":"https:\/\/floripaquilt.com.br\/2026\/#organization"},"potentialAction":[{"@type":"SearchAction","target":{"@type":"EntryPoint","urlTemplate":"https:\/\/floripaquilt.com.br\/2026\/?s={search_term_string}"},"query-input":{"@type":"PropertyValueSpecification","valueRequired":true,"valueName":"search_term_string"}}],"inLanguage":"pt-BR"},{"@type":"Organization","@id":"https:\/\/floripaquilt.com.br\/2026\/#organization","name":"Floripa Quilt","url":"https:\/\/floripaquilt.com.br\/2026\/","logo":{"@type":"ImageObject","inLanguage":"pt-BR","@id":"https:\/\/floripaquilt.com.br\/2026\/#\/schema\/logo\/image\/","url":"https:\/\/floripaquilt.com.br\/2026\/wp-content\/uploads\/2025\/08\/Sem-titulo-2-scaled.jpg","contentUrl":"https:\/\/floripaquilt.com.br\/2026\/wp-content\/uploads\/2025\/08\/Sem-titulo-2-scaled.jpg","width":2560,"height":369,"caption":"Floripa Quilt"},"image":{"@id":"https:\/\/floripaquilt.com.br\/2026\/#\/schema\/logo\/image\/"}}]}},"jetpack_sharing_enabled":true,"_links":{"self":[{"href":"https:\/\/floripaquilt.com.br\/2026\/wp-json\/wp\/v2\/pages\/11262","targetHints":{"allow":["GET"]}}],"collection":[{"href":"https:\/\/floripaquilt.com.br\/2026\/wp-json\/wp\/v2\/pages"}],"about":[{"href":"https:\/\/floripaquilt.com.br\/2026\/wp-json\/wp\/v2\/types\/page"}],"author":[{"embeddable":true,"href":"https:\/\/floripaquilt.com.br\/2026\/wp-json\/wp\/v2\/users\/29"}],"replies":[{"embeddable":true,"href":"https:\/\/floripaquilt.com.br\/2026\/wp-json\/wp\/v2\/comments?post=11262"}],"version-history":[{"count":12,"href":"https:\/\/floripaquilt.com.br\/2026\/wp-json\/wp\/v2\/pages\/11262\/revisions"}],"predecessor-version":[{"id":12233,"href":"https:\/\/floripaquilt.com.br\/2026\/wp-json\/wp\/v2\/pages\/11262\/revisions\/12233"}],"wp:attachment":[{"href":"https:\/\/floripaquilt.com.br\/2026\/wp-json\/wp\/v2\/media?parent=11262"}],"curies":[{"name":"wp","href":"https:\/\/api.w.org\/{rel}","templated":true}]}}