{"id":11185,"date":"2025-08-31T11:58:26","date_gmt":"2025-08-31T14:58:26","guid":{"rendered":"https:\/\/floripaquilt.com.br\/2026\/?page_id=11185"},"modified":"2026-04-18T17:51:52","modified_gmt":"2026-04-18T20:51:52","slug":"juntos-no-floripa-quilt","status":"publish","type":"page","link":"https:\/\/floripaquilt.com.br\/2026\/juntos-no-floripa-quilt\/","title":{"rendered":"CARAVANAS &#8211; JUNTOS NO FLORIPA QUILT"},"content":{"rendered":"<div class=\"gtranslate_wrapper\" id=\"gt-wrapper-54429407\"><\/div>\n\n\n\n<p><\/p>\n\n\n\n<p class=\"has-black-color has-text-color has-link-color wp-elements-eac5080462bde5ffd4bfe11cf7de71b7\"><strong>Caravanas Floripa Quilt \u2013 sua viagem ao universo do feito \u00e0 m\u00e3o<\/strong><\/p>\n\n\n\n<p class=\"has-black-color has-text-color has-link-color wp-elements-71b0280c3f363e878be94aaaf5fa4495\">O Floripa Quilt \u00e9 muito mais do que uma feira: \u00e9 um encontro inesquec\u00edvel para quem ama patchwork, quilt, arte t\u00eaxtil, bonecas de pano e todo o universo criativo do feito \u00e0 m\u00e3o. Uma verdadeira experi\u00eancia, com expositores do Brasil e de outros pa\u00edses, al\u00e9m de cursos e oficinas com professores renomados, concursos, mostras, rodas de conversa e uma programa\u00e7\u00e3o repleta de inspira\u00e7\u00e3o e aprendizado.<\/p>\n\n\n\n<p class=\"has-black-color has-text-color has-link-color wp-elements-340a2e895957190a3f705b8fc4294869\">Participar em caravana \u00e9 a melhor forma de viver tudo isso em grupo: compartilhar momentos, trocar experi\u00eancias, fortalecer amizades e mergulhar ainda mais nesse mundo encantador.<\/p>\n\n\n\n<p class=\"has-black-color has-text-color has-link-color wp-elements-6d08bb857928d94b79e1e6588b43598a\"><strong>Vantagens exclusivas para caravanas<\/strong><\/p>\n\n\n\n<ul class=\"wp-block-list\">\n<li class=\"has-black-color has-text-color has-link-color wp-elements-056e9550781d17a72274a3d95262ca4f\">Grupos a partir de 10 pessoas j\u00e1 garantem a caravana confirmada.<\/li>\n\n\n\n<li class=\"has-black-color has-text-color has-link-color wp-elements-243fc71fc75cd89eeacbd8912ed549fd\">Inscri\u00e7\u00f5es feitas at\u00e9 21\/04\/2026 t\u00eam gratuidade + brindes especiais.<\/li>\n\n\n\n<li class=\"has-black-color has-text-color has-link-color wp-elements-42cc126b1aa41ab1b465b7fc8eb0b6f1\">Retirada dos brindes em guich\u00ea exclusivo (somente pelo respons\u00e1vel da caravana).<\/li>\n\n\n\n<li class=\"has-black-color has-text-color has-link-color wp-elements-b9345d32459894d7f3b8327253418a7c\">Kit especial preparado para as organizadoras.<\/li>\n\n\n\n<li class=\"has-black-color has-text-color has-link-color wp-elements-d91704a6d57c64e8533fd9d072632dd3\">A cada 10 participantes inscritos, 1 brinde extra para sorteio entre o grupo.<\/li>\n\n\n\n<li class=\"has-black-color has-text-color has-link-color wp-elements-047782d5acaee15a71b0103b4e95a8e1\">At\u00e9 o motorista recebe um mimo da organiza\u00e7\u00e3o.<\/li>\n<\/ul>\n\n\n\n<p class=\"has-black-color has-text-color has-link-color wp-elements-9b0bcb926fb90045b3aee992bf417b3a\"><strong>Como participar<\/strong><\/p>\n\n\n\n<p class=\"has-black-color has-text-color has-link-color wp-elements-31fd7ee8747b5122d7a9671cb180bc08\">\u00c9 simples: o respons\u00e1vel pela caravana s\u00f3 precisa acessar o link abaixo e preencher o formul\u00e1rio de inscri\u00e7\u00e3o. Assim que o envio for confirmado, o grupo j\u00e1 estar\u00e1 registrado e com os brindes reservados para retirada nos dias do evento.<\/p>\n\n\n\n<p class=\"has-text-color has-link-color has-medium-font-size wp-elements-7d0c91431403400c3e545e15fe196151\" style=\"color:#760d66\"><strong><a href=\"https:\/\/docs.google.com\/forms\/d\/e\/1FAIpQLSeyIqLNc0InnUZf7A93Azdl9l9-zDOn3kAoONMN0GmEvVwWDg\/viewform?usp=sharing&amp;ouid=107749134692687244631\" target=\"_blank\" rel=\"noreferrer noopener\">CLIQUE AQUI E PREENCHA O FORMUL\u00c1RIO DE INSCRI\u00c7\u00c3O<\/a><\/strong><\/p>\n\n\n\n<p class=\"has-black-color has-text-color has-link-color wp-elements-2f5d479bbc8c2800df27dceee97bd82c\">Monte sua caravana, garanta todos os benef\u00edcios e venha viver essa celebra\u00e7\u00e3o conosco!<\/p>\n\n\n\n<p class=\"has-black-color has-text-color has-link-color has-medium-font-size wp-elements-6b638bf587db4577739edb705d636dcf\">TODOS OS VE\u00cdCULOS DE TURISMO QUE CIRCULAM EM FLORIAN\u00d3POLIS, ESPECIALMENTE OS PROVENIENTES DE OUTROS MUNIC\u00cdPIOS, DEVEM POSSUIR O SELO TURISMO.<\/p>\n\n\n\n<p class=\"has-text-color has-link-color has-medium-font-size wp-elements-5944b34f4bf998da1c445b66f38b4d2b\" style=\"color:#760d66\"><strong><a href=\"https:\/\/floripaquilt.com.br\/2026\/selo-turismo\/\" target=\"_blank\" rel=\"noreferrer noopener\">CLIQUE AQUI PARA SABER MAIS SOBRE O SELO TURISMO.<\/a><\/strong><\/p>\n\n\n\n<p class=\"has-text-color has-link-color has-medium-font-size wp-elements-4f4162fb6a593b591ed89b01e5fe478a\" style=\"color:#760d66\"><strong><a href=\"https:\/\/floripaquilt.com.br\/2026\/servicos-aos-visitantes\/\" target=\"_blank\" rel=\"noreferrer noopener\">CLIQUE AQUI PARA SABER MAIS SOBRE OS SERVI\u00c7OS AOS VISITANTES.<\/a><\/strong><\/p>\n\n\n\n<p class=\"has-black-color has-text-color has-link-color wp-elements-a9fc892552e80fde999f0b5ac35b71f1\"><strong>Floripa Quilt \u2013 feito \u00e0 m\u00e3o, feito para voc\u00ea<\/strong><\/p>\n\n\n\n<p><\/p>\n","protected":false},"excerpt":{"rendered":"<p>Caravanas Floripa Quilt \u2013 sua viagem ao universo do feito \u00e0 m\u00e3o O Floripa Quilt \u00e9 muito mais do que uma feira: \u00e9 um encontro inesquec\u00edvel para quem ama patchwork, quilt, arte t\u00eaxtil, bonecas de pano e todo o universo criativo do feito \u00e0 m\u00e3o. Uma verdadeira experi\u00eancia, com expositores do Brasil e de outros pa\u00edses, al\u00e9m de cursos e oficinas com professores renomados, concursos, mostras, rodas de conversa e uma programa\u00e7\u00e3o repleta de inspira\u00e7\u00e3o e aprendizado. Participar em caravana \u00e9 a melhor forma de viver tudo isso em grupo: compartilhar momentos, trocar experi\u00eancias, fortalecer amizades e mergulhar ainda mais nesse mundo encantador. Vantagens exclusivas para caravanas Como participar \u00c9 simples: o respons\u00e1vel pela caravana s\u00f3 precisa acessar o link abaixo e preencher o formul\u00e1rio de inscri\u00e7\u00e3o. Assim que o envio for confirmado, o grupo j\u00e1 estar\u00e1 registrado e com os brindes reservados para retirada nos dias do evento. CLIQUE AQUI E PREENCHA O FORMUL\u00c1RIO DE INSCRI\u00c7\u00c3O Monte sua caravana, garanta todos os benef\u00edcios e venha viver essa celebra\u00e7\u00e3o conosco! TODOS OS VE\u00cdCULOS DE TURISMO QUE CIRCULAM EM FLORIAN\u00d3POLIS, ESPECIALMENTE OS PROVENIENTES DE OUTROS MUNIC\u00cdPIOS, DEVEM POSSUIR O SELO TURISMO. CLIQUE AQUI PARA SABER MAIS SOBRE O SELO TURISMO. CLIQUE AQUI PARA SABER MAIS SOBRE OS SERVI\u00c7OS AOS VISITANTES. Floripa Quilt \u2013 feito \u00e0 m\u00e3o, feito para voc\u00ea<\/p>\n","protected":false},"author":29,"featured_media":0,"parent":0,"menu_order":0,"comment_status":"closed","ping_status":"closed","template":"","meta":{"_monsterinsights_skip_tracking":false,"_monsterinsights_sitenote_active":false,"_monsterinsights_sitenote_note":"","_monsterinsights_sitenote_category":0,"_uf_show_specific_survey":0,"_uf_disable_surveys":false,"footnotes":""},"class_list":["post-11185","page","type-page","status-publish","hentry"],"acf":[],"yoast_head":"<!-- This site is optimized with the Yoast SEO plugin v27.4 - https:\/\/yoast.com\/product\/yoast-seo-wordpress\/ -->\n<title>CARAVANAS - JUNTOS NO FLORIPA QUILT - Floripa Quilt<\/title>\n<meta name=\"robots\" content=\"index, follow, max-snippet:-1, max-image-preview:large, max-video-preview:-1\" \/>\n<link rel=\"canonical\" href=\"https:\/\/floripaquilt.com.br\/2026\/juntos-no-floripa-quilt\/\" \/>\n<meta property=\"og:locale\" content=\"pt_BR\" \/>\n<meta property=\"og:type\" content=\"article\" \/>\n<meta property=\"og:title\" content=\"CARAVANAS - JUNTOS NO FLORIPA QUILT - Floripa Quilt\" \/>\n<meta property=\"og:description\" content=\"Caravanas Floripa Quilt \u2013 sua viagem ao universo do feito \u00e0 m\u00e3o O Floripa Quilt \u00e9 muito mais do que uma feira: \u00e9 um encontro inesquec\u00edvel para quem ama patchwork, quilt, arte t\u00eaxtil, bonecas de pano e todo o universo criativo do feito \u00e0 m\u00e3o. Uma verdadeira experi\u00eancia, com expositores do Brasil e de outros pa\u00edses, al\u00e9m de cursos e oficinas com professores renomados, concursos, mostras, rodas de conversa e uma programa\u00e7\u00e3o repleta de inspira\u00e7\u00e3o e aprendizado. Participar em caravana \u00e9 a melhor forma de viver tudo isso em grupo: compartilhar momentos, trocar experi\u00eancias, fortalecer amizades e mergulhar ainda mais nesse mundo encantador. Vantagens exclusivas para caravanas Como participar \u00c9 simples: o respons\u00e1vel pela caravana s\u00f3 precisa acessar o link abaixo e preencher o formul\u00e1rio de inscri\u00e7\u00e3o. Assim que o envio for confirmado, o grupo j\u00e1 estar\u00e1 registrado e com os brindes reservados para retirada nos dias do evento. CLIQUE AQUI E PREENCHA O FORMUL\u00c1RIO DE INSCRI\u00c7\u00c3O Monte sua caravana, garanta todos os benef\u00edcios e venha viver essa celebra\u00e7\u00e3o conosco! TODOS OS VE\u00cdCULOS DE TURISMO QUE CIRCULAM EM FLORIAN\u00d3POLIS, ESPECIALMENTE OS PROVENIENTES DE OUTROS MUNIC\u00cdPIOS, DEVEM POSSUIR O SELO TURISMO. CLIQUE AQUI PARA SABER MAIS SOBRE O SELO TURISMO. CLIQUE AQUI PARA SABER MAIS SOBRE OS SERVI\u00c7OS AOS VISITANTES. Floripa Quilt \u2013 feito \u00e0 m\u00e3o, feito para voc\u00ea\" \/>\n<meta property=\"og:url\" content=\"https:\/\/floripaquilt.com.br\/2026\/juntos-no-floripa-quilt\/\" \/>\n<meta property=\"og:site_name\" content=\"Floripa Quilt\" \/>\n<meta property=\"article:modified_time\" content=\"2026-04-18T20:51:52+00:00\" \/>\n<meta name=\"twitter:card\" content=\"summary_large_image\" \/>\n<meta name=\"twitter:label1\" content=\"Est. tempo de leitura\" \/>\n\t<meta name=\"twitter:data1\" content=\"2 minutos\" \/>\n<script type=\"application\/ld+json\" class=\"yoast-schema-graph\">{\"@context\":\"https:\\\/\\\/schema.org\",\"@graph\":[{\"@type\":\"WebPage\",\"@id\":\"https:\\\/\\\/floripaquilt.com.br\\\/2026\\\/juntos-no-floripa-quilt\\\/\",\"url\":\"https:\\\/\\\/floripaquilt.com.br\\\/2026\\\/juntos-no-floripa-quilt\\\/\",\"name\":\"CARAVANAS - JUNTOS NO FLORIPA QUILT - Floripa Quilt\",\"isPartOf\":{\"@id\":\"https:\\\/\\\/floripaquilt.com.br\\\/2026\\\/#website\"},\"datePublished\":\"2025-08-31T14:58:26+00:00\",\"dateModified\":\"2026-04-18T20:51:52+00:00\",\"breadcrumb\":{\"@id\":\"https:\\\/\\\/floripaquilt.com.br\\\/2026\\\/juntos-no-floripa-quilt\\\/#breadcrumb\"},\"inLanguage\":\"pt-BR\",\"potentialAction\":[{\"@type\":\"ReadAction\",\"target\":[\"https:\\\/\\\/floripaquilt.com.br\\\/2026\\\/juntos-no-floripa-quilt\\\/\"]}]},{\"@type\":\"BreadcrumbList\",\"@id\":\"https:\\\/\\\/floripaquilt.com.br\\\/2026\\\/juntos-no-floripa-quilt\\\/#breadcrumb\",\"itemListElement\":[{\"@type\":\"ListItem\",\"position\":1,\"name\":\"In\u00edcio\",\"item\":\"https:\\\/\\\/floripaquilt.com.br\\\/2026\\\/\"},{\"@type\":\"ListItem\",\"position\":2,\"name\":\"CARAVANAS &#8211; JUNTOS NO FLORIPA QUILT\"}]},{\"@type\":\"WebSite\",\"@id\":\"https:\\\/\\\/floripaquilt.com.br\\\/2026\\\/#website\",\"url\":\"https:\\\/\\\/floripaquilt.com.br\\\/2026\\\/\",\"name\":\"Floripa Quilt\",\"description\":\"Floripa Quilt 2026 - 13\u00ba Festival de Patchwork, Arte T\u00eaxtil &amp; Boneca de Pano\",\"publisher\":{\"@id\":\"https:\\\/\\\/floripaquilt.com.br\\\/2026\\\/#organization\"},\"potentialAction\":[{\"@type\":\"SearchAction\",\"target\":{\"@type\":\"EntryPoint\",\"urlTemplate\":\"https:\\\/\\\/floripaquilt.com.br\\\/2026\\\/?s={search_term_string}\"},\"query-input\":{\"@type\":\"PropertyValueSpecification\",\"valueRequired\":true,\"valueName\":\"search_term_string\"}}],\"inLanguage\":\"pt-BR\"},{\"@type\":\"Organization\",\"@id\":\"https:\\\/\\\/floripaquilt.com.br\\\/2026\\\/#organization\",\"name\":\"Floripa Quilt\",\"url\":\"https:\\\/\\\/floripaquilt.com.br\\\/2026\\\/\",\"logo\":{\"@type\":\"ImageObject\",\"inLanguage\":\"pt-BR\",\"@id\":\"https:\\\/\\\/floripaquilt.com.br\\\/2026\\\/#\\\/schema\\\/logo\\\/image\\\/\",\"url\":\"https:\\\/\\\/floripaquilt.com.br\\\/2026\\\/wp-content\\\/uploads\\\/2025\\\/08\\\/Sem-titulo-2-scaled.jpg\",\"contentUrl\":\"https:\\\/\\\/floripaquilt.com.br\\\/2026\\\/wp-content\\\/uploads\\\/2025\\\/08\\\/Sem-titulo-2-scaled.jpg\",\"width\":2560,\"height\":369,\"caption\":\"Floripa Quilt\"},\"image\":{\"@id\":\"https:\\\/\\\/floripaquilt.com.br\\\/2026\\\/#\\\/schema\\\/logo\\\/image\\\/\"}}]}<\/script>\n<!-- \/ Yoast SEO plugin. -->","yoast_head_json":{"title":"CARAVANAS - JUNTOS NO FLORIPA QUILT - Floripa Quilt","robots":{"index":"index","follow":"follow","max-snippet":"max-snippet:-1","max-image-preview":"max-image-preview:large","max-video-preview":"max-video-preview:-1"},"canonical":"https:\/\/floripaquilt.com.br\/2026\/juntos-no-floripa-quilt\/","og_locale":"pt_BR","og_type":"article","og_title":"CARAVANAS - JUNTOS NO FLORIPA QUILT - Floripa Quilt","og_description":"Caravanas Floripa Quilt \u2013 sua viagem ao universo do feito \u00e0 m\u00e3o O Floripa Quilt \u00e9 muito mais do que uma feira: \u00e9 um encontro inesquec\u00edvel para quem ama patchwork, quilt, arte t\u00eaxtil, bonecas de pano e todo o universo criativo do feito \u00e0 m\u00e3o. Uma verdadeira experi\u00eancia, com expositores do Brasil e de outros pa\u00edses, al\u00e9m de cursos e oficinas com professores renomados, concursos, mostras, rodas de conversa e uma programa\u00e7\u00e3o repleta de inspira\u00e7\u00e3o e aprendizado. Participar em caravana \u00e9 a melhor forma de viver tudo isso em grupo: compartilhar momentos, trocar experi\u00eancias, fortalecer amizades e mergulhar ainda mais nesse mundo encantador. Vantagens exclusivas para caravanas Como participar \u00c9 simples: o respons\u00e1vel pela caravana s\u00f3 precisa acessar o link abaixo e preencher o formul\u00e1rio de inscri\u00e7\u00e3o. Assim que o envio for confirmado, o grupo j\u00e1 estar\u00e1 registrado e com os brindes reservados para retirada nos dias do evento. CLIQUE AQUI E PREENCHA O FORMUL\u00c1RIO DE INSCRI\u00c7\u00c3O Monte sua caravana, garanta todos os benef\u00edcios e venha viver essa celebra\u00e7\u00e3o conosco! TODOS OS VE\u00cdCULOS DE TURISMO QUE CIRCULAM EM FLORIAN\u00d3POLIS, ESPECIALMENTE OS PROVENIENTES DE OUTROS MUNIC\u00cdPIOS, DEVEM POSSUIR O SELO TURISMO. CLIQUE AQUI PARA SABER MAIS SOBRE O SELO TURISMO. CLIQUE AQUI PARA SABER MAIS SOBRE OS SERVI\u00c7OS AOS VISITANTES. Floripa Quilt \u2013 feito \u00e0 m\u00e3o, feito para voc\u00ea","og_url":"https:\/\/floripaquilt.com.br\/2026\/juntos-no-floripa-quilt\/","og_site_name":"Floripa Quilt","article_modified_time":"2026-04-18T20:51:52+00:00","twitter_card":"summary_large_image","twitter_misc":{"Est. tempo de leitura":"2 minutos"},"schema":{"@context":"https:\/\/schema.org","@graph":[{"@type":"WebPage","@id":"https:\/\/floripaquilt.com.br\/2026\/juntos-no-floripa-quilt\/","url":"https:\/\/floripaquilt.com.br\/2026\/juntos-no-floripa-quilt\/","name":"CARAVANAS - JUNTOS NO FLORIPA QUILT - Floripa Quilt","isPartOf":{"@id":"https:\/\/floripaquilt.com.br\/2026\/#website"},"datePublished":"2025-08-31T14:58:26+00:00","dateModified":"2026-04-18T20:51:52+00:00","breadcrumb":{"@id":"https:\/\/floripaquilt.com.br\/2026\/juntos-no-floripa-quilt\/#breadcrumb"},"inLanguage":"pt-BR","potentialAction":[{"@type":"ReadAction","target":["https:\/\/floripaquilt.com.br\/2026\/juntos-no-floripa-quilt\/"]}]},{"@type":"BreadcrumbList","@id":"https:\/\/floripaquilt.com.br\/2026\/juntos-no-floripa-quilt\/#breadcrumb","itemListElement":[{"@type":"ListItem","position":1,"name":"In\u00edcio","item":"https:\/\/floripaquilt.com.br\/2026\/"},{"@type":"ListItem","position":2,"name":"CARAVANAS &#8211; JUNTOS NO FLORIPA QUILT"}]},{"@type":"WebSite","@id":"https:\/\/floripaquilt.com.br\/2026\/#website","url":"https:\/\/floripaquilt.com.br\/2026\/","name":"Floripa Quilt","description":"Floripa Quilt 2026 - 13\u00ba Festival de Patchwork, Arte T\u00eaxtil &amp; Boneca de Pano","publisher":{"@id":"https:\/\/floripaquilt.com.br\/2026\/#organization"},"potentialAction":[{"@type":"SearchAction","target":{"@type":"EntryPoint","urlTemplate":"https:\/\/floripaquilt.com.br\/2026\/?s={search_term_string}"},"query-input":{"@type":"PropertyValueSpecification","valueRequired":true,"valueName":"search_term_string"}}],"inLanguage":"pt-BR"},{"@type":"Organization","@id":"https:\/\/floripaquilt.com.br\/2026\/#organization","name":"Floripa Quilt","url":"https:\/\/floripaquilt.com.br\/2026\/","logo":{"@type":"ImageObject","inLanguage":"pt-BR","@id":"https:\/\/floripaquilt.com.br\/2026\/#\/schema\/logo\/image\/","url":"https:\/\/floripaquilt.com.br\/2026\/wp-content\/uploads\/2025\/08\/Sem-titulo-2-scaled.jpg","contentUrl":"https:\/\/floripaquilt.com.br\/2026\/wp-content\/uploads\/2025\/08\/Sem-titulo-2-scaled.jpg","width":2560,"height":369,"caption":"Floripa Quilt"},"image":{"@id":"https:\/\/floripaquilt.com.br\/2026\/#\/schema\/logo\/image\/"}}]}},"jetpack_sharing_enabled":true,"_links":{"self":[{"href":"https:\/\/floripaquilt.com.br\/2026\/wp-json\/wp\/v2\/pages\/11185","targetHints":{"allow":["GET"]}}],"collection":[{"href":"https:\/\/floripaquilt.com.br\/2026\/wp-json\/wp\/v2\/pages"}],"about":[{"href":"https:\/\/floripaquilt.com.br\/2026\/wp-json\/wp\/v2\/types\/page"}],"author":[{"embeddable":true,"href":"https:\/\/floripaquilt.com.br\/2026\/wp-json\/wp\/v2\/users\/29"}],"replies":[{"embeddable":true,"href":"https:\/\/floripaquilt.com.br\/2026\/wp-json\/wp\/v2\/comments?post=11185"}],"version-history":[{"count":12,"href":"https:\/\/floripaquilt.com.br\/2026\/wp-json\/wp\/v2\/pages\/11185\/revisions"}],"predecessor-version":[{"id":12224,"href":"https:\/\/floripaquilt.com.br\/2026\/wp-json\/wp\/v2\/pages\/11185\/revisions\/12224"}],"wp:attachment":[{"href":"https:\/\/floripaquilt.com.br\/2026\/wp-json\/wp\/v2\/media?parent=11185"}],"curies":[{"name":"wp","href":"https:\/\/api.w.org\/{rel}","templated":true}]}}