{"id":11180,"date":"2025-08-31T11:56:32","date_gmt":"2025-08-31T14:56:32","guid":{"rendered":"https:\/\/floripaquilt.com.br\/2026\/?page_id=11180"},"modified":"2025-08-31T16:37:51","modified_gmt":"2025-08-31T19:37:51","slug":"vivencias-criativas","status":"publish","type":"page","link":"https:\/\/floripaquilt.com.br\/2026\/vivencias-criativas\/","title":{"rendered":"VIV\u00caNCIAS CRIATIVAS"},"content":{"rendered":"<div class=\"gtranslate_wrapper\" id=\"gt-wrapper-42287904\"><\/div>\n\n\n\n<figure class=\"wp-block-gallery has-nested-images columns-default is-cropped wp-block-gallery-1 is-layout-flex wp-block-gallery-is-layout-flex\">\n<figure class=\"wp-block-image size-large\"><img loading=\"lazy\" decoding=\"async\" width=\"683\" height=\"1024\" data-id=\"11255\" src=\"https:\/\/floripaquilt.com.br\/2026\/wp-content\/uploads\/2025\/08\/DSCF2713-683x1024.jpg\" alt=\"\" class=\"wp-image-11255\" srcset=\"https:\/\/floripaquilt.com.br\/2026\/wp-content\/uploads\/2025\/08\/DSCF2713-683x1024.jpg 683w, https:\/\/floripaquilt.com.br\/2026\/wp-content\/uploads\/2025\/08\/DSCF2713-200x300.jpg 200w, https:\/\/floripaquilt.com.br\/2026\/wp-content\/uploads\/2025\/08\/DSCF2713-768x1152.jpg 768w, https:\/\/floripaquilt.com.br\/2026\/wp-content\/uploads\/2025\/08\/DSCF2713-1024x1536.jpg 1024w, https:\/\/floripaquilt.com.br\/2026\/wp-content\/uploads\/2025\/08\/DSCF2713-scaled.jpg 1707w\" sizes=\"auto, (max-width: 683px) 100vw, 683px\" \/><\/figure>\n\n\n\n<figure class=\"wp-block-image size-large\"><img loading=\"lazy\" decoding=\"async\" width=\"1024\" height=\"683\" data-id=\"11228\" src=\"https:\/\/floripaquilt.com.br\/2026\/wp-content\/uploads\/2025\/08\/DSCF6207-1024x683.jpg\" alt=\"\" class=\"wp-image-11228\" srcset=\"https:\/\/floripaquilt.com.br\/2026\/wp-content\/uploads\/2025\/08\/DSCF6207-1024x683.jpg 1024w, https:\/\/floripaquilt.com.br\/2026\/wp-content\/uploads\/2025\/08\/DSCF6207-300x200.jpg 300w, https:\/\/floripaquilt.com.br\/2026\/wp-content\/uploads\/2025\/08\/DSCF6207-768x512.jpg 768w, https:\/\/floripaquilt.com.br\/2026\/wp-content\/uploads\/2025\/08\/DSCF6207-1536x1024.jpg 1536w\" sizes=\"auto, (max-width: 1024px) 100vw, 1024px\" \/><\/figure>\n\n\n\n<figure class=\"wp-block-image size-large\"><img loading=\"lazy\" decoding=\"async\" width=\"1024\" height=\"768\" data-id=\"11253\" src=\"https:\/\/floripaquilt.com.br\/2026\/wp-content\/uploads\/2025\/08\/Imagem-do-WhatsApp-de-2024-04-30-as-17.30.42_bf4ef2a6-1024x768.jpg\" alt=\"\" class=\"wp-image-11253\" srcset=\"https:\/\/floripaquilt.com.br\/2026\/wp-content\/uploads\/2025\/08\/Imagem-do-WhatsApp-de-2024-04-30-as-17.30.42_bf4ef2a6-1024x768.jpg 1024w, https:\/\/floripaquilt.com.br\/2026\/wp-content\/uploads\/2025\/08\/Imagem-do-WhatsApp-de-2024-04-30-as-17.30.42_bf4ef2a6-300x225.jpg 300w, https:\/\/floripaquilt.com.br\/2026\/wp-content\/uploads\/2025\/08\/Imagem-do-WhatsApp-de-2024-04-30-as-17.30.42_bf4ef2a6-768x576.jpg 768w, https:\/\/floripaquilt.com.br\/2026\/wp-content\/uploads\/2025\/08\/Imagem-do-WhatsApp-de-2024-04-30-as-17.30.42_bf4ef2a6-1536x1153.jpg 1536w, https:\/\/floripaquilt.com.br\/2026\/wp-content\/uploads\/2025\/08\/Imagem-do-WhatsApp-de-2024-04-30-as-17.30.42_bf4ef2a6-600x450.jpg 600w, https:\/\/floripaquilt.com.br\/2026\/wp-content\/uploads\/2025\/08\/Imagem-do-WhatsApp-de-2024-04-30-as-17.30.42_bf4ef2a6.jpg 1599w\" sizes=\"auto, (max-width: 1024px) 100vw, 1024px\" \/><\/figure>\n\n\n\n<figure class=\"wp-block-image size-large\"><img loading=\"lazy\" decoding=\"async\" width=\"1024\" height=\"683\" data-id=\"11229\" src=\"https:\/\/floripaquilt.com.br\/2026\/wp-content\/uploads\/2025\/08\/DSCF2280-1024x683.jpg\" alt=\"\" class=\"wp-image-11229\" srcset=\"https:\/\/floripaquilt.com.br\/2026\/wp-content\/uploads\/2025\/08\/DSCF2280-1024x683.jpg 1024w, https:\/\/floripaquilt.com.br\/2026\/wp-content\/uploads\/2025\/08\/DSCF2280-300x200.jpg 300w, https:\/\/floripaquilt.com.br\/2026\/wp-content\/uploads\/2025\/08\/DSCF2280-768x512.jpg 768w, https:\/\/floripaquilt.com.br\/2026\/wp-content\/uploads\/2025\/08\/DSCF2280-1536x1024.jpg 1536w, https:\/\/floripaquilt.com.br\/2026\/wp-content\/uploads\/2025\/08\/DSCF2280-2048x1365.jpg 2048w, https:\/\/floripaquilt.com.br\/2026\/wp-content\/uploads\/2025\/08\/DSCF2280-600x400.jpg 600w\" sizes=\"auto, (max-width: 1024px) 100vw, 1024px\" \/><\/figure>\n\n\n\n<figure class=\"wp-block-image size-large\"><img loading=\"lazy\" decoding=\"async\" width=\"1024\" height=\"683\" data-id=\"11230\" src=\"https:\/\/floripaquilt.com.br\/2026\/wp-content\/uploads\/2025\/08\/DSCF0063-1-1024x683.jpg\" alt=\"\" class=\"wp-image-11230\" srcset=\"https:\/\/floripaquilt.com.br\/2026\/wp-content\/uploads\/2025\/08\/DSCF0063-1-1024x683.jpg 1024w, https:\/\/floripaquilt.com.br\/2026\/wp-content\/uploads\/2025\/08\/DSCF0063-1-300x200.jpg 300w, https:\/\/floripaquilt.com.br\/2026\/wp-content\/uploads\/2025\/08\/DSCF0063-1-768x512.jpg 768w, https:\/\/floripaquilt.com.br\/2026\/wp-content\/uploads\/2025\/08\/DSCF0063-1-1536x1024.jpg 1536w, https:\/\/floripaquilt.com.br\/2026\/wp-content\/uploads\/2025\/08\/DSCF0063-1-2048x1365.jpg 2048w, https:\/\/floripaquilt.com.br\/2026\/wp-content\/uploads\/2025\/08\/DSCF0063-1-600x400.jpg 600w\" sizes=\"auto, (max-width: 1024px) 100vw, 1024px\" \/><\/figure>\n<\/figure>\n\n\n\n<p class=\"has-black-color has-text-color has-link-color wp-elements-d191a19a4a3a849e9ff269e70c000f7c\">Entre os dias 22 e 25 de abril de 2026, o Floripa Quilt ser\u00e1 palco de <strong>viv\u00eancias criativas<\/strong> que v\u00e3o muito al\u00e9m da exposi\u00e7\u00e3o de obras. Cursos e oficinas, aulas demonstrativas gratuitas, palestras e rodas de conversa comp\u00f5em a programa\u00e7\u00e3o formativa, pensada para ampliar conhecimentos, compartilhar experi\u00eancias e promover o aprimoramento t\u00e9cnico e cultural no campo da arte t\u00eaxtil e \u00e1reas afins.<\/p>\n\n\n\n<p class=\"has-black-color has-text-color has-link-color wp-elements-22cf20400d21d508d72f53aac95503c6\">Ser\u00e3o <strong>quatro dias de imers\u00e3o<\/strong> no universo do feito \u00e0 m\u00e3o, com professores, palestrantes e mediadores de excel\u00eancia, em meio \u00e0 energia contagiante dos participantes. Tudo isso em um cen\u00e1rio inspirador: a <strong>encantadora Ilha da Magia, Florian\u00f3polis<\/strong>, onde cultura, criatividade e arte se encontram.<\/p>\n\n\n\n<p class=\"has-black-color has-text-color has-link-color wp-elements-8e90a448f393f00e199c6bd755097534\">O Floripa Quilt \u00e9 planejado em cada detalhe por quem vive e respira a arte t\u00eaxtil, com o prop\u00f3sito de inspirar e celebrar o encontro de pessoas apaixonadas por essa express\u00e3o art\u00edstica.<\/p>\n\n\n\n<p class=\"has-black-color has-text-color has-link-color wp-elements-4aaa24a96224b0c9d4bc6c785a28f293\"><strong>Venha viver essa experi\u00eancia! O Floripa Quilt \u2013 Festival de Patchwork, Arte T\u00eaxtil &amp; Boneca de Pano espera por voc\u00ea.<\/strong><\/p>\n\n\n\n<p><\/p>\n","protected":false},"excerpt":{"rendered":"<p>Entre os dias 22 e 25 de abril de 2026, o Floripa Quilt ser\u00e1 palco de viv\u00eancias criativas que v\u00e3o muito al\u00e9m da exposi\u00e7\u00e3o de obras. Cursos e oficinas, aulas demonstrativas gratuitas, palestras e rodas de conversa comp\u00f5em a programa\u00e7\u00e3o formativa, pensada para ampliar conhecimentos, compartilhar experi\u00eancias e promover o aprimoramento t\u00e9cnico e cultural no campo da arte t\u00eaxtil e \u00e1reas afins. Ser\u00e3o quatro dias de imers\u00e3o no universo do feito \u00e0 m\u00e3o, com professores, palestrantes e mediadores de excel\u00eancia, em meio \u00e0 energia contagiante dos participantes. Tudo isso em um cen\u00e1rio inspirador: a encantadora Ilha da Magia, Florian\u00f3polis, onde cultura, criatividade e arte se encontram. O Floripa Quilt \u00e9 planejado em cada detalhe por quem vive e respira a arte t\u00eaxtil, com o prop\u00f3sito de inspirar e celebrar o encontro de pessoas apaixonadas por essa express\u00e3o art\u00edstica. Venha viver essa experi\u00eancia! O Floripa Quilt \u2013 Festival de Patchwork, Arte T\u00eaxtil &amp; Boneca de Pano espera por voc\u00ea.<\/p>\n","protected":false},"author":29,"featured_media":0,"parent":0,"menu_order":0,"comment_status":"closed","ping_status":"closed","template":"","meta":{"_monsterinsights_skip_tracking":false,"_monsterinsights_sitenote_active":false,"_monsterinsights_sitenote_note":"","_monsterinsights_sitenote_category":0,"_uf_show_specific_survey":0,"_uf_disable_surveys":false,"footnotes":""},"class_list":["post-11180","page","type-page","status-publish","hentry"],"acf":[],"yoast_head":"<!-- This site is optimized with the Yoast SEO plugin v27.4 - https:\/\/yoast.com\/product\/yoast-seo-wordpress\/ -->\n<title>VIV\u00caNCIAS CRIATIVAS - Floripa Quilt<\/title>\n<meta name=\"robots\" content=\"index, follow, max-snippet:-1, max-image-preview:large, max-video-preview:-1\" \/>\n<link rel=\"canonical\" href=\"https:\/\/floripaquilt.com.br\/2026\/vivencias-criativas\/\" \/>\n<meta property=\"og:locale\" content=\"pt_BR\" \/>\n<meta property=\"og:type\" content=\"article\" \/>\n<meta property=\"og:title\" content=\"VIV\u00caNCIAS CRIATIVAS - Floripa Quilt\" \/>\n<meta property=\"og:description\" content=\"Entre os dias 22 e 25 de abril de 2026, o Floripa Quilt ser\u00e1 palco de viv\u00eancias criativas que v\u00e3o muito al\u00e9m da exposi\u00e7\u00e3o de obras. Cursos e oficinas, aulas demonstrativas gratuitas, palestras e rodas de conversa comp\u00f5em a programa\u00e7\u00e3o formativa, pensada para ampliar conhecimentos, compartilhar experi\u00eancias e promover o aprimoramento t\u00e9cnico e cultural no campo da arte t\u00eaxtil e \u00e1reas afins. Ser\u00e3o quatro dias de imers\u00e3o no universo do feito \u00e0 m\u00e3o, com professores, palestrantes e mediadores de excel\u00eancia, em meio \u00e0 energia contagiante dos participantes. Tudo isso em um cen\u00e1rio inspirador: a encantadora Ilha da Magia, Florian\u00f3polis, onde cultura, criatividade e arte se encontram. O Floripa Quilt \u00e9 planejado em cada detalhe por quem vive e respira a arte t\u00eaxtil, com o prop\u00f3sito de inspirar e celebrar o encontro de pessoas apaixonadas por essa express\u00e3o art\u00edstica. Venha viver essa experi\u00eancia! O Floripa Quilt \u2013 Festival de Patchwork, Arte T\u00eaxtil &amp; Boneca de Pano espera por voc\u00ea.\" \/>\n<meta property=\"og:url\" content=\"https:\/\/floripaquilt.com.br\/2026\/vivencias-criativas\/\" \/>\n<meta property=\"og:site_name\" content=\"Floripa Quilt\" \/>\n<meta property=\"article:modified_time\" content=\"2025-08-31T19:37:51+00:00\" \/>\n<meta property=\"og:image\" content=\"https:\/\/floripaquilt.com.br\/2026\/wp-content\/uploads\/2025\/08\/DSCF2713-683x1024.jpg\" \/>\n<meta name=\"twitter:card\" content=\"summary_large_image\" \/>\n<meta name=\"twitter:label1\" content=\"Est. tempo de leitura\" \/>\n\t<meta name=\"twitter:data1\" content=\"2 minutos\" \/>\n<script type=\"application\/ld+json\" class=\"yoast-schema-graph\">{\"@context\":\"https:\\\/\\\/schema.org\",\"@graph\":[{\"@type\":\"WebPage\",\"@id\":\"https:\\\/\\\/floripaquilt.com.br\\\/2026\\\/vivencias-criativas\\\/\",\"url\":\"https:\\\/\\\/floripaquilt.com.br\\\/2026\\\/vivencias-criativas\\\/\",\"name\":\"VIV\u00caNCIAS CRIATIVAS - Floripa Quilt\",\"isPartOf\":{\"@id\":\"https:\\\/\\\/floripaquilt.com.br\\\/2026\\\/#website\"},\"primaryImageOfPage\":{\"@id\":\"https:\\\/\\\/floripaquilt.com.br\\\/2026\\\/vivencias-criativas\\\/#primaryimage\"},\"image\":{\"@id\":\"https:\\\/\\\/floripaquilt.com.br\\\/2026\\\/vivencias-criativas\\\/#primaryimage\"},\"thumbnailUrl\":\"https:\\\/\\\/floripaquilt.com.br\\\/2026\\\/wp-content\\\/uploads\\\/2025\\\/08\\\/DSCF2713-683x1024.jpg\",\"datePublished\":\"2025-08-31T14:56:32+00:00\",\"dateModified\":\"2025-08-31T19:37:51+00:00\",\"breadcrumb\":{\"@id\":\"https:\\\/\\\/floripaquilt.com.br\\\/2026\\\/vivencias-criativas\\\/#breadcrumb\"},\"inLanguage\":\"pt-BR\",\"potentialAction\":[{\"@type\":\"ReadAction\",\"target\":[\"https:\\\/\\\/floripaquilt.com.br\\\/2026\\\/vivencias-criativas\\\/\"]}]},{\"@type\":\"ImageObject\",\"inLanguage\":\"pt-BR\",\"@id\":\"https:\\\/\\\/floripaquilt.com.br\\\/2026\\\/vivencias-criativas\\\/#primaryimage\",\"url\":\"https:\\\/\\\/floripaquilt.com.br\\\/2026\\\/wp-content\\\/uploads\\\/2025\\\/08\\\/DSCF2713-scaled.jpg\",\"contentUrl\":\"https:\\\/\\\/floripaquilt.com.br\\\/2026\\\/wp-content\\\/uploads\\\/2025\\\/08\\\/DSCF2713-scaled.jpg\",\"width\":1707,\"height\":2560},{\"@type\":\"BreadcrumbList\",\"@id\":\"https:\\\/\\\/floripaquilt.com.br\\\/2026\\\/vivencias-criativas\\\/#breadcrumb\",\"itemListElement\":[{\"@type\":\"ListItem\",\"position\":1,\"name\":\"In\u00edcio\",\"item\":\"https:\\\/\\\/floripaquilt.com.br\\\/2026\\\/\"},{\"@type\":\"ListItem\",\"position\":2,\"name\":\"VIV\u00caNCIAS CRIATIVAS\"}]},{\"@type\":\"WebSite\",\"@id\":\"https:\\\/\\\/floripaquilt.com.br\\\/2026\\\/#website\",\"url\":\"https:\\\/\\\/floripaquilt.com.br\\\/2026\\\/\",\"name\":\"Floripa Quilt\",\"description\":\"Floripa Quilt 2026 - 13\u00ba Festival de Patchwork, Arte T\u00eaxtil &amp; Boneca de Pano\",\"publisher\":{\"@id\":\"https:\\\/\\\/floripaquilt.com.br\\\/2026\\\/#organization\"},\"potentialAction\":[{\"@type\":\"SearchAction\",\"target\":{\"@type\":\"EntryPoint\",\"urlTemplate\":\"https:\\\/\\\/floripaquilt.com.br\\\/2026\\\/?s={search_term_string}\"},\"query-input\":{\"@type\":\"PropertyValueSpecification\",\"valueRequired\":true,\"valueName\":\"search_term_string\"}}],\"inLanguage\":\"pt-BR\"},{\"@type\":\"Organization\",\"@id\":\"https:\\\/\\\/floripaquilt.com.br\\\/2026\\\/#organization\",\"name\":\"Floripa Quilt\",\"url\":\"https:\\\/\\\/floripaquilt.com.br\\\/2026\\\/\",\"logo\":{\"@type\":\"ImageObject\",\"inLanguage\":\"pt-BR\",\"@id\":\"https:\\\/\\\/floripaquilt.com.br\\\/2026\\\/#\\\/schema\\\/logo\\\/image\\\/\",\"url\":\"https:\\\/\\\/floripaquilt.com.br\\\/2026\\\/wp-content\\\/uploads\\\/2025\\\/08\\\/Sem-titulo-2-scaled.jpg\",\"contentUrl\":\"https:\\\/\\\/floripaquilt.com.br\\\/2026\\\/wp-content\\\/uploads\\\/2025\\\/08\\\/Sem-titulo-2-scaled.jpg\",\"width\":2560,\"height\":369,\"caption\":\"Floripa Quilt\"},\"image\":{\"@id\":\"https:\\\/\\\/floripaquilt.com.br\\\/2026\\\/#\\\/schema\\\/logo\\\/image\\\/\"}}]}<\/script>\n<!-- \/ Yoast SEO plugin. -->","yoast_head_json":{"title":"VIV\u00caNCIAS CRIATIVAS - Floripa Quilt","robots":{"index":"index","follow":"follow","max-snippet":"max-snippet:-1","max-image-preview":"max-image-preview:large","max-video-preview":"max-video-preview:-1"},"canonical":"https:\/\/floripaquilt.com.br\/2026\/vivencias-criativas\/","og_locale":"pt_BR","og_type":"article","og_title":"VIV\u00caNCIAS CRIATIVAS - Floripa Quilt","og_description":"Entre os dias 22 e 25 de abril de 2026, o Floripa Quilt ser\u00e1 palco de viv\u00eancias criativas que v\u00e3o muito al\u00e9m da exposi\u00e7\u00e3o de obras. Cursos e oficinas, aulas demonstrativas gratuitas, palestras e rodas de conversa comp\u00f5em a programa\u00e7\u00e3o formativa, pensada para ampliar conhecimentos, compartilhar experi\u00eancias e promover o aprimoramento t\u00e9cnico e cultural no campo da arte t\u00eaxtil e \u00e1reas afins. Ser\u00e3o quatro dias de imers\u00e3o no universo do feito \u00e0 m\u00e3o, com professores, palestrantes e mediadores de excel\u00eancia, em meio \u00e0 energia contagiante dos participantes. Tudo isso em um cen\u00e1rio inspirador: a encantadora Ilha da Magia, Florian\u00f3polis, onde cultura, criatividade e arte se encontram. O Floripa Quilt \u00e9 planejado em cada detalhe por quem vive e respira a arte t\u00eaxtil, com o prop\u00f3sito de inspirar e celebrar o encontro de pessoas apaixonadas por essa express\u00e3o art\u00edstica. Venha viver essa experi\u00eancia! O Floripa Quilt \u2013 Festival de Patchwork, Arte T\u00eaxtil &amp; Boneca de Pano espera por voc\u00ea.","og_url":"https:\/\/floripaquilt.com.br\/2026\/vivencias-criativas\/","og_site_name":"Floripa Quilt","article_modified_time":"2025-08-31T19:37:51+00:00","og_image":[{"url":"https:\/\/floripaquilt.com.br\/2026\/wp-content\/uploads\/2025\/08\/DSCF2713-683x1024.jpg","type":"","width":"","height":""}],"twitter_card":"summary_large_image","twitter_misc":{"Est. tempo de leitura":"2 minutos"},"schema":{"@context":"https:\/\/schema.org","@graph":[{"@type":"WebPage","@id":"https:\/\/floripaquilt.com.br\/2026\/vivencias-criativas\/","url":"https:\/\/floripaquilt.com.br\/2026\/vivencias-criativas\/","name":"VIV\u00caNCIAS CRIATIVAS - Floripa Quilt","isPartOf":{"@id":"https:\/\/floripaquilt.com.br\/2026\/#website"},"primaryImageOfPage":{"@id":"https:\/\/floripaquilt.com.br\/2026\/vivencias-criativas\/#primaryimage"},"image":{"@id":"https:\/\/floripaquilt.com.br\/2026\/vivencias-criativas\/#primaryimage"},"thumbnailUrl":"https:\/\/floripaquilt.com.br\/2026\/wp-content\/uploads\/2025\/08\/DSCF2713-683x1024.jpg","datePublished":"2025-08-31T14:56:32+00:00","dateModified":"2025-08-31T19:37:51+00:00","breadcrumb":{"@id":"https:\/\/floripaquilt.com.br\/2026\/vivencias-criativas\/#breadcrumb"},"inLanguage":"pt-BR","potentialAction":[{"@type":"ReadAction","target":["https:\/\/floripaquilt.com.br\/2026\/vivencias-criativas\/"]}]},{"@type":"ImageObject","inLanguage":"pt-BR","@id":"https:\/\/floripaquilt.com.br\/2026\/vivencias-criativas\/#primaryimage","url":"https:\/\/floripaquilt.com.br\/2026\/wp-content\/uploads\/2025\/08\/DSCF2713-scaled.jpg","contentUrl":"https:\/\/floripaquilt.com.br\/2026\/wp-content\/uploads\/2025\/08\/DSCF2713-scaled.jpg","width":1707,"height":2560},{"@type":"BreadcrumbList","@id":"https:\/\/floripaquilt.com.br\/2026\/vivencias-criativas\/#breadcrumb","itemListElement":[{"@type":"ListItem","position":1,"name":"In\u00edcio","item":"https:\/\/floripaquilt.com.br\/2026\/"},{"@type":"ListItem","position":2,"name":"VIV\u00caNCIAS CRIATIVAS"}]},{"@type":"WebSite","@id":"https:\/\/floripaquilt.com.br\/2026\/#website","url":"https:\/\/floripaquilt.com.br\/2026\/","name":"Floripa Quilt","description":"Floripa Quilt 2026 - 13\u00ba Festival de Patchwork, Arte T\u00eaxtil &amp; Boneca de Pano","publisher":{"@id":"https:\/\/floripaquilt.com.br\/2026\/#organization"},"potentialAction":[{"@type":"SearchAction","target":{"@type":"EntryPoint","urlTemplate":"https:\/\/floripaquilt.com.br\/2026\/?s={search_term_string}"},"query-input":{"@type":"PropertyValueSpecification","valueRequired":true,"valueName":"search_term_string"}}],"inLanguage":"pt-BR"},{"@type":"Organization","@id":"https:\/\/floripaquilt.com.br\/2026\/#organization","name":"Floripa Quilt","url":"https:\/\/floripaquilt.com.br\/2026\/","logo":{"@type":"ImageObject","inLanguage":"pt-BR","@id":"https:\/\/floripaquilt.com.br\/2026\/#\/schema\/logo\/image\/","url":"https:\/\/floripaquilt.com.br\/2026\/wp-content\/uploads\/2025\/08\/Sem-titulo-2-scaled.jpg","contentUrl":"https:\/\/floripaquilt.com.br\/2026\/wp-content\/uploads\/2025\/08\/Sem-titulo-2-scaled.jpg","width":2560,"height":369,"caption":"Floripa Quilt"},"image":{"@id":"https:\/\/floripaquilt.com.br\/2026\/#\/schema\/logo\/image\/"}}]}},"jetpack_sharing_enabled":true,"_links":{"self":[{"href":"https:\/\/floripaquilt.com.br\/2026\/wp-json\/wp\/v2\/pages\/11180","targetHints":{"allow":["GET"]}}],"collection":[{"href":"https:\/\/floripaquilt.com.br\/2026\/wp-json\/wp\/v2\/pages"}],"about":[{"href":"https:\/\/floripaquilt.com.br\/2026\/wp-json\/wp\/v2\/types\/page"}],"author":[{"embeddable":true,"href":"https:\/\/floripaquilt.com.br\/2026\/wp-json\/wp\/v2\/users\/29"}],"replies":[{"embeddable":true,"href":"https:\/\/floripaquilt.com.br\/2026\/wp-json\/wp\/v2\/comments?post=11180"}],"version-history":[{"count":6,"href":"https:\/\/floripaquilt.com.br\/2026\/wp-json\/wp\/v2\/pages\/11180\/revisions"}],"predecessor-version":[{"id":11257,"href":"https:\/\/floripaquilt.com.br\/2026\/wp-json\/wp\/v2\/pages\/11180\/revisions\/11257"}],"wp:attachment":[{"href":"https:\/\/floripaquilt.com.br\/2026\/wp-json\/wp\/v2\/media?parent=11180"}],"curies":[{"name":"wp","href":"https:\/\/api.w.org\/{rel}","templated":true}]}}