{"id":11128,"date":"2025-08-12T15:31:58","date_gmt":"2025-08-12T18:31:58","guid":{"rendered":"https:\/\/floripaquilt.com.br\/2026\/?page_id=11128"},"modified":"2025-08-29T08:38:33","modified_gmt":"2025-08-29T11:38:33","slug":"politica-de-integridade-codigo-de-conduta-e-anticorrupcao","status":"publish","type":"page","link":"https:\/\/floripaquilt.com.br\/2026\/politica-de-integridade-codigo-de-conduta-e-anticorrupcao\/","title":{"rendered":"INTEGRIDADE E CONDUTA"},"content":{"rendered":"<div class=\"gtranslate_wrapper\" id=\"gt-wrapper-75724391\"><\/div>\n\n\n\n<p><\/p>\n\n\n\n<p class=\"has-text-align-center\"><strong>Pol\u00edtica de Integridade, C\u00f3digo de Conduta e Anticorrup\u00e7\u00e3o<\/strong><\/p>\n\n\n\n<p class=\"has-text-align-center\"><strong>Janaina Machado Cordeiro &#8211; CNPJ 97.532.358\/0001-05<\/strong><br><\/p>\n\n\n\n<p>Eu, <strong>Jana\u00edna Machado Cordeiro<\/strong>, empres\u00e1ria individual, respons\u00e1vel pela empresa e neg\u00f3cios registrado sob o CNPJ 97.532.358\/0001-05, declaro que adotamos os seguintes princ\u00edpios e compromissos:<\/p>\n\n\n\n<p><strong>1. \u00c9tica e Transpar\u00eancia<\/strong><\/p>\n\n\n\n<p>Atuamos com integridade, honestidade e transpar\u00eancia em todas as nossas atividades comerciais e culturais.<\/p>\n\n\n\n<p><strong>2. Combate \u00e0 Corrup\u00e7\u00e3o e Fraude<\/strong><\/p>\n\n\n\n<p>N\u00e3o toleramos qualquer forma de corrup\u00e7\u00e3o, suborno, fraude, pr\u00e1tica ilegal ou anti\u00e9tica, direta ou indiretamente.<\/p>\n\n\n\n<p><strong>3. Cumprimento das Leis<\/strong><\/p>\n\n\n\n<p>Cumprimos rigorosamente a legisla\u00e7\u00e3o vigente, normas regulat\u00f3rias e obriga\u00e7\u00f5es fiscais aplic\u00e1veis \u00e0 nossa atividade.<\/p>\n\n\n\n<p><strong>4. Respeito e Igualdade<\/strong><\/p>\n\n\n\n<p>Valorizamos o respeito aos direitos humanos, promovendo um ambiente inclusivo, sem discrimina\u00e7\u00e3o por g\u00eanero, ra\u00e7a, orienta\u00e7\u00e3o sexual, religi\u00e3o, idade ou qualquer outra condi\u00e7\u00e3o.<\/p>\n\n\n\n<p><strong>5. Responsabilidade Social e Ambiental<\/strong><\/p>\n\n\n\n<p>Buscamos contribuir para o desenvolvimento sustent\u00e1vel, adotando pr\u00e1ticas respons\u00e1veis que impactem positivamente a sociedade e o meio ambiente.<\/p>\n\n\n\n<p><strong>6. Compromisso com a Qualidade e Seguran\u00e7a<\/strong><\/p>\n\n\n\n<p>Garantimos que nossos produtos, servi\u00e7os e projetos atendam aos padr\u00f5es de qualidade e seguran\u00e7a exigidos.<\/p>\n\n\n\n<p><strong>Este documento est\u00e1 formalizado para refor\u00e7ar nosso compromisso com as melhores pr\u00e1ticas de governan\u00e7a e integridade, visando a confian\u00e7a de parceiros, patrocinadores, clientes e da comunidade.<\/strong><br><\/p>\n\n\n\n<p class=\"has-text-align-right\">Florian\u00f3polis, 12 de agosto de 2025.<br><\/p>\n\n\n\n<p class=\"has-text-align-center\"><strong>Jana\u00edna Machado Cordeiro<\/strong><br><\/p>\n","protected":false},"excerpt":{"rendered":"<p>Pol\u00edtica de Integridade, C\u00f3digo de Conduta e Anticorrup\u00e7\u00e3o Janaina Machado Cordeiro &#8211; CNPJ 97.532.358\/0001-05 Eu, Jana\u00edna Machado Cordeiro, empres\u00e1ria individual, respons\u00e1vel pela empresa e neg\u00f3cios registrado sob o CNPJ 97.532.358\/0001-05, declaro que adotamos os seguintes princ\u00edpios e compromissos: 1. \u00c9tica e Transpar\u00eancia Atuamos com integridade, honestidade e transpar\u00eancia em todas as nossas atividades comerciais e culturais. 2. Combate \u00e0 Corrup\u00e7\u00e3o e Fraude N\u00e3o toleramos qualquer forma de corrup\u00e7\u00e3o, suborno, fraude, pr\u00e1tica ilegal ou anti\u00e9tica, direta ou indiretamente. 3. Cumprimento das Leis Cumprimos rigorosamente a legisla\u00e7\u00e3o vigente, normas regulat\u00f3rias e obriga\u00e7\u00f5es fiscais aplic\u00e1veis \u00e0 nossa atividade. 4. Respeito e Igualdade Valorizamos o respeito aos direitos humanos, promovendo um ambiente inclusivo, sem discrimina\u00e7\u00e3o por g\u00eanero, ra\u00e7a, orienta\u00e7\u00e3o sexual, religi\u00e3o, idade ou qualquer outra condi\u00e7\u00e3o. 5. Responsabilidade Social e Ambiental Buscamos contribuir para o desenvolvimento sustent\u00e1vel, adotando pr\u00e1ticas respons\u00e1veis que impactem positivamente a sociedade e o meio ambiente. 6. Compromisso com a Qualidade e Seguran\u00e7a Garantimos que nossos produtos, servi\u00e7os e projetos atendam aos padr\u00f5es de qualidade e seguran\u00e7a exigidos. Este documento est\u00e1 formalizado para refor\u00e7ar nosso compromisso com as melhores pr\u00e1ticas de governan\u00e7a e integridade, visando a confian\u00e7a de parceiros, patrocinadores, clientes e da comunidade. Florian\u00f3polis, 12 de agosto de 2025. Jana\u00edna Machado Cordeiro<\/p>\n","protected":false},"author":29,"featured_media":0,"parent":0,"menu_order":0,"comment_status":"closed","ping_status":"closed","template":"","meta":{"_monsterinsights_skip_tracking":false,"_monsterinsights_sitenote_active":false,"_monsterinsights_sitenote_note":"","_monsterinsights_sitenote_category":0,"_uf_show_specific_survey":0,"_uf_disable_surveys":false,"footnotes":""},"class_list":["post-11128","page","type-page","status-publish","hentry"],"acf":[],"yoast_head":"<!-- This site is optimized with the Yoast SEO plugin v27.4 - https:\/\/yoast.com\/product\/yoast-seo-wordpress\/ -->\n<title>INTEGRIDADE E CONDUTA - Floripa Quilt<\/title>\n<meta name=\"robots\" content=\"index, follow, max-snippet:-1, max-image-preview:large, max-video-preview:-1\" \/>\n<link rel=\"canonical\" href=\"https:\/\/floripaquilt.com.br\/2026\/politica-de-integridade-codigo-de-conduta-e-anticorrupcao\/\" \/>\n<meta property=\"og:locale\" content=\"pt_BR\" \/>\n<meta property=\"og:type\" content=\"article\" \/>\n<meta property=\"og:title\" content=\"INTEGRIDADE E CONDUTA - Floripa Quilt\" \/>\n<meta property=\"og:description\" content=\"Pol\u00edtica de Integridade, C\u00f3digo de Conduta e Anticorrup\u00e7\u00e3o Janaina Machado Cordeiro &#8211; CNPJ 97.532.358\/0001-05 Eu, Jana\u00edna Machado Cordeiro, empres\u00e1ria individual, respons\u00e1vel pela empresa e neg\u00f3cios registrado sob o CNPJ 97.532.358\/0001-05, declaro que adotamos os seguintes princ\u00edpios e compromissos: 1. \u00c9tica e Transpar\u00eancia Atuamos com integridade, honestidade e transpar\u00eancia em todas as nossas atividades comerciais e culturais. 2. Combate \u00e0 Corrup\u00e7\u00e3o e Fraude N\u00e3o toleramos qualquer forma de corrup\u00e7\u00e3o, suborno, fraude, pr\u00e1tica ilegal ou anti\u00e9tica, direta ou indiretamente. 3. Cumprimento das Leis Cumprimos rigorosamente a legisla\u00e7\u00e3o vigente, normas regulat\u00f3rias e obriga\u00e7\u00f5es fiscais aplic\u00e1veis \u00e0 nossa atividade. 4. Respeito e Igualdade Valorizamos o respeito aos direitos humanos, promovendo um ambiente inclusivo, sem discrimina\u00e7\u00e3o por g\u00eanero, ra\u00e7a, orienta\u00e7\u00e3o sexual, religi\u00e3o, idade ou qualquer outra condi\u00e7\u00e3o. 5. Responsabilidade Social e Ambiental Buscamos contribuir para o desenvolvimento sustent\u00e1vel, adotando pr\u00e1ticas respons\u00e1veis que impactem positivamente a sociedade e o meio ambiente. 6. Compromisso com a Qualidade e Seguran\u00e7a Garantimos que nossos produtos, servi\u00e7os e projetos atendam aos padr\u00f5es de qualidade e seguran\u00e7a exigidos. Este documento est\u00e1 formalizado para refor\u00e7ar nosso compromisso com as melhores pr\u00e1ticas de governan\u00e7a e integridade, visando a confian\u00e7a de parceiros, patrocinadores, clientes e da comunidade. Florian\u00f3polis, 12 de agosto de 2025. Jana\u00edna Machado Cordeiro\" \/>\n<meta property=\"og:url\" content=\"https:\/\/floripaquilt.com.br\/2026\/politica-de-integridade-codigo-de-conduta-e-anticorrupcao\/\" \/>\n<meta property=\"og:site_name\" content=\"Floripa Quilt\" \/>\n<meta property=\"article:modified_time\" content=\"2025-08-29T11:38:33+00:00\" \/>\n<meta name=\"twitter:card\" content=\"summary_large_image\" \/>\n<meta name=\"twitter:label1\" content=\"Est. tempo de leitura\" \/>\n\t<meta name=\"twitter:data1\" content=\"2 minutos\" \/>\n<script type=\"application\/ld+json\" class=\"yoast-schema-graph\">{\"@context\":\"https:\\\/\\\/schema.org\",\"@graph\":[{\"@type\":\"WebPage\",\"@id\":\"https:\\\/\\\/floripaquilt.com.br\\\/2026\\\/politica-de-integridade-codigo-de-conduta-e-anticorrupcao\\\/\",\"url\":\"https:\\\/\\\/floripaquilt.com.br\\\/2026\\\/politica-de-integridade-codigo-de-conduta-e-anticorrupcao\\\/\",\"name\":\"INTEGRIDADE E CONDUTA - Floripa Quilt\",\"isPartOf\":{\"@id\":\"https:\\\/\\\/floripaquilt.com.br\\\/2026\\\/#website\"},\"datePublished\":\"2025-08-12T18:31:58+00:00\",\"dateModified\":\"2025-08-29T11:38:33+00:00\",\"breadcrumb\":{\"@id\":\"https:\\\/\\\/floripaquilt.com.br\\\/2026\\\/politica-de-integridade-codigo-de-conduta-e-anticorrupcao\\\/#breadcrumb\"},\"inLanguage\":\"pt-BR\",\"potentialAction\":[{\"@type\":\"ReadAction\",\"target\":[\"https:\\\/\\\/floripaquilt.com.br\\\/2026\\\/politica-de-integridade-codigo-de-conduta-e-anticorrupcao\\\/\"]}]},{\"@type\":\"BreadcrumbList\",\"@id\":\"https:\\\/\\\/floripaquilt.com.br\\\/2026\\\/politica-de-integridade-codigo-de-conduta-e-anticorrupcao\\\/#breadcrumb\",\"itemListElement\":[{\"@type\":\"ListItem\",\"position\":1,\"name\":\"In\u00edcio\",\"item\":\"https:\\\/\\\/floripaquilt.com.br\\\/2026\\\/\"},{\"@type\":\"ListItem\",\"position\":2,\"name\":\"INTEGRIDADE E CONDUTA\"}]},{\"@type\":\"WebSite\",\"@id\":\"https:\\\/\\\/floripaquilt.com.br\\\/2026\\\/#website\",\"url\":\"https:\\\/\\\/floripaquilt.com.br\\\/2026\\\/\",\"name\":\"Floripa Quilt\",\"description\":\"Floripa Quilt 2026 - 13\u00ba Festival de Patchwork, Arte T\u00eaxtil &amp; Boneca de Pano\",\"publisher\":{\"@id\":\"https:\\\/\\\/floripaquilt.com.br\\\/2026\\\/#organization\"},\"potentialAction\":[{\"@type\":\"SearchAction\",\"target\":{\"@type\":\"EntryPoint\",\"urlTemplate\":\"https:\\\/\\\/floripaquilt.com.br\\\/2026\\\/?s={search_term_string}\"},\"query-input\":{\"@type\":\"PropertyValueSpecification\",\"valueRequired\":true,\"valueName\":\"search_term_string\"}}],\"inLanguage\":\"pt-BR\"},{\"@type\":\"Organization\",\"@id\":\"https:\\\/\\\/floripaquilt.com.br\\\/2026\\\/#organization\",\"name\":\"Floripa Quilt\",\"url\":\"https:\\\/\\\/floripaquilt.com.br\\\/2026\\\/\",\"logo\":{\"@type\":\"ImageObject\",\"inLanguage\":\"pt-BR\",\"@id\":\"https:\\\/\\\/floripaquilt.com.br\\\/2026\\\/#\\\/schema\\\/logo\\\/image\\\/\",\"url\":\"https:\\\/\\\/floripaquilt.com.br\\\/2026\\\/wp-content\\\/uploads\\\/2025\\\/08\\\/Sem-titulo-2-scaled.jpg\",\"contentUrl\":\"https:\\\/\\\/floripaquilt.com.br\\\/2026\\\/wp-content\\\/uploads\\\/2025\\\/08\\\/Sem-titulo-2-scaled.jpg\",\"width\":2560,\"height\":369,\"caption\":\"Floripa Quilt\"},\"image\":{\"@id\":\"https:\\\/\\\/floripaquilt.com.br\\\/2026\\\/#\\\/schema\\\/logo\\\/image\\\/\"}}]}<\/script>\n<!-- \/ Yoast SEO plugin. -->","yoast_head_json":{"title":"INTEGRIDADE E CONDUTA - Floripa Quilt","robots":{"index":"index","follow":"follow","max-snippet":"max-snippet:-1","max-image-preview":"max-image-preview:large","max-video-preview":"max-video-preview:-1"},"canonical":"https:\/\/floripaquilt.com.br\/2026\/politica-de-integridade-codigo-de-conduta-e-anticorrupcao\/","og_locale":"pt_BR","og_type":"article","og_title":"INTEGRIDADE E CONDUTA - Floripa Quilt","og_description":"Pol\u00edtica de Integridade, C\u00f3digo de Conduta e Anticorrup\u00e7\u00e3o Janaina Machado Cordeiro &#8211; CNPJ 97.532.358\/0001-05 Eu, Jana\u00edna Machado Cordeiro, empres\u00e1ria individual, respons\u00e1vel pela empresa e neg\u00f3cios registrado sob o CNPJ 97.532.358\/0001-05, declaro que adotamos os seguintes princ\u00edpios e compromissos: 1. \u00c9tica e Transpar\u00eancia Atuamos com integridade, honestidade e transpar\u00eancia em todas as nossas atividades comerciais e culturais. 2. Combate \u00e0 Corrup\u00e7\u00e3o e Fraude N\u00e3o toleramos qualquer forma de corrup\u00e7\u00e3o, suborno, fraude, pr\u00e1tica ilegal ou anti\u00e9tica, direta ou indiretamente. 3. Cumprimento das Leis Cumprimos rigorosamente a legisla\u00e7\u00e3o vigente, normas regulat\u00f3rias e obriga\u00e7\u00f5es fiscais aplic\u00e1veis \u00e0 nossa atividade. 4. Respeito e Igualdade Valorizamos o respeito aos direitos humanos, promovendo um ambiente inclusivo, sem discrimina\u00e7\u00e3o por g\u00eanero, ra\u00e7a, orienta\u00e7\u00e3o sexual, religi\u00e3o, idade ou qualquer outra condi\u00e7\u00e3o. 5. Responsabilidade Social e Ambiental Buscamos contribuir para o desenvolvimento sustent\u00e1vel, adotando pr\u00e1ticas respons\u00e1veis que impactem positivamente a sociedade e o meio ambiente. 6. Compromisso com a Qualidade e Seguran\u00e7a Garantimos que nossos produtos, servi\u00e7os e projetos atendam aos padr\u00f5es de qualidade e seguran\u00e7a exigidos. Este documento est\u00e1 formalizado para refor\u00e7ar nosso compromisso com as melhores pr\u00e1ticas de governan\u00e7a e integridade, visando a confian\u00e7a de parceiros, patrocinadores, clientes e da comunidade. Florian\u00f3polis, 12 de agosto de 2025. Jana\u00edna Machado Cordeiro","og_url":"https:\/\/floripaquilt.com.br\/2026\/politica-de-integridade-codigo-de-conduta-e-anticorrupcao\/","og_site_name":"Floripa Quilt","article_modified_time":"2025-08-29T11:38:33+00:00","twitter_card":"summary_large_image","twitter_misc":{"Est. tempo de leitura":"2 minutos"},"schema":{"@context":"https:\/\/schema.org","@graph":[{"@type":"WebPage","@id":"https:\/\/floripaquilt.com.br\/2026\/politica-de-integridade-codigo-de-conduta-e-anticorrupcao\/","url":"https:\/\/floripaquilt.com.br\/2026\/politica-de-integridade-codigo-de-conduta-e-anticorrupcao\/","name":"INTEGRIDADE E CONDUTA - Floripa Quilt","isPartOf":{"@id":"https:\/\/floripaquilt.com.br\/2026\/#website"},"datePublished":"2025-08-12T18:31:58+00:00","dateModified":"2025-08-29T11:38:33+00:00","breadcrumb":{"@id":"https:\/\/floripaquilt.com.br\/2026\/politica-de-integridade-codigo-de-conduta-e-anticorrupcao\/#breadcrumb"},"inLanguage":"pt-BR","potentialAction":[{"@type":"ReadAction","target":["https:\/\/floripaquilt.com.br\/2026\/politica-de-integridade-codigo-de-conduta-e-anticorrupcao\/"]}]},{"@type":"BreadcrumbList","@id":"https:\/\/floripaquilt.com.br\/2026\/politica-de-integridade-codigo-de-conduta-e-anticorrupcao\/#breadcrumb","itemListElement":[{"@type":"ListItem","position":1,"name":"In\u00edcio","item":"https:\/\/floripaquilt.com.br\/2026\/"},{"@type":"ListItem","position":2,"name":"INTEGRIDADE E CONDUTA"}]},{"@type":"WebSite","@id":"https:\/\/floripaquilt.com.br\/2026\/#website","url":"https:\/\/floripaquilt.com.br\/2026\/","name":"Floripa Quilt","description":"Floripa Quilt 2026 - 13\u00ba Festival de Patchwork, Arte T\u00eaxtil &amp; Boneca de Pano","publisher":{"@id":"https:\/\/floripaquilt.com.br\/2026\/#organization"},"potentialAction":[{"@type":"SearchAction","target":{"@type":"EntryPoint","urlTemplate":"https:\/\/floripaquilt.com.br\/2026\/?s={search_term_string}"},"query-input":{"@type":"PropertyValueSpecification","valueRequired":true,"valueName":"search_term_string"}}],"inLanguage":"pt-BR"},{"@type":"Organization","@id":"https:\/\/floripaquilt.com.br\/2026\/#organization","name":"Floripa Quilt","url":"https:\/\/floripaquilt.com.br\/2026\/","logo":{"@type":"ImageObject","inLanguage":"pt-BR","@id":"https:\/\/floripaquilt.com.br\/2026\/#\/schema\/logo\/image\/","url":"https:\/\/floripaquilt.com.br\/2026\/wp-content\/uploads\/2025\/08\/Sem-titulo-2-scaled.jpg","contentUrl":"https:\/\/floripaquilt.com.br\/2026\/wp-content\/uploads\/2025\/08\/Sem-titulo-2-scaled.jpg","width":2560,"height":369,"caption":"Floripa Quilt"},"image":{"@id":"https:\/\/floripaquilt.com.br\/2026\/#\/schema\/logo\/image\/"}}]}},"jetpack_sharing_enabled":true,"_links":{"self":[{"href":"https:\/\/floripaquilt.com.br\/2026\/wp-json\/wp\/v2\/pages\/11128","targetHints":{"allow":["GET"]}}],"collection":[{"href":"https:\/\/floripaquilt.com.br\/2026\/wp-json\/wp\/v2\/pages"}],"about":[{"href":"https:\/\/floripaquilt.com.br\/2026\/wp-json\/wp\/v2\/types\/page"}],"author":[{"embeddable":true,"href":"https:\/\/floripaquilt.com.br\/2026\/wp-json\/wp\/v2\/users\/29"}],"replies":[{"embeddable":true,"href":"https:\/\/floripaquilt.com.br\/2026\/wp-json\/wp\/v2\/comments?post=11128"}],"version-history":[{"count":8,"href":"https:\/\/floripaquilt.com.br\/2026\/wp-json\/wp\/v2\/pages\/11128\/revisions"}],"predecessor-version":[{"id":11244,"href":"https:\/\/floripaquilt.com.br\/2026\/wp-json\/wp\/v2\/pages\/11128\/revisions\/11244"}],"wp:attachment":[{"href":"https:\/\/floripaquilt.com.br\/2026\/wp-json\/wp\/v2\/media?parent=11128"}],"curies":[{"name":"wp","href":"https:\/\/api.w.org\/{rel}","templated":true}]}}