{"id":10708,"date":"2025-01-19T18:09:46","date_gmt":"2025-01-19T21:09:46","guid":{"rendered":"https:\/\/floripaquilt.com.br\/2025\/?post_type=product&#038;p=10708"},"modified":"2025-04-29T18:25:21","modified_gmt":"2025-04-29T21:25:21","slug":"01-05-flor-de-maio-com-efeito-tridimensional-afonso-franco","status":"publish","type":"product","link":"https:\/\/floripaquilt.com.br\/2025\/produto\/01-05-flor-de-maio-com-efeito-tridimensional-afonso-franco\/","title":{"rendered":"01\/05 \u2013 Flor de Maio com Efeito Tridimensional (Afonso Franco)"},"content":{"rendered":"<p><span style=\"vertical-align: inherit;\"><span style=\"vertical-align: inherit;\">[gtraduzir]<\/span><\/span><\/p>\n<p>&nbsp;<\/p>\n<p><strong><span style=\"vertical-align: inherit;\"><span style=\"vertical-align: inherit;\">R$ 240,00 kit R$ 32,00<\/span><\/span><\/strong><\/p>\n<p><strong>Por:<\/strong> <strong>Afonso Franco, SP\/Brasil.<\/strong><\/p>\n<p><strong>Data:\u202f<\/strong>1 de maio \u2013 quinta-feira<\/p>\n<p><strong>Carga hor\u00e1ria<\/strong>: 9h \u00e0s 12h \u2013 3h\/a<\/p>\n<p><strong>Descritivo:<\/strong> Nesta oficina divertida e descontra\u00edda voc\u00ea vai descobrir o encanto do bordado livre, t\u00e9cnica maravilhosa que convida voc\u00ea a expressar a sua intui\u00e7\u00e3o e criatividade e ainda aplicar em praticamente todos os trabalhos manuais.<\/p>\n<p><strong>Pr\u00e9-requisitos<\/strong>: Amar tecidos, texturas e cores.<\/p>\n<p><strong>Material necess\u00e1rio: <\/strong>Bastidor com 16 cm de di\u00e2metro, tesoura m\u00e9dia e tesoura pequena para arremate bem afiadas. Os demais materiais a serem utilizados fazem parte do kit (tecido de base &#8211; bloco de 25 cm x 25 cm, manta 100% algod\u00e3o, molde, agulhas, fios e l\u00e3s).<\/p>\n<p><strong>Observa\u00e7\u00f5es:\u00a0<\/strong><\/p>\n<p>O\u00a0material solicitado \u00e9 imprescind\u00edvel para participa\u00e7\u00e3o no curso\/oficina.<\/p>\n<p>Atente-se para n\u00e3o comprar cursos\/oficinas no mesmo dia e hor\u00e1rio.<\/p>\n<p>Ap\u00f3s o pagamento, a sua matr\u00edcula \u00e9 automaticamente confirmada no curso\/oficina escolhido, portanto\u00a0<strong>n\u00e3o h\u00e1 possibilidade de reembolso dos valores.<\/strong><\/p>\n<p>Em caso de desist\u00eancia, sua inscri\u00e7\u00e3o poder\u00e1 ser transferida para outra pessoa por indica\u00e7\u00e3o enviando os dados da compra e da pessoa que vir\u00e1 no seu lugar para o email: <a href=\"mailto:fqcursos@gmail.com\">fqcursos@gmail.com<\/a><\/p>\n","protected":false},"excerpt":{"rendered":"<p><span style=\"vertical-align: inherit;\"><span style=\"vertical-align: inherit;\">[gtraduzir]<\/span><\/span><\/p>\n<p>&nbsp;<\/p>\n<p><strong><span style=\"vertical-align: inherit;\"><span style=\"vertical-align: inherit;\">R$ 240,00 kit R$ 32,00<\/span><\/span><\/strong><\/p>\n<p><strong><span style=\"vertical-align: inherit;\"><span style=\"vertical-align: inherit;\">Por:<\/span><\/span><\/strong> <strong><span style=\"vertical-align: inherit;\"><span style=\"vertical-align: inherit;\">Afonso Franco, SP\/Brasil.<\/span><\/span><\/strong><\/p>\n<p><strong><span style=\"vertical-align: inherit;\"><span style=\"vertical-align: inherit;\">Data:\u202f<\/span><\/span><\/strong><span style=\"vertical-align: inherit;\"><span style=\"vertical-align: inherit;\">1 de maio \u2013 quinta-feira<\/span><\/span><\/p>\n<p><strong><span style=\"vertical-align: inherit;\"><span style=\"vertical-align: inherit;\">Carga hor\u00e1ria<\/span><\/span><\/strong><span style=\"vertical-align: inherit;\"><span style=\"vertical-align: inherit;\">: 9h \u00e0s 12h \u2013 3h\/a<\/span><\/span><\/p>\n<p><strong><span style=\"vertical-align: inherit;\"><span style=\"vertical-align: inherit;\">Descritivo:<\/span><\/span><\/strong><span style=\"vertical-align: inherit;\"><span style=\"vertical-align: inherit;\"> Nesta oficina divertida e descontra\u00edda voc\u00ea vai descobrir o encanto do bordado livre, t\u00e9cnica maravilhosa que convida voc\u00ea a expressar a sua intui\u00e7\u00e3o e criatividade e ainda aplicar em praticamente todos os trabalhos manuais.<\/span><\/span><\/p>\n<p><strong><span style=\"vertical-align: inherit;\"><span style=\"vertical-align: inherit;\">Pr\u00e9-requisitos<\/span><\/span><\/strong><span style=\"vertical-align: inherit;\"><span style=\"vertical-align: inherit;\">: Amar tecidos, texturas e cores.<\/span><\/span><\/p>\n<p><strong><span style=\"vertical-align: inherit;\"><span style=\"vertical-align: inherit;\">Material necess\u00e1rio: <\/span><\/span><\/strong><span style=\"vertical-align: inherit;\"><span style=\"vertical-align: inherit;\">Bastidor com 16 cm de di\u00e2metro, tesoura m\u00e9dia e tesoura pequena para arremate bem afiadas. Os demais materiais a serem utilizados fazem parte do kit (tecido de base &#8211; bloco de 25 cm x 25 cm, manta 100% algod\u00e3o, molde, agulhas, fios e l\u00e3s).<\/span><\/span><\/p>\n<p><strong><span style=\"vertical-align: inherit;\"><span style=\"vertical-align: inherit;\">Observa\u00e7\u00f5es:\u00a0<\/span><\/span><\/strong><\/p>\n<p><span style=\"vertical-align: inherit;\"><span style=\"vertical-align: inherit;\">O\u00a0material solicitado \u00e9 imprescind\u00edvel para participa\u00e7\u00e3o no curso\/oficina.<\/span><\/span><\/p>\n<p><span style=\"vertical-align: inherit;\"><span style=\"vertical-align: inherit;\">Atente-se para n\u00e3o comprar cursos\/oficinas no mesmo dia e hor\u00e1rio.<\/span><\/span><\/p>\n<p><span style=\"vertical-align: inherit;\"><span style=\"vertical-align: inherit;\">Ap\u00f3s o pagamento, a sua matr\u00edcula \u00e9 automaticamente confirmada no curso\/oficina escolhido, portanto\u00a0<\/span><\/span><strong><span style=\"vertical-align: inherit;\"><span style=\"vertical-align: inherit;\">n\u00e3o h\u00e1 possibilidade de reembolso dos valores.<\/span><\/span><\/strong><\/p>\n<p><span style=\"vertical-align: inherit;\"><span style=\"vertical-align: inherit;\">Em caso de desist\u00eancia, sua inscri\u00e7\u00e3o poder\u00e1 ser transferida para outra pessoa por indica\u00e7\u00e3o enviando os dados da compra e da pessoa que vir\u00e1 no seu lugar para o email: <\/span><\/span><a href=\"mailto:fqcursos@gmail.com\"><span style=\"vertical-align: inherit;\"><span style=\"vertical-align: inherit;\">fqcursos@gmail.com<\/span><\/span><\/a><\/p>\n","protected":false},"featured_media":10596,"comment_status":"closed","ping_status":"closed","template":"","meta":{"_monsterinsights_skip_tracking":false,"_monsterinsights_sitenote_active":false,"_monsterinsights_sitenote_note":"","_monsterinsights_sitenote_category":0,"_uf_show_specific_survey":0,"_uf_disable_surveys":false},"product_brand":[],"product_cat":[161,155],"product_tag":[],"class_list":{"0":"post-10708","1":"product","2":"type-product","3":"status-publish","4":"has-post-thumbnail","6":"product_cat-lojinha","7":"product_cat-oficinas","9":"first","10":"instock","11":"shipping-taxable","12":"purchasable","13":"product-type-simple"},"acf":[],"yoast_head":"<!-- This site is optimized with the Yoast SEO plugin v27.4 - https:\/\/yoast.com\/product\/yoast-seo-wordpress\/ -->\n<title>01\/05 \u2013 Flor de Maio com Efeito Tridimensional (Afonso Franco) - Floripa Quilt<\/title>\n<meta name=\"description\" content=\"R$ 240,00 kit R$ 32,00 Por: Afonso Franco, SP\/Brasil. Data:\u202f1 de maio \u2013 quinta-feira Carga hor\u00e1ria: 9h \u00e0s 12h \u2013 3h\/a Descritivo: Nesta oficina divertida e descontra\u00edda voc\u00ea vai descobrir o encanto do bordado livre, t\u00e9cnica maravilhosa que convida voc\u00ea a expressar a sua intui\u00e7\u00e3o e criatividade e ainda aplicar em praticamente todos os trabalhos manuais.Pr\u00e9-requisitos: Amar tecidos, texturas e cores.Material necess\u00e1rio: Bastidor com 16 cm de di\u00e2metro, tesoura m\u00e9dia e tesoura pequena para arremate bem afiadas. Os demais materiais a serem utilizados fazem parte do kit (tecido de base - bloco de 25 cm x 25 cm, manta 100% algod\u00e3o, molde, agulhas, fios e l\u00e3s).Observa\u00e7\u00f5es: O material solicitado \u00e9 imprescind\u00edvel para participa\u00e7\u00e3o no curso\/oficina.Atente-se para n\u00e3o comprar cursos\/oficinas no mesmo dia e hor\u00e1rio.Ap\u00f3s o pagamento, a sua matr\u00edcula \u00e9 automaticamente confirmada no curso\/oficina escolhido, portanto n\u00e3o h\u00e1 possibilidade de reembolso dos valores.Em caso de desist\u00eancia, sua inscri\u00e7\u00e3o poder\u00e1 ser transferida para outra pessoa por indica\u00e7\u00e3o enviando os dados da compra e da pessoa que vir\u00e1 no seu lugar para o email: fqcursos@gmail.com\" \/>\n<meta name=\"robots\" content=\"index, follow, max-snippet:-1, max-image-preview:large, max-video-preview:-1\" \/>\n<link rel=\"canonical\" href=\"https:\/\/floripaquilt.com.br\/2025\/produto\/01-05-flor-de-maio-com-efeito-tridimensional-afonso-franco\/\" \/>\n<meta property=\"og:locale\" content=\"pt_BR\" \/>\n<meta property=\"og:type\" content=\"article\" \/>\n<meta property=\"og:title\" content=\"01\/05 \u2013 Flor de Maio com Efeito Tridimensional (Afonso Franco) - Floripa Quilt\" \/>\n<meta property=\"og:description\" content=\"R$ 240,00 kit R$ 32,00 Por: Afonso Franco, SP\/Brasil. Data:\u202f1 de maio \u2013 quinta-feira Carga hor\u00e1ria: 9h \u00e0s 12h \u2013 3h\/a Descritivo: Nesta oficina divertida e descontra\u00edda voc\u00ea vai descobrir o encanto do bordado livre, t\u00e9cnica maravilhosa que convida voc\u00ea a expressar a sua intui\u00e7\u00e3o e criatividade e ainda aplicar em praticamente todos os trabalhos manuais.Pr\u00e9-requisitos: Amar tecidos, texturas e cores.Material necess\u00e1rio: Bastidor com 16 cm de di\u00e2metro, tesoura m\u00e9dia e tesoura pequena para arremate bem afiadas. Os demais materiais a serem utilizados fazem parte do kit (tecido de base - bloco de 25 cm x 25 cm, manta 100% algod\u00e3o, molde, agulhas, fios e l\u00e3s).Observa\u00e7\u00f5es: O material solicitado \u00e9 imprescind\u00edvel para participa\u00e7\u00e3o no curso\/oficina.Atente-se para n\u00e3o comprar cursos\/oficinas no mesmo dia e hor\u00e1rio.Ap\u00f3s o pagamento, a sua matr\u00edcula \u00e9 automaticamente confirmada no curso\/oficina escolhido, portanto n\u00e3o h\u00e1 possibilidade de reembolso dos valores.Em caso de desist\u00eancia, sua inscri\u00e7\u00e3o poder\u00e1 ser transferida para outra pessoa por indica\u00e7\u00e3o enviando os dados da compra e da pessoa que vir\u00e1 no seu lugar para o email: fqcursos@gmail.com\" \/>\n<meta property=\"og:url\" content=\"https:\/\/floripaquilt.com.br\/2025\/produto\/01-05-flor-de-maio-com-efeito-tridimensional-afonso-franco\/\" \/>\n<meta property=\"og:site_name\" content=\"Floripa Quilt\" \/>\n<meta property=\"article:modified_time\" content=\"2025-04-29T21:25:21+00:00\" \/>\n<meta property=\"og:image\" content=\"https:\/\/floripaquilt.com.br\/2025\/wp-content\/uploads\/2025\/01\/WhatsApp-Image-2025-01-19-at-10.12.47-1.jpeg\" \/>\n\t<meta property=\"og:image:width\" content=\"1200\" \/>\n\t<meta property=\"og:image:height\" content=\"1600\" \/>\n\t<meta property=\"og:image:type\" content=\"image\/jpeg\" \/>\n<meta name=\"twitter:card\" content=\"summary_large_image\" \/>\n<meta name=\"twitter:label1\" content=\"Est. tempo de leitura\" \/>\n\t<meta name=\"twitter:data1\" content=\"2 minutos\" \/>\n<script type=\"application\/ld+json\" class=\"yoast-schema-graph\">{\"@context\":\"https:\\\/\\\/schema.org\",\"@graph\":[{\"@type\":\"WebPage\",\"@id\":\"https:\\\/\\\/floripaquilt.com.br\\\/2025\\\/produto\\\/01-05-flor-de-maio-com-efeito-tridimensional-afonso-franco\\\/\",\"url\":\"https:\\\/\\\/floripaquilt.com.br\\\/2025\\\/produto\\\/01-05-flor-de-maio-com-efeito-tridimensional-afonso-franco\\\/\",\"name\":\"01\\\/05 \u2013 Flor de Maio com Efeito Tridimensional (Afonso Franco) - Floripa Quilt\",\"isPartOf\":{\"@id\":\"https:\\\/\\\/floripaquilt.com.br\\\/2025\\\/#website\"},\"primaryImageOfPage\":{\"@id\":\"https:\\\/\\\/floripaquilt.com.br\\\/2025\\\/produto\\\/01-05-flor-de-maio-com-efeito-tridimensional-afonso-franco\\\/#primaryimage\"},\"image\":{\"@id\":\"https:\\\/\\\/floripaquilt.com.br\\\/2025\\\/produto\\\/01-05-flor-de-maio-com-efeito-tridimensional-afonso-franco\\\/#primaryimage\"},\"thumbnailUrl\":\"https:\\\/\\\/floripaquilt.com.br\\\/2025\\\/wp-content\\\/uploads\\\/2025\\\/01\\\/WhatsApp-Image-2025-01-19-at-10.12.47-1.jpeg\",\"datePublished\":\"2025-01-19T21:09:46+00:00\",\"dateModified\":\"2025-04-29T21:25:21+00:00\",\"description\":\"R$ 240,00 kit R$ 32,00 Por: Afonso Franco, SP\\\/Brasil. Data:\u202f1 de maio \u2013 quinta-feira Carga hor\u00e1ria: 9h \u00e0s 12h \u2013 3h\\\/a Descritivo: Nesta oficina divertida e descontra\u00edda voc\u00ea vai descobrir o encanto do bordado livre, t\u00e9cnica maravilhosa que convida voc\u00ea a expressar a sua intui\u00e7\u00e3o e criatividade e ainda aplicar em praticamente todos os trabalhos manuais.Pr\u00e9-requisitos: Amar tecidos, texturas e cores.Material necess\u00e1rio: Bastidor com 16 cm de di\u00e2metro, tesoura m\u00e9dia e tesoura pequena para arremate bem afiadas. Os demais materiais a serem utilizados fazem parte do kit (tecido de base - bloco de 25 cm x 25 cm, manta 100% algod\u00e3o, molde, agulhas, fios e l\u00e3s).Observa\u00e7\u00f5es: O material solicitado \u00e9 imprescind\u00edvel para participa\u00e7\u00e3o no curso\\\/oficina.Atente-se para n\u00e3o comprar cursos\\\/oficinas no mesmo dia e hor\u00e1rio.Ap\u00f3s o pagamento, a sua matr\u00edcula \u00e9 automaticamente confirmada no curso\\\/oficina escolhido, portanto n\u00e3o h\u00e1 possibilidade de reembolso dos valores.Em caso de desist\u00eancia, sua inscri\u00e7\u00e3o poder\u00e1 ser transferida para outra pessoa por indica\u00e7\u00e3o enviando os dados da compra e da pessoa que vir\u00e1 no seu lugar para o email: fqcursos@gmail.com\",\"breadcrumb\":{\"@id\":\"https:\\\/\\\/floripaquilt.com.br\\\/2025\\\/produto\\\/01-05-flor-de-maio-com-efeito-tridimensional-afonso-franco\\\/#breadcrumb\"},\"inLanguage\":\"pt-BR\",\"potentialAction\":[{\"@type\":\"ReadAction\",\"target\":[\"https:\\\/\\\/floripaquilt.com.br\\\/2025\\\/produto\\\/01-05-flor-de-maio-com-efeito-tridimensional-afonso-franco\\\/\"]}]},{\"@type\":\"ImageObject\",\"inLanguage\":\"pt-BR\",\"@id\":\"https:\\\/\\\/floripaquilt.com.br\\\/2025\\\/produto\\\/01-05-flor-de-maio-com-efeito-tridimensional-afonso-franco\\\/#primaryimage\",\"url\":\"https:\\\/\\\/floripaquilt.com.br\\\/2025\\\/wp-content\\\/uploads\\\/2025\\\/01\\\/WhatsApp-Image-2025-01-19-at-10.12.47-1.jpeg\",\"contentUrl\":\"https:\\\/\\\/floripaquilt.com.br\\\/2025\\\/wp-content\\\/uploads\\\/2025\\\/01\\\/WhatsApp-Image-2025-01-19-at-10.12.47-1.jpeg\",\"width\":1200,\"height\":1600},{\"@type\":\"BreadcrumbList\",\"@id\":\"https:\\\/\\\/floripaquilt.com.br\\\/2025\\\/produto\\\/01-05-flor-de-maio-com-efeito-tridimensional-afonso-franco\\\/#breadcrumb\",\"itemListElement\":[{\"@type\":\"ListItem\",\"position\":1,\"name\":\"In\u00edcio\",\"item\":\"https:\\\/\\\/floripaquilt.com.br\\\/2025\\\/\"},{\"@type\":\"ListItem\",\"position\":2,\"name\":\"01\\\/05 \u2013 Flor de Maio com Efeito Tridimensional (Afonso Franco)\"}]},{\"@type\":\"WebSite\",\"@id\":\"https:\\\/\\\/floripaquilt.com.br\\\/2025\\\/#website\",\"url\":\"https:\\\/\\\/floripaquilt.com.br\\\/2025\\\/\",\"name\":\"Floripa Quilt\",\"description\":\"Floripa Quilt 2025 - 12\u00ba Festival de Patchwork - Arte T\u00eaxtil\",\"publisher\":{\"@id\":\"https:\\\/\\\/floripaquilt.com.br\\\/2025\\\/#organization\"},\"potentialAction\":[{\"@type\":\"SearchAction\",\"target\":{\"@type\":\"EntryPoint\",\"urlTemplate\":\"https:\\\/\\\/floripaquilt.com.br\\\/2025\\\/?s={search_term_string}\"},\"query-input\":{\"@type\":\"PropertyValueSpecification\",\"valueRequired\":true,\"valueName\":\"search_term_string\"}}],\"inLanguage\":\"pt-BR\"},{\"@type\":\"Organization\",\"@id\":\"https:\\\/\\\/floripaquilt.com.br\\\/2025\\\/#organization\",\"name\":\"Floripa Quilt\",\"url\":\"https:\\\/\\\/floripaquilt.com.br\\\/2025\\\/\",\"logo\":{\"@type\":\"ImageObject\",\"inLanguage\":\"pt-BR\",\"@id\":\"https:\\\/\\\/floripaquilt.com.br\\\/2025\\\/#\\\/schema\\\/logo\\\/image\\\/\",\"url\":\"https:\\\/\\\/floripaquilt.com.br\\\/2025\\\/wp-content\\\/uploads\\\/2024\\\/08\\\/cropped-Sem-titulo-15.png\",\"contentUrl\":\"https:\\\/\\\/floripaquilt.com.br\\\/2025\\\/wp-content\\\/uploads\\\/2024\\\/08\\\/cropped-Sem-titulo-15.png\",\"width\":3938,\"height\":669,\"caption\":\"Floripa Quilt\"},\"image\":{\"@id\":\"https:\\\/\\\/floripaquilt.com.br\\\/2025\\\/#\\\/schema\\\/logo\\\/image\\\/\"}}]}<\/script>\n<!-- \/ Yoast SEO plugin. -->","yoast_head_json":{"title":"01\/05 \u2013 Flor de Maio com Efeito Tridimensional (Afonso Franco) - Floripa Quilt","description":"R$ 240,00 kit R$ 32,00 Por: Afonso Franco, SP\/Brasil. Data:\u202f1 de maio \u2013 quinta-feira Carga hor\u00e1ria: 9h \u00e0s 12h \u2013 3h\/a Descritivo: Nesta oficina divertida e descontra\u00edda voc\u00ea vai descobrir o encanto do bordado livre, t\u00e9cnica maravilhosa que convida voc\u00ea a expressar a sua intui\u00e7\u00e3o e criatividade e ainda aplicar em praticamente todos os trabalhos manuais.Pr\u00e9-requisitos: Amar tecidos, texturas e cores.Material necess\u00e1rio: Bastidor com 16 cm de di\u00e2metro, tesoura m\u00e9dia e tesoura pequena para arremate bem afiadas. Os demais materiais a serem utilizados fazem parte do kit (tecido de base - bloco de 25 cm x 25 cm, manta 100% algod\u00e3o, molde, agulhas, fios e l\u00e3s).Observa\u00e7\u00f5es: O material solicitado \u00e9 imprescind\u00edvel para participa\u00e7\u00e3o no curso\/oficina.Atente-se para n\u00e3o comprar cursos\/oficinas no mesmo dia e hor\u00e1rio.Ap\u00f3s o pagamento, a sua matr\u00edcula \u00e9 automaticamente confirmada no curso\/oficina escolhido, portanto n\u00e3o h\u00e1 possibilidade de reembolso dos valores.Em caso de desist\u00eancia, sua inscri\u00e7\u00e3o poder\u00e1 ser transferida para outra pessoa por indica\u00e7\u00e3o enviando os dados da compra e da pessoa que vir\u00e1 no seu lugar para o email: fqcursos@gmail.com","robots":{"index":"index","follow":"follow","max-snippet":"max-snippet:-1","max-image-preview":"max-image-preview:large","max-video-preview":"max-video-preview:-1"},"canonical":"https:\/\/floripaquilt.com.br\/2025\/produto\/01-05-flor-de-maio-com-efeito-tridimensional-afonso-franco\/","og_locale":"pt_BR","og_type":"article","og_title":"01\/05 \u2013 Flor de Maio com Efeito Tridimensional (Afonso Franco) - Floripa Quilt","og_description":"R$ 240,00 kit R$ 32,00 Por: Afonso Franco, SP\/Brasil. Data:\u202f1 de maio \u2013 quinta-feira Carga hor\u00e1ria: 9h \u00e0s 12h \u2013 3h\/a Descritivo: Nesta oficina divertida e descontra\u00edda voc\u00ea vai descobrir o encanto do bordado livre, t\u00e9cnica maravilhosa que convida voc\u00ea a expressar a sua intui\u00e7\u00e3o e criatividade e ainda aplicar em praticamente todos os trabalhos manuais.Pr\u00e9-requisitos: Amar tecidos, texturas e cores.Material necess\u00e1rio: Bastidor com 16 cm de di\u00e2metro, tesoura m\u00e9dia e tesoura pequena para arremate bem afiadas. Os demais materiais a serem utilizados fazem parte do kit (tecido de base - bloco de 25 cm x 25 cm, manta 100% algod\u00e3o, molde, agulhas, fios e l\u00e3s).Observa\u00e7\u00f5es: O material solicitado \u00e9 imprescind\u00edvel para participa\u00e7\u00e3o no curso\/oficina.Atente-se para n\u00e3o comprar cursos\/oficinas no mesmo dia e hor\u00e1rio.Ap\u00f3s o pagamento, a sua matr\u00edcula \u00e9 automaticamente confirmada no curso\/oficina escolhido, portanto n\u00e3o h\u00e1 possibilidade de reembolso dos valores.Em caso de desist\u00eancia, sua inscri\u00e7\u00e3o poder\u00e1 ser transferida para outra pessoa por indica\u00e7\u00e3o enviando os dados da compra e da pessoa que vir\u00e1 no seu lugar para o email: fqcursos@gmail.com","og_url":"https:\/\/floripaquilt.com.br\/2025\/produto\/01-05-flor-de-maio-com-efeito-tridimensional-afonso-franco\/","og_site_name":"Floripa Quilt","article_modified_time":"2025-04-29T21:25:21+00:00","og_image":[{"width":1200,"height":1600,"url":"https:\/\/floripaquilt.com.br\/2025\/wp-content\/uploads\/2025\/01\/WhatsApp-Image-2025-01-19-at-10.12.47-1.jpeg","type":"image\/jpeg"}],"twitter_card":"summary_large_image","twitter_misc":{"Est. tempo de leitura":"2 minutos"},"schema":{"@context":"https:\/\/schema.org","@graph":[{"@type":"WebPage","@id":"https:\/\/floripaquilt.com.br\/2025\/produto\/01-05-flor-de-maio-com-efeito-tridimensional-afonso-franco\/","url":"https:\/\/floripaquilt.com.br\/2025\/produto\/01-05-flor-de-maio-com-efeito-tridimensional-afonso-franco\/","name":"01\/05 \u2013 Flor de Maio com Efeito Tridimensional (Afonso Franco) - Floripa Quilt","isPartOf":{"@id":"https:\/\/floripaquilt.com.br\/2025\/#website"},"primaryImageOfPage":{"@id":"https:\/\/floripaquilt.com.br\/2025\/produto\/01-05-flor-de-maio-com-efeito-tridimensional-afonso-franco\/#primaryimage"},"image":{"@id":"https:\/\/floripaquilt.com.br\/2025\/produto\/01-05-flor-de-maio-com-efeito-tridimensional-afonso-franco\/#primaryimage"},"thumbnailUrl":"https:\/\/floripaquilt.com.br\/2025\/wp-content\/uploads\/2025\/01\/WhatsApp-Image-2025-01-19-at-10.12.47-1.jpeg","datePublished":"2025-01-19T21:09:46+00:00","dateModified":"2025-04-29T21:25:21+00:00","description":"R$ 240,00 kit R$ 32,00 Por: Afonso Franco, SP\/Brasil. Data:\u202f1 de maio \u2013 quinta-feira Carga hor\u00e1ria: 9h \u00e0s 12h \u2013 3h\/a Descritivo: Nesta oficina divertida e descontra\u00edda voc\u00ea vai descobrir o encanto do bordado livre, t\u00e9cnica maravilhosa que convida voc\u00ea a expressar a sua intui\u00e7\u00e3o e criatividade e ainda aplicar em praticamente todos os trabalhos manuais.Pr\u00e9-requisitos: Amar tecidos, texturas e cores.Material necess\u00e1rio: Bastidor com 16 cm de di\u00e2metro, tesoura m\u00e9dia e tesoura pequena para arremate bem afiadas. Os demais materiais a serem utilizados fazem parte do kit (tecido de base - bloco de 25 cm x 25 cm, manta 100% algod\u00e3o, molde, agulhas, fios e l\u00e3s).Observa\u00e7\u00f5es: O material solicitado \u00e9 imprescind\u00edvel para participa\u00e7\u00e3o no curso\/oficina.Atente-se para n\u00e3o comprar cursos\/oficinas no mesmo dia e hor\u00e1rio.Ap\u00f3s o pagamento, a sua matr\u00edcula \u00e9 automaticamente confirmada no curso\/oficina escolhido, portanto n\u00e3o h\u00e1 possibilidade de reembolso dos valores.Em caso de desist\u00eancia, sua inscri\u00e7\u00e3o poder\u00e1 ser transferida para outra pessoa por indica\u00e7\u00e3o enviando os dados da compra e da pessoa que vir\u00e1 no seu lugar para o email: fqcursos@gmail.com","breadcrumb":{"@id":"https:\/\/floripaquilt.com.br\/2025\/produto\/01-05-flor-de-maio-com-efeito-tridimensional-afonso-franco\/#breadcrumb"},"inLanguage":"pt-BR","potentialAction":[{"@type":"ReadAction","target":["https:\/\/floripaquilt.com.br\/2025\/produto\/01-05-flor-de-maio-com-efeito-tridimensional-afonso-franco\/"]}]},{"@type":"ImageObject","inLanguage":"pt-BR","@id":"https:\/\/floripaquilt.com.br\/2025\/produto\/01-05-flor-de-maio-com-efeito-tridimensional-afonso-franco\/#primaryimage","url":"https:\/\/floripaquilt.com.br\/2025\/wp-content\/uploads\/2025\/01\/WhatsApp-Image-2025-01-19-at-10.12.47-1.jpeg","contentUrl":"https:\/\/floripaquilt.com.br\/2025\/wp-content\/uploads\/2025\/01\/WhatsApp-Image-2025-01-19-at-10.12.47-1.jpeg","width":1200,"height":1600},{"@type":"BreadcrumbList","@id":"https:\/\/floripaquilt.com.br\/2025\/produto\/01-05-flor-de-maio-com-efeito-tridimensional-afonso-franco\/#breadcrumb","itemListElement":[{"@type":"ListItem","position":1,"name":"In\u00edcio","item":"https:\/\/floripaquilt.com.br\/2025\/"},{"@type":"ListItem","position":2,"name":"01\/05 \u2013 Flor de Maio com Efeito Tridimensional (Afonso Franco)"}]},{"@type":"WebSite","@id":"https:\/\/floripaquilt.com.br\/2025\/#website","url":"https:\/\/floripaquilt.com.br\/2025\/","name":"Floripa Quilt","description":"Floripa Quilt 2025 - 12\u00ba Festival de Patchwork - Arte T\u00eaxtil","publisher":{"@id":"https:\/\/floripaquilt.com.br\/2025\/#organization"},"potentialAction":[{"@type":"SearchAction","target":{"@type":"EntryPoint","urlTemplate":"https:\/\/floripaquilt.com.br\/2025\/?s={search_term_string}"},"query-input":{"@type":"PropertyValueSpecification","valueRequired":true,"valueName":"search_term_string"}}],"inLanguage":"pt-BR"},{"@type":"Organization","@id":"https:\/\/floripaquilt.com.br\/2025\/#organization","name":"Floripa Quilt","url":"https:\/\/floripaquilt.com.br\/2025\/","logo":{"@type":"ImageObject","inLanguage":"pt-BR","@id":"https:\/\/floripaquilt.com.br\/2025\/#\/schema\/logo\/image\/","url":"https:\/\/floripaquilt.com.br\/2025\/wp-content\/uploads\/2024\/08\/cropped-Sem-titulo-15.png","contentUrl":"https:\/\/floripaquilt.com.br\/2025\/wp-content\/uploads\/2024\/08\/cropped-Sem-titulo-15.png","width":3938,"height":669,"caption":"Floripa Quilt"},"image":{"@id":"https:\/\/floripaquilt.com.br\/2025\/#\/schema\/logo\/image\/"}}]}},"jetpack_sharing_enabled":true,"_links":{"self":[{"href":"https:\/\/floripaquilt.com.br\/2025\/wp-json\/wp\/v2\/product\/10708","targetHints":{"allow":["GET"]}}],"collection":[{"href":"https:\/\/floripaquilt.com.br\/2025\/wp-json\/wp\/v2\/product"}],"about":[{"href":"https:\/\/floripaquilt.com.br\/2025\/wp-json\/wp\/v2\/types\/product"}],"replies":[{"embeddable":true,"href":"https:\/\/floripaquilt.com.br\/2025\/wp-json\/wp\/v2\/comments?post=10708"}],"wp:featuredmedia":[{"embeddable":true,"href":"https:\/\/floripaquilt.com.br\/2025\/wp-json\/wp\/v2\/media\/10596"}],"wp:attachment":[{"href":"https:\/\/floripaquilt.com.br\/2025\/wp-json\/wp\/v2\/media?parent=10708"}],"wp:term":[{"taxonomy":"product_brand","embeddable":true,"href":"https:\/\/floripaquilt.com.br\/2025\/wp-json\/wp\/v2\/product_brand?post=10708"},{"taxonomy":"product_cat","embeddable":true,"href":"https:\/\/floripaquilt.com.br\/2025\/wp-json\/wp\/v2\/product_cat?post=10708"},{"taxonomy":"product_tag","embeddable":true,"href":"https:\/\/floripaquilt.com.br\/2025\/wp-json\/wp\/v2\/product_tag?post=10708"}],"curies":[{"name":"wp","href":"https:\/\/api.w.org\/{rel}","templated":true}]}}