{"id":10704,"date":"2025-01-19T17:49:33","date_gmt":"2025-01-19T20:49:33","guid":{"rendered":"https:\/\/floripaquilt.com.br\/2025\/?post_type=product&#038;p=10704"},"modified":"2025-05-02T21:39:33","modified_gmt":"2025-05-03T00:39:33","slug":"03-05-tucano-toco-alan-vilar","status":"publish","type":"product","link":"https:\/\/floripaquilt.com.br\/2025\/produto\/03-05-tucano-toco-alan-vilar\/","title":{"rendered":"03\/05 \u2013 Tucano Toco (Alan Vilar)"},"content":{"rendered":"<div class=\"gtranslate_wrapper\" id=\"gt-wrapper-66233537\"><\/div>\n<p>&nbsp;<\/p>\n<p><strong>R$ 405,00<\/strong><\/p>\n<p><strong>Por:<\/strong> <strong>Alan Vilar, MS\/Brasil.<\/strong><\/p>\n<p><strong>Data:\u202f<\/strong>3 de maio \u2013 s\u00e1bado<\/p>\n<p><strong>Carga hor\u00e1ria<\/strong>: 9h \u00e0s 17h \u2013 6h\/a\u00a0\u00a0(2h de intervalo)<\/p>\n<p><strong>Descritivo:<\/strong> Nesta oficina, onde iremos bordar um tucano-toco em folha seca, o aluno ser\u00e1 introduzido a todo o processo de preparo da folha que antecede o bordado, desde a coleta e higieniza\u00e7\u00e3o at\u00e9 a secagem. Ser\u00e3o apresentadas algumas esp\u00e9cies de folhas que aceitam bem a esses processos, bem como os materiais que utilizaremos em nosso projeto. Al\u00e9m disso, conduzirei o passo a passo de cada etapa do bordado, que poder\u00e1 ser acompanhado tamb\u00e9m pela apostila.<\/p>\n<p><strong>Pr\u00e9-requisitos<\/strong>: Gostar do fazer \u00e0 m\u00e3o e boa vontade de aprender.<\/p>\n<p><strong>Material necess\u00e1rio: <\/strong>Material b\u00e1sico de bordado, 1 caixa ou pasta de tamanho m\u00e9dio (A5, 21 cm x 14,85 cm) para guarda do projeto com seguran\u00e7a.<\/p>\n<p><strong>Observa\u00e7\u00f5es:\u00a0<\/strong><\/p>\n<p>O\u00a0material solicitado \u00e9 imprescind\u00edvel para participa\u00e7\u00e3o no curso\/oficina.<\/p>\n<p>Atente-se para n\u00e3o comprar cursos\/oficinas no mesmo dia e hor\u00e1rio.<\/p>\n<p>Ap\u00f3s o pagamento, a sua matr\u00edcula \u00e9 automaticamente confirmada no curso\/oficina escolhido, portanto\u00a0<strong>n\u00e3o h\u00e1 possibilidade de reembolso dos valores.<\/strong><\/p>\n<p>Em caso de desist\u00eancia, sua inscri\u00e7\u00e3o poder\u00e1 ser transferida para outra pessoa por indica\u00e7\u00e3o enviando os dados da compra e da pessoa que vir\u00e1 no seu lugar para o email: <a href=\"mailto:fqcursos@gmail.com\">fqcursos@gmail.com<\/a><\/p>\n","protected":false},"excerpt":{"rendered":"[gtranslate]\n<p>&nbsp;<\/p>\n<p><strong>R$ 405,00<\/strong><\/p>\n<p><strong>Por:<\/strong> <strong>Alan Vilar, MS\/Brasil.<\/strong><\/p>\n<p><strong>Data:\u202f<\/strong>3 de maio \u2013 s\u00e1bado<\/p>\n<p><strong>Carga hor\u00e1ria<\/strong>: 9h \u00e0s 17h \u2013 6h\/a\u00a0\u00a0(2h de intervalo)<\/p>\n<p><strong>Descritivo:<\/strong> Nesta oficina, onde iremos bordar um tucano-toco em folha seca, o aluno ser\u00e1 introduzido a todo o processo de preparo da folha que antecede o bordado, desde a coleta e higieniza\u00e7\u00e3o at\u00e9 a secagem. Ser\u00e3o apresentadas algumas esp\u00e9cies de folhas que aceitam bem a esses processos, bem como os materiais que utilizaremos em nosso projeto. Al\u00e9m disso, conduzirei o passo a passo de cada etapa do bordado, que poder\u00e1 ser acompanhado tamb\u00e9m pela apostila.<\/p>\n<p><strong>Pr\u00e9-requisitos<\/strong>: Gostar do fazer \u00e0 m\u00e3o e boa vontade de aprender.<\/p>\n<p><strong>Material necess\u00e1rio: <\/strong>Material b\u00e1sico de bordado, 1 caixa ou pasta de tamanho m\u00e9dio (A5, 21 cm x 14,85 cm) para guarda do projeto com seguran\u00e7a.<\/p>\n<p><strong>Observa\u00e7\u00f5es:\u00a0<\/strong><\/p>\n<p>O\u00a0material solicitado \u00e9 imprescind\u00edvel para participa\u00e7\u00e3o no curso\/oficina.<\/p>\n<p>Atente-se para n\u00e3o comprar cursos\/oficinas no mesmo dia e hor\u00e1rio.<\/p>\n<p>Ap\u00f3s o pagamento, a sua matr\u00edcula \u00e9 automaticamente confirmada no curso\/oficina escolhido, portanto\u00a0<strong>n\u00e3o h\u00e1 possibilidade de reembolso dos valores.<\/strong><\/p>\n<p>Em caso de desist\u00eancia, sua inscri\u00e7\u00e3o poder\u00e1 ser transferida para outra pessoa por indica\u00e7\u00e3o enviando os dados da compra e da pessoa que vir\u00e1 no seu lugar para o email: <a href=\"mailto:fqcursos@gmail.com\">fqcursos@gmail.com<\/a><\/p>\n","protected":false},"featured_media":10599,"comment_status":"closed","ping_status":"closed","template":"","meta":{"_monsterinsights_skip_tracking":false,"_monsterinsights_sitenote_active":false,"_monsterinsights_sitenote_note":"","_monsterinsights_sitenote_category":0,"_uf_show_specific_survey":0,"_uf_disable_surveys":false},"product_brand":[],"product_cat":[155],"product_tag":[],"class_list":{"0":"post-10704","1":"product","2":"type-product","3":"status-publish","4":"has-post-thumbnail","6":"product_cat-oficinas","8":"first","9":"instock","10":"shipping-taxable","11":"purchasable","12":"product-type-simple"},"acf":[],"yoast_head":"<!-- This site is optimized with the Yoast SEO plugin v27.4 - https:\/\/yoast.com\/product\/yoast-seo-wordpress\/ -->\n<title>03\/05 \u2013 Tucano Toco (Alan Vilar) - Floripa Quilt<\/title>\n<meta name=\"description\" content=\"R$ 405,00 Por: Alan Vilar, MS\/Brasil. Data:\u202f3 de maio \u2013 s\u00e1bado Carga hor\u00e1ria: 9h \u00e0s 17h \u2013 6h\/a (2h de intervalo)Descritivo: Nesta oficina, onde iremos bordar um tucano-toco em folha seca, o aluno ser\u00e1 introduzido a todo o processo de preparo da folha que antecede o bordado, desde a coleta e higieniza\u00e7\u00e3o at\u00e9 a secagem. Ser\u00e3o apresentadas algumas esp\u00e9cies de folhas que aceitam bem a esses processos, bem como os materiais que utilizaremos em nosso projeto. Al\u00e9m disso, conduzirei o passo a passo de cada etapa do bordado, que poder\u00e1 ser acompanhado tamb\u00e9m pela apostila.Pr\u00e9-requisitos: Gostar do fazer \u00e0 m\u00e3o e boa vontade de aprender.Material necess\u00e1rio: Material b\u00e1sico de bordado, 1 caixa ou pasta de tamanho m\u00e9dio (A5, 21 cm x 14,85 cm) para guarda do projeto com seguran\u00e7a.Observa\u00e7\u00f5es: O material solicitado \u00e9 imprescind\u00edvel para participa\u00e7\u00e3o no curso\/oficina.Atente-se para n\u00e3o comprar cursos\/oficinas no mesmo dia e hor\u00e1rio.Ap\u00f3s o pagamento, a sua matr\u00edcula \u00e9 automaticamente confirmada no curso\/oficina escolhido, portanto n\u00e3o h\u00e1 possibilidade de reembolso dos valores.Em caso de desist\u00eancia, sua inscri\u00e7\u00e3o poder\u00e1 ser transferida para outra pessoa por indica\u00e7\u00e3o enviando os dados da compra e da pessoa que vir\u00e1 no seu lugar para o email: fqcursos@gmail.com\" \/>\n<meta name=\"robots\" content=\"index, follow, max-snippet:-1, max-image-preview:large, max-video-preview:-1\" \/>\n<link rel=\"canonical\" href=\"https:\/\/floripaquilt.com.br\/2025\/produto\/03-05-tucano-toco-alan-vilar\/\" \/>\n<meta property=\"og:locale\" content=\"pt_BR\" \/>\n<meta property=\"og:type\" content=\"article\" \/>\n<meta property=\"og:title\" content=\"03\/05 \u2013 Tucano Toco (Alan Vilar) - Floripa Quilt\" \/>\n<meta property=\"og:description\" content=\"R$ 405,00 Por: Alan Vilar, MS\/Brasil. Data:\u202f3 de maio \u2013 s\u00e1bado Carga hor\u00e1ria: 9h \u00e0s 17h \u2013 6h\/a (2h de intervalo)Descritivo: Nesta oficina, onde iremos bordar um tucano-toco em folha seca, o aluno ser\u00e1 introduzido a todo o processo de preparo da folha que antecede o bordado, desde a coleta e higieniza\u00e7\u00e3o at\u00e9 a secagem. Ser\u00e3o apresentadas algumas esp\u00e9cies de folhas que aceitam bem a esses processos, bem como os materiais que utilizaremos em nosso projeto. Al\u00e9m disso, conduzirei o passo a passo de cada etapa do bordado, que poder\u00e1 ser acompanhado tamb\u00e9m pela apostila.Pr\u00e9-requisitos: Gostar do fazer \u00e0 m\u00e3o e boa vontade de aprender.Material necess\u00e1rio: Material b\u00e1sico de bordado, 1 caixa ou pasta de tamanho m\u00e9dio (A5, 21 cm x 14,85 cm) para guarda do projeto com seguran\u00e7a.Observa\u00e7\u00f5es: O material solicitado \u00e9 imprescind\u00edvel para participa\u00e7\u00e3o no curso\/oficina.Atente-se para n\u00e3o comprar cursos\/oficinas no mesmo dia e hor\u00e1rio.Ap\u00f3s o pagamento, a sua matr\u00edcula \u00e9 automaticamente confirmada no curso\/oficina escolhido, portanto n\u00e3o h\u00e1 possibilidade de reembolso dos valores.Em caso de desist\u00eancia, sua inscri\u00e7\u00e3o poder\u00e1 ser transferida para outra pessoa por indica\u00e7\u00e3o enviando os dados da compra e da pessoa que vir\u00e1 no seu lugar para o email: fqcursos@gmail.com\" \/>\n<meta property=\"og:url\" content=\"https:\/\/floripaquilt.com.br\/2025\/produto\/03-05-tucano-toco-alan-vilar\/\" \/>\n<meta property=\"og:site_name\" content=\"Floripa Quilt\" \/>\n<meta property=\"article:modified_time\" content=\"2025-05-03T00:39:33+00:00\" \/>\n<meta property=\"og:image\" content=\"https:\/\/floripaquilt.com.br\/2025\/wp-content\/uploads\/2025\/01\/WhatsApp-Image-2025-01-19-at-11.22.02-scaled.jpeg\" \/>\n\t<meta property=\"og:image:width\" content=\"2560\" \/>\n\t<meta property=\"og:image:height\" content=\"2560\" \/>\n\t<meta property=\"og:image:type\" content=\"image\/jpeg\" \/>\n<meta name=\"twitter:card\" content=\"summary_large_image\" \/>\n<meta name=\"twitter:label1\" content=\"Est. tempo de leitura\" \/>\n\t<meta name=\"twitter:data1\" content=\"2 minutos\" \/>\n<script type=\"application\/ld+json\" class=\"yoast-schema-graph\">{\"@context\":\"https:\\\/\\\/schema.org\",\"@graph\":[{\"@type\":\"WebPage\",\"@id\":\"https:\\\/\\\/floripaquilt.com.br\\\/2025\\\/produto\\\/03-05-tucano-toco-alan-vilar\\\/\",\"url\":\"https:\\\/\\\/floripaquilt.com.br\\\/2025\\\/produto\\\/03-05-tucano-toco-alan-vilar\\\/\",\"name\":\"03\\\/05 \u2013 Tucano Toco (Alan Vilar) - Floripa Quilt\",\"isPartOf\":{\"@id\":\"https:\\\/\\\/floripaquilt.com.br\\\/2025\\\/#website\"},\"primaryImageOfPage\":{\"@id\":\"https:\\\/\\\/floripaquilt.com.br\\\/2025\\\/produto\\\/03-05-tucano-toco-alan-vilar\\\/#primaryimage\"},\"image\":{\"@id\":\"https:\\\/\\\/floripaquilt.com.br\\\/2025\\\/produto\\\/03-05-tucano-toco-alan-vilar\\\/#primaryimage\"},\"thumbnailUrl\":\"https:\\\/\\\/floripaquilt.com.br\\\/2025\\\/wp-content\\\/uploads\\\/2025\\\/01\\\/WhatsApp-Image-2025-01-19-at-11.22.02-scaled.jpeg\",\"datePublished\":\"2025-01-19T20:49:33+00:00\",\"dateModified\":\"2025-05-03T00:39:33+00:00\",\"description\":\"R$ 405,00 Por: Alan Vilar, MS\\\/Brasil. Data:\u202f3 de maio \u2013 s\u00e1bado Carga hor\u00e1ria: 9h \u00e0s 17h \u2013 6h\\\/a (2h de intervalo)Descritivo: Nesta oficina, onde iremos bordar um tucano-toco em folha seca, o aluno ser\u00e1 introduzido a todo o processo de preparo da folha que antecede o bordado, desde a coleta e higieniza\u00e7\u00e3o at\u00e9 a secagem. Ser\u00e3o apresentadas algumas esp\u00e9cies de folhas que aceitam bem a esses processos, bem como os materiais que utilizaremos em nosso projeto. Al\u00e9m disso, conduzirei o passo a passo de cada etapa do bordado, que poder\u00e1 ser acompanhado tamb\u00e9m pela apostila.Pr\u00e9-requisitos: Gostar do fazer \u00e0 m\u00e3o e boa vontade de aprender.Material necess\u00e1rio: Material b\u00e1sico de bordado, 1 caixa ou pasta de tamanho m\u00e9dio (A5, 21 cm x 14,85 cm) para guarda do projeto com seguran\u00e7a.Observa\u00e7\u00f5es: O material solicitado \u00e9 imprescind\u00edvel para participa\u00e7\u00e3o no curso\\\/oficina.Atente-se para n\u00e3o comprar cursos\\\/oficinas no mesmo dia e hor\u00e1rio.Ap\u00f3s o pagamento, a sua matr\u00edcula \u00e9 automaticamente confirmada no curso\\\/oficina escolhido, portanto n\u00e3o h\u00e1 possibilidade de reembolso dos valores.Em caso de desist\u00eancia, sua inscri\u00e7\u00e3o poder\u00e1 ser transferida para outra pessoa por indica\u00e7\u00e3o enviando os dados da compra e da pessoa que vir\u00e1 no seu lugar para o email: fqcursos@gmail.com\",\"breadcrumb\":{\"@id\":\"https:\\\/\\\/floripaquilt.com.br\\\/2025\\\/produto\\\/03-05-tucano-toco-alan-vilar\\\/#breadcrumb\"},\"inLanguage\":\"pt-BR\",\"potentialAction\":[{\"@type\":\"ReadAction\",\"target\":[\"https:\\\/\\\/floripaquilt.com.br\\\/2025\\\/produto\\\/03-05-tucano-toco-alan-vilar\\\/\"]}]},{\"@type\":\"ImageObject\",\"inLanguage\":\"pt-BR\",\"@id\":\"https:\\\/\\\/floripaquilt.com.br\\\/2025\\\/produto\\\/03-05-tucano-toco-alan-vilar\\\/#primaryimage\",\"url\":\"https:\\\/\\\/floripaquilt.com.br\\\/2025\\\/wp-content\\\/uploads\\\/2025\\\/01\\\/WhatsApp-Image-2025-01-19-at-11.22.02-scaled.jpeg\",\"contentUrl\":\"https:\\\/\\\/floripaquilt.com.br\\\/2025\\\/wp-content\\\/uploads\\\/2025\\\/01\\\/WhatsApp-Image-2025-01-19-at-11.22.02-scaled.jpeg\",\"width\":2560,\"height\":2560},{\"@type\":\"BreadcrumbList\",\"@id\":\"https:\\\/\\\/floripaquilt.com.br\\\/2025\\\/produto\\\/03-05-tucano-toco-alan-vilar\\\/#breadcrumb\",\"itemListElement\":[{\"@type\":\"ListItem\",\"position\":1,\"name\":\"In\u00edcio\",\"item\":\"https:\\\/\\\/floripaquilt.com.br\\\/2025\\\/\"},{\"@type\":\"ListItem\",\"position\":2,\"name\":\"03\\\/05 \u2013 Tucano Toco (Alan Vilar)\"}]},{\"@type\":\"WebSite\",\"@id\":\"https:\\\/\\\/floripaquilt.com.br\\\/2025\\\/#website\",\"url\":\"https:\\\/\\\/floripaquilt.com.br\\\/2025\\\/\",\"name\":\"Floripa Quilt\",\"description\":\"Floripa Quilt 2025 - 12\u00ba Festival de Patchwork - Arte T\u00eaxtil\",\"publisher\":{\"@id\":\"https:\\\/\\\/floripaquilt.com.br\\\/2025\\\/#organization\"},\"potentialAction\":[{\"@type\":\"SearchAction\",\"target\":{\"@type\":\"EntryPoint\",\"urlTemplate\":\"https:\\\/\\\/floripaquilt.com.br\\\/2025\\\/?s={search_term_string}\"},\"query-input\":{\"@type\":\"PropertyValueSpecification\",\"valueRequired\":true,\"valueName\":\"search_term_string\"}}],\"inLanguage\":\"pt-BR\"},{\"@type\":\"Organization\",\"@id\":\"https:\\\/\\\/floripaquilt.com.br\\\/2025\\\/#organization\",\"name\":\"Floripa Quilt\",\"url\":\"https:\\\/\\\/floripaquilt.com.br\\\/2025\\\/\",\"logo\":{\"@type\":\"ImageObject\",\"inLanguage\":\"pt-BR\",\"@id\":\"https:\\\/\\\/floripaquilt.com.br\\\/2025\\\/#\\\/schema\\\/logo\\\/image\\\/\",\"url\":\"https:\\\/\\\/floripaquilt.com.br\\\/2025\\\/wp-content\\\/uploads\\\/2024\\\/08\\\/cropped-Sem-titulo-15.png\",\"contentUrl\":\"https:\\\/\\\/floripaquilt.com.br\\\/2025\\\/wp-content\\\/uploads\\\/2024\\\/08\\\/cropped-Sem-titulo-15.png\",\"width\":3938,\"height\":669,\"caption\":\"Floripa Quilt\"},\"image\":{\"@id\":\"https:\\\/\\\/floripaquilt.com.br\\\/2025\\\/#\\\/schema\\\/logo\\\/image\\\/\"}}]}<\/script>\n<!-- \/ Yoast SEO plugin. -->","yoast_head_json":{"title":"03\/05 \u2013 Tucano Toco (Alan Vilar) - Floripa Quilt","description":"R$ 405,00 Por: Alan Vilar, MS\/Brasil. Data:\u202f3 de maio \u2013 s\u00e1bado Carga hor\u00e1ria: 9h \u00e0s 17h \u2013 6h\/a (2h de intervalo)Descritivo: Nesta oficina, onde iremos bordar um tucano-toco em folha seca, o aluno ser\u00e1 introduzido a todo o processo de preparo da folha que antecede o bordado, desde a coleta e higieniza\u00e7\u00e3o at\u00e9 a secagem. Ser\u00e3o apresentadas algumas esp\u00e9cies de folhas que aceitam bem a esses processos, bem como os materiais que utilizaremos em nosso projeto. Al\u00e9m disso, conduzirei o passo a passo de cada etapa do bordado, que poder\u00e1 ser acompanhado tamb\u00e9m pela apostila.Pr\u00e9-requisitos: Gostar do fazer \u00e0 m\u00e3o e boa vontade de aprender.Material necess\u00e1rio: Material b\u00e1sico de bordado, 1 caixa ou pasta de tamanho m\u00e9dio (A5, 21 cm x 14,85 cm) para guarda do projeto com seguran\u00e7a.Observa\u00e7\u00f5es: O material solicitado \u00e9 imprescind\u00edvel para participa\u00e7\u00e3o no curso\/oficina.Atente-se para n\u00e3o comprar cursos\/oficinas no mesmo dia e hor\u00e1rio.Ap\u00f3s o pagamento, a sua matr\u00edcula \u00e9 automaticamente confirmada no curso\/oficina escolhido, portanto n\u00e3o h\u00e1 possibilidade de reembolso dos valores.Em caso de desist\u00eancia, sua inscri\u00e7\u00e3o poder\u00e1 ser transferida para outra pessoa por indica\u00e7\u00e3o enviando os dados da compra e da pessoa que vir\u00e1 no seu lugar para o email: fqcursos@gmail.com","robots":{"index":"index","follow":"follow","max-snippet":"max-snippet:-1","max-image-preview":"max-image-preview:large","max-video-preview":"max-video-preview:-1"},"canonical":"https:\/\/floripaquilt.com.br\/2025\/produto\/03-05-tucano-toco-alan-vilar\/","og_locale":"pt_BR","og_type":"article","og_title":"03\/05 \u2013 Tucano Toco (Alan Vilar) - Floripa Quilt","og_description":"R$ 405,00 Por: Alan Vilar, MS\/Brasil. Data:\u202f3 de maio \u2013 s\u00e1bado Carga hor\u00e1ria: 9h \u00e0s 17h \u2013 6h\/a (2h de intervalo)Descritivo: Nesta oficina, onde iremos bordar um tucano-toco em folha seca, o aluno ser\u00e1 introduzido a todo o processo de preparo da folha que antecede o bordado, desde a coleta e higieniza\u00e7\u00e3o at\u00e9 a secagem. Ser\u00e3o apresentadas algumas esp\u00e9cies de folhas que aceitam bem a esses processos, bem como os materiais que utilizaremos em nosso projeto. Al\u00e9m disso, conduzirei o passo a passo de cada etapa do bordado, que poder\u00e1 ser acompanhado tamb\u00e9m pela apostila.Pr\u00e9-requisitos: Gostar do fazer \u00e0 m\u00e3o e boa vontade de aprender.Material necess\u00e1rio: Material b\u00e1sico de bordado, 1 caixa ou pasta de tamanho m\u00e9dio (A5, 21 cm x 14,85 cm) para guarda do projeto com seguran\u00e7a.Observa\u00e7\u00f5es: O material solicitado \u00e9 imprescind\u00edvel para participa\u00e7\u00e3o no curso\/oficina.Atente-se para n\u00e3o comprar cursos\/oficinas no mesmo dia e hor\u00e1rio.Ap\u00f3s o pagamento, a sua matr\u00edcula \u00e9 automaticamente confirmada no curso\/oficina escolhido, portanto n\u00e3o h\u00e1 possibilidade de reembolso dos valores.Em caso de desist\u00eancia, sua inscri\u00e7\u00e3o poder\u00e1 ser transferida para outra pessoa por indica\u00e7\u00e3o enviando os dados da compra e da pessoa que vir\u00e1 no seu lugar para o email: fqcursos@gmail.com","og_url":"https:\/\/floripaquilt.com.br\/2025\/produto\/03-05-tucano-toco-alan-vilar\/","og_site_name":"Floripa Quilt","article_modified_time":"2025-05-03T00:39:33+00:00","og_image":[{"width":2560,"height":2560,"url":"https:\/\/floripaquilt.com.br\/2025\/wp-content\/uploads\/2025\/01\/WhatsApp-Image-2025-01-19-at-11.22.02-scaled.jpeg","type":"image\/jpeg"}],"twitter_card":"summary_large_image","twitter_misc":{"Est. tempo de leitura":"2 minutos"},"schema":{"@context":"https:\/\/schema.org","@graph":[{"@type":"WebPage","@id":"https:\/\/floripaquilt.com.br\/2025\/produto\/03-05-tucano-toco-alan-vilar\/","url":"https:\/\/floripaquilt.com.br\/2025\/produto\/03-05-tucano-toco-alan-vilar\/","name":"03\/05 \u2013 Tucano Toco (Alan Vilar) - Floripa Quilt","isPartOf":{"@id":"https:\/\/floripaquilt.com.br\/2025\/#website"},"primaryImageOfPage":{"@id":"https:\/\/floripaquilt.com.br\/2025\/produto\/03-05-tucano-toco-alan-vilar\/#primaryimage"},"image":{"@id":"https:\/\/floripaquilt.com.br\/2025\/produto\/03-05-tucano-toco-alan-vilar\/#primaryimage"},"thumbnailUrl":"https:\/\/floripaquilt.com.br\/2025\/wp-content\/uploads\/2025\/01\/WhatsApp-Image-2025-01-19-at-11.22.02-scaled.jpeg","datePublished":"2025-01-19T20:49:33+00:00","dateModified":"2025-05-03T00:39:33+00:00","description":"R$ 405,00 Por: Alan Vilar, MS\/Brasil. Data:\u202f3 de maio \u2013 s\u00e1bado Carga hor\u00e1ria: 9h \u00e0s 17h \u2013 6h\/a (2h de intervalo)Descritivo: Nesta oficina, onde iremos bordar um tucano-toco em folha seca, o aluno ser\u00e1 introduzido a todo o processo de preparo da folha que antecede o bordado, desde a coleta e higieniza\u00e7\u00e3o at\u00e9 a secagem. Ser\u00e3o apresentadas algumas esp\u00e9cies de folhas que aceitam bem a esses processos, bem como os materiais que utilizaremos em nosso projeto. Al\u00e9m disso, conduzirei o passo a passo de cada etapa do bordado, que poder\u00e1 ser acompanhado tamb\u00e9m pela apostila.Pr\u00e9-requisitos: Gostar do fazer \u00e0 m\u00e3o e boa vontade de aprender.Material necess\u00e1rio: Material b\u00e1sico de bordado, 1 caixa ou pasta de tamanho m\u00e9dio (A5, 21 cm x 14,85 cm) para guarda do projeto com seguran\u00e7a.Observa\u00e7\u00f5es: O material solicitado \u00e9 imprescind\u00edvel para participa\u00e7\u00e3o no curso\/oficina.Atente-se para n\u00e3o comprar cursos\/oficinas no mesmo dia e hor\u00e1rio.Ap\u00f3s o pagamento, a sua matr\u00edcula \u00e9 automaticamente confirmada no curso\/oficina escolhido, portanto n\u00e3o h\u00e1 possibilidade de reembolso dos valores.Em caso de desist\u00eancia, sua inscri\u00e7\u00e3o poder\u00e1 ser transferida para outra pessoa por indica\u00e7\u00e3o enviando os dados da compra e da pessoa que vir\u00e1 no seu lugar para o email: fqcursos@gmail.com","breadcrumb":{"@id":"https:\/\/floripaquilt.com.br\/2025\/produto\/03-05-tucano-toco-alan-vilar\/#breadcrumb"},"inLanguage":"pt-BR","potentialAction":[{"@type":"ReadAction","target":["https:\/\/floripaquilt.com.br\/2025\/produto\/03-05-tucano-toco-alan-vilar\/"]}]},{"@type":"ImageObject","inLanguage":"pt-BR","@id":"https:\/\/floripaquilt.com.br\/2025\/produto\/03-05-tucano-toco-alan-vilar\/#primaryimage","url":"https:\/\/floripaquilt.com.br\/2025\/wp-content\/uploads\/2025\/01\/WhatsApp-Image-2025-01-19-at-11.22.02-scaled.jpeg","contentUrl":"https:\/\/floripaquilt.com.br\/2025\/wp-content\/uploads\/2025\/01\/WhatsApp-Image-2025-01-19-at-11.22.02-scaled.jpeg","width":2560,"height":2560},{"@type":"BreadcrumbList","@id":"https:\/\/floripaquilt.com.br\/2025\/produto\/03-05-tucano-toco-alan-vilar\/#breadcrumb","itemListElement":[{"@type":"ListItem","position":1,"name":"In\u00edcio","item":"https:\/\/floripaquilt.com.br\/2025\/"},{"@type":"ListItem","position":2,"name":"03\/05 \u2013 Tucano Toco (Alan Vilar)"}]},{"@type":"WebSite","@id":"https:\/\/floripaquilt.com.br\/2025\/#website","url":"https:\/\/floripaquilt.com.br\/2025\/","name":"Floripa Quilt","description":"Floripa Quilt 2025 - 12\u00ba Festival de Patchwork - Arte T\u00eaxtil","publisher":{"@id":"https:\/\/floripaquilt.com.br\/2025\/#organization"},"potentialAction":[{"@type":"SearchAction","target":{"@type":"EntryPoint","urlTemplate":"https:\/\/floripaquilt.com.br\/2025\/?s={search_term_string}"},"query-input":{"@type":"PropertyValueSpecification","valueRequired":true,"valueName":"search_term_string"}}],"inLanguage":"pt-BR"},{"@type":"Organization","@id":"https:\/\/floripaquilt.com.br\/2025\/#organization","name":"Floripa Quilt","url":"https:\/\/floripaquilt.com.br\/2025\/","logo":{"@type":"ImageObject","inLanguage":"pt-BR","@id":"https:\/\/floripaquilt.com.br\/2025\/#\/schema\/logo\/image\/","url":"https:\/\/floripaquilt.com.br\/2025\/wp-content\/uploads\/2024\/08\/cropped-Sem-titulo-15.png","contentUrl":"https:\/\/floripaquilt.com.br\/2025\/wp-content\/uploads\/2024\/08\/cropped-Sem-titulo-15.png","width":3938,"height":669,"caption":"Floripa Quilt"},"image":{"@id":"https:\/\/floripaquilt.com.br\/2025\/#\/schema\/logo\/image\/"}}]}},"jetpack_sharing_enabled":true,"_links":{"self":[{"href":"https:\/\/floripaquilt.com.br\/2025\/wp-json\/wp\/v2\/product\/10704","targetHints":{"allow":["GET"]}}],"collection":[{"href":"https:\/\/floripaquilt.com.br\/2025\/wp-json\/wp\/v2\/product"}],"about":[{"href":"https:\/\/floripaquilt.com.br\/2025\/wp-json\/wp\/v2\/types\/product"}],"replies":[{"embeddable":true,"href":"https:\/\/floripaquilt.com.br\/2025\/wp-json\/wp\/v2\/comments?post=10704"}],"wp:featuredmedia":[{"embeddable":true,"href":"https:\/\/floripaquilt.com.br\/2025\/wp-json\/wp\/v2\/media\/10599"}],"wp:attachment":[{"href":"https:\/\/floripaquilt.com.br\/2025\/wp-json\/wp\/v2\/media?parent=10704"}],"wp:term":[{"taxonomy":"product_brand","embeddable":true,"href":"https:\/\/floripaquilt.com.br\/2025\/wp-json\/wp\/v2\/product_brand?post=10704"},{"taxonomy":"product_cat","embeddable":true,"href":"https:\/\/floripaquilt.com.br\/2025\/wp-json\/wp\/v2\/product_cat?post=10704"},{"taxonomy":"product_tag","embeddable":true,"href":"https:\/\/floripaquilt.com.br\/2025\/wp-json\/wp\/v2\/product_tag?post=10704"}],"curies":[{"name":"wp","href":"https:\/\/api.w.org\/{rel}","templated":true}]}}