{"id":10690,"date":"2025-01-19T17:15:27","date_gmt":"2025-01-19T20:15:27","guid":{"rendered":"https:\/\/floripaquilt.com.br\/2025\/?post_type=product&#038;p=10690"},"modified":"2025-04-27T11:04:25","modified_gmt":"2025-04-27T14:04:25","slug":"30-04-oceano-fabia-diniz","status":"publish","type":"product","link":"https:\/\/floripaquilt.com.br\/2025\/produto\/30-04-oceano-fabia-diniz\/","title":{"rendered":"30\/04 \u2013 Oceano (F\u00e1bia Diniz)"},"content":{"rendered":"<div class=\"gtranslate_wrapper\" id=\"gt-wrapper-20641215\"><\/div>\n<p>&nbsp;<\/p>\n<p><strong>R$ 410,00\u00a0 kit\u00a0 R$ 63,00<\/strong><\/p>\n<p><strong>Por:<\/strong> <strong>F\u00e1bia Diniz, SP\/Brasil.<\/strong><\/p>\n<p><strong>Data: <\/strong>30 de abril \u2013 quarta-feira<\/p>\n<p><strong>Carga hor\u00e1ria<\/strong>: 13h \u00e0s 20h \u2013 6h\/a\u00a0\u00a0(1h de intervalo)<\/p>\n<p><strong>Descritivo:<\/strong> Nesta aula pr\u00e1tica e divertida, voc\u00ea aprender\u00e1 como explorar o Background criando um design secund\u00e1rio, com movimento e textura, usando v\u00e1rios padr\u00f5es de quilting livre,\u00a0 novos e modernos, que poder\u00e3o ser usados em diversos quilts..<\/p>\n<p><strong>Pr\u00e9-requisitos<\/strong>: N\u00edvel intermedi\u00e1rio.<\/p>\n<p><strong>Material necess\u00e1rio: <\/strong>tesoura para linha, desmanchador de costura, caneta frixion preta e 20 alfinetes de seguran\u00e7a m\u00e9dios.<\/p>\n<p><strong>Observa\u00e7\u00f5es:\u00a0<\/strong><\/p>\n<p>O\u00a0material solicitado \u00e9 imprescind\u00edvel para participa\u00e7\u00e3o no curso\/oficina.<\/p>\n<p>Atente-se para n\u00e3o comprar cursos\/oficinas no mesmo dia e hor\u00e1rio.<\/p>\n<p>Ap\u00f3s o pagamento, a sua matr\u00edcula \u00e9 automaticamente confirmada no curso\/oficina escolhido, portanto\u00a0<strong>n\u00e3o h\u00e1 possibilidade de reembolso dos valores.<\/strong><\/p>\n<p>Em caso de desist\u00eancia, sua inscri\u00e7\u00e3o poder\u00e1 ser transferida para outra pessoa por indica\u00e7\u00e3o enviando os dados da compra e da pessoa que vir\u00e1 no seu lugar para o email: <a href=\"mailto:fqcursos@gmail.com\">fqcursos@gmail.com<\/a><\/p>\n","protected":false},"excerpt":{"rendered":"[gtranslate]\n<p>&nbsp;<\/p>\n<p><strong>R$ 410,00\u00a0 kit\u00a0 R$ 63,00<\/strong><\/p>\n<p><strong>Por:<\/strong> <strong>F\u00e1bia Diniz, SP\/Brasil.<\/strong><\/p>\n<p><strong>Data: <\/strong>30 de abril \u2013 quarta-feira<\/p>\n<p><strong>Carga hor\u00e1ria<\/strong>: 13h \u00e0s 20h \u2013 6h\/a\u00a0\u00a0(1h de intervalo)<\/p>\n<p><strong>Descritivo:<\/strong> Nesta aula pr\u00e1tica e divertida, voc\u00ea aprender\u00e1 como explorar o Background criando um design secund\u00e1rio, com movimento e textura, usando v\u00e1rios padr\u00f5es de quilting livre,\u00a0 novos e modernos, que poder\u00e3o ser usados em diversos quilts..<\/p>\n<p><strong>Pr\u00e9-requisitos<\/strong>: N\u00edvel intermedi\u00e1rio.<\/p>\n<p><strong>Material necess\u00e1rio: <\/strong>tesoura para linha, desmanchador de costura, caneta frixion preta e 20 alfinetes de seguran\u00e7a m\u00e9dios.<\/p>\n<p><strong>Observa\u00e7\u00f5es:\u00a0<\/strong><\/p>\n<p>O\u00a0material solicitado \u00e9 imprescind\u00edvel para participa\u00e7\u00e3o no curso\/oficina.<\/p>\n<p>Atente-se para n\u00e3o comprar cursos\/oficinas no mesmo dia e hor\u00e1rio.<\/p>\n<p>Ap\u00f3s o pagamento, a sua matr\u00edcula \u00e9 automaticamente confirmada no curso\/oficina escolhido, portanto\u00a0<strong>n\u00e3o h\u00e1 possibilidade de reembolso dos valores.<\/strong><\/p>\n<p>Em caso de desist\u00eancia, sua inscri\u00e7\u00e3o poder\u00e1 ser transferida para outra pessoa por indica\u00e7\u00e3o enviando os dados da compra e da pessoa que vir\u00e1 no seu lugar para o email: <a href=\"mailto:fqcursos@gmail.com\">fqcursos@gmail.com<\/a><\/p>\n","protected":false},"featured_media":10749,"comment_status":"closed","ping_status":"closed","template":"","meta":{"_monsterinsights_skip_tracking":false,"_monsterinsights_sitenote_active":false,"_monsterinsights_sitenote_note":"","_monsterinsights_sitenote_category":0,"_uf_show_specific_survey":0,"_uf_disable_surveys":false},"product_brand":[],"product_cat":[155],"product_tag":[],"class_list":{"0":"post-10690","1":"product","2":"type-product","3":"status-publish","4":"has-post-thumbnail","6":"product_cat-oficinas","8":"first","9":"instock","10":"shipping-taxable","11":"purchasable","12":"product-type-simple"},"acf":[],"yoast_head":"<!-- This site is optimized with the Yoast SEO plugin v27.4 - https:\/\/yoast.com\/product\/yoast-seo-wordpress\/ -->\n<title>30\/04 \u2013 Oceano (F\u00e1bia Diniz) - Floripa Quilt<\/title>\n<meta name=\"description\" content=\"R$ 410,00 kit R$ 63,00 Por: F\u00e1bia Diniz, SP\/Brasil. Data: 30 de abril \u2013 quarta-feira Carga hor\u00e1ria: 13h \u00e0s 20h \u2013 6h\/a (1h de intervalo)Descritivo: Nesta aula pr\u00e1tica e divertida, voc\u00ea aprender\u00e1 como explorar o Background criando um design secund\u00e1rio, com movimento e textura, usando v\u00e1rios padr\u00f5es de quilting livre, novos e modernos, que poder\u00e3o ser usados em diversos quilts..Pr\u00e9-requisitos: N\u00edvel intermedi\u00e1rio.Material necess\u00e1rio: tesoura para linha, desmanchador de costura, caneta frixion preta e 20 alfinetes de seguran\u00e7a m\u00e9dios.Observa\u00e7\u00f5es: O material solicitado \u00e9 imprescind\u00edvel para participa\u00e7\u00e3o no curso\/oficina.Atente-se para n\u00e3o comprar cursos\/oficinas no mesmo dia e hor\u00e1rio.Ap\u00f3s o pagamento, a sua matr\u00edcula \u00e9 automaticamente confirmada no curso\/oficina escolhido, portanto n\u00e3o h\u00e1 possibilidade de reembolso dos valores.Em caso de desist\u00eancia, sua inscri\u00e7\u00e3o poder\u00e1 ser transferida para outra pessoa por indica\u00e7\u00e3o enviando os dados da compra e da pessoa que vir\u00e1 no seu lugar para o email: fqcursos@gmail.com\" \/>\n<meta name=\"robots\" content=\"index, follow, max-snippet:-1, max-image-preview:large, max-video-preview:-1\" \/>\n<link rel=\"canonical\" href=\"https:\/\/floripaquilt.com.br\/2025\/produto\/30-04-oceano-fabia-diniz\/\" \/>\n<meta property=\"og:locale\" content=\"pt_BR\" \/>\n<meta property=\"og:type\" content=\"article\" \/>\n<meta property=\"og:title\" content=\"30\/04 \u2013 Oceano (F\u00e1bia Diniz) - Floripa Quilt\" \/>\n<meta property=\"og:description\" content=\"R$ 410,00 kit R$ 63,00 Por: F\u00e1bia Diniz, SP\/Brasil. Data: 30 de abril \u2013 quarta-feira Carga hor\u00e1ria: 13h \u00e0s 20h \u2013 6h\/a (1h de intervalo)Descritivo: Nesta aula pr\u00e1tica e divertida, voc\u00ea aprender\u00e1 como explorar o Background criando um design secund\u00e1rio, com movimento e textura, usando v\u00e1rios padr\u00f5es de quilting livre, novos e modernos, que poder\u00e3o ser usados em diversos quilts..Pr\u00e9-requisitos: N\u00edvel intermedi\u00e1rio.Material necess\u00e1rio: tesoura para linha, desmanchador de costura, caneta frixion preta e 20 alfinetes de seguran\u00e7a m\u00e9dios.Observa\u00e7\u00f5es: O material solicitado \u00e9 imprescind\u00edvel para participa\u00e7\u00e3o no curso\/oficina.Atente-se para n\u00e3o comprar cursos\/oficinas no mesmo dia e hor\u00e1rio.Ap\u00f3s o pagamento, a sua matr\u00edcula \u00e9 automaticamente confirmada no curso\/oficina escolhido, portanto n\u00e3o h\u00e1 possibilidade de reembolso dos valores.Em caso de desist\u00eancia, sua inscri\u00e7\u00e3o poder\u00e1 ser transferida para outra pessoa por indica\u00e7\u00e3o enviando os dados da compra e da pessoa que vir\u00e1 no seu lugar para o email: fqcursos@gmail.com\" \/>\n<meta property=\"og:url\" content=\"https:\/\/floripaquilt.com.br\/2025\/produto\/30-04-oceano-fabia-diniz\/\" \/>\n<meta property=\"og:site_name\" content=\"Floripa Quilt\" \/>\n<meta property=\"article:modified_time\" content=\"2025-04-27T14:04:25+00:00\" \/>\n<meta property=\"og:image\" content=\"https:\/\/floripaquilt.com.br\/2025\/wp-content\/uploads\/2025\/01\/WhatsApp-Image-2025-01-20-at-20.07.30.jpeg\" \/>\n\t<meta property=\"og:image:width\" content=\"1280\" \/>\n\t<meta property=\"og:image:height\" content=\"1263\" \/>\n\t<meta property=\"og:image:type\" content=\"image\/jpeg\" \/>\n<meta name=\"twitter:card\" content=\"summary_large_image\" \/>\n<meta name=\"twitter:label1\" content=\"Est. tempo de leitura\" \/>\n\t<meta name=\"twitter:data1\" content=\"2 minutos\" \/>\n<script type=\"application\/ld+json\" class=\"yoast-schema-graph\">{\"@context\":\"https:\\\/\\\/schema.org\",\"@graph\":[{\"@type\":\"WebPage\",\"@id\":\"https:\\\/\\\/floripaquilt.com.br\\\/2025\\\/produto\\\/30-04-oceano-fabia-diniz\\\/\",\"url\":\"https:\\\/\\\/floripaquilt.com.br\\\/2025\\\/produto\\\/30-04-oceano-fabia-diniz\\\/\",\"name\":\"30\\\/04 \u2013 Oceano (F\u00e1bia Diniz) - Floripa Quilt\",\"isPartOf\":{\"@id\":\"https:\\\/\\\/floripaquilt.com.br\\\/2025\\\/#website\"},\"primaryImageOfPage\":{\"@id\":\"https:\\\/\\\/floripaquilt.com.br\\\/2025\\\/produto\\\/30-04-oceano-fabia-diniz\\\/#primaryimage\"},\"image\":{\"@id\":\"https:\\\/\\\/floripaquilt.com.br\\\/2025\\\/produto\\\/30-04-oceano-fabia-diniz\\\/#primaryimage\"},\"thumbnailUrl\":\"https:\\\/\\\/floripaquilt.com.br\\\/2025\\\/wp-content\\\/uploads\\\/2025\\\/01\\\/WhatsApp-Image-2025-01-20-at-20.07.30.jpeg\",\"datePublished\":\"2025-01-19T20:15:27+00:00\",\"dateModified\":\"2025-04-27T14:04:25+00:00\",\"description\":\"R$ 410,00 kit R$ 63,00 Por: F\u00e1bia Diniz, SP\\\/Brasil. Data: 30 de abril \u2013 quarta-feira Carga hor\u00e1ria: 13h \u00e0s 20h \u2013 6h\\\/a (1h de intervalo)Descritivo: Nesta aula pr\u00e1tica e divertida, voc\u00ea aprender\u00e1 como explorar o Background criando um design secund\u00e1rio, com movimento e textura, usando v\u00e1rios padr\u00f5es de quilting livre, novos e modernos, que poder\u00e3o ser usados em diversos quilts..Pr\u00e9-requisitos: N\u00edvel intermedi\u00e1rio.Material necess\u00e1rio: tesoura para linha, desmanchador de costura, caneta frixion preta e 20 alfinetes de seguran\u00e7a m\u00e9dios.Observa\u00e7\u00f5es: O material solicitado \u00e9 imprescind\u00edvel para participa\u00e7\u00e3o no curso\\\/oficina.Atente-se para n\u00e3o comprar cursos\\\/oficinas no mesmo dia e hor\u00e1rio.Ap\u00f3s o pagamento, a sua matr\u00edcula \u00e9 automaticamente confirmada no curso\\\/oficina escolhido, portanto n\u00e3o h\u00e1 possibilidade de reembolso dos valores.Em caso de desist\u00eancia, sua inscri\u00e7\u00e3o poder\u00e1 ser transferida para outra pessoa por indica\u00e7\u00e3o enviando os dados da compra e da pessoa que vir\u00e1 no seu lugar para o email: fqcursos@gmail.com\",\"breadcrumb\":{\"@id\":\"https:\\\/\\\/floripaquilt.com.br\\\/2025\\\/produto\\\/30-04-oceano-fabia-diniz\\\/#breadcrumb\"},\"inLanguage\":\"pt-BR\",\"potentialAction\":[{\"@type\":\"ReadAction\",\"target\":[\"https:\\\/\\\/floripaquilt.com.br\\\/2025\\\/produto\\\/30-04-oceano-fabia-diniz\\\/\"]}]},{\"@type\":\"ImageObject\",\"inLanguage\":\"pt-BR\",\"@id\":\"https:\\\/\\\/floripaquilt.com.br\\\/2025\\\/produto\\\/30-04-oceano-fabia-diniz\\\/#primaryimage\",\"url\":\"https:\\\/\\\/floripaquilt.com.br\\\/2025\\\/wp-content\\\/uploads\\\/2025\\\/01\\\/WhatsApp-Image-2025-01-20-at-20.07.30.jpeg\",\"contentUrl\":\"https:\\\/\\\/floripaquilt.com.br\\\/2025\\\/wp-content\\\/uploads\\\/2025\\\/01\\\/WhatsApp-Image-2025-01-20-at-20.07.30.jpeg\",\"width\":1280,\"height\":1263},{\"@type\":\"BreadcrumbList\",\"@id\":\"https:\\\/\\\/floripaquilt.com.br\\\/2025\\\/produto\\\/30-04-oceano-fabia-diniz\\\/#breadcrumb\",\"itemListElement\":[{\"@type\":\"ListItem\",\"position\":1,\"name\":\"In\u00edcio\",\"item\":\"https:\\\/\\\/floripaquilt.com.br\\\/2025\\\/\"},{\"@type\":\"ListItem\",\"position\":2,\"name\":\"30\\\/04 \u2013 Oceano (F\u00e1bia Diniz)\"}]},{\"@type\":\"WebSite\",\"@id\":\"https:\\\/\\\/floripaquilt.com.br\\\/2025\\\/#website\",\"url\":\"https:\\\/\\\/floripaquilt.com.br\\\/2025\\\/\",\"name\":\"Floripa Quilt\",\"description\":\"Floripa Quilt 2025 - 12\u00ba Festival de Patchwork - Arte T\u00eaxtil\",\"publisher\":{\"@id\":\"https:\\\/\\\/floripaquilt.com.br\\\/2025\\\/#organization\"},\"potentialAction\":[{\"@type\":\"SearchAction\",\"target\":{\"@type\":\"EntryPoint\",\"urlTemplate\":\"https:\\\/\\\/floripaquilt.com.br\\\/2025\\\/?s={search_term_string}\"},\"query-input\":{\"@type\":\"PropertyValueSpecification\",\"valueRequired\":true,\"valueName\":\"search_term_string\"}}],\"inLanguage\":\"pt-BR\"},{\"@type\":\"Organization\",\"@id\":\"https:\\\/\\\/floripaquilt.com.br\\\/2025\\\/#organization\",\"name\":\"Floripa Quilt\",\"url\":\"https:\\\/\\\/floripaquilt.com.br\\\/2025\\\/\",\"logo\":{\"@type\":\"ImageObject\",\"inLanguage\":\"pt-BR\",\"@id\":\"https:\\\/\\\/floripaquilt.com.br\\\/2025\\\/#\\\/schema\\\/logo\\\/image\\\/\",\"url\":\"https:\\\/\\\/floripaquilt.com.br\\\/2025\\\/wp-content\\\/uploads\\\/2024\\\/08\\\/cropped-Sem-titulo-15.png\",\"contentUrl\":\"https:\\\/\\\/floripaquilt.com.br\\\/2025\\\/wp-content\\\/uploads\\\/2024\\\/08\\\/cropped-Sem-titulo-15.png\",\"width\":3938,\"height\":669,\"caption\":\"Floripa Quilt\"},\"image\":{\"@id\":\"https:\\\/\\\/floripaquilt.com.br\\\/2025\\\/#\\\/schema\\\/logo\\\/image\\\/\"}}]}<\/script>\n<!-- \/ Yoast SEO plugin. -->","yoast_head_json":{"title":"30\/04 \u2013 Oceano (F\u00e1bia Diniz) - Floripa Quilt","description":"R$ 410,00 kit R$ 63,00 Por: F\u00e1bia Diniz, SP\/Brasil. Data: 30 de abril \u2013 quarta-feira Carga hor\u00e1ria: 13h \u00e0s 20h \u2013 6h\/a (1h de intervalo)Descritivo: Nesta aula pr\u00e1tica e divertida, voc\u00ea aprender\u00e1 como explorar o Background criando um design secund\u00e1rio, com movimento e textura, usando v\u00e1rios padr\u00f5es de quilting livre, novos e modernos, que poder\u00e3o ser usados em diversos quilts..Pr\u00e9-requisitos: N\u00edvel intermedi\u00e1rio.Material necess\u00e1rio: tesoura para linha, desmanchador de costura, caneta frixion preta e 20 alfinetes de seguran\u00e7a m\u00e9dios.Observa\u00e7\u00f5es: O material solicitado \u00e9 imprescind\u00edvel para participa\u00e7\u00e3o no curso\/oficina.Atente-se para n\u00e3o comprar cursos\/oficinas no mesmo dia e hor\u00e1rio.Ap\u00f3s o pagamento, a sua matr\u00edcula \u00e9 automaticamente confirmada no curso\/oficina escolhido, portanto n\u00e3o h\u00e1 possibilidade de reembolso dos valores.Em caso de desist\u00eancia, sua inscri\u00e7\u00e3o poder\u00e1 ser transferida para outra pessoa por indica\u00e7\u00e3o enviando os dados da compra e da pessoa que vir\u00e1 no seu lugar para o email: fqcursos@gmail.com","robots":{"index":"index","follow":"follow","max-snippet":"max-snippet:-1","max-image-preview":"max-image-preview:large","max-video-preview":"max-video-preview:-1"},"canonical":"https:\/\/floripaquilt.com.br\/2025\/produto\/30-04-oceano-fabia-diniz\/","og_locale":"pt_BR","og_type":"article","og_title":"30\/04 \u2013 Oceano (F\u00e1bia Diniz) - Floripa Quilt","og_description":"R$ 410,00 kit R$ 63,00 Por: F\u00e1bia Diniz, SP\/Brasil. Data: 30 de abril \u2013 quarta-feira Carga hor\u00e1ria: 13h \u00e0s 20h \u2013 6h\/a (1h de intervalo)Descritivo: Nesta aula pr\u00e1tica e divertida, voc\u00ea aprender\u00e1 como explorar o Background criando um design secund\u00e1rio, com movimento e textura, usando v\u00e1rios padr\u00f5es de quilting livre, novos e modernos, que poder\u00e3o ser usados em diversos quilts..Pr\u00e9-requisitos: N\u00edvel intermedi\u00e1rio.Material necess\u00e1rio: tesoura para linha, desmanchador de costura, caneta frixion preta e 20 alfinetes de seguran\u00e7a m\u00e9dios.Observa\u00e7\u00f5es: O material solicitado \u00e9 imprescind\u00edvel para participa\u00e7\u00e3o no curso\/oficina.Atente-se para n\u00e3o comprar cursos\/oficinas no mesmo dia e hor\u00e1rio.Ap\u00f3s o pagamento, a sua matr\u00edcula \u00e9 automaticamente confirmada no curso\/oficina escolhido, portanto n\u00e3o h\u00e1 possibilidade de reembolso dos valores.Em caso de desist\u00eancia, sua inscri\u00e7\u00e3o poder\u00e1 ser transferida para outra pessoa por indica\u00e7\u00e3o enviando os dados da compra e da pessoa que vir\u00e1 no seu lugar para o email: fqcursos@gmail.com","og_url":"https:\/\/floripaquilt.com.br\/2025\/produto\/30-04-oceano-fabia-diniz\/","og_site_name":"Floripa Quilt","article_modified_time":"2025-04-27T14:04:25+00:00","og_image":[{"width":1280,"height":1263,"url":"https:\/\/floripaquilt.com.br\/2025\/wp-content\/uploads\/2025\/01\/WhatsApp-Image-2025-01-20-at-20.07.30.jpeg","type":"image\/jpeg"}],"twitter_card":"summary_large_image","twitter_misc":{"Est. tempo de leitura":"2 minutos"},"schema":{"@context":"https:\/\/schema.org","@graph":[{"@type":"WebPage","@id":"https:\/\/floripaquilt.com.br\/2025\/produto\/30-04-oceano-fabia-diniz\/","url":"https:\/\/floripaquilt.com.br\/2025\/produto\/30-04-oceano-fabia-diniz\/","name":"30\/04 \u2013 Oceano (F\u00e1bia Diniz) - Floripa Quilt","isPartOf":{"@id":"https:\/\/floripaquilt.com.br\/2025\/#website"},"primaryImageOfPage":{"@id":"https:\/\/floripaquilt.com.br\/2025\/produto\/30-04-oceano-fabia-diniz\/#primaryimage"},"image":{"@id":"https:\/\/floripaquilt.com.br\/2025\/produto\/30-04-oceano-fabia-diniz\/#primaryimage"},"thumbnailUrl":"https:\/\/floripaquilt.com.br\/2025\/wp-content\/uploads\/2025\/01\/WhatsApp-Image-2025-01-20-at-20.07.30.jpeg","datePublished":"2025-01-19T20:15:27+00:00","dateModified":"2025-04-27T14:04:25+00:00","description":"R$ 410,00 kit R$ 63,00 Por: F\u00e1bia Diniz, SP\/Brasil. Data: 30 de abril \u2013 quarta-feira Carga hor\u00e1ria: 13h \u00e0s 20h \u2013 6h\/a (1h de intervalo)Descritivo: Nesta aula pr\u00e1tica e divertida, voc\u00ea aprender\u00e1 como explorar o Background criando um design secund\u00e1rio, com movimento e textura, usando v\u00e1rios padr\u00f5es de quilting livre, novos e modernos, que poder\u00e3o ser usados em diversos quilts..Pr\u00e9-requisitos: N\u00edvel intermedi\u00e1rio.Material necess\u00e1rio: tesoura para linha, desmanchador de costura, caneta frixion preta e 20 alfinetes de seguran\u00e7a m\u00e9dios.Observa\u00e7\u00f5es: O material solicitado \u00e9 imprescind\u00edvel para participa\u00e7\u00e3o no curso\/oficina.Atente-se para n\u00e3o comprar cursos\/oficinas no mesmo dia e hor\u00e1rio.Ap\u00f3s o pagamento, a sua matr\u00edcula \u00e9 automaticamente confirmada no curso\/oficina escolhido, portanto n\u00e3o h\u00e1 possibilidade de reembolso dos valores.Em caso de desist\u00eancia, sua inscri\u00e7\u00e3o poder\u00e1 ser transferida para outra pessoa por indica\u00e7\u00e3o enviando os dados da compra e da pessoa que vir\u00e1 no seu lugar para o email: fqcursos@gmail.com","breadcrumb":{"@id":"https:\/\/floripaquilt.com.br\/2025\/produto\/30-04-oceano-fabia-diniz\/#breadcrumb"},"inLanguage":"pt-BR","potentialAction":[{"@type":"ReadAction","target":["https:\/\/floripaquilt.com.br\/2025\/produto\/30-04-oceano-fabia-diniz\/"]}]},{"@type":"ImageObject","inLanguage":"pt-BR","@id":"https:\/\/floripaquilt.com.br\/2025\/produto\/30-04-oceano-fabia-diniz\/#primaryimage","url":"https:\/\/floripaquilt.com.br\/2025\/wp-content\/uploads\/2025\/01\/WhatsApp-Image-2025-01-20-at-20.07.30.jpeg","contentUrl":"https:\/\/floripaquilt.com.br\/2025\/wp-content\/uploads\/2025\/01\/WhatsApp-Image-2025-01-20-at-20.07.30.jpeg","width":1280,"height":1263},{"@type":"BreadcrumbList","@id":"https:\/\/floripaquilt.com.br\/2025\/produto\/30-04-oceano-fabia-diniz\/#breadcrumb","itemListElement":[{"@type":"ListItem","position":1,"name":"In\u00edcio","item":"https:\/\/floripaquilt.com.br\/2025\/"},{"@type":"ListItem","position":2,"name":"30\/04 \u2013 Oceano (F\u00e1bia Diniz)"}]},{"@type":"WebSite","@id":"https:\/\/floripaquilt.com.br\/2025\/#website","url":"https:\/\/floripaquilt.com.br\/2025\/","name":"Floripa Quilt","description":"Floripa Quilt 2025 - 12\u00ba Festival de Patchwork - Arte T\u00eaxtil","publisher":{"@id":"https:\/\/floripaquilt.com.br\/2025\/#organization"},"potentialAction":[{"@type":"SearchAction","target":{"@type":"EntryPoint","urlTemplate":"https:\/\/floripaquilt.com.br\/2025\/?s={search_term_string}"},"query-input":{"@type":"PropertyValueSpecification","valueRequired":true,"valueName":"search_term_string"}}],"inLanguage":"pt-BR"},{"@type":"Organization","@id":"https:\/\/floripaquilt.com.br\/2025\/#organization","name":"Floripa Quilt","url":"https:\/\/floripaquilt.com.br\/2025\/","logo":{"@type":"ImageObject","inLanguage":"pt-BR","@id":"https:\/\/floripaquilt.com.br\/2025\/#\/schema\/logo\/image\/","url":"https:\/\/floripaquilt.com.br\/2025\/wp-content\/uploads\/2024\/08\/cropped-Sem-titulo-15.png","contentUrl":"https:\/\/floripaquilt.com.br\/2025\/wp-content\/uploads\/2024\/08\/cropped-Sem-titulo-15.png","width":3938,"height":669,"caption":"Floripa Quilt"},"image":{"@id":"https:\/\/floripaquilt.com.br\/2025\/#\/schema\/logo\/image\/"}}]}},"jetpack_sharing_enabled":true,"_links":{"self":[{"href":"https:\/\/floripaquilt.com.br\/2025\/wp-json\/wp\/v2\/product\/10690","targetHints":{"allow":["GET"]}}],"collection":[{"href":"https:\/\/floripaquilt.com.br\/2025\/wp-json\/wp\/v2\/product"}],"about":[{"href":"https:\/\/floripaquilt.com.br\/2025\/wp-json\/wp\/v2\/types\/product"}],"replies":[{"embeddable":true,"href":"https:\/\/floripaquilt.com.br\/2025\/wp-json\/wp\/v2\/comments?post=10690"}],"wp:featuredmedia":[{"embeddable":true,"href":"https:\/\/floripaquilt.com.br\/2025\/wp-json\/wp\/v2\/media\/10749"}],"wp:attachment":[{"href":"https:\/\/floripaquilt.com.br\/2025\/wp-json\/wp\/v2\/media?parent=10690"}],"wp:term":[{"taxonomy":"product_brand","embeddable":true,"href":"https:\/\/floripaquilt.com.br\/2025\/wp-json\/wp\/v2\/product_brand?post=10690"},{"taxonomy":"product_cat","embeddable":true,"href":"https:\/\/floripaquilt.com.br\/2025\/wp-json\/wp\/v2\/product_cat?post=10690"},{"taxonomy":"product_tag","embeddable":true,"href":"https:\/\/floripaquilt.com.br\/2025\/wp-json\/wp\/v2\/product_tag?post=10690"}],"curies":[{"name":"wp","href":"https:\/\/api.w.org\/{rel}","templated":true}]}}