{"id":10687,"date":"2025-01-19T17:09:57","date_gmt":"2025-01-19T20:09:57","guid":{"rendered":"https:\/\/floripaquilt.com.br\/2025\/?post_type=product&#038;p=10687"},"modified":"2025-04-24T09:38:11","modified_gmt":"2025-04-24T12:38:11","slug":"30-04-mosaicos-cecilia-koppmann","status":"publish","type":"product","link":"https:\/\/floripaquilt.com.br\/2025\/produto\/30-04-mosaicos-cecilia-koppmann\/","title":{"rendered":"30\/04 \u2013 Mosaicos (Cec\u00edlia Koppmann)"},"content":{"rendered":"<div class=\"gtranslate_wrapper\" id=\"gt-wrapper-30641286\"><\/div>\n<p>&nbsp;<\/p>\n<p><strong>R$ 210,00\u00a0 kit R$ 42,00<\/strong><\/p>\n<p><strong>Por:<\/strong> <strong>Cec\u00edlia Koppmann, Bs.As.\/Argentina.<\/strong><\/p>\n<p><strong>Data:\u202f<\/strong>30 de abril \u2013 quarta-feira<\/p>\n<p><strong>Carga hor\u00e1ria<\/strong>: 9h \u00e0s 12h \u2013 3h\/a<\/p>\n<p><strong>Descritivo:<\/strong> Sempre gostei de mosaicos, a ideia de reciclar pe\u00e7as quebradas ou em desuso e a variedade de desenhos que podem ser criados.\u00a0O que poderia ser melhor do que faz\u00ea-lo em tecido? Vou mostrar alguns recursos para cortar diferentes formas, organiz\u00e1-las e finalmente costur\u00e1-las ao quilt. H\u00e1 formas de trabalhar para todos os gostos:\u00a0 Voc\u00ea pode planejar em detalhes, fazer apenas um esbo\u00e7o pr\u00e9vio ou trabalhar improvisando totalmente. Voc\u00ea n\u00e3o precisa de conhecimentos pr\u00e9vios de costura. S\u00f3 vontade de brincar um pouco com os tecidos! N\u00e3o tem como n\u00e3o ficar incr\u00edvel!<\/p>\n<p><strong>Pr\u00e9-requisitos<\/strong>: Gostar do fazer \u00e0 m\u00e3o.<\/p>\n<p><strong>Material necess\u00e1rio: <\/strong>Pin\u00e7a de depila\u00e7\u00e3o ou de enfiar linha, l\u00e1pis branco, cortador circular, base de corte, tesoura para tecido, alfinetes, retalhos de todos os tipos de tecidos de cores vivas para compor o mosaico (n\u00e3o \u00e9 necess\u00e1rio ser de puro algod\u00e3o e voc\u00ea pode incluir tecidos brilhantes como seda ou lam\u00ea), cola bast\u00e3o, 2 l\u00e2minas de papel\u00e3o 30 cm x 40 cm para facilitar o transporte do trabalho para terminar em casa.<\/p>\n<p><strong>Observa\u00e7\u00f5es:\u00a0<\/strong><\/p>\n<p>O\u00a0material solicitado \u00e9 imprescind\u00edvel para participa\u00e7\u00e3o no curso\/oficina.<\/p>\n<p>Atente-se para n\u00e3o comprar cursos\/oficinas no mesmo dia e hor\u00e1rio.<\/p>\n<p>Ap\u00f3s o pagamento, a sua matr\u00edcula \u00e9 automaticamente confirmada no curso\/oficina escolhido, portanto\u00a0<strong>n\u00e3o h\u00e1 possibilidade de reembolso dos valores.<\/strong><\/p>\n<p>Em caso de desist\u00eancia, sua inscri\u00e7\u00e3o poder\u00e1 ser transferida para outra pessoa por indica\u00e7\u00e3o enviando os dados da compra e da pessoa que vir\u00e1 no seu lugar para o email: <a href=\"mailto:fqcursos@gmail.com\">fqcursos@gmail.com<\/a><\/p>\n","protected":false},"excerpt":{"rendered":"[gtranslate]\n<p>&nbsp;<\/p>\n<p><strong>R$ 210,00\u00a0 kit R$ 42,00<\/strong><\/p>\n<p><strong>Por:<\/strong> <strong>Cec\u00edlia Koppmann, Bs.As.\/Argentina.<\/strong><\/p>\n<p><strong>Data:\u202f<\/strong>30 de abril \u2013 quarta-feira<\/p>\n<p><strong>Carga hor\u00e1ria<\/strong>: 9h \u00e0s 12h \u2013 3h\/a<\/p>\n<p><strong>Descritivo:<\/strong> Sempre gostei de mosaicos, a ideia de reciclar pe\u00e7as quebradas ou em desuso e a variedade de desenhos que podem ser criados.\u00a0O que poderia ser melhor do que faz\u00ea-lo em tecido? Vou mostrar alguns recursos para cortar diferentes formas, organiz\u00e1-las e finalmente costur\u00e1-las ao quilt. H\u00e1 formas de trabalhar para todos os gostos:\u00a0 Voc\u00ea pode planejar em detalhes, fazer apenas um esbo\u00e7o pr\u00e9vio ou trabalhar improvisando totalmente. Voc\u00ea n\u00e3o precisa de conhecimentos pr\u00e9vios de costura. S\u00f3 vontade de brincar um pouco com os tecidos! N\u00e3o tem como n\u00e3o ficar incr\u00edvel!<\/p>\n<p><strong>Pr\u00e9-requisitos<\/strong>: Gostar do fazer \u00e0 m\u00e3o.<\/p>\n<p><strong>Material necess\u00e1rio: <\/strong>Pin\u00e7a de depila\u00e7\u00e3o ou de enfiar linha, l\u00e1pis branco, cortador circular, base de corte, tesoura para tecido, alfinetes, retalhos de todos os tipos de tecidos de cores vivas para compor o mosaico (n\u00e3o \u00e9 necess\u00e1rio ser de puro algod\u00e3o e voc\u00ea pode incluir tecidos brilhantes como seda ou lam\u00ea), cola bast\u00e3o, 2 l\u00e2minas de papel\u00e3o 30 cm x 40 cm para facilitar o transporte do trabalho para terminar em casa.<\/p>\n<p><strong>Observa\u00e7\u00f5es:\u00a0<\/strong><\/p>\n<p>O\u00a0material solicitado \u00e9 imprescind\u00edvel para participa\u00e7\u00e3o no curso\/oficina.<\/p>\n<p>Atente-se para n\u00e3o comprar cursos\/oficinas no mesmo dia e hor\u00e1rio.<\/p>\n<p>Ap\u00f3s o pagamento, a sua matr\u00edcula \u00e9 automaticamente confirmada no curso\/oficina escolhido, portanto\u00a0<strong>n\u00e3o h\u00e1 possibilidade de reembolso dos valores.<\/strong><\/p>\n<p>Em caso de desist\u00eancia, sua inscri\u00e7\u00e3o poder\u00e1 ser transferida para outra pessoa por indica\u00e7\u00e3o enviando os dados da compra e da pessoa que vir\u00e1 no seu lugar para o email: <a href=\"mailto:fqcursos@gmail.com\">fqcursos@gmail.com<\/a><\/p>\n","protected":false},"featured_media":10608,"comment_status":"closed","ping_status":"closed","template":"","meta":{"_monsterinsights_skip_tracking":false,"_monsterinsights_sitenote_active":false,"_monsterinsights_sitenote_note":"","_monsterinsights_sitenote_category":0,"_uf_show_specific_survey":0,"_uf_disable_surveys":false},"product_brand":[],"product_cat":[155],"product_tag":[],"class_list":{"0":"post-10687","1":"product","2":"type-product","3":"status-publish","4":"has-post-thumbnail","6":"product_cat-oficinas","8":"first","9":"instock","10":"shipping-taxable","11":"purchasable","12":"product-type-simple"},"acf":[],"yoast_head":"<!-- This site is optimized with the Yoast SEO plugin v27.4 - https:\/\/yoast.com\/product\/yoast-seo-wordpress\/ -->\n<title>30\/04 \u2013 Mosaicos (Cec\u00edlia Koppmann) - Floripa Quilt<\/title>\n<meta name=\"description\" content=\"R$ 210,00 kit R$ 42,00Por: Cec\u00edlia Koppmann, Bs.As.\/Argentina. Data:\u202f30 de abril \u2013 quarta-feira Carga hor\u00e1ria: 9h \u00e0s 12h \u2013 3h\/a Descritivo: Sempre gostei de mosaicos, a ideia de reciclar pe\u00e7as quebradas ou em desuso e a variedade de desenhos que podem ser criados. O que poderia ser melhor do que faz\u00ea-lo em tecido? Vou mostrar alguns recursos para cortar diferentes formas, organiz\u00e1-las e finalmente costur\u00e1-las ao quilt. H\u00e1 formas de trabalhar para todos os gostos: Voc\u00ea pode planejar em detalhes, fazer apenas um esbo\u00e7o pr\u00e9vio ou trabalhar improvisando totalmente. Voc\u00ea n\u00e3o precisa de conhecimentos pr\u00e9vios de costura. S\u00f3 vontade de brincar um pouco com os tecidos! N\u00e3o tem como n\u00e3o ficar incr\u00edvel!Pr\u00e9-requisitos: Gostar do fazer \u00e0 m\u00e3o.Material necess\u00e1rio: Pin\u00e7a de depila\u00e7\u00e3o ou de enfiar linha, l\u00e1pis branco, cortador circular, base de corte, tesoura para tecido, alfinetes, retalhos de todos os tipos de tecidos de cores vivas para compor o mosaico (n\u00e3o \u00e9 necess\u00e1rio ser de puro algod\u00e3o e voc\u00ea pode incluir tecidos brilhantes como seda ou lam\u00ea), cola bast\u00e3o, 2 l\u00e2minas de papel\u00e3o 30 cm x 40 cm para facilitar o transporte do trabalho para terminar em casa.Observa\u00e7\u00f5es: O material solicitado \u00e9 imprescind\u00edvel para participa\u00e7\u00e3o no curso\/oficina.Atente-se para n\u00e3o comprar cursos\/oficinas no mesmo dia e hor\u00e1rio.Ap\u00f3s o pagamento, a sua matr\u00edcula \u00e9 automaticamente confirmada no curso\/oficina escolhido, portanto n\u00e3o h\u00e1 possibilidade de reembolso dos valores.Em caso de desist\u00eancia, sua inscri\u00e7\u00e3o poder\u00e1 ser transferida para outra pessoa por indica\u00e7\u00e3o enviando os dados da compra e da pessoa que vir\u00e1 no seu lugar para o email: fqcursos@gmail.com\" \/>\n<meta name=\"robots\" content=\"index, follow, max-snippet:-1, max-image-preview:large, max-video-preview:-1\" \/>\n<link rel=\"canonical\" href=\"https:\/\/floripaquilt.com.br\/2025\/produto\/30-04-mosaicos-cecilia-koppmann\/\" \/>\n<meta property=\"og:locale\" content=\"pt_BR\" \/>\n<meta property=\"og:type\" content=\"article\" \/>\n<meta property=\"og:title\" content=\"30\/04 \u2013 Mosaicos (Cec\u00edlia Koppmann) - Floripa Quilt\" \/>\n<meta property=\"og:description\" content=\"R$ 210,00 kit R$ 42,00Por: Cec\u00edlia Koppmann, Bs.As.\/Argentina. Data:\u202f30 de abril \u2013 quarta-feira Carga hor\u00e1ria: 9h \u00e0s 12h \u2013 3h\/a Descritivo: Sempre gostei de mosaicos, a ideia de reciclar pe\u00e7as quebradas ou em desuso e a variedade de desenhos que podem ser criados. O que poderia ser melhor do que faz\u00ea-lo em tecido? Vou mostrar alguns recursos para cortar diferentes formas, organiz\u00e1-las e finalmente costur\u00e1-las ao quilt. H\u00e1 formas de trabalhar para todos os gostos: Voc\u00ea pode planejar em detalhes, fazer apenas um esbo\u00e7o pr\u00e9vio ou trabalhar improvisando totalmente. Voc\u00ea n\u00e3o precisa de conhecimentos pr\u00e9vios de costura. S\u00f3 vontade de brincar um pouco com os tecidos! N\u00e3o tem como n\u00e3o ficar incr\u00edvel!Pr\u00e9-requisitos: Gostar do fazer \u00e0 m\u00e3o.Material necess\u00e1rio: Pin\u00e7a de depila\u00e7\u00e3o ou de enfiar linha, l\u00e1pis branco, cortador circular, base de corte, tesoura para tecido, alfinetes, retalhos de todos os tipos de tecidos de cores vivas para compor o mosaico (n\u00e3o \u00e9 necess\u00e1rio ser de puro algod\u00e3o e voc\u00ea pode incluir tecidos brilhantes como seda ou lam\u00ea), cola bast\u00e3o, 2 l\u00e2minas de papel\u00e3o 30 cm x 40 cm para facilitar o transporte do trabalho para terminar em casa.Observa\u00e7\u00f5es: O material solicitado \u00e9 imprescind\u00edvel para participa\u00e7\u00e3o no curso\/oficina.Atente-se para n\u00e3o comprar cursos\/oficinas no mesmo dia e hor\u00e1rio.Ap\u00f3s o pagamento, a sua matr\u00edcula \u00e9 automaticamente confirmada no curso\/oficina escolhido, portanto n\u00e3o h\u00e1 possibilidade de reembolso dos valores.Em caso de desist\u00eancia, sua inscri\u00e7\u00e3o poder\u00e1 ser transferida para outra pessoa por indica\u00e7\u00e3o enviando os dados da compra e da pessoa que vir\u00e1 no seu lugar para o email: fqcursos@gmail.com\" \/>\n<meta property=\"og:url\" content=\"https:\/\/floripaquilt.com.br\/2025\/produto\/30-04-mosaicos-cecilia-koppmann\/\" \/>\n<meta property=\"og:site_name\" content=\"Floripa Quilt\" \/>\n<meta property=\"article:modified_time\" content=\"2025-04-24T12:38:11+00:00\" \/>\n<meta property=\"og:image\" content=\"https:\/\/floripaquilt.com.br\/2025\/wp-content\/uploads\/2025\/01\/IMG_1622-scaled.jpeg\" \/>\n\t<meta property=\"og:image:width\" content=\"1164\" \/>\n\t<meta property=\"og:image:height\" content=\"2560\" \/>\n\t<meta property=\"og:image:type\" content=\"image\/jpeg\" \/>\n<meta name=\"twitter:card\" content=\"summary_large_image\" \/>\n<meta name=\"twitter:label1\" content=\"Est. tempo de leitura\" \/>\n\t<meta name=\"twitter:data1\" content=\"2 minutos\" \/>\n<script type=\"application\/ld+json\" class=\"yoast-schema-graph\">{\"@context\":\"https:\\\/\\\/schema.org\",\"@graph\":[{\"@type\":\"WebPage\",\"@id\":\"https:\\\/\\\/floripaquilt.com.br\\\/2025\\\/produto\\\/30-04-mosaicos-cecilia-koppmann\\\/\",\"url\":\"https:\\\/\\\/floripaquilt.com.br\\\/2025\\\/produto\\\/30-04-mosaicos-cecilia-koppmann\\\/\",\"name\":\"30\\\/04 \u2013 Mosaicos (Cec\u00edlia Koppmann) - Floripa Quilt\",\"isPartOf\":{\"@id\":\"https:\\\/\\\/floripaquilt.com.br\\\/2025\\\/#website\"},\"primaryImageOfPage\":{\"@id\":\"https:\\\/\\\/floripaquilt.com.br\\\/2025\\\/produto\\\/30-04-mosaicos-cecilia-koppmann\\\/#primaryimage\"},\"image\":{\"@id\":\"https:\\\/\\\/floripaquilt.com.br\\\/2025\\\/produto\\\/30-04-mosaicos-cecilia-koppmann\\\/#primaryimage\"},\"thumbnailUrl\":\"https:\\\/\\\/floripaquilt.com.br\\\/2025\\\/wp-content\\\/uploads\\\/2025\\\/01\\\/IMG_1622-scaled.jpeg\",\"datePublished\":\"2025-01-19T20:09:57+00:00\",\"dateModified\":\"2025-04-24T12:38:11+00:00\",\"description\":\"R$ 210,00 kit R$ 42,00Por: Cec\u00edlia Koppmann, Bs.As.\\\/Argentina. Data:\u202f30 de abril \u2013 quarta-feira Carga hor\u00e1ria: 9h \u00e0s 12h \u2013 3h\\\/a Descritivo: Sempre gostei de mosaicos, a ideia de reciclar pe\u00e7as quebradas ou em desuso e a variedade de desenhos que podem ser criados. O que poderia ser melhor do que faz\u00ea-lo em tecido? Vou mostrar alguns recursos para cortar diferentes formas, organiz\u00e1-las e finalmente costur\u00e1-las ao quilt. H\u00e1 formas de trabalhar para todos os gostos: Voc\u00ea pode planejar em detalhes, fazer apenas um esbo\u00e7o pr\u00e9vio ou trabalhar improvisando totalmente. Voc\u00ea n\u00e3o precisa de conhecimentos pr\u00e9vios de costura. S\u00f3 vontade de brincar um pouco com os tecidos! N\u00e3o tem como n\u00e3o ficar incr\u00edvel!Pr\u00e9-requisitos: Gostar do fazer \u00e0 m\u00e3o.Material necess\u00e1rio: Pin\u00e7a de depila\u00e7\u00e3o ou de enfiar linha, l\u00e1pis branco, cortador circular, base de corte, tesoura para tecido, alfinetes, retalhos de todos os tipos de tecidos de cores vivas para compor o mosaico (n\u00e3o \u00e9 necess\u00e1rio ser de puro algod\u00e3o e voc\u00ea pode incluir tecidos brilhantes como seda ou lam\u00ea), cola bast\u00e3o, 2 l\u00e2minas de papel\u00e3o 30 cm x 40 cm para facilitar o transporte do trabalho para terminar em casa.Observa\u00e7\u00f5es: O material solicitado \u00e9 imprescind\u00edvel para participa\u00e7\u00e3o no curso\\\/oficina.Atente-se para n\u00e3o comprar cursos\\\/oficinas no mesmo dia e hor\u00e1rio.Ap\u00f3s o pagamento, a sua matr\u00edcula \u00e9 automaticamente confirmada no curso\\\/oficina escolhido, portanto n\u00e3o h\u00e1 possibilidade de reembolso dos valores.Em caso de desist\u00eancia, sua inscri\u00e7\u00e3o poder\u00e1 ser transferida para outra pessoa por indica\u00e7\u00e3o enviando os dados da compra e da pessoa que vir\u00e1 no seu lugar para o email: fqcursos@gmail.com\",\"breadcrumb\":{\"@id\":\"https:\\\/\\\/floripaquilt.com.br\\\/2025\\\/produto\\\/30-04-mosaicos-cecilia-koppmann\\\/#breadcrumb\"},\"inLanguage\":\"pt-BR\",\"potentialAction\":[{\"@type\":\"ReadAction\",\"target\":[\"https:\\\/\\\/floripaquilt.com.br\\\/2025\\\/produto\\\/30-04-mosaicos-cecilia-koppmann\\\/\"]}]},{\"@type\":\"ImageObject\",\"inLanguage\":\"pt-BR\",\"@id\":\"https:\\\/\\\/floripaquilt.com.br\\\/2025\\\/produto\\\/30-04-mosaicos-cecilia-koppmann\\\/#primaryimage\",\"url\":\"https:\\\/\\\/floripaquilt.com.br\\\/2025\\\/wp-content\\\/uploads\\\/2025\\\/01\\\/IMG_1622-scaled.jpeg\",\"contentUrl\":\"https:\\\/\\\/floripaquilt.com.br\\\/2025\\\/wp-content\\\/uploads\\\/2025\\\/01\\\/IMG_1622-scaled.jpeg\",\"width\":1164,\"height\":2560},{\"@type\":\"BreadcrumbList\",\"@id\":\"https:\\\/\\\/floripaquilt.com.br\\\/2025\\\/produto\\\/30-04-mosaicos-cecilia-koppmann\\\/#breadcrumb\",\"itemListElement\":[{\"@type\":\"ListItem\",\"position\":1,\"name\":\"In\u00edcio\",\"item\":\"https:\\\/\\\/floripaquilt.com.br\\\/2025\\\/\"},{\"@type\":\"ListItem\",\"position\":2,\"name\":\"30\\\/04 \u2013 Mosaicos (Cec\u00edlia Koppmann)\"}]},{\"@type\":\"WebSite\",\"@id\":\"https:\\\/\\\/floripaquilt.com.br\\\/2025\\\/#website\",\"url\":\"https:\\\/\\\/floripaquilt.com.br\\\/2025\\\/\",\"name\":\"Floripa Quilt\",\"description\":\"Floripa Quilt 2025 - 12\u00ba Festival de Patchwork - Arte T\u00eaxtil\",\"publisher\":{\"@id\":\"https:\\\/\\\/floripaquilt.com.br\\\/2025\\\/#organization\"},\"potentialAction\":[{\"@type\":\"SearchAction\",\"target\":{\"@type\":\"EntryPoint\",\"urlTemplate\":\"https:\\\/\\\/floripaquilt.com.br\\\/2025\\\/?s={search_term_string}\"},\"query-input\":{\"@type\":\"PropertyValueSpecification\",\"valueRequired\":true,\"valueName\":\"search_term_string\"}}],\"inLanguage\":\"pt-BR\"},{\"@type\":\"Organization\",\"@id\":\"https:\\\/\\\/floripaquilt.com.br\\\/2025\\\/#organization\",\"name\":\"Floripa Quilt\",\"url\":\"https:\\\/\\\/floripaquilt.com.br\\\/2025\\\/\",\"logo\":{\"@type\":\"ImageObject\",\"inLanguage\":\"pt-BR\",\"@id\":\"https:\\\/\\\/floripaquilt.com.br\\\/2025\\\/#\\\/schema\\\/logo\\\/image\\\/\",\"url\":\"https:\\\/\\\/floripaquilt.com.br\\\/2025\\\/wp-content\\\/uploads\\\/2024\\\/08\\\/cropped-Sem-titulo-15.png\",\"contentUrl\":\"https:\\\/\\\/floripaquilt.com.br\\\/2025\\\/wp-content\\\/uploads\\\/2024\\\/08\\\/cropped-Sem-titulo-15.png\",\"width\":3938,\"height\":669,\"caption\":\"Floripa Quilt\"},\"image\":{\"@id\":\"https:\\\/\\\/floripaquilt.com.br\\\/2025\\\/#\\\/schema\\\/logo\\\/image\\\/\"}}]}<\/script>\n<!-- \/ Yoast SEO plugin. -->","yoast_head_json":{"title":"30\/04 \u2013 Mosaicos (Cec\u00edlia Koppmann) - Floripa Quilt","description":"R$ 210,00 kit R$ 42,00Por: Cec\u00edlia Koppmann, Bs.As.\/Argentina. Data:\u202f30 de abril \u2013 quarta-feira Carga hor\u00e1ria: 9h \u00e0s 12h \u2013 3h\/a Descritivo: Sempre gostei de mosaicos, a ideia de reciclar pe\u00e7as quebradas ou em desuso e a variedade de desenhos que podem ser criados. O que poderia ser melhor do que faz\u00ea-lo em tecido? Vou mostrar alguns recursos para cortar diferentes formas, organiz\u00e1-las e finalmente costur\u00e1-las ao quilt. H\u00e1 formas de trabalhar para todos os gostos: Voc\u00ea pode planejar em detalhes, fazer apenas um esbo\u00e7o pr\u00e9vio ou trabalhar improvisando totalmente. Voc\u00ea n\u00e3o precisa de conhecimentos pr\u00e9vios de costura. S\u00f3 vontade de brincar um pouco com os tecidos! N\u00e3o tem como n\u00e3o ficar incr\u00edvel!Pr\u00e9-requisitos: Gostar do fazer \u00e0 m\u00e3o.Material necess\u00e1rio: Pin\u00e7a de depila\u00e7\u00e3o ou de enfiar linha, l\u00e1pis branco, cortador circular, base de corte, tesoura para tecido, alfinetes, retalhos de todos os tipos de tecidos de cores vivas para compor o mosaico (n\u00e3o \u00e9 necess\u00e1rio ser de puro algod\u00e3o e voc\u00ea pode incluir tecidos brilhantes como seda ou lam\u00ea), cola bast\u00e3o, 2 l\u00e2minas de papel\u00e3o 30 cm x 40 cm para facilitar o transporte do trabalho para terminar em casa.Observa\u00e7\u00f5es: O material solicitado \u00e9 imprescind\u00edvel para participa\u00e7\u00e3o no curso\/oficina.Atente-se para n\u00e3o comprar cursos\/oficinas no mesmo dia e hor\u00e1rio.Ap\u00f3s o pagamento, a sua matr\u00edcula \u00e9 automaticamente confirmada no curso\/oficina escolhido, portanto n\u00e3o h\u00e1 possibilidade de reembolso dos valores.Em caso de desist\u00eancia, sua inscri\u00e7\u00e3o poder\u00e1 ser transferida para outra pessoa por indica\u00e7\u00e3o enviando os dados da compra e da pessoa que vir\u00e1 no seu lugar para o email: fqcursos@gmail.com","robots":{"index":"index","follow":"follow","max-snippet":"max-snippet:-1","max-image-preview":"max-image-preview:large","max-video-preview":"max-video-preview:-1"},"canonical":"https:\/\/floripaquilt.com.br\/2025\/produto\/30-04-mosaicos-cecilia-koppmann\/","og_locale":"pt_BR","og_type":"article","og_title":"30\/04 \u2013 Mosaicos (Cec\u00edlia Koppmann) - Floripa Quilt","og_description":"R$ 210,00 kit R$ 42,00Por: Cec\u00edlia Koppmann, Bs.As.\/Argentina. Data:\u202f30 de abril \u2013 quarta-feira Carga hor\u00e1ria: 9h \u00e0s 12h \u2013 3h\/a Descritivo: Sempre gostei de mosaicos, a ideia de reciclar pe\u00e7as quebradas ou em desuso e a variedade de desenhos que podem ser criados. O que poderia ser melhor do que faz\u00ea-lo em tecido? Vou mostrar alguns recursos para cortar diferentes formas, organiz\u00e1-las e finalmente costur\u00e1-las ao quilt. H\u00e1 formas de trabalhar para todos os gostos: Voc\u00ea pode planejar em detalhes, fazer apenas um esbo\u00e7o pr\u00e9vio ou trabalhar improvisando totalmente. Voc\u00ea n\u00e3o precisa de conhecimentos pr\u00e9vios de costura. S\u00f3 vontade de brincar um pouco com os tecidos! N\u00e3o tem como n\u00e3o ficar incr\u00edvel!Pr\u00e9-requisitos: Gostar do fazer \u00e0 m\u00e3o.Material necess\u00e1rio: Pin\u00e7a de depila\u00e7\u00e3o ou de enfiar linha, l\u00e1pis branco, cortador circular, base de corte, tesoura para tecido, alfinetes, retalhos de todos os tipos de tecidos de cores vivas para compor o mosaico (n\u00e3o \u00e9 necess\u00e1rio ser de puro algod\u00e3o e voc\u00ea pode incluir tecidos brilhantes como seda ou lam\u00ea), cola bast\u00e3o, 2 l\u00e2minas de papel\u00e3o 30 cm x 40 cm para facilitar o transporte do trabalho para terminar em casa.Observa\u00e7\u00f5es: O material solicitado \u00e9 imprescind\u00edvel para participa\u00e7\u00e3o no curso\/oficina.Atente-se para n\u00e3o comprar cursos\/oficinas no mesmo dia e hor\u00e1rio.Ap\u00f3s o pagamento, a sua matr\u00edcula \u00e9 automaticamente confirmada no curso\/oficina escolhido, portanto n\u00e3o h\u00e1 possibilidade de reembolso dos valores.Em caso de desist\u00eancia, sua inscri\u00e7\u00e3o poder\u00e1 ser transferida para outra pessoa por indica\u00e7\u00e3o enviando os dados da compra e da pessoa que vir\u00e1 no seu lugar para o email: fqcursos@gmail.com","og_url":"https:\/\/floripaquilt.com.br\/2025\/produto\/30-04-mosaicos-cecilia-koppmann\/","og_site_name":"Floripa Quilt","article_modified_time":"2025-04-24T12:38:11+00:00","og_image":[{"width":1164,"height":2560,"url":"https:\/\/floripaquilt.com.br\/2025\/wp-content\/uploads\/2025\/01\/IMG_1622-scaled.jpeg","type":"image\/jpeg"}],"twitter_card":"summary_large_image","twitter_misc":{"Est. tempo de leitura":"2 minutos"},"schema":{"@context":"https:\/\/schema.org","@graph":[{"@type":"WebPage","@id":"https:\/\/floripaquilt.com.br\/2025\/produto\/30-04-mosaicos-cecilia-koppmann\/","url":"https:\/\/floripaquilt.com.br\/2025\/produto\/30-04-mosaicos-cecilia-koppmann\/","name":"30\/04 \u2013 Mosaicos (Cec\u00edlia Koppmann) - Floripa Quilt","isPartOf":{"@id":"https:\/\/floripaquilt.com.br\/2025\/#website"},"primaryImageOfPage":{"@id":"https:\/\/floripaquilt.com.br\/2025\/produto\/30-04-mosaicos-cecilia-koppmann\/#primaryimage"},"image":{"@id":"https:\/\/floripaquilt.com.br\/2025\/produto\/30-04-mosaicos-cecilia-koppmann\/#primaryimage"},"thumbnailUrl":"https:\/\/floripaquilt.com.br\/2025\/wp-content\/uploads\/2025\/01\/IMG_1622-scaled.jpeg","datePublished":"2025-01-19T20:09:57+00:00","dateModified":"2025-04-24T12:38:11+00:00","description":"R$ 210,00 kit R$ 42,00Por: Cec\u00edlia Koppmann, Bs.As.\/Argentina. Data:\u202f30 de abril \u2013 quarta-feira Carga hor\u00e1ria: 9h \u00e0s 12h \u2013 3h\/a Descritivo: Sempre gostei de mosaicos, a ideia de reciclar pe\u00e7as quebradas ou em desuso e a variedade de desenhos que podem ser criados. O que poderia ser melhor do que faz\u00ea-lo em tecido? Vou mostrar alguns recursos para cortar diferentes formas, organiz\u00e1-las e finalmente costur\u00e1-las ao quilt. H\u00e1 formas de trabalhar para todos os gostos: Voc\u00ea pode planejar em detalhes, fazer apenas um esbo\u00e7o pr\u00e9vio ou trabalhar improvisando totalmente. Voc\u00ea n\u00e3o precisa de conhecimentos pr\u00e9vios de costura. S\u00f3 vontade de brincar um pouco com os tecidos! N\u00e3o tem como n\u00e3o ficar incr\u00edvel!Pr\u00e9-requisitos: Gostar do fazer \u00e0 m\u00e3o.Material necess\u00e1rio: Pin\u00e7a de depila\u00e7\u00e3o ou de enfiar linha, l\u00e1pis branco, cortador circular, base de corte, tesoura para tecido, alfinetes, retalhos de todos os tipos de tecidos de cores vivas para compor o mosaico (n\u00e3o \u00e9 necess\u00e1rio ser de puro algod\u00e3o e voc\u00ea pode incluir tecidos brilhantes como seda ou lam\u00ea), cola bast\u00e3o, 2 l\u00e2minas de papel\u00e3o 30 cm x 40 cm para facilitar o transporte do trabalho para terminar em casa.Observa\u00e7\u00f5es: O material solicitado \u00e9 imprescind\u00edvel para participa\u00e7\u00e3o no curso\/oficina.Atente-se para n\u00e3o comprar cursos\/oficinas no mesmo dia e hor\u00e1rio.Ap\u00f3s o pagamento, a sua matr\u00edcula \u00e9 automaticamente confirmada no curso\/oficina escolhido, portanto n\u00e3o h\u00e1 possibilidade de reembolso dos valores.Em caso de desist\u00eancia, sua inscri\u00e7\u00e3o poder\u00e1 ser transferida para outra pessoa por indica\u00e7\u00e3o enviando os dados da compra e da pessoa que vir\u00e1 no seu lugar para o email: fqcursos@gmail.com","breadcrumb":{"@id":"https:\/\/floripaquilt.com.br\/2025\/produto\/30-04-mosaicos-cecilia-koppmann\/#breadcrumb"},"inLanguage":"pt-BR","potentialAction":[{"@type":"ReadAction","target":["https:\/\/floripaquilt.com.br\/2025\/produto\/30-04-mosaicos-cecilia-koppmann\/"]}]},{"@type":"ImageObject","inLanguage":"pt-BR","@id":"https:\/\/floripaquilt.com.br\/2025\/produto\/30-04-mosaicos-cecilia-koppmann\/#primaryimage","url":"https:\/\/floripaquilt.com.br\/2025\/wp-content\/uploads\/2025\/01\/IMG_1622-scaled.jpeg","contentUrl":"https:\/\/floripaquilt.com.br\/2025\/wp-content\/uploads\/2025\/01\/IMG_1622-scaled.jpeg","width":1164,"height":2560},{"@type":"BreadcrumbList","@id":"https:\/\/floripaquilt.com.br\/2025\/produto\/30-04-mosaicos-cecilia-koppmann\/#breadcrumb","itemListElement":[{"@type":"ListItem","position":1,"name":"In\u00edcio","item":"https:\/\/floripaquilt.com.br\/2025\/"},{"@type":"ListItem","position":2,"name":"30\/04 \u2013 Mosaicos (Cec\u00edlia Koppmann)"}]},{"@type":"WebSite","@id":"https:\/\/floripaquilt.com.br\/2025\/#website","url":"https:\/\/floripaquilt.com.br\/2025\/","name":"Floripa Quilt","description":"Floripa Quilt 2025 - 12\u00ba Festival de Patchwork - Arte T\u00eaxtil","publisher":{"@id":"https:\/\/floripaquilt.com.br\/2025\/#organization"},"potentialAction":[{"@type":"SearchAction","target":{"@type":"EntryPoint","urlTemplate":"https:\/\/floripaquilt.com.br\/2025\/?s={search_term_string}"},"query-input":{"@type":"PropertyValueSpecification","valueRequired":true,"valueName":"search_term_string"}}],"inLanguage":"pt-BR"},{"@type":"Organization","@id":"https:\/\/floripaquilt.com.br\/2025\/#organization","name":"Floripa Quilt","url":"https:\/\/floripaquilt.com.br\/2025\/","logo":{"@type":"ImageObject","inLanguage":"pt-BR","@id":"https:\/\/floripaquilt.com.br\/2025\/#\/schema\/logo\/image\/","url":"https:\/\/floripaquilt.com.br\/2025\/wp-content\/uploads\/2024\/08\/cropped-Sem-titulo-15.png","contentUrl":"https:\/\/floripaquilt.com.br\/2025\/wp-content\/uploads\/2024\/08\/cropped-Sem-titulo-15.png","width":3938,"height":669,"caption":"Floripa Quilt"},"image":{"@id":"https:\/\/floripaquilt.com.br\/2025\/#\/schema\/logo\/image\/"}}]}},"jetpack_sharing_enabled":true,"_links":{"self":[{"href":"https:\/\/floripaquilt.com.br\/2025\/wp-json\/wp\/v2\/product\/10687","targetHints":{"allow":["GET"]}}],"collection":[{"href":"https:\/\/floripaquilt.com.br\/2025\/wp-json\/wp\/v2\/product"}],"about":[{"href":"https:\/\/floripaquilt.com.br\/2025\/wp-json\/wp\/v2\/types\/product"}],"replies":[{"embeddable":true,"href":"https:\/\/floripaquilt.com.br\/2025\/wp-json\/wp\/v2\/comments?post=10687"}],"wp:featuredmedia":[{"embeddable":true,"href":"https:\/\/floripaquilt.com.br\/2025\/wp-json\/wp\/v2\/media\/10608"}],"wp:attachment":[{"href":"https:\/\/floripaquilt.com.br\/2025\/wp-json\/wp\/v2\/media?parent=10687"}],"wp:term":[{"taxonomy":"product_brand","embeddable":true,"href":"https:\/\/floripaquilt.com.br\/2025\/wp-json\/wp\/v2\/product_brand?post=10687"},{"taxonomy":"product_cat","embeddable":true,"href":"https:\/\/floripaquilt.com.br\/2025\/wp-json\/wp\/v2\/product_cat?post=10687"},{"taxonomy":"product_tag","embeddable":true,"href":"https:\/\/floripaquilt.com.br\/2025\/wp-json\/wp\/v2\/product_tag?post=10687"}],"curies":[{"name":"wp","href":"https:\/\/api.w.org\/{rel}","templated":true}]}}