{"id":10686,"date":"2025-01-19T17:07:47","date_gmt":"2025-01-19T20:07:47","guid":{"rendered":"https:\/\/floripaquilt.com.br\/2025\/?post_type=product&#038;p=10686"},"modified":"2025-04-24T20:06:05","modified_gmt":"2025-04-24T23:06:05","slug":"03-05-art-bowls-cecilia-koppmann","status":"publish","type":"product","link":"https:\/\/floripaquilt.com.br\/2025\/produto\/03-05-art-bowls-cecilia-koppmann\/","title":{"rendered":"03\/05 \u2013 Art Bowls (Cec\u00edlia Koppmann)"},"content":{"rendered":"<div class=\"gtranslate_wrapper\" id=\"gt-wrapper-32535671\"><\/div>\n<p>&nbsp;<\/p>\n<p><strong>R$ 275,00\u00a0 kit R$ 32,00<\/strong><\/p>\n<p><strong>Por:<\/strong> <strong>Cec\u00edlia Koppmann, Bs.As.\/Argentina.<\/strong><\/p>\n<p><strong>Data:\u202f<\/strong>3 de maio \u2013 s\u00e1bado<\/p>\n<p><strong>Carga hor\u00e1ria<\/strong>: 13h \u00e0s 17h \u2013 4h\/a<\/p>\n<p><strong>Descritivo:<\/strong> Depois de fazer um destes pratos ser\u00e1 dif\u00edcil parar de faz\u00ea-los! Voc\u00ea pode faz\u00ea-los grandes, pequenos, m\u00e9dios, modernos, cl\u00e1ssicos, que sirvam como recipientes ou simplesmente como centros de mesa! Muito divertidos e f\u00e1ceis de fazer. Garantia de uma aula criativa!!!<\/p>\n<p><strong>Pr\u00e9-requisitos<\/strong>: Gostar do fazer \u00e0 m\u00e3o.<\/p>\n<p><strong>Material necess\u00e1rio: <\/strong>Cortador circular, base de corte, r\u00e9gua, tesoura para tecido, 70cm de material termocolante dupla face tipo \u201cheat\u2019n bond\u201d, variedade de tecidos para patchwork (se tiver batik \u00e9 ideal, mas podem ser outros), linha para quiltar e cola bast\u00e3o.<\/p>\n<p><strong>Observa\u00e7\u00f5es:\u00a0<\/strong><\/p>\n<p>O\u00a0material solicitado \u00e9 imprescind\u00edvel para participa\u00e7\u00e3o no curso\/oficina.<\/p>\n<p>Atente-se para n\u00e3o comprar cursos\/oficinas no mesmo dia e hor\u00e1rio.<\/p>\n<p>Ap\u00f3s o pagamento, a sua matr\u00edcula \u00e9 automaticamente confirmada no curso\/oficina escolhido, portanto\u00a0<strong>n\u00e3o h\u00e1 possibilidade de reembolso dos valores.<\/strong><\/p>\n<p>Em caso de desist\u00eancia, sua inscri\u00e7\u00e3o poder\u00e1 ser transferida para outra pessoa por indica\u00e7\u00e3o enviando os dados da compra e da pessoa que vir\u00e1 no seu lugar para o email: <a href=\"mailto:fqcursos@gmail.com\">fqcursos@gmail.com<\/a><\/p>\n","protected":false},"excerpt":{"rendered":"[gtranslate]\n<p>&nbsp;<\/p>\n<p><strong>R$ 275,00\u00a0 kit R$ 32,00<\/strong><\/p>\n<p><strong>Por:<\/strong> <strong>Cec\u00edlia Koppmann, Bs.As.\/Argentina.<\/strong><\/p>\n<p><strong>Data:\u202f<\/strong>3 de maio \u2013 s\u00e1bado<\/p>\n<p><strong>Carga hor\u00e1ria<\/strong>: 13h \u00e0s 17h \u2013 4h\/a<\/p>\n<p><strong>Descritivo:<\/strong> Depois de fazer um destes pratos ser\u00e1 dif\u00edcil parar de faz\u00ea-los! Voc\u00ea pode faz\u00ea-los grandes, pequenos, m\u00e9dios, modernos, cl\u00e1ssicos, que sirvam como recipientes ou simplesmente como centros de mesa! Muito divertidos e f\u00e1ceis de fazer. Garantia de uma aula criativa!!!<\/p>\n<p><strong>Pr\u00e9-requisitos<\/strong>: Gostar do fazer \u00e0 m\u00e3o.<\/p>\n<p><strong>Material necess\u00e1rio: <\/strong>Cortador circular, base de corte, r\u00e9gua, tesoura para tecido, 70cm de material termocolante dupla face tipo \u201cheat\u2019n bond\u201d, variedade de tecidos para patchwork (se tiver batik \u00e9 ideal, mas podem ser outros), linha para quiltar e cola bast\u00e3o.<\/p>\n<p><strong>Observa\u00e7\u00f5es:\u00a0<\/strong><\/p>\n<p>O\u00a0material solicitado \u00e9 imprescind\u00edvel para participa\u00e7\u00e3o no curso\/oficina.<\/p>\n<p>Atente-se para n\u00e3o comprar cursos\/oficinas no mesmo dia e hor\u00e1rio.<\/p>\n<p>Ap\u00f3s o pagamento, a sua matr\u00edcula \u00e9 automaticamente confirmada no curso\/oficina escolhido, portanto\u00a0<strong>n\u00e3o h\u00e1 possibilidade de reembolso dos valores.<\/strong><\/p>\n<p>Em caso de desist\u00eancia, sua inscri\u00e7\u00e3o poder\u00e1 ser transferida para outra pessoa por indica\u00e7\u00e3o enviando os dados da compra e da pessoa que vir\u00e1 no seu lugar para o email: <a href=\"mailto:fqcursos@gmail.com\">fqcursos@gmail.com<\/a><\/p>\n","protected":false},"featured_media":10607,"comment_status":"closed","ping_status":"closed","template":"","meta":{"_monsterinsights_skip_tracking":false,"_monsterinsights_sitenote_active":false,"_monsterinsights_sitenote_note":"","_monsterinsights_sitenote_category":0,"_uf_show_specific_survey":0,"_uf_disable_surveys":false},"product_brand":[],"product_cat":[155],"product_tag":[],"class_list":{"0":"post-10686","1":"product","2":"type-product","3":"status-publish","4":"has-post-thumbnail","6":"product_cat-oficinas","8":"first","9":"instock","10":"shipping-taxable","11":"purchasable","12":"product-type-simple"},"acf":[],"yoast_head":"<!-- This site is optimized with the Yoast SEO plugin v27.4 - https:\/\/yoast.com\/product\/yoast-seo-wordpress\/ -->\n<title>03\/05 \u2013 Art Bowls (Cec\u00edlia Koppmann) - Floripa Quilt<\/title>\n<meta name=\"description\" content=\"R$ 275,00 kit R$ 32,00Por: Cec\u00edlia Koppmann, Bs.As.\/Argentina. Data:\u202f3 de maio \u2013 s\u00e1bado Carga hor\u00e1ria: 13h \u00e0s 17h \u2013 4h\/a Descritivo: Depois de fazer um destes pratos ser\u00e1 dif\u00edcil parar de faz\u00ea-los! Voc\u00ea pode faz\u00ea-los grandes, pequenos, m\u00e9dios, modernos, cl\u00e1ssicos, que sirvam como recipientes ou simplesmente como centros de mesa! Muito divertidos e f\u00e1ceis de fazer. Garantia de uma aula criativa!!!Pr\u00e9-requisitos: Gostar do fazer \u00e0 m\u00e3o.Material necess\u00e1rio: Cortador circular, base de corte, r\u00e9gua, tesoura para tecido, 70cm de material termocolante dupla face tipo \u201cheat\u2019n bond\u201d, variedade de tecidos para patchwork (se tiver batik \u00e9 ideal, mas podem ser outros), linha para quiltar e cola bast\u00e3o.Observa\u00e7\u00f5es: O material solicitado \u00e9 imprescind\u00edvel para participa\u00e7\u00e3o no curso\/oficina.Atente-se para n\u00e3o comprar cursos\/oficinas no mesmo dia e hor\u00e1rio.Ap\u00f3s o pagamento, a sua matr\u00edcula \u00e9 automaticamente confirmada no curso\/oficina escolhido, portanto n\u00e3o h\u00e1 possibilidade de reembolso dos valores.Em caso de desist\u00eancia, sua inscri\u00e7\u00e3o poder\u00e1 ser transferida para outra pessoa por indica\u00e7\u00e3o enviando os dados da compra e da pessoa que vir\u00e1 no seu lugar para o email: fqcursos@gmail.com\" \/>\n<meta name=\"robots\" content=\"index, follow, max-snippet:-1, max-image-preview:large, max-video-preview:-1\" \/>\n<link rel=\"canonical\" href=\"https:\/\/floripaquilt.com.br\/2025\/produto\/03-05-art-bowls-cecilia-koppmann\/\" \/>\n<meta property=\"og:locale\" content=\"pt_BR\" \/>\n<meta property=\"og:type\" content=\"article\" \/>\n<meta property=\"og:title\" content=\"03\/05 \u2013 Art Bowls (Cec\u00edlia Koppmann) - Floripa Quilt\" \/>\n<meta property=\"og:description\" content=\"R$ 275,00 kit R$ 32,00Por: Cec\u00edlia Koppmann, Bs.As.\/Argentina. Data:\u202f3 de maio \u2013 s\u00e1bado Carga hor\u00e1ria: 13h \u00e0s 17h \u2013 4h\/a Descritivo: Depois de fazer um destes pratos ser\u00e1 dif\u00edcil parar de faz\u00ea-los! Voc\u00ea pode faz\u00ea-los grandes, pequenos, m\u00e9dios, modernos, cl\u00e1ssicos, que sirvam como recipientes ou simplesmente como centros de mesa! Muito divertidos e f\u00e1ceis de fazer. Garantia de uma aula criativa!!!Pr\u00e9-requisitos: Gostar do fazer \u00e0 m\u00e3o.Material necess\u00e1rio: Cortador circular, base de corte, r\u00e9gua, tesoura para tecido, 70cm de material termocolante dupla face tipo \u201cheat\u2019n bond\u201d, variedade de tecidos para patchwork (se tiver batik \u00e9 ideal, mas podem ser outros), linha para quiltar e cola bast\u00e3o.Observa\u00e7\u00f5es: O material solicitado \u00e9 imprescind\u00edvel para participa\u00e7\u00e3o no curso\/oficina.Atente-se para n\u00e3o comprar cursos\/oficinas no mesmo dia e hor\u00e1rio.Ap\u00f3s o pagamento, a sua matr\u00edcula \u00e9 automaticamente confirmada no curso\/oficina escolhido, portanto n\u00e3o h\u00e1 possibilidade de reembolso dos valores.Em caso de desist\u00eancia, sua inscri\u00e7\u00e3o poder\u00e1 ser transferida para outra pessoa por indica\u00e7\u00e3o enviando os dados da compra e da pessoa que vir\u00e1 no seu lugar para o email: fqcursos@gmail.com\" \/>\n<meta property=\"og:url\" content=\"https:\/\/floripaquilt.com.br\/2025\/produto\/03-05-art-bowls-cecilia-koppmann\/\" \/>\n<meta property=\"og:site_name\" content=\"Floripa Quilt\" \/>\n<meta property=\"article:modified_time\" content=\"2025-04-24T23:06:05+00:00\" \/>\n<meta property=\"og:image\" content=\"https:\/\/floripaquilt.com.br\/2025\/wp-content\/uploads\/2025\/01\/IMG_0718-scaled.jpeg\" \/>\n\t<meta property=\"og:image:width\" content=\"2560\" \/>\n\t<meta property=\"og:image:height\" content=\"1707\" \/>\n\t<meta property=\"og:image:type\" content=\"image\/jpeg\" \/>\n<meta name=\"twitter:card\" content=\"summary_large_image\" \/>\n<meta name=\"twitter:label1\" content=\"Est. tempo de leitura\" \/>\n\t<meta name=\"twitter:data1\" content=\"2 minutos\" \/>\n<script type=\"application\/ld+json\" class=\"yoast-schema-graph\">{\"@context\":\"https:\\\/\\\/schema.org\",\"@graph\":[{\"@type\":\"WebPage\",\"@id\":\"https:\\\/\\\/floripaquilt.com.br\\\/2025\\\/produto\\\/03-05-art-bowls-cecilia-koppmann\\\/\",\"url\":\"https:\\\/\\\/floripaquilt.com.br\\\/2025\\\/produto\\\/03-05-art-bowls-cecilia-koppmann\\\/\",\"name\":\"03\\\/05 \u2013 Art Bowls (Cec\u00edlia Koppmann) - Floripa Quilt\",\"isPartOf\":{\"@id\":\"https:\\\/\\\/floripaquilt.com.br\\\/2025\\\/#website\"},\"primaryImageOfPage\":{\"@id\":\"https:\\\/\\\/floripaquilt.com.br\\\/2025\\\/produto\\\/03-05-art-bowls-cecilia-koppmann\\\/#primaryimage\"},\"image\":{\"@id\":\"https:\\\/\\\/floripaquilt.com.br\\\/2025\\\/produto\\\/03-05-art-bowls-cecilia-koppmann\\\/#primaryimage\"},\"thumbnailUrl\":\"https:\\\/\\\/floripaquilt.com.br\\\/2025\\\/wp-content\\\/uploads\\\/2025\\\/01\\\/IMG_0718-scaled.jpeg\",\"datePublished\":\"2025-01-19T20:07:47+00:00\",\"dateModified\":\"2025-04-24T23:06:05+00:00\",\"description\":\"R$ 275,00 kit R$ 32,00Por: Cec\u00edlia Koppmann, Bs.As.\\\/Argentina. Data:\u202f3 de maio \u2013 s\u00e1bado Carga hor\u00e1ria: 13h \u00e0s 17h \u2013 4h\\\/a Descritivo: Depois de fazer um destes pratos ser\u00e1 dif\u00edcil parar de faz\u00ea-los! Voc\u00ea pode faz\u00ea-los grandes, pequenos, m\u00e9dios, modernos, cl\u00e1ssicos, que sirvam como recipientes ou simplesmente como centros de mesa! Muito divertidos e f\u00e1ceis de fazer. Garantia de uma aula criativa!!!Pr\u00e9-requisitos: Gostar do fazer \u00e0 m\u00e3o.Material necess\u00e1rio: Cortador circular, base de corte, r\u00e9gua, tesoura para tecido, 70cm de material termocolante dupla face tipo \u201cheat\u2019n bond\u201d, variedade de tecidos para patchwork (se tiver batik \u00e9 ideal, mas podem ser outros), linha para quiltar e cola bast\u00e3o.Observa\u00e7\u00f5es: O material solicitado \u00e9 imprescind\u00edvel para participa\u00e7\u00e3o no curso\\\/oficina.Atente-se para n\u00e3o comprar cursos\\\/oficinas no mesmo dia e hor\u00e1rio.Ap\u00f3s o pagamento, a sua matr\u00edcula \u00e9 automaticamente confirmada no curso\\\/oficina escolhido, portanto n\u00e3o h\u00e1 possibilidade de reembolso dos valores.Em caso de desist\u00eancia, sua inscri\u00e7\u00e3o poder\u00e1 ser transferida para outra pessoa por indica\u00e7\u00e3o enviando os dados da compra e da pessoa que vir\u00e1 no seu lugar para o email: fqcursos@gmail.com\",\"breadcrumb\":{\"@id\":\"https:\\\/\\\/floripaquilt.com.br\\\/2025\\\/produto\\\/03-05-art-bowls-cecilia-koppmann\\\/#breadcrumb\"},\"inLanguage\":\"pt-BR\",\"potentialAction\":[{\"@type\":\"ReadAction\",\"target\":[\"https:\\\/\\\/floripaquilt.com.br\\\/2025\\\/produto\\\/03-05-art-bowls-cecilia-koppmann\\\/\"]}]},{\"@type\":\"ImageObject\",\"inLanguage\":\"pt-BR\",\"@id\":\"https:\\\/\\\/floripaquilt.com.br\\\/2025\\\/produto\\\/03-05-art-bowls-cecilia-koppmann\\\/#primaryimage\",\"url\":\"https:\\\/\\\/floripaquilt.com.br\\\/2025\\\/wp-content\\\/uploads\\\/2025\\\/01\\\/IMG_0718-scaled.jpeg\",\"contentUrl\":\"https:\\\/\\\/floripaquilt.com.br\\\/2025\\\/wp-content\\\/uploads\\\/2025\\\/01\\\/IMG_0718-scaled.jpeg\",\"width\":2560,\"height\":1707},{\"@type\":\"BreadcrumbList\",\"@id\":\"https:\\\/\\\/floripaquilt.com.br\\\/2025\\\/produto\\\/03-05-art-bowls-cecilia-koppmann\\\/#breadcrumb\",\"itemListElement\":[{\"@type\":\"ListItem\",\"position\":1,\"name\":\"In\u00edcio\",\"item\":\"https:\\\/\\\/floripaquilt.com.br\\\/2025\\\/\"},{\"@type\":\"ListItem\",\"position\":2,\"name\":\"03\\\/05 \u2013 Art Bowls (Cec\u00edlia Koppmann)\"}]},{\"@type\":\"WebSite\",\"@id\":\"https:\\\/\\\/floripaquilt.com.br\\\/2025\\\/#website\",\"url\":\"https:\\\/\\\/floripaquilt.com.br\\\/2025\\\/\",\"name\":\"Floripa Quilt\",\"description\":\"Floripa Quilt 2025 - 12\u00ba Festival de Patchwork - Arte T\u00eaxtil\",\"publisher\":{\"@id\":\"https:\\\/\\\/floripaquilt.com.br\\\/2025\\\/#organization\"},\"potentialAction\":[{\"@type\":\"SearchAction\",\"target\":{\"@type\":\"EntryPoint\",\"urlTemplate\":\"https:\\\/\\\/floripaquilt.com.br\\\/2025\\\/?s={search_term_string}\"},\"query-input\":{\"@type\":\"PropertyValueSpecification\",\"valueRequired\":true,\"valueName\":\"search_term_string\"}}],\"inLanguage\":\"pt-BR\"},{\"@type\":\"Organization\",\"@id\":\"https:\\\/\\\/floripaquilt.com.br\\\/2025\\\/#organization\",\"name\":\"Floripa Quilt\",\"url\":\"https:\\\/\\\/floripaquilt.com.br\\\/2025\\\/\",\"logo\":{\"@type\":\"ImageObject\",\"inLanguage\":\"pt-BR\",\"@id\":\"https:\\\/\\\/floripaquilt.com.br\\\/2025\\\/#\\\/schema\\\/logo\\\/image\\\/\",\"url\":\"https:\\\/\\\/floripaquilt.com.br\\\/2025\\\/wp-content\\\/uploads\\\/2024\\\/08\\\/cropped-Sem-titulo-15.png\",\"contentUrl\":\"https:\\\/\\\/floripaquilt.com.br\\\/2025\\\/wp-content\\\/uploads\\\/2024\\\/08\\\/cropped-Sem-titulo-15.png\",\"width\":3938,\"height\":669,\"caption\":\"Floripa Quilt\"},\"image\":{\"@id\":\"https:\\\/\\\/floripaquilt.com.br\\\/2025\\\/#\\\/schema\\\/logo\\\/image\\\/\"}}]}<\/script>\n<!-- \/ Yoast SEO plugin. -->","yoast_head_json":{"title":"03\/05 \u2013 Art Bowls (Cec\u00edlia Koppmann) - Floripa Quilt","description":"R$ 275,00 kit R$ 32,00Por: Cec\u00edlia Koppmann, Bs.As.\/Argentina. Data:\u202f3 de maio \u2013 s\u00e1bado Carga hor\u00e1ria: 13h \u00e0s 17h \u2013 4h\/a Descritivo: Depois de fazer um destes pratos ser\u00e1 dif\u00edcil parar de faz\u00ea-los! Voc\u00ea pode faz\u00ea-los grandes, pequenos, m\u00e9dios, modernos, cl\u00e1ssicos, que sirvam como recipientes ou simplesmente como centros de mesa! Muito divertidos e f\u00e1ceis de fazer. Garantia de uma aula criativa!!!Pr\u00e9-requisitos: Gostar do fazer \u00e0 m\u00e3o.Material necess\u00e1rio: Cortador circular, base de corte, r\u00e9gua, tesoura para tecido, 70cm de material termocolante dupla face tipo \u201cheat\u2019n bond\u201d, variedade de tecidos para patchwork (se tiver batik \u00e9 ideal, mas podem ser outros), linha para quiltar e cola bast\u00e3o.Observa\u00e7\u00f5es: O material solicitado \u00e9 imprescind\u00edvel para participa\u00e7\u00e3o no curso\/oficina.Atente-se para n\u00e3o comprar cursos\/oficinas no mesmo dia e hor\u00e1rio.Ap\u00f3s o pagamento, a sua matr\u00edcula \u00e9 automaticamente confirmada no curso\/oficina escolhido, portanto n\u00e3o h\u00e1 possibilidade de reembolso dos valores.Em caso de desist\u00eancia, sua inscri\u00e7\u00e3o poder\u00e1 ser transferida para outra pessoa por indica\u00e7\u00e3o enviando os dados da compra e da pessoa que vir\u00e1 no seu lugar para o email: fqcursos@gmail.com","robots":{"index":"index","follow":"follow","max-snippet":"max-snippet:-1","max-image-preview":"max-image-preview:large","max-video-preview":"max-video-preview:-1"},"canonical":"https:\/\/floripaquilt.com.br\/2025\/produto\/03-05-art-bowls-cecilia-koppmann\/","og_locale":"pt_BR","og_type":"article","og_title":"03\/05 \u2013 Art Bowls (Cec\u00edlia Koppmann) - Floripa Quilt","og_description":"R$ 275,00 kit R$ 32,00Por: Cec\u00edlia Koppmann, Bs.As.\/Argentina. Data:\u202f3 de maio \u2013 s\u00e1bado Carga hor\u00e1ria: 13h \u00e0s 17h \u2013 4h\/a Descritivo: Depois de fazer um destes pratos ser\u00e1 dif\u00edcil parar de faz\u00ea-los! Voc\u00ea pode faz\u00ea-los grandes, pequenos, m\u00e9dios, modernos, cl\u00e1ssicos, que sirvam como recipientes ou simplesmente como centros de mesa! Muito divertidos e f\u00e1ceis de fazer. Garantia de uma aula criativa!!!Pr\u00e9-requisitos: Gostar do fazer \u00e0 m\u00e3o.Material necess\u00e1rio: Cortador circular, base de corte, r\u00e9gua, tesoura para tecido, 70cm de material termocolante dupla face tipo \u201cheat\u2019n bond\u201d, variedade de tecidos para patchwork (se tiver batik \u00e9 ideal, mas podem ser outros), linha para quiltar e cola bast\u00e3o.Observa\u00e7\u00f5es: O material solicitado \u00e9 imprescind\u00edvel para participa\u00e7\u00e3o no curso\/oficina.Atente-se para n\u00e3o comprar cursos\/oficinas no mesmo dia e hor\u00e1rio.Ap\u00f3s o pagamento, a sua matr\u00edcula \u00e9 automaticamente confirmada no curso\/oficina escolhido, portanto n\u00e3o h\u00e1 possibilidade de reembolso dos valores.Em caso de desist\u00eancia, sua inscri\u00e7\u00e3o poder\u00e1 ser transferida para outra pessoa por indica\u00e7\u00e3o enviando os dados da compra e da pessoa que vir\u00e1 no seu lugar para o email: fqcursos@gmail.com","og_url":"https:\/\/floripaquilt.com.br\/2025\/produto\/03-05-art-bowls-cecilia-koppmann\/","og_site_name":"Floripa Quilt","article_modified_time":"2025-04-24T23:06:05+00:00","og_image":[{"width":2560,"height":1707,"url":"https:\/\/floripaquilt.com.br\/2025\/wp-content\/uploads\/2025\/01\/IMG_0718-scaled.jpeg","type":"image\/jpeg"}],"twitter_card":"summary_large_image","twitter_misc":{"Est. tempo de leitura":"2 minutos"},"schema":{"@context":"https:\/\/schema.org","@graph":[{"@type":"WebPage","@id":"https:\/\/floripaquilt.com.br\/2025\/produto\/03-05-art-bowls-cecilia-koppmann\/","url":"https:\/\/floripaquilt.com.br\/2025\/produto\/03-05-art-bowls-cecilia-koppmann\/","name":"03\/05 \u2013 Art Bowls (Cec\u00edlia Koppmann) - Floripa Quilt","isPartOf":{"@id":"https:\/\/floripaquilt.com.br\/2025\/#website"},"primaryImageOfPage":{"@id":"https:\/\/floripaquilt.com.br\/2025\/produto\/03-05-art-bowls-cecilia-koppmann\/#primaryimage"},"image":{"@id":"https:\/\/floripaquilt.com.br\/2025\/produto\/03-05-art-bowls-cecilia-koppmann\/#primaryimage"},"thumbnailUrl":"https:\/\/floripaquilt.com.br\/2025\/wp-content\/uploads\/2025\/01\/IMG_0718-scaled.jpeg","datePublished":"2025-01-19T20:07:47+00:00","dateModified":"2025-04-24T23:06:05+00:00","description":"R$ 275,00 kit R$ 32,00Por: Cec\u00edlia Koppmann, Bs.As.\/Argentina. Data:\u202f3 de maio \u2013 s\u00e1bado Carga hor\u00e1ria: 13h \u00e0s 17h \u2013 4h\/a Descritivo: Depois de fazer um destes pratos ser\u00e1 dif\u00edcil parar de faz\u00ea-los! Voc\u00ea pode faz\u00ea-los grandes, pequenos, m\u00e9dios, modernos, cl\u00e1ssicos, que sirvam como recipientes ou simplesmente como centros de mesa! Muito divertidos e f\u00e1ceis de fazer. Garantia de uma aula criativa!!!Pr\u00e9-requisitos: Gostar do fazer \u00e0 m\u00e3o.Material necess\u00e1rio: Cortador circular, base de corte, r\u00e9gua, tesoura para tecido, 70cm de material termocolante dupla face tipo \u201cheat\u2019n bond\u201d, variedade de tecidos para patchwork (se tiver batik \u00e9 ideal, mas podem ser outros), linha para quiltar e cola bast\u00e3o.Observa\u00e7\u00f5es: O material solicitado \u00e9 imprescind\u00edvel para participa\u00e7\u00e3o no curso\/oficina.Atente-se para n\u00e3o comprar cursos\/oficinas no mesmo dia e hor\u00e1rio.Ap\u00f3s o pagamento, a sua matr\u00edcula \u00e9 automaticamente confirmada no curso\/oficina escolhido, portanto n\u00e3o h\u00e1 possibilidade de reembolso dos valores.Em caso de desist\u00eancia, sua inscri\u00e7\u00e3o poder\u00e1 ser transferida para outra pessoa por indica\u00e7\u00e3o enviando os dados da compra e da pessoa que vir\u00e1 no seu lugar para o email: fqcursos@gmail.com","breadcrumb":{"@id":"https:\/\/floripaquilt.com.br\/2025\/produto\/03-05-art-bowls-cecilia-koppmann\/#breadcrumb"},"inLanguage":"pt-BR","potentialAction":[{"@type":"ReadAction","target":["https:\/\/floripaquilt.com.br\/2025\/produto\/03-05-art-bowls-cecilia-koppmann\/"]}]},{"@type":"ImageObject","inLanguage":"pt-BR","@id":"https:\/\/floripaquilt.com.br\/2025\/produto\/03-05-art-bowls-cecilia-koppmann\/#primaryimage","url":"https:\/\/floripaquilt.com.br\/2025\/wp-content\/uploads\/2025\/01\/IMG_0718-scaled.jpeg","contentUrl":"https:\/\/floripaquilt.com.br\/2025\/wp-content\/uploads\/2025\/01\/IMG_0718-scaled.jpeg","width":2560,"height":1707},{"@type":"BreadcrumbList","@id":"https:\/\/floripaquilt.com.br\/2025\/produto\/03-05-art-bowls-cecilia-koppmann\/#breadcrumb","itemListElement":[{"@type":"ListItem","position":1,"name":"In\u00edcio","item":"https:\/\/floripaquilt.com.br\/2025\/"},{"@type":"ListItem","position":2,"name":"03\/05 \u2013 Art Bowls (Cec\u00edlia Koppmann)"}]},{"@type":"WebSite","@id":"https:\/\/floripaquilt.com.br\/2025\/#website","url":"https:\/\/floripaquilt.com.br\/2025\/","name":"Floripa Quilt","description":"Floripa Quilt 2025 - 12\u00ba Festival de Patchwork - Arte T\u00eaxtil","publisher":{"@id":"https:\/\/floripaquilt.com.br\/2025\/#organization"},"potentialAction":[{"@type":"SearchAction","target":{"@type":"EntryPoint","urlTemplate":"https:\/\/floripaquilt.com.br\/2025\/?s={search_term_string}"},"query-input":{"@type":"PropertyValueSpecification","valueRequired":true,"valueName":"search_term_string"}}],"inLanguage":"pt-BR"},{"@type":"Organization","@id":"https:\/\/floripaquilt.com.br\/2025\/#organization","name":"Floripa Quilt","url":"https:\/\/floripaquilt.com.br\/2025\/","logo":{"@type":"ImageObject","inLanguage":"pt-BR","@id":"https:\/\/floripaquilt.com.br\/2025\/#\/schema\/logo\/image\/","url":"https:\/\/floripaquilt.com.br\/2025\/wp-content\/uploads\/2024\/08\/cropped-Sem-titulo-15.png","contentUrl":"https:\/\/floripaquilt.com.br\/2025\/wp-content\/uploads\/2024\/08\/cropped-Sem-titulo-15.png","width":3938,"height":669,"caption":"Floripa Quilt"},"image":{"@id":"https:\/\/floripaquilt.com.br\/2025\/#\/schema\/logo\/image\/"}}]}},"jetpack_sharing_enabled":true,"_links":{"self":[{"href":"https:\/\/floripaquilt.com.br\/2025\/wp-json\/wp\/v2\/product\/10686","targetHints":{"allow":["GET"]}}],"collection":[{"href":"https:\/\/floripaquilt.com.br\/2025\/wp-json\/wp\/v2\/product"}],"about":[{"href":"https:\/\/floripaquilt.com.br\/2025\/wp-json\/wp\/v2\/types\/product"}],"replies":[{"embeddable":true,"href":"https:\/\/floripaquilt.com.br\/2025\/wp-json\/wp\/v2\/comments?post=10686"}],"wp:featuredmedia":[{"embeddable":true,"href":"https:\/\/floripaquilt.com.br\/2025\/wp-json\/wp\/v2\/media\/10607"}],"wp:attachment":[{"href":"https:\/\/floripaquilt.com.br\/2025\/wp-json\/wp\/v2\/media?parent=10686"}],"wp:term":[{"taxonomy":"product_brand","embeddable":true,"href":"https:\/\/floripaquilt.com.br\/2025\/wp-json\/wp\/v2\/product_brand?post=10686"},{"taxonomy":"product_cat","embeddable":true,"href":"https:\/\/floripaquilt.com.br\/2025\/wp-json\/wp\/v2\/product_cat?post=10686"},{"taxonomy":"product_tag","embeddable":true,"href":"https:\/\/floripaquilt.com.br\/2025\/wp-json\/wp\/v2\/product_tag?post=10686"}],"curies":[{"name":"wp","href":"https:\/\/api.w.org\/{rel}","templated":true}]}}