{"id":10677,"date":"2025-01-19T16:41:32","date_gmt":"2025-01-19T19:41:32","guid":{"rendered":"https:\/\/floripaquilt.com.br\/2025\/?post_type=product&#038;p=10677"},"modified":"2025-04-25T14:20:54","modified_gmt":"2025-04-25T17:20:54","slug":"02-05-tucano-marina-landi","status":"publish","type":"product","link":"https:\/\/floripaquilt.com.br\/2025\/produto\/02-05-tucano-marina-landi\/","title":{"rendered":"02\/05 \u2013 Tucano (Marina Landi)"},"content":{"rendered":"<div class=\"gtranslate_wrapper\" id=\"gt-wrapper-17499787\"><\/div>\n<p>&nbsp;<\/p>\n<p><strong>R$ 410,00\u00a0 kit\u00a0 R$ 65,00<\/strong><\/p>\n<p><strong>Por:<\/strong> <strong>Marina Landi, SP\/Brasil.<\/strong><\/p>\n<p><strong>Data:\u202f<\/strong>2 de maio \u2013 sexta-feira<\/p>\n<p><strong>Carga hor\u00e1ria<\/strong>: 14h \u00e0s 20h \u2013 6h\/a<\/p>\n<p><strong>Descritivo:<\/strong> Crie e personalize seu pr\u00f3prio tucano. Com o kit preparado especialmente para esta aula, voc\u00ea pode criar sua pr\u00f3pria vers\u00e3o colorida de um tucano. Divirta-se enquanto aprende sobre cores e valores.<\/p>\n<p><strong>Pr\u00e9-requisitos<\/strong>: N\u00edvel de conhecimento intermedi\u00e1rio.<\/p>\n<p><strong>Material necess\u00e1rio: <\/strong>Caneta Frixion, tesoura pequena com bom corte, tesoura (corte de papel), \u00a0saco de lixo pequeno, 5 folhas 8,5 x 11 pol. Steam a Seam 2, pin\u00e7as.<\/p>\n<p><strong>Observa\u00e7\u00f5es:\u00a0<\/strong><\/p>\n<p>O\u00a0material solicitado \u00e9 imprescind\u00edvel para participa\u00e7\u00e3o no curso\/oficina.<\/p>\n<p>Atente-se para n\u00e3o comprar cursos\/oficinas no mesmo dia e hor\u00e1rio.<\/p>\n<p>Ap\u00f3s o pagamento, a sua matr\u00edcula \u00e9 automaticamente confirmada no curso\/oficina escolhido, portanto\u00a0<strong>n\u00e3o h\u00e1 possibilidade de reembolso dos valores.<\/strong><\/p>\n<p>Em caso de desist\u00eancia, sua inscri\u00e7\u00e3o poder\u00e1 ser transferida para outra pessoa por indica\u00e7\u00e3o enviando os dados da compra e da pessoa que vir\u00e1 no seu lugar para o email: <a href=\"mailto:fqcursos@gmail.com\">fqcursos@gmail.com<\/a><\/p>\n","protected":false},"excerpt":{"rendered":"[gtranslate]\n<p>&nbsp;<\/p>\n<p><strong>R$ 410,00\u00a0 kit\u00a0 R$ 65,00<\/strong><\/p>\n<p><strong>Por:<\/strong> <strong>Marina Landi, SP\/Brasil.<\/strong><\/p>\n<p><strong>Data:\u202f<\/strong>2 de maio \u2013 sexta-feira<\/p>\n<p><strong>Carga hor\u00e1ria<\/strong>: 14h \u00e0s 20h \u2013 6h\/a<\/p>\n<p><strong>Descritivo:<\/strong> Crie e personalize seu pr\u00f3prio tucano. Com o kit preparado especialmente para esta aula, voc\u00ea pode criar sua pr\u00f3pria vers\u00e3o colorida de um tucano. Divirta-se enquanto aprende sobre cores e valores.<\/p>\n<p><strong>Pr\u00e9-requisitos<\/strong>: N\u00edvel de conhecimento intermedi\u00e1rio.<\/p>\n<p><strong>Material necess\u00e1rio: <\/strong>Caneta Frixion, tesoura pequena com bom corte, tesoura (corte de papel), \u00a0saco de lixo pequeno, 5 folhas 8,5 x 11 pol. Steam a Seam 2, pin\u00e7as.<\/p>\n<p><strong>Observa\u00e7\u00f5es:\u00a0<\/strong><\/p>\n<p>O\u00a0material solicitado \u00e9 imprescind\u00edvel para participa\u00e7\u00e3o no curso\/oficina.<\/p>\n<p>Atente-se para n\u00e3o comprar cursos\/oficinas no mesmo dia e hor\u00e1rio.<\/p>\n<p>Ap\u00f3s o pagamento, a sua matr\u00edcula \u00e9 automaticamente confirmada no curso\/oficina escolhido, portanto\u00a0<strong>n\u00e3o h\u00e1 possibilidade de reembolso dos valores.<\/strong><\/p>\n<p>Em caso de desist\u00eancia, sua inscri\u00e7\u00e3o poder\u00e1 ser transferida para outra pessoa por indica\u00e7\u00e3o enviando os dados da compra e da pessoa que vir\u00e1 no seu lugar para o email: <a href=\"mailto:fqcursos@gmail.com\">fqcursos@gmail.com<\/a><\/p>\n","protected":false},"featured_media":10644,"comment_status":"closed","ping_status":"closed","template":"","meta":{"_monsterinsights_skip_tracking":false,"_monsterinsights_sitenote_active":false,"_monsterinsights_sitenote_note":"","_monsterinsights_sitenote_category":0,"_uf_show_specific_survey":0,"_uf_disable_surveys":false},"product_brand":[],"product_cat":[155],"product_tag":[],"class_list":{"0":"post-10677","1":"product","2":"type-product","3":"status-publish","4":"has-post-thumbnail","6":"product_cat-oficinas","8":"first","9":"instock","10":"shipping-taxable","11":"purchasable","12":"product-type-simple"},"acf":[],"yoast_head":"<!-- This site is optimized with the Yoast SEO plugin v27.4 - https:\/\/yoast.com\/product\/yoast-seo-wordpress\/ -->\n<title>02\/05 \u2013 Tucano (Marina Landi) - Floripa Quilt<\/title>\n<meta name=\"description\" content=\"R$ 410,00 kit R$ 65,00 Por: Marina Landi, SP\/Brasil. Data:\u202f2 de maio \u2013 sexta-feira Carga hor\u00e1ria: 14h \u00e0s 20h \u2013 6h\/a Descritivo: Crie e personalize seu pr\u00f3prio tucano. Com o kit preparado especialmente para esta aula, voc\u00ea pode criar sua pr\u00f3pria vers\u00e3o colorida de um tucano. Divirta-se enquanto aprende sobre cores e valores.Pr\u00e9-requisitos: N\u00edvel de conhecimento intermedi\u00e1rio.Material necess\u00e1rio: Caneta Frixion, tesoura pequena com bom corte, tesoura (corte de papel), saco de lixo pequeno, 5 folhas 8,5 x 11 pol. Steam a Seam 2, pin\u00e7as.Observa\u00e7\u00f5es: O material solicitado \u00e9 imprescind\u00edvel para participa\u00e7\u00e3o no curso\/oficina.Atente-se para n\u00e3o comprar cursos\/oficinas no mesmo dia e hor\u00e1rio.Ap\u00f3s o pagamento, a sua matr\u00edcula \u00e9 automaticamente confirmada no curso\/oficina escolhido, portanto n\u00e3o h\u00e1 possibilidade de reembolso dos valores.Em caso de desist\u00eancia, sua inscri\u00e7\u00e3o poder\u00e1 ser transferida para outra pessoa por indica\u00e7\u00e3o enviando os dados da compra e da pessoa que vir\u00e1 no seu lugar para o email: fqcursos@gmail.com\" \/>\n<meta name=\"robots\" content=\"index, follow, max-snippet:-1, max-image-preview:large, max-video-preview:-1\" \/>\n<link rel=\"canonical\" href=\"https:\/\/floripaquilt.com.br\/2025\/produto\/02-05-tucano-marina-landi\/\" \/>\n<meta property=\"og:locale\" content=\"pt_BR\" \/>\n<meta property=\"og:type\" content=\"article\" \/>\n<meta property=\"og:title\" content=\"02\/05 \u2013 Tucano (Marina Landi) - Floripa Quilt\" \/>\n<meta property=\"og:description\" content=\"R$ 410,00 kit R$ 65,00 Por: Marina Landi, SP\/Brasil. Data:\u202f2 de maio \u2013 sexta-feira Carga hor\u00e1ria: 14h \u00e0s 20h \u2013 6h\/a Descritivo: Crie e personalize seu pr\u00f3prio tucano. Com o kit preparado especialmente para esta aula, voc\u00ea pode criar sua pr\u00f3pria vers\u00e3o colorida de um tucano. Divirta-se enquanto aprende sobre cores e valores.Pr\u00e9-requisitos: N\u00edvel de conhecimento intermedi\u00e1rio.Material necess\u00e1rio: Caneta Frixion, tesoura pequena com bom corte, tesoura (corte de papel), saco de lixo pequeno, 5 folhas 8,5 x 11 pol. Steam a Seam 2, pin\u00e7as.Observa\u00e7\u00f5es: O material solicitado \u00e9 imprescind\u00edvel para participa\u00e7\u00e3o no curso\/oficina.Atente-se para n\u00e3o comprar cursos\/oficinas no mesmo dia e hor\u00e1rio.Ap\u00f3s o pagamento, a sua matr\u00edcula \u00e9 automaticamente confirmada no curso\/oficina escolhido, portanto n\u00e3o h\u00e1 possibilidade de reembolso dos valores.Em caso de desist\u00eancia, sua inscri\u00e7\u00e3o poder\u00e1 ser transferida para outra pessoa por indica\u00e7\u00e3o enviando os dados da compra e da pessoa que vir\u00e1 no seu lugar para o email: fqcursos@gmail.com\" \/>\n<meta property=\"og:url\" content=\"https:\/\/floripaquilt.com.br\/2025\/produto\/02-05-tucano-marina-landi\/\" \/>\n<meta property=\"og:site_name\" content=\"Floripa Quilt\" \/>\n<meta property=\"article:modified_time\" content=\"2025-04-25T17:20:54+00:00\" \/>\n<meta property=\"og:image\" content=\"https:\/\/floripaquilt.com.br\/2025\/wp-content\/uploads\/2025\/01\/Sem-titulo-1-1020x1024.png\" \/>\n\t<meta property=\"og:image:width\" content=\"1020\" \/>\n\t<meta property=\"og:image:height\" content=\"1024\" \/>\n\t<meta property=\"og:image:type\" content=\"image\/png\" \/>\n<meta name=\"twitter:card\" content=\"summary_large_image\" \/>\n<meta name=\"twitter:label1\" content=\"Est. tempo de leitura\" \/>\n\t<meta name=\"twitter:data1\" content=\"2 minutos\" \/>\n<script type=\"application\/ld+json\" class=\"yoast-schema-graph\">{\"@context\":\"https:\\\/\\\/schema.org\",\"@graph\":[{\"@type\":\"WebPage\",\"@id\":\"https:\\\/\\\/floripaquilt.com.br\\\/2025\\\/produto\\\/02-05-tucano-marina-landi\\\/\",\"url\":\"https:\\\/\\\/floripaquilt.com.br\\\/2025\\\/produto\\\/02-05-tucano-marina-landi\\\/\",\"name\":\"02\\\/05 \u2013 Tucano (Marina Landi) - Floripa Quilt\",\"isPartOf\":{\"@id\":\"https:\\\/\\\/floripaquilt.com.br\\\/2025\\\/#website\"},\"primaryImageOfPage\":{\"@id\":\"https:\\\/\\\/floripaquilt.com.br\\\/2025\\\/produto\\\/02-05-tucano-marina-landi\\\/#primaryimage\"},\"image\":{\"@id\":\"https:\\\/\\\/floripaquilt.com.br\\\/2025\\\/produto\\\/02-05-tucano-marina-landi\\\/#primaryimage\"},\"thumbnailUrl\":\"https:\\\/\\\/floripaquilt.com.br\\\/2025\\\/wp-content\\\/uploads\\\/2025\\\/01\\\/Sem-titulo-1.png\",\"datePublished\":\"2025-01-19T19:41:32+00:00\",\"dateModified\":\"2025-04-25T17:20:54+00:00\",\"description\":\"R$ 410,00 kit R$ 65,00 Por: Marina Landi, SP\\\/Brasil. Data:\u202f2 de maio \u2013 sexta-feira Carga hor\u00e1ria: 14h \u00e0s 20h \u2013 6h\\\/a Descritivo: Crie e personalize seu pr\u00f3prio tucano. Com o kit preparado especialmente para esta aula, voc\u00ea pode criar sua pr\u00f3pria vers\u00e3o colorida de um tucano. Divirta-se enquanto aprende sobre cores e valores.Pr\u00e9-requisitos: N\u00edvel de conhecimento intermedi\u00e1rio.Material necess\u00e1rio: Caneta Frixion, tesoura pequena com bom corte, tesoura (corte de papel), saco de lixo pequeno, 5 folhas 8,5 x 11 pol. Steam a Seam 2, pin\u00e7as.Observa\u00e7\u00f5es: O material solicitado \u00e9 imprescind\u00edvel para participa\u00e7\u00e3o no curso\\\/oficina.Atente-se para n\u00e3o comprar cursos\\\/oficinas no mesmo dia e hor\u00e1rio.Ap\u00f3s o pagamento, a sua matr\u00edcula \u00e9 automaticamente confirmada no curso\\\/oficina escolhido, portanto n\u00e3o h\u00e1 possibilidade de reembolso dos valores.Em caso de desist\u00eancia, sua inscri\u00e7\u00e3o poder\u00e1 ser transferida para outra pessoa por indica\u00e7\u00e3o enviando os dados da compra e da pessoa que vir\u00e1 no seu lugar para o email: fqcursos@gmail.com\",\"breadcrumb\":{\"@id\":\"https:\\\/\\\/floripaquilt.com.br\\\/2025\\\/produto\\\/02-05-tucano-marina-landi\\\/#breadcrumb\"},\"inLanguage\":\"pt-BR\",\"potentialAction\":[{\"@type\":\"ReadAction\",\"target\":[\"https:\\\/\\\/floripaquilt.com.br\\\/2025\\\/produto\\\/02-05-tucano-marina-landi\\\/\"]}]},{\"@type\":\"ImageObject\",\"inLanguage\":\"pt-BR\",\"@id\":\"https:\\\/\\\/floripaquilt.com.br\\\/2025\\\/produto\\\/02-05-tucano-marina-landi\\\/#primaryimage\",\"url\":\"https:\\\/\\\/floripaquilt.com.br\\\/2025\\\/wp-content\\\/uploads\\\/2025\\\/01\\\/Sem-titulo-1.png\",\"contentUrl\":\"https:\\\/\\\/floripaquilt.com.br\\\/2025\\\/wp-content\\\/uploads\\\/2025\\\/01\\\/Sem-titulo-1.png\",\"width\":3476,\"height\":3490},{\"@type\":\"BreadcrumbList\",\"@id\":\"https:\\\/\\\/floripaquilt.com.br\\\/2025\\\/produto\\\/02-05-tucano-marina-landi\\\/#breadcrumb\",\"itemListElement\":[{\"@type\":\"ListItem\",\"position\":1,\"name\":\"In\u00edcio\",\"item\":\"https:\\\/\\\/floripaquilt.com.br\\\/2025\\\/\"},{\"@type\":\"ListItem\",\"position\":2,\"name\":\"02\\\/05 \u2013 Tucano (Marina Landi)\"}]},{\"@type\":\"WebSite\",\"@id\":\"https:\\\/\\\/floripaquilt.com.br\\\/2025\\\/#website\",\"url\":\"https:\\\/\\\/floripaquilt.com.br\\\/2025\\\/\",\"name\":\"Floripa Quilt\",\"description\":\"Floripa Quilt 2025 - 12\u00ba Festival de Patchwork - Arte T\u00eaxtil\",\"publisher\":{\"@id\":\"https:\\\/\\\/floripaquilt.com.br\\\/2025\\\/#organization\"},\"potentialAction\":[{\"@type\":\"SearchAction\",\"target\":{\"@type\":\"EntryPoint\",\"urlTemplate\":\"https:\\\/\\\/floripaquilt.com.br\\\/2025\\\/?s={search_term_string}\"},\"query-input\":{\"@type\":\"PropertyValueSpecification\",\"valueRequired\":true,\"valueName\":\"search_term_string\"}}],\"inLanguage\":\"pt-BR\"},{\"@type\":\"Organization\",\"@id\":\"https:\\\/\\\/floripaquilt.com.br\\\/2025\\\/#organization\",\"name\":\"Floripa Quilt\",\"url\":\"https:\\\/\\\/floripaquilt.com.br\\\/2025\\\/\",\"logo\":{\"@type\":\"ImageObject\",\"inLanguage\":\"pt-BR\",\"@id\":\"https:\\\/\\\/floripaquilt.com.br\\\/2025\\\/#\\\/schema\\\/logo\\\/image\\\/\",\"url\":\"https:\\\/\\\/floripaquilt.com.br\\\/2025\\\/wp-content\\\/uploads\\\/2024\\\/08\\\/cropped-Sem-titulo-15.png\",\"contentUrl\":\"https:\\\/\\\/floripaquilt.com.br\\\/2025\\\/wp-content\\\/uploads\\\/2024\\\/08\\\/cropped-Sem-titulo-15.png\",\"width\":3938,\"height\":669,\"caption\":\"Floripa Quilt\"},\"image\":{\"@id\":\"https:\\\/\\\/floripaquilt.com.br\\\/2025\\\/#\\\/schema\\\/logo\\\/image\\\/\"}}]}<\/script>\n<!-- \/ Yoast SEO plugin. -->","yoast_head_json":{"title":"02\/05 \u2013 Tucano (Marina Landi) - Floripa Quilt","description":"R$ 410,00 kit R$ 65,00 Por: Marina Landi, SP\/Brasil. Data:\u202f2 de maio \u2013 sexta-feira Carga hor\u00e1ria: 14h \u00e0s 20h \u2013 6h\/a Descritivo: Crie e personalize seu pr\u00f3prio tucano. Com o kit preparado especialmente para esta aula, voc\u00ea pode criar sua pr\u00f3pria vers\u00e3o colorida de um tucano. Divirta-se enquanto aprende sobre cores e valores.Pr\u00e9-requisitos: N\u00edvel de conhecimento intermedi\u00e1rio.Material necess\u00e1rio: Caneta Frixion, tesoura pequena com bom corte, tesoura (corte de papel), saco de lixo pequeno, 5 folhas 8,5 x 11 pol. Steam a Seam 2, pin\u00e7as.Observa\u00e7\u00f5es: O material solicitado \u00e9 imprescind\u00edvel para participa\u00e7\u00e3o no curso\/oficina.Atente-se para n\u00e3o comprar cursos\/oficinas no mesmo dia e hor\u00e1rio.Ap\u00f3s o pagamento, a sua matr\u00edcula \u00e9 automaticamente confirmada no curso\/oficina escolhido, portanto n\u00e3o h\u00e1 possibilidade de reembolso dos valores.Em caso de desist\u00eancia, sua inscri\u00e7\u00e3o poder\u00e1 ser transferida para outra pessoa por indica\u00e7\u00e3o enviando os dados da compra e da pessoa que vir\u00e1 no seu lugar para o email: fqcursos@gmail.com","robots":{"index":"index","follow":"follow","max-snippet":"max-snippet:-1","max-image-preview":"max-image-preview:large","max-video-preview":"max-video-preview:-1"},"canonical":"https:\/\/floripaquilt.com.br\/2025\/produto\/02-05-tucano-marina-landi\/","og_locale":"pt_BR","og_type":"article","og_title":"02\/05 \u2013 Tucano (Marina Landi) - Floripa Quilt","og_description":"R$ 410,00 kit R$ 65,00 Por: Marina Landi, SP\/Brasil. Data:\u202f2 de maio \u2013 sexta-feira Carga hor\u00e1ria: 14h \u00e0s 20h \u2013 6h\/a Descritivo: Crie e personalize seu pr\u00f3prio tucano. Com o kit preparado especialmente para esta aula, voc\u00ea pode criar sua pr\u00f3pria vers\u00e3o colorida de um tucano. Divirta-se enquanto aprende sobre cores e valores.Pr\u00e9-requisitos: N\u00edvel de conhecimento intermedi\u00e1rio.Material necess\u00e1rio: Caneta Frixion, tesoura pequena com bom corte, tesoura (corte de papel), saco de lixo pequeno, 5 folhas 8,5 x 11 pol. Steam a Seam 2, pin\u00e7as.Observa\u00e7\u00f5es: O material solicitado \u00e9 imprescind\u00edvel para participa\u00e7\u00e3o no curso\/oficina.Atente-se para n\u00e3o comprar cursos\/oficinas no mesmo dia e hor\u00e1rio.Ap\u00f3s o pagamento, a sua matr\u00edcula \u00e9 automaticamente confirmada no curso\/oficina escolhido, portanto n\u00e3o h\u00e1 possibilidade de reembolso dos valores.Em caso de desist\u00eancia, sua inscri\u00e7\u00e3o poder\u00e1 ser transferida para outra pessoa por indica\u00e7\u00e3o enviando os dados da compra e da pessoa que vir\u00e1 no seu lugar para o email: fqcursos@gmail.com","og_url":"https:\/\/floripaquilt.com.br\/2025\/produto\/02-05-tucano-marina-landi\/","og_site_name":"Floripa Quilt","article_modified_time":"2025-04-25T17:20:54+00:00","og_image":[{"width":1020,"height":1024,"url":"https:\/\/floripaquilt.com.br\/2025\/wp-content\/uploads\/2025\/01\/Sem-titulo-1-1020x1024.png","type":"image\/png"}],"twitter_card":"summary_large_image","twitter_misc":{"Est. tempo de leitura":"2 minutos"},"schema":{"@context":"https:\/\/schema.org","@graph":[{"@type":"WebPage","@id":"https:\/\/floripaquilt.com.br\/2025\/produto\/02-05-tucano-marina-landi\/","url":"https:\/\/floripaquilt.com.br\/2025\/produto\/02-05-tucano-marina-landi\/","name":"02\/05 \u2013 Tucano (Marina Landi) - Floripa Quilt","isPartOf":{"@id":"https:\/\/floripaquilt.com.br\/2025\/#website"},"primaryImageOfPage":{"@id":"https:\/\/floripaquilt.com.br\/2025\/produto\/02-05-tucano-marina-landi\/#primaryimage"},"image":{"@id":"https:\/\/floripaquilt.com.br\/2025\/produto\/02-05-tucano-marina-landi\/#primaryimage"},"thumbnailUrl":"https:\/\/floripaquilt.com.br\/2025\/wp-content\/uploads\/2025\/01\/Sem-titulo-1.png","datePublished":"2025-01-19T19:41:32+00:00","dateModified":"2025-04-25T17:20:54+00:00","description":"R$ 410,00 kit R$ 65,00 Por: Marina Landi, SP\/Brasil. Data:\u202f2 de maio \u2013 sexta-feira Carga hor\u00e1ria: 14h \u00e0s 20h \u2013 6h\/a Descritivo: Crie e personalize seu pr\u00f3prio tucano. Com o kit preparado especialmente para esta aula, voc\u00ea pode criar sua pr\u00f3pria vers\u00e3o colorida de um tucano. Divirta-se enquanto aprende sobre cores e valores.Pr\u00e9-requisitos: N\u00edvel de conhecimento intermedi\u00e1rio.Material necess\u00e1rio: Caneta Frixion, tesoura pequena com bom corte, tesoura (corte de papel), saco de lixo pequeno, 5 folhas 8,5 x 11 pol. Steam a Seam 2, pin\u00e7as.Observa\u00e7\u00f5es: O material solicitado \u00e9 imprescind\u00edvel para participa\u00e7\u00e3o no curso\/oficina.Atente-se para n\u00e3o comprar cursos\/oficinas no mesmo dia e hor\u00e1rio.Ap\u00f3s o pagamento, a sua matr\u00edcula \u00e9 automaticamente confirmada no curso\/oficina escolhido, portanto n\u00e3o h\u00e1 possibilidade de reembolso dos valores.Em caso de desist\u00eancia, sua inscri\u00e7\u00e3o poder\u00e1 ser transferida para outra pessoa por indica\u00e7\u00e3o enviando os dados da compra e da pessoa que vir\u00e1 no seu lugar para o email: fqcursos@gmail.com","breadcrumb":{"@id":"https:\/\/floripaquilt.com.br\/2025\/produto\/02-05-tucano-marina-landi\/#breadcrumb"},"inLanguage":"pt-BR","potentialAction":[{"@type":"ReadAction","target":["https:\/\/floripaquilt.com.br\/2025\/produto\/02-05-tucano-marina-landi\/"]}]},{"@type":"ImageObject","inLanguage":"pt-BR","@id":"https:\/\/floripaquilt.com.br\/2025\/produto\/02-05-tucano-marina-landi\/#primaryimage","url":"https:\/\/floripaquilt.com.br\/2025\/wp-content\/uploads\/2025\/01\/Sem-titulo-1.png","contentUrl":"https:\/\/floripaquilt.com.br\/2025\/wp-content\/uploads\/2025\/01\/Sem-titulo-1.png","width":3476,"height":3490},{"@type":"BreadcrumbList","@id":"https:\/\/floripaquilt.com.br\/2025\/produto\/02-05-tucano-marina-landi\/#breadcrumb","itemListElement":[{"@type":"ListItem","position":1,"name":"In\u00edcio","item":"https:\/\/floripaquilt.com.br\/2025\/"},{"@type":"ListItem","position":2,"name":"02\/05 \u2013 Tucano (Marina Landi)"}]},{"@type":"WebSite","@id":"https:\/\/floripaquilt.com.br\/2025\/#website","url":"https:\/\/floripaquilt.com.br\/2025\/","name":"Floripa Quilt","description":"Floripa Quilt 2025 - 12\u00ba Festival de Patchwork - Arte T\u00eaxtil","publisher":{"@id":"https:\/\/floripaquilt.com.br\/2025\/#organization"},"potentialAction":[{"@type":"SearchAction","target":{"@type":"EntryPoint","urlTemplate":"https:\/\/floripaquilt.com.br\/2025\/?s={search_term_string}"},"query-input":{"@type":"PropertyValueSpecification","valueRequired":true,"valueName":"search_term_string"}}],"inLanguage":"pt-BR"},{"@type":"Organization","@id":"https:\/\/floripaquilt.com.br\/2025\/#organization","name":"Floripa Quilt","url":"https:\/\/floripaquilt.com.br\/2025\/","logo":{"@type":"ImageObject","inLanguage":"pt-BR","@id":"https:\/\/floripaquilt.com.br\/2025\/#\/schema\/logo\/image\/","url":"https:\/\/floripaquilt.com.br\/2025\/wp-content\/uploads\/2024\/08\/cropped-Sem-titulo-15.png","contentUrl":"https:\/\/floripaquilt.com.br\/2025\/wp-content\/uploads\/2024\/08\/cropped-Sem-titulo-15.png","width":3938,"height":669,"caption":"Floripa Quilt"},"image":{"@id":"https:\/\/floripaquilt.com.br\/2025\/#\/schema\/logo\/image\/"}}]}},"jetpack_sharing_enabled":true,"_links":{"self":[{"href":"https:\/\/floripaquilt.com.br\/2025\/wp-json\/wp\/v2\/product\/10677","targetHints":{"allow":["GET"]}}],"collection":[{"href":"https:\/\/floripaquilt.com.br\/2025\/wp-json\/wp\/v2\/product"}],"about":[{"href":"https:\/\/floripaquilt.com.br\/2025\/wp-json\/wp\/v2\/types\/product"}],"replies":[{"embeddable":true,"href":"https:\/\/floripaquilt.com.br\/2025\/wp-json\/wp\/v2\/comments?post=10677"}],"wp:featuredmedia":[{"embeddable":true,"href":"https:\/\/floripaquilt.com.br\/2025\/wp-json\/wp\/v2\/media\/10644"}],"wp:attachment":[{"href":"https:\/\/floripaquilt.com.br\/2025\/wp-json\/wp\/v2\/media?parent=10677"}],"wp:term":[{"taxonomy":"product_brand","embeddable":true,"href":"https:\/\/floripaquilt.com.br\/2025\/wp-json\/wp\/v2\/product_brand?post=10677"},{"taxonomy":"product_cat","embeddable":true,"href":"https:\/\/floripaquilt.com.br\/2025\/wp-json\/wp\/v2\/product_cat?post=10677"},{"taxonomy":"product_tag","embeddable":true,"href":"https:\/\/floripaquilt.com.br\/2025\/wp-json\/wp\/v2\/product_tag?post=10677"}],"curies":[{"name":"wp","href":"https:\/\/api.w.org\/{rel}","templated":true}]}}