{"id":8757,"date":"2023-10-01T18:54:54","date_gmt":"2023-10-01T21:54:54","guid":{"rendered":"https:\/\/floripaquilt.com.br\/2025\/?page_id=8757"},"modified":"2025-03-21T14:21:25","modified_gmt":"2025-03-21T17:21:25","slug":"formacao","status":"publish","type":"page","link":"https:\/\/floripaquilt.com.br\/2025\/formacao\/","title":{"rendered":"VIV\u00caNCIAS CRIATIVAS"},"content":{"rendered":"<div class=\"gtranslate_wrapper\" id=\"gt-wrapper-35389698\"><\/div>\n\n\n\n<figure class=\"wp-block-gallery has-nested-images columns-default is-cropped wp-block-gallery-1 is-layout-flex wp-block-gallery-is-layout-flex\">\n<figure class=\"wp-block-image size-large is-resized\"><img loading=\"lazy\" decoding=\"async\" width=\"1024\" height=\"576\" data-id=\"10325\" src=\"https:\/\/floripaquilt.com.br\/2025\/wp-content\/uploads\/2024\/08\/WhatsApp-Image-2024-08-21-at-15.33.42-1024x576.jpeg\" alt=\"\" class=\"wp-image-10325\" style=\"aspect-ratio:3\/2;object-fit:cover;width:undefinedpx;height:200px\" srcset=\"https:\/\/floripaquilt.com.br\/2025\/wp-content\/uploads\/2024\/08\/WhatsApp-Image-2024-08-21-at-15.33.42-1024x576.jpeg 1024w, https:\/\/floripaquilt.com.br\/2025\/wp-content\/uploads\/2024\/08\/WhatsApp-Image-2024-08-21-at-15.33.42-300x169.jpeg 300w, https:\/\/floripaquilt.com.br\/2025\/wp-content\/uploads\/2024\/08\/WhatsApp-Image-2024-08-21-at-15.33.42-768x432.jpeg 768w, https:\/\/floripaquilt.com.br\/2025\/wp-content\/uploads\/2024\/08\/WhatsApp-Image-2024-08-21-at-15.33.42-1536x864.jpeg 1536w, https:\/\/floripaquilt.com.br\/2025\/wp-content\/uploads\/2024\/08\/WhatsApp-Image-2024-08-21-at-15.33.42-600x338.jpeg 600w, https:\/\/floripaquilt.com.br\/2025\/wp-content\/uploads\/2024\/08\/WhatsApp-Image-2024-08-21-at-15.33.42.jpeg 1600w\" sizes=\"auto, (max-width: 1024px) 100vw, 1024px\" \/><figcaption class=\"wp-element-caption\"><strong>CURSOS E OFICINAS<\/strong><\/figcaption><\/figure>\n\n\n\n<figure class=\"wp-block-image size-full is-resized\"><img loading=\"lazy\" decoding=\"async\" width=\"2560\" height=\"1920\" data-id=\"8815\" src=\"https:\/\/floripaquilt.com.br\/2025\/wp-content\/uploads\/2023\/09\/DSCN1531-scaled.jpg\" alt=\"\" class=\"wp-image-8815\" style=\"aspect-ratio:3\/2;object-fit:cover;width:undefinedpx;height:200px\" srcset=\"https:\/\/floripaquilt.com.br\/2025\/wp-content\/uploads\/2023\/09\/DSCN1531-scaled.jpg 2560w, https:\/\/floripaquilt.com.br\/2025\/wp-content\/uploads\/2023\/09\/DSCN1531-300x225.jpg 300w, https:\/\/floripaquilt.com.br\/2025\/wp-content\/uploads\/2023\/09\/DSCN1531-1024x768.jpg 1024w, https:\/\/floripaquilt.com.br\/2025\/wp-content\/uploads\/2023\/09\/DSCN1531-768x576.jpg 768w, https:\/\/floripaquilt.com.br\/2025\/wp-content\/uploads\/2023\/09\/DSCN1531-1536x1152.jpg 1536w, https:\/\/floripaquilt.com.br\/2025\/wp-content\/uploads\/2023\/09\/DSCN1531-2048x1536.jpg 2048w, https:\/\/floripaquilt.com.br\/2025\/wp-content\/uploads\/2023\/09\/DSCN1531-600x450.jpg 600w\" sizes=\"auto, (max-width: 2560px) 100vw, 2560px\" \/><figcaption class=\"wp-element-caption\"><strong>PALESTRAS<\/strong><\/figcaption><\/figure>\n\n\n\n<figure class=\"wp-block-image size-large is-resized\"><img loading=\"lazy\" decoding=\"async\" width=\"1024\" height=\"768\" data-id=\"10335\" src=\"https:\/\/floripaquilt.com.br\/2025\/wp-content\/uploads\/2024\/08\/WhatsApp-Image-2024-08-21-at-16.20.32-1024x768.jpeg\" alt=\"\" class=\"wp-image-10335\" style=\"aspect-ratio:3\/2;object-fit:cover;width:undefinedpx;height:200px\" srcset=\"https:\/\/floripaquilt.com.br\/2025\/wp-content\/uploads\/2024\/08\/WhatsApp-Image-2024-08-21-at-16.20.32-1024x768.jpeg 1024w, https:\/\/floripaquilt.com.br\/2025\/wp-content\/uploads\/2024\/08\/WhatsApp-Image-2024-08-21-at-16.20.32-300x225.jpeg 300w, https:\/\/floripaquilt.com.br\/2025\/wp-content\/uploads\/2024\/08\/WhatsApp-Image-2024-08-21-at-16.20.32-768x576.jpeg 768w, https:\/\/floripaquilt.com.br\/2025\/wp-content\/uploads\/2024\/08\/WhatsApp-Image-2024-08-21-at-16.20.32-1536x1152.jpeg 1536w, https:\/\/floripaquilt.com.br\/2025\/wp-content\/uploads\/2024\/08\/WhatsApp-Image-2024-08-21-at-16.20.32-600x450.jpeg 600w, https:\/\/floripaquilt.com.br\/2025\/wp-content\/uploads\/2024\/08\/WhatsApp-Image-2024-08-21-at-16.20.32.jpeg 1600w\" sizes=\"auto, (max-width: 1024px) 100vw, 1024px\" \/><figcaption class=\"wp-element-caption\"><strong>AULAS DEMONSTRATIVAS<\/strong><\/figcaption><\/figure>\n\n\n\n<figure class=\"wp-block-image size-large is-resized\"><img loading=\"lazy\" decoding=\"async\" width=\"1024\" height=\"768\" data-id=\"10339\" src=\"https:\/\/floripaquilt.com.br\/2025\/wp-content\/uploads\/2024\/08\/WhatsApp-Image-2024-08-21-at-16.20.30-1024x768.jpeg\" alt=\"\" class=\"wp-image-10339\" style=\"aspect-ratio:16\/9;object-fit:cover;width:undefinedpx;height:200px\" srcset=\"https:\/\/floripaquilt.com.br\/2025\/wp-content\/uploads\/2024\/08\/WhatsApp-Image-2024-08-21-at-16.20.30-1024x768.jpeg 1024w, https:\/\/floripaquilt.com.br\/2025\/wp-content\/uploads\/2024\/08\/WhatsApp-Image-2024-08-21-at-16.20.30-300x225.jpeg 300w, https:\/\/floripaquilt.com.br\/2025\/wp-content\/uploads\/2024\/08\/WhatsApp-Image-2024-08-21-at-16.20.30-768x576.jpeg 768w, https:\/\/floripaquilt.com.br\/2025\/wp-content\/uploads\/2024\/08\/WhatsApp-Image-2024-08-21-at-16.20.30-1536x1152.jpeg 1536w, https:\/\/floripaquilt.com.br\/2025\/wp-content\/uploads\/2024\/08\/WhatsApp-Image-2024-08-21-at-16.20.30-600x450.jpeg 600w, https:\/\/floripaquilt.com.br\/2025\/wp-content\/uploads\/2024\/08\/WhatsApp-Image-2024-08-21-at-16.20.30.jpeg 1600w\" sizes=\"auto, (max-width: 1024px) 100vw, 1024px\" \/><figcaption class=\"wp-element-caption\"><strong>RODAS DE CONVERSAS<\/strong><\/figcaption><\/figure>\n<\/figure>\n\n\n\n<p class=\"has-black-color has-text-color\">Cursos e oficinas, aulas demonstrativas gratuitas, palestras, rodas de conversas, ser\u00e3o a\u00e7\u00f5es formativas desenvolvidas pelo <strong>Floripa Quilt<\/strong>, no per\u00edodo de 29\/04\/2025 a 03\/05\/2025. A iniciativa visa proporcionar op\u00e7\u00f5es de atividades no campo da arte t\u00eaxtil e temas correlacionados, visando aprendizado e aprimoramento t\u00e9cnico e cultural.<\/p>\n\n\n\n<p class=\"has-black-color has-text-color\">Ser\u00e3o 05 dias de imers\u00e3o no universo t\u00eaxtil, com professores, palestrantes e mediadores da melhor qualidade, al\u00e9m da sinergia dos participantes, tudo isso num lugar m\u00e1gico, a beira do mar de Cacup\u00e9, na Ilha da Magia.<\/p>\n\n\n\n<p class=\"has-black-color has-text-color\">O festival Floripa Quilt \u00e9 pensado em cada detalhe por quem vive da arte t\u00eaxtil e foi criado para inspirar e celebrar o encontro de pessoas apaixonadas por essa arte.<\/p>\n\n\n\n<p class=\"has-black-color has-text-color\">Fa\u00e7a parte deste encontro! Esperamos voc\u00ea no <strong>Floripa Quilt &#8211; Festival de Patchwork &#8211; Arte T\u00eaxtil<\/strong>.<\/p>\n\n\n\n<p class=\"has-black-color has-text-color\"><\/p>\n","protected":false},"excerpt":{"rendered":"<p>Cursos e oficinas, aulas demonstrativas gratuitas, palestras, rodas de conversas, ser\u00e3o a\u00e7\u00f5es formativas desenvolvidas pelo Floripa Quilt, no per\u00edodo de 29\/04\/2025 a 03\/05\/2025. A iniciativa visa proporcionar op\u00e7\u00f5es de atividades no campo da arte t\u00eaxtil e temas correlacionados, visando aprendizado e aprimoramento t\u00e9cnico e cultural. Ser\u00e3o 05 dias de imers\u00e3o no universo t\u00eaxtil, com professores, palestrantes e mediadores da melhor qualidade, al\u00e9m da sinergia dos participantes, tudo isso num lugar m\u00e1gico, a beira do mar de Cacup\u00e9, na Ilha da Magia. O festival Floripa Quilt \u00e9 pensado em cada detalhe por quem vive da arte t\u00eaxtil e foi criado para inspirar e celebrar o encontro de pessoas apaixonadas por essa arte. Fa\u00e7a parte deste encontro! Esperamos voc\u00ea no Floripa Quilt &#8211; Festival de Patchwork &#8211; Arte T\u00eaxtil.<\/p>\n","protected":false},"author":29,"featured_media":0,"parent":0,"menu_order":0,"comment_status":"closed","ping_status":"closed","template":"","meta":{"_monsterinsights_skip_tracking":false,"_monsterinsights_sitenote_active":false,"_monsterinsights_sitenote_note":"","_monsterinsights_sitenote_category":0,"_uf_show_specific_survey":0,"_uf_disable_surveys":false,"footnotes":""},"class_list":["post-8757","page","type-page","status-publish","hentry"],"acf":[],"yoast_head":"<!-- This site is optimized with the Yoast SEO plugin v27.4 - https:\/\/yoast.com\/product\/yoast-seo-wordpress\/ -->\n<title>VIV\u00caNCIAS CRIATIVAS - Floripa Quilt<\/title>\n<meta name=\"robots\" content=\"index, follow, max-snippet:-1, max-image-preview:large, max-video-preview:-1\" \/>\n<link rel=\"canonical\" href=\"https:\/\/floripaquilt.com.br\/2025\/formacao\/\" \/>\n<meta property=\"og:locale\" content=\"pt_BR\" \/>\n<meta property=\"og:type\" content=\"article\" \/>\n<meta property=\"og:title\" content=\"VIV\u00caNCIAS CRIATIVAS - Floripa Quilt\" \/>\n<meta property=\"og:description\" content=\"Cursos e oficinas, aulas demonstrativas gratuitas, palestras, rodas de conversas, ser\u00e3o a\u00e7\u00f5es formativas desenvolvidas pelo Floripa Quilt, no per\u00edodo de 29\/04\/2025 a 03\/05\/2025. A iniciativa visa proporcionar op\u00e7\u00f5es de atividades no campo da arte t\u00eaxtil e temas correlacionados, visando aprendizado e aprimoramento t\u00e9cnico e cultural. Ser\u00e3o 05 dias de imers\u00e3o no universo t\u00eaxtil, com professores, palestrantes e mediadores da melhor qualidade, al\u00e9m da sinergia dos participantes, tudo isso num lugar m\u00e1gico, a beira do mar de Cacup\u00e9, na Ilha da Magia. O festival Floripa Quilt \u00e9 pensado em cada detalhe por quem vive da arte t\u00eaxtil e foi criado para inspirar e celebrar o encontro de pessoas apaixonadas por essa arte. Fa\u00e7a parte deste encontro! Esperamos voc\u00ea no Floripa Quilt &#8211; Festival de Patchwork &#8211; Arte T\u00eaxtil.\" \/>\n<meta property=\"og:url\" content=\"https:\/\/floripaquilt.com.br\/2025\/formacao\/\" \/>\n<meta property=\"og:site_name\" content=\"Floripa Quilt\" \/>\n<meta property=\"article:modified_time\" content=\"2025-03-21T17:21:25+00:00\" \/>\n<meta property=\"og:image\" content=\"https:\/\/floripaquilt.com.br\/2025\/wp-content\/uploads\/2024\/08\/WhatsApp-Image-2024-08-21-at-15.33.42-1024x576.jpeg\" \/>\n<meta name=\"twitter:card\" content=\"summary_large_image\" \/>\n<meta name=\"twitter:label1\" content=\"Est. tempo de leitura\" \/>\n\t<meta name=\"twitter:data1\" content=\"2 minutos\" \/>\n<script type=\"application\/ld+json\" class=\"yoast-schema-graph\">{\"@context\":\"https:\\\/\\\/schema.org\",\"@graph\":[{\"@type\":\"WebPage\",\"@id\":\"https:\\\/\\\/floripaquilt.com.br\\\/2025\\\/formacao\\\/\",\"url\":\"https:\\\/\\\/floripaquilt.com.br\\\/2025\\\/formacao\\\/\",\"name\":\"VIV\u00caNCIAS CRIATIVAS - Floripa Quilt\",\"isPartOf\":{\"@id\":\"https:\\\/\\\/floripaquilt.com.br\\\/2025\\\/#website\"},\"primaryImageOfPage\":{\"@id\":\"https:\\\/\\\/floripaquilt.com.br\\\/2025\\\/formacao\\\/#primaryimage\"},\"image\":{\"@id\":\"https:\\\/\\\/floripaquilt.com.br\\\/2025\\\/formacao\\\/#primaryimage\"},\"thumbnailUrl\":\"https:\\\/\\\/floripaquilt.com.br\\\/2025\\\/wp-content\\\/uploads\\\/2024\\\/08\\\/WhatsApp-Image-2024-08-21-at-15.33.42-1024x576.jpeg\",\"datePublished\":\"2023-10-01T21:54:54+00:00\",\"dateModified\":\"2025-03-21T17:21:25+00:00\",\"breadcrumb\":{\"@id\":\"https:\\\/\\\/floripaquilt.com.br\\\/2025\\\/formacao\\\/#breadcrumb\"},\"inLanguage\":\"pt-BR\",\"potentialAction\":[{\"@type\":\"ReadAction\",\"target\":[\"https:\\\/\\\/floripaquilt.com.br\\\/2025\\\/formacao\\\/\"]}]},{\"@type\":\"ImageObject\",\"inLanguage\":\"pt-BR\",\"@id\":\"https:\\\/\\\/floripaquilt.com.br\\\/2025\\\/formacao\\\/#primaryimage\",\"url\":\"https:\\\/\\\/floripaquilt.com.br\\\/2025\\\/wp-content\\\/uploads\\\/2024\\\/08\\\/WhatsApp-Image-2024-08-21-at-15.33.42.jpeg\",\"contentUrl\":\"https:\\\/\\\/floripaquilt.com.br\\\/2025\\\/wp-content\\\/uploads\\\/2024\\\/08\\\/WhatsApp-Image-2024-08-21-at-15.33.42.jpeg\",\"width\":1600,\"height\":900},{\"@type\":\"BreadcrumbList\",\"@id\":\"https:\\\/\\\/floripaquilt.com.br\\\/2025\\\/formacao\\\/#breadcrumb\",\"itemListElement\":[{\"@type\":\"ListItem\",\"position\":1,\"name\":\"In\u00edcio\",\"item\":\"https:\\\/\\\/floripaquilt.com.br\\\/2025\\\/\"},{\"@type\":\"ListItem\",\"position\":2,\"name\":\"VIV\u00caNCIAS CRIATIVAS\"}]},{\"@type\":\"WebSite\",\"@id\":\"https:\\\/\\\/floripaquilt.com.br\\\/2025\\\/#website\",\"url\":\"https:\\\/\\\/floripaquilt.com.br\\\/2025\\\/\",\"name\":\"Floripa Quilt\",\"description\":\"Floripa Quilt 2025 - 12\u00ba Festival de Patchwork - Arte T\u00eaxtil\",\"publisher\":{\"@id\":\"https:\\\/\\\/floripaquilt.com.br\\\/2025\\\/#organization\"},\"potentialAction\":[{\"@type\":\"SearchAction\",\"target\":{\"@type\":\"EntryPoint\",\"urlTemplate\":\"https:\\\/\\\/floripaquilt.com.br\\\/2025\\\/?s={search_term_string}\"},\"query-input\":{\"@type\":\"PropertyValueSpecification\",\"valueRequired\":true,\"valueName\":\"search_term_string\"}}],\"inLanguage\":\"pt-BR\"},{\"@type\":\"Organization\",\"@id\":\"https:\\\/\\\/floripaquilt.com.br\\\/2025\\\/#organization\",\"name\":\"Floripa Quilt\",\"url\":\"https:\\\/\\\/floripaquilt.com.br\\\/2025\\\/\",\"logo\":{\"@type\":\"ImageObject\",\"inLanguage\":\"pt-BR\",\"@id\":\"https:\\\/\\\/floripaquilt.com.br\\\/2025\\\/#\\\/schema\\\/logo\\\/image\\\/\",\"url\":\"https:\\\/\\\/floripaquilt.com.br\\\/2025\\\/wp-content\\\/uploads\\\/2024\\\/08\\\/cropped-Sem-titulo-15.png\",\"contentUrl\":\"https:\\\/\\\/floripaquilt.com.br\\\/2025\\\/wp-content\\\/uploads\\\/2024\\\/08\\\/cropped-Sem-titulo-15.png\",\"width\":3938,\"height\":669,\"caption\":\"Floripa Quilt\"},\"image\":{\"@id\":\"https:\\\/\\\/floripaquilt.com.br\\\/2025\\\/#\\\/schema\\\/logo\\\/image\\\/\"}}]}<\/script>\n<!-- \/ Yoast SEO plugin. -->","yoast_head_json":{"title":"VIV\u00caNCIAS CRIATIVAS - Floripa Quilt","robots":{"index":"index","follow":"follow","max-snippet":"max-snippet:-1","max-image-preview":"max-image-preview:large","max-video-preview":"max-video-preview:-1"},"canonical":"https:\/\/floripaquilt.com.br\/2025\/formacao\/","og_locale":"pt_BR","og_type":"article","og_title":"VIV\u00caNCIAS CRIATIVAS - Floripa Quilt","og_description":"Cursos e oficinas, aulas demonstrativas gratuitas, palestras, rodas de conversas, ser\u00e3o a\u00e7\u00f5es formativas desenvolvidas pelo Floripa Quilt, no per\u00edodo de 29\/04\/2025 a 03\/05\/2025. A iniciativa visa proporcionar op\u00e7\u00f5es de atividades no campo da arte t\u00eaxtil e temas correlacionados, visando aprendizado e aprimoramento t\u00e9cnico e cultural. Ser\u00e3o 05 dias de imers\u00e3o no universo t\u00eaxtil, com professores, palestrantes e mediadores da melhor qualidade, al\u00e9m da sinergia dos participantes, tudo isso num lugar m\u00e1gico, a beira do mar de Cacup\u00e9, na Ilha da Magia. O festival Floripa Quilt \u00e9 pensado em cada detalhe por quem vive da arte t\u00eaxtil e foi criado para inspirar e celebrar o encontro de pessoas apaixonadas por essa arte. Fa\u00e7a parte deste encontro! Esperamos voc\u00ea no Floripa Quilt &#8211; Festival de Patchwork &#8211; Arte T\u00eaxtil.","og_url":"https:\/\/floripaquilt.com.br\/2025\/formacao\/","og_site_name":"Floripa Quilt","article_modified_time":"2025-03-21T17:21:25+00:00","og_image":[{"url":"https:\/\/floripaquilt.com.br\/2025\/wp-content\/uploads\/2024\/08\/WhatsApp-Image-2024-08-21-at-15.33.42-1024x576.jpeg","type":"","width":"","height":""}],"twitter_card":"summary_large_image","twitter_misc":{"Est. tempo de leitura":"2 minutos"},"schema":{"@context":"https:\/\/schema.org","@graph":[{"@type":"WebPage","@id":"https:\/\/floripaquilt.com.br\/2025\/formacao\/","url":"https:\/\/floripaquilt.com.br\/2025\/formacao\/","name":"VIV\u00caNCIAS CRIATIVAS - Floripa Quilt","isPartOf":{"@id":"https:\/\/floripaquilt.com.br\/2025\/#website"},"primaryImageOfPage":{"@id":"https:\/\/floripaquilt.com.br\/2025\/formacao\/#primaryimage"},"image":{"@id":"https:\/\/floripaquilt.com.br\/2025\/formacao\/#primaryimage"},"thumbnailUrl":"https:\/\/floripaquilt.com.br\/2025\/wp-content\/uploads\/2024\/08\/WhatsApp-Image-2024-08-21-at-15.33.42-1024x576.jpeg","datePublished":"2023-10-01T21:54:54+00:00","dateModified":"2025-03-21T17:21:25+00:00","breadcrumb":{"@id":"https:\/\/floripaquilt.com.br\/2025\/formacao\/#breadcrumb"},"inLanguage":"pt-BR","potentialAction":[{"@type":"ReadAction","target":["https:\/\/floripaquilt.com.br\/2025\/formacao\/"]}]},{"@type":"ImageObject","inLanguage":"pt-BR","@id":"https:\/\/floripaquilt.com.br\/2025\/formacao\/#primaryimage","url":"https:\/\/floripaquilt.com.br\/2025\/wp-content\/uploads\/2024\/08\/WhatsApp-Image-2024-08-21-at-15.33.42.jpeg","contentUrl":"https:\/\/floripaquilt.com.br\/2025\/wp-content\/uploads\/2024\/08\/WhatsApp-Image-2024-08-21-at-15.33.42.jpeg","width":1600,"height":900},{"@type":"BreadcrumbList","@id":"https:\/\/floripaquilt.com.br\/2025\/formacao\/#breadcrumb","itemListElement":[{"@type":"ListItem","position":1,"name":"In\u00edcio","item":"https:\/\/floripaquilt.com.br\/2025\/"},{"@type":"ListItem","position":2,"name":"VIV\u00caNCIAS CRIATIVAS"}]},{"@type":"WebSite","@id":"https:\/\/floripaquilt.com.br\/2025\/#website","url":"https:\/\/floripaquilt.com.br\/2025\/","name":"Floripa Quilt","description":"Floripa Quilt 2025 - 12\u00ba Festival de Patchwork - Arte T\u00eaxtil","publisher":{"@id":"https:\/\/floripaquilt.com.br\/2025\/#organization"},"potentialAction":[{"@type":"SearchAction","target":{"@type":"EntryPoint","urlTemplate":"https:\/\/floripaquilt.com.br\/2025\/?s={search_term_string}"},"query-input":{"@type":"PropertyValueSpecification","valueRequired":true,"valueName":"search_term_string"}}],"inLanguage":"pt-BR"},{"@type":"Organization","@id":"https:\/\/floripaquilt.com.br\/2025\/#organization","name":"Floripa Quilt","url":"https:\/\/floripaquilt.com.br\/2025\/","logo":{"@type":"ImageObject","inLanguage":"pt-BR","@id":"https:\/\/floripaquilt.com.br\/2025\/#\/schema\/logo\/image\/","url":"https:\/\/floripaquilt.com.br\/2025\/wp-content\/uploads\/2024\/08\/cropped-Sem-titulo-15.png","contentUrl":"https:\/\/floripaquilt.com.br\/2025\/wp-content\/uploads\/2024\/08\/cropped-Sem-titulo-15.png","width":3938,"height":669,"caption":"Floripa Quilt"},"image":{"@id":"https:\/\/floripaquilt.com.br\/2025\/#\/schema\/logo\/image\/"}}]}},"jetpack_sharing_enabled":true,"_links":{"self":[{"href":"https:\/\/floripaquilt.com.br\/2025\/wp-json\/wp\/v2\/pages\/8757","targetHints":{"allow":["GET"]}}],"collection":[{"href":"https:\/\/floripaquilt.com.br\/2025\/wp-json\/wp\/v2\/pages"}],"about":[{"href":"https:\/\/floripaquilt.com.br\/2025\/wp-json\/wp\/v2\/types\/page"}],"author":[{"embeddable":true,"href":"https:\/\/floripaquilt.com.br\/2025\/wp-json\/wp\/v2\/users\/29"}],"replies":[{"embeddable":true,"href":"https:\/\/floripaquilt.com.br\/2025\/wp-json\/wp\/v2\/comments?post=8757"}],"version-history":[{"count":31,"href":"https:\/\/floripaquilt.com.br\/2025\/wp-json\/wp\/v2\/pages\/8757\/revisions"}],"predecessor-version":[{"id":10894,"href":"https:\/\/floripaquilt.com.br\/2025\/wp-json\/wp\/v2\/pages\/8757\/revisions\/10894"}],"wp:attachment":[{"href":"https:\/\/floripaquilt.com.br\/2025\/wp-json\/wp\/v2\/media?parent=8757"}],"curies":[{"name":"wp","href":"https:\/\/api.w.org\/{rel}","templated":true}]}}