{"id":8549,"date":"2023-10-01T18:54:55","date_gmt":"2023-10-01T21:54:55","guid":{"rendered":"https:\/\/floripaquilt.com.br\/2025\/?page_id=8549"},"modified":"2024-12-18T13:08:22","modified_gmt":"2024-12-18T16:08:22","slug":"floripa-quilt","status":"publish","type":"page","link":"https:\/\/floripaquilt.com.br\/2025\/floripa-quilt\/","title":{"rendered":"O EVENTO"},"content":{"rendered":"<div class=\"gtranslate_wrapper\" id=\"gt-wrapper-58375838\"><\/div>\n\n\n\n<figure class=\"wp-block-gallery has-nested-images columns-default is-cropped wp-block-gallery-1 is-layout-flex wp-block-gallery-is-layout-flex\">\n<figure class=\"wp-block-image size-large is-resized\"><img loading=\"lazy\" decoding=\"async\" width=\"1024\" height=\"768\" data-id=\"10348\" src=\"https:\/\/floripaquilt.com.br\/2025\/wp-content\/uploads\/2024\/08\/DSCN3309-1024x768.jpg\" alt=\"\" class=\"wp-image-10348\" style=\"aspect-ratio:3\/2;object-fit:cover;width:undefinedpx;height:200px\" srcset=\"https:\/\/floripaquilt.com.br\/2025\/wp-content\/uploads\/2024\/08\/DSCN3309-1024x768.jpg 1024w, https:\/\/floripaquilt.com.br\/2025\/wp-content\/uploads\/2024\/08\/DSCN3309-300x225.jpg 300w, https:\/\/floripaquilt.com.br\/2025\/wp-content\/uploads\/2024\/08\/DSCN3309-768x576.jpg 768w, https:\/\/floripaquilt.com.br\/2025\/wp-content\/uploads\/2024\/08\/DSCN3309-1536x1152.jpg 1536w, https:\/\/floripaquilt.com.br\/2025\/wp-content\/uploads\/2024\/08\/DSCN3309-2048x1536.jpg 2048w, https:\/\/floripaquilt.com.br\/2025\/wp-content\/uploads\/2024\/08\/DSCN3309-600x450.jpg 600w\" sizes=\"auto, (max-width: 1024px) 100vw, 1024px\" \/><figcaption class=\"wp-element-caption\"><strong>LOJISTAS<\/strong><\/figcaption><\/figure>\n\n\n\n<figure class=\"wp-block-image size-large is-resized\"><img loading=\"lazy\" decoding=\"async\" width=\"768\" height=\"1024\" data-id=\"10327\" src=\"https:\/\/floripaquilt.com.br\/2025\/wp-content\/uploads\/2024\/08\/WhatsApp-Image-2024-08-21-at-15.30.16-1-768x1024.jpeg\" alt=\"\" class=\"wp-image-10327\" style=\"aspect-ratio:3\/2;object-fit:cover;width:undefinedpx;height:200px\" srcset=\"https:\/\/floripaquilt.com.br\/2025\/wp-content\/uploads\/2024\/08\/WhatsApp-Image-2024-08-21-at-15.30.16-1-768x1024.jpeg 768w, https:\/\/floripaquilt.com.br\/2025\/wp-content\/uploads\/2024\/08\/WhatsApp-Image-2024-08-21-at-15.30.16-1-225x300.jpeg 225w, https:\/\/floripaquilt.com.br\/2025\/wp-content\/uploads\/2024\/08\/WhatsApp-Image-2024-08-21-at-15.30.16-1-1152x1536.jpeg 1152w, https:\/\/floripaquilt.com.br\/2025\/wp-content\/uploads\/2024\/08\/WhatsApp-Image-2024-08-21-at-15.30.16-1-600x800.jpeg 600w, https:\/\/floripaquilt.com.br\/2025\/wp-content\/uploads\/2024\/08\/WhatsApp-Image-2024-08-21-at-15.30.16-1.jpeg 1200w\" sizes=\"auto, (max-width: 768px) 100vw, 768px\" \/><figcaption class=\"wp-element-caption\"><strong>OFICINA INFANTIL<\/strong><\/figcaption><\/figure>\n\n\n\n<figure class=\"wp-block-image size-large is-resized\"><img loading=\"lazy\" decoding=\"async\" width=\"722\" height=\"1024\" data-id=\"10347\" src=\"https:\/\/floripaquilt.com.br\/2025\/wp-content\/uploads\/2024\/08\/DSCN3272-722x1024.jpg\" alt=\"\" class=\"wp-image-10347\" style=\"aspect-ratio:3\/2;object-fit:cover;width:undefinedpx;height:200px\" srcset=\"https:\/\/floripaquilt.com.br\/2025\/wp-content\/uploads\/2024\/08\/DSCN3272-722x1024.jpg 722w, https:\/\/floripaquilt.com.br\/2025\/wp-content\/uploads\/2024\/08\/DSCN3272-212x300.jpg 212w, https:\/\/floripaquilt.com.br\/2025\/wp-content\/uploads\/2024\/08\/DSCN3272-768x1089.jpg 768w, https:\/\/floripaquilt.com.br\/2025\/wp-content\/uploads\/2024\/08\/DSCN3272-1084x1536.jpg 1084w, https:\/\/floripaquilt.com.br\/2025\/wp-content\/uploads\/2024\/08\/DSCN3272-scaled.jpg 1806w\" sizes=\"auto, (max-width: 722px) 100vw, 722px\" \/><figcaption class=\"wp-element-caption\"><strong>EXPOSI\u00c7\u00d5ES<\/strong><\/figcaption><\/figure>\n\n\n\n<figure class=\"wp-block-image size-full is-resized\"><img decoding=\"async\" data-id=\"10344\" src=\"https:\/\/floripaquilt.com.br\/2025\/wp-content\/uploads\/2024\/08\/DSCN3239.jpg\" alt=\"\" class=\"wp-image-10344\" style=\"aspect-ratio:3\/2;object-fit:cover;width:undefinedpx;height:200px\"\/><figcaption class=\"wp-element-caption\"><strong>TRADI\u00c7\u00c3O<\/strong><\/figcaption><\/figure>\n\n\n\n<figure class=\"wp-block-image size-large is-resized\"><img loading=\"lazy\" decoding=\"async\" width=\"1024\" height=\"683\" data-id=\"8845\" src=\"https:\/\/floripaquilt.com.br\/2025\/wp-content\/uploads\/2023\/09\/FLORIPA_QUILT_FINAL_ALTA-40-1024x683.jpg\" alt=\"\" class=\"wp-image-8845\" style=\"aspect-ratio:3\/2;object-fit:cover;width:undefinedpx;height:200px\" srcset=\"https:\/\/floripaquilt.com.br\/2025\/wp-content\/uploads\/2023\/09\/FLORIPA_QUILT_FINAL_ALTA-40-1024x683.jpg 1024w, https:\/\/floripaquilt.com.br\/2025\/wp-content\/uploads\/2023\/09\/FLORIPA_QUILT_FINAL_ALTA-40-300x200.jpg 300w, https:\/\/floripaquilt.com.br\/2025\/wp-content\/uploads\/2023\/09\/FLORIPA_QUILT_FINAL_ALTA-40-768x512.jpg 768w, https:\/\/floripaquilt.com.br\/2025\/wp-content\/uploads\/2023\/09\/FLORIPA_QUILT_FINAL_ALTA-40-1536x1024.jpg 1536w, https:\/\/floripaquilt.com.br\/2025\/wp-content\/uploads\/2023\/09\/FLORIPA_QUILT_FINAL_ALTA-40-2048x1365.jpg 2048w, https:\/\/floripaquilt.com.br\/2025\/wp-content\/uploads\/2023\/09\/FLORIPA_QUILT_FINAL_ALTA-40-600x400.jpg 600w\" sizes=\"auto, (max-width: 1024px) 100vw, 1024px\" \/><figcaption class=\"wp-element-caption\"><strong>ARTES\u00c3OS<\/strong><\/figcaption><\/figure>\n\n\n\n<figure class=\"wp-block-image size-large is-resized\"><img loading=\"lazy\" decoding=\"async\" width=\"1024\" height=\"768\" data-id=\"10334\" src=\"https:\/\/floripaquilt.com.br\/2025\/wp-content\/uploads\/2024\/08\/WhatsApp-Image-2024-08-21-at-16.20.33-1024x768.jpeg\" alt=\"\" class=\"wp-image-10334\" style=\"aspect-ratio:3\/2;object-fit:cover;width:undefinedpx;height:200px\" srcset=\"https:\/\/floripaquilt.com.br\/2025\/wp-content\/uploads\/2024\/08\/WhatsApp-Image-2024-08-21-at-16.20.33-1024x768.jpeg 1024w, https:\/\/floripaquilt.com.br\/2025\/wp-content\/uploads\/2024\/08\/WhatsApp-Image-2024-08-21-at-16.20.33-300x225.jpeg 300w, https:\/\/floripaquilt.com.br\/2025\/wp-content\/uploads\/2024\/08\/WhatsApp-Image-2024-08-21-at-16.20.33-768x576.jpeg 768w, https:\/\/floripaquilt.com.br\/2025\/wp-content\/uploads\/2024\/08\/WhatsApp-Image-2024-08-21-at-16.20.33-1536x1152.jpeg 1536w, https:\/\/floripaquilt.com.br\/2025\/wp-content\/uploads\/2024\/08\/WhatsApp-Image-2024-08-21-at-16.20.33-600x450.jpeg 600w, https:\/\/floripaquilt.com.br\/2025\/wp-content\/uploads\/2024\/08\/WhatsApp-Image-2024-08-21-at-16.20.33.jpeg 1600w\" sizes=\"auto, (max-width: 1024px) 100vw, 1024px\" \/><figcaption class=\"wp-element-caption\"><strong>E MUITO MAIS&#8230;<\/strong><\/figcaption><\/figure>\n<\/figure>\n\n\n\n<p class=\"has-black-color has-text-color\"><strong>Floripa Quilt<\/strong>: Um caminho orientado pelo empenho, paix\u00e3o, \u00e9tica e profissionalismo, fornecendo uma compreens\u00e3o mais ampla e contempor\u00e2nea sobre patchwork e quilt, tratando-os como processos integrantes da arte t\u00eaxtil.<\/p>\n\n\n\n<p class=\"has-black-color has-text-color has-link-color wp-elements-cb1902781d4b15143e8ba97d85160162\">O maior festival de patchwork de Santa Catarina&nbsp; mobiliza todo o segmento art\u00edstico e comercial que envolve a arte t\u00eaxtil, divulga trabalhos locais, nacionais e internacionais, promove oficinas de aprimoramento de t\u00e9cnicas, disponibiliza estandes com venda de materiais destinados aos trabalhos manuais, traz aos nossos olhos e sentidos, atrav\u00e9s de suas exposi\u00e7\u00f5es, belas obras t\u00eaxteis e ainda oferece \u00e0 voc\u00ea, a oportunidade de materializar seu talento art\u00edstico, atrav\u00e9s dos Concursos: Quilts, Arte T\u00eaxtil e Bonecas (os) de Pano.<\/p>\n\n\n\n<p class=\"has-black-color has-text-color has-link-color wp-elements-0b4ab94f4da99143c47df0e69a29151d\">Sonhado e idealizado por Jana\u00edna Machado Cordeiro, que entre uma feira e outra que visitava, viu a possibilidade de trazer para Florian\u00f3polis um festival que unisse cursos, expositores e admiradores dessa arte, al\u00e9m de valorizar a cultura local. Juntou pessoas com o mesmo sonho e o evento n\u00e3o parou mais de crescer. Hoje, o <strong>Floripa Quilt<\/strong> \u00e9 sin\u00f4nimo de arte t\u00eaxtil e re\u00fane cada vez mais participantes gra\u00e7as \u00e0 energia boa que \u00e9 compartilhada durante o evento, todos os anos. Um sonho que virou realidade e foi costurado a muitas m\u00e3os.<\/p>\n\n\n\n<p class=\"has-black-color has-text-color has-link-color wp-elements-467dfb8dbec81044b2838275f35da4e7\">A 12\u00aa edi\u00e7\u00e3o do evento ser\u00e1 realizada como de praxe, no Centro de Eventos do Hotel SESC Cacup\u00e9, sito a Estrada Haroldo Soares Glavan, n\u00ba 1670, Cacup\u00e9, Florian\u00f3polis\/SC, entre os dias <strong>30 de abril e 03 de maio de 2025<\/strong>, sempre das 11 \u00e0s 18 horas. O <strong>Floripa Quilt &#8211; Festival de Patchwork &#8211; Arte T\u00eaxtil<\/strong> \u00e9 pensado em cada detalhe por quem vivencia o feito \u00e0 m\u00e3o, buscando proporcionar ao maior n\u00famero de pessoas uma experi\u00eancia memor\u00e1vel e de qualidade, conectando arte e indiv\u00edduos, facilitando a conex\u00e3o entre o que \u00e9 produzido e o p\u00fablico, servindo como uma plataforma de inova\u00e7\u00e3o e criatividade, mostrando o verdadeiro papel do t\u00eaxtil na cadeia arte, design, artesanato e economia circular. O p\u00fablico poder\u00e1 explorar novas tend\u00eancias, experimentar combina\u00e7\u00f5es de materiais e se inspirar em diferentes culturas e estilos, al\u00e9m de se deliciar com uma vasta programa\u00e7\u00e3o.<\/p>\n\n\n\n<p class=\"has-black-color has-text-color\"><strong>Fa\u00e7a parte desse encontro!<\/strong><\/p>\n","protected":false},"excerpt":{"rendered":"<p>Floripa Quilt: Um caminho orientado pelo empenho, paix\u00e3o, \u00e9tica e profissionalismo, fornecendo uma compreens\u00e3o mais ampla e contempor\u00e2nea sobre patchwork e quilt, tratando-os como processos integrantes da arte t\u00eaxtil. O maior festival de patchwork de Santa Catarina&nbsp; mobiliza todo o segmento art\u00edstico e comercial que envolve a arte t\u00eaxtil, divulga trabalhos locais, nacionais e internacionais, promove oficinas de aprimoramento de t\u00e9cnicas, disponibiliza estandes com venda de materiais destinados aos trabalhos manuais, traz aos nossos olhos e sentidos, atrav\u00e9s de suas exposi\u00e7\u00f5es, belas obras t\u00eaxteis e ainda oferece \u00e0 voc\u00ea, a oportunidade de materializar seu talento art\u00edstico, atrav\u00e9s dos Concursos: Quilts, Arte T\u00eaxtil e Bonecas (os) de Pano. Sonhado e idealizado por Jana\u00edna Machado Cordeiro, que entre uma feira e outra que visitava, viu a possibilidade de trazer para Florian\u00f3polis um festival que unisse cursos, expositores e admiradores dessa arte, al\u00e9m de valorizar a cultura local. Juntou pessoas com o mesmo sonho e o evento n\u00e3o parou mais de crescer. Hoje, o Floripa Quilt \u00e9 sin\u00f4nimo de arte t\u00eaxtil e re\u00fane cada vez mais participantes gra\u00e7as \u00e0 energia boa que \u00e9 compartilhada durante o evento, todos os anos. Um sonho que virou realidade e foi costurado a muitas m\u00e3os. A 12\u00aa edi\u00e7\u00e3o do evento ser\u00e1 realizada como de praxe, no Centro de Eventos do Hotel SESC Cacup\u00e9, sito a Estrada Haroldo Soares Glavan, n\u00ba 1670, Cacup\u00e9, Florian\u00f3polis\/SC, entre os dias 30 de abril e 03 de maio de 2025, sempre das 11 \u00e0s 18 horas. O Floripa Quilt &#8211; Festival de Patchwork &#8211; Arte T\u00eaxtil \u00e9 pensado em cada detalhe por quem vivencia o feito \u00e0 m\u00e3o, buscando proporcionar ao maior n\u00famero de pessoas uma experi\u00eancia memor\u00e1vel e de qualidade, conectando arte e indiv\u00edduos, facilitando a conex\u00e3o entre o que \u00e9 produzido e o p\u00fablico, servindo como uma plataforma de inova\u00e7\u00e3o e criatividade, mostrando o verdadeiro papel do t\u00eaxtil na cadeia arte, design, artesanato e economia circular. O p\u00fablico poder\u00e1 explorar novas tend\u00eancias, experimentar combina\u00e7\u00f5es de materiais e se inspirar em diferentes culturas e estilos, al\u00e9m de se deliciar com uma vasta programa\u00e7\u00e3o. Fa\u00e7a parte desse encontro!<\/p>\n","protected":false},"author":29,"featured_media":0,"parent":0,"menu_order":0,"comment_status":"closed","ping_status":"closed","template":"","meta":{"_monsterinsights_skip_tracking":false,"_monsterinsights_sitenote_active":false,"_monsterinsights_sitenote_note":"","_monsterinsights_sitenote_category":0,"_uf_show_specific_survey":0,"_uf_disable_surveys":false,"footnotes":""},"class_list":["post-8549","page","type-page","status-publish","hentry"],"acf":[],"yoast_head":"<!-- This site is optimized with the Yoast SEO plugin v27.4 - https:\/\/yoast.com\/product\/yoast-seo-wordpress\/ -->\n<title>O EVENTO - Floripa Quilt<\/title>\n<meta name=\"robots\" content=\"index, follow, max-snippet:-1, max-image-preview:large, max-video-preview:-1\" \/>\n<link rel=\"canonical\" href=\"https:\/\/floripaquilt.com.br\/2025\/floripa-quilt\/\" \/>\n<meta property=\"og:locale\" content=\"pt_BR\" \/>\n<meta property=\"og:type\" content=\"article\" \/>\n<meta property=\"og:title\" content=\"O EVENTO - Floripa Quilt\" \/>\n<meta property=\"og:description\" content=\"Floripa Quilt: Um caminho orientado pelo empenho, paix\u00e3o, \u00e9tica e profissionalismo, fornecendo uma compreens\u00e3o mais ampla e contempor\u00e2nea sobre patchwork e quilt, tratando-os como processos integrantes da arte t\u00eaxtil. O maior festival de patchwork de Santa Catarina&nbsp; mobiliza todo o segmento art\u00edstico e comercial que envolve a arte t\u00eaxtil, divulga trabalhos locais, nacionais e internacionais, promove oficinas de aprimoramento de t\u00e9cnicas, disponibiliza estandes com venda de materiais destinados aos trabalhos manuais, traz aos nossos olhos e sentidos, atrav\u00e9s de suas exposi\u00e7\u00f5es, belas obras t\u00eaxteis e ainda oferece \u00e0 voc\u00ea, a oportunidade de materializar seu talento art\u00edstico, atrav\u00e9s dos Concursos: Quilts, Arte T\u00eaxtil e Bonecas (os) de Pano. Sonhado e idealizado por Jana\u00edna Machado Cordeiro, que entre uma feira e outra que visitava, viu a possibilidade de trazer para Florian\u00f3polis um festival que unisse cursos, expositores e admiradores dessa arte, al\u00e9m de valorizar a cultura local. Juntou pessoas com o mesmo sonho e o evento n\u00e3o parou mais de crescer. Hoje, o Floripa Quilt \u00e9 sin\u00f4nimo de arte t\u00eaxtil e re\u00fane cada vez mais participantes gra\u00e7as \u00e0 energia boa que \u00e9 compartilhada durante o evento, todos os anos. Um sonho que virou realidade e foi costurado a muitas m\u00e3os. A 12\u00aa edi\u00e7\u00e3o do evento ser\u00e1 realizada como de praxe, no Centro de Eventos do Hotel SESC Cacup\u00e9, sito a Estrada Haroldo Soares Glavan, n\u00ba 1670, Cacup\u00e9, Florian\u00f3polis\/SC, entre os dias 30 de abril e 03 de maio de 2025, sempre das 11 \u00e0s 18 horas. O Floripa Quilt &#8211; Festival de Patchwork &#8211; Arte T\u00eaxtil \u00e9 pensado em cada detalhe por quem vivencia o feito \u00e0 m\u00e3o, buscando proporcionar ao maior n\u00famero de pessoas uma experi\u00eancia memor\u00e1vel e de qualidade, conectando arte e indiv\u00edduos, facilitando a conex\u00e3o entre o que \u00e9 produzido e o p\u00fablico, servindo como uma plataforma de inova\u00e7\u00e3o e criatividade, mostrando o verdadeiro papel do t\u00eaxtil na cadeia arte, design, artesanato e economia circular. O p\u00fablico poder\u00e1 explorar novas tend\u00eancias, experimentar combina\u00e7\u00f5es de materiais e se inspirar em diferentes culturas e estilos, al\u00e9m de se deliciar com uma vasta programa\u00e7\u00e3o. Fa\u00e7a parte desse encontro!\" \/>\n<meta property=\"og:url\" content=\"https:\/\/floripaquilt.com.br\/2025\/floripa-quilt\/\" \/>\n<meta property=\"og:site_name\" content=\"Floripa Quilt\" \/>\n<meta property=\"article:modified_time\" content=\"2024-12-18T16:08:22+00:00\" \/>\n<meta property=\"og:image\" content=\"https:\/\/floripaquilt.com.br\/2025\/wp-content\/uploads\/2024\/08\/DSCN3309-1024x768.jpg\" \/>\n<meta name=\"twitter:card\" content=\"summary_large_image\" \/>\n<meta name=\"twitter:label1\" content=\"Est. tempo de leitura\" \/>\n\t<meta name=\"twitter:data1\" content=\"4 minutos\" \/>\n<script type=\"application\/ld+json\" class=\"yoast-schema-graph\">{\"@context\":\"https:\\\/\\\/schema.org\",\"@graph\":[{\"@type\":\"WebPage\",\"@id\":\"https:\\\/\\\/floripaquilt.com.br\\\/2025\\\/floripa-quilt\\\/\",\"url\":\"https:\\\/\\\/floripaquilt.com.br\\\/2025\\\/floripa-quilt\\\/\",\"name\":\"O EVENTO - Floripa Quilt\",\"isPartOf\":{\"@id\":\"https:\\\/\\\/floripaquilt.com.br\\\/2025\\\/#website\"},\"primaryImageOfPage\":{\"@id\":\"https:\\\/\\\/floripaquilt.com.br\\\/2025\\\/floripa-quilt\\\/#primaryimage\"},\"image\":{\"@id\":\"https:\\\/\\\/floripaquilt.com.br\\\/2025\\\/floripa-quilt\\\/#primaryimage\"},\"thumbnailUrl\":\"https:\\\/\\\/floripaquilt.com.br\\\/2025\\\/wp-content\\\/uploads\\\/2024\\\/08\\\/DSCN3309-1024x768.jpg\",\"datePublished\":\"2023-10-01T21:54:55+00:00\",\"dateModified\":\"2024-12-18T16:08:22+00:00\",\"breadcrumb\":{\"@id\":\"https:\\\/\\\/floripaquilt.com.br\\\/2025\\\/floripa-quilt\\\/#breadcrumb\"},\"inLanguage\":\"pt-BR\",\"potentialAction\":[{\"@type\":\"ReadAction\",\"target\":[\"https:\\\/\\\/floripaquilt.com.br\\\/2025\\\/floripa-quilt\\\/\"]}]},{\"@type\":\"ImageObject\",\"inLanguage\":\"pt-BR\",\"@id\":\"https:\\\/\\\/floripaquilt.com.br\\\/2025\\\/floripa-quilt\\\/#primaryimage\",\"url\":\"https:\\\/\\\/floripaquilt.com.br\\\/2025\\\/wp-content\\\/uploads\\\/2024\\\/08\\\/DSCN3309-scaled.jpg\",\"contentUrl\":\"https:\\\/\\\/floripaquilt.com.br\\\/2025\\\/wp-content\\\/uploads\\\/2024\\\/08\\\/DSCN3309-scaled.jpg\",\"width\":2560,\"height\":1920},{\"@type\":\"BreadcrumbList\",\"@id\":\"https:\\\/\\\/floripaquilt.com.br\\\/2025\\\/floripa-quilt\\\/#breadcrumb\",\"itemListElement\":[{\"@type\":\"ListItem\",\"position\":1,\"name\":\"In\u00edcio\",\"item\":\"https:\\\/\\\/floripaquilt.com.br\\\/2025\\\/\"},{\"@type\":\"ListItem\",\"position\":2,\"name\":\"O EVENTO\"}]},{\"@type\":\"WebSite\",\"@id\":\"https:\\\/\\\/floripaquilt.com.br\\\/2025\\\/#website\",\"url\":\"https:\\\/\\\/floripaquilt.com.br\\\/2025\\\/\",\"name\":\"Floripa Quilt\",\"description\":\"Floripa Quilt 2025 - 12\u00ba Festival de Patchwork - Arte T\u00eaxtil\",\"publisher\":{\"@id\":\"https:\\\/\\\/floripaquilt.com.br\\\/2025\\\/#organization\"},\"potentialAction\":[{\"@type\":\"SearchAction\",\"target\":{\"@type\":\"EntryPoint\",\"urlTemplate\":\"https:\\\/\\\/floripaquilt.com.br\\\/2025\\\/?s={search_term_string}\"},\"query-input\":{\"@type\":\"PropertyValueSpecification\",\"valueRequired\":true,\"valueName\":\"search_term_string\"}}],\"inLanguage\":\"pt-BR\"},{\"@type\":\"Organization\",\"@id\":\"https:\\\/\\\/floripaquilt.com.br\\\/2025\\\/#organization\",\"name\":\"Floripa Quilt\",\"url\":\"https:\\\/\\\/floripaquilt.com.br\\\/2025\\\/\",\"logo\":{\"@type\":\"ImageObject\",\"inLanguage\":\"pt-BR\",\"@id\":\"https:\\\/\\\/floripaquilt.com.br\\\/2025\\\/#\\\/schema\\\/logo\\\/image\\\/\",\"url\":\"https:\\\/\\\/floripaquilt.com.br\\\/2025\\\/wp-content\\\/uploads\\\/2024\\\/08\\\/cropped-Sem-titulo-15.png\",\"contentUrl\":\"https:\\\/\\\/floripaquilt.com.br\\\/2025\\\/wp-content\\\/uploads\\\/2024\\\/08\\\/cropped-Sem-titulo-15.png\",\"width\":3938,\"height\":669,\"caption\":\"Floripa Quilt\"},\"image\":{\"@id\":\"https:\\\/\\\/floripaquilt.com.br\\\/2025\\\/#\\\/schema\\\/logo\\\/image\\\/\"}}]}<\/script>\n<!-- \/ Yoast SEO plugin. -->","yoast_head_json":{"title":"O EVENTO - Floripa Quilt","robots":{"index":"index","follow":"follow","max-snippet":"max-snippet:-1","max-image-preview":"max-image-preview:large","max-video-preview":"max-video-preview:-1"},"canonical":"https:\/\/floripaquilt.com.br\/2025\/floripa-quilt\/","og_locale":"pt_BR","og_type":"article","og_title":"O EVENTO - Floripa Quilt","og_description":"Floripa Quilt: Um caminho orientado pelo empenho, paix\u00e3o, \u00e9tica e profissionalismo, fornecendo uma compreens\u00e3o mais ampla e contempor\u00e2nea sobre patchwork e quilt, tratando-os como processos integrantes da arte t\u00eaxtil. O maior festival de patchwork de Santa Catarina&nbsp; mobiliza todo o segmento art\u00edstico e comercial que envolve a arte t\u00eaxtil, divulga trabalhos locais, nacionais e internacionais, promove oficinas de aprimoramento de t\u00e9cnicas, disponibiliza estandes com venda de materiais destinados aos trabalhos manuais, traz aos nossos olhos e sentidos, atrav\u00e9s de suas exposi\u00e7\u00f5es, belas obras t\u00eaxteis e ainda oferece \u00e0 voc\u00ea, a oportunidade de materializar seu talento art\u00edstico, atrav\u00e9s dos Concursos: Quilts, Arte T\u00eaxtil e Bonecas (os) de Pano. Sonhado e idealizado por Jana\u00edna Machado Cordeiro, que entre uma feira e outra que visitava, viu a possibilidade de trazer para Florian\u00f3polis um festival que unisse cursos, expositores e admiradores dessa arte, al\u00e9m de valorizar a cultura local. Juntou pessoas com o mesmo sonho e o evento n\u00e3o parou mais de crescer. Hoje, o Floripa Quilt \u00e9 sin\u00f4nimo de arte t\u00eaxtil e re\u00fane cada vez mais participantes gra\u00e7as \u00e0 energia boa que \u00e9 compartilhada durante o evento, todos os anos. Um sonho que virou realidade e foi costurado a muitas m\u00e3os. A 12\u00aa edi\u00e7\u00e3o do evento ser\u00e1 realizada como de praxe, no Centro de Eventos do Hotel SESC Cacup\u00e9, sito a Estrada Haroldo Soares Glavan, n\u00ba 1670, Cacup\u00e9, Florian\u00f3polis\/SC, entre os dias 30 de abril e 03 de maio de 2025, sempre das 11 \u00e0s 18 horas. O Floripa Quilt &#8211; Festival de Patchwork &#8211; Arte T\u00eaxtil \u00e9 pensado em cada detalhe por quem vivencia o feito \u00e0 m\u00e3o, buscando proporcionar ao maior n\u00famero de pessoas uma experi\u00eancia memor\u00e1vel e de qualidade, conectando arte e indiv\u00edduos, facilitando a conex\u00e3o entre o que \u00e9 produzido e o p\u00fablico, servindo como uma plataforma de inova\u00e7\u00e3o e criatividade, mostrando o verdadeiro papel do t\u00eaxtil na cadeia arte, design, artesanato e economia circular. O p\u00fablico poder\u00e1 explorar novas tend\u00eancias, experimentar combina\u00e7\u00f5es de materiais e se inspirar em diferentes culturas e estilos, al\u00e9m de se deliciar com uma vasta programa\u00e7\u00e3o. Fa\u00e7a parte desse encontro!","og_url":"https:\/\/floripaquilt.com.br\/2025\/floripa-quilt\/","og_site_name":"Floripa Quilt","article_modified_time":"2024-12-18T16:08:22+00:00","og_image":[{"url":"https:\/\/floripaquilt.com.br\/2025\/wp-content\/uploads\/2024\/08\/DSCN3309-1024x768.jpg","type":"","width":"","height":""}],"twitter_card":"summary_large_image","twitter_misc":{"Est. tempo de leitura":"4 minutos"},"schema":{"@context":"https:\/\/schema.org","@graph":[{"@type":"WebPage","@id":"https:\/\/floripaquilt.com.br\/2025\/floripa-quilt\/","url":"https:\/\/floripaquilt.com.br\/2025\/floripa-quilt\/","name":"O EVENTO - Floripa Quilt","isPartOf":{"@id":"https:\/\/floripaquilt.com.br\/2025\/#website"},"primaryImageOfPage":{"@id":"https:\/\/floripaquilt.com.br\/2025\/floripa-quilt\/#primaryimage"},"image":{"@id":"https:\/\/floripaquilt.com.br\/2025\/floripa-quilt\/#primaryimage"},"thumbnailUrl":"https:\/\/floripaquilt.com.br\/2025\/wp-content\/uploads\/2024\/08\/DSCN3309-1024x768.jpg","datePublished":"2023-10-01T21:54:55+00:00","dateModified":"2024-12-18T16:08:22+00:00","breadcrumb":{"@id":"https:\/\/floripaquilt.com.br\/2025\/floripa-quilt\/#breadcrumb"},"inLanguage":"pt-BR","potentialAction":[{"@type":"ReadAction","target":["https:\/\/floripaquilt.com.br\/2025\/floripa-quilt\/"]}]},{"@type":"ImageObject","inLanguage":"pt-BR","@id":"https:\/\/floripaquilt.com.br\/2025\/floripa-quilt\/#primaryimage","url":"https:\/\/floripaquilt.com.br\/2025\/wp-content\/uploads\/2024\/08\/DSCN3309-scaled.jpg","contentUrl":"https:\/\/floripaquilt.com.br\/2025\/wp-content\/uploads\/2024\/08\/DSCN3309-scaled.jpg","width":2560,"height":1920},{"@type":"BreadcrumbList","@id":"https:\/\/floripaquilt.com.br\/2025\/floripa-quilt\/#breadcrumb","itemListElement":[{"@type":"ListItem","position":1,"name":"In\u00edcio","item":"https:\/\/floripaquilt.com.br\/2025\/"},{"@type":"ListItem","position":2,"name":"O EVENTO"}]},{"@type":"WebSite","@id":"https:\/\/floripaquilt.com.br\/2025\/#website","url":"https:\/\/floripaquilt.com.br\/2025\/","name":"Floripa Quilt","description":"Floripa Quilt 2025 - 12\u00ba Festival de Patchwork - Arte T\u00eaxtil","publisher":{"@id":"https:\/\/floripaquilt.com.br\/2025\/#organization"},"potentialAction":[{"@type":"SearchAction","target":{"@type":"EntryPoint","urlTemplate":"https:\/\/floripaquilt.com.br\/2025\/?s={search_term_string}"},"query-input":{"@type":"PropertyValueSpecification","valueRequired":true,"valueName":"search_term_string"}}],"inLanguage":"pt-BR"},{"@type":"Organization","@id":"https:\/\/floripaquilt.com.br\/2025\/#organization","name":"Floripa Quilt","url":"https:\/\/floripaquilt.com.br\/2025\/","logo":{"@type":"ImageObject","inLanguage":"pt-BR","@id":"https:\/\/floripaquilt.com.br\/2025\/#\/schema\/logo\/image\/","url":"https:\/\/floripaquilt.com.br\/2025\/wp-content\/uploads\/2024\/08\/cropped-Sem-titulo-15.png","contentUrl":"https:\/\/floripaquilt.com.br\/2025\/wp-content\/uploads\/2024\/08\/cropped-Sem-titulo-15.png","width":3938,"height":669,"caption":"Floripa Quilt"},"image":{"@id":"https:\/\/floripaquilt.com.br\/2025\/#\/schema\/logo\/image\/"}}]}},"jetpack_sharing_enabled":true,"_links":{"self":[{"href":"https:\/\/floripaquilt.com.br\/2025\/wp-json\/wp\/v2\/pages\/8549","targetHints":{"allow":["GET"]}}],"collection":[{"href":"https:\/\/floripaquilt.com.br\/2025\/wp-json\/wp\/v2\/pages"}],"about":[{"href":"https:\/\/floripaquilt.com.br\/2025\/wp-json\/wp\/v2\/types\/page"}],"author":[{"embeddable":true,"href":"https:\/\/floripaquilt.com.br\/2025\/wp-json\/wp\/v2\/users\/29"}],"replies":[{"embeddable":true,"href":"https:\/\/floripaquilt.com.br\/2025\/wp-json\/wp\/v2\/comments?post=8549"}],"version-history":[{"count":30,"href":"https:\/\/floripaquilt.com.br\/2025\/wp-json\/wp\/v2\/pages\/8549\/revisions"}],"predecessor-version":[{"id":11147,"href":"https:\/\/floripaquilt.com.br\/2025\/wp-json\/wp\/v2\/pages\/8549\/revisions\/11147"}],"wp:attachment":[{"href":"https:\/\/floripaquilt.com.br\/2025\/wp-json\/wp\/v2\/media?parent=8549"}],"curies":[{"name":"wp","href":"https:\/\/api.w.org\/{rel}","templated":true}]}}