{"id":7432,"date":"2023-10-01T18:54:55","date_gmt":"2023-10-01T21:54:55","guid":{"rendered":"https:\/\/floripaquilt.com.br\/2025\/?page_id=7432"},"modified":"2025-01-15T08:39:35","modified_gmt":"2025-01-15T11:39:35","slug":"hospedagem","status":"publish","type":"page","link":"https:\/\/floripaquilt.com.br\/2025\/hospedagem\/","title":{"rendered":"HOSPEDAGEM"},"content":{"rendered":"<div class=\"gtranslate_wrapper\" id=\"gt-wrapper-84127338\"><\/div>\n\n\n\n<div style=\"height:100px\" aria-hidden=\"true\" class=\"wp-block-spacer\"><\/div>\n\n\n\n<figure class=\"wp-block-video\"><video height=\"720\" style=\"aspect-ratio: 1280 \/ 720;\" width=\"1280\" controls src=\"https:\/\/floripaquilt.com.br\/2025\/wp-content\/uploads\/2022\/11\/yt5s_io-Hotel_Sesc_Cacupe__em_Florianopolis_AdobeExpress.mp4\"><\/video><\/figure>\n\n\n\n<p class=\"has-black-color has-text-color has-link-color wp-elements-0d0a02ded0f9eb1666fcf405de38094d\">O <strong>Hotel SESC Cacup\u00e9<\/strong>, localizado em um dos mais belos recantos da Ilha, al\u00e9m de acolher a 12\u00aa edi\u00e7\u00e3o do <strong>Floripa Quilt<\/strong>, tamb\u00e9m quer acolher voc\u00ea!<\/p>\n\n\n\n<p class=\"has-black-color has-text-color has-link-color wp-elements-4409dfc11ac38c016bac74449bdff909\">Deixe de lado o stress do tr\u00e2nsito e a preocupa\u00e7\u00e3o com o tempo, hospede-se no local do evento.<\/p>\n\n\n\n<p class=\"has-black-color has-text-color has-link-color wp-elements-b671ef81c7edf0963fb050986bac6713\"><strong><a href=\"https:\/\/sesc-sc.com.br\/hotel-sesc-cacupe-em-florianopolis\/reservas-no-hotel-sesc-cacupe-em-florianopolis-\" target=\"_blank\" rel=\"noreferrer noopener\">Clique aqui e fa\u00e7a sua reserva.<\/a><\/strong><\/p>\n\n\n\n<figure class=\"wp-block-video\"><video height=\"720\" style=\"aspect-ratio: 1280 \/ 720;\" width=\"1280\" controls poster=\"https:\/\/floripaquilt.com.br\/2025\/wp-content\/uploads\/2025\/01\/intercity-scaled.jpg\" src=\"https:\/\/floripaquilt.com.br\/2025\/wp-content\/uploads\/2025\/01\/AQPuRKtWmyudCbAnX34sjUlywePF-og5jmkuUUz9SYd4sdAOpRM1-b7SSrmMK2SrjuK9u4Awk0qyDvKU3OVKVgDcRI9qER-ZG_0wqZ0.mp4\"><\/video><\/figure>\n\n\n\n<p class=\"has-black-color has-text-color has-link-color wp-elements-ba09fdd529aab991e80cc2e0e7bd7743\">O <strong>Hotel Intercity Portofino<\/strong> tamb\u00e9m \u00e9 parceiro do Floripa Quilt. Localizado bem pr\u00f3ximo ao evento, \u00e0 5 km de dist\u00e2ncia, na SC 401, ao lado do Floripa Shopping. O Hotel Intercity oferece 10% de desconto na di\u00e1ria para quem vem ao Floripa Quilt. Para maiores informa\u00e7\u00f5es, entre em <strong>contato pelo e-mail: reservas.portofino@intercityhoteis.com.br ou pelo WhatsApp (48) 31125220<\/strong>, informando o nome do evento: <strong>FLORIPA QUILT<\/strong>.<\/p>\n\n\n\n<p><\/p>\n","protected":false},"excerpt":{"rendered":"<p>O Hotel SESC Cacup\u00e9, localizado em um dos mais belos recantos da Ilha, al\u00e9m de acolher a 12\u00aa edi\u00e7\u00e3o do Floripa Quilt, tamb\u00e9m quer acolher voc\u00ea! Deixe de lado o stress do tr\u00e2nsito e a preocupa\u00e7\u00e3o com o tempo, hospede-se no local do evento. Clique aqui e fa\u00e7a sua reserva. O Hotel Intercity Portofino tamb\u00e9m \u00e9 parceiro do Floripa Quilt. Localizado bem pr\u00f3ximo ao evento, \u00e0 5 km de dist\u00e2ncia, na SC 401, ao lado do Floripa Shopping. O Hotel Intercity oferece 10% de desconto na di\u00e1ria para quem vem ao Floripa Quilt. Para maiores informa\u00e7\u00f5es, entre em contato pelo e-mail: reservas.portofino@intercityhoteis.com.br ou pelo WhatsApp (48) 31125220, informando o nome do evento: FLORIPA QUILT.<\/p>\n","protected":false},"author":29,"featured_media":0,"parent":0,"menu_order":0,"comment_status":"closed","ping_status":"closed","template":"","meta":{"_monsterinsights_skip_tracking":false,"_monsterinsights_sitenote_active":false,"_monsterinsights_sitenote_note":"","_monsterinsights_sitenote_category":0,"_uf_show_specific_survey":0,"_uf_disable_surveys":false,"footnotes":""},"class_list":["post-7432","page","type-page","status-publish","hentry"],"acf":[],"yoast_head":"<!-- This site is optimized with the Yoast SEO plugin v27.4 - https:\/\/yoast.com\/product\/yoast-seo-wordpress\/ -->\n<title>HOSPEDAGEM - Floripa Quilt<\/title>\n<meta name=\"robots\" content=\"index, follow, max-snippet:-1, max-image-preview:large, max-video-preview:-1\" \/>\n<link rel=\"canonical\" href=\"https:\/\/floripaquilt.com.br\/2025\/hospedagem\/\" \/>\n<meta property=\"og:locale\" content=\"pt_BR\" \/>\n<meta property=\"og:type\" content=\"article\" \/>\n<meta property=\"og:title\" content=\"HOSPEDAGEM - Floripa Quilt\" \/>\n<meta property=\"og:description\" content=\"O Hotel SESC Cacup\u00e9, localizado em um dos mais belos recantos da Ilha, al\u00e9m de acolher a 12\u00aa edi\u00e7\u00e3o do Floripa Quilt, tamb\u00e9m quer acolher voc\u00ea! Deixe de lado o stress do tr\u00e2nsito e a preocupa\u00e7\u00e3o com o tempo, hospede-se no local do evento. Clique aqui e fa\u00e7a sua reserva. O Hotel Intercity Portofino tamb\u00e9m \u00e9 parceiro do Floripa Quilt. Localizado bem pr\u00f3ximo ao evento, \u00e0 5 km de dist\u00e2ncia, na SC 401, ao lado do Floripa Shopping. O Hotel Intercity oferece 10% de desconto na di\u00e1ria para quem vem ao Floripa Quilt. Para maiores informa\u00e7\u00f5es, entre em contato pelo e-mail: reservas.portofino@intercityhoteis.com.br ou pelo WhatsApp (48) 31125220, informando o nome do evento: FLORIPA QUILT.\" \/>\n<meta property=\"og:url\" content=\"https:\/\/floripaquilt.com.br\/2025\/hospedagem\/\" \/>\n<meta property=\"og:site_name\" content=\"Floripa Quilt\" \/>\n<meta property=\"article:modified_time\" content=\"2025-01-15T11:39:35+00:00\" \/>\n<meta name=\"twitter:card\" content=\"summary_large_image\" \/>\n<meta name=\"twitter:label1\" content=\"Est. tempo de leitura\" \/>\n\t<meta name=\"twitter:data1\" content=\"1 minuto\" \/>\n<script type=\"application\/ld+json\" class=\"yoast-schema-graph\">{\"@context\":\"https:\\\/\\\/schema.org\",\"@graph\":[{\"@type\":\"WebPage\",\"@id\":\"https:\\\/\\\/floripaquilt.com.br\\\/2025\\\/hospedagem\\\/\",\"url\":\"https:\\\/\\\/floripaquilt.com.br\\\/2025\\\/hospedagem\\\/\",\"name\":\"HOSPEDAGEM - Floripa Quilt\",\"isPartOf\":{\"@id\":\"https:\\\/\\\/floripaquilt.com.br\\\/2025\\\/#website\"},\"datePublished\":\"2023-10-01T21:54:55+00:00\",\"dateModified\":\"2025-01-15T11:39:35+00:00\",\"breadcrumb\":{\"@id\":\"https:\\\/\\\/floripaquilt.com.br\\\/2025\\\/hospedagem\\\/#breadcrumb\"},\"inLanguage\":\"pt-BR\",\"potentialAction\":[{\"@type\":\"ReadAction\",\"target\":[\"https:\\\/\\\/floripaquilt.com.br\\\/2025\\\/hospedagem\\\/\"]}]},{\"@type\":\"BreadcrumbList\",\"@id\":\"https:\\\/\\\/floripaquilt.com.br\\\/2025\\\/hospedagem\\\/#breadcrumb\",\"itemListElement\":[{\"@type\":\"ListItem\",\"position\":1,\"name\":\"In\u00edcio\",\"item\":\"https:\\\/\\\/floripaquilt.com.br\\\/2025\\\/\"},{\"@type\":\"ListItem\",\"position\":2,\"name\":\"HOSPEDAGEM\"}]},{\"@type\":\"WebSite\",\"@id\":\"https:\\\/\\\/floripaquilt.com.br\\\/2025\\\/#website\",\"url\":\"https:\\\/\\\/floripaquilt.com.br\\\/2025\\\/\",\"name\":\"Floripa Quilt\",\"description\":\"Floripa Quilt 2025 - 12\u00ba Festival de Patchwork - Arte T\u00eaxtil\",\"publisher\":{\"@id\":\"https:\\\/\\\/floripaquilt.com.br\\\/2025\\\/#organization\"},\"potentialAction\":[{\"@type\":\"SearchAction\",\"target\":{\"@type\":\"EntryPoint\",\"urlTemplate\":\"https:\\\/\\\/floripaquilt.com.br\\\/2025\\\/?s={search_term_string}\"},\"query-input\":{\"@type\":\"PropertyValueSpecification\",\"valueRequired\":true,\"valueName\":\"search_term_string\"}}],\"inLanguage\":\"pt-BR\"},{\"@type\":\"Organization\",\"@id\":\"https:\\\/\\\/floripaquilt.com.br\\\/2025\\\/#organization\",\"name\":\"Floripa Quilt\",\"url\":\"https:\\\/\\\/floripaquilt.com.br\\\/2025\\\/\",\"logo\":{\"@type\":\"ImageObject\",\"inLanguage\":\"pt-BR\",\"@id\":\"https:\\\/\\\/floripaquilt.com.br\\\/2025\\\/#\\\/schema\\\/logo\\\/image\\\/\",\"url\":\"https:\\\/\\\/floripaquilt.com.br\\\/2025\\\/wp-content\\\/uploads\\\/2024\\\/08\\\/cropped-Sem-titulo-15.png\",\"contentUrl\":\"https:\\\/\\\/floripaquilt.com.br\\\/2025\\\/wp-content\\\/uploads\\\/2024\\\/08\\\/cropped-Sem-titulo-15.png\",\"width\":3938,\"height\":669,\"caption\":\"Floripa Quilt\"},\"image\":{\"@id\":\"https:\\\/\\\/floripaquilt.com.br\\\/2025\\\/#\\\/schema\\\/logo\\\/image\\\/\"}}]}<\/script>\n<!-- \/ Yoast SEO plugin. -->","yoast_head_json":{"title":"HOSPEDAGEM - Floripa Quilt","robots":{"index":"index","follow":"follow","max-snippet":"max-snippet:-1","max-image-preview":"max-image-preview:large","max-video-preview":"max-video-preview:-1"},"canonical":"https:\/\/floripaquilt.com.br\/2025\/hospedagem\/","og_locale":"pt_BR","og_type":"article","og_title":"HOSPEDAGEM - Floripa Quilt","og_description":"O Hotel SESC Cacup\u00e9, localizado em um dos mais belos recantos da Ilha, al\u00e9m de acolher a 12\u00aa edi\u00e7\u00e3o do Floripa Quilt, tamb\u00e9m quer acolher voc\u00ea! Deixe de lado o stress do tr\u00e2nsito e a preocupa\u00e7\u00e3o com o tempo, hospede-se no local do evento. Clique aqui e fa\u00e7a sua reserva. O Hotel Intercity Portofino tamb\u00e9m \u00e9 parceiro do Floripa Quilt. Localizado bem pr\u00f3ximo ao evento, \u00e0 5 km de dist\u00e2ncia, na SC 401, ao lado do Floripa Shopping. O Hotel Intercity oferece 10% de desconto na di\u00e1ria para quem vem ao Floripa Quilt. Para maiores informa\u00e7\u00f5es, entre em contato pelo e-mail: reservas.portofino@intercityhoteis.com.br ou pelo WhatsApp (48) 31125220, informando o nome do evento: FLORIPA QUILT.","og_url":"https:\/\/floripaquilt.com.br\/2025\/hospedagem\/","og_site_name":"Floripa Quilt","article_modified_time":"2025-01-15T11:39:35+00:00","twitter_card":"summary_large_image","twitter_misc":{"Est. tempo de leitura":"1 minuto"},"schema":{"@context":"https:\/\/schema.org","@graph":[{"@type":"WebPage","@id":"https:\/\/floripaquilt.com.br\/2025\/hospedagem\/","url":"https:\/\/floripaquilt.com.br\/2025\/hospedagem\/","name":"HOSPEDAGEM - Floripa Quilt","isPartOf":{"@id":"https:\/\/floripaquilt.com.br\/2025\/#website"},"datePublished":"2023-10-01T21:54:55+00:00","dateModified":"2025-01-15T11:39:35+00:00","breadcrumb":{"@id":"https:\/\/floripaquilt.com.br\/2025\/hospedagem\/#breadcrumb"},"inLanguage":"pt-BR","potentialAction":[{"@type":"ReadAction","target":["https:\/\/floripaquilt.com.br\/2025\/hospedagem\/"]}]},{"@type":"BreadcrumbList","@id":"https:\/\/floripaquilt.com.br\/2025\/hospedagem\/#breadcrumb","itemListElement":[{"@type":"ListItem","position":1,"name":"In\u00edcio","item":"https:\/\/floripaquilt.com.br\/2025\/"},{"@type":"ListItem","position":2,"name":"HOSPEDAGEM"}]},{"@type":"WebSite","@id":"https:\/\/floripaquilt.com.br\/2025\/#website","url":"https:\/\/floripaquilt.com.br\/2025\/","name":"Floripa Quilt","description":"Floripa Quilt 2025 - 12\u00ba Festival de Patchwork - Arte T\u00eaxtil","publisher":{"@id":"https:\/\/floripaquilt.com.br\/2025\/#organization"},"potentialAction":[{"@type":"SearchAction","target":{"@type":"EntryPoint","urlTemplate":"https:\/\/floripaquilt.com.br\/2025\/?s={search_term_string}"},"query-input":{"@type":"PropertyValueSpecification","valueRequired":true,"valueName":"search_term_string"}}],"inLanguage":"pt-BR"},{"@type":"Organization","@id":"https:\/\/floripaquilt.com.br\/2025\/#organization","name":"Floripa Quilt","url":"https:\/\/floripaquilt.com.br\/2025\/","logo":{"@type":"ImageObject","inLanguage":"pt-BR","@id":"https:\/\/floripaquilt.com.br\/2025\/#\/schema\/logo\/image\/","url":"https:\/\/floripaquilt.com.br\/2025\/wp-content\/uploads\/2024\/08\/cropped-Sem-titulo-15.png","contentUrl":"https:\/\/floripaquilt.com.br\/2025\/wp-content\/uploads\/2024\/08\/cropped-Sem-titulo-15.png","width":3938,"height":669,"caption":"Floripa Quilt"},"image":{"@id":"https:\/\/floripaquilt.com.br\/2025\/#\/schema\/logo\/image\/"}}]}},"jetpack_sharing_enabled":true,"_links":{"self":[{"href":"https:\/\/floripaquilt.com.br\/2025\/wp-json\/wp\/v2\/pages\/7432","targetHints":{"allow":["GET"]}}],"collection":[{"href":"https:\/\/floripaquilt.com.br\/2025\/wp-json\/wp\/v2\/pages"}],"about":[{"href":"https:\/\/floripaquilt.com.br\/2025\/wp-json\/wp\/v2\/types\/page"}],"author":[{"embeddable":true,"href":"https:\/\/floripaquilt.com.br\/2025\/wp-json\/wp\/v2\/users\/29"}],"replies":[{"embeddable":true,"href":"https:\/\/floripaquilt.com.br\/2025\/wp-json\/wp\/v2\/comments?post=7432"}],"version-history":[{"count":57,"href":"https:\/\/floripaquilt.com.br\/2025\/wp-json\/wp\/v2\/pages\/7432\/revisions"}],"predecessor-version":[{"id":10584,"href":"https:\/\/floripaquilt.com.br\/2025\/wp-json\/wp\/v2\/pages\/7432\/revisions\/10584"}],"wp:attachment":[{"href":"https:\/\/floripaquilt.com.br\/2025\/wp-json\/wp\/v2\/media?parent=7432"}],"curies":[{"name":"wp","href":"https:\/\/api.w.org\/{rel}","templated":true}]}}