{"id":9427,"date":"2023-11-18T17:51:55","date_gmt":"2023-11-18T20:51:55","guid":{"rendered":"https:\/\/floripaquilt.com.br\/2024\/?page_id=9427"},"modified":"2023-11-18T18:07:47","modified_gmt":"2023-11-18T21:07:47","slug":"mostra-textil-infantil","status":"publish","type":"page","link":"https:\/\/floripaquilt.com.br\/2024\/mostra-textil-infantil\/","title":{"rendered":"MOSTRA T\u00caXTIL INFANTIL"},"content":{"rendered":"\n<figure class=\"wp-block-gallery has-nested-images columns-default is-cropped wp-block-gallery-1 is-layout-flex wp-block-gallery-is-layout-flex\">\n<figure class=\"wp-block-image size-large\"><img loading=\"lazy\" decoding=\"async\" width=\"640\" height=\"480\" data-id=\"9433\" src=\"https:\/\/floripaquilt.com.br\/2024\/wp-content\/uploads\/2023\/11\/20130925_164829.jpg\" alt=\"\" class=\"wp-image-9433\" srcset=\"https:\/\/floripaquilt.com.br\/2024\/wp-content\/uploads\/2023\/11\/20130925_164829.jpg 640w, https:\/\/floripaquilt.com.br\/2024\/wp-content\/uploads\/2023\/11\/20130925_164829-300x225.jpg 300w, https:\/\/floripaquilt.com.br\/2024\/wp-content\/uploads\/2023\/11\/20130925_164829-600x450.jpg 600w\" sizes=\"auto, (max-width: 640px) 100vw, 640px\" \/><\/figure>\n\n\n\n<figure class=\"wp-block-image size-large\"><img loading=\"lazy\" decoding=\"async\" width=\"1024\" height=\"768\" data-id=\"9432\" src=\"https:\/\/floripaquilt.com.br\/2024\/wp-content\/uploads\/2023\/11\/20130807_152014-1024x768.jpg\" alt=\"\" class=\"wp-image-9432\" srcset=\"https:\/\/floripaquilt.com.br\/2024\/wp-content\/uploads\/2023\/11\/20130807_152014-1024x768.jpg 1024w, https:\/\/floripaquilt.com.br\/2024\/wp-content\/uploads\/2023\/11\/20130807_152014-300x225.jpg 300w, https:\/\/floripaquilt.com.br\/2024\/wp-content\/uploads\/2023\/11\/20130807_152014-768x576.jpg 768w, https:\/\/floripaquilt.com.br\/2024\/wp-content\/uploads\/2023\/11\/20130807_152014-1536x1152.jpg 1536w, https:\/\/floripaquilt.com.br\/2024\/wp-content\/uploads\/2023\/11\/20130807_152014-600x450.jpg 600w, https:\/\/floripaquilt.com.br\/2024\/wp-content\/uploads\/2023\/11\/20130807_152014.jpg 2048w\" sizes=\"auto, (max-width: 1024px) 100vw, 1024px\" \/><\/figure>\n<\/figure>\n\n\n\n<p class=\"has-black-color has-text-color has-link-color wp-elements-5e541c486433409e2c6f540e32a300a0\">Sempre fui apaixonada por criar coisas por mim mesma e, desde pequena adorava passar horas e horas brincando com tecidos, linhas e agulhas. Isso foi primordial \u00e0 minha criatividade e ao meu desenvolvimento motor.<\/p>\n\n\n\n<p class=\"has-black-color has-text-color has-link-color wp-elements-1cfbded4892b285f1a23552640192bca\">As crian\u00e7as s\u00e3o naturalmente criativas e adoram explorar novas formas de express\u00e3o.<\/p>\n\n\n\n<p class=\"has-black-color has-text-color has-link-color wp-elements-dba6791e5734a300529a16d9f6741dde\">Com isso em mente, organizamos para a edi\u00e7\u00e3o 2024, a 1\u00aa Mostra T\u00eaxtil Infantil, oferecendo aos &#8220;pequenos&#8221; a oportunidade de criar e expor algo feito com as pr\u00f3prias m\u00e3os.<\/p>\n\n\n\n<p class=\"has-black-color has-text-color has-link-color wp-elements-09bc3b664fcbd63d34d48594017a501f\">Outrossim, essa iniciativa serve como alavanca ao processo criativo infantil, muitas vezes tratado como &#8220;CRIAN\u00c7A&#8221; dentro da realidade t\u00eaxtil, tendo sua relev\u00e2ncia circunscrita ao pr\u00f3prio lar.<\/p>\n\n\n\n<p class=\"has-black-color has-text-color has-link-color wp-elements-380ce5b5cd9047bd20268010de041f20\">Para n\u00f3s do Floripa Quilt, ser\u00e1 a primeira de muitas e, que outros festivais e a\u00e7\u00f5es governamentais ou privadas, possam incluir em suas programa\u00e7\u00f5es, oficinas, mostras, mesas redondas, com abordagem na feitura infantil, infanto-juvenil, pois s\u00e3o eles o futuro da arte t\u00eaxtil.<\/p>\n\n\n\n<p class=\"has-text-align-center has-black-color has-text-color has-link-color wp-elements-5a28a184fddf9d6a6f4ec93d9f437157\">Jana\u00edna Machado Cordeiro<\/p>\n\n\n\n<div class=\"wp-block-buttons is-content-justification-center is-layout-flex wp-container-core-buttons-is-layout-16018d1d wp-block-buttons-is-layout-flex\">\n<div class=\"wp-block-button has-custom-width wp-block-button__width-25\"><a class=\"wp-block-button__link has-background has-text-align-center wp-element-button\" href=\"https:\/\/floripaquilt.com.br\/2024\/?page_id=9424\" style=\"background-color:#6fc5ea\" target=\"_blank\" rel=\"noreferrer noopener\"><strong><mark style=\"background-color:rgba(0, 0, 0, 0)\" class=\"has-inline-color has-white-color\">Clique aqui e acesse o Edital<\/mark><\/strong><\/a><\/div>\n<\/div>\n","protected":false},"excerpt":{"rendered":"<p>Sempre fui apaixonada por criar coisas por mim mesma e, desde pequena adorava passar horas e horas brincando com tecidos, linhas e agulhas. Isso foi primordial \u00e0 minha criatividade e ao meu desenvolvimento motor. As crian\u00e7as s\u00e3o naturalmente criativas e adoram explorar novas formas de express\u00e3o. Com isso em mente, organizamos para a edi\u00e7\u00e3o 2024, a 1\u00aa Mostra T\u00eaxtil Infantil, oferecendo aos &#8220;pequenos&#8221; a oportunidade de criar e expor algo feito com as pr\u00f3prias m\u00e3os. Outrossim, essa iniciativa serve como alavanca ao processo criativo infantil, muitas vezes tratado como &#8220;CRIAN\u00c7A&#8221; dentro da realidade t\u00eaxtil, tendo sua relev\u00e2ncia circunscrita ao pr\u00f3prio lar. Para n\u00f3s do Floripa Quilt, ser\u00e1 a primeira de muitas e, que outros festivais e a\u00e7\u00f5es governamentais ou privadas, possam incluir em suas programa\u00e7\u00f5es, oficinas, mostras, mesas redondas, com abordagem na feitura infantil, infanto-juvenil, pois s\u00e3o eles o futuro da arte t\u00eaxtil. Jana\u00edna Machado Cordeiro<\/p>\n","protected":false},"author":29,"featured_media":0,"parent":0,"menu_order":0,"comment_status":"closed","ping_status":"closed","template":"","meta":{"_monsterinsights_skip_tracking":false,"_monsterinsights_sitenote_active":false,"_monsterinsights_sitenote_note":"","_monsterinsights_sitenote_category":0,"footnotes":""},"class_list":["post-9427","page","type-page","status-publish","hentry"],"acf":[],"yoast_head":"<!-- This site is optimized with the Yoast SEO plugin v27.5 - https:\/\/yoast.com\/product\/yoast-seo-wordpress\/ -->\n<title>MOSTRA T\u00caXTIL INFANTIL - Floripa Quilt<\/title>\n<meta name=\"robots\" content=\"index, follow, max-snippet:-1, max-image-preview:large, max-video-preview:-1\" \/>\n<link rel=\"canonical\" href=\"https:\/\/floripaquilt.com.br\/2024\/mostra-textil-infantil\/\" \/>\n<meta property=\"og:locale\" content=\"pt_BR\" \/>\n<meta property=\"og:type\" content=\"article\" \/>\n<meta property=\"og:title\" content=\"MOSTRA T\u00caXTIL INFANTIL - Floripa Quilt\" \/>\n<meta property=\"og:description\" content=\"Sempre fui apaixonada por criar coisas por mim mesma e, desde pequena adorava passar horas e horas brincando com tecidos, linhas e agulhas. Isso foi primordial \u00e0 minha criatividade e ao meu desenvolvimento motor. As crian\u00e7as s\u00e3o naturalmente criativas e adoram explorar novas formas de express\u00e3o. Com isso em mente, organizamos para a edi\u00e7\u00e3o 2024, a 1\u00aa Mostra T\u00eaxtil Infantil, oferecendo aos &#8220;pequenos&#8221; a oportunidade de criar e expor algo feito com as pr\u00f3prias m\u00e3os. Outrossim, essa iniciativa serve como alavanca ao processo criativo infantil, muitas vezes tratado como &#8220;CRIAN\u00c7A&#8221; dentro da realidade t\u00eaxtil, tendo sua relev\u00e2ncia circunscrita ao pr\u00f3prio lar. Para n\u00f3s do Floripa Quilt, ser\u00e1 a primeira de muitas e, que outros festivais e a\u00e7\u00f5es governamentais ou privadas, possam incluir em suas programa\u00e7\u00f5es, oficinas, mostras, mesas redondas, com abordagem na feitura infantil, infanto-juvenil, pois s\u00e3o eles o futuro da arte t\u00eaxtil. Jana\u00edna Machado Cordeiro\" \/>\n<meta property=\"og:url\" content=\"https:\/\/floripaquilt.com.br\/2024\/mostra-textil-infantil\/\" \/>\n<meta property=\"og:site_name\" content=\"Floripa Quilt\" \/>\n<meta property=\"article:modified_time\" content=\"2023-11-18T21:07:47+00:00\" \/>\n<meta property=\"og:image\" content=\"https:\/\/floripaquilt.com.br\/2024\/wp-content\/uploads\/2023\/11\/20130925_164829.jpg\" \/>\n<meta name=\"twitter:card\" content=\"summary_large_image\" \/>\n<meta name=\"twitter:label1\" content=\"Est. tempo de leitura\" \/>\n\t<meta name=\"twitter:data1\" content=\"2 minutos\" \/>\n<script type=\"application\/ld+json\" class=\"yoast-schema-graph\">{\"@context\":\"https:\\\/\\\/schema.org\",\"@graph\":[{\"@type\":\"WebPage\",\"@id\":\"https:\\\/\\\/floripaquilt.com.br\\\/2024\\\/mostra-textil-infantil\\\/\",\"url\":\"https:\\\/\\\/floripaquilt.com.br\\\/2024\\\/mostra-textil-infantil\\\/\",\"name\":\"MOSTRA T\u00caXTIL INFANTIL - Floripa Quilt\",\"isPartOf\":{\"@id\":\"https:\\\/\\\/floripaquilt.com.br\\\/2024\\\/#website\"},\"primaryImageOfPage\":{\"@id\":\"https:\\\/\\\/floripaquilt.com.br\\\/2024\\\/mostra-textil-infantil\\\/#primaryimage\"},\"image\":{\"@id\":\"https:\\\/\\\/floripaquilt.com.br\\\/2024\\\/mostra-textil-infantil\\\/#primaryimage\"},\"thumbnailUrl\":\"https:\\\/\\\/floripaquilt.com.br\\\/2024\\\/wp-content\\\/uploads\\\/2023\\\/11\\\/20130925_164829.jpg\",\"datePublished\":\"2023-11-18T20:51:55+00:00\",\"dateModified\":\"2023-11-18T21:07:47+00:00\",\"breadcrumb\":{\"@id\":\"https:\\\/\\\/floripaquilt.com.br\\\/2024\\\/mostra-textil-infantil\\\/#breadcrumb\"},\"inLanguage\":\"pt-BR\",\"potentialAction\":[{\"@type\":\"ReadAction\",\"target\":[\"https:\\\/\\\/floripaquilt.com.br\\\/2024\\\/mostra-textil-infantil\\\/\"]}]},{\"@type\":\"ImageObject\",\"inLanguage\":\"pt-BR\",\"@id\":\"https:\\\/\\\/floripaquilt.com.br\\\/2024\\\/mostra-textil-infantil\\\/#primaryimage\",\"url\":\"https:\\\/\\\/floripaquilt.com.br\\\/2024\\\/wp-content\\\/uploads\\\/2023\\\/11\\\/20130925_164829.jpg\",\"contentUrl\":\"https:\\\/\\\/floripaquilt.com.br\\\/2024\\\/wp-content\\\/uploads\\\/2023\\\/11\\\/20130925_164829.jpg\",\"width\":640,\"height\":480},{\"@type\":\"BreadcrumbList\",\"@id\":\"https:\\\/\\\/floripaquilt.com.br\\\/2024\\\/mostra-textil-infantil\\\/#breadcrumb\",\"itemListElement\":[{\"@type\":\"ListItem\",\"position\":1,\"name\":\"In\u00edcio\",\"item\":\"https:\\\/\\\/floripaquilt.com.br\\\/2024\\\/\"},{\"@type\":\"ListItem\",\"position\":2,\"name\":\"MOSTRA T\u00caXTIL INFANTIL\"}]},{\"@type\":\"WebSite\",\"@id\":\"https:\\\/\\\/floripaquilt.com.br\\\/2024\\\/#website\",\"url\":\"https:\\\/\\\/floripaquilt.com.br\\\/2024\\\/\",\"name\":\"Floripa Quilt\",\"description\":\"Floripa Quilt 2024 - 11\u00ba Festival de Patchwork e Arte T\u00eaxtil\",\"publisher\":{\"@id\":\"https:\\\/\\\/floripaquilt.com.br\\\/2024\\\/#organization\"},\"potentialAction\":[{\"@type\":\"SearchAction\",\"target\":{\"@type\":\"EntryPoint\",\"urlTemplate\":\"https:\\\/\\\/floripaquilt.com.br\\\/2024\\\/?s={search_term_string}\"},\"query-input\":{\"@type\":\"PropertyValueSpecification\",\"valueRequired\":true,\"valueName\":\"search_term_string\"}}],\"inLanguage\":\"pt-BR\"},{\"@type\":\"Organization\",\"@id\":\"https:\\\/\\\/floripaquilt.com.br\\\/2024\\\/#organization\",\"name\":\"Floripa Quilt\",\"url\":\"https:\\\/\\\/floripaquilt.com.br\\\/2024\\\/\",\"logo\":{\"@type\":\"ImageObject\",\"inLanguage\":\"pt-BR\",\"@id\":\"https:\\\/\\\/floripaquilt.com.br\\\/2024\\\/#\\\/schema\\\/logo\\\/image\\\/\",\"url\":\"https:\\\/\\\/floripaquilt.com.br\\\/2024\\\/wp-content\\\/uploads\\\/2023\\\/09\\\/cropped-IMG-logo-topo-site.png\",\"contentUrl\":\"https:\\\/\\\/floripaquilt.com.br\\\/2024\\\/wp-content\\\/uploads\\\/2023\\\/09\\\/cropped-IMG-logo-topo-site.png\",\"width\":945,\"height\":237,\"caption\":\"Floripa Quilt\"},\"image\":{\"@id\":\"https:\\\/\\\/floripaquilt.com.br\\\/2024\\\/#\\\/schema\\\/logo\\\/image\\\/\"}}]}<\/script>\n<!-- \/ Yoast SEO plugin. -->","yoast_head_json":{"title":"MOSTRA T\u00caXTIL INFANTIL - Floripa Quilt","robots":{"index":"index","follow":"follow","max-snippet":"max-snippet:-1","max-image-preview":"max-image-preview:large","max-video-preview":"max-video-preview:-1"},"canonical":"https:\/\/floripaquilt.com.br\/2024\/mostra-textil-infantil\/","og_locale":"pt_BR","og_type":"article","og_title":"MOSTRA T\u00caXTIL INFANTIL - Floripa Quilt","og_description":"Sempre fui apaixonada por criar coisas por mim mesma e, desde pequena adorava passar horas e horas brincando com tecidos, linhas e agulhas. Isso foi primordial \u00e0 minha criatividade e ao meu desenvolvimento motor. As crian\u00e7as s\u00e3o naturalmente criativas e adoram explorar novas formas de express\u00e3o. Com isso em mente, organizamos para a edi\u00e7\u00e3o 2024, a 1\u00aa Mostra T\u00eaxtil Infantil, oferecendo aos &#8220;pequenos&#8221; a oportunidade de criar e expor algo feito com as pr\u00f3prias m\u00e3os. Outrossim, essa iniciativa serve como alavanca ao processo criativo infantil, muitas vezes tratado como &#8220;CRIAN\u00c7A&#8221; dentro da realidade t\u00eaxtil, tendo sua relev\u00e2ncia circunscrita ao pr\u00f3prio lar. Para n\u00f3s do Floripa Quilt, ser\u00e1 a primeira de muitas e, que outros festivais e a\u00e7\u00f5es governamentais ou privadas, possam incluir em suas programa\u00e7\u00f5es, oficinas, mostras, mesas redondas, com abordagem na feitura infantil, infanto-juvenil, pois s\u00e3o eles o futuro da arte t\u00eaxtil. Jana\u00edna Machado Cordeiro","og_url":"https:\/\/floripaquilt.com.br\/2024\/mostra-textil-infantil\/","og_site_name":"Floripa Quilt","article_modified_time":"2023-11-18T21:07:47+00:00","og_image":[{"url":"https:\/\/floripaquilt.com.br\/2024\/wp-content\/uploads\/2023\/11\/20130925_164829.jpg","type":"","width":"","height":""}],"twitter_card":"summary_large_image","twitter_misc":{"Est. tempo de leitura":"2 minutos"},"schema":{"@context":"https:\/\/schema.org","@graph":[{"@type":"WebPage","@id":"https:\/\/floripaquilt.com.br\/2024\/mostra-textil-infantil\/","url":"https:\/\/floripaquilt.com.br\/2024\/mostra-textil-infantil\/","name":"MOSTRA T\u00caXTIL INFANTIL - Floripa Quilt","isPartOf":{"@id":"https:\/\/floripaquilt.com.br\/2024\/#website"},"primaryImageOfPage":{"@id":"https:\/\/floripaquilt.com.br\/2024\/mostra-textil-infantil\/#primaryimage"},"image":{"@id":"https:\/\/floripaquilt.com.br\/2024\/mostra-textil-infantil\/#primaryimage"},"thumbnailUrl":"https:\/\/floripaquilt.com.br\/2024\/wp-content\/uploads\/2023\/11\/20130925_164829.jpg","datePublished":"2023-11-18T20:51:55+00:00","dateModified":"2023-11-18T21:07:47+00:00","breadcrumb":{"@id":"https:\/\/floripaquilt.com.br\/2024\/mostra-textil-infantil\/#breadcrumb"},"inLanguage":"pt-BR","potentialAction":[{"@type":"ReadAction","target":["https:\/\/floripaquilt.com.br\/2024\/mostra-textil-infantil\/"]}]},{"@type":"ImageObject","inLanguage":"pt-BR","@id":"https:\/\/floripaquilt.com.br\/2024\/mostra-textil-infantil\/#primaryimage","url":"https:\/\/floripaquilt.com.br\/2024\/wp-content\/uploads\/2023\/11\/20130925_164829.jpg","contentUrl":"https:\/\/floripaquilt.com.br\/2024\/wp-content\/uploads\/2023\/11\/20130925_164829.jpg","width":640,"height":480},{"@type":"BreadcrumbList","@id":"https:\/\/floripaquilt.com.br\/2024\/mostra-textil-infantil\/#breadcrumb","itemListElement":[{"@type":"ListItem","position":1,"name":"In\u00edcio","item":"https:\/\/floripaquilt.com.br\/2024\/"},{"@type":"ListItem","position":2,"name":"MOSTRA T\u00caXTIL INFANTIL"}]},{"@type":"WebSite","@id":"https:\/\/floripaquilt.com.br\/2024\/#website","url":"https:\/\/floripaquilt.com.br\/2024\/","name":"Floripa Quilt","description":"Floripa Quilt 2024 - 11\u00ba Festival de Patchwork e Arte T\u00eaxtil","publisher":{"@id":"https:\/\/floripaquilt.com.br\/2024\/#organization"},"potentialAction":[{"@type":"SearchAction","target":{"@type":"EntryPoint","urlTemplate":"https:\/\/floripaquilt.com.br\/2024\/?s={search_term_string}"},"query-input":{"@type":"PropertyValueSpecification","valueRequired":true,"valueName":"search_term_string"}}],"inLanguage":"pt-BR"},{"@type":"Organization","@id":"https:\/\/floripaquilt.com.br\/2024\/#organization","name":"Floripa Quilt","url":"https:\/\/floripaquilt.com.br\/2024\/","logo":{"@type":"ImageObject","inLanguage":"pt-BR","@id":"https:\/\/floripaquilt.com.br\/2024\/#\/schema\/logo\/image\/","url":"https:\/\/floripaquilt.com.br\/2024\/wp-content\/uploads\/2023\/09\/cropped-IMG-logo-topo-site.png","contentUrl":"https:\/\/floripaquilt.com.br\/2024\/wp-content\/uploads\/2023\/09\/cropped-IMG-logo-topo-site.png","width":945,"height":237,"caption":"Floripa Quilt"},"image":{"@id":"https:\/\/floripaquilt.com.br\/2024\/#\/schema\/logo\/image\/"}}]}},"jetpack_sharing_enabled":true,"_links":{"self":[{"href":"https:\/\/floripaquilt.com.br\/2024\/wp-json\/wp\/v2\/pages\/9427","targetHints":{"allow":["GET"]}}],"collection":[{"href":"https:\/\/floripaquilt.com.br\/2024\/wp-json\/wp\/v2\/pages"}],"about":[{"href":"https:\/\/floripaquilt.com.br\/2024\/wp-json\/wp\/v2\/types\/page"}],"author":[{"embeddable":true,"href":"https:\/\/floripaquilt.com.br\/2024\/wp-json\/wp\/v2\/users\/29"}],"replies":[{"embeddable":true,"href":"https:\/\/floripaquilt.com.br\/2024\/wp-json\/wp\/v2\/comments?post=9427"}],"version-history":[{"count":10,"href":"https:\/\/floripaquilt.com.br\/2024\/wp-json\/wp\/v2\/pages\/9427\/revisions"}],"predecessor-version":[{"id":9457,"href":"https:\/\/floripaquilt.com.br\/2024\/wp-json\/wp\/v2\/pages\/9427\/revisions\/9457"}],"wp:attachment":[{"href":"https:\/\/floripaquilt.com.br\/2024\/wp-json\/wp\/v2\/media?parent=9427"}],"curies":[{"name":"wp","href":"https:\/\/api.w.org\/{rel}","templated":true}]}}