{"id":9424,"date":"2023-11-18T17:51:21","date_gmt":"2023-11-18T20:51:21","guid":{"rendered":"https:\/\/floripaquilt.com.br\/2024\/?page_id=9424"},"modified":"2024-03-07T19:15:16","modified_gmt":"2024-03-07T22:15:16","slug":"edital-mostra-textil-infantil","status":"publish","type":"page","link":"https:\/\/floripaquilt.com.br\/2024\/edital-mostra-textil-infantil\/","title":{"rendered":"EDITAL MOSTRA T\u00caXTIL INFANTIL"},"content":{"rendered":"\n<h3 class=\"wp-block-heading\"><strong>&nbsp;<\/strong><\/h3>\n\n\n\n<h3 class=\"wp-block-heading\"><strong>EDITAL 004\/2023<\/strong><\/h3>\n\n\n\n<h3 class=\"wp-block-heading\"><strong>FLORIPA QUILT \u2013 Festival de Patchwork &#8211; Arte T\u00eaxtil<\/strong><\/h3>\n\n\n\n<h3 class=\"wp-block-heading\"><strong>REGULAMENTO DA MOSTRA T\u00caXTIL INFANTIL 2024<\/strong><\/h3>\n\n\n\n<p>O <strong>Floripa Quilt &#8211; Festival de Patchwork \u2013 Arte T\u00eaxtil,<\/strong> convida voc\u00ea, com idade entre 7 e 14 anos a participar da <strong>\u201cMostra T\u00eaxtil Infantil\u201d,<\/strong> que acontecer\u00e1 durante a programa\u00e7\u00e3o da 11\u00aa edi\u00e7\u00e3o do evento, a ser realizada no Hotel SESC Cacup\u00e9, na cidade de Florian\u00f3polis (SC), entre os dias 01 e 04 de maio de 2024, das 10 \u00e0s 18 horas.<\/p>\n\n\n\n<p>O<strong> tema<\/strong> proposto \u00e9<strong>: \u201c Bastidores em tramas\u201d<\/strong>.<\/p>\n\n\n\n<p>1- Cada artista, atrav\u00e9s de seu respons\u00e1vel legal, poder\u00e1 inscrever 01(uma) obra;<\/p>\n\n\n\n<p>2- Os respons\u00e1veis legais dos artistas tem at\u00e9 o dia 12\/04\/2024 para fazerem a inscri\u00e7\u00e3o dos trabalhos de forma on-line. A ficha de inscri\u00e7\u00e3o dever\u00e1 ser preenchida em<strong> TODOS<\/strong> os campos;<\/p>\n\n\n\n<div class=\"wp-block-buttons is-content-justification-center is-layout-flex wp-container-core-buttons-is-layout-16018d1d wp-block-buttons-is-layout-flex\">\n<div class=\"wp-block-button has-custom-width wp-block-button__width-25\"><a class=\"wp-block-button__link has-white-color has-text-color has-background has-link-color wp-element-button\" href=\"https:\/\/forms.gle\/YBqi5GU4GkqoP4j27\" style=\"background-color:#6fc5ea\" target=\"_blank\" rel=\"noreferrer noopener\"><strong>Ficha de Inscri\u00e7\u00e3o Clique Aqui<\/strong><\/a><\/div>\n<\/div>\n\n\n\n<p>3- As obras dever\u00e3o ser encaminhadas para a organiza\u00e7\u00e3o do evento at\u00e9 o dia 12\/04\/2024 (data postagem correios), no seguinte endere\u00e7o:<\/p>\n\n\n\n<p class=\"has-text-align-center\"><strong>JANA\u00cdNA MACHADO CORDEIRO (FLORIPA QUILT)<\/strong><\/p>\n\n\n\n<p class=\"has-text-align-center\"><strong>RUA DANIEL PETRY, 460 &#8211; CENTRO<\/strong><\/p>\n\n\n\n<p class=\"has-text-align-center\"><strong>ANT\u00d4NIO CARLOS\/SC &#8211; CEP: 88.180-451<\/strong><\/p>\n\n\n\n<p>4- As obras dever\u00e3o ser criadas e confeccionadas pelas crian\u00e7as, de forma original, utilizando uma ou mais t\u00e9cnicas t\u00eaxteis (patchwork, bordado, tric\u00f4, croch\u00ea, tape\u00e7aria, outras) em formato circular, com no m\u00e1ximo 50 cm de di\u00e2metro, devendo serem obrigatoriamente emolduradas em bastidores e&nbsp; n\u00e3o devem conter legenda ou etiqueta em seu verso ou qualquer parte da obra. A informa\u00e7\u00e3o sobre obra e autor ser\u00e3o confeccionadas pela Organiza\u00e7\u00e3o do Evento em material e formato apropriado, obedecendo layout da exposi\u00e7\u00e3o;<\/p>\n\n\n\n<p>5- Os artistas das obras inscritas, atrav\u00e9s de seus respons\u00e1veis legais, desde j\u00e1, cedem para a organiza\u00e7\u00e3o do evento, o direito de \u201c<strong>uso de imagem<\/strong>\u201d da obra e do autor por prazo indeterminado, para fins comerciais e de divulga\u00e7\u00e3o. Em ambos os casos, os nomes (obra e autor) sempre ser\u00e3o citados;<\/p>\n\n\n\n<p>6- A organiza\u00e7\u00e3o manter\u00e1 durante todo o evento pessoas capacitadas para fornecerem informa\u00e7\u00f5es sobre as obras;<\/p>\n\n\n\n<p>7- As obras <strong>N\u00c3O<\/strong> poder\u00e3o ser retiradas antes do final da exposi\u00e7\u00e3o, dia 04\/05\/2022, \u00e0s 19 horas, sem qualquer exce\u00e7\u00e3o. As mesmas ser\u00e3o devolvidas de forma presencial, a combinar com a respons\u00e1vel pela exposi\u00e7\u00e3o, ou <strong>via Sedex (a cobrar) <\/strong>em at\u00e9 50 dias a partir da data de encerramento da exposi\u00e7\u00e3o;<\/p>\n\n\n\n<p>8- No espa\u00e7o da exposi\u00e7\u00e3o, mediante agenda pr\u00e9-estabelecida, haver\u00e1 a possibilidade de um ou mais artistas, acompanhados de seus respons\u00e1veis legais, falarem de forma descontra\u00edda ao p\u00fablico, de como foi o seu processo criativo;<\/p>\n\n\n\n<p>9- As obras expostas n\u00e3o ser\u00e3o cobertas por seguro e ser\u00e3o devolvidas no tempo e nas modalidades descritas no item 7;<\/p>\n\n\n\n<p>10- A montagem da mostra \u00e9 de responsabilidade da organiza\u00e7\u00e3o do evento;<\/p>\n\n\n\n<p>11- A Comiss\u00e3o Organizadora disponibiliza um canal para dirimir d\u00favidas: <a href=\"mailto:floripaquilt@gmail.com\">floripaquilt@gmail.com<\/a> . Somente por esse canal ser\u00e3o respondidos os questionamentos.<\/p>\n\n\n\n<p>12- Em casos aqui n\u00e3o previstos, caber\u00e1 \u00fanica e exclusivamente \u00e0 Comiss\u00e3o Organizadora definir a resolu\u00e7\u00e3o do problema.<\/p>\n\n\n\n<p class=\"has-text-align-center\"><strong>Jana\u00edna Machado Cordeiro<\/strong><\/p>\n\n\n\n<p class=\"has-text-align-center\">Florian\u00f3polis, 15 de novembro de 2024.<\/p>\n\n\n\n<p><strong><em>Floripa Quilt \u2013 Festival de Patchwork \u2013 Arte T\u00eaxtil<\/em><\/strong><br><strong>Quando:<\/strong> 01 a 04\/05\/2024, das 10 \u00e0s 18 horas<br><strong>Ingressos:<\/strong> R$ 10 inteira \/ R$ 5 meia-entrada<br><strong>Onde:<\/strong> SESC Cacup\u00e9 \u2013 Est. Haroldo Soares Glavan 1670 \u2013 Cacup\u00e9\/Fpolis\/SC<\/p>\n","protected":false},"excerpt":{"rendered":"<p>&nbsp; EDITAL 004\/2023 FLORIPA QUILT \u2013 Festival de Patchwork &#8211; Arte T\u00eaxtil REGULAMENTO DA MOSTRA T\u00caXTIL INFANTIL 2024 O Floripa Quilt &#8211; Festival de Patchwork \u2013 Arte T\u00eaxtil, convida voc\u00ea, com idade entre 7 e 14 anos a participar da \u201cMostra T\u00eaxtil Infantil\u201d, que acontecer\u00e1 durante a programa\u00e7\u00e3o da 11\u00aa edi\u00e7\u00e3o do evento, a ser realizada no Hotel SESC Cacup\u00e9, na cidade de Florian\u00f3polis (SC), entre os dias 01 e 04 de maio de 2024, das 10 \u00e0s 18 horas. O tema proposto \u00e9: \u201c Bastidores em tramas\u201d. 1- Cada artista, atrav\u00e9s de seu respons\u00e1vel legal, poder\u00e1 inscrever 01(uma) obra; 2- Os respons\u00e1veis legais dos artistas tem at\u00e9 o dia 12\/04\/2024 para fazerem a inscri\u00e7\u00e3o dos trabalhos de forma on-line. A ficha de inscri\u00e7\u00e3o dever\u00e1 ser preenchida em TODOS os campos; 3- As obras dever\u00e3o ser encaminhadas para a organiza\u00e7\u00e3o do evento at\u00e9 o dia 12\/04\/2024 (data postagem correios), no seguinte endere\u00e7o: JANA\u00cdNA MACHADO CORDEIRO (FLORIPA QUILT) RUA DANIEL PETRY, 460 &#8211; CENTRO ANT\u00d4NIO CARLOS\/SC &#8211; CEP: 88.180-451 4- As obras dever\u00e3o ser criadas e confeccionadas pelas crian\u00e7as, de forma original, utilizando uma ou mais t\u00e9cnicas t\u00eaxteis (patchwork, bordado, tric\u00f4, croch\u00ea, tape\u00e7aria, outras) em formato circular, com no m\u00e1ximo 50 cm de di\u00e2metro, devendo serem obrigatoriamente emolduradas em bastidores e&nbsp; n\u00e3o devem conter legenda ou etiqueta em seu verso ou qualquer parte da obra. A informa\u00e7\u00e3o sobre obra e autor ser\u00e3o confeccionadas pela Organiza\u00e7\u00e3o do Evento em material e formato apropriado, obedecendo layout da exposi\u00e7\u00e3o; 5- Os artistas das obras inscritas, atrav\u00e9s de seus respons\u00e1veis legais, desde j\u00e1, cedem para a organiza\u00e7\u00e3o do evento, o direito de \u201cuso de imagem\u201d da obra e do autor por prazo indeterminado, para fins comerciais e de divulga\u00e7\u00e3o. Em ambos os casos, os nomes (obra e autor) sempre ser\u00e3o citados; 6- A organiza\u00e7\u00e3o manter\u00e1 durante todo o evento pessoas capacitadas para fornecerem informa\u00e7\u00f5es sobre as obras; 7- As obras N\u00c3O poder\u00e3o ser retiradas antes do final da exposi\u00e7\u00e3o, dia 04\/05\/2022, \u00e0s 19 horas, sem qualquer exce\u00e7\u00e3o. As mesmas ser\u00e3o devolvidas de forma presencial, a combinar com a respons\u00e1vel pela exposi\u00e7\u00e3o, ou via Sedex (a cobrar) em at\u00e9 50 dias a partir da data de encerramento da exposi\u00e7\u00e3o; 8- No espa\u00e7o da exposi\u00e7\u00e3o, mediante agenda pr\u00e9-estabelecida, haver\u00e1 a possibilidade de um ou mais artistas, acompanhados de seus respons\u00e1veis legais, falarem de forma descontra\u00edda ao p\u00fablico, de como foi o seu processo criativo; 9- As obras expostas n\u00e3o ser\u00e3o cobertas por seguro e ser\u00e3o devolvidas no tempo e nas modalidades descritas no item 7; 10- A montagem da mostra \u00e9 de responsabilidade da organiza\u00e7\u00e3o do evento; 11- A Comiss\u00e3o Organizadora disponibiliza um canal para dirimir d\u00favidas: floripaquilt@gmail.com . Somente por esse canal ser\u00e3o respondidos os questionamentos. 12- Em casos aqui n\u00e3o previstos, caber\u00e1 \u00fanica e exclusivamente \u00e0 Comiss\u00e3o Organizadora definir a resolu\u00e7\u00e3o do problema. Jana\u00edna Machado Cordeiro Florian\u00f3polis, 15 de novembro de 2024. Floripa Quilt \u2013 Festival de Patchwork \u2013 Arte T\u00eaxtilQuando: 01 a 04\/05\/2024, das 10 \u00e0s 18 horasIngressos: R$ 10 inteira \/ R$ 5 meia-entradaOnde: SESC Cacup\u00e9 \u2013 Est. Haroldo Soares Glavan 1670 \u2013 Cacup\u00e9\/Fpolis\/SC<\/p>\n","protected":false},"author":29,"featured_media":0,"parent":0,"menu_order":0,"comment_status":"closed","ping_status":"closed","template":"","meta":{"_monsterinsights_skip_tracking":false,"_monsterinsights_sitenote_active":false,"_monsterinsights_sitenote_note":"","_monsterinsights_sitenote_category":0,"footnotes":""},"class_list":["post-9424","page","type-page","status-publish","hentry"],"acf":[],"yoast_head":"<!-- This site is optimized with the Yoast SEO plugin v27.5 - https:\/\/yoast.com\/product\/yoast-seo-wordpress\/ -->\n<title>EDITAL MOSTRA T\u00caXTIL INFANTIL - Floripa Quilt<\/title>\n<meta name=\"robots\" content=\"index, follow, max-snippet:-1, max-image-preview:large, max-video-preview:-1\" \/>\n<link rel=\"canonical\" href=\"https:\/\/floripaquilt.com.br\/2024\/edital-mostra-textil-infantil\/\" \/>\n<meta property=\"og:locale\" content=\"pt_BR\" \/>\n<meta property=\"og:type\" content=\"article\" \/>\n<meta property=\"og:title\" content=\"EDITAL MOSTRA T\u00caXTIL INFANTIL - Floripa Quilt\" \/>\n<meta property=\"og:description\" content=\"&nbsp; EDITAL 004\/2023 FLORIPA QUILT \u2013 Festival de Patchwork &#8211; Arte T\u00eaxtil REGULAMENTO DA MOSTRA T\u00caXTIL INFANTIL 2024 O Floripa Quilt &#8211; Festival de Patchwork \u2013 Arte T\u00eaxtil, convida voc\u00ea, com idade entre 7 e 14 anos a participar da \u201cMostra T\u00eaxtil Infantil\u201d, que acontecer\u00e1 durante a programa\u00e7\u00e3o da 11\u00aa edi\u00e7\u00e3o do evento, a ser realizada no Hotel SESC Cacup\u00e9, na cidade de Florian\u00f3polis (SC), entre os dias 01 e 04 de maio de 2024, das 10 \u00e0s 18 horas. O tema proposto \u00e9: \u201c Bastidores em tramas\u201d. 1- Cada artista, atrav\u00e9s de seu respons\u00e1vel legal, poder\u00e1 inscrever 01(uma) obra; 2- Os respons\u00e1veis legais dos artistas tem at\u00e9 o dia 12\/04\/2024 para fazerem a inscri\u00e7\u00e3o dos trabalhos de forma on-line. A ficha de inscri\u00e7\u00e3o dever\u00e1 ser preenchida em TODOS os campos; 3- As obras dever\u00e3o ser encaminhadas para a organiza\u00e7\u00e3o do evento at\u00e9 o dia 12\/04\/2024 (data postagem correios), no seguinte endere\u00e7o: JANA\u00cdNA MACHADO CORDEIRO (FLORIPA QUILT) RUA DANIEL PETRY, 460 &#8211; CENTRO ANT\u00d4NIO CARLOS\/SC &#8211; CEP: 88.180-451 4- As obras dever\u00e3o ser criadas e confeccionadas pelas crian\u00e7as, de forma original, utilizando uma ou mais t\u00e9cnicas t\u00eaxteis (patchwork, bordado, tric\u00f4, croch\u00ea, tape\u00e7aria, outras) em formato circular, com no m\u00e1ximo 50 cm de di\u00e2metro, devendo serem obrigatoriamente emolduradas em bastidores e&nbsp; n\u00e3o devem conter legenda ou etiqueta em seu verso ou qualquer parte da obra. A informa\u00e7\u00e3o sobre obra e autor ser\u00e3o confeccionadas pela Organiza\u00e7\u00e3o do Evento em material e formato apropriado, obedecendo layout da exposi\u00e7\u00e3o; 5- Os artistas das obras inscritas, atrav\u00e9s de seus respons\u00e1veis legais, desde j\u00e1, cedem para a organiza\u00e7\u00e3o do evento, o direito de \u201cuso de imagem\u201d da obra e do autor por prazo indeterminado, para fins comerciais e de divulga\u00e7\u00e3o. Em ambos os casos, os nomes (obra e autor) sempre ser\u00e3o citados; 6- A organiza\u00e7\u00e3o manter\u00e1 durante todo o evento pessoas capacitadas para fornecerem informa\u00e7\u00f5es sobre as obras; 7- As obras N\u00c3O poder\u00e3o ser retiradas antes do final da exposi\u00e7\u00e3o, dia 04\/05\/2022, \u00e0s 19 horas, sem qualquer exce\u00e7\u00e3o. As mesmas ser\u00e3o devolvidas de forma presencial, a combinar com a respons\u00e1vel pela exposi\u00e7\u00e3o, ou via Sedex (a cobrar) em at\u00e9 50 dias a partir da data de encerramento da exposi\u00e7\u00e3o; 8- No espa\u00e7o da exposi\u00e7\u00e3o, mediante agenda pr\u00e9-estabelecida, haver\u00e1 a possibilidade de um ou mais artistas, acompanhados de seus respons\u00e1veis legais, falarem de forma descontra\u00edda ao p\u00fablico, de como foi o seu processo criativo; 9- As obras expostas n\u00e3o ser\u00e3o cobertas por seguro e ser\u00e3o devolvidas no tempo e nas modalidades descritas no item 7; 10- A montagem da mostra \u00e9 de responsabilidade da organiza\u00e7\u00e3o do evento; 11- A Comiss\u00e3o Organizadora disponibiliza um canal para dirimir d\u00favidas: floripaquilt@gmail.com . Somente por esse canal ser\u00e3o respondidos os questionamentos. 12- Em casos aqui n\u00e3o previstos, caber\u00e1 \u00fanica e exclusivamente \u00e0 Comiss\u00e3o Organizadora definir a resolu\u00e7\u00e3o do problema. Jana\u00edna Machado Cordeiro Florian\u00f3polis, 15 de novembro de 2024. Floripa Quilt \u2013 Festival de Patchwork \u2013 Arte T\u00eaxtilQuando: 01 a 04\/05\/2024, das 10 \u00e0s 18 horasIngressos: R$ 10 inteira \/ R$ 5 meia-entradaOnde: SESC Cacup\u00e9 \u2013 Est. Haroldo Soares Glavan 1670 \u2013 Cacup\u00e9\/Fpolis\/SC\" \/>\n<meta property=\"og:url\" content=\"https:\/\/floripaquilt.com.br\/2024\/edital-mostra-textil-infantil\/\" \/>\n<meta property=\"og:site_name\" content=\"Floripa Quilt\" \/>\n<meta property=\"article:modified_time\" content=\"2024-03-07T22:15:16+00:00\" \/>\n<meta name=\"twitter:card\" content=\"summary_large_image\" \/>\n<meta name=\"twitter:label1\" content=\"Est. tempo de leitura\" \/>\n\t<meta name=\"twitter:data1\" content=\"3 minutos\" \/>\n<script type=\"application\/ld+json\" class=\"yoast-schema-graph\">{\"@context\":\"https:\\\/\\\/schema.org\",\"@graph\":[{\"@type\":\"WebPage\",\"@id\":\"https:\\\/\\\/floripaquilt.com.br\\\/2024\\\/edital-mostra-textil-infantil\\\/\",\"url\":\"https:\\\/\\\/floripaquilt.com.br\\\/2024\\\/edital-mostra-textil-infantil\\\/\",\"name\":\"EDITAL MOSTRA T\u00caXTIL INFANTIL - Floripa Quilt\",\"isPartOf\":{\"@id\":\"https:\\\/\\\/floripaquilt.com.br\\\/2024\\\/#website\"},\"datePublished\":\"2023-11-18T20:51:21+00:00\",\"dateModified\":\"2024-03-07T22:15:16+00:00\",\"breadcrumb\":{\"@id\":\"https:\\\/\\\/floripaquilt.com.br\\\/2024\\\/edital-mostra-textil-infantil\\\/#breadcrumb\"},\"inLanguage\":\"pt-BR\",\"potentialAction\":[{\"@type\":\"ReadAction\",\"target\":[\"https:\\\/\\\/floripaquilt.com.br\\\/2024\\\/edital-mostra-textil-infantil\\\/\"]}]},{\"@type\":\"BreadcrumbList\",\"@id\":\"https:\\\/\\\/floripaquilt.com.br\\\/2024\\\/edital-mostra-textil-infantil\\\/#breadcrumb\",\"itemListElement\":[{\"@type\":\"ListItem\",\"position\":1,\"name\":\"In\u00edcio\",\"item\":\"https:\\\/\\\/floripaquilt.com.br\\\/2024\\\/\"},{\"@type\":\"ListItem\",\"position\":2,\"name\":\"EDITAL MOSTRA T\u00caXTIL INFANTIL\"}]},{\"@type\":\"WebSite\",\"@id\":\"https:\\\/\\\/floripaquilt.com.br\\\/2024\\\/#website\",\"url\":\"https:\\\/\\\/floripaquilt.com.br\\\/2024\\\/\",\"name\":\"Floripa Quilt\",\"description\":\"Floripa Quilt 2024 - 11\u00ba Festival de Patchwork e Arte T\u00eaxtil\",\"publisher\":{\"@id\":\"https:\\\/\\\/floripaquilt.com.br\\\/2024\\\/#organization\"},\"potentialAction\":[{\"@type\":\"SearchAction\",\"target\":{\"@type\":\"EntryPoint\",\"urlTemplate\":\"https:\\\/\\\/floripaquilt.com.br\\\/2024\\\/?s={search_term_string}\"},\"query-input\":{\"@type\":\"PropertyValueSpecification\",\"valueRequired\":true,\"valueName\":\"search_term_string\"}}],\"inLanguage\":\"pt-BR\"},{\"@type\":\"Organization\",\"@id\":\"https:\\\/\\\/floripaquilt.com.br\\\/2024\\\/#organization\",\"name\":\"Floripa Quilt\",\"url\":\"https:\\\/\\\/floripaquilt.com.br\\\/2024\\\/\",\"logo\":{\"@type\":\"ImageObject\",\"inLanguage\":\"pt-BR\",\"@id\":\"https:\\\/\\\/floripaquilt.com.br\\\/2024\\\/#\\\/schema\\\/logo\\\/image\\\/\",\"url\":\"https:\\\/\\\/floripaquilt.com.br\\\/2024\\\/wp-content\\\/uploads\\\/2023\\\/09\\\/cropped-IMG-logo-topo-site.png\",\"contentUrl\":\"https:\\\/\\\/floripaquilt.com.br\\\/2024\\\/wp-content\\\/uploads\\\/2023\\\/09\\\/cropped-IMG-logo-topo-site.png\",\"width\":945,\"height\":237,\"caption\":\"Floripa Quilt\"},\"image\":{\"@id\":\"https:\\\/\\\/floripaquilt.com.br\\\/2024\\\/#\\\/schema\\\/logo\\\/image\\\/\"}}]}<\/script>\n<!-- \/ Yoast SEO plugin. -->","yoast_head_json":{"title":"EDITAL MOSTRA T\u00caXTIL INFANTIL - Floripa Quilt","robots":{"index":"index","follow":"follow","max-snippet":"max-snippet:-1","max-image-preview":"max-image-preview:large","max-video-preview":"max-video-preview:-1"},"canonical":"https:\/\/floripaquilt.com.br\/2024\/edital-mostra-textil-infantil\/","og_locale":"pt_BR","og_type":"article","og_title":"EDITAL MOSTRA T\u00caXTIL INFANTIL - Floripa Quilt","og_description":"&nbsp; EDITAL 004\/2023 FLORIPA QUILT \u2013 Festival de Patchwork &#8211; Arte T\u00eaxtil REGULAMENTO DA MOSTRA T\u00caXTIL INFANTIL 2024 O Floripa Quilt &#8211; Festival de Patchwork \u2013 Arte T\u00eaxtil, convida voc\u00ea, com idade entre 7 e 14 anos a participar da \u201cMostra T\u00eaxtil Infantil\u201d, que acontecer\u00e1 durante a programa\u00e7\u00e3o da 11\u00aa edi\u00e7\u00e3o do evento, a ser realizada no Hotel SESC Cacup\u00e9, na cidade de Florian\u00f3polis (SC), entre os dias 01 e 04 de maio de 2024, das 10 \u00e0s 18 horas. O tema proposto \u00e9: \u201c Bastidores em tramas\u201d. 1- Cada artista, atrav\u00e9s de seu respons\u00e1vel legal, poder\u00e1 inscrever 01(uma) obra; 2- Os respons\u00e1veis legais dos artistas tem at\u00e9 o dia 12\/04\/2024 para fazerem a inscri\u00e7\u00e3o dos trabalhos de forma on-line. A ficha de inscri\u00e7\u00e3o dever\u00e1 ser preenchida em TODOS os campos; 3- As obras dever\u00e3o ser encaminhadas para a organiza\u00e7\u00e3o do evento at\u00e9 o dia 12\/04\/2024 (data postagem correios), no seguinte endere\u00e7o: JANA\u00cdNA MACHADO CORDEIRO (FLORIPA QUILT) RUA DANIEL PETRY, 460 &#8211; CENTRO ANT\u00d4NIO CARLOS\/SC &#8211; CEP: 88.180-451 4- As obras dever\u00e3o ser criadas e confeccionadas pelas crian\u00e7as, de forma original, utilizando uma ou mais t\u00e9cnicas t\u00eaxteis (patchwork, bordado, tric\u00f4, croch\u00ea, tape\u00e7aria, outras) em formato circular, com no m\u00e1ximo 50 cm de di\u00e2metro, devendo serem obrigatoriamente emolduradas em bastidores e&nbsp; n\u00e3o devem conter legenda ou etiqueta em seu verso ou qualquer parte da obra. A informa\u00e7\u00e3o sobre obra e autor ser\u00e3o confeccionadas pela Organiza\u00e7\u00e3o do Evento em material e formato apropriado, obedecendo layout da exposi\u00e7\u00e3o; 5- Os artistas das obras inscritas, atrav\u00e9s de seus respons\u00e1veis legais, desde j\u00e1, cedem para a organiza\u00e7\u00e3o do evento, o direito de \u201cuso de imagem\u201d da obra e do autor por prazo indeterminado, para fins comerciais e de divulga\u00e7\u00e3o. Em ambos os casos, os nomes (obra e autor) sempre ser\u00e3o citados; 6- A organiza\u00e7\u00e3o manter\u00e1 durante todo o evento pessoas capacitadas para fornecerem informa\u00e7\u00f5es sobre as obras; 7- As obras N\u00c3O poder\u00e3o ser retiradas antes do final da exposi\u00e7\u00e3o, dia 04\/05\/2022, \u00e0s 19 horas, sem qualquer exce\u00e7\u00e3o. As mesmas ser\u00e3o devolvidas de forma presencial, a combinar com a respons\u00e1vel pela exposi\u00e7\u00e3o, ou via Sedex (a cobrar) em at\u00e9 50 dias a partir da data de encerramento da exposi\u00e7\u00e3o; 8- No espa\u00e7o da exposi\u00e7\u00e3o, mediante agenda pr\u00e9-estabelecida, haver\u00e1 a possibilidade de um ou mais artistas, acompanhados de seus respons\u00e1veis legais, falarem de forma descontra\u00edda ao p\u00fablico, de como foi o seu processo criativo; 9- As obras expostas n\u00e3o ser\u00e3o cobertas por seguro e ser\u00e3o devolvidas no tempo e nas modalidades descritas no item 7; 10- A montagem da mostra \u00e9 de responsabilidade da organiza\u00e7\u00e3o do evento; 11- A Comiss\u00e3o Organizadora disponibiliza um canal para dirimir d\u00favidas: floripaquilt@gmail.com . Somente por esse canal ser\u00e3o respondidos os questionamentos. 12- Em casos aqui n\u00e3o previstos, caber\u00e1 \u00fanica e exclusivamente \u00e0 Comiss\u00e3o Organizadora definir a resolu\u00e7\u00e3o do problema. Jana\u00edna Machado Cordeiro Florian\u00f3polis, 15 de novembro de 2024. Floripa Quilt \u2013 Festival de Patchwork \u2013 Arte T\u00eaxtilQuando: 01 a 04\/05\/2024, das 10 \u00e0s 18 horasIngressos: R$ 10 inteira \/ R$ 5 meia-entradaOnde: SESC Cacup\u00e9 \u2013 Est. Haroldo Soares Glavan 1670 \u2013 Cacup\u00e9\/Fpolis\/SC","og_url":"https:\/\/floripaquilt.com.br\/2024\/edital-mostra-textil-infantil\/","og_site_name":"Floripa Quilt","article_modified_time":"2024-03-07T22:15:16+00:00","twitter_card":"summary_large_image","twitter_misc":{"Est. tempo de leitura":"3 minutos"},"schema":{"@context":"https:\/\/schema.org","@graph":[{"@type":"WebPage","@id":"https:\/\/floripaquilt.com.br\/2024\/edital-mostra-textil-infantil\/","url":"https:\/\/floripaquilt.com.br\/2024\/edital-mostra-textil-infantil\/","name":"EDITAL MOSTRA T\u00caXTIL INFANTIL - Floripa Quilt","isPartOf":{"@id":"https:\/\/floripaquilt.com.br\/2024\/#website"},"datePublished":"2023-11-18T20:51:21+00:00","dateModified":"2024-03-07T22:15:16+00:00","breadcrumb":{"@id":"https:\/\/floripaquilt.com.br\/2024\/edital-mostra-textil-infantil\/#breadcrumb"},"inLanguage":"pt-BR","potentialAction":[{"@type":"ReadAction","target":["https:\/\/floripaquilt.com.br\/2024\/edital-mostra-textil-infantil\/"]}]},{"@type":"BreadcrumbList","@id":"https:\/\/floripaquilt.com.br\/2024\/edital-mostra-textil-infantil\/#breadcrumb","itemListElement":[{"@type":"ListItem","position":1,"name":"In\u00edcio","item":"https:\/\/floripaquilt.com.br\/2024\/"},{"@type":"ListItem","position":2,"name":"EDITAL MOSTRA T\u00caXTIL INFANTIL"}]},{"@type":"WebSite","@id":"https:\/\/floripaquilt.com.br\/2024\/#website","url":"https:\/\/floripaquilt.com.br\/2024\/","name":"Floripa Quilt","description":"Floripa Quilt 2024 - 11\u00ba Festival de Patchwork e Arte T\u00eaxtil","publisher":{"@id":"https:\/\/floripaquilt.com.br\/2024\/#organization"},"potentialAction":[{"@type":"SearchAction","target":{"@type":"EntryPoint","urlTemplate":"https:\/\/floripaquilt.com.br\/2024\/?s={search_term_string}"},"query-input":{"@type":"PropertyValueSpecification","valueRequired":true,"valueName":"search_term_string"}}],"inLanguage":"pt-BR"},{"@type":"Organization","@id":"https:\/\/floripaquilt.com.br\/2024\/#organization","name":"Floripa Quilt","url":"https:\/\/floripaquilt.com.br\/2024\/","logo":{"@type":"ImageObject","inLanguage":"pt-BR","@id":"https:\/\/floripaquilt.com.br\/2024\/#\/schema\/logo\/image\/","url":"https:\/\/floripaquilt.com.br\/2024\/wp-content\/uploads\/2023\/09\/cropped-IMG-logo-topo-site.png","contentUrl":"https:\/\/floripaquilt.com.br\/2024\/wp-content\/uploads\/2023\/09\/cropped-IMG-logo-topo-site.png","width":945,"height":237,"caption":"Floripa Quilt"},"image":{"@id":"https:\/\/floripaquilt.com.br\/2024\/#\/schema\/logo\/image\/"}}]}},"jetpack_sharing_enabled":true,"_links":{"self":[{"href":"https:\/\/floripaquilt.com.br\/2024\/wp-json\/wp\/v2\/pages\/9424","targetHints":{"allow":["GET"]}}],"collection":[{"href":"https:\/\/floripaquilt.com.br\/2024\/wp-json\/wp\/v2\/pages"}],"about":[{"href":"https:\/\/floripaquilt.com.br\/2024\/wp-json\/wp\/v2\/types\/page"}],"author":[{"embeddable":true,"href":"https:\/\/floripaquilt.com.br\/2024\/wp-json\/wp\/v2\/users\/29"}],"replies":[{"embeddable":true,"href":"https:\/\/floripaquilt.com.br\/2024\/wp-json\/wp\/v2\/comments?post=9424"}],"version-history":[{"count":9,"href":"https:\/\/floripaquilt.com.br\/2024\/wp-json\/wp\/v2\/pages\/9424\/revisions"}],"predecessor-version":[{"id":10001,"href":"https:\/\/floripaquilt.com.br\/2024\/wp-json\/wp\/v2\/pages\/9424\/revisions\/10001"}],"wp:attachment":[{"href":"https:\/\/floripaquilt.com.br\/2024\/wp-json\/wp\/v2\/media?parent=9424"}],"curies":[{"name":"wp","href":"https:\/\/api.w.org\/{rel}","templated":true}]}}