{"id":8739,"date":"2023-10-01T18:57:35","date_gmt":"2023-10-01T21:57:35","guid":{"rendered":"https:\/\/floripaquilt.com.br\/2024\/?page_id=8739"},"modified":"2023-11-18T19:10:47","modified_gmt":"2023-11-18T22:10:47","slug":"editais","status":"publish","type":"page","link":"https:\/\/floripaquilt.com.br\/2024\/editais\/","title":{"rendered":"EDITAIS"},"content":{"rendered":"\n<figure class=\"wp-block-gallery has-nested-images columns-default is-cropped wp-block-gallery-1 is-layout-flex wp-block-gallery-is-layout-flex\">\n<figure class=\"wp-block-image size-large is-resized\"><img loading=\"lazy\" decoding=\"async\" width=\"768\" height=\"1024\" data-id=\"9021\" src=\"https:\/\/floripaquilt.com.br\/2024\/wp-content\/uploads\/2023\/09\/Iphone-346-768x1024.jpg\" alt=\"\" class=\"wp-image-9021\" style=\"aspect-ratio:3\/2;object-fit:cover;width:undefinedpx;height:200px\" srcset=\"https:\/\/floripaquilt.com.br\/2024\/wp-content\/uploads\/2023\/09\/Iphone-346-768x1024.jpg 768w, https:\/\/floripaquilt.com.br\/2024\/wp-content\/uploads\/2023\/09\/Iphone-346-225x300.jpg 225w, https:\/\/floripaquilt.com.br\/2024\/wp-content\/uploads\/2023\/09\/Iphone-346-1152x1536.jpg 1152w, https:\/\/floripaquilt.com.br\/2024\/wp-content\/uploads\/2023\/09\/Iphone-346-1536x2048.jpg 1536w, https:\/\/floripaquilt.com.br\/2024\/wp-content\/uploads\/2023\/09\/Iphone-346-600x800.jpg 600w, https:\/\/floripaquilt.com.br\/2024\/wp-content\/uploads\/2023\/09\/Iphone-346-scaled.jpg 1920w\" sizes=\"auto, (max-width: 768px) 100vw, 768px\" \/><figcaption class=\"wp-element-caption\"><strong>Obra Premiada 2015 &#8211;<\/strong> <strong>Exuberante Natureza &#8211; Suzana G. Refatti<\/strong><\/figcaption><\/figure>\n\n\n\n<figure class=\"wp-block-image size-large is-resized\"><img loading=\"lazy\" decoding=\"async\" width=\"1024\" height=\"683\" data-id=\"8944\" src=\"https:\/\/floripaquilt.com.br\/2024\/wp-content\/uploads\/2023\/09\/IMG_4734-1024x683.jpg\" alt=\"\" class=\"wp-image-8944\" style=\"aspect-ratio:3\/2;object-fit:cover;width:undefinedpx;height:200px\" srcset=\"https:\/\/floripaquilt.com.br\/2024\/wp-content\/uploads\/2023\/09\/IMG_4734-1024x683.jpg 1024w, https:\/\/floripaquilt.com.br\/2024\/wp-content\/uploads\/2023\/09\/IMG_4734-300x200.jpg 300w, https:\/\/floripaquilt.com.br\/2024\/wp-content\/uploads\/2023\/09\/IMG_4734-768x512.jpg 768w, https:\/\/floripaquilt.com.br\/2024\/wp-content\/uploads\/2023\/09\/IMG_4734-1536x1024.jpg 1536w, https:\/\/floripaquilt.com.br\/2024\/wp-content\/uploads\/2023\/09\/IMG_4734-2048x1365.jpg 2048w, https:\/\/floripaquilt.com.br\/2024\/wp-content\/uploads\/2023\/09\/IMG_4734-600x400.jpg 600w\" sizes=\"auto, (max-width: 1024px) 100vw, 1024px\" \/><figcaption class=\"wp-element-caption\"><strong>Premia\u00e7\u00e3o 2018 &#8211; Pingentes<\/strong><\/figcaption><\/figure>\n\n\n\n<figure class=\"wp-block-image size-large is-resized\"><img loading=\"lazy\" decoding=\"async\" width=\"1024\" height=\"682\" data-id=\"8846\" src=\"https:\/\/floripaquilt.com.br\/2024\/wp-content\/uploads\/2023\/09\/ESPACO-DAS-MOSTRAS-1024x682.jpg\" alt=\"\" class=\"wp-image-8846\" style=\"aspect-ratio:3\/2;object-fit:cover;width:undefinedpx;height:200px\" srcset=\"https:\/\/floripaquilt.com.br\/2024\/wp-content\/uploads\/2023\/09\/ESPACO-DAS-MOSTRAS-1024x682.jpg 1024w, https:\/\/floripaquilt.com.br\/2024\/wp-content\/uploads\/2023\/09\/ESPACO-DAS-MOSTRAS-300x200.jpg 300w, https:\/\/floripaquilt.com.br\/2024\/wp-content\/uploads\/2023\/09\/ESPACO-DAS-MOSTRAS-768x512.jpg 768w, https:\/\/floripaquilt.com.br\/2024\/wp-content\/uploads\/2023\/09\/ESPACO-DAS-MOSTRAS-600x400.jpg 600w, https:\/\/floripaquilt.com.br\/2024\/wp-content\/uploads\/2023\/09\/ESPACO-DAS-MOSTRAS.jpg 1250w\" sizes=\"auto, (max-width: 1024px) 100vw, 1024px\" \/><figcaption class=\"wp-element-caption\"><strong>Exposi\u00e7\u00e3o Concurso 2016<\/strong><\/figcaption><\/figure>\n\n\n\n<figure class=\"wp-block-image size-full is-resized\"><img loading=\"lazy\" decoding=\"async\" width=\"960\" height=\"720\" data-id=\"9079\" src=\"https:\/\/floripaquilt.com.br\/2024\/wp-content\/uploads\/2023\/09\/roseta-renda-2013.jpg\" alt=\"\" class=\"wp-image-9079\" style=\"aspect-ratio:16\/9;object-fit:cover;width:undefinedpx;height:200px\" srcset=\"https:\/\/floripaquilt.com.br\/2024\/wp-content\/uploads\/2023\/09\/roseta-renda-2013.jpg 960w, https:\/\/floripaquilt.com.br\/2024\/wp-content\/uploads\/2023\/09\/roseta-renda-2013-300x225.jpg 300w, https:\/\/floripaquilt.com.br\/2024\/wp-content\/uploads\/2023\/09\/roseta-renda-2013-768x576.jpg 768w, https:\/\/floripaquilt.com.br\/2024\/wp-content\/uploads\/2023\/09\/roseta-renda-2013-600x450.jpg 600w\" sizes=\"auto, (max-width: 960px) 100vw, 960px\" \/><figcaption class=\"wp-element-caption\"><strong>Roseta 2013<\/strong><\/figcaption><\/figure>\n<\/figure>\n\n\n\n<p>J\u00e1 est\u00e3o dispon\u00edveis os <strong>Editais dos Concursos do Floripa Quilt 2024:<\/strong>&nbsp;<strong>Concurso de Quilts, Concurso de Arte T\u00eaxtil e Concurso de Bonecas (os) de Pano, <\/strong>al\u00e9m do<strong> Edital da Mostra T\u00eaxtil Infantil<\/strong>. Os Concursos e a Mostra, destinam-se a incentivar a confec\u00e7\u00e3o e promover a aprecia\u00e7\u00e3o de obras t\u00eaxteis, visando educar artistas e o p\u00fablico em geral, atrav\u00e9s da exposi\u00e7\u00e3o de pe\u00e7as onde a qualidade t\u00e9cnica e o aspecto visual sejam reconhecidos e no caso dos Concursos, premiados.<\/p>\n\n\n\n<p>Em 2024, as exposi\u00e7\u00f5es das obras t\u00eaxteis que participar\u00e3o dos Concursos e Mostra, ser\u00e1 realizada de 01 a 04 de maio no Centro de Eventos do Hotel SESC Cacup\u00e9, localizado na Estrada Haroldo Soares Glavan, 1670, Cacup\u00e9, Florian\u00f3polis\/SC, sempre das 10 \u00e0s 18 horas. No caso dos Concursos, haver\u00e1 o julgamento pr\u00e9vio das pe\u00e7as, atrav\u00e9s de um corpo t\u00e9cnico (Comiss\u00e3o Julgadora) gabaritado, escolhido pela Organiza\u00e7\u00e3o do Evento.<\/p>\n\n\n\n<p>A organiza\u00e7\u00e3o do evento manter\u00e1 no local destinado \u00e0s exposi\u00e7\u00f5es, pessoas capacitadas para prestarem informa\u00e7\u00f5es sobre as obras, isentando-se da responsabilidade por perdas e danos de qualquer tipo.<\/p>\n\n\n\n<p>A montagem e desmontagem das exposi\u00e7\u00f5es \u00e9 de responsabilidade da organiza\u00e7\u00e3o do Floripa Quilt.<\/p>\n\n\n\n<p class=\"has-black-color has-text-color\">Acesse os editais:<\/p>\n\n\n\n<div class=\"wp-block-buttons is-content-justification-center is-layout-flex wp-container-core-buttons-is-layout-16018d1d wp-block-buttons-is-layout-flex\">\n<div class=\"wp-block-button\"><a class=\"wp-block-button__link has-white-color has-text-color has-background wp-element-button\" href=\"http:\/\/www.floripaquilt.com.br\/2024\/regulamentoquilts\" style=\"background-color:#6fc5ea\" target=\"_blank\" rel=\"noreferrer noopener\"><strong>Concurso de Quilts<\/strong><\/a><\/div>\n<\/div>\n\n\n\n<div style=\"height:100px\" aria-hidden=\"true\" class=\"wp-block-spacer\"><\/div>\n\n\n\n<div class=\"wp-block-buttons is-content-justification-center is-layout-flex wp-container-core-buttons-is-layout-16018d1d wp-block-buttons-is-layout-flex\">\n<div class=\"wp-block-button has-custom-width wp-block-button__width-25\"><a class=\"wp-block-button__link has-white-color has-text-color has-background wp-element-button\" href=\"http:\/\/www.floripaquilt.com.br\/2024\/concurso-de-arte-textil-3\" style=\"background-color:#6fc5ea\" target=\"_blank\" rel=\"noreferrer noopener\"><strong>Concurso de Arte T\u00eaxtil<\/strong><\/a><\/div>\n<\/div>\n\n\n\n<div style=\"height:100px\" aria-hidden=\"true\" class=\"wp-block-spacer\"><\/div>\n\n\n\n<div class=\"wp-block-buttons is-content-justification-center is-layout-flex wp-container-core-buttons-is-layout-16018d1d wp-block-buttons-is-layout-flex\">\n<div class=\"wp-block-button has-custom-width wp-block-button__width-25\"><a class=\"wp-block-button__link has-white-color has-text-color has-background wp-element-button\" href=\"http:\/\/www.floripaquilt.com.br\/2024\/concurso-de-boneco-a\" style=\"background-color:#6fc5ea\" target=\"_blank\" rel=\"noreferrer noopener\"><strong>Concurso de Bonecas(os) de Pano<\/strong><\/a><\/div>\n<\/div>\n\n\n\n<div style=\"height:100px\" aria-hidden=\"true\" class=\"wp-block-spacer\"><\/div>\n\n\n\n<div class=\"wp-block-buttons is-content-justification-center is-layout-flex wp-container-core-buttons-is-layout-16018d1d wp-block-buttons-is-layout-flex\">\n<div class=\"wp-block-button has-custom-width wp-block-button__width-25\"><a class=\"wp-block-button__link has-white-color has-text-color has-background has-link-color wp-element-button\" href=\"http:\/\/www.floripaquilt.com.br\/2024\/edital-mostra-textil-infantil\/\" style=\"background-color:#6fc5ea\" target=\"_blank\" rel=\"noreferrer noopener\"><strong>Mostra T\u00eaxtil Infantil<\/strong><\/a><\/div>\n<\/div>\n\n\n\n<p class=\"has-black-color has-text-color\"><\/p>\n","protected":false},"excerpt":{"rendered":"<p>J\u00e1 est\u00e3o dispon\u00edveis os Editais dos Concursos do Floripa Quilt 2024:&nbsp;Concurso de Quilts, Concurso de Arte T\u00eaxtil e Concurso de Bonecas (os) de Pano, al\u00e9m do Edital da Mostra T\u00eaxtil Infantil. Os Concursos e a Mostra, destinam-se a incentivar a confec\u00e7\u00e3o e promover a aprecia\u00e7\u00e3o de obras t\u00eaxteis, visando educar artistas e o p\u00fablico em geral, atrav\u00e9s da exposi\u00e7\u00e3o de pe\u00e7as onde a qualidade t\u00e9cnica e o aspecto visual sejam reconhecidos e no caso dos Concursos, premiados. Em 2024, as exposi\u00e7\u00f5es das obras t\u00eaxteis que participar\u00e3o dos Concursos e Mostra, ser\u00e1 realizada de 01 a 04 de maio no Centro de Eventos do Hotel SESC Cacup\u00e9, localizado na Estrada Haroldo Soares Glavan, 1670, Cacup\u00e9, Florian\u00f3polis\/SC, sempre das 10 \u00e0s 18 horas. No caso dos Concursos, haver\u00e1 o julgamento pr\u00e9vio das pe\u00e7as, atrav\u00e9s de um corpo t\u00e9cnico (Comiss\u00e3o Julgadora) gabaritado, escolhido pela Organiza\u00e7\u00e3o do Evento. A organiza\u00e7\u00e3o do evento manter\u00e1 no local destinado \u00e0s exposi\u00e7\u00f5es, pessoas capacitadas para prestarem informa\u00e7\u00f5es sobre as obras, isentando-se da responsabilidade por perdas e danos de qualquer tipo. A montagem e desmontagem das exposi\u00e7\u00f5es \u00e9 de responsabilidade da organiza\u00e7\u00e3o do Floripa Quilt. Acesse os editais:<\/p>\n","protected":false},"author":29,"featured_media":0,"parent":0,"menu_order":0,"comment_status":"closed","ping_status":"closed","template":"","meta":{"_monsterinsights_skip_tracking":false,"_monsterinsights_sitenote_active":false,"_monsterinsights_sitenote_note":"","_monsterinsights_sitenote_category":0,"footnotes":""},"class_list":["post-8739","page","type-page","status-publish","hentry"],"acf":[],"yoast_head":"<!-- This site is optimized with the Yoast SEO plugin v27.5 - https:\/\/yoast.com\/product\/yoast-seo-wordpress\/ -->\n<title>EDITAIS - Floripa Quilt<\/title>\n<meta name=\"robots\" content=\"index, follow, max-snippet:-1, max-image-preview:large, max-video-preview:-1\" \/>\n<link rel=\"canonical\" href=\"https:\/\/floripaquilt.com.br\/2024\/editais\/\" \/>\n<meta property=\"og:locale\" content=\"pt_BR\" \/>\n<meta property=\"og:type\" content=\"article\" \/>\n<meta property=\"og:title\" content=\"EDITAIS - Floripa Quilt\" \/>\n<meta property=\"og:description\" content=\"J\u00e1 est\u00e3o dispon\u00edveis os Editais dos Concursos do Floripa Quilt 2024:&nbsp;Concurso de Quilts, Concurso de Arte T\u00eaxtil e Concurso de Bonecas (os) de Pano, al\u00e9m do Edital da Mostra T\u00eaxtil Infantil. Os Concursos e a Mostra, destinam-se a incentivar a confec\u00e7\u00e3o e promover a aprecia\u00e7\u00e3o de obras t\u00eaxteis, visando educar artistas e o p\u00fablico em geral, atrav\u00e9s da exposi\u00e7\u00e3o de pe\u00e7as onde a qualidade t\u00e9cnica e o aspecto visual sejam reconhecidos e no caso dos Concursos, premiados. Em 2024, as exposi\u00e7\u00f5es das obras t\u00eaxteis que participar\u00e3o dos Concursos e Mostra, ser\u00e1 realizada de 01 a 04 de maio no Centro de Eventos do Hotel SESC Cacup\u00e9, localizado na Estrada Haroldo Soares Glavan, 1670, Cacup\u00e9, Florian\u00f3polis\/SC, sempre das 10 \u00e0s 18 horas. No caso dos Concursos, haver\u00e1 o julgamento pr\u00e9vio das pe\u00e7as, atrav\u00e9s de um corpo t\u00e9cnico (Comiss\u00e3o Julgadora) gabaritado, escolhido pela Organiza\u00e7\u00e3o do Evento. A organiza\u00e7\u00e3o do evento manter\u00e1 no local destinado \u00e0s exposi\u00e7\u00f5es, pessoas capacitadas para prestarem informa\u00e7\u00f5es sobre as obras, isentando-se da responsabilidade por perdas e danos de qualquer tipo. A montagem e desmontagem das exposi\u00e7\u00f5es \u00e9 de responsabilidade da organiza\u00e7\u00e3o do Floripa Quilt. Acesse os editais:\" \/>\n<meta property=\"og:url\" content=\"https:\/\/floripaquilt.com.br\/2024\/editais\/\" \/>\n<meta property=\"og:site_name\" content=\"Floripa Quilt\" \/>\n<meta property=\"article:modified_time\" content=\"2023-11-18T22:10:47+00:00\" \/>\n<meta property=\"og:image\" content=\"https:\/\/floripaquilt.com.br\/2024\/wp-content\/uploads\/2023\/09\/Iphone-346-768x1024.jpg\" \/>\n<meta name=\"twitter:card\" content=\"summary_large_image\" \/>\n<meta name=\"twitter:label1\" content=\"Est. tempo de leitura\" \/>\n\t<meta name=\"twitter:data1\" content=\"3 minutos\" \/>\n<script type=\"application\/ld+json\" class=\"yoast-schema-graph\">{\"@context\":\"https:\\\/\\\/schema.org\",\"@graph\":[{\"@type\":\"WebPage\",\"@id\":\"https:\\\/\\\/floripaquilt.com.br\\\/2024\\\/editais\\\/\",\"url\":\"https:\\\/\\\/floripaquilt.com.br\\\/2024\\\/editais\\\/\",\"name\":\"EDITAIS - Floripa Quilt\",\"isPartOf\":{\"@id\":\"https:\\\/\\\/floripaquilt.com.br\\\/2024\\\/#website\"},\"primaryImageOfPage\":{\"@id\":\"https:\\\/\\\/floripaquilt.com.br\\\/2024\\\/editais\\\/#primaryimage\"},\"image\":{\"@id\":\"https:\\\/\\\/floripaquilt.com.br\\\/2024\\\/editais\\\/#primaryimage\"},\"thumbnailUrl\":\"https:\\\/\\\/floripaquilt.com.br\\\/2024\\\/wp-content\\\/uploads\\\/2023\\\/09\\\/Iphone-346-768x1024.jpg\",\"datePublished\":\"2023-10-01T21:57:35+00:00\",\"dateModified\":\"2023-11-18T22:10:47+00:00\",\"breadcrumb\":{\"@id\":\"https:\\\/\\\/floripaquilt.com.br\\\/2024\\\/editais\\\/#breadcrumb\"},\"inLanguage\":\"pt-BR\",\"potentialAction\":[{\"@type\":\"ReadAction\",\"target\":[\"https:\\\/\\\/floripaquilt.com.br\\\/2024\\\/editais\\\/\"]}]},{\"@type\":\"ImageObject\",\"inLanguage\":\"pt-BR\",\"@id\":\"https:\\\/\\\/floripaquilt.com.br\\\/2024\\\/editais\\\/#primaryimage\",\"url\":\"https:\\\/\\\/floripaquilt.com.br\\\/2024\\\/wp-content\\\/uploads\\\/2023\\\/09\\\/Iphone-346-scaled.jpg\",\"contentUrl\":\"https:\\\/\\\/floripaquilt.com.br\\\/2024\\\/wp-content\\\/uploads\\\/2023\\\/09\\\/Iphone-346-scaled.jpg\",\"width\":1920,\"height\":2560,\"caption\":\"Obra Premiada 2015 - Exuberante Natureza - Suzana G. Refatti\"},{\"@type\":\"BreadcrumbList\",\"@id\":\"https:\\\/\\\/floripaquilt.com.br\\\/2024\\\/editais\\\/#breadcrumb\",\"itemListElement\":[{\"@type\":\"ListItem\",\"position\":1,\"name\":\"In\u00edcio\",\"item\":\"https:\\\/\\\/floripaquilt.com.br\\\/2024\\\/\"},{\"@type\":\"ListItem\",\"position\":2,\"name\":\"EDITAIS\"}]},{\"@type\":\"WebSite\",\"@id\":\"https:\\\/\\\/floripaquilt.com.br\\\/2024\\\/#website\",\"url\":\"https:\\\/\\\/floripaquilt.com.br\\\/2024\\\/\",\"name\":\"Floripa Quilt\",\"description\":\"Floripa Quilt 2024 - 11\u00ba Festival de Patchwork e Arte T\u00eaxtil\",\"publisher\":{\"@id\":\"https:\\\/\\\/floripaquilt.com.br\\\/2024\\\/#organization\"},\"potentialAction\":[{\"@type\":\"SearchAction\",\"target\":{\"@type\":\"EntryPoint\",\"urlTemplate\":\"https:\\\/\\\/floripaquilt.com.br\\\/2024\\\/?s={search_term_string}\"},\"query-input\":{\"@type\":\"PropertyValueSpecification\",\"valueRequired\":true,\"valueName\":\"search_term_string\"}}],\"inLanguage\":\"pt-BR\"},{\"@type\":\"Organization\",\"@id\":\"https:\\\/\\\/floripaquilt.com.br\\\/2024\\\/#organization\",\"name\":\"Floripa Quilt\",\"url\":\"https:\\\/\\\/floripaquilt.com.br\\\/2024\\\/\",\"logo\":{\"@type\":\"ImageObject\",\"inLanguage\":\"pt-BR\",\"@id\":\"https:\\\/\\\/floripaquilt.com.br\\\/2024\\\/#\\\/schema\\\/logo\\\/image\\\/\",\"url\":\"https:\\\/\\\/floripaquilt.com.br\\\/2024\\\/wp-content\\\/uploads\\\/2023\\\/09\\\/cropped-IMG-logo-topo-site.png\",\"contentUrl\":\"https:\\\/\\\/floripaquilt.com.br\\\/2024\\\/wp-content\\\/uploads\\\/2023\\\/09\\\/cropped-IMG-logo-topo-site.png\",\"width\":945,\"height\":237,\"caption\":\"Floripa Quilt\"},\"image\":{\"@id\":\"https:\\\/\\\/floripaquilt.com.br\\\/2024\\\/#\\\/schema\\\/logo\\\/image\\\/\"}}]}<\/script>\n<!-- \/ Yoast SEO plugin. -->","yoast_head_json":{"title":"EDITAIS - Floripa Quilt","robots":{"index":"index","follow":"follow","max-snippet":"max-snippet:-1","max-image-preview":"max-image-preview:large","max-video-preview":"max-video-preview:-1"},"canonical":"https:\/\/floripaquilt.com.br\/2024\/editais\/","og_locale":"pt_BR","og_type":"article","og_title":"EDITAIS - Floripa Quilt","og_description":"J\u00e1 est\u00e3o dispon\u00edveis os Editais dos Concursos do Floripa Quilt 2024:&nbsp;Concurso de Quilts, Concurso de Arte T\u00eaxtil e Concurso de Bonecas (os) de Pano, al\u00e9m do Edital da Mostra T\u00eaxtil Infantil. Os Concursos e a Mostra, destinam-se a incentivar a confec\u00e7\u00e3o e promover a aprecia\u00e7\u00e3o de obras t\u00eaxteis, visando educar artistas e o p\u00fablico em geral, atrav\u00e9s da exposi\u00e7\u00e3o de pe\u00e7as onde a qualidade t\u00e9cnica e o aspecto visual sejam reconhecidos e no caso dos Concursos, premiados. Em 2024, as exposi\u00e7\u00f5es das obras t\u00eaxteis que participar\u00e3o dos Concursos e Mostra, ser\u00e1 realizada de 01 a 04 de maio no Centro de Eventos do Hotel SESC Cacup\u00e9, localizado na Estrada Haroldo Soares Glavan, 1670, Cacup\u00e9, Florian\u00f3polis\/SC, sempre das 10 \u00e0s 18 horas. No caso dos Concursos, haver\u00e1 o julgamento pr\u00e9vio das pe\u00e7as, atrav\u00e9s de um corpo t\u00e9cnico (Comiss\u00e3o Julgadora) gabaritado, escolhido pela Organiza\u00e7\u00e3o do Evento. A organiza\u00e7\u00e3o do evento manter\u00e1 no local destinado \u00e0s exposi\u00e7\u00f5es, pessoas capacitadas para prestarem informa\u00e7\u00f5es sobre as obras, isentando-se da responsabilidade por perdas e danos de qualquer tipo. A montagem e desmontagem das exposi\u00e7\u00f5es \u00e9 de responsabilidade da organiza\u00e7\u00e3o do Floripa Quilt. Acesse os editais:","og_url":"https:\/\/floripaquilt.com.br\/2024\/editais\/","og_site_name":"Floripa Quilt","article_modified_time":"2023-11-18T22:10:47+00:00","og_image":[{"url":"https:\/\/floripaquilt.com.br\/2024\/wp-content\/uploads\/2023\/09\/Iphone-346-768x1024.jpg","type":"","width":"","height":""}],"twitter_card":"summary_large_image","twitter_misc":{"Est. tempo de leitura":"3 minutos"},"schema":{"@context":"https:\/\/schema.org","@graph":[{"@type":"WebPage","@id":"https:\/\/floripaquilt.com.br\/2024\/editais\/","url":"https:\/\/floripaquilt.com.br\/2024\/editais\/","name":"EDITAIS - Floripa Quilt","isPartOf":{"@id":"https:\/\/floripaquilt.com.br\/2024\/#website"},"primaryImageOfPage":{"@id":"https:\/\/floripaquilt.com.br\/2024\/editais\/#primaryimage"},"image":{"@id":"https:\/\/floripaquilt.com.br\/2024\/editais\/#primaryimage"},"thumbnailUrl":"https:\/\/floripaquilt.com.br\/2024\/wp-content\/uploads\/2023\/09\/Iphone-346-768x1024.jpg","datePublished":"2023-10-01T21:57:35+00:00","dateModified":"2023-11-18T22:10:47+00:00","breadcrumb":{"@id":"https:\/\/floripaquilt.com.br\/2024\/editais\/#breadcrumb"},"inLanguage":"pt-BR","potentialAction":[{"@type":"ReadAction","target":["https:\/\/floripaquilt.com.br\/2024\/editais\/"]}]},{"@type":"ImageObject","inLanguage":"pt-BR","@id":"https:\/\/floripaquilt.com.br\/2024\/editais\/#primaryimage","url":"https:\/\/floripaquilt.com.br\/2024\/wp-content\/uploads\/2023\/09\/Iphone-346-scaled.jpg","contentUrl":"https:\/\/floripaquilt.com.br\/2024\/wp-content\/uploads\/2023\/09\/Iphone-346-scaled.jpg","width":1920,"height":2560,"caption":"Obra Premiada 2015 - Exuberante Natureza - Suzana G. Refatti"},{"@type":"BreadcrumbList","@id":"https:\/\/floripaquilt.com.br\/2024\/editais\/#breadcrumb","itemListElement":[{"@type":"ListItem","position":1,"name":"In\u00edcio","item":"https:\/\/floripaquilt.com.br\/2024\/"},{"@type":"ListItem","position":2,"name":"EDITAIS"}]},{"@type":"WebSite","@id":"https:\/\/floripaquilt.com.br\/2024\/#website","url":"https:\/\/floripaquilt.com.br\/2024\/","name":"Floripa Quilt","description":"Floripa Quilt 2024 - 11\u00ba Festival de Patchwork e Arte T\u00eaxtil","publisher":{"@id":"https:\/\/floripaquilt.com.br\/2024\/#organization"},"potentialAction":[{"@type":"SearchAction","target":{"@type":"EntryPoint","urlTemplate":"https:\/\/floripaquilt.com.br\/2024\/?s={search_term_string}"},"query-input":{"@type":"PropertyValueSpecification","valueRequired":true,"valueName":"search_term_string"}}],"inLanguage":"pt-BR"},{"@type":"Organization","@id":"https:\/\/floripaquilt.com.br\/2024\/#organization","name":"Floripa Quilt","url":"https:\/\/floripaquilt.com.br\/2024\/","logo":{"@type":"ImageObject","inLanguage":"pt-BR","@id":"https:\/\/floripaquilt.com.br\/2024\/#\/schema\/logo\/image\/","url":"https:\/\/floripaquilt.com.br\/2024\/wp-content\/uploads\/2023\/09\/cropped-IMG-logo-topo-site.png","contentUrl":"https:\/\/floripaquilt.com.br\/2024\/wp-content\/uploads\/2023\/09\/cropped-IMG-logo-topo-site.png","width":945,"height":237,"caption":"Floripa Quilt"},"image":{"@id":"https:\/\/floripaquilt.com.br\/2024\/#\/schema\/logo\/image\/"}}]}},"jetpack_sharing_enabled":true,"_links":{"self":[{"href":"https:\/\/floripaquilt.com.br\/2024\/wp-json\/wp\/v2\/pages\/8739","targetHints":{"allow":["GET"]}}],"collection":[{"href":"https:\/\/floripaquilt.com.br\/2024\/wp-json\/wp\/v2\/pages"}],"about":[{"href":"https:\/\/floripaquilt.com.br\/2024\/wp-json\/wp\/v2\/types\/page"}],"author":[{"embeddable":true,"href":"https:\/\/floripaquilt.com.br\/2024\/wp-json\/wp\/v2\/users\/29"}],"replies":[{"embeddable":true,"href":"https:\/\/floripaquilt.com.br\/2024\/wp-json\/wp\/v2\/comments?post=8739"}],"version-history":[{"count":27,"href":"https:\/\/floripaquilt.com.br\/2024\/wp-json\/wp\/v2\/pages\/8739\/revisions"}],"predecessor-version":[{"id":9458,"href":"https:\/\/floripaquilt.com.br\/2024\/wp-json\/wp\/v2\/pages\/8739\/revisions\/9458"}],"wp:attachment":[{"href":"https:\/\/floripaquilt.com.br\/2024\/wp-json\/wp\/v2\/media?parent=8739"}],"curies":[{"name":"wp","href":"https:\/\/api.w.org\/{rel}","templated":true}]}}