{"id":8701,"date":"2023-10-01T18:57:35","date_gmt":"2023-10-01T21:57:35","guid":{"rendered":"https:\/\/floripaquilt.com.br\/2024\/?page_id=8701"},"modified":"2023-10-03T13:26:32","modified_gmt":"2023-10-03T16:26:32","slug":"concurso-de-arte-textil-2","status":"publish","type":"page","link":"https:\/\/floripaquilt.com.br\/2024\/concurso-de-arte-textil-2\/","title":{"rendered":"CONCURSO DE ARTE T\u00caXTIL"},"content":{"rendered":"\n<figure class=\"wp-block-gallery has-nested-images columns-default is-cropped wp-block-gallery-1 is-layout-flex wp-block-gallery-is-layout-flex\">\n<figure class=\"wp-block-image size-large is-resized\"><img decoding=\"async\" data-id=\"9023\" src=\"https:\/\/floripaquilt.com.br\/2024\/wp-content\/uploads\/2023\/09\/tridacna-1024x654.png\" alt=\"\" class=\"wp-image-9023\" style=\"aspect-ratio:3\/2;object-fit:cover;height:200px\" height=\"200\" srcset=\"https:\/\/floripaquilt.com.br\/2024\/wp-content\/uploads\/2023\/09\/tridacna-1024x654.png 1024w, https:\/\/floripaquilt.com.br\/2024\/wp-content\/uploads\/2023\/09\/tridacna-300x191.png 300w, https:\/\/floripaquilt.com.br\/2024\/wp-content\/uploads\/2023\/09\/tridacna-768x490.png 768w, https:\/\/floripaquilt.com.br\/2024\/wp-content\/uploads\/2023\/09\/tridacna-1536x980.png 1536w, https:\/\/floripaquilt.com.br\/2024\/wp-content\/uploads\/2023\/09\/tridacna-2048x1307.png 2048w, https:\/\/floripaquilt.com.br\/2024\/wp-content\/uploads\/2023\/09\/tridacna-600x383.png 600w\" sizes=\"(max-width: 1024px) 100vw, 1024px\" \/><figcaption class=\"wp-element-caption\"><strong>Tridacna Gigas &#8211; Silvia Maria de Ara\u00fajo<\/strong><\/figcaption><\/figure>\n\n\n\n<figure class=\"wp-block-image size-large is-resized\"><img decoding=\"async\" data-id=\"9069\" src=\"https:\/\/floripaquilt.com.br\/2024\/wp-content\/uploads\/2023\/09\/cosmos-1024x875.png\" alt=\"\" class=\"wp-image-9069\" style=\"aspect-ratio:3\/2;object-fit:cover;height:200px\" height=\"200\" srcset=\"https:\/\/floripaquilt.com.br\/2024\/wp-content\/uploads\/2023\/09\/cosmos-1024x875.png 1024w, https:\/\/floripaquilt.com.br\/2024\/wp-content\/uploads\/2023\/09\/cosmos-300x256.png 300w, https:\/\/floripaquilt.com.br\/2024\/wp-content\/uploads\/2023\/09\/cosmos-768x656.png 768w, https:\/\/floripaquilt.com.br\/2024\/wp-content\/uploads\/2023\/09\/cosmos-1536x1313.png 1536w, https:\/\/floripaquilt.com.br\/2024\/wp-content\/uploads\/2023\/09\/cosmos-2048x1750.png 2048w, https:\/\/floripaquilt.com.br\/2024\/wp-content\/uploads\/2023\/09\/cosmos-600x513.png 600w\" sizes=\"(max-width: 1024px) 100vw, 1024px\" \/><figcaption class=\"wp-element-caption\"><strong>Cosmos &#8211; S\u00f4nia Salles<\/strong><\/figcaption><\/figure>\n\n\n\n<figure class=\"wp-block-image size-large is-resized\"><img decoding=\"async\" data-id=\"9068\" src=\"https:\/\/floripaquilt.com.br\/2024\/wp-content\/uploads\/2023\/09\/apu-603x1024.png\" alt=\"\" class=\"wp-image-9068\" style=\"aspect-ratio:3\/2;object-fit:cover;height:200px\" height=\"200\" srcset=\"https:\/\/floripaquilt.com.br\/2024\/wp-content\/uploads\/2023\/09\/apu-603x1024.png 603w, https:\/\/floripaquilt.com.br\/2024\/wp-content\/uploads\/2023\/09\/apu-177x300.png 177w, https:\/\/floripaquilt.com.br\/2024\/wp-content\/uploads\/2023\/09\/apu-768x1304.png 768w, https:\/\/floripaquilt.com.br\/2024\/wp-content\/uploads\/2023\/09\/apu-905x1536.png 905w, https:\/\/floripaquilt.com.br\/2024\/wp-content\/uploads\/2023\/09\/apu-1207x2048.png 1207w, https:\/\/floripaquilt.com.br\/2024\/wp-content\/uploads\/2023\/09\/apu-600x1018.png 600w\" sizes=\"(max-width: 603px) 100vw, 603px\" \/><figcaption class=\"wp-element-caption\"><strong>Apu &#8211; As Montanhas Sagradas do Peru &#8211; Silvia Rohden<\/strong><\/figcaption><\/figure>\n\n\n\n<figure class=\"wp-block-image size-large is-resized\"><img decoding=\"async\" data-id=\"9026\" src=\"https:\/\/floripaquilt.com.br\/2024\/wp-content\/uploads\/2023\/09\/FLORIPA_QUILT_FINAL_ALTA-100-683x1024.jpg\" alt=\"\" class=\"wp-image-9026\" style=\"aspect-ratio:16\/9;object-fit:cover;height:200px\" height=\"200\" srcset=\"https:\/\/floripaquilt.com.br\/2024\/wp-content\/uploads\/2023\/09\/FLORIPA_QUILT_FINAL_ALTA-100-683x1024.jpg 683w, https:\/\/floripaquilt.com.br\/2024\/wp-content\/uploads\/2023\/09\/FLORIPA_QUILT_FINAL_ALTA-100-200x300.jpg 200w, https:\/\/floripaquilt.com.br\/2024\/wp-content\/uploads\/2023\/09\/FLORIPA_QUILT_FINAL_ALTA-100-768x1152.jpg 768w, https:\/\/floripaquilt.com.br\/2024\/wp-content\/uploads\/2023\/09\/FLORIPA_QUILT_FINAL_ALTA-100-1024x1536.jpg 1024w, https:\/\/floripaquilt.com.br\/2024\/wp-content\/uploads\/2023\/09\/FLORIPA_QUILT_FINAL_ALTA-100-scaled.jpg 1707w\" sizes=\"(max-width: 683px) 100vw, 683px\" \/><figcaption class=\"wp-element-caption\"><strong>Exposi\u00e7\u00e3o &#8220;Os Arquip\u00e9lagos&#8221; &#8211; Nara Guichon<\/strong><\/figcaption><\/figure>\n<\/figure>\n\n\n\n<p class=\"has-black-color has-text-color\">O contexto das obras t\u00eaxteis \u00e9 amplo e diverso.  Buscando sempre um olhar diferenciado e percebendo o interesse de grande parte do p\u00fablico numa outra perspectiva art\u00edstica, sem o formalismo e as quest\u00f5es t\u00e9cnicas que originalmente o quilt exige, a organiza\u00e7\u00e3o optou por tipificar essa abordagem em um Concurso de Arte T\u00eaxtil. Este chamamento busca artistas que utilizem em seus trabalhos de arte, t\u00e9cnicas t\u00eaxteis em qualquer material, ou materiais t\u00eaxteis em diferentes t\u00e9cnicas. Em 2024 o evento ser\u00e1 realizado de 1 a 4 de maio no SESC, localizado na Estrada Haroldo Soares Glavan, n\u02da1670, Cacup\u00e9, Florian\u00f3polis\/SC. As inscri\u00e7\u00f5es para a primeira etapa s\u00e3o online e gratuitas, e em caso de classifica\u00e7\u00e3o, ser\u00e1 cobrada uma taxa, e como premia\u00e7\u00e3o, teremos valores em dinheiro, como forma de reconhecimento e agradecimento pela confian\u00e7a depositada no Festival.<\/p>\n\n\n\n<div class=\"wp-block-buttons is-content-justification-center is-layout-flex wp-container-core-buttons-is-layout-16018d1d wp-block-buttons-is-layout-flex\">\n<div class=\"wp-block-button has-custom-width wp-block-button__width-25 is-style-fill\"><a class=\"wp-block-button__link has-white-color has-text-color has-background wp-element-button\" href=\"http:\/\/www.floripaquilt.com.br\/2024\/concurso-de-arte-textil-3\" style=\"background-color:#6fc5ea\" target=\"_blank\" rel=\"noreferrer noopener\"><strong><mark style=\"background-color:rgba(0, 0, 0, 0)\" class=\"has-inline-color has-white-color\">Clique aqui e acesse o Edital<\/mark><\/strong><\/a><\/div>\n<\/div>\n\n\n\n<p class=\"has-black-color has-text-color\"><\/p>\n","protected":false},"excerpt":{"rendered":"<p>O contexto das obras t\u00eaxteis \u00e9 amplo e diverso. Buscando sempre um olhar diferenciado e percebendo o interesse de grande parte do p\u00fablico numa outra perspectiva art\u00edstica, sem o formalismo e as quest\u00f5es t\u00e9cnicas que originalmente o quilt exige, a organiza\u00e7\u00e3o optou por tipificar essa abordagem em um Concurso de Arte T\u00eaxtil. Este chamamento busca artistas que utilizem em seus trabalhos de arte, t\u00e9cnicas t\u00eaxteis em qualquer material, ou materiais t\u00eaxteis em diferentes t\u00e9cnicas. Em 2024 o evento ser\u00e1 realizado de 1 a 4 de maio no SESC, localizado na Estrada Haroldo Soares Glavan, n\u02da1670, Cacup\u00e9, Florian\u00f3polis\/SC. As inscri\u00e7\u00f5es para a primeira etapa s\u00e3o online e gratuitas, e em caso de classifica\u00e7\u00e3o, ser\u00e1 cobrada uma taxa, e como premia\u00e7\u00e3o, teremos valores em dinheiro, como forma de reconhecimento e agradecimento pela confian\u00e7a depositada no Festival.<\/p>\n","protected":false},"author":29,"featured_media":0,"parent":0,"menu_order":0,"comment_status":"closed","ping_status":"closed","template":"","meta":{"_monsterinsights_skip_tracking":false,"_monsterinsights_sitenote_active":false,"_monsterinsights_sitenote_note":"","_monsterinsights_sitenote_category":0,"footnotes":""},"class_list":["post-8701","page","type-page","status-publish","hentry"],"acf":[],"yoast_head":"<!-- This site is optimized with the Yoast SEO plugin v27.5 - https:\/\/yoast.com\/product\/yoast-seo-wordpress\/ -->\n<title>CONCURSO DE ARTE T\u00caXTIL - Floripa Quilt<\/title>\n<meta name=\"robots\" content=\"index, follow, max-snippet:-1, max-image-preview:large, max-video-preview:-1\" \/>\n<link rel=\"canonical\" href=\"https:\/\/floripaquilt.com.br\/2024\/concurso-de-arte-textil-2\/\" \/>\n<meta property=\"og:locale\" content=\"pt_BR\" \/>\n<meta property=\"og:type\" content=\"article\" \/>\n<meta property=\"og:title\" content=\"CONCURSO DE ARTE T\u00caXTIL - Floripa Quilt\" \/>\n<meta property=\"og:description\" content=\"O contexto das obras t\u00eaxteis \u00e9 amplo e diverso. Buscando sempre um olhar diferenciado e percebendo o interesse de grande parte do p\u00fablico numa outra perspectiva art\u00edstica, sem o formalismo e as quest\u00f5es t\u00e9cnicas que originalmente o quilt exige, a organiza\u00e7\u00e3o optou por tipificar essa abordagem em um Concurso de Arte T\u00eaxtil. Este chamamento busca artistas que utilizem em seus trabalhos de arte, t\u00e9cnicas t\u00eaxteis em qualquer material, ou materiais t\u00eaxteis em diferentes t\u00e9cnicas. Em 2024 o evento ser\u00e1 realizado de 1 a 4 de maio no SESC, localizado na Estrada Haroldo Soares Glavan, n\u02da1670, Cacup\u00e9, Florian\u00f3polis\/SC. As inscri\u00e7\u00f5es para a primeira etapa s\u00e3o online e gratuitas, e em caso de classifica\u00e7\u00e3o, ser\u00e1 cobrada uma taxa, e como premia\u00e7\u00e3o, teremos valores em dinheiro, como forma de reconhecimento e agradecimento pela confian\u00e7a depositada no Festival.\" \/>\n<meta property=\"og:url\" content=\"https:\/\/floripaquilt.com.br\/2024\/concurso-de-arte-textil-2\/\" \/>\n<meta property=\"og:site_name\" content=\"Floripa Quilt\" \/>\n<meta property=\"article:modified_time\" content=\"2023-10-03T16:26:32+00:00\" \/>\n<meta property=\"og:image\" content=\"https:\/\/floripaquilt.com.br\/2024\/wp-content\/uploads\/2023\/09\/tridacna-1024x654.png\" \/>\n<meta name=\"twitter:card\" content=\"summary_large_image\" \/>\n<meta name=\"twitter:label1\" content=\"Est. tempo de leitura\" \/>\n\t<meta name=\"twitter:data1\" content=\"2 minutos\" \/>\n<script type=\"application\/ld+json\" class=\"yoast-schema-graph\">{\"@context\":\"https:\\\/\\\/schema.org\",\"@graph\":[{\"@type\":\"WebPage\",\"@id\":\"https:\\\/\\\/floripaquilt.com.br\\\/2024\\\/concurso-de-arte-textil-2\\\/\",\"url\":\"https:\\\/\\\/floripaquilt.com.br\\\/2024\\\/concurso-de-arte-textil-2\\\/\",\"name\":\"CONCURSO DE ARTE T\u00caXTIL - Floripa Quilt\",\"isPartOf\":{\"@id\":\"https:\\\/\\\/floripaquilt.com.br\\\/2024\\\/#website\"},\"primaryImageOfPage\":{\"@id\":\"https:\\\/\\\/floripaquilt.com.br\\\/2024\\\/concurso-de-arte-textil-2\\\/#primaryimage\"},\"image\":{\"@id\":\"https:\\\/\\\/floripaquilt.com.br\\\/2024\\\/concurso-de-arte-textil-2\\\/#primaryimage\"},\"thumbnailUrl\":\"https:\\\/\\\/floripaquilt.com.br\\\/2024\\\/wp-content\\\/uploads\\\/2023\\\/09\\\/tridacna-1024x654.png\",\"datePublished\":\"2023-10-01T21:57:35+00:00\",\"dateModified\":\"2023-10-03T16:26:32+00:00\",\"breadcrumb\":{\"@id\":\"https:\\\/\\\/floripaquilt.com.br\\\/2024\\\/concurso-de-arte-textil-2\\\/#breadcrumb\"},\"inLanguage\":\"pt-BR\",\"potentialAction\":[{\"@type\":\"ReadAction\",\"target\":[\"https:\\\/\\\/floripaquilt.com.br\\\/2024\\\/concurso-de-arte-textil-2\\\/\"]}]},{\"@type\":\"ImageObject\",\"inLanguage\":\"pt-BR\",\"@id\":\"https:\\\/\\\/floripaquilt.com.br\\\/2024\\\/concurso-de-arte-textil-2\\\/#primaryimage\",\"url\":\"https:\\\/\\\/floripaquilt.com.br\\\/2024\\\/wp-content\\\/uploads\\\/2023\\\/09\\\/tridacna.png\",\"contentUrl\":\"https:\\\/\\\/floripaquilt.com.br\\\/2024\\\/wp-content\\\/uploads\\\/2023\\\/09\\\/tridacna.png\",\"width\":4186,\"height\":2672,\"caption\":\"Tridacna Gigas - Silvia Maria de Ara\u00fajo\"},{\"@type\":\"BreadcrumbList\",\"@id\":\"https:\\\/\\\/floripaquilt.com.br\\\/2024\\\/concurso-de-arte-textil-2\\\/#breadcrumb\",\"itemListElement\":[{\"@type\":\"ListItem\",\"position\":1,\"name\":\"In\u00edcio\",\"item\":\"https:\\\/\\\/floripaquilt.com.br\\\/2024\\\/\"},{\"@type\":\"ListItem\",\"position\":2,\"name\":\"CONCURSO DE ARTE T\u00caXTIL\"}]},{\"@type\":\"WebSite\",\"@id\":\"https:\\\/\\\/floripaquilt.com.br\\\/2024\\\/#website\",\"url\":\"https:\\\/\\\/floripaquilt.com.br\\\/2024\\\/\",\"name\":\"Floripa Quilt\",\"description\":\"Floripa Quilt 2024 - 11\u00ba Festival de Patchwork e Arte T\u00eaxtil\",\"publisher\":{\"@id\":\"https:\\\/\\\/floripaquilt.com.br\\\/2024\\\/#organization\"},\"potentialAction\":[{\"@type\":\"SearchAction\",\"target\":{\"@type\":\"EntryPoint\",\"urlTemplate\":\"https:\\\/\\\/floripaquilt.com.br\\\/2024\\\/?s={search_term_string}\"},\"query-input\":{\"@type\":\"PropertyValueSpecification\",\"valueRequired\":true,\"valueName\":\"search_term_string\"}}],\"inLanguage\":\"pt-BR\"},{\"@type\":\"Organization\",\"@id\":\"https:\\\/\\\/floripaquilt.com.br\\\/2024\\\/#organization\",\"name\":\"Floripa Quilt\",\"url\":\"https:\\\/\\\/floripaquilt.com.br\\\/2024\\\/\",\"logo\":{\"@type\":\"ImageObject\",\"inLanguage\":\"pt-BR\",\"@id\":\"https:\\\/\\\/floripaquilt.com.br\\\/2024\\\/#\\\/schema\\\/logo\\\/image\\\/\",\"url\":\"https:\\\/\\\/floripaquilt.com.br\\\/2024\\\/wp-content\\\/uploads\\\/2023\\\/09\\\/cropped-IMG-logo-topo-site.png\",\"contentUrl\":\"https:\\\/\\\/floripaquilt.com.br\\\/2024\\\/wp-content\\\/uploads\\\/2023\\\/09\\\/cropped-IMG-logo-topo-site.png\",\"width\":945,\"height\":237,\"caption\":\"Floripa Quilt\"},\"image\":{\"@id\":\"https:\\\/\\\/floripaquilt.com.br\\\/2024\\\/#\\\/schema\\\/logo\\\/image\\\/\"}}]}<\/script>\n<!-- \/ Yoast SEO plugin. -->","yoast_head_json":{"title":"CONCURSO DE ARTE T\u00caXTIL - Floripa Quilt","robots":{"index":"index","follow":"follow","max-snippet":"max-snippet:-1","max-image-preview":"max-image-preview:large","max-video-preview":"max-video-preview:-1"},"canonical":"https:\/\/floripaquilt.com.br\/2024\/concurso-de-arte-textil-2\/","og_locale":"pt_BR","og_type":"article","og_title":"CONCURSO DE ARTE T\u00caXTIL - Floripa Quilt","og_description":"O contexto das obras t\u00eaxteis \u00e9 amplo e diverso. Buscando sempre um olhar diferenciado e percebendo o interesse de grande parte do p\u00fablico numa outra perspectiva art\u00edstica, sem o formalismo e as quest\u00f5es t\u00e9cnicas que originalmente o quilt exige, a organiza\u00e7\u00e3o optou por tipificar essa abordagem em um Concurso de Arte T\u00eaxtil. Este chamamento busca artistas que utilizem em seus trabalhos de arte, t\u00e9cnicas t\u00eaxteis em qualquer material, ou materiais t\u00eaxteis em diferentes t\u00e9cnicas. Em 2024 o evento ser\u00e1 realizado de 1 a 4 de maio no SESC, localizado na Estrada Haroldo Soares Glavan, n\u02da1670, Cacup\u00e9, Florian\u00f3polis\/SC. As inscri\u00e7\u00f5es para a primeira etapa s\u00e3o online e gratuitas, e em caso de classifica\u00e7\u00e3o, ser\u00e1 cobrada uma taxa, e como premia\u00e7\u00e3o, teremos valores em dinheiro, como forma de reconhecimento e agradecimento pela confian\u00e7a depositada no Festival.","og_url":"https:\/\/floripaquilt.com.br\/2024\/concurso-de-arte-textil-2\/","og_site_name":"Floripa Quilt","article_modified_time":"2023-10-03T16:26:32+00:00","og_image":[{"url":"https:\/\/floripaquilt.com.br\/2024\/wp-content\/uploads\/2023\/09\/tridacna-1024x654.png","type":"","width":"","height":""}],"twitter_card":"summary_large_image","twitter_misc":{"Est. tempo de leitura":"2 minutos"},"schema":{"@context":"https:\/\/schema.org","@graph":[{"@type":"WebPage","@id":"https:\/\/floripaquilt.com.br\/2024\/concurso-de-arte-textil-2\/","url":"https:\/\/floripaquilt.com.br\/2024\/concurso-de-arte-textil-2\/","name":"CONCURSO DE ARTE T\u00caXTIL - Floripa Quilt","isPartOf":{"@id":"https:\/\/floripaquilt.com.br\/2024\/#website"},"primaryImageOfPage":{"@id":"https:\/\/floripaquilt.com.br\/2024\/concurso-de-arte-textil-2\/#primaryimage"},"image":{"@id":"https:\/\/floripaquilt.com.br\/2024\/concurso-de-arte-textil-2\/#primaryimage"},"thumbnailUrl":"https:\/\/floripaquilt.com.br\/2024\/wp-content\/uploads\/2023\/09\/tridacna-1024x654.png","datePublished":"2023-10-01T21:57:35+00:00","dateModified":"2023-10-03T16:26:32+00:00","breadcrumb":{"@id":"https:\/\/floripaquilt.com.br\/2024\/concurso-de-arte-textil-2\/#breadcrumb"},"inLanguage":"pt-BR","potentialAction":[{"@type":"ReadAction","target":["https:\/\/floripaquilt.com.br\/2024\/concurso-de-arte-textil-2\/"]}]},{"@type":"ImageObject","inLanguage":"pt-BR","@id":"https:\/\/floripaquilt.com.br\/2024\/concurso-de-arte-textil-2\/#primaryimage","url":"https:\/\/floripaquilt.com.br\/2024\/wp-content\/uploads\/2023\/09\/tridacna.png","contentUrl":"https:\/\/floripaquilt.com.br\/2024\/wp-content\/uploads\/2023\/09\/tridacna.png","width":4186,"height":2672,"caption":"Tridacna Gigas - Silvia Maria de Ara\u00fajo"},{"@type":"BreadcrumbList","@id":"https:\/\/floripaquilt.com.br\/2024\/concurso-de-arte-textil-2\/#breadcrumb","itemListElement":[{"@type":"ListItem","position":1,"name":"In\u00edcio","item":"https:\/\/floripaquilt.com.br\/2024\/"},{"@type":"ListItem","position":2,"name":"CONCURSO DE ARTE T\u00caXTIL"}]},{"@type":"WebSite","@id":"https:\/\/floripaquilt.com.br\/2024\/#website","url":"https:\/\/floripaquilt.com.br\/2024\/","name":"Floripa Quilt","description":"Floripa Quilt 2024 - 11\u00ba Festival de Patchwork e Arte T\u00eaxtil","publisher":{"@id":"https:\/\/floripaquilt.com.br\/2024\/#organization"},"potentialAction":[{"@type":"SearchAction","target":{"@type":"EntryPoint","urlTemplate":"https:\/\/floripaquilt.com.br\/2024\/?s={search_term_string}"},"query-input":{"@type":"PropertyValueSpecification","valueRequired":true,"valueName":"search_term_string"}}],"inLanguage":"pt-BR"},{"@type":"Organization","@id":"https:\/\/floripaquilt.com.br\/2024\/#organization","name":"Floripa Quilt","url":"https:\/\/floripaquilt.com.br\/2024\/","logo":{"@type":"ImageObject","inLanguage":"pt-BR","@id":"https:\/\/floripaquilt.com.br\/2024\/#\/schema\/logo\/image\/","url":"https:\/\/floripaquilt.com.br\/2024\/wp-content\/uploads\/2023\/09\/cropped-IMG-logo-topo-site.png","contentUrl":"https:\/\/floripaquilt.com.br\/2024\/wp-content\/uploads\/2023\/09\/cropped-IMG-logo-topo-site.png","width":945,"height":237,"caption":"Floripa Quilt"},"image":{"@id":"https:\/\/floripaquilt.com.br\/2024\/#\/schema\/logo\/image\/"}}]}},"jetpack_sharing_enabled":true,"_links":{"self":[{"href":"https:\/\/floripaquilt.com.br\/2024\/wp-json\/wp\/v2\/pages\/8701","targetHints":{"allow":["GET"]}}],"collection":[{"href":"https:\/\/floripaquilt.com.br\/2024\/wp-json\/wp\/v2\/pages"}],"about":[{"href":"https:\/\/floripaquilt.com.br\/2024\/wp-json\/wp\/v2\/types\/page"}],"author":[{"embeddable":true,"href":"https:\/\/floripaquilt.com.br\/2024\/wp-json\/wp\/v2\/users\/29"}],"replies":[{"embeddable":true,"href":"https:\/\/floripaquilt.com.br\/2024\/wp-json\/wp\/v2\/comments?post=8701"}],"version-history":[{"count":43,"href":"https:\/\/floripaquilt.com.br\/2024\/wp-json\/wp\/v2\/pages\/8701\/revisions"}],"predecessor-version":[{"id":9374,"href":"https:\/\/floripaquilt.com.br\/2024\/wp-json\/wp\/v2\/pages\/8701\/revisions\/9374"}],"wp:attachment":[{"href":"https:\/\/floripaquilt.com.br\/2024\/wp-json\/wp\/v2\/media?parent=8701"}],"curies":[{"name":"wp","href":"https:\/\/api.w.org\/{rel}","templated":true}]}}