{"id":8555,"date":"2023-10-01T18:57:35","date_gmt":"2023-10-01T21:57:35","guid":{"rendered":"https:\/\/floripaquilt.com.br\/2024\/?page_id=8555"},"modified":"2023-10-12T19:09:59","modified_gmt":"2023-10-12T22:09:59","slug":"concurso-de-bonecas-de-pano","status":"publish","type":"page","link":"https:\/\/floripaquilt.com.br\/2024\/concurso-de-bonecas-de-pano\/","title":{"rendered":"CONCURSO DE BONECAS (OS) DE PANO"},"content":{"rendered":"\n<figure class=\"wp-block-gallery has-nested-images columns-default is-cropped wp-block-gallery-1 is-layout-flex wp-block-gallery-is-layout-flex\">\n<figure class=\"wp-block-image size-large is-resized\"><img decoding=\"async\" data-id=\"9395\" src=\"https:\/\/floripaquilt.com.br\/2024\/wp-content\/uploads\/2023\/10\/WhatsApp-Image-2023-10-12-at-18.39.47-1024x1024.jpeg\" alt=\"\" class=\"wp-image-9395\" style=\"height:150px\" height=\"150\" srcset=\"https:\/\/floripaquilt.com.br\/2024\/wp-content\/uploads\/2023\/10\/WhatsApp-Image-2023-10-12-at-18.39.47-1024x1024.jpeg 1024w, https:\/\/floripaquilt.com.br\/2024\/wp-content\/uploads\/2023\/10\/WhatsApp-Image-2023-10-12-at-18.39.47-300x300.jpeg 300w, https:\/\/floripaquilt.com.br\/2024\/wp-content\/uploads\/2023\/10\/WhatsApp-Image-2023-10-12-at-18.39.47-150x150.jpeg 150w, https:\/\/floripaquilt.com.br\/2024\/wp-content\/uploads\/2023\/10\/WhatsApp-Image-2023-10-12-at-18.39.47-768x768.jpeg 768w, https:\/\/floripaquilt.com.br\/2024\/wp-content\/uploads\/2023\/10\/WhatsApp-Image-2023-10-12-at-18.39.47-600x600.jpeg 600w, https:\/\/floripaquilt.com.br\/2024\/wp-content\/uploads\/2023\/10\/WhatsApp-Image-2023-10-12-at-18.39.47-100x100.jpeg 100w, https:\/\/floripaquilt.com.br\/2024\/wp-content\/uploads\/2023\/10\/WhatsApp-Image-2023-10-12-at-18.39.47-400x400.jpeg 400w, https:\/\/floripaquilt.com.br\/2024\/wp-content\/uploads\/2023\/10\/WhatsApp-Image-2023-10-12-at-18.39.47.jpeg 1199w\" sizes=\"(max-width: 1024px) 100vw, 1024px\" \/><figcaption class=\"wp-element-caption\"><strong>Boneca Anjo do Ateli\u00ea &#8211; Graziella Jaspers &#8211; 1\u00aa Colocada Concurso 2023<\/strong><\/figcaption><\/figure>\n\n\n\n<figure class=\"wp-block-image size-large is-resized\"><img decoding=\"async\" data-id=\"9393\" src=\"https:\/\/floripaquilt.com.br\/2024\/wp-content\/uploads\/2023\/10\/WhatsApp-Image-2023-10-12-at-18.39.47-1-1024x1024.jpeg\" alt=\"\" class=\"wp-image-9393\" style=\"height:150px\" height=\"150\" srcset=\"https:\/\/floripaquilt.com.br\/2024\/wp-content\/uploads\/2023\/10\/WhatsApp-Image-2023-10-12-at-18.39.47-1-1024x1024.jpeg 1024w, https:\/\/floripaquilt.com.br\/2024\/wp-content\/uploads\/2023\/10\/WhatsApp-Image-2023-10-12-at-18.39.47-1-300x300.jpeg 300w, https:\/\/floripaquilt.com.br\/2024\/wp-content\/uploads\/2023\/10\/WhatsApp-Image-2023-10-12-at-18.39.47-1-150x150.jpeg 150w, https:\/\/floripaquilt.com.br\/2024\/wp-content\/uploads\/2023\/10\/WhatsApp-Image-2023-10-12-at-18.39.47-1-768x768.jpeg 768w, https:\/\/floripaquilt.com.br\/2024\/wp-content\/uploads\/2023\/10\/WhatsApp-Image-2023-10-12-at-18.39.47-1-600x600.jpeg 600w, https:\/\/floripaquilt.com.br\/2024\/wp-content\/uploads\/2023\/10\/WhatsApp-Image-2023-10-12-at-18.39.47-1-100x100.jpeg 100w, https:\/\/floripaquilt.com.br\/2024\/wp-content\/uploads\/2023\/10\/WhatsApp-Image-2023-10-12-at-18.39.47-1-400x400.jpeg 400w, https:\/\/floripaquilt.com.br\/2024\/wp-content\/uploads\/2023\/10\/WhatsApp-Image-2023-10-12-at-18.39.47-1.jpeg 1200w\" sizes=\"(max-width: 1024px) 100vw, 1024px\" \/><figcaption class=\"wp-element-caption\"><strong>Boneca Menina Costureira &#8211; Lilian Cavallari Rossato &#8211; 2\u00aa Colocada Concurso 2023<\/strong><\/figcaption><\/figure>\n\n\n\n<figure class=\"wp-block-image size-large is-resized\"><img decoding=\"async\" data-id=\"9394\" src=\"https:\/\/floripaquilt.com.br\/2024\/wp-content\/uploads\/2023\/10\/WhatsApp-Image-2023-10-12-at-18.39.47-2-1024x1024.jpeg\" alt=\"\" class=\"wp-image-9394\" style=\"height:150px\" height=\"150\" srcset=\"https:\/\/floripaquilt.com.br\/2024\/wp-content\/uploads\/2023\/10\/WhatsApp-Image-2023-10-12-at-18.39.47-2-1024x1024.jpeg 1024w, https:\/\/floripaquilt.com.br\/2024\/wp-content\/uploads\/2023\/10\/WhatsApp-Image-2023-10-12-at-18.39.47-2-300x300.jpeg 300w, https:\/\/floripaquilt.com.br\/2024\/wp-content\/uploads\/2023\/10\/WhatsApp-Image-2023-10-12-at-18.39.47-2-150x150.jpeg 150w, https:\/\/floripaquilt.com.br\/2024\/wp-content\/uploads\/2023\/10\/WhatsApp-Image-2023-10-12-at-18.39.47-2-768x768.jpeg 768w, https:\/\/floripaquilt.com.br\/2024\/wp-content\/uploads\/2023\/10\/WhatsApp-Image-2023-10-12-at-18.39.47-2-600x600.jpeg 600w, https:\/\/floripaquilt.com.br\/2024\/wp-content\/uploads\/2023\/10\/WhatsApp-Image-2023-10-12-at-18.39.47-2-100x100.jpeg 100w, https:\/\/floripaquilt.com.br\/2024\/wp-content\/uploads\/2023\/10\/WhatsApp-Image-2023-10-12-at-18.39.47-2-400x400.jpeg 400w, https:\/\/floripaquilt.com.br\/2024\/wp-content\/uploads\/2023\/10\/WhatsApp-Image-2023-10-12-at-18.39.47-2.jpeg 1200w\" sizes=\"(max-width: 1024px) 100vw, 1024px\" \/><figcaption class=\"wp-element-caption\"><strong>Boneca Oceanea &#8211; Adriana Cigognini &#8211; 3\u00aa Colocada Concurso 2023<\/strong><\/figcaption><\/figure>\n<\/figure>\n\n\n\n<p class=\"has-black-color has-text-color\">Quantas crian\u00e7as, quantas gera\u00e7\u00f5es, j\u00e1 sonharam em ter uma amiga como Em\u00edlia, a boneca falante que faz parte do imagin\u00e1rio infantil do Brasil e qui\u00e7\u00e1 do mundo, em suas brincadeiras. As bonecas de pano s\u00e3o vers\u00e1teis, l\u00fadicas e nos fazem lembrar nossa querida inf\u00e2ncia, lembrar m\u00e3e, av\u00f3, o amor as coisas simples. Dentro da perspectiva de resgate de nossa hist\u00f3ria, o Floripa Quilt quer manter a tradi\u00e7\u00e3o viva, raz\u00e3o pela qual lan\u00e7a o 2\u00ba Concurso de Bonecas(os) de Pano.<\/p>\n\n\n\n<p class=\"has-black-color has-text-color\">Bonequeiras, que tal unir o \u00fatil ao agrad\u00e1vel? O Concurso \u00e9 uma vitrine para o seu trabalho, enaltecendo-o ainda mais como uma \u00f3tima alternativa para presentes e decora\u00e7\u00f5es, al\u00e9m de matar um pouco a saudade de um mundo mais descomplicado. <strong>Queremos conhecer seu trabalho!<\/strong><\/p>\n\n\n\n<div class=\"wp-block-buttons is-content-justification-center is-layout-flex wp-container-core-buttons-is-layout-16018d1d wp-block-buttons-is-layout-flex\">\n<div class=\"wp-block-button has-custom-width wp-block-button__width-25\"><a class=\"wp-block-button__link has-white-color has-text-color has-background has-text-align-center wp-element-button\" href=\"http:\/\/www.floripaquilt.com.br\/2024\/concurso-de-boneco-a\/\" style=\"background-color:#6fc5ea\" target=\"_blank\" rel=\"noreferrer noopener\"><strong>Clique aqui e acesse o Edital<\/strong><\/a><\/div>\n<\/div>\n\n\n\n<p class=\"has-black-color has-text-color\"><\/p>\n","protected":false},"excerpt":{"rendered":"<p>Quantas crian\u00e7as, quantas gera\u00e7\u00f5es, j\u00e1 sonharam em ter uma amiga como Em\u00edlia, a boneca falante que faz parte do imagin\u00e1rio infantil do Brasil e qui\u00e7\u00e1 do mundo, em suas brincadeiras. As bonecas de pano s\u00e3o vers\u00e1teis, l\u00fadicas e nos fazem lembrar nossa querida inf\u00e2ncia, lembrar m\u00e3e, av\u00f3, o amor as coisas simples. Dentro da perspectiva de resgate de nossa hist\u00f3ria, o Floripa Quilt quer manter a tradi\u00e7\u00e3o viva, raz\u00e3o pela qual lan\u00e7a o 2\u00ba Concurso de Bonecas(os) de Pano. Bonequeiras, que tal unir o \u00fatil ao agrad\u00e1vel? O Concurso \u00e9 uma vitrine para o seu trabalho, enaltecendo-o ainda mais como uma \u00f3tima alternativa para presentes e decora\u00e7\u00f5es, al\u00e9m de matar um pouco a saudade de um mundo mais descomplicado. Queremos conhecer seu trabalho!<\/p>\n","protected":false},"author":29,"featured_media":0,"parent":0,"menu_order":0,"comment_status":"closed","ping_status":"closed","template":"","meta":{"_monsterinsights_skip_tracking":false,"_monsterinsights_sitenote_active":false,"_monsterinsights_sitenote_note":"","_monsterinsights_sitenote_category":0,"footnotes":""},"class_list":["post-8555","page","type-page","status-publish","hentry"],"acf":[],"yoast_head":"<!-- This site is optimized with the Yoast SEO plugin v27.5 - https:\/\/yoast.com\/product\/yoast-seo-wordpress\/ -->\n<title>CONCURSO DE BONECAS (OS) DE PANO - Floripa Quilt<\/title>\n<meta name=\"robots\" content=\"index, follow, max-snippet:-1, max-image-preview:large, max-video-preview:-1\" \/>\n<link rel=\"canonical\" href=\"https:\/\/floripaquilt.com.br\/2024\/concurso-de-bonecas-de-pano\/\" \/>\n<meta property=\"og:locale\" content=\"pt_BR\" \/>\n<meta property=\"og:type\" content=\"article\" \/>\n<meta property=\"og:title\" content=\"CONCURSO DE BONECAS (OS) DE PANO - Floripa Quilt\" \/>\n<meta property=\"og:description\" content=\"Quantas crian\u00e7as, quantas gera\u00e7\u00f5es, j\u00e1 sonharam em ter uma amiga como Em\u00edlia, a boneca falante que faz parte do imagin\u00e1rio infantil do Brasil e qui\u00e7\u00e1 do mundo, em suas brincadeiras. As bonecas de pano s\u00e3o vers\u00e1teis, l\u00fadicas e nos fazem lembrar nossa querida inf\u00e2ncia, lembrar m\u00e3e, av\u00f3, o amor as coisas simples. Dentro da perspectiva de resgate de nossa hist\u00f3ria, o Floripa Quilt quer manter a tradi\u00e7\u00e3o viva, raz\u00e3o pela qual lan\u00e7a o 2\u00ba Concurso de Bonecas(os) de Pano. Bonequeiras, que tal unir o \u00fatil ao agrad\u00e1vel? O Concurso \u00e9 uma vitrine para o seu trabalho, enaltecendo-o ainda mais como uma \u00f3tima alternativa para presentes e decora\u00e7\u00f5es, al\u00e9m de matar um pouco a saudade de um mundo mais descomplicado. Queremos conhecer seu trabalho!\" \/>\n<meta property=\"og:url\" content=\"https:\/\/floripaquilt.com.br\/2024\/concurso-de-bonecas-de-pano\/\" \/>\n<meta property=\"og:site_name\" content=\"Floripa Quilt\" \/>\n<meta property=\"article:modified_time\" content=\"2023-10-12T22:09:59+00:00\" \/>\n<meta property=\"og:image\" content=\"https:\/\/floripaquilt.com.br\/2024\/wp-content\/uploads\/2023\/10\/WhatsApp-Image-2023-10-12-at-18.39.47-1024x1024.jpeg\" \/>\n<meta name=\"twitter:card\" content=\"summary_large_image\" \/>\n<meta name=\"twitter:label1\" content=\"Est. tempo de leitura\" \/>\n\t<meta name=\"twitter:data1\" content=\"2 minutos\" \/>\n<script type=\"application\/ld+json\" class=\"yoast-schema-graph\">{\"@context\":\"https:\\\/\\\/schema.org\",\"@graph\":[{\"@type\":\"WebPage\",\"@id\":\"https:\\\/\\\/floripaquilt.com.br\\\/2024\\\/concurso-de-bonecas-de-pano\\\/\",\"url\":\"https:\\\/\\\/floripaquilt.com.br\\\/2024\\\/concurso-de-bonecas-de-pano\\\/\",\"name\":\"CONCURSO DE BONECAS (OS) DE PANO - Floripa Quilt\",\"isPartOf\":{\"@id\":\"https:\\\/\\\/floripaquilt.com.br\\\/2024\\\/#website\"},\"primaryImageOfPage\":{\"@id\":\"https:\\\/\\\/floripaquilt.com.br\\\/2024\\\/concurso-de-bonecas-de-pano\\\/#primaryimage\"},\"image\":{\"@id\":\"https:\\\/\\\/floripaquilt.com.br\\\/2024\\\/concurso-de-bonecas-de-pano\\\/#primaryimage\"},\"thumbnailUrl\":\"https:\\\/\\\/floripaquilt.com.br\\\/2024\\\/wp-content\\\/uploads\\\/2023\\\/10\\\/WhatsApp-Image-2023-10-12-at-18.39.47-1024x1024.jpeg\",\"datePublished\":\"2023-10-01T21:57:35+00:00\",\"dateModified\":\"2023-10-12T22:09:59+00:00\",\"breadcrumb\":{\"@id\":\"https:\\\/\\\/floripaquilt.com.br\\\/2024\\\/concurso-de-bonecas-de-pano\\\/#breadcrumb\"},\"inLanguage\":\"pt-BR\",\"potentialAction\":[{\"@type\":\"ReadAction\",\"target\":[\"https:\\\/\\\/floripaquilt.com.br\\\/2024\\\/concurso-de-bonecas-de-pano\\\/\"]}]},{\"@type\":\"ImageObject\",\"inLanguage\":\"pt-BR\",\"@id\":\"https:\\\/\\\/floripaquilt.com.br\\\/2024\\\/concurso-de-bonecas-de-pano\\\/#primaryimage\",\"url\":\"https:\\\/\\\/floripaquilt.com.br\\\/2024\\\/wp-content\\\/uploads\\\/2023\\\/10\\\/WhatsApp-Image-2023-10-12-at-18.39.47.jpeg\",\"contentUrl\":\"https:\\\/\\\/floripaquilt.com.br\\\/2024\\\/wp-content\\\/uploads\\\/2023\\\/10\\\/WhatsApp-Image-2023-10-12-at-18.39.47.jpeg\",\"width\":1199,\"height\":1199},{\"@type\":\"BreadcrumbList\",\"@id\":\"https:\\\/\\\/floripaquilt.com.br\\\/2024\\\/concurso-de-bonecas-de-pano\\\/#breadcrumb\",\"itemListElement\":[{\"@type\":\"ListItem\",\"position\":1,\"name\":\"In\u00edcio\",\"item\":\"https:\\\/\\\/floripaquilt.com.br\\\/2024\\\/\"},{\"@type\":\"ListItem\",\"position\":2,\"name\":\"CONCURSO DE BONECAS (OS) DE PANO\"}]},{\"@type\":\"WebSite\",\"@id\":\"https:\\\/\\\/floripaquilt.com.br\\\/2024\\\/#website\",\"url\":\"https:\\\/\\\/floripaquilt.com.br\\\/2024\\\/\",\"name\":\"Floripa Quilt\",\"description\":\"Floripa Quilt 2024 - 11\u00ba Festival de Patchwork e Arte T\u00eaxtil\",\"publisher\":{\"@id\":\"https:\\\/\\\/floripaquilt.com.br\\\/2024\\\/#organization\"},\"potentialAction\":[{\"@type\":\"SearchAction\",\"target\":{\"@type\":\"EntryPoint\",\"urlTemplate\":\"https:\\\/\\\/floripaquilt.com.br\\\/2024\\\/?s={search_term_string}\"},\"query-input\":{\"@type\":\"PropertyValueSpecification\",\"valueRequired\":true,\"valueName\":\"search_term_string\"}}],\"inLanguage\":\"pt-BR\"},{\"@type\":\"Organization\",\"@id\":\"https:\\\/\\\/floripaquilt.com.br\\\/2024\\\/#organization\",\"name\":\"Floripa Quilt\",\"url\":\"https:\\\/\\\/floripaquilt.com.br\\\/2024\\\/\",\"logo\":{\"@type\":\"ImageObject\",\"inLanguage\":\"pt-BR\",\"@id\":\"https:\\\/\\\/floripaquilt.com.br\\\/2024\\\/#\\\/schema\\\/logo\\\/image\\\/\",\"url\":\"https:\\\/\\\/floripaquilt.com.br\\\/2024\\\/wp-content\\\/uploads\\\/2023\\\/09\\\/cropped-IMG-logo-topo-site.png\",\"contentUrl\":\"https:\\\/\\\/floripaquilt.com.br\\\/2024\\\/wp-content\\\/uploads\\\/2023\\\/09\\\/cropped-IMG-logo-topo-site.png\",\"width\":945,\"height\":237,\"caption\":\"Floripa Quilt\"},\"image\":{\"@id\":\"https:\\\/\\\/floripaquilt.com.br\\\/2024\\\/#\\\/schema\\\/logo\\\/image\\\/\"}}]}<\/script>\n<!-- \/ Yoast SEO plugin. -->","yoast_head_json":{"title":"CONCURSO DE BONECAS (OS) DE PANO - Floripa Quilt","robots":{"index":"index","follow":"follow","max-snippet":"max-snippet:-1","max-image-preview":"max-image-preview:large","max-video-preview":"max-video-preview:-1"},"canonical":"https:\/\/floripaquilt.com.br\/2024\/concurso-de-bonecas-de-pano\/","og_locale":"pt_BR","og_type":"article","og_title":"CONCURSO DE BONECAS (OS) DE PANO - Floripa Quilt","og_description":"Quantas crian\u00e7as, quantas gera\u00e7\u00f5es, j\u00e1 sonharam em ter uma amiga como Em\u00edlia, a boneca falante que faz parte do imagin\u00e1rio infantil do Brasil e qui\u00e7\u00e1 do mundo, em suas brincadeiras. As bonecas de pano s\u00e3o vers\u00e1teis, l\u00fadicas e nos fazem lembrar nossa querida inf\u00e2ncia, lembrar m\u00e3e, av\u00f3, o amor as coisas simples. Dentro da perspectiva de resgate de nossa hist\u00f3ria, o Floripa Quilt quer manter a tradi\u00e7\u00e3o viva, raz\u00e3o pela qual lan\u00e7a o 2\u00ba Concurso de Bonecas(os) de Pano. Bonequeiras, que tal unir o \u00fatil ao agrad\u00e1vel? O Concurso \u00e9 uma vitrine para o seu trabalho, enaltecendo-o ainda mais como uma \u00f3tima alternativa para presentes e decora\u00e7\u00f5es, al\u00e9m de matar um pouco a saudade de um mundo mais descomplicado. Queremos conhecer seu trabalho!","og_url":"https:\/\/floripaquilt.com.br\/2024\/concurso-de-bonecas-de-pano\/","og_site_name":"Floripa Quilt","article_modified_time":"2023-10-12T22:09:59+00:00","og_image":[{"url":"https:\/\/floripaquilt.com.br\/2024\/wp-content\/uploads\/2023\/10\/WhatsApp-Image-2023-10-12-at-18.39.47-1024x1024.jpeg","type":"","width":"","height":""}],"twitter_card":"summary_large_image","twitter_misc":{"Est. tempo de leitura":"2 minutos"},"schema":{"@context":"https:\/\/schema.org","@graph":[{"@type":"WebPage","@id":"https:\/\/floripaquilt.com.br\/2024\/concurso-de-bonecas-de-pano\/","url":"https:\/\/floripaquilt.com.br\/2024\/concurso-de-bonecas-de-pano\/","name":"CONCURSO DE BONECAS (OS) DE PANO - Floripa Quilt","isPartOf":{"@id":"https:\/\/floripaquilt.com.br\/2024\/#website"},"primaryImageOfPage":{"@id":"https:\/\/floripaquilt.com.br\/2024\/concurso-de-bonecas-de-pano\/#primaryimage"},"image":{"@id":"https:\/\/floripaquilt.com.br\/2024\/concurso-de-bonecas-de-pano\/#primaryimage"},"thumbnailUrl":"https:\/\/floripaquilt.com.br\/2024\/wp-content\/uploads\/2023\/10\/WhatsApp-Image-2023-10-12-at-18.39.47-1024x1024.jpeg","datePublished":"2023-10-01T21:57:35+00:00","dateModified":"2023-10-12T22:09:59+00:00","breadcrumb":{"@id":"https:\/\/floripaquilt.com.br\/2024\/concurso-de-bonecas-de-pano\/#breadcrumb"},"inLanguage":"pt-BR","potentialAction":[{"@type":"ReadAction","target":["https:\/\/floripaquilt.com.br\/2024\/concurso-de-bonecas-de-pano\/"]}]},{"@type":"ImageObject","inLanguage":"pt-BR","@id":"https:\/\/floripaquilt.com.br\/2024\/concurso-de-bonecas-de-pano\/#primaryimage","url":"https:\/\/floripaquilt.com.br\/2024\/wp-content\/uploads\/2023\/10\/WhatsApp-Image-2023-10-12-at-18.39.47.jpeg","contentUrl":"https:\/\/floripaquilt.com.br\/2024\/wp-content\/uploads\/2023\/10\/WhatsApp-Image-2023-10-12-at-18.39.47.jpeg","width":1199,"height":1199},{"@type":"BreadcrumbList","@id":"https:\/\/floripaquilt.com.br\/2024\/concurso-de-bonecas-de-pano\/#breadcrumb","itemListElement":[{"@type":"ListItem","position":1,"name":"In\u00edcio","item":"https:\/\/floripaquilt.com.br\/2024\/"},{"@type":"ListItem","position":2,"name":"CONCURSO DE BONECAS (OS) DE PANO"}]},{"@type":"WebSite","@id":"https:\/\/floripaquilt.com.br\/2024\/#website","url":"https:\/\/floripaquilt.com.br\/2024\/","name":"Floripa Quilt","description":"Floripa Quilt 2024 - 11\u00ba Festival de Patchwork e Arte T\u00eaxtil","publisher":{"@id":"https:\/\/floripaquilt.com.br\/2024\/#organization"},"potentialAction":[{"@type":"SearchAction","target":{"@type":"EntryPoint","urlTemplate":"https:\/\/floripaquilt.com.br\/2024\/?s={search_term_string}"},"query-input":{"@type":"PropertyValueSpecification","valueRequired":true,"valueName":"search_term_string"}}],"inLanguage":"pt-BR"},{"@type":"Organization","@id":"https:\/\/floripaquilt.com.br\/2024\/#organization","name":"Floripa Quilt","url":"https:\/\/floripaquilt.com.br\/2024\/","logo":{"@type":"ImageObject","inLanguage":"pt-BR","@id":"https:\/\/floripaquilt.com.br\/2024\/#\/schema\/logo\/image\/","url":"https:\/\/floripaquilt.com.br\/2024\/wp-content\/uploads\/2023\/09\/cropped-IMG-logo-topo-site.png","contentUrl":"https:\/\/floripaquilt.com.br\/2024\/wp-content\/uploads\/2023\/09\/cropped-IMG-logo-topo-site.png","width":945,"height":237,"caption":"Floripa Quilt"},"image":{"@id":"https:\/\/floripaquilt.com.br\/2024\/#\/schema\/logo\/image\/"}}]}},"jetpack_sharing_enabled":true,"_links":{"self":[{"href":"https:\/\/floripaquilt.com.br\/2024\/wp-json\/wp\/v2\/pages\/8555","targetHints":{"allow":["GET"]}}],"collection":[{"href":"https:\/\/floripaquilt.com.br\/2024\/wp-json\/wp\/v2\/pages"}],"about":[{"href":"https:\/\/floripaquilt.com.br\/2024\/wp-json\/wp\/v2\/types\/page"}],"author":[{"embeddable":true,"href":"https:\/\/floripaquilt.com.br\/2024\/wp-json\/wp\/v2\/users\/29"}],"replies":[{"embeddable":true,"href":"https:\/\/floripaquilt.com.br\/2024\/wp-json\/wp\/v2\/comments?post=8555"}],"version-history":[{"count":32,"href":"https:\/\/floripaquilt.com.br\/2024\/wp-json\/wp\/v2\/pages\/8555\/revisions"}],"predecessor-version":[{"id":9400,"href":"https:\/\/floripaquilt.com.br\/2024\/wp-json\/wp\/v2\/pages\/8555\/revisions\/9400"}],"wp:attachment":[{"href":"https:\/\/floripaquilt.com.br\/2024\/wp-json\/wp\/v2\/media?parent=8555"}],"curies":[{"name":"wp","href":"https:\/\/api.w.org\/{rel}","templated":true}]}}