{"id":8553,"date":"2023-10-01T18:57:35","date_gmt":"2023-10-01T21:57:35","guid":{"rendered":"https:\/\/floripaquilt.com.br\/2024\/?page_id=8553"},"modified":"2023-10-03T13:27:38","modified_gmt":"2023-10-03T16:27:38","slug":"concurso-de-arte-textil","status":"publish","type":"page","link":"https:\/\/floripaquilt.com.br\/2024\/concurso-de-arte-textil\/","title":{"rendered":"CONCURSO DE QUILTS"},"content":{"rendered":"\n<figure class=\"wp-block-gallery has-nested-images columns-default is-cropped wp-block-gallery-1 is-layout-flex wp-block-gallery-is-layout-flex\">\n<figure class=\"wp-block-image size-large is-resized\"><img decoding=\"async\" data-id=\"8946\" src=\"https:\/\/floripaquilt.com.br\/2024\/wp-content\/uploads\/2023\/09\/MWJX7012-1-768x1024.jpg\" alt=\"\" class=\"wp-image-8946\" style=\"aspect-ratio:3\/2;object-fit:cover;height:200px\" height=\"200\" srcset=\"https:\/\/floripaquilt.com.br\/2024\/wp-content\/uploads\/2023\/09\/MWJX7012-1-768x1024.jpg 768w, https:\/\/floripaquilt.com.br\/2024\/wp-content\/uploads\/2023\/09\/MWJX7012-1-225x300.jpg 225w, https:\/\/floripaquilt.com.br\/2024\/wp-content\/uploads\/2023\/09\/MWJX7012-1-600x800.jpg 600w, https:\/\/floripaquilt.com.br\/2024\/wp-content\/uploads\/2023\/09\/MWJX7012-1.jpg 960w\" sizes=\"(max-width: 768px) 100vw, 768px\" \/><figcaption class=\"wp-element-caption\"><strong>Julgamento Concurso de Quilts 2018<\/strong><\/figcaption><\/figure>\n\n\n\n<figure class=\"wp-block-image size-large is-resized\"><img decoding=\"async\" data-id=\"9024\" src=\"https:\/\/floripaquilt.com.br\/2024\/wp-content\/uploads\/2023\/09\/sunbonnet-1024x1024.png\" alt=\"\" class=\"wp-image-9024\" style=\"aspect-ratio:3\/2;object-fit:cover;height:200px\" height=\"200\" srcset=\"https:\/\/floripaquilt.com.br\/2024\/wp-content\/uploads\/2023\/09\/sunbonnet-1024x1024.png 1024w, https:\/\/floripaquilt.com.br\/2024\/wp-content\/uploads\/2023\/09\/sunbonnet-300x300.png 300w, https:\/\/floripaquilt.com.br\/2024\/wp-content\/uploads\/2023\/09\/sunbonnet-150x150.png 150w, https:\/\/floripaquilt.com.br\/2024\/wp-content\/uploads\/2023\/09\/sunbonnet-768x768.png 768w, https:\/\/floripaquilt.com.br\/2024\/wp-content\/uploads\/2023\/09\/sunbonnet-1536x1536.png 1536w, https:\/\/floripaquilt.com.br\/2024\/wp-content\/uploads\/2023\/09\/sunbonnet-2048x2048.png 2048w, https:\/\/floripaquilt.com.br\/2024\/wp-content\/uploads\/2023\/09\/sunbonnet-600x600.png 600w, https:\/\/floripaquilt.com.br\/2024\/wp-content\/uploads\/2023\/09\/sunbonnet-100x100.png 100w, https:\/\/floripaquilt.com.br\/2024\/wp-content\/uploads\/2023\/09\/sunbonnet-400x400.png 400w\" sizes=\"(max-width: 1024px) 100vw, 1024px\" \/><figcaption class=\"wp-element-caption\"><strong>Sunbonett e Seu Mundo Fant\u00e1stico &#8211; Rosa M. F. S. Faria &#8211; Melhor do Show 2023<\/strong><\/figcaption><\/figure>\n\n\n\n<figure class=\"wp-block-image size-large is-resized\"><img decoding=\"async\" data-id=\"9022\" src=\"https:\/\/floripaquilt.com.br\/2024\/wp-content\/uploads\/2023\/09\/DSCN1265-1024x768.jpg\" alt=\"\" class=\"wp-image-9022\" style=\"aspect-ratio:3\/2;object-fit:cover;height:200px\" height=\"200\" srcset=\"https:\/\/floripaquilt.com.br\/2024\/wp-content\/uploads\/2023\/09\/DSCN1265-1024x768.jpg 1024w, https:\/\/floripaquilt.com.br\/2024\/wp-content\/uploads\/2023\/09\/DSCN1265-300x225.jpg 300w, https:\/\/floripaquilt.com.br\/2024\/wp-content\/uploads\/2023\/09\/DSCN1265-768x576.jpg 768w, https:\/\/floripaquilt.com.br\/2024\/wp-content\/uploads\/2023\/09\/DSCN1265-1536x1152.jpg 1536w, https:\/\/floripaquilt.com.br\/2024\/wp-content\/uploads\/2023\/09\/DSCN1265-2048x1536.jpg 2048w, https:\/\/floripaquilt.com.br\/2024\/wp-content\/uploads\/2023\/09\/DSCN1265-600x450.jpg 600w\" sizes=\"(max-width: 1024px) 100vw, 1024px\" \/><figcaption class=\"wp-element-caption\"><strong>Julgamento Concurso de Quilts 2019<\/strong><\/figcaption><\/figure>\n\n\n\n<figure class=\"wp-block-image size-large is-resized\"><img decoding=\"async\" data-id=\"9025\" src=\"https:\/\/floripaquilt.com.br\/2024\/wp-content\/uploads\/2023\/09\/quilt_060516_02-1024x682.jpg\" alt=\"\" class=\"wp-image-9025\" style=\"aspect-ratio:16\/9;object-fit:cover;height:200px\" height=\"200\" srcset=\"https:\/\/floripaquilt.com.br\/2024\/wp-content\/uploads\/2023\/09\/quilt_060516_02-1024x682.jpg 1024w, https:\/\/floripaquilt.com.br\/2024\/wp-content\/uploads\/2023\/09\/quilt_060516_02-300x200.jpg 300w, https:\/\/floripaquilt.com.br\/2024\/wp-content\/uploads\/2023\/09\/quilt_060516_02-768x512.jpg 768w, https:\/\/floripaquilt.com.br\/2024\/wp-content\/uploads\/2023\/09\/quilt_060516_02-1536x1024.jpg 1536w, https:\/\/floripaquilt.com.br\/2024\/wp-content\/uploads\/2023\/09\/quilt_060516_02-2048x1365.jpg 2048w, https:\/\/floripaquilt.com.br\/2024\/wp-content\/uploads\/2023\/09\/quilt_060516_02-600x400.jpg 600w\" sizes=\"(max-width: 1024px) 100vw, 1024px\" \/><figcaption class=\"wp-element-caption\"><strong>Exposi\u00e7\u00e3o Concurso de Quilts 2016<\/strong><\/figcaption><\/figure>\n<\/figure>\n\n\n\n<p class=\"has-black-color has-text-color\">Uma das meninas dos olhos do Floripa Quilt \u00e9 a exposi\u00e7\u00e3o do Concurso de Quilts. Na \u00faltima edi\u00e7\u00e3o, 34 trabalhos foram inscritos e ajudaram a colorir as paredes do evento. De diferentes tamanhos com diversas t\u00e9cnicas e demonstrando uma variedade de fazeres, as pe\u00e7as despertaram os olhares de quem, muitas vezes, nem sabia que ia encontr\u00e1-las em meio aos espa\u00e7os da feira. Em 2024, queremos manter essa tradi\u00e7\u00e3o viva, e incentivamos voc\u00ea a participar!<\/p>\n\n\n\n<p class=\"has-black-color has-text-color\">J\u00e1 pensou ver seu trabalho em uma exposi\u00e7\u00e3o art\u00edstica? Podendo ver sua dedica\u00e7\u00e3o materializada em meio a tantos obras de quem voc\u00ea admira? <strong>Vem compartilhar seu talento com a gente!<\/strong> O Concurso \u00e9 um espa\u00e7o democr\u00e1tico que recebe inscri\u00e7\u00f5es de profissionais t\u00eaxteis reconhecidas no mercado, mas tamb\u00e9m \u00e9 uma porta de entrada para novos talentos. <\/p>\n\n\n\n<div class=\"wp-block-buttons is-content-justification-center is-layout-flex wp-container-core-buttons-is-layout-16018d1d wp-block-buttons-is-layout-flex\">\n<div class=\"wp-block-button has-custom-width wp-block-button__width-25\"><a class=\"wp-block-button__link has-white-color has-text-color has-background wp-element-button\" href=\"http:\/\/www.floripaquilt.com.br\/2024\/regulamentoquilts\/\" style=\"background-color:#6fc5ea\" target=\"_blank\" rel=\"noreferrer noopener\"><strong>Clique aqui e acesse o Edital<\/strong><\/a><\/div>\n<\/div>\n\n\n\n<p class=\"has-black-color has-text-color\"><\/p>\n","protected":false},"excerpt":{"rendered":"<p>Uma das meninas dos olhos do Floripa Quilt \u00e9 a exposi\u00e7\u00e3o do Concurso de Quilts. Na \u00faltima edi\u00e7\u00e3o, 34 trabalhos foram inscritos e ajudaram a colorir as paredes do evento. De diferentes tamanhos com diversas t\u00e9cnicas e demonstrando uma variedade de fazeres, as pe\u00e7as despertaram os olhares de quem, muitas vezes, nem sabia que ia encontr\u00e1-las em meio aos espa\u00e7os da feira. Em 2024, queremos manter essa tradi\u00e7\u00e3o viva, e incentivamos voc\u00ea a participar! J\u00e1 pensou ver seu trabalho em uma exposi\u00e7\u00e3o art\u00edstica? Podendo ver sua dedica\u00e7\u00e3o materializada em meio a tantos obras de quem voc\u00ea admira? Vem compartilhar seu talento com a gente! O Concurso \u00e9 um espa\u00e7o democr\u00e1tico que recebe inscri\u00e7\u00f5es de profissionais t\u00eaxteis reconhecidas no mercado, mas tamb\u00e9m \u00e9 uma porta de entrada para novos talentos.<\/p>\n","protected":false},"author":29,"featured_media":0,"parent":0,"menu_order":0,"comment_status":"closed","ping_status":"closed","template":"","meta":{"_monsterinsights_skip_tracking":false,"_monsterinsights_sitenote_active":false,"_monsterinsights_sitenote_note":"","_monsterinsights_sitenote_category":0,"footnotes":""},"class_list":["post-8553","page","type-page","status-publish","hentry"],"acf":[],"yoast_head":"<!-- This site is optimized with the Yoast SEO plugin v27.5 - https:\/\/yoast.com\/product\/yoast-seo-wordpress\/ -->\n<title>CONCURSO DE QUILTS - Floripa Quilt<\/title>\n<meta name=\"robots\" content=\"index, follow, max-snippet:-1, max-image-preview:large, max-video-preview:-1\" \/>\n<link rel=\"canonical\" href=\"https:\/\/floripaquilt.com.br\/2024\/concurso-de-arte-textil\/\" \/>\n<meta property=\"og:locale\" content=\"pt_BR\" \/>\n<meta property=\"og:type\" content=\"article\" \/>\n<meta property=\"og:title\" content=\"CONCURSO DE QUILTS - Floripa Quilt\" \/>\n<meta property=\"og:description\" content=\"Uma das meninas dos olhos do Floripa Quilt \u00e9 a exposi\u00e7\u00e3o do Concurso de Quilts. Na \u00faltima edi\u00e7\u00e3o, 34 trabalhos foram inscritos e ajudaram a colorir as paredes do evento. De diferentes tamanhos com diversas t\u00e9cnicas e demonstrando uma variedade de fazeres, as pe\u00e7as despertaram os olhares de quem, muitas vezes, nem sabia que ia encontr\u00e1-las em meio aos espa\u00e7os da feira. Em 2024, queremos manter essa tradi\u00e7\u00e3o viva, e incentivamos voc\u00ea a participar! J\u00e1 pensou ver seu trabalho em uma exposi\u00e7\u00e3o art\u00edstica? Podendo ver sua dedica\u00e7\u00e3o materializada em meio a tantos obras de quem voc\u00ea admira? Vem compartilhar seu talento com a gente! O Concurso \u00e9 um espa\u00e7o democr\u00e1tico que recebe inscri\u00e7\u00f5es de profissionais t\u00eaxteis reconhecidas no mercado, mas tamb\u00e9m \u00e9 uma porta de entrada para novos talentos.\" \/>\n<meta property=\"og:url\" content=\"https:\/\/floripaquilt.com.br\/2024\/concurso-de-arte-textil\/\" \/>\n<meta property=\"og:site_name\" content=\"Floripa Quilt\" \/>\n<meta property=\"article:modified_time\" content=\"2023-10-03T16:27:38+00:00\" \/>\n<meta property=\"og:image\" content=\"https:\/\/floripaquilt.com.br\/2024\/wp-content\/uploads\/2023\/09\/MWJX7012-1-768x1024.jpg\" \/>\n<meta name=\"twitter:card\" content=\"summary_large_image\" \/>\n<meta name=\"twitter:label1\" content=\"Est. tempo de leitura\" \/>\n\t<meta name=\"twitter:data1\" content=\"2 minutos\" \/>\n<script type=\"application\/ld+json\" class=\"yoast-schema-graph\">{\"@context\":\"https:\\\/\\\/schema.org\",\"@graph\":[{\"@type\":\"WebPage\",\"@id\":\"https:\\\/\\\/floripaquilt.com.br\\\/2024\\\/concurso-de-arte-textil\\\/\",\"url\":\"https:\\\/\\\/floripaquilt.com.br\\\/2024\\\/concurso-de-arte-textil\\\/\",\"name\":\"CONCURSO DE QUILTS - Floripa Quilt\",\"isPartOf\":{\"@id\":\"https:\\\/\\\/floripaquilt.com.br\\\/2024\\\/#website\"},\"primaryImageOfPage\":{\"@id\":\"https:\\\/\\\/floripaquilt.com.br\\\/2024\\\/concurso-de-arte-textil\\\/#primaryimage\"},\"image\":{\"@id\":\"https:\\\/\\\/floripaquilt.com.br\\\/2024\\\/concurso-de-arte-textil\\\/#primaryimage\"},\"thumbnailUrl\":\"https:\\\/\\\/floripaquilt.com.br\\\/2024\\\/wp-content\\\/uploads\\\/2023\\\/09\\\/MWJX7012-1-768x1024.jpg\",\"datePublished\":\"2023-10-01T21:57:35+00:00\",\"dateModified\":\"2023-10-03T16:27:38+00:00\",\"breadcrumb\":{\"@id\":\"https:\\\/\\\/floripaquilt.com.br\\\/2024\\\/concurso-de-arte-textil\\\/#breadcrumb\"},\"inLanguage\":\"pt-BR\",\"potentialAction\":[{\"@type\":\"ReadAction\",\"target\":[\"https:\\\/\\\/floripaquilt.com.br\\\/2024\\\/concurso-de-arte-textil\\\/\"]}]},{\"@type\":\"ImageObject\",\"inLanguage\":\"pt-BR\",\"@id\":\"https:\\\/\\\/floripaquilt.com.br\\\/2024\\\/concurso-de-arte-textil\\\/#primaryimage\",\"url\":\"https:\\\/\\\/floripaquilt.com.br\\\/2024\\\/wp-content\\\/uploads\\\/2023\\\/09\\\/MWJX7012-1.jpg\",\"contentUrl\":\"https:\\\/\\\/floripaquilt.com.br\\\/2024\\\/wp-content\\\/uploads\\\/2023\\\/09\\\/MWJX7012-1.jpg\",\"width\":960,\"height\":1280,\"caption\":\"Julgamento Concurso de Quilts 2018\"},{\"@type\":\"BreadcrumbList\",\"@id\":\"https:\\\/\\\/floripaquilt.com.br\\\/2024\\\/concurso-de-arte-textil\\\/#breadcrumb\",\"itemListElement\":[{\"@type\":\"ListItem\",\"position\":1,\"name\":\"In\u00edcio\",\"item\":\"https:\\\/\\\/floripaquilt.com.br\\\/2024\\\/\"},{\"@type\":\"ListItem\",\"position\":2,\"name\":\"CONCURSO DE QUILTS\"}]},{\"@type\":\"WebSite\",\"@id\":\"https:\\\/\\\/floripaquilt.com.br\\\/2024\\\/#website\",\"url\":\"https:\\\/\\\/floripaquilt.com.br\\\/2024\\\/\",\"name\":\"Floripa Quilt\",\"description\":\"Floripa Quilt 2024 - 11\u00ba Festival de Patchwork e Arte T\u00eaxtil\",\"publisher\":{\"@id\":\"https:\\\/\\\/floripaquilt.com.br\\\/2024\\\/#organization\"},\"potentialAction\":[{\"@type\":\"SearchAction\",\"target\":{\"@type\":\"EntryPoint\",\"urlTemplate\":\"https:\\\/\\\/floripaquilt.com.br\\\/2024\\\/?s={search_term_string}\"},\"query-input\":{\"@type\":\"PropertyValueSpecification\",\"valueRequired\":true,\"valueName\":\"search_term_string\"}}],\"inLanguage\":\"pt-BR\"},{\"@type\":\"Organization\",\"@id\":\"https:\\\/\\\/floripaquilt.com.br\\\/2024\\\/#organization\",\"name\":\"Floripa Quilt\",\"url\":\"https:\\\/\\\/floripaquilt.com.br\\\/2024\\\/\",\"logo\":{\"@type\":\"ImageObject\",\"inLanguage\":\"pt-BR\",\"@id\":\"https:\\\/\\\/floripaquilt.com.br\\\/2024\\\/#\\\/schema\\\/logo\\\/image\\\/\",\"url\":\"https:\\\/\\\/floripaquilt.com.br\\\/2024\\\/wp-content\\\/uploads\\\/2023\\\/09\\\/cropped-IMG-logo-topo-site.png\",\"contentUrl\":\"https:\\\/\\\/floripaquilt.com.br\\\/2024\\\/wp-content\\\/uploads\\\/2023\\\/09\\\/cropped-IMG-logo-topo-site.png\",\"width\":945,\"height\":237,\"caption\":\"Floripa Quilt\"},\"image\":{\"@id\":\"https:\\\/\\\/floripaquilt.com.br\\\/2024\\\/#\\\/schema\\\/logo\\\/image\\\/\"}}]}<\/script>\n<!-- \/ Yoast SEO plugin. -->","yoast_head_json":{"title":"CONCURSO DE QUILTS - Floripa Quilt","robots":{"index":"index","follow":"follow","max-snippet":"max-snippet:-1","max-image-preview":"max-image-preview:large","max-video-preview":"max-video-preview:-1"},"canonical":"https:\/\/floripaquilt.com.br\/2024\/concurso-de-arte-textil\/","og_locale":"pt_BR","og_type":"article","og_title":"CONCURSO DE QUILTS - Floripa Quilt","og_description":"Uma das meninas dos olhos do Floripa Quilt \u00e9 a exposi\u00e7\u00e3o do Concurso de Quilts. Na \u00faltima edi\u00e7\u00e3o, 34 trabalhos foram inscritos e ajudaram a colorir as paredes do evento. De diferentes tamanhos com diversas t\u00e9cnicas e demonstrando uma variedade de fazeres, as pe\u00e7as despertaram os olhares de quem, muitas vezes, nem sabia que ia encontr\u00e1-las em meio aos espa\u00e7os da feira. Em 2024, queremos manter essa tradi\u00e7\u00e3o viva, e incentivamos voc\u00ea a participar! J\u00e1 pensou ver seu trabalho em uma exposi\u00e7\u00e3o art\u00edstica? Podendo ver sua dedica\u00e7\u00e3o materializada em meio a tantos obras de quem voc\u00ea admira? Vem compartilhar seu talento com a gente! O Concurso \u00e9 um espa\u00e7o democr\u00e1tico que recebe inscri\u00e7\u00f5es de profissionais t\u00eaxteis reconhecidas no mercado, mas tamb\u00e9m \u00e9 uma porta de entrada para novos talentos.","og_url":"https:\/\/floripaquilt.com.br\/2024\/concurso-de-arte-textil\/","og_site_name":"Floripa Quilt","article_modified_time":"2023-10-03T16:27:38+00:00","og_image":[{"url":"https:\/\/floripaquilt.com.br\/2024\/wp-content\/uploads\/2023\/09\/MWJX7012-1-768x1024.jpg","type":"","width":"","height":""}],"twitter_card":"summary_large_image","twitter_misc":{"Est. tempo de leitura":"2 minutos"},"schema":{"@context":"https:\/\/schema.org","@graph":[{"@type":"WebPage","@id":"https:\/\/floripaquilt.com.br\/2024\/concurso-de-arte-textil\/","url":"https:\/\/floripaquilt.com.br\/2024\/concurso-de-arte-textil\/","name":"CONCURSO DE QUILTS - Floripa Quilt","isPartOf":{"@id":"https:\/\/floripaquilt.com.br\/2024\/#website"},"primaryImageOfPage":{"@id":"https:\/\/floripaquilt.com.br\/2024\/concurso-de-arte-textil\/#primaryimage"},"image":{"@id":"https:\/\/floripaquilt.com.br\/2024\/concurso-de-arte-textil\/#primaryimage"},"thumbnailUrl":"https:\/\/floripaquilt.com.br\/2024\/wp-content\/uploads\/2023\/09\/MWJX7012-1-768x1024.jpg","datePublished":"2023-10-01T21:57:35+00:00","dateModified":"2023-10-03T16:27:38+00:00","breadcrumb":{"@id":"https:\/\/floripaquilt.com.br\/2024\/concurso-de-arte-textil\/#breadcrumb"},"inLanguage":"pt-BR","potentialAction":[{"@type":"ReadAction","target":["https:\/\/floripaquilt.com.br\/2024\/concurso-de-arte-textil\/"]}]},{"@type":"ImageObject","inLanguage":"pt-BR","@id":"https:\/\/floripaquilt.com.br\/2024\/concurso-de-arte-textil\/#primaryimage","url":"https:\/\/floripaquilt.com.br\/2024\/wp-content\/uploads\/2023\/09\/MWJX7012-1.jpg","contentUrl":"https:\/\/floripaquilt.com.br\/2024\/wp-content\/uploads\/2023\/09\/MWJX7012-1.jpg","width":960,"height":1280,"caption":"Julgamento Concurso de Quilts 2018"},{"@type":"BreadcrumbList","@id":"https:\/\/floripaquilt.com.br\/2024\/concurso-de-arte-textil\/#breadcrumb","itemListElement":[{"@type":"ListItem","position":1,"name":"In\u00edcio","item":"https:\/\/floripaquilt.com.br\/2024\/"},{"@type":"ListItem","position":2,"name":"CONCURSO DE QUILTS"}]},{"@type":"WebSite","@id":"https:\/\/floripaquilt.com.br\/2024\/#website","url":"https:\/\/floripaquilt.com.br\/2024\/","name":"Floripa Quilt","description":"Floripa Quilt 2024 - 11\u00ba Festival de Patchwork e Arte T\u00eaxtil","publisher":{"@id":"https:\/\/floripaquilt.com.br\/2024\/#organization"},"potentialAction":[{"@type":"SearchAction","target":{"@type":"EntryPoint","urlTemplate":"https:\/\/floripaquilt.com.br\/2024\/?s={search_term_string}"},"query-input":{"@type":"PropertyValueSpecification","valueRequired":true,"valueName":"search_term_string"}}],"inLanguage":"pt-BR"},{"@type":"Organization","@id":"https:\/\/floripaquilt.com.br\/2024\/#organization","name":"Floripa Quilt","url":"https:\/\/floripaquilt.com.br\/2024\/","logo":{"@type":"ImageObject","inLanguage":"pt-BR","@id":"https:\/\/floripaquilt.com.br\/2024\/#\/schema\/logo\/image\/","url":"https:\/\/floripaquilt.com.br\/2024\/wp-content\/uploads\/2023\/09\/cropped-IMG-logo-topo-site.png","contentUrl":"https:\/\/floripaquilt.com.br\/2024\/wp-content\/uploads\/2023\/09\/cropped-IMG-logo-topo-site.png","width":945,"height":237,"caption":"Floripa Quilt"},"image":{"@id":"https:\/\/floripaquilt.com.br\/2024\/#\/schema\/logo\/image\/"}}]}},"jetpack_sharing_enabled":true,"_links":{"self":[{"href":"https:\/\/floripaquilt.com.br\/2024\/wp-json\/wp\/v2\/pages\/8553","targetHints":{"allow":["GET"]}}],"collection":[{"href":"https:\/\/floripaquilt.com.br\/2024\/wp-json\/wp\/v2\/pages"}],"about":[{"href":"https:\/\/floripaquilt.com.br\/2024\/wp-json\/wp\/v2\/types\/page"}],"author":[{"embeddable":true,"href":"https:\/\/floripaquilt.com.br\/2024\/wp-json\/wp\/v2\/users\/29"}],"replies":[{"embeddable":true,"href":"https:\/\/floripaquilt.com.br\/2024\/wp-json\/wp\/v2\/comments?post=8553"}],"version-history":[{"count":27,"href":"https:\/\/floripaquilt.com.br\/2024\/wp-json\/wp\/v2\/pages\/8553\/revisions"}],"predecessor-version":[{"id":10177,"href":"https:\/\/floripaquilt.com.br\/2024\/wp-json\/wp\/v2\/pages\/8553\/revisions\/10177"}],"wp:attachment":[{"href":"https:\/\/floripaquilt.com.br\/2024\/wp-json\/wp\/v2\/media?parent=8553"}],"curies":[{"name":"wp","href":"https:\/\/api.w.org\/{rel}","templated":true}]}}