{"id":7432,"date":"2023-10-01T18:54:55","date_gmt":"2023-10-01T21:54:55","guid":{"rendered":"https:\/\/floripaquilt.com.br\/2024\/?page_id=7432"},"modified":"2024-03-01T15:30:01","modified_gmt":"2024-03-01T18:30:01","slug":"hospedagem","status":"publish","type":"page","link":"https:\/\/floripaquilt.com.br\/2024\/hospedagem\/","title":{"rendered":"HOSPEDAGEM"},"content":{"rendered":"\n<figure class=\"wp-block-image size-large\"><img loading=\"lazy\" decoding=\"async\" width=\"1024\" height=\"718\" src=\"https:\/\/floripaquilt.com.br\/2024\/wp-content\/uploads\/2024\/02\/INTERCITY-1024x718.jpg\" alt=\"\" class=\"wp-image-9964\" srcset=\"https:\/\/floripaquilt.com.br\/2024\/wp-content\/uploads\/2024\/02\/INTERCITY-1024x718.jpg 1024w, https:\/\/floripaquilt.com.br\/2024\/wp-content\/uploads\/2024\/02\/INTERCITY-300x210.jpg 300w, https:\/\/floripaquilt.com.br\/2024\/wp-content\/uploads\/2024\/02\/INTERCITY-768x538.jpg 768w, https:\/\/floripaquilt.com.br\/2024\/wp-content\/uploads\/2024\/02\/INTERCITY-1536x1076.jpg 1536w, https:\/\/floripaquilt.com.br\/2024\/wp-content\/uploads\/2024\/02\/INTERCITY-2048x1435.jpg 2048w, https:\/\/floripaquilt.com.br\/2024\/wp-content\/uploads\/2024\/02\/INTERCITY-600x420.jpg 600w\" sizes=\"auto, (max-width: 1024px) 100vw, 1024px\" \/><\/figure>\n\n\n\n<p class=\"has-black-color has-text-color has-link-color wp-elements-1188db78c22ccc631888dd0281c54506\"><strong>Vimos informar que o Hotel SESC Cacup\u00e9, nosso parceiro de longa data, est\u00e1 com sua lota\u00e7\u00e3o completa para o per\u00edodo do evento. <\/strong><\/p>\n\n\n\n<p class=\"has-text-align-left has-black-color has-text-color has-link-color wp-elements-14b583adc3e37dc232ce4eb307785c32\">Outrossim, em virtude do ocorrido e buscando atender nosso p\u00fablico, firmamos tamb\u00e9m uma parceria com o <strong>Intercity Hotel Portofino Florian\u00f3polis (SC-401)<\/strong>, bem pr\u00f3ximo ao local do evento. Ser\u00e1 ofertado 22% de desconto da tarifa base do dia, sendo que n\u00e3o ser\u00e1 cumulativo com os descontos j\u00e1 existente no site. <\/p>\n\n\n\n<p class=\"has-text-align-left has-black-color has-text-color has-link-color has-medium-font-size wp-elements-31391bedbb6a8a173540516358c24d98\"><br><strong><span style=\"text-decoration: underline;\">Para usufruir o desconto ofertado, as reservas devem ser efetuadas somente via e-mail:<\/span><\/strong>  <strong>reservas.portofino@intercityhoteis.com.br<\/strong><\/p>\n\n\n\n<p class=\"has-black-color has-text-color has-link-color has-medium-font-size wp-elements-fe555ad7f28d14f1691d77d46159a02d\">O c\u00f3digo promocional para as reservas com desconto ser\u00e1: <strong>QUILT<\/strong><\/p>\n\n\n\n<p class=\"has-black-color has-text-color has-link-color wp-elements-cf07d8dffaa158c6b11eda1408b37ba2\">Os valores podem ser divididos em 03 vezes sem juros no cart\u00e3o de cr\u00e9dito.<\/p>\n\n\n\n<p class=\"has-black-color has-text-color\"><\/p>\n","protected":false},"excerpt":{"rendered":"<p>Vimos informar que o Hotel SESC Cacup\u00e9, nosso parceiro de longa data, est\u00e1 com sua lota\u00e7\u00e3o completa para o per\u00edodo do evento. Outrossim, em virtude do ocorrido e buscando atender nosso p\u00fablico, firmamos tamb\u00e9m uma parceria com o Intercity Hotel Portofino Florian\u00f3polis (SC-401), bem pr\u00f3ximo ao local do evento. Ser\u00e1 ofertado 22% de desconto da tarifa base do dia, sendo que n\u00e3o ser\u00e1 cumulativo com os descontos j\u00e1 existente no site. Para usufruir o desconto ofertado, as reservas devem ser efetuadas somente via e-mail: reservas.portofino@intercityhoteis.com.br O c\u00f3digo promocional para as reservas com desconto ser\u00e1: QUILT Os valores podem ser divididos em 03 vezes sem juros no cart\u00e3o de cr\u00e9dito.<\/p>\n","protected":false},"author":29,"featured_media":0,"parent":0,"menu_order":0,"comment_status":"closed","ping_status":"closed","template":"","meta":{"_monsterinsights_skip_tracking":false,"_monsterinsights_sitenote_active":false,"_monsterinsights_sitenote_note":"","_monsterinsights_sitenote_category":0,"footnotes":""},"class_list":["post-7432","page","type-page","status-publish","hentry"],"acf":[],"yoast_head":"<!-- This site is optimized with the Yoast SEO plugin v27.5 - https:\/\/yoast.com\/product\/yoast-seo-wordpress\/ -->\n<title>HOSPEDAGEM - Floripa Quilt<\/title>\n<meta name=\"robots\" content=\"index, follow, max-snippet:-1, max-image-preview:large, max-video-preview:-1\" \/>\n<link rel=\"canonical\" href=\"https:\/\/floripaquilt.com.br\/2024\/hospedagem\/\" \/>\n<meta property=\"og:locale\" content=\"pt_BR\" \/>\n<meta property=\"og:type\" content=\"article\" \/>\n<meta property=\"og:title\" content=\"HOSPEDAGEM - Floripa Quilt\" \/>\n<meta property=\"og:description\" content=\"Vimos informar que o Hotel SESC Cacup\u00e9, nosso parceiro de longa data, est\u00e1 com sua lota\u00e7\u00e3o completa para o per\u00edodo do evento. Outrossim, em virtude do ocorrido e buscando atender nosso p\u00fablico, firmamos tamb\u00e9m uma parceria com o Intercity Hotel Portofino Florian\u00f3polis (SC-401), bem pr\u00f3ximo ao local do evento. Ser\u00e1 ofertado 22% de desconto da tarifa base do dia, sendo que n\u00e3o ser\u00e1 cumulativo com os descontos j\u00e1 existente no site. Para usufruir o desconto ofertado, as reservas devem ser efetuadas somente via e-mail: reservas.portofino@intercityhoteis.com.br O c\u00f3digo promocional para as reservas com desconto ser\u00e1: QUILT Os valores podem ser divididos em 03 vezes sem juros no cart\u00e3o de cr\u00e9dito.\" \/>\n<meta property=\"og:url\" content=\"https:\/\/floripaquilt.com.br\/2024\/hospedagem\/\" \/>\n<meta property=\"og:site_name\" content=\"Floripa Quilt\" \/>\n<meta property=\"article:modified_time\" content=\"2024-03-01T18:30:01+00:00\" \/>\n<meta property=\"og:image\" content=\"https:\/\/floripaquilt.com.br\/2024\/wp-content\/uploads\/2024\/02\/INTERCITY-1024x718.jpg\" \/>\n<meta name=\"twitter:card\" content=\"summary_large_image\" \/>\n<meta name=\"twitter:label1\" content=\"Est. tempo de leitura\" \/>\n\t<meta name=\"twitter:data1\" content=\"1 minuto\" \/>\n<script type=\"application\/ld+json\" class=\"yoast-schema-graph\">{\"@context\":\"https:\\\/\\\/schema.org\",\"@graph\":[{\"@type\":\"WebPage\",\"@id\":\"https:\\\/\\\/floripaquilt.com.br\\\/2024\\\/hospedagem\\\/\",\"url\":\"https:\\\/\\\/floripaquilt.com.br\\\/2024\\\/hospedagem\\\/\",\"name\":\"HOSPEDAGEM - Floripa Quilt\",\"isPartOf\":{\"@id\":\"https:\\\/\\\/floripaquilt.com.br\\\/2024\\\/#website\"},\"primaryImageOfPage\":{\"@id\":\"https:\\\/\\\/floripaquilt.com.br\\\/2024\\\/hospedagem\\\/#primaryimage\"},\"image\":{\"@id\":\"https:\\\/\\\/floripaquilt.com.br\\\/2024\\\/hospedagem\\\/#primaryimage\"},\"thumbnailUrl\":\"https:\\\/\\\/floripaquilt.com.br\\\/2024\\\/wp-content\\\/uploads\\\/2024\\\/02\\\/INTERCITY-1024x718.jpg\",\"datePublished\":\"2023-10-01T21:54:55+00:00\",\"dateModified\":\"2024-03-01T18:30:01+00:00\",\"breadcrumb\":{\"@id\":\"https:\\\/\\\/floripaquilt.com.br\\\/2024\\\/hospedagem\\\/#breadcrumb\"},\"inLanguage\":\"pt-BR\",\"potentialAction\":[{\"@type\":\"ReadAction\",\"target\":[\"https:\\\/\\\/floripaquilt.com.br\\\/2024\\\/hospedagem\\\/\"]}]},{\"@type\":\"ImageObject\",\"inLanguage\":\"pt-BR\",\"@id\":\"https:\\\/\\\/floripaquilt.com.br\\\/2024\\\/hospedagem\\\/#primaryimage\",\"url\":\"https:\\\/\\\/floripaquilt.com.br\\\/2024\\\/wp-content\\\/uploads\\\/2024\\\/02\\\/INTERCITY-scaled.jpg\",\"contentUrl\":\"https:\\\/\\\/floripaquilt.com.br\\\/2024\\\/wp-content\\\/uploads\\\/2024\\\/02\\\/INTERCITY-scaled.jpg\",\"width\":2560,\"height\":1794},{\"@type\":\"BreadcrumbList\",\"@id\":\"https:\\\/\\\/floripaquilt.com.br\\\/2024\\\/hospedagem\\\/#breadcrumb\",\"itemListElement\":[{\"@type\":\"ListItem\",\"position\":1,\"name\":\"In\u00edcio\",\"item\":\"https:\\\/\\\/floripaquilt.com.br\\\/2024\\\/\"},{\"@type\":\"ListItem\",\"position\":2,\"name\":\"HOSPEDAGEM\"}]},{\"@type\":\"WebSite\",\"@id\":\"https:\\\/\\\/floripaquilt.com.br\\\/2024\\\/#website\",\"url\":\"https:\\\/\\\/floripaquilt.com.br\\\/2024\\\/\",\"name\":\"Floripa Quilt\",\"description\":\"Floripa Quilt 2024 - 11\u00ba Festival de Patchwork e Arte T\u00eaxtil\",\"publisher\":{\"@id\":\"https:\\\/\\\/floripaquilt.com.br\\\/2024\\\/#organization\"},\"potentialAction\":[{\"@type\":\"SearchAction\",\"target\":{\"@type\":\"EntryPoint\",\"urlTemplate\":\"https:\\\/\\\/floripaquilt.com.br\\\/2024\\\/?s={search_term_string}\"},\"query-input\":{\"@type\":\"PropertyValueSpecification\",\"valueRequired\":true,\"valueName\":\"search_term_string\"}}],\"inLanguage\":\"pt-BR\"},{\"@type\":\"Organization\",\"@id\":\"https:\\\/\\\/floripaquilt.com.br\\\/2024\\\/#organization\",\"name\":\"Floripa Quilt\",\"url\":\"https:\\\/\\\/floripaquilt.com.br\\\/2024\\\/\",\"logo\":{\"@type\":\"ImageObject\",\"inLanguage\":\"pt-BR\",\"@id\":\"https:\\\/\\\/floripaquilt.com.br\\\/2024\\\/#\\\/schema\\\/logo\\\/image\\\/\",\"url\":\"https:\\\/\\\/floripaquilt.com.br\\\/2024\\\/wp-content\\\/uploads\\\/2023\\\/09\\\/cropped-IMG-logo-topo-site.png\",\"contentUrl\":\"https:\\\/\\\/floripaquilt.com.br\\\/2024\\\/wp-content\\\/uploads\\\/2023\\\/09\\\/cropped-IMG-logo-topo-site.png\",\"width\":945,\"height\":237,\"caption\":\"Floripa Quilt\"},\"image\":{\"@id\":\"https:\\\/\\\/floripaquilt.com.br\\\/2024\\\/#\\\/schema\\\/logo\\\/image\\\/\"}}]}<\/script>\n<!-- \/ Yoast SEO plugin. -->","yoast_head_json":{"title":"HOSPEDAGEM - Floripa Quilt","robots":{"index":"index","follow":"follow","max-snippet":"max-snippet:-1","max-image-preview":"max-image-preview:large","max-video-preview":"max-video-preview:-1"},"canonical":"https:\/\/floripaquilt.com.br\/2024\/hospedagem\/","og_locale":"pt_BR","og_type":"article","og_title":"HOSPEDAGEM - Floripa Quilt","og_description":"Vimos informar que o Hotel SESC Cacup\u00e9, nosso parceiro de longa data, est\u00e1 com sua lota\u00e7\u00e3o completa para o per\u00edodo do evento. Outrossim, em virtude do ocorrido e buscando atender nosso p\u00fablico, firmamos tamb\u00e9m uma parceria com o Intercity Hotel Portofino Florian\u00f3polis (SC-401), bem pr\u00f3ximo ao local do evento. Ser\u00e1 ofertado 22% de desconto da tarifa base do dia, sendo que n\u00e3o ser\u00e1 cumulativo com os descontos j\u00e1 existente no site. Para usufruir o desconto ofertado, as reservas devem ser efetuadas somente via e-mail: reservas.portofino@intercityhoteis.com.br O c\u00f3digo promocional para as reservas com desconto ser\u00e1: QUILT Os valores podem ser divididos em 03 vezes sem juros no cart\u00e3o de cr\u00e9dito.","og_url":"https:\/\/floripaquilt.com.br\/2024\/hospedagem\/","og_site_name":"Floripa Quilt","article_modified_time":"2024-03-01T18:30:01+00:00","og_image":[{"url":"https:\/\/floripaquilt.com.br\/2024\/wp-content\/uploads\/2024\/02\/INTERCITY-1024x718.jpg","type":"","width":"","height":""}],"twitter_card":"summary_large_image","twitter_misc":{"Est. tempo de leitura":"1 minuto"},"schema":{"@context":"https:\/\/schema.org","@graph":[{"@type":"WebPage","@id":"https:\/\/floripaquilt.com.br\/2024\/hospedagem\/","url":"https:\/\/floripaquilt.com.br\/2024\/hospedagem\/","name":"HOSPEDAGEM - Floripa Quilt","isPartOf":{"@id":"https:\/\/floripaquilt.com.br\/2024\/#website"},"primaryImageOfPage":{"@id":"https:\/\/floripaquilt.com.br\/2024\/hospedagem\/#primaryimage"},"image":{"@id":"https:\/\/floripaquilt.com.br\/2024\/hospedagem\/#primaryimage"},"thumbnailUrl":"https:\/\/floripaquilt.com.br\/2024\/wp-content\/uploads\/2024\/02\/INTERCITY-1024x718.jpg","datePublished":"2023-10-01T21:54:55+00:00","dateModified":"2024-03-01T18:30:01+00:00","breadcrumb":{"@id":"https:\/\/floripaquilt.com.br\/2024\/hospedagem\/#breadcrumb"},"inLanguage":"pt-BR","potentialAction":[{"@type":"ReadAction","target":["https:\/\/floripaquilt.com.br\/2024\/hospedagem\/"]}]},{"@type":"ImageObject","inLanguage":"pt-BR","@id":"https:\/\/floripaquilt.com.br\/2024\/hospedagem\/#primaryimage","url":"https:\/\/floripaquilt.com.br\/2024\/wp-content\/uploads\/2024\/02\/INTERCITY-scaled.jpg","contentUrl":"https:\/\/floripaquilt.com.br\/2024\/wp-content\/uploads\/2024\/02\/INTERCITY-scaled.jpg","width":2560,"height":1794},{"@type":"BreadcrumbList","@id":"https:\/\/floripaquilt.com.br\/2024\/hospedagem\/#breadcrumb","itemListElement":[{"@type":"ListItem","position":1,"name":"In\u00edcio","item":"https:\/\/floripaquilt.com.br\/2024\/"},{"@type":"ListItem","position":2,"name":"HOSPEDAGEM"}]},{"@type":"WebSite","@id":"https:\/\/floripaquilt.com.br\/2024\/#website","url":"https:\/\/floripaquilt.com.br\/2024\/","name":"Floripa Quilt","description":"Floripa Quilt 2024 - 11\u00ba Festival de Patchwork e Arte T\u00eaxtil","publisher":{"@id":"https:\/\/floripaquilt.com.br\/2024\/#organization"},"potentialAction":[{"@type":"SearchAction","target":{"@type":"EntryPoint","urlTemplate":"https:\/\/floripaquilt.com.br\/2024\/?s={search_term_string}"},"query-input":{"@type":"PropertyValueSpecification","valueRequired":true,"valueName":"search_term_string"}}],"inLanguage":"pt-BR"},{"@type":"Organization","@id":"https:\/\/floripaquilt.com.br\/2024\/#organization","name":"Floripa Quilt","url":"https:\/\/floripaquilt.com.br\/2024\/","logo":{"@type":"ImageObject","inLanguage":"pt-BR","@id":"https:\/\/floripaquilt.com.br\/2024\/#\/schema\/logo\/image\/","url":"https:\/\/floripaquilt.com.br\/2024\/wp-content\/uploads\/2023\/09\/cropped-IMG-logo-topo-site.png","contentUrl":"https:\/\/floripaquilt.com.br\/2024\/wp-content\/uploads\/2023\/09\/cropped-IMG-logo-topo-site.png","width":945,"height":237,"caption":"Floripa Quilt"},"image":{"@id":"https:\/\/floripaquilt.com.br\/2024\/#\/schema\/logo\/image\/"}}]}},"jetpack_sharing_enabled":true,"_links":{"self":[{"href":"https:\/\/floripaquilt.com.br\/2024\/wp-json\/wp\/v2\/pages\/7432","targetHints":{"allow":["GET"]}}],"collection":[{"href":"https:\/\/floripaquilt.com.br\/2024\/wp-json\/wp\/v2\/pages"}],"about":[{"href":"https:\/\/floripaquilt.com.br\/2024\/wp-json\/wp\/v2\/types\/page"}],"author":[{"embeddable":true,"href":"https:\/\/floripaquilt.com.br\/2024\/wp-json\/wp\/v2\/users\/29"}],"replies":[{"embeddable":true,"href":"https:\/\/floripaquilt.com.br\/2024\/wp-json\/wp\/v2\/comments?post=7432"}],"version-history":[{"count":40,"href":"https:\/\/floripaquilt.com.br\/2024\/wp-json\/wp\/v2\/pages\/7432\/revisions"}],"predecessor-version":[{"id":9979,"href":"https:\/\/floripaquilt.com.br\/2024\/wp-json\/wp\/v2\/pages\/7432\/revisions\/9979"}],"wp:attachment":[{"href":"https:\/\/floripaquilt.com.br\/2024\/wp-json\/wp\/v2\/media?parent=7432"}],"curies":[{"name":"wp","href":"https:\/\/api.w.org\/{rel}","templated":true}]}}