{"id":2,"date":"2016-10-21T20:24:04","date_gmt":"2016-10-21T22:24:04","guid":{"rendered":"http:\/\/floripaquilt.com.br\/site\/?page_id=2"},"modified":"2024-03-20T21:16:13","modified_gmt":"2024-03-21T00:16:13","slug":"caravana","status":"publish","type":"page","link":"https:\/\/floripaquilt.com.br\/2024\/caravana\/","title":{"rendered":"CARAVANAS"},"content":{"rendered":"<p><span style=\"color: #000000;\"><strong>Floripa Quilt<\/strong>, um Festival que vem crescendo e construindo hist\u00f3rias a cada ano&#8230;<\/span><\/p>\n<p><span style=\"color: #000000;\">Uma feira de excel\u00eancia na arte t\u00eaxtil, contando com expositores de todo o Brasil, cursos e oficinas com professoras renomadas nacional e internacionalmente, concursos, mostras, rodas de conversas e uma vasta programa\u00e7\u00e3o para o seu deleite. Um evento que proporciona trocas de experi\u00eancias, aprofundamento do senso cr\u00edtico e o que de melhor e mais novo existe no universo do patchwork e arte t\u00eaxtil.<\/span><\/p>\n<p><span style=\"color: #000000;\">Monte sua caravana e junte-se a n\u00f3s!<\/span><\/p>\n<p><span style=\"color: #000000;\"><strong>INFORMA\u00c7\u00d5ES:<\/strong><\/span><strong><span style=\"color: #000000;\">\u00a0 \u00a0 \u00a0 \u00a0 \u00a0 \u00a0 \u00a0 \u00a0 \u00a0<\/span> \u00a0 \u00a0 \u00a0 \u00a0 \u00a0 \u00a0 \u00a0 \u00a0 \u00a0 \u00a0 \u00a0 \u00a0 \u00a0 \u00a0<\/strong><\/p>\n<ul>\n<li><span style=\"color: #000000;\">M\u00ednimo para confirmar a caravana 10 pessoas.<\/span><\/li>\n<li><span style=\"color: #000000;\">Al\u00e9m da gratuidade, as caravanas tem direito a brindes, desde que cadastradas at\u00e9 25\/04\/2024 atrav\u00e9s do formul\u00e1rio de inscri\u00e7\u00e3o abaixo.<\/span><\/li>\n<li><span style=\"color: #000000;\">As caravanas ter\u00e3o um guich\u00ea exclusivo para a retirada dos brindes a ser realizada pelo respons\u00e1vel da caravana \u2013 s\u00f3 ser\u00e1 atendido o respons\u00e1vel.<\/span><\/li>\n<li><span style=\"color: #000000;\">As organizadoras ganham um kit especial da organiza\u00e7\u00e3o do evento.<\/span><\/li>\n<li><span style=\"color: #000000;\"><span style=\"color: #ff0000;\"><span style=\"color: #000000;\">A cada 10 (dez) pessoas cadastradas, \u00e9 entregue pela organiza\u00e7\u00e3o do evento um brinde para ser sorteado<\/span> <span style=\"color: #000000;\">entre o grupo.<\/span><\/span><\/span><\/li>\n<li><span style=\"color: #000000;\">O motorista tamb\u00e9m \u00e9 agraciado com um mimo.<\/span><\/li>\n<\/ul>\n<p><span style=\"color: #000000;\"><strong>INSCRI\u00c7\u00c3O:<\/strong><\/span><\/p>\n<p><strong><span style=\"color: #000000;\">Para inscrever a sua caravana e garantir os benef\u00edcios, pedimos que o respons\u00e1vel<\/span>\u00a0<span style=\"color: #ff0000;\"><a style=\"color: #ff0000;\" href=\"https:\/\/docs.google.com\/forms\/d\/e\/1FAIpQLSeOb-u0sBzg_6tMrDHkDBpQb3IN1lDW_TyZYn34J2sG3_bwnw\/viewform?usp=sharing\" target=\"_blank\" rel=\"noopener noreferrer\">clique aqui<\/a><\/span> <span style=\"color: #000000;\">e preencha o formul\u00e1rio de inscri\u00e7\u00e3o ou acesse: <a style=\"color: #000000;\" href=\"https:\/\/docs.google.com\/forms\/d\/e\/1FAIpQLSeOb-u0sBzg_6tMrDHkDBpQb3IN1lDW_TyZYn34J2sG3_bwnw\/viewform?usp=sharing\" target=\"_blank\" rel=\"noopener\">https:\/\/forms.gle\/MCceKMrbC2jd2x3T9<\/a><\/span><\/strong><\/p>\n<p><span style=\"color: #000000;\"><em style=\"font-size: revert;\"><strong>Assim que voc\u00ea enviar o formul\u00e1rio a sua caravana ser\u00e1 confirmada e os brindes ser\u00e3o reservados para retirada nos dias do evento.<\/strong><\/em><\/span><\/p>\n<p><span style=\"color: #000000;\"><em style=\"font-size: revert;\"><strong><em>Estamos contando os dias para o nosso encontro! Um abra\u00e7o e at\u00e9 l\u00e1.<\/em><\/strong><\/em><\/span><\/p>\n\n\n<p><strong><mark style=\"background-color:rgba(0, 0, 0, 0)\" class=\"has-inline-color has-black-color\">Equipe Floripa Quilt<\/mark><\/strong><\/p>\n\n\n\n<p><\/p>\n","protected":false},"excerpt":{"rendered":"<p>Floripa Quilt, um Festival que vem crescendo e construindo hist\u00f3rias a cada ano&#8230; Uma feira de excel\u00eancia na arte t\u00eaxtil, contando com expositores de todo o Brasil, cursos e oficinas com professoras renomadas nacional e internacionalmente, concursos, mostras, rodas de conversas e uma vasta programa\u00e7\u00e3o para o seu deleite. Um evento que proporciona trocas de experi\u00eancias, aprofundamento do senso cr\u00edtico e o que de melhor e mais novo existe no universo do patchwork e arte t\u00eaxtil. Monte sua caravana e junte-se a n\u00f3s! INFORMA\u00c7\u00d5ES:\u00a0 \u00a0 \u00a0 \u00a0 \u00a0 \u00a0 \u00a0 \u00a0 \u00a0 \u00a0 \u00a0 \u00a0 \u00a0 \u00a0 \u00a0 \u00a0 \u00a0 \u00a0 \u00a0 \u00a0 \u00a0 \u00a0 \u00a0 M\u00ednimo para confirmar a caravana 10 pessoas. Al\u00e9m da gratuidade, as caravanas tem direito a brindes, desde que cadastradas at\u00e9 25\/04\/2024 atrav\u00e9s do formul\u00e1rio de inscri\u00e7\u00e3o abaixo. As caravanas ter\u00e3o um guich\u00ea exclusivo para a retirada dos brindes a ser realizada pelo respons\u00e1vel da caravana \u2013 s\u00f3 ser\u00e1 atendido o respons\u00e1vel. As organizadoras ganham um kit especial da organiza\u00e7\u00e3o do evento. A cada 10 (dez) pessoas cadastradas, \u00e9 entregue pela organiza\u00e7\u00e3o do evento um brinde para ser sorteado entre o grupo. O motorista tamb\u00e9m \u00e9 agraciado com um mimo. INSCRI\u00c7\u00c3O: Para inscrever a sua caravana e garantir os benef\u00edcios, pedimos que o respons\u00e1vel\u00a0clique aqui e preencha o formul\u00e1rio de inscri\u00e7\u00e3o ou acesse: https:\/\/forms.gle\/MCceKMrbC2jd2x3T9 Assim que voc\u00ea enviar o formul\u00e1rio a sua caravana ser\u00e1 confirmada e os brindes ser\u00e3o reservados para retirada nos dias do evento. Estamos contando os dias para o nosso encontro! Um abra\u00e7o e at\u00e9 l\u00e1. Equipe Floripa Quilt<\/p>\n","protected":false},"author":1,"featured_media":0,"parent":0,"menu_order":0,"comment_status":"closed","ping_status":"open","template":"","meta":{"_monsterinsights_skip_tracking":false,"_monsterinsights_sitenote_active":false,"_monsterinsights_sitenote_note":"","_monsterinsights_sitenote_category":0,"footnotes":""},"class_list":["post-2","page","type-page","status-publish","hentry"],"acf":[],"yoast_head":"<!-- This site is optimized with the Yoast SEO plugin v27.5 - https:\/\/yoast.com\/product\/yoast-seo-wordpress\/ -->\n<title>CARAVANAS - Floripa Quilt<\/title>\n<meta name=\"robots\" content=\"index, follow, max-snippet:-1, max-image-preview:large, max-video-preview:-1\" \/>\n<link rel=\"canonical\" href=\"https:\/\/floripaquilt.com.br\/2024\/caravana\/\" \/>\n<meta property=\"og:locale\" content=\"pt_BR\" \/>\n<meta property=\"og:type\" content=\"article\" \/>\n<meta property=\"og:title\" content=\"CARAVANAS - Floripa Quilt\" \/>\n<meta property=\"og:description\" content=\"Floripa Quilt, um Festival que vem crescendo e construindo hist\u00f3rias a cada ano&#8230; Uma feira de excel\u00eancia na arte t\u00eaxtil, contando com expositores de todo o Brasil, cursos e oficinas com professoras renomadas nacional e internacionalmente, concursos, mostras, rodas de conversas e uma vasta programa\u00e7\u00e3o para o seu deleite. Um evento que proporciona trocas de experi\u00eancias, aprofundamento do senso cr\u00edtico e o que de melhor e mais novo existe no universo do patchwork e arte t\u00eaxtil. Monte sua caravana e junte-se a n\u00f3s! INFORMA\u00c7\u00d5ES:\u00a0 \u00a0 \u00a0 \u00a0 \u00a0 \u00a0 \u00a0 \u00a0 \u00a0 \u00a0 \u00a0 \u00a0 \u00a0 \u00a0 \u00a0 \u00a0 \u00a0 \u00a0 \u00a0 \u00a0 \u00a0 \u00a0 \u00a0 M\u00ednimo para confirmar a caravana 10 pessoas. Al\u00e9m da gratuidade, as caravanas tem direito a brindes, desde que cadastradas at\u00e9 25\/04\/2024 atrav\u00e9s do formul\u00e1rio de inscri\u00e7\u00e3o abaixo. As caravanas ter\u00e3o um guich\u00ea exclusivo para a retirada dos brindes a ser realizada pelo respons\u00e1vel da caravana \u2013 s\u00f3 ser\u00e1 atendido o respons\u00e1vel. As organizadoras ganham um kit especial da organiza\u00e7\u00e3o do evento. A cada 10 (dez) pessoas cadastradas, \u00e9 entregue pela organiza\u00e7\u00e3o do evento um brinde para ser sorteado entre o grupo. O motorista tamb\u00e9m \u00e9 agraciado com um mimo. INSCRI\u00c7\u00c3O: Para inscrever a sua caravana e garantir os benef\u00edcios, pedimos que o respons\u00e1vel\u00a0clique aqui e preencha o formul\u00e1rio de inscri\u00e7\u00e3o ou acesse: https:\/\/forms.gle\/MCceKMrbC2jd2x3T9 Assim que voc\u00ea enviar o formul\u00e1rio a sua caravana ser\u00e1 confirmada e os brindes ser\u00e3o reservados para retirada nos dias do evento. Estamos contando os dias para o nosso encontro! Um abra\u00e7o e at\u00e9 l\u00e1. Equipe Floripa Quilt\" \/>\n<meta property=\"og:url\" content=\"https:\/\/floripaquilt.com.br\/2024\/caravana\/\" \/>\n<meta property=\"og:site_name\" content=\"Floripa Quilt\" \/>\n<meta property=\"article:modified_time\" content=\"2024-03-21T00:16:13+00:00\" \/>\n<meta name=\"twitter:card\" content=\"summary_large_image\" \/>\n<meta name=\"twitter:label1\" content=\"Est. tempo de leitura\" \/>\n\t<meta name=\"twitter:data1\" content=\"2 minutos\" \/>\n<script type=\"application\/ld+json\" class=\"yoast-schema-graph\">{\"@context\":\"https:\\\/\\\/schema.org\",\"@graph\":[{\"@type\":\"WebPage\",\"@id\":\"https:\\\/\\\/floripaquilt.com.br\\\/2024\\\/caravana\\\/\",\"url\":\"https:\\\/\\\/floripaquilt.com.br\\\/2024\\\/caravana\\\/\",\"name\":\"CARAVANAS - Floripa Quilt\",\"isPartOf\":{\"@id\":\"https:\\\/\\\/floripaquilt.com.br\\\/2024\\\/#website\"},\"datePublished\":\"2016-10-21T22:24:04+00:00\",\"dateModified\":\"2024-03-21T00:16:13+00:00\",\"breadcrumb\":{\"@id\":\"https:\\\/\\\/floripaquilt.com.br\\\/2024\\\/caravana\\\/#breadcrumb\"},\"inLanguage\":\"pt-BR\",\"potentialAction\":[{\"@type\":\"ReadAction\",\"target\":[\"https:\\\/\\\/floripaquilt.com.br\\\/2024\\\/caravana\\\/\"]}]},{\"@type\":\"BreadcrumbList\",\"@id\":\"https:\\\/\\\/floripaquilt.com.br\\\/2024\\\/caravana\\\/#breadcrumb\",\"itemListElement\":[{\"@type\":\"ListItem\",\"position\":1,\"name\":\"In\u00edcio\",\"item\":\"https:\\\/\\\/floripaquilt.com.br\\\/2024\\\/\"},{\"@type\":\"ListItem\",\"position\":2,\"name\":\"CARAVANAS\"}]},{\"@type\":\"WebSite\",\"@id\":\"https:\\\/\\\/floripaquilt.com.br\\\/2024\\\/#website\",\"url\":\"https:\\\/\\\/floripaquilt.com.br\\\/2024\\\/\",\"name\":\"Floripa Quilt\",\"description\":\"Floripa Quilt 2024 - 11\u00ba Festival de Patchwork e Arte T\u00eaxtil\",\"publisher\":{\"@id\":\"https:\\\/\\\/floripaquilt.com.br\\\/2024\\\/#organization\"},\"potentialAction\":[{\"@type\":\"SearchAction\",\"target\":{\"@type\":\"EntryPoint\",\"urlTemplate\":\"https:\\\/\\\/floripaquilt.com.br\\\/2024\\\/?s={search_term_string}\"},\"query-input\":{\"@type\":\"PropertyValueSpecification\",\"valueRequired\":true,\"valueName\":\"search_term_string\"}}],\"inLanguage\":\"pt-BR\"},{\"@type\":\"Organization\",\"@id\":\"https:\\\/\\\/floripaquilt.com.br\\\/2024\\\/#organization\",\"name\":\"Floripa Quilt\",\"url\":\"https:\\\/\\\/floripaquilt.com.br\\\/2024\\\/\",\"logo\":{\"@type\":\"ImageObject\",\"inLanguage\":\"pt-BR\",\"@id\":\"https:\\\/\\\/floripaquilt.com.br\\\/2024\\\/#\\\/schema\\\/logo\\\/image\\\/\",\"url\":\"https:\\\/\\\/floripaquilt.com.br\\\/2024\\\/wp-content\\\/uploads\\\/2023\\\/09\\\/cropped-IMG-logo-topo-site.png\",\"contentUrl\":\"https:\\\/\\\/floripaquilt.com.br\\\/2024\\\/wp-content\\\/uploads\\\/2023\\\/09\\\/cropped-IMG-logo-topo-site.png\",\"width\":945,\"height\":237,\"caption\":\"Floripa Quilt\"},\"image\":{\"@id\":\"https:\\\/\\\/floripaquilt.com.br\\\/2024\\\/#\\\/schema\\\/logo\\\/image\\\/\"}}]}<\/script>\n<!-- \/ Yoast SEO plugin. -->","yoast_head_json":{"title":"CARAVANAS - Floripa Quilt","robots":{"index":"index","follow":"follow","max-snippet":"max-snippet:-1","max-image-preview":"max-image-preview:large","max-video-preview":"max-video-preview:-1"},"canonical":"https:\/\/floripaquilt.com.br\/2024\/caravana\/","og_locale":"pt_BR","og_type":"article","og_title":"CARAVANAS - Floripa Quilt","og_description":"Floripa Quilt, um Festival que vem crescendo e construindo hist\u00f3rias a cada ano&#8230; Uma feira de excel\u00eancia na arte t\u00eaxtil, contando com expositores de todo o Brasil, cursos e oficinas com professoras renomadas nacional e internacionalmente, concursos, mostras, rodas de conversas e uma vasta programa\u00e7\u00e3o para o seu deleite. Um evento que proporciona trocas de experi\u00eancias, aprofundamento do senso cr\u00edtico e o que de melhor e mais novo existe no universo do patchwork e arte t\u00eaxtil. Monte sua caravana e junte-se a n\u00f3s! INFORMA\u00c7\u00d5ES:\u00a0 \u00a0 \u00a0 \u00a0 \u00a0 \u00a0 \u00a0 \u00a0 \u00a0 \u00a0 \u00a0 \u00a0 \u00a0 \u00a0 \u00a0 \u00a0 \u00a0 \u00a0 \u00a0 \u00a0 \u00a0 \u00a0 \u00a0 M\u00ednimo para confirmar a caravana 10 pessoas. Al\u00e9m da gratuidade, as caravanas tem direito a brindes, desde que cadastradas at\u00e9 25\/04\/2024 atrav\u00e9s do formul\u00e1rio de inscri\u00e7\u00e3o abaixo. As caravanas ter\u00e3o um guich\u00ea exclusivo para a retirada dos brindes a ser realizada pelo respons\u00e1vel da caravana \u2013 s\u00f3 ser\u00e1 atendido o respons\u00e1vel. As organizadoras ganham um kit especial da organiza\u00e7\u00e3o do evento. A cada 10 (dez) pessoas cadastradas, \u00e9 entregue pela organiza\u00e7\u00e3o do evento um brinde para ser sorteado entre o grupo. O motorista tamb\u00e9m \u00e9 agraciado com um mimo. INSCRI\u00c7\u00c3O: Para inscrever a sua caravana e garantir os benef\u00edcios, pedimos que o respons\u00e1vel\u00a0clique aqui e preencha o formul\u00e1rio de inscri\u00e7\u00e3o ou acesse: https:\/\/forms.gle\/MCceKMrbC2jd2x3T9 Assim que voc\u00ea enviar o formul\u00e1rio a sua caravana ser\u00e1 confirmada e os brindes ser\u00e3o reservados para retirada nos dias do evento. Estamos contando os dias para o nosso encontro! Um abra\u00e7o e at\u00e9 l\u00e1. Equipe Floripa Quilt","og_url":"https:\/\/floripaquilt.com.br\/2024\/caravana\/","og_site_name":"Floripa Quilt","article_modified_time":"2024-03-21T00:16:13+00:00","twitter_card":"summary_large_image","twitter_misc":{"Est. tempo de leitura":"2 minutos"},"schema":{"@context":"https:\/\/schema.org","@graph":[{"@type":"WebPage","@id":"https:\/\/floripaquilt.com.br\/2024\/caravana\/","url":"https:\/\/floripaquilt.com.br\/2024\/caravana\/","name":"CARAVANAS - Floripa Quilt","isPartOf":{"@id":"https:\/\/floripaquilt.com.br\/2024\/#website"},"datePublished":"2016-10-21T22:24:04+00:00","dateModified":"2024-03-21T00:16:13+00:00","breadcrumb":{"@id":"https:\/\/floripaquilt.com.br\/2024\/caravana\/#breadcrumb"},"inLanguage":"pt-BR","potentialAction":[{"@type":"ReadAction","target":["https:\/\/floripaquilt.com.br\/2024\/caravana\/"]}]},{"@type":"BreadcrumbList","@id":"https:\/\/floripaquilt.com.br\/2024\/caravana\/#breadcrumb","itemListElement":[{"@type":"ListItem","position":1,"name":"In\u00edcio","item":"https:\/\/floripaquilt.com.br\/2024\/"},{"@type":"ListItem","position":2,"name":"CARAVANAS"}]},{"@type":"WebSite","@id":"https:\/\/floripaquilt.com.br\/2024\/#website","url":"https:\/\/floripaquilt.com.br\/2024\/","name":"Floripa Quilt","description":"Floripa Quilt 2024 - 11\u00ba Festival de Patchwork e Arte T\u00eaxtil","publisher":{"@id":"https:\/\/floripaquilt.com.br\/2024\/#organization"},"potentialAction":[{"@type":"SearchAction","target":{"@type":"EntryPoint","urlTemplate":"https:\/\/floripaquilt.com.br\/2024\/?s={search_term_string}"},"query-input":{"@type":"PropertyValueSpecification","valueRequired":true,"valueName":"search_term_string"}}],"inLanguage":"pt-BR"},{"@type":"Organization","@id":"https:\/\/floripaquilt.com.br\/2024\/#organization","name":"Floripa Quilt","url":"https:\/\/floripaquilt.com.br\/2024\/","logo":{"@type":"ImageObject","inLanguage":"pt-BR","@id":"https:\/\/floripaquilt.com.br\/2024\/#\/schema\/logo\/image\/","url":"https:\/\/floripaquilt.com.br\/2024\/wp-content\/uploads\/2023\/09\/cropped-IMG-logo-topo-site.png","contentUrl":"https:\/\/floripaquilt.com.br\/2024\/wp-content\/uploads\/2023\/09\/cropped-IMG-logo-topo-site.png","width":945,"height":237,"caption":"Floripa Quilt"},"image":{"@id":"https:\/\/floripaquilt.com.br\/2024\/#\/schema\/logo\/image\/"}}]}},"jetpack_sharing_enabled":true,"_links":{"self":[{"href":"https:\/\/floripaquilt.com.br\/2024\/wp-json\/wp\/v2\/pages\/2","targetHints":{"allow":["GET"]}}],"collection":[{"href":"https:\/\/floripaquilt.com.br\/2024\/wp-json\/wp\/v2\/pages"}],"about":[{"href":"https:\/\/floripaquilt.com.br\/2024\/wp-json\/wp\/v2\/types\/page"}],"author":[{"embeddable":true,"href":"https:\/\/floripaquilt.com.br\/2024\/wp-json\/wp\/v2\/users\/1"}],"replies":[{"embeddable":true,"href":"https:\/\/floripaquilt.com.br\/2024\/wp-json\/wp\/v2\/comments?post=2"}],"version-history":[{"count":102,"href":"https:\/\/floripaquilt.com.br\/2024\/wp-json\/wp\/v2\/pages\/2\/revisions"}],"predecessor-version":[{"id":10023,"href":"https:\/\/floripaquilt.com.br\/2024\/wp-json\/wp\/v2\/pages\/2\/revisions\/10023"}],"wp:attachment":[{"href":"https:\/\/floripaquilt.com.br\/2024\/wp-json\/wp\/v2\/media?parent=2"}],"curies":[{"name":"wp","href":"https:\/\/api.w.org\/{rel}","templated":true}]}}